{"id":23,"date":"2024-04-16T05:58:34","date_gmt":"2024-04-16T05:58:34","guid":{"rendered":"https:\/\/crudo-leather.com\/?page_id=23"},"modified":"2026-01-20T18:50:52","modified_gmt":"2026-01-20T10:50:52","slug":"refund_returns","status":"publish","type":"page","link":"https:\/\/crudo-leather.com\/de\/refund_returns\/","title":{"rendered":"R\u00fcckgaberecht"},"content":{"rendered":"<p>Falls Sie aus irgendeinem Grund Ihre Meinung \u00e4ndern m\u00f6chten, k\u00f6nnen Sie innerhalb von 30 Tagen nach Erhalt der Ware Kontakt mit uns aufnehmen, um eine R\u00fccksendung zu vereinbaren. Bitte stellen Sie sicher, dass das zur\u00fcckgesendete Produkt und Zubeh\u00f6r in einwandfreiem Zustand, unbenutzt, ungewaschen, originalverpackt und f\u00fcr den Wiederverkauf geeignet sind. Die R\u00fccksendekosten werden von Ihnen getragen. Wenn Sie Hilfe ben\u00f6tigen, wenden Sie sich bitte an unseren Kundenservice unter Contact@crudo-leather.com.<\/p>\n<!-- \/wp:paragraph -->\n\n<!-- wp:paragraph -->\n<p>Wir legen gro\u00dfen Wert auf Qualit\u00e4tskontrolle, aber gelegentlich kann etwas durchrutschen. Wenn Sie ein Qualit\u00e4tsproblem mit dem Produkt feststellen, senden Sie es bitte innerhalb von 30 Tagen nach Erhalt zur\u00fcck. Wir werden umgehend eine vollst\u00e4ndige R\u00fcckerstattung (einschlie\u00dflich Versandkosten) veranlassen.<\/p>\n<!-- \/wp:paragraph -->\n\n<!-- wp:paragraph -->\n<p>Bitte beachten Sie, dass alle personalisierten Produkte speziell f\u00fcr Sie angefertigt werden. Produkte mit Gravur unterliegen nicht der 30-t\u00e4gigen Umtauschrichtlinie und k\u00f6nnen nicht zur\u00fcckgegeben\/umgetauscht werden.<\/p>\n<!-- \/wp:paragraph -->\n\n<!-- wp:paragraph -->\n<p><\/p>\n<!-- \/wp:paragraph -->","protected":false},"excerpt":{"rendered":"<p>Falls Sie aus irgendeinem Grund Ihre Meinung \u00e4ndern m\u00f6chten, k\u00f6nnen Sie innerhalb von 30 Tagen nach Erhalt der Ware Kontakt mit uns aufnehmen, um eine R\u00fccksendung zu vereinbaren. Bitte stellen Sie sicher, dass das zur\u00fcckgesendete Produkt und Zubeh\u00f6r in einwandfreiem Zustand, unbenutzt, ungewaschen, originalverpackt und f\u00fcr den Wiederverkauf geeignet sind. Die R\u00fccksendekosten werden von Ihnen [&hellip;]<\/p>\n","protected":false},"author":1,"featured_media":0,"parent":0,"menu_order":0,"comment_status":"closed","ping_status":"closed","template":"","meta":{"inline_featured_image":false,"footnotes":""},"class_list":["post-23","page","type-page","status-publish","hentry"],"yoast_head":"<!-- This site is optimized with the Yoast SEO plugin v23.4 - https:\/\/yoast.com\/wordpress\/plugins\/seo\/ -->\n<title>Crudo R\u00fcckgabe- und R\u00fcckgaberecht<\/title>\n<meta name=\"description\" content=\"Erfahren Sie mehr \u00fcber die Crudo-R\u00fcckerstattungs- und R\u00fcckgabebedingungen. Nicht personalisierte Artikel k\u00f6nnen innerhalb von 7 Tagen zur\u00fcckgegeben oder umgetauscht werden. Stellen Sie sicher, dass die Ware unbesch\u00e4digt ist, und legen Sie die Geschenkbox und das Geschenk bei. Sorgenfreies Einkaufen.\" \/>\n<meta name=\"robots\" content=\"index, follow, max-snippet:-1, max-image-preview:large, max-video-preview:-1\" \/>\n<link rel=\"canonical\" href=\"https:\/\/crudo-leather.com\/de\/refund_returns\/\" \/>\n<meta property=\"og:locale\" content=\"en_US\" \/>\n<meta property=\"og:type\" content=\"article\" \/>\n<meta property=\"og:title\" content=\"Crudo R\u00fcckgabe- und R\u00fcckgaberecht\" \/>\n<meta property=\"og:description\" content=\"Erfahren Sie mehr \u00fcber die Crudo-R\u00fcckerstattungs- und R\u00fcckgabebedingungen. Nicht personalisierte Artikel k\u00f6nnen innerhalb von 7 Tagen zur\u00fcckgegeben oder umgetauscht werden. Stellen Sie sicher, dass die Ware unbesch\u00e4digt ist, und legen Sie die Geschenkbox und das Geschenk bei. Sorgenfreies Einkaufen.\" \/>\n<meta property=\"og:url\" content=\"https:\/\/crudo-leather.com\/refund_returns\/\" \/>\n<meta property=\"og:site_name\" content=\"Crudo\" \/>\n<meta property=\"article:modified_time\" content=\"2026-01-20T10:50:52+00:00\" \/>\n<meta name=\"twitter:card\" content=\"summary_large_image\" \/>\n<meta name=\"twitter:label1\" content=\"Est. reading time\" \/>\n\t<meta name=\"twitter:data1\" content=\"1 minute\" \/>\n<script type=\"application\/ld+json\" class=\"yoast-schema-graph\">{\"@context\":\"https:\/\/schema.org\",\"@graph\":[{\"@type\":\"WebPage\",\"@id\":\"https:\/\/crudo-leather.com\/refund_returns\/\",\"url\":\"https:\/\/crudo-leather.com\/refund_returns\/\",\"name\":\"Crudo Leather Return & Refund Policy\",\"isPartOf\":{\"@id\":\"https:\/\/crudo-leather.com\/#website\"},\"datePublished\":\"2024-04-16T05:58:34+00:00\",\"dateModified\":\"2026-01-20T10:50:52+00:00\",\"description\":\"Understand Crudo Leather's clear return and refund policy. Easy steps for returns and exchanges for your peace of mind.\",\"inLanguage\":\"en-US\",\"potentialAction\":[{\"@type\":\"ReadAction\",\"target\":[\"https:\/\/crudo-leather.com\/refund_returns\/\"]}]},{\"@type\":\"WebSite\",\"@id\":\"https:\/\/crudo-leather.com\/#website\",\"url\":\"https:\/\/crudo-leather.com\/\",\"name\":\"Crudo\",\"description\":\"\",\"potentialAction\":[{\"@type\":\"SearchAction\",\"target\":{\"@type\":\"EntryPoint\",\"urlTemplate\":\"https:\/\/crudo-leather.com\/?s={search_term_string}\"},\"query-input\":{\"@type\":\"PropertyValueSpecification\",\"valueRequired\":true,\"valueName\":\"search_term_string\"}}],\"inLanguage\":\"en-US\"}]}<\/script>\n<!-- \/ Yoast SEO plugin. -->","yoast_head_json":{"title":"Crudo R\u00fcckgabe- und R\u00fcckgaberecht","description":"Erfahren Sie mehr \u00fcber die Crudo-R\u00fcckerstattungs- und R\u00fcckgabebedingungen. Nicht personalisierte Artikel k\u00f6nnen innerhalb von 7 Tagen zur\u00fcckgegeben oder umgetauscht werden. Stellen Sie sicher, dass die Ware unbesch\u00e4digt ist, und legen Sie die Geschenkbox und das Geschenk bei. Sorgenfreies Einkaufen.","robots":{"index":"index","follow":"follow","max-snippet":"max-snippet:-1","max-image-preview":"max-image-preview:large","max-video-preview":"max-video-preview:-1"},"canonical":"https:\/\/crudo-leather.com\/de\/refund_returns\/","og_locale":"en_US","og_type":"article","og_title":"Crudo R\u00fcckgabe- und R\u00fcckgaberecht","og_description":"Erfahren Sie mehr \u00fcber die Crudo-R\u00fcckerstattungs- und R\u00fcckgabebedingungen. Nicht personalisierte Artikel k\u00f6nnen innerhalb von 7 Tagen zur\u00fcckgegeben oder umgetauscht werden. Stellen Sie sicher, dass die Ware unbesch\u00e4digt ist, und legen Sie die Geschenkbox und das Geschenk bei. Sorgenfreies Einkaufen.","og_url":"https:\/\/crudo-leather.com\/refund_returns\/","og_site_name":"Crudo","article_modified_time":"2026-01-20T10:50:52+00:00","twitter_card":"summary_large_image","twitter_misc":{"Est. reading time":"1 minute"},"schema":{"@context":"https:\/\/schema.org","@graph":[{"@type":"WebPage","@id":"https:\/\/crudo-leather.com\/refund_returns\/","url":"https:\/\/crudo-leather.com\/refund_returns\/","name":"Crudo Leather Return & Refund Policy","isPartOf":{"@id":"https:\/\/crudo-leather.com\/#website"},"datePublished":"2024-04-16T05:58:34+00:00","dateModified":"2026-01-20T10:50:52+00:00","description":"Understand Crudo Leather's clear return and refund policy. Easy steps for returns and exchanges for your peace of mind.","inLanguage":"en-US","potentialAction":[{"@type":"ReadAction","target":["https:\/\/crudo-leather.com\/refund_returns\/"]}]},{"@type":"WebSite","@id":"https:\/\/crudo-leather.com\/#website","url":"https:\/\/crudo-leather.com\/","name":"Crudo","description":"","potentialAction":[{"@type":"SearchAction","target":{"@type":"EntryPoint","urlTemplate":"https:\/\/crudo-leather.com\/?s={search_term_string}"},"query-input":{"@type":"PropertyValueSpecification","valueRequired":true,"valueName":"search_term_string"}}],"inLanguage":"en-US"}]}},"_links":{"self":[{"href":"https:\/\/crudo-leather.com\/de\/wp-json\/wp\/v2\/pages\/23"}],"collection":[{"href":"https:\/\/crudo-leather.com\/de\/wp-json\/wp\/v2\/pages"}],"about":[{"href":"https:\/\/crudo-leather.com\/de\/wp-json\/wp\/v2\/types\/page"}],"author":[{"embeddable":true,"href":"https:\/\/crudo-leather.com\/de\/wp-json\/wp\/v2\/users\/1"}],"replies":[{"embeddable":true,"href":"https:\/\/crudo-leather.com\/de\/wp-json\/wp\/v2\/comments?post=23"}],"version-history":[{"count":6,"href":"https:\/\/crudo-leather.com\/de\/wp-json\/wp\/v2\/pages\/23\/revisions"}],"predecessor-version":[{"id":386638,"href":"https:\/\/crudo-leather.com\/de\/wp-json\/wp\/v2\/pages\/23\/revisions\/386638"}],"wp:attachment":[{"href":"https:\/\/crudo-leather.com\/de\/wp-json\/wp\/v2\/media?parent=23"}],"curies":[{"name":"wp","href":"https:\/\/api.w.org\/{rel}","templated":true}]}}