{"id":3,"date":"2024-04-16T03:05:09","date_gmt":"2024-04-16T03:05:09","guid":{"rendered":"https:\/\/crudo-leather.com\/?page_id=3"},"modified":"2024-04-16T05:58:28","modified_gmt":"2024-04-16T05:58:28","slug":"privacy-policy","status":"publish","type":"page","link":"https:\/\/crudo-leather.com\/de\/privacy-policy\/","title":{"rendered":"Datenschutzrichtlinie"},"content":{"rendered":"<h2>Wer wir sind<\/h2><!-- \/wp:heading --><!-- wp:paragraph --><p><strong class=\"privacy-policy-tutorial\">Vorgeschlagener Text:<\/strong>Unsere Website-Adresse lautet: https:\/\/crudo-leather.com.<\/p><!-- \/wp:paragraph --><!-- wp:heading --><h2>Kommentare<\/h2><!-- \/wp:heading --><!-- wp:paragraph --><p><strong class=\"privacy-policy-tutorial\">Vorgeschlagener Text:<\/strong>Wenn Besucher Kommentare auf der Website hinterlassen, sammeln wir die im Kommentarformular angezeigten Daten sowie die IP-Adresse des Besuchers und den User-Agent-String des Browsers, um bei der Spam-Erkennung zu helfen.<\/p><!-- \/wp:paragraph --><!-- wp:paragraph --><p>Eine anonymisierte Zeichenfolge (auch Hash genannt), die aus Ihrer E-Mail-Adresse erstellt wird, kann an den Gravatar-Dienst \u00fcbergeben werden, um zu pr\u00fcfen, ob Sie diesen verwenden. Die Datenschutzrichtlinie des Gravatar-Dienstes finden Sie hier: https:\/\/automattic.com\/privacy\/. Nach der Freigabe Ihres Kommentars ist Ihr Profilbild im Kontext Ihres Kommentars f\u00fcr die \u00d6ffentlichkeit sichtbar.<\/p><!-- \/wp:paragraph --><!-- wp:heading --><h2>Medien<\/h2><!-- \/wp:heading --><!-- wp:paragraph --><p><strong class=\"privacy-policy-tutorial\">Vorgeschlagener Text:<\/strong>Wenn Sie Bilder auf die Website hochladen, sollten Sie vermeiden, Bilder mit eingebetteten Standortdaten (EXIF GPS) hochzuladen. Besucher der Website k\u00f6nnen Standortdaten von Bildern auf der Website herunterladen und extrahieren.<\/p><!-- \/wp:paragraph --><!-- wp:heading --><h2>Cookies<\/h2><!-- \/wp:heading --><!-- wp:paragraph --><p><strong class=\"privacy-policy-tutorial\">Vorgeschlagener Text:<\/strong>Wenn Sie einen Kommentar auf unserer Website hinterlassen, k\u00f6nnen Sie w\u00e4hlen, ob Sie Ihren Namen, Ihre E-Mail-Adresse und Website in Cookies speichern m\u00f6chten. Dies dient Ihrer Bequemlichkeit, damit Sie diese Daten nicht erneut eingeben m\u00fcssen, wenn Sie einen weiteren Kommentar verfassen. Diese Cookies sind ein Jahr lang g\u00fcltig.<\/p><!-- \/wp:paragraph --><!-- wp:paragraph --><p>Wenn Sie unsere Anmeldeseite besuchen, setzen wir einen tempor\u00e4ren Cookie, um festzustellen, ob Ihr Browser Cookies akzeptiert. Dieser Cookie enth\u00e4lt keine personenbezogenen Daten und wird verworfen, wenn Sie Ihren Browser schlie\u00dfen.<\/p><!-- \/wp:paragraph --><!-- wp:paragraph --><p>Wenn Sie sich anmelden, setzen wir auch mehrere Cookies, um Ihre Anmeldeinformationen und Anzeigeoptionen zu speichern. Anmelde-Cookies sind zwei Tage lang g\u00fcltig, und Cookies f\u00fcr Anzeigeoptionen ein Jahr. Wenn Sie \"Angemeldet bleiben\" ausw\u00e4hlen, bleiben Ihre Anmeldeinformationen zwei Wochen erhalten. Wenn Sie sich von Ihrem Konto abmelden, werden die Anmelde-Cookies gel\u00f6scht.<\/p><!-- \/wp:paragraph --><!-- wp:paragraph --><p>Wenn Sie einen Artikel bearbeiten oder ver\u00f6ffentlichen, wird ein zus\u00e4tzlicher Cookie in Ihrem Browser gespeichert. Dieser Cookie enth\u00e4lt keine personenbezogenen Daten und zeigt lediglich die Beitrags-ID des von Ihnen bearbeiteten Artikels an. Er l\u00e4uft nach 1 Tag ab.<\/p><!-- \/wp:paragraph --><!-- wp:heading --><h2>Eingebettete Inhalte von anderen Websites<\/h2><!-- \/wp:heading --><!-- wp:paragraph --><p><strong class=\"privacy-policy-tutorial\">Vorgeschlagener Text:<\/strong>Beitr\u00e4ge auf dieser Website k\u00f6nnen eingebettete Inhalte (z. B. Videos, Bilder, Artikel usw.) enthalten. Eingebettete Inhalte von anderen Websites verhalten sich genauso, als ob der Besucher die andere Website besucht h\u00e4tte.<\/p><!-- \/wp:paragraph --><!-- wp:paragraph --><p>Diese Websites k\u00f6nnen Daten \u00fcber Sie sammeln, Cookies verwenden, zus\u00e4tzliche Tracking-Dienste von Drittanbietern einbetten und Ihre Interaktion mit eingebetteten Inhalten \u00fcberwachen, einschlie\u00dflich der Nachverfolgung Ihrer Interaktion mit den eingebetteten Inhalten, wenn Sie ein Konto auf dieser Website haben und angemeldet sind.<\/p><!-- \/wp:paragraph --><!-- wp:heading --><h2>Mit wem wir Ihre Daten teilen<\/h2><!-- \/wp:heading --><!-- wp:paragraph --><p><strong class=\"privacy-policy-tutorial\">Vorgeschlagener Text:<\/strong>Wenn Sie ein Passwort-Reset anfordern, wird Ihre IP-Adresse in der Reset-E-Mail enthalten sein.<\/p><!-- \/wp:paragraph --><!-- wp:heading --><h2>Wie lange wir Ihre Daten speichern<\/h2><!-- \/wp:heading --><!-- wp:paragraph --><p><strong class=\"privacy-policy-tutorial\">Vorgeschlagener Text:<\/strong>Wenn Sie einen Kommentar hinterlassen, werden der Kommentar und seine Metadaten auf unbestimmte Zeit gespeichert. Auf diese Weise k\u00f6nnen wir Folgekommentare automatisch erkennen und freigeben, anstatt sie in einer Moderationswarteschlange zu halten.<\/p><!-- \/wp:paragraph --><!-- wp:paragraph --><p>F\u00fcr Benutzer, die sich auf unserer Website registrieren (falls vorhanden), speichern wir auch die von ihnen bereitgestellten pers\u00f6nlichen Informationen in ihrem Benutzerprofil. Alle Benutzer k\u00f6nnen ihre pers\u00f6nlichen Informationen jederzeit einsehen, bearbeiten oder l\u00f6schen (au\u00dfer sie k\u00f6nnen ihren Benutzernamen nicht \u00e4ndern). Website-Administratoren k\u00f6nnen diese Informationen ebenfalls einsehen und bearbeiten.<\/p><!-- \/wp:paragraph --><!-- wp:heading --><h2>Welche Rechte Sie an Ihren Daten haben<\/h2><!-- \/wp:heading --><!-- wp:paragraph --><p><strong class=\"privacy-policy-tutorial\">Vorgeschlagener Text:<\/strong>Wenn Sie ein Konto auf dieser Website haben oder Kommentare hinterlassen haben, k\u00f6nnen Sie einen Export Ihrer bei uns gespeicherten personenbezogenen Daten anfordern, einschlie\u00dflich aller Daten, die Sie uns bereitgestellt haben. Sie k\u00f6nnen auch die L\u00f6schung aller personenbezogenen Daten, die wir \u00fcber Sie gespeichert haben, verlangen. Dies umfasst nicht Daten, die wir aus administrativen, rechtlichen oder Sicherheitsgr\u00fcnden aufbewahren m\u00fcssen.<\/p><!-- \/wp:paragraph --><!-- wp:heading --><h2>Wohin Ihre Daten gesendet werden<\/h2><!-- \/wp:heading --><!-- wp:paragraph --><p><strong class=\"privacy-policy-tutorial\">Vorgeschlagener Text:<\/strong>Besucherkommentare k\u00f6nnen durch einen automatisierten Spam-Erkennungsdienst \u00fcberpr\u00fcft werden.<\/p><!-- \/wp:paragraph -->","protected":false},"excerpt":{"rendered":"<p>Wer wir sindVorgeschlagener Text:Unsere Website-Adresse lautet: https:\/\/crudo-leather.com.KommentareVorgeschlagener Text:Wenn Besucher Kommentare auf der Website hinterlassen, sammeln wir die im Kommentarformular angezeigten Daten sowie die IP-Adresse des Besuchers und den User-Agent-String des Browsers, um bei der Spam-Erkennung zu helfen.Eine anonymisierte Zeichenfolge (auch Hash genannt), die aus Ihrer E-Mail-Adresse erstellt wird, kann an den Gravatar-Dienst \u00fcbergeben werden, um [&hellip;]<\/p>\n","protected":false},"author":1,"featured_media":0,"parent":0,"menu_order":0,"comment_status":"closed","ping_status":"closed","template":"","meta":{"inline_featured_image":false,"footnotes":""},"class_list":["post-3","page","type-page","status-publish","hentry"],"yoast_head":"<!-- This site is optimized with the Yoast SEO plugin v23.4 - https:\/\/yoast.com\/wordpress\/plugins\/seo\/ -->\n<title>Crudo Datenschutzrichtlinie | Datenschutz<\/title>\n<meta name=\"description\" content=\"Erfahren Sie, wie Crudo Ihre pers\u00f6nlichen Daten sch\u00fctzt. Unsere Datenschutzrichtlinie beschreibt die Datenerfassung, -nutzung und Schutzma\u00dfnahmen. Surfen Sie beruhigt und kaufen Sie sorglos.\" \/>\n<meta name=\"robots\" content=\"index, follow, max-snippet:-1, max-image-preview:large, max-video-preview:-1\" \/>\n<link rel=\"canonical\" href=\"https:\/\/crudo-leather.com\/de\/privacy-policy\/\" \/>\n<meta property=\"og:locale\" content=\"en_US\" \/>\n<meta property=\"og:type\" content=\"article\" \/>\n<meta property=\"og:title\" content=\"Crudo Datenschutzrichtlinie | Datenschutz\" \/>\n<meta property=\"og:description\" content=\"Erfahren Sie, wie Crudo Ihre pers\u00f6nlichen Daten sch\u00fctzt. Unsere Datenschutzrichtlinie beschreibt die Datenerfassung, -nutzung und Schutzma\u00dfnahmen. Surfen Sie beruhigt und kaufen Sie sorglos.\" \/>\n<meta property=\"og:url\" content=\"https:\/\/crudo-leather.com\/privacy-policy\/\" \/>\n<meta property=\"og:site_name\" content=\"Crudo\" \/>\n<meta property=\"article:modified_time\" content=\"2024-04-16T05:58:28+00:00\" \/>\n<meta name=\"twitter:card\" content=\"summary_large_image\" \/>\n<meta name=\"twitter:label1\" content=\"Est. reading time\" \/>\n\t<meta name=\"twitter:data1\" content=\"3 minutes\" \/>\n<script type=\"application\/ld+json\" class=\"yoast-schema-graph\">{\"@context\":\"https:\/\/schema.org\",\"@graph\":[{\"@type\":\"WebPage\",\"@id\":\"https:\/\/crudo-leather.com\/privacy-policy\/\",\"url\":\"https:\/\/crudo-leather.com\/privacy-policy\/\",\"name\":\"Crudo Leather Privacy Policy: Data Protection\",\"isPartOf\":{\"@id\":\"https:\/\/crudo-leather.com\/#website\"},\"datePublished\":\"2024-04-16T03:05:09+00:00\",\"dateModified\":\"2024-04-16T05:58:28+00:00\",\"description\":\"Read Crudo Leather's comprehensive Privacy Policy. Understand how we collect, use, and protect your personal data and information.\",\"inLanguage\":\"en-US\",\"potentialAction\":[{\"@type\":\"ReadAction\",\"target\":[\"https:\/\/crudo-leather.com\/privacy-policy\/\"]}]},{\"@type\":\"WebSite\",\"@id\":\"https:\/\/crudo-leather.com\/#website\",\"url\":\"https:\/\/crudo-leather.com\/\",\"name\":\"Crudo\",\"description\":\"\",\"potentialAction\":[{\"@type\":\"SearchAction\",\"target\":{\"@type\":\"EntryPoint\",\"urlTemplate\":\"https:\/\/crudo-leather.com\/?s={search_term_string}\"},\"query-input\":{\"@type\":\"PropertyValueSpecification\",\"valueRequired\":true,\"valueName\":\"search_term_string\"}}],\"inLanguage\":\"en-US\"}]}<\/script>\n<!-- \/ Yoast SEO plugin. -->","yoast_head_json":{"title":"Crudo Datenschutzrichtlinie | Datenschutz","description":"Erfahren Sie, wie Crudo Ihre pers\u00f6nlichen Daten sch\u00fctzt. Unsere Datenschutzrichtlinie beschreibt die Datenerfassung, -nutzung und Schutzma\u00dfnahmen. Surfen Sie beruhigt und kaufen Sie sorglos.","robots":{"index":"index","follow":"follow","max-snippet":"max-snippet:-1","max-image-preview":"max-image-preview:large","max-video-preview":"max-video-preview:-1"},"canonical":"https:\/\/crudo-leather.com\/de\/privacy-policy\/","og_locale":"en_US","og_type":"article","og_title":"Crudo Datenschutzrichtlinie | Datenschutz","og_description":"Erfahren Sie, wie Crudo Ihre pers\u00f6nlichen Daten sch\u00fctzt. Unsere Datenschutzrichtlinie beschreibt die Datenerfassung, -nutzung und Schutzma\u00dfnahmen. Surfen Sie beruhigt und kaufen Sie sorglos.","og_url":"https:\/\/crudo-leather.com\/privacy-policy\/","og_site_name":"Crudo","article_modified_time":"2024-04-16T05:58:28+00:00","twitter_card":"summary_large_image","twitter_misc":{"Est. reading time":"3 minutes"},"schema":{"@context":"https:\/\/schema.org","@graph":[{"@type":"WebPage","@id":"https:\/\/crudo-leather.com\/privacy-policy\/","url":"https:\/\/crudo-leather.com\/privacy-policy\/","name":"Crudo Leather Privacy Policy: Data Protection","isPartOf":{"@id":"https:\/\/crudo-leather.com\/#website"},"datePublished":"2024-04-16T03:05:09+00:00","dateModified":"2024-04-16T05:58:28+00:00","description":"Read Crudo Leather's comprehensive Privacy Policy. Understand how we collect, use, and protect your personal data and information.","inLanguage":"en-US","potentialAction":[{"@type":"ReadAction","target":["https:\/\/crudo-leather.com\/privacy-policy\/"]}]},{"@type":"WebSite","@id":"https:\/\/crudo-leather.com\/#website","url":"https:\/\/crudo-leather.com\/","name":"Crudo","description":"","potentialAction":[{"@type":"SearchAction","target":{"@type":"EntryPoint","urlTemplate":"https:\/\/crudo-leather.com\/?s={search_term_string}"},"query-input":{"@type":"PropertyValueSpecification","valueRequired":true,"valueName":"search_term_string"}}],"inLanguage":"en-US"}]}},"_links":{"self":[{"href":"https:\/\/crudo-leather.com\/de\/wp-json\/wp\/v2\/pages\/3"}],"collection":[{"href":"https:\/\/crudo-leather.com\/de\/wp-json\/wp\/v2\/pages"}],"about":[{"href":"https:\/\/crudo-leather.com\/de\/wp-json\/wp\/v2\/types\/page"}],"author":[{"embeddable":true,"href":"https:\/\/crudo-leather.com\/de\/wp-json\/wp\/v2\/users\/1"}],"replies":[{"embeddable":true,"href":"https:\/\/crudo-leather.com\/de\/wp-json\/wp\/v2\/comments?post=3"}],"version-history":[{"count":1,"href":"https:\/\/crudo-leather.com\/de\/wp-json\/wp\/v2\/pages\/3\/revisions"}],"predecessor-version":[{"id":49,"href":"https:\/\/crudo-leather.com\/de\/wp-json\/wp\/v2\/pages\/3\/revisions\/49"}],"wp:attachment":[{"href":"https:\/\/crudo-leather.com\/de\/wp-json\/wp\/v2\/media?parent=3"}],"curies":[{"name":"wp","href":"https:\/\/api.w.org\/{rel}","templated":true}]}}