{"id":454,"date":"2024-06-12T18:28:38","date_gmt":"2024-06-12T10:28:38","guid":{"rendered":"https:\/\/crudo-leather.com\/?page_id=454"},"modified":"2024-12-23T12:07:04","modified_gmt":"2024-12-23T04:07:04","slug":"taiwan-order-ez-way","status":"publish","type":"page","link":"https:\/\/crudo-leather.com\/de\/taiwan-order-ez-way\/","title":{"rendered":"Taiwan-Bestellung: EZ WAY Registrierungsangelegenheiten"},"content":{"rendered":"<p>Gem\u00e4\u00df der Ank\u00fcndigung des Zollamts des Finanzministeriums Taiwans m\u00fcssen Empf\u00e4nger ab dem 16. Januar 2019 vor dem Eintreffen von Auslandspaketen in Taiwan eine Identit\u00e4tsverifizierung abschlie\u00dfen, um die Zustellung zu erm\u00f6glichen.<\/p>\n<!-- \/wp:paragraph -->\n\n<!-- wp:paragraph -->\n<p>Wir empfehlen Kunden, zun\u00e4chst die spezielle Identit\u00e4tsverifizierungs-App \u201eEZ WAY\u201c auf ihrem Smartphone herunterzuladen und die Registrierung ihrer pers\u00f6nlichen Daten abzuschlie\u00dfen. Stellen Sie bitte sicher, dass bei der Bestellung der vollst\u00e4ndige chinesische Name angegeben wird, um den Zoll bei den anschlie\u00dfenden Identit\u00e4tsverifizierungsschritten zu unterst\u00fctzen. Bitte beachten Sie: Nach einer Bestellung durch einen taiwanesischen Kunden kann der Kurierdienst gem\u00e4\u00df den taiwanesischen Zollvorschriften bei privaten Empf\u00e4ngern die Angabe der \u201eEmpf\u00e4nger-Steuernummer\u201c (d.h. Personalausweisnummer) verlangen, um den Zollabfertigungs- und Zustellprozess reibungslos abwickeln zu k\u00f6nnen.<\/p>\n<!-- \/wp:paragraph -->\n\n<!-- wp:paragraph -->\n<p>Weitere Informationen finden Sie unter folgendem Link des Zollamts des Finanzministeriums Taiwans:<\/p>\n<!-- \/wp:paragraph -->\n\n<!-- wp:paragraph -->\n<p><a href=\"https:\/\/web.customs.gov.tw\/cp.aspx?n=88C3016BD909355C\">https:\/\/web.customs.gov.tw\/singlehtml\/3150?cntId=cus1_3150_3150_1471<\/a><\/p>\n<!-- \/wp:paragraph -->\n\n<!-- wp:separator -->\n<hr class=\"wp-block-separator has-alpha-channel-opacity\">\n<!-- \/wp:separator -->\n\n<!-- wp:code {\"style\":{\"typography\":{\"fontSize\":\"16px\"}}} -->\n<pre class=\"wp-block-code\" style=\"font-size:16px\"><code>\nWichtige Hinweise f\u00fcr Crudo-Bestellungen nach Taiwan<\/code><\/pre>\n<!-- \/wp:code -->\n\n<!-- wp:paragraph -->\n<p><\/p>\n<!-- \/wp:paragraph -->\n\n<!-- wp:paragraph -->\n<p>F\u00fcr alle Bestellungen, die nach Taiwan versendet werden, senden wir eine E-Mail-Erinnerung zur Registrierung bei \u201eEZ WAY\u201c, sobald die Bestellung versandbereit ist.<\/p>\n<!-- \/wp:paragraph -->\n\n<!-- wp:paragraph -->\n<p>Bitte beachten Sie: Wenn der Kurierdienst die erforderlichen Daten des Kunden nicht erfolgreich \u00fcber EZ WAY abrufen kann, wird die Sendung zur\u00fcckgeschickt. Crudo \u00fcbernimmt keine Verantwortung f\u00fcr Verlust oder Verz\u00f6gerungen w\u00e4hrend des R\u00fccksendevorgangs.<\/p>\n<!-- \/wp:paragraph -->\n\n<!-- wp:paragraph -->\n<p>Falls die Bestellung zur\u00fcck zum Lager geschickt und erneut versendet werden muss, tr\u00e4gt der Kunde die anfallenden Versandkosten. Wir bitten um Verst\u00e4ndnis f\u00fcr etwaige Unannehmlichkeiten.<\/p>\n<!-- \/wp:paragraph -->","protected":false},"excerpt":{"rendered":"<p>Gem\u00e4\u00df der Ank\u00fcndigung des Zollamts des Finanzministeriums Taiwans m\u00fcssen Empf\u00e4nger ab dem 16. Januar 2019 vor dem Eintreffen von Auslandspaketen in Taiwan eine Identit\u00e4tsverifizierung abschlie\u00dfen, um die Zustellung zu erm\u00f6glichen. Wir empfehlen Kunden, zun\u00e4chst die spezielle Identit\u00e4tsverifizierungs-App \u201eEZ WAY\u201c auf ihrem Smartphone herunterzuladen und die Registrierung ihrer pers\u00f6nlichen Daten abzuschlie\u00dfen. Stellen Sie bitte sicher, dass [&hellip;]<\/p>\n","protected":false},"author":1,"featured_media":0,"parent":0,"menu_order":0,"comment_status":"closed","ping_status":"closed","template":"","meta":{"inline_featured_image":false,"footnotes":""},"class_list":["post-454","page","type-page","status-publish","hentry"],"yoast_head":"<!-- This site is optimized with the Yoast SEO plugin v23.4 - https:\/\/yoast.com\/wordpress\/plugins\/seo\/ -->\n<title>Taiwan-Bestellung: EZ WAY-Registrierungsangelegenheiten - Crudo<\/title>\n<meta name=\"description\" content=\"Erfahren Sie, wie Sie mit Crudos Leitfaden zur Realnamen-Authentifizierung und der EZ WAY App erfolgreich Auslandspakete in Taiwan empfangen k\u00f6nnen.\" \/>\n<meta name=\"robots\" content=\"noindex, nofollow\" \/>\n<meta property=\"og:locale\" content=\"en_US\" \/>\n<meta property=\"og:type\" content=\"article\" \/>\n<meta property=\"og:title\" content=\"Taiwan-Bestellung: EZ WAY-Registrierungsangelegenheiten - Crudo\" \/>\n<meta property=\"og:description\" content=\"Erfahren Sie, wie Sie mit Crudos Leitfaden zur Realnamen-Authentifizierung und der EZ WAY App erfolgreich Auslandspakete in Taiwan empfangen k\u00f6nnen.\" \/>\n<meta property=\"og:url\" content=\"https:\/\/crudo-leather.com\/taiwan-order-ez-way\/\" \/>\n<meta property=\"og:site_name\" content=\"Crudo\" \/>\n<meta property=\"article:modified_time\" content=\"2024-12-23T04:07:04+00:00\" \/>\n<meta name=\"twitter:card\" content=\"summary_large_image\" \/>\n<meta name=\"twitter:label1\" content=\"Est. reading time\" \/>\n\t<meta name=\"twitter:data1\" content=\"1 minute\" \/>\n<script type=\"application\/ld+json\" class=\"yoast-schema-graph\">{\"@context\":\"https:\/\/schema.org\",\"@graph\":[{\"@type\":\"WebPage\",\"@id\":\"https:\/\/crudo-leather.com\/taiwan-order-ez-way\/\",\"url\":\"https:\/\/crudo-leather.com\/taiwan-order-ez-way\/\",\"name\":\"Taiwan Order Instructions | Crudo\",\"isPartOf\":{\"@id\":\"https:\/\/crudo-leather.com\/#website\"},\"datePublished\":\"2024-06-12T10:28:38+00:00\",\"dateModified\":\"2024-12-23T04:07:04+00:00\",\"description\":\"Learn how to successfully receive overseas parcels in Taiwan with Crudo's guide on real-name authentication and the EZ WAY app.\",\"inLanguage\":\"en-US\",\"potentialAction\":[{\"@type\":\"ReadAction\",\"target\":[\"https:\/\/crudo-leather.com\/taiwan-order-ez-way\/\"]}]},{\"@type\":\"WebSite\",\"@id\":\"https:\/\/crudo-leather.com\/#website\",\"url\":\"https:\/\/crudo-leather.com\/\",\"name\":\"Crudo\",\"description\":\"\",\"potentialAction\":[{\"@type\":\"SearchAction\",\"target\":{\"@type\":\"EntryPoint\",\"urlTemplate\":\"https:\/\/crudo-leather.com\/?s={search_term_string}\"},\"query-input\":{\"@type\":\"PropertyValueSpecification\",\"valueRequired\":true,\"valueName\":\"search_term_string\"}}],\"inLanguage\":\"en-US\"}]}<\/script>\n<!-- \/ Yoast SEO plugin. -->","yoast_head_json":{"title":"Taiwan-Bestellung: EZ WAY-Registrierungsangelegenheiten - Crudo","description":"Erfahren Sie, wie Sie mit Crudos Leitfaden zur Realnamen-Authentifizierung und der EZ WAY App erfolgreich Auslandspakete in Taiwan empfangen k\u00f6nnen.","robots":{"index":"noindex","follow":"nofollow"},"og_locale":"en_US","og_type":"article","og_title":"Taiwan-Bestellung: EZ WAY-Registrierungsangelegenheiten - Crudo","og_description":"Erfahren Sie, wie Sie mit Crudos Leitfaden zur Realnamen-Authentifizierung und der EZ WAY App erfolgreich Auslandspakete in Taiwan empfangen k\u00f6nnen.","og_url":"https:\/\/crudo-leather.com\/taiwan-order-ez-way\/","og_site_name":"Crudo","article_modified_time":"2024-12-23T04:07:04+00:00","twitter_card":"summary_large_image","twitter_misc":{"Est. reading time":"1 minute"},"schema":{"@context":"https:\/\/schema.org","@graph":[{"@type":"WebPage","@id":"https:\/\/crudo-leather.com\/taiwan-order-ez-way\/","url":"https:\/\/crudo-leather.com\/taiwan-order-ez-way\/","name":"Taiwan Order Instructions | Crudo","isPartOf":{"@id":"https:\/\/crudo-leather.com\/#website"},"datePublished":"2024-06-12T10:28:38+00:00","dateModified":"2024-12-23T04:07:04+00:00","description":"Learn how to successfully receive overseas parcels in Taiwan with Crudo's guide on real-name authentication and the EZ WAY app.","inLanguage":"en-US","potentialAction":[{"@type":"ReadAction","target":["https:\/\/crudo-leather.com\/taiwan-order-ez-way\/"]}]},{"@type":"WebSite","@id":"https:\/\/crudo-leather.com\/#website","url":"https:\/\/crudo-leather.com\/","name":"Crudo","description":"","potentialAction":[{"@type":"SearchAction","target":{"@type":"EntryPoint","urlTemplate":"https:\/\/crudo-leather.com\/?s={search_term_string}"},"query-input":{"@type":"PropertyValueSpecification","valueRequired":true,"valueName":"search_term_string"}}],"inLanguage":"en-US"}]}},"_links":{"self":[{"href":"https:\/\/crudo-leather.com\/de\/wp-json\/wp\/v2\/pages\/454"}],"collection":[{"href":"https:\/\/crudo-leather.com\/de\/wp-json\/wp\/v2\/pages"}],"about":[{"href":"https:\/\/crudo-leather.com\/de\/wp-json\/wp\/v2\/types\/page"}],"author":[{"embeddable":true,"href":"https:\/\/crudo-leather.com\/de\/wp-json\/wp\/v2\/users\/1"}],"replies":[{"embeddable":true,"href":"https:\/\/crudo-leather.com\/de\/wp-json\/wp\/v2\/comments?post=454"}],"version-history":[{"count":8,"href":"https:\/\/crudo-leather.com\/de\/wp-json\/wp\/v2\/pages\/454\/revisions"}],"predecessor-version":[{"id":296131,"href":"https:\/\/crudo-leather.com\/de\/wp-json\/wp\/v2\/pages\/454\/revisions\/296131"}],"wp:attachment":[{"href":"https:\/\/crudo-leather.com\/de\/wp-json\/wp\/v2\/media?parent=454"}],"curies":[{"name":"wp","href":"https:\/\/api.w.org\/{rel}","templated":true}]}}