{"id":51,"date":"2024-04-16T06:07:36","date_gmt":"2024-04-16T06:07:36","guid":{"rendered":"https:\/\/crudo-leather.com\/?page_id=51"},"modified":"2024-11-13T17:34:26","modified_gmt":"2024-11-13T09:34:26","slug":"shipping-warranty","status":"publish","type":"page","link":"https:\/\/crudo-leather.com\/de\/shipping-warranty\/","title":{"rendered":"Lieferung und Wartung"},"content":{"rendered":"<p>01.  Wie lange dauert es, bis ich meine Bestellung erhalte?<\/p>\n<!-- \/wp:paragraph -->\n\n<!-- wp:paragraph -->\n<p>Wie das Sprichwort sagt: \"Gut Ding will Weile haben\". Nach Best\u00e4tigung Ihrer Bestellung wird Ihre Ware in etwa 1 bis 4 Werktagen versendet. Wenn Sie es sehr eilig haben und die Ware fr\u00fcher ben\u00f6tigen, k\u00f6nnen Sie auf der Checkout-Seite die Bestellkategorie ausw\u00e4hlen und die entsprechenden Geb\u00fchren einsehen. Die Lieferzeiten variieren je nach Land. Hier sind die voraussichtlichen Lieferzeiten*:<br><br>Hongkong 1 bis 3 Werktage<br>Taiwan 2 bis 4 Werktage<br>Singapur 4 bis 10 Werktage<br>Malaysia 4 bis 10 Werktage<br>Australien 4 bis 10 Werktage<br>Andere L\u00e4nder 5 bis 10 Werktage<br><br>*Diese voraussichtlichen Lieferzeiten schlie\u00dfen Zollverz\u00f6gerungen nicht ein, und der Lieferort darf sich nicht in einer abgelegenen Region befinden. Bei Lieferungen in abgelegene Regionen beachten Sie bitte, dass dies mehr Zeit in Anspruch nehmen kann.<\/p>\n<!-- \/wp:paragraph -->\n\n<!-- wp:paragraph -->\n<p>02.  Gibt es eine Garantie f\u00fcr Lederwaren\/Metallprodukte? Was kann ich tun, wenn ich einen Mangel am Produkt feststelle?<\/p>\n<!-- \/wp:paragraph -->\n\n<!-- wp:list -->\n<ul class=\"wp-block-list\"><!-- wp:list-item -->\n<li>Garantiedauer: 12 Monate ab Kaufdatum. Die Garantie deckt Herstellungsfehler des Produkts ab, wie z.B. Kratzer auf der Leder-\/Metalloberfl\u00e4che, Verarbeitungs- oder Nahtfehler. Andere Teile als die oben genannten sind nicht von der Garantie abgedeckt. Die Garantie umfasst auch keine Sch\u00e4den durch Unf\u00e4lle. Bitte beachten Sie, dass das Produkt aus nat\u00fcrlichem Leder hergestellt ist. Poren, Textur und leichte Narben auf der Lederoberfl\u00e4che sind nat\u00fcrliche Ph\u00e4nomene.<\/li>\n<!-- \/wp:list-item --><\/ul>\n<!-- \/wp:list -->\n\n<!-- wp:list -->\n<ul class=\"wp-block-list\"><!-- wp:list-item -->\n<li>F\u00fcr einen Austausch im Rahmen dieser Garantie kontaktieren Sie bitte unseren Kundensupport unter contact@crudo-leather.com. Geben Sie in der E-Mail Ihren Namen, Ihre Adresse, die Bestellnummer und eine detaillierte Beschreibung des Problems an.<br><\/li>\n<!-- \/wp:list-item -->\n\n<!-- wp:list-item -->\n<li>\u2060Bitte beachten Sie, dass auch innerhalb der Garantiezeit Geb\u00fchren f\u00fcr Reparaturen\/Austausch in folgenden F\u00e4llen erhoben werden:<br>- Fehlfunktion oder Besch\u00e4digung durch unsachgem\u00e4\u00dfe Verwendung oder Nachl\u00e4ssigkeit;<br>- Fehlfunktion oder Besch\u00e4digung aufgrund unangemessener Reparatur oder Modifikation;<br>- Fehlfunktion oder Besch\u00e4digung durch Naturkatastrophen;<br>- \u00c4u\u00dfere Erscheinung, die w\u00e4hrend normaler Abnutzung und Alterung auftritt.<br><\/li>\n<!-- \/wp:list-item -->\n\n<!-- wp:list-item -->\n<li>Wenn das Originalprodukt nicht mehr verwendet werden kann, kann es durch ein neues Produkt ersetzt werden.<\/li>\n<!-- \/wp:list-item --><\/ul>\n<!-- \/wp:list -->\n\n<!-- wp:paragraph -->\n<p>03.  Ich habe gerade eine Lederware gekauft, m\u00f6chte sie aber jetzt nicht mehr. Kann ich sie zur\u00fcckgeben?<\/p>\n<!-- \/wp:paragraph -->\n\n<!-- wp:paragraph -->\n<p>Wenn Sie Ihre Bestellung stornieren oder \u00e4ndern m\u00f6chten, bevor Sie bezahlt haben, kontaktieren Sie uns bitte unter contact@crudo-leather.com.<br>Wenn Ihre Bestellung bereits bezahlt wurde, k\u00f6nnen wir sie leider nicht stornieren oder \u00e4ndern, da jedes unserer Lederprodukte speziell f\u00fcr Sie angefertigt wird.<\/p>\n<!-- \/wp:paragraph -->\n\n<!-- wp:paragraph -->\n<p>04.  Was soll ich tun, wenn ich feststelle, dass mein Paket verloren gegangen ist?<\/p>\n<!-- \/wp:paragraph -->\n\n<!-- wp:paragraph -->\n<p>Wenn Ihr Paket auf dem Weg verloren geht, kontaktieren Sie uns bitte umgehend unter contact@crudo-leather.com. Wir werden unser Bestes tun, um das Problem zu l\u00f6sen. Bitte beachten Sie, dass wir nicht f\u00fcr den Verlust oder Diebstahl bereits zugestellter Waren verantwortlich sind.<\/p>\n<!-- \/wp:paragraph -->\n\n<!-- wp:paragraph -->\n<p>05.  Ich bin in Hongkong. Welche Abholm\u00f6glichkeiten gibt es?<\/p>\n<!-- \/wp:paragraph -->\n\n<!-- wp:paragraph -->\n<p>Sie k\u00f6nnen eine der folgenden drei Methoden w\u00e4hlen.<\/p>\n<!-- \/wp:paragraph -->\n\n<!-- wp:paragraph -->\n<p>Erstens: SF Express Kurierdienst: Direktlieferung an Gesch\u00e4fts- oder Wohnadressen.<\/p>\n<!-- \/wp:paragraph -->\n\n<!-- wp:paragraph -->\n<p>Zweitens: SF Express Selbstabholservice: Abholung der Ware an Selbstabholstationen in Convenience-Stores. Die Adressen und Gesch\u00e4ftsnummern der einzelnen Selbstabholstationen k\u00f6nnen Sie auf der \"Checkout-Seite\" einsehen.<\/p>\n<!-- \/wp:paragraph -->\n\n<!-- wp:paragraph -->\n<p>Drittens: Abholung im Gesch\u00e4ft. Die genaue Adresse finden Sie unter<strong>Kontaktieren Sie uns<\/strong>\u3002<\/p>\n<!-- \/wp:paragraph -->","protected":false},"excerpt":{"rendered":"<p>01. Wie lange dauert es, bis ich meine Bestellung erhalte? Wie das Sprichwort sagt: &#8220;Gut Ding will Weile haben&#8221;. Nach Best\u00e4tigung Ihrer Bestellung wird Ihre Ware in etwa 1 bis 4 Werktagen versendet. Wenn Sie es sehr eilig haben und die Ware fr\u00fcher ben\u00f6tigen, k\u00f6nnen Sie auf der Checkout-Seite die Bestellkategorie ausw\u00e4hlen und die entsprechenden [&hellip;]<\/p>\n","protected":false},"author":1,"featured_media":0,"parent":0,"menu_order":0,"comment_status":"closed","ping_status":"closed","template":"","meta":{"inline_featured_image":false,"footnotes":""},"class_list":["post-51","page","type-page","status-publish","hentry"],"yoast_head":"<!-- This site is optimized with the Yoast SEO plugin v23.4 - https:\/\/yoast.com\/wordpress\/plugins\/seo\/ -->\n<title>Crudo Liefer- und Wartungsrichtlinien<\/title>\n<meta name=\"description\" content=\"Erfahren Sie mehr \u00fcber die Lieferzeiten von Crudo, den weltweiten Versandservice und die einj\u00e4hrige Produktgarantie. Kaufen Sie mit Vertrauen personalisierten Schmuck und genie\u00dfen Sie umfassenden Kundenservice.\" \/>\n<meta name=\"robots\" content=\"index, follow, max-snippet:-1, max-image-preview:large, max-video-preview:-1\" \/>\n<link rel=\"canonical\" href=\"https:\/\/crudo-leather.com\/de\/shipping-warranty\/\" \/>\n<meta property=\"og:locale\" content=\"en_US\" \/>\n<meta property=\"og:type\" content=\"article\" \/>\n<meta property=\"og:title\" content=\"Crudo Liefer- und Wartungsrichtlinien\" \/>\n<meta property=\"og:description\" content=\"Erfahren Sie mehr \u00fcber die Lieferzeiten von Crudo, den weltweiten Versandservice und die einj\u00e4hrige Produktgarantie. Kaufen Sie mit Vertrauen personalisierten Schmuck und genie\u00dfen Sie umfassenden Kundenservice.\" \/>\n<meta property=\"og:url\" content=\"https:\/\/crudo-leather.com\/shipping-warranty\/\" \/>\n<meta property=\"og:site_name\" content=\"Crudo\" \/>\n<meta property=\"article:modified_time\" content=\"2024-11-13T09:34:26+00:00\" \/>\n<meta name=\"twitter:card\" content=\"summary_large_image\" \/>\n<meta name=\"twitter:label1\" content=\"Est. reading time\" \/>\n\t<meta name=\"twitter:data1\" content=\"3 minutes\" \/>\n<script type=\"application\/ld+json\" class=\"yoast-schema-graph\">{\"@context\":\"https:\/\/schema.org\",\"@graph\":[{\"@type\":\"WebPage\",\"@id\":\"https:\/\/crudo-leather.com\/shipping-warranty\/\",\"url\":\"https:\/\/crudo-leather.com\/shipping-warranty\/\",\"name\":\"Crudo Leather Shipping & Warranty Policy\",\"isPartOf\":{\"@id\":\"https:\/\/crudo-leather.com\/#website\"},\"datePublished\":\"2024-04-16T06:07:36+00:00\",\"dateModified\":\"2024-11-13T09:34:26+00:00\",\"description\":\"Learn about Crudo Leather's shipping options, delivery times, and comprehensive product warranty policy. Shop with confidence.\",\"inLanguage\":\"en-US\",\"potentialAction\":[{\"@type\":\"ReadAction\",\"target\":[\"https:\/\/crudo-leather.com\/shipping-warranty\/\"]}]},{\"@type\":\"WebSite\",\"@id\":\"https:\/\/crudo-leather.com\/#website\",\"url\":\"https:\/\/crudo-leather.com\/\",\"name\":\"Crudo\",\"description\":\"\",\"potentialAction\":[{\"@type\":\"SearchAction\",\"target\":{\"@type\":\"EntryPoint\",\"urlTemplate\":\"https:\/\/crudo-leather.com\/?s={search_term_string}\"},\"query-input\":{\"@type\":\"PropertyValueSpecification\",\"valueRequired\":true,\"valueName\":\"search_term_string\"}}],\"inLanguage\":\"en-US\"}]}<\/script>\n<!-- \/ Yoast SEO plugin. -->","yoast_head_json":{"title":"Crudo Liefer- und Wartungsrichtlinien","description":"Erfahren Sie mehr \u00fcber die Lieferzeiten von Crudo, den weltweiten Versandservice und die einj\u00e4hrige Produktgarantie. Kaufen Sie mit Vertrauen personalisierten Schmuck und genie\u00dfen Sie umfassenden Kundenservice.","robots":{"index":"index","follow":"follow","max-snippet":"max-snippet:-1","max-image-preview":"max-image-preview:large","max-video-preview":"max-video-preview:-1"},"canonical":"https:\/\/crudo-leather.com\/de\/shipping-warranty\/","og_locale":"en_US","og_type":"article","og_title":"Crudo Liefer- und Wartungsrichtlinien","og_description":"Erfahren Sie mehr \u00fcber die Lieferzeiten von Crudo, den weltweiten Versandservice und die einj\u00e4hrige Produktgarantie. Kaufen Sie mit Vertrauen personalisierten Schmuck und genie\u00dfen Sie umfassenden Kundenservice.","og_url":"https:\/\/crudo-leather.com\/shipping-warranty\/","og_site_name":"Crudo","article_modified_time":"2024-11-13T09:34:26+00:00","twitter_card":"summary_large_image","twitter_misc":{"Est. reading time":"3 minutes"},"schema":{"@context":"https:\/\/schema.org","@graph":[{"@type":"WebPage","@id":"https:\/\/crudo-leather.com\/shipping-warranty\/","url":"https:\/\/crudo-leather.com\/shipping-warranty\/","name":"Crudo Leather Shipping & Warranty Policy","isPartOf":{"@id":"https:\/\/crudo-leather.com\/#website"},"datePublished":"2024-04-16T06:07:36+00:00","dateModified":"2024-11-13T09:34:26+00:00","description":"Learn about Crudo Leather's shipping options, delivery times, and comprehensive product warranty policy. Shop with confidence.","inLanguage":"en-US","potentialAction":[{"@type":"ReadAction","target":["https:\/\/crudo-leather.com\/shipping-warranty\/"]}]},{"@type":"WebSite","@id":"https:\/\/crudo-leather.com\/#website","url":"https:\/\/crudo-leather.com\/","name":"Crudo","description":"","potentialAction":[{"@type":"SearchAction","target":{"@type":"EntryPoint","urlTemplate":"https:\/\/crudo-leather.com\/?s={search_term_string}"},"query-input":{"@type":"PropertyValueSpecification","valueRequired":true,"valueName":"search_term_string"}}],"inLanguage":"en-US"}]}},"_links":{"self":[{"href":"https:\/\/crudo-leather.com\/de\/wp-json\/wp\/v2\/pages\/51"}],"collection":[{"href":"https:\/\/crudo-leather.com\/de\/wp-json\/wp\/v2\/pages"}],"about":[{"href":"https:\/\/crudo-leather.com\/de\/wp-json\/wp\/v2\/types\/page"}],"author":[{"embeddable":true,"href":"https:\/\/crudo-leather.com\/de\/wp-json\/wp\/v2\/users\/1"}],"replies":[{"embeddable":true,"href":"https:\/\/crudo-leather.com\/de\/wp-json\/wp\/v2\/comments?post=51"}],"version-history":[{"count":4,"href":"https:\/\/crudo-leather.com\/de\/wp-json\/wp\/v2\/pages\/51\/revisions"}],"predecessor-version":[{"id":296120,"href":"https:\/\/crudo-leather.com\/de\/wp-json\/wp\/v2\/pages\/51\/revisions\/296120"}],"wp:attachment":[{"href":"https:\/\/crudo-leather.com\/de\/wp-json\/wp\/v2\/media?parent=51"}],"curies":[{"name":"wp","href":"https:\/\/api.w.org\/{rel}","templated":true}]}}