{"id":2143,"date":"2024-08-01T14:00:31","date_gmt":"2024-08-01T06:00:31","guid":{"rendered":"https:\/\/crudo-leather.com\/product\/peanuts-customized-metal-tag-keychain-rose-gold-edition\/"},"modified":"2026-02-03T12:07:05","modified_gmt":"2026-02-03T04:07:05","slug":"peanuts-customized-metal-tag-keychain-rose-gold-edition","status":"publish","type":"product","link":"https:\/\/crudo-leather.com\/de\/product\/peanuts-customized-metal-tag-keychain-rose-gold-edition\/","title":{"rendered":"Snoopy personalisiertes Stahlanh\u00e4nger Schl\u00fcsselanh\u00e4nger"},"content":{"rendered":"","protected":false},"excerpt":{"rendered":"**Bitte w\u00e4hlen Sie mindestens ein PEANUTS Charakter Metallanh\u00e4nger oder 925er Sterlingsilber 3D-Anh\u00e4nger aus, andernfalls wird das Produkt nur mit dem urspr\u00fcnglichen Crudo runden Anh\u00e4nger geliefert und nicht mit der PEANUTS Special Edition Geschenkbox**\n\n<ins><strong>Crudo x PEANUTS<\/strong><\/ins>\nCrudo pr\u00e4sentiert in Zusammenarbeit mit PEANUTS offiziell lizenzierte limitierte Edition Schl\u00fcsselanh\u00e4nger. Die klassischen Charaktere aus \"Peanuts\" verwandeln sich in filigrane und niedliche Metallanh\u00e4nger, die frei kombiniert und an Crudo Schl\u00fcsselringen befestigt werden k\u00f6nnen, um auf humorvolle Weise eine positive und optimistische Einstellung zu vermitteln.\n\n<strong>Klicken Sie auf \"Zum Warenkorb hinzuf\u00fcgen und gestalten\", um Ihren Gravurtext zu entwerfen<\/strong>\n\n- Offiziell lizenzierter PEANUTS Metall-Schl\u00fcsselanh\u00e4nger\n- Kombinierbar mit 12 klassischen Peanuts-Charakteren, darunter Snoopy, Woodstock, Charlie Brown und Olaf, als farbige Emaille-Metallanh\u00e4nger und 925er Sterlingsilber 3D-Anh\u00e4nger\n- Beim Kauf eines PEANUTS Metall-Schl\u00fcsselanh\u00e4ngers erhalten Sie eine PEANUTS limitierte Edition Geschenkbox mit abziehbarer Gru\u00dfkarte (inklusive Geschenkkarte und Produktgarantie)\n- Kostenloser Gravurservice, mit \u00fcber 20 Schriftarten, 100 Emojis und 60 Gravurvorschl\u00e4gen zur Auswahl\n- Elegantes abgeschr\u00e4gtes Design\n- Farbkombination aus Metall verleiht einen modischen Touch\n- Kompakte Ma\u00dfe f\u00fcr einfachen Transport, kann auch als Anh\u00e4nger verwendet werden\n\n<strong>Herstellungszeit und Versanddetails<\/strong>\n- Jedes Produkt ben\u00f6tigt nur 1-5 Werktage zur Fertigstellung\n- Bei Bestellung heute kann die Lieferung bereits morgen erfolgen\n- Nur erh\u00e4ltlich in Hongkong, Taiwan, Macau, Singapur, Malaysia und dem chinesischen Festland","protected":false},"featured_media":3286,"comment_status":"open","ping_status":"closed","template":"","meta":{"inline_featured_image":false},"collection":[2284],"trending_cat":[],"product_cat":[89],"product_tag":[103],"class_list":{"0":"post-2143","1":"product","2":"type-product","3":"status-publish","4":"has-post-thumbnail","6":"product_cat-others-accessories","7":"product_tag-peanuts","9":"first","10":"instock","11":"sale","12":"shipping-taxable","13":"purchasable","14":"product-type-variable"},"yoast_head":"<!-- This site is optimized with the Yoast SEO plugin v23.4 - https:\/\/yoast.com\/wordpress\/plugins\/seo\/ -->\n<title>Crudo Peanuts personalisiertes Metallanh\u00e4nger Schl\u00fcsselanh\u00e4nger - Ros\u00e9gold Edition<\/title>\n<meta name=\"description\" content=\"Entdecken Sie das Crudo Peanuts Comic Limited Edition Ros\u00e9gold Metallanh\u00e4nger Schl\u00fcsselanh\u00e4nger. Elegantes schr\u00e4ges Design, aus 316L deutschem Stahl gefertigt, mit kostenloser Gravur. Leicht und tragbar, Peanuts Comic Anh\u00e4nger optional erh\u00e4ltlich. Inklusive exklusiver Geschenkbox.\" \/>\n<meta name=\"robots\" content=\"index, follow, max-snippet:-1, max-image-preview:large, max-video-preview:-1\" \/>\n<link rel=\"canonical\" href=\"https:\/\/crudo-leather.com\/de\/product\/peanuts-customized-metal-tag-keychain-rose-gold-edition\/\" \/>\n<meta property=\"og:locale\" content=\"en_US\" \/>\n<meta property=\"og:type\" content=\"article\" \/>\n<meta property=\"og:title\" content=\"Crudo Peanuts personalisiertes Metallanh\u00e4nger Schl\u00fcsselanh\u00e4nger - Ros\u00e9gold Edition\" \/>\n<meta property=\"og:description\" content=\"Entdecken Sie das Crudo Peanuts Comic Limited Edition Ros\u00e9gold Metallanh\u00e4nger Schl\u00fcsselanh\u00e4nger. Elegantes schr\u00e4ges Design, aus 316L deutschem Stahl gefertigt, mit kostenloser Gravur. Leicht und tragbar, Peanuts Comic Anh\u00e4nger optional erh\u00e4ltlich. Inklusive exklusiver Geschenkbox.\" \/>\n<meta property=\"og:url\" content=\"https:\/\/crudo-leather.com\/product\/peanuts-customized-metal-tag-keychain-rose-gold-edition\/\" \/>\n<meta property=\"og:site_name\" content=\"Crudo\" \/>\n<meta property=\"article:modified_time\" content=\"2026-02-03T04:07:05+00:00\" \/>\n<meta property=\"og:image\" content=\"https:\/\/crudo-leather.com\/wp-content\/uploads\/2024\/08\/peanuts_wbg_kec02_gd_f-2.jpg\" \/>\n\t<meta property=\"og:image:width\" content=\"640\" \/>\n\t<meta property=\"og:image:height\" content=\"640\" \/>\n\t<meta property=\"og:image:type\" content=\"image\/jpeg\" \/>\n<meta name=\"twitter:card\" content=\"summary_large_image\" \/>\n<meta name=\"twitter:label1\" content=\"Est. reading time\" \/>\n\t<meta name=\"twitter:data1\" content=\"1 minute\" \/>\n<script type=\"application\/ld+json\" class=\"yoast-schema-graph\">{\"@context\":\"https:\/\/schema.org\",\"@graph\":[{\"@type\":\"WebPage\",\"@id\":\"https:\/\/crudo-leather.com\/product\/peanuts-customized-metal-tag-keychain-rose-gold-edition\/\",\"url\":\"https:\/\/crudo-leather.com\/product\/peanuts-customized-metal-tag-keychain-rose-gold-edition\/\",\"name\":\"Peanuts Customized Metal Tag Keychain - Rose Gold Edition\",\"isPartOf\":{\"@id\":\"https:\/\/crudo-leather.com\/#website\"},\"primaryImageOfPage\":{\"@id\":\"https:\/\/crudo-leather.com\/product\/peanuts-customized-metal-tag-keychain-rose-gold-edition\/#primaryimage\"},\"image\":{\"@id\":\"https:\/\/crudo-leather.com\/product\/peanuts-customized-metal-tag-keychain-rose-gold-edition\/#primaryimage\"},\"thumbnailUrl\":\"https:\/\/crudo-leather.com\/wp-content\/uploads\/2024\/08\/peanuts_wbg_kec02_gd_f-2.jpg\",\"datePublished\":\"2024-08-01T06:00:31+00:00\",\"dateModified\":\"2026-02-03T04:07:05+00:00\",\"description\":\"Own the officially licensed Peanuts metal tag keychain. Rose gold design, free engraving service & luxury gift box. Mix & match Snoopy, Charlie Brown charms to show unique style.\",\"breadcrumb\":{\"@id\":\"https:\/\/crudo-leather.com\/product\/peanuts-customized-metal-tag-keychain-rose-gold-edition\/#breadcrumb\"},\"inLanguage\":\"en-US\",\"potentialAction\":[{\"@type\":\"ReadAction\",\"target\":[\"https:\/\/crudo-leather.com\/product\/peanuts-customized-metal-tag-keychain-rose-gold-edition\/\"]}]},{\"@type\":\"ImageObject\",\"inLanguage\":\"en-US\",\"@id\":\"https:\/\/crudo-leather.com\/product\/peanuts-customized-metal-tag-keychain-rose-gold-edition\/#primaryimage\",\"url\":\"https:\/\/crudo-leather.com\/wp-content\/uploads\/2024\/08\/peanuts_wbg_kec02_gd_f-2.jpg\",\"contentUrl\":\"https:\/\/crudo-leather.com\/wp-content\/uploads\/2024\/08\/peanuts_wbg_kec02_gd_f-2.jpg\",\"width\":640,\"height\":640},{\"@type\":\"BreadcrumbList\",\"@id\":\"https:\/\/crudo-leather.com\/product\/peanuts-customized-metal-tag-keychain-rose-gold-edition\/#breadcrumb\",\"itemListElement\":[{\"@type\":\"ListItem\",\"position\":1,\"name\":\"Shop\",\"item\":\"https:\/\/crudo-leather.com\/shop\/\"},{\"@type\":\"ListItem\",\"position\":2,\"name\":\"Snoopy Customized Metal Tag Keychain\"}]},{\"@type\":\"WebSite\",\"@id\":\"https:\/\/crudo-leather.com\/#website\",\"url\":\"https:\/\/crudo-leather.com\/\",\"name\":\"Crudo\",\"description\":\"\",\"potentialAction\":[{\"@type\":\"SearchAction\",\"target\":{\"@type\":\"EntryPoint\",\"urlTemplate\":\"https:\/\/crudo-leather.com\/?s={search_term_string}\"},\"query-input\":{\"@type\":\"PropertyValueSpecification\",\"valueRequired\":true,\"valueName\":\"search_term_string\"}}],\"inLanguage\":\"en-US\"}]}<\/script>\n<!-- \/ Yoast SEO plugin. -->","yoast_head_json":{"title":"Crudo Peanuts personalisiertes Metallanh\u00e4nger Schl\u00fcsselanh\u00e4nger - Ros\u00e9gold Edition","description":"Entdecken Sie das Crudo Peanuts Comic Limited Edition Ros\u00e9gold Metallanh\u00e4nger Schl\u00fcsselanh\u00e4nger. Elegantes schr\u00e4ges Design, aus 316L deutschem Stahl gefertigt, mit kostenloser Gravur. Leicht und tragbar, Peanuts Comic Anh\u00e4nger optional erh\u00e4ltlich. Inklusive exklusiver Geschenkbox.","robots":{"index":"index","follow":"follow","max-snippet":"max-snippet:-1","max-image-preview":"max-image-preview:large","max-video-preview":"max-video-preview:-1"},"canonical":"https:\/\/crudo-leather.com\/de\/product\/peanuts-customized-metal-tag-keychain-rose-gold-edition\/","og_locale":"en_US","og_type":"article","og_title":"Crudo Peanuts personalisiertes Metallanh\u00e4nger Schl\u00fcsselanh\u00e4nger - Ros\u00e9gold Edition","og_description":"Entdecken Sie das Crudo Peanuts Comic Limited Edition Ros\u00e9gold Metallanh\u00e4nger Schl\u00fcsselanh\u00e4nger. Elegantes schr\u00e4ges Design, aus 316L deutschem Stahl gefertigt, mit kostenloser Gravur. Leicht und tragbar, Peanuts Comic Anh\u00e4nger optional erh\u00e4ltlich. Inklusive exklusiver Geschenkbox.","og_url":"https:\/\/crudo-leather.com\/product\/peanuts-customized-metal-tag-keychain-rose-gold-edition\/","og_site_name":"Crudo","article_modified_time":"2026-02-03T04:07:05+00:00","og_image":[{"width":640,"height":640,"url":"https:\/\/crudo-leather.com\/wp-content\/uploads\/2024\/08\/peanuts_wbg_kec02_gd_f-2.jpg","type":"image\/jpeg"}],"twitter_card":"summary_large_image","twitter_misc":{"Est. reading time":"1 minute"},"schema":{"@context":"https:\/\/schema.org","@graph":[{"@type":"WebPage","@id":"https:\/\/crudo-leather.com\/product\/peanuts-customized-metal-tag-keychain-rose-gold-edition\/","url":"https:\/\/crudo-leather.com\/product\/peanuts-customized-metal-tag-keychain-rose-gold-edition\/","name":"Peanuts Customized Metal Tag Keychain - Rose Gold Edition","isPartOf":{"@id":"https:\/\/crudo-leather.com\/#website"},"primaryImageOfPage":{"@id":"https:\/\/crudo-leather.com\/product\/peanuts-customized-metal-tag-keychain-rose-gold-edition\/#primaryimage"},"image":{"@id":"https:\/\/crudo-leather.com\/product\/peanuts-customized-metal-tag-keychain-rose-gold-edition\/#primaryimage"},"thumbnailUrl":"https:\/\/crudo-leather.com\/wp-content\/uploads\/2024\/08\/peanuts_wbg_kec02_gd_f-2.jpg","datePublished":"2024-08-01T06:00:31+00:00","dateModified":"2026-02-03T04:07:05+00:00","description":"Own the officially licensed Peanuts metal tag keychain. Rose gold design, free engraving service & luxury gift box. Mix & match Snoopy, Charlie Brown charms to show unique style.","breadcrumb":{"@id":"https:\/\/crudo-leather.com\/product\/peanuts-customized-metal-tag-keychain-rose-gold-edition\/#breadcrumb"},"inLanguage":"en-US","potentialAction":[{"@type":"ReadAction","target":["https:\/\/crudo-leather.com\/product\/peanuts-customized-metal-tag-keychain-rose-gold-edition\/"]}]},{"@type":"ImageObject","inLanguage":"en-US","@id":"https:\/\/crudo-leather.com\/product\/peanuts-customized-metal-tag-keychain-rose-gold-edition\/#primaryimage","url":"https:\/\/crudo-leather.com\/wp-content\/uploads\/2024\/08\/peanuts_wbg_kec02_gd_f-2.jpg","contentUrl":"https:\/\/crudo-leather.com\/wp-content\/uploads\/2024\/08\/peanuts_wbg_kec02_gd_f-2.jpg","width":640,"height":640},{"@type":"BreadcrumbList","@id":"https:\/\/crudo-leather.com\/product\/peanuts-customized-metal-tag-keychain-rose-gold-edition\/#breadcrumb","itemListElement":[{"@type":"ListItem","position":1,"name":"Shop","item":"https:\/\/crudo-leather.com\/shop\/"},{"@type":"ListItem","position":2,"name":"Snoopy Customized Metal Tag Keychain"}]},{"@type":"WebSite","@id":"https:\/\/crudo-leather.com\/#website","url":"https:\/\/crudo-leather.com\/","name":"Crudo","description":"","potentialAction":[{"@type":"SearchAction","target":{"@type":"EntryPoint","urlTemplate":"https:\/\/crudo-leather.com\/?s={search_term_string}"},"query-input":{"@type":"PropertyValueSpecification","valueRequired":true,"valueName":"search_term_string"}}],"inLanguage":"en-US"}]}},"_links":{"self":[{"href":"https:\/\/crudo-leather.com\/de\/wp-json\/wp\/v2\/product\/2143"}],"collection":[{"href":"https:\/\/crudo-leather.com\/de\/wp-json\/wp\/v2\/product"}],"about":[{"href":"https:\/\/crudo-leather.com\/de\/wp-json\/wp\/v2\/types\/product"}],"replies":[{"embeddable":true,"href":"https:\/\/crudo-leather.com\/de\/wp-json\/wp\/v2\/comments?post=2143"}],"wp:featuredmedia":[{"embeddable":true,"href":"https:\/\/crudo-leather.com\/de\/wp-json\/wp\/v2\/media\/3286"}],"wp:attachment":[{"href":"https:\/\/crudo-leather.com\/de\/wp-json\/wp\/v2\/media?parent=2143"}],"wp:term":[{"taxonomy":"collection","embeddable":true,"href":"https:\/\/crudo-leather.com\/de\/wp-json\/wp\/v2\/collection?post=2143"},{"taxonomy":"trending_cat","embeddable":true,"href":"https:\/\/crudo-leather.com\/de\/wp-json\/wp\/v2\/trending_cat?post=2143"},{"taxonomy":"product_cat","embeddable":true,"href":"https:\/\/crudo-leather.com\/de\/wp-json\/wp\/v2\/product_cat?post=2143"},{"taxonomy":"product_tag","embeddable":true,"href":"https:\/\/crudo-leather.com\/de\/wp-json\/wp\/v2\/product_tag?post=2143"}],"curies":[{"name":"wp","href":"https:\/\/api.w.org\/{rel}","templated":true}]}}