{"id":2159,"date":"2024-08-01T14:00:57","date_gmt":"2024-08-01T06:00:57","guid":{"rendered":"https:\/\/crudo-leather.com\/product\/peanuts-customized-leather-keychain-wine-red-rose-gold-edition-2\/"},"modified":"2026-02-03T12:07:08","modified_gmt":"2026-02-03T04:07:08","slug":"peanuts-customized-leather-keychain-wine-red-rose-gold-edition-2","status":"publish","type":"product","link":"https:\/\/crudo-leather.com\/de\/product\/peanuts-customized-leather-keychain-wine-red-rose-gold-edition-2\/","title":{"rendered":"Snoopy personalisiertes geflochtenes Leder Schl\u00fcsselanh\u00e4nger"},"content":{"rendered":"","protected":false},"excerpt":{"rendered":"**Bitte w\u00e4hlen Sie mindestens ein PEANUTS-Charakter-Metallanh\u00e4nger oder 925-Sterling-Silber-3D-Anh\u00e4nger aus, sonst wird das Produkt nur mit dem urspr\u00fcnglichen Crudo runden Anh\u00e4nger geliefert und nicht mit der PEANUTS Special Edition Geschenkbox**\n\n<ins><strong>Crudo x PEANUTS<\/strong><\/ins>\nCrudo pr\u00e4sentiert in Zusammenarbeit mit PEANUTS offiziell lizenzierte limitierte Schl\u00fcsselanh\u00e4nger. Die klassischen Charaktere aus den \"Peanuts\"-Comics werden in niedliche, fein gearbeitete Metallanh\u00e4nger verwandelt, die frei kombiniert und an Crudo-Schl\u00fcsselanh\u00e4ngern befestigt werden k\u00f6nnen, um auf humorvolle Weise eine positive und optimistische Einstellung zu vermitteln.\n\n<strong>Klicken Sie auf \"Zum Warenkorb hinzuf\u00fcgen und gestalten\", um Ihren Gravurtext zu entwerfen<\/strong>\n\n- Offiziell lizenzierter PEANUTS-Leder-Schl\u00fcsselanh\u00e4nger\n- Kombinierbar mit 12 klassischen Peanuts-Charakteren, darunter Snoopy, Woodstock, Charlie Brown und Olaf, als bunte Emaille-Metallanh\u00e4nger und 925-Sterling-Silber-3D-Anh\u00e4nger\n- Freie Kombination der Anh\u00e4nger und Befestigung am Leder-Schl\u00fcsselanh\u00e4nger\n- Beim Kauf eines PEANUTS-Leder-Schl\u00fcsselanh\u00e4ngers erhalten Sie eine limitierte PEANUTS-Geschenkbox mit abziehbarer Gru\u00dfkarte (inklusive Geschenkkarte und Produktgarantie)\n- Kostenloser Gravurservice, verschiedene Schriftarten, \u00fcber 100 Emojis und 60 Gravurvorschl\u00e4ge zur Auswahl\n- Handgefertigt aus italienischem geflochtenem Oberleder, erweiterbar f\u00fcr die Verbindung mit verschiedenen Gegenst\u00e4nden\n- Exklusives achteckiges Metall-Cut-Out-Design\n- Vereinigt Kunst, Mode und Funktionalit\u00e4t im Design\n\n<strong>Herstellungszeit und Versanddetails<\/strong>\n- Jedes Produkt ben\u00f6tigt nur 1-5 Werktage zur Fertigstellung\n- Bei Bestellung heute kann die Lieferung bereits morgen erfolgen\n- Nur erh\u00e4ltlich in Hongkong, Taiwan, Macau, Singapur, Malaysia und dem chinesischen Festland","protected":false},"featured_media":3428,"comment_status":"open","ping_status":"closed","template":"","meta":{"inline_featured_image":false},"collection":[2284],"trending_cat":[],"product_cat":[89],"product_tag":[103],"class_list":{"0":"post-2159","1":"product","2":"type-product","3":"status-publish","4":"has-post-thumbnail","6":"product_cat-others-accessories","7":"product_tag-peanuts","9":"first","10":"instock","11":"sale","12":"shipping-taxable","13":"purchasable","14":"product-type-variable"},"yoast_head":"<!-- This site is optimized with the Yoast SEO plugin v23.4 - https:\/\/yoast.com\/wordpress\/plugins\/seo\/ -->\n<title>Crudo Peanuts personalisiertes Leder Schl\u00fcsselanh\u00e4nger - Weinrot Ros\u00e9gold Edition<\/title>\n<meta name=\"description\" content=\"Entdecken Sie den Crudo Peanuts Comic Limited Edition Weinrot Ros\u00e9gold Leder-Schl\u00fcsselanh\u00e4nger. Geflochten aus italienischem Vollrindleder, kombinierbar mit Peanuts Comic Metallanh\u00e4ngern. Kostenlose Gravur, stilvoll und praktisch, zeigt einzigartigen Geschmack.\" \/>\n<meta name=\"robots\" content=\"index, follow, max-snippet:-1, max-image-preview:large, max-video-preview:-1\" \/>\n<link rel=\"canonical\" href=\"https:\/\/crudo-leather.com\/de\/product\/peanuts-customized-leather-keychain-wine-red-rose-gold-edition-2\/\" \/>\n<meta property=\"og:locale\" content=\"en_US\" \/>\n<meta property=\"og:type\" content=\"article\" \/>\n<meta property=\"og:title\" content=\"Crudo Peanuts personalisiertes Leder Schl\u00fcsselanh\u00e4nger - Weinrot Ros\u00e9gold Edition\" \/>\n<meta property=\"og:description\" content=\"Entdecken Sie den Crudo Peanuts Comic Limited Edition Weinrot Ros\u00e9gold Leder-Schl\u00fcsselanh\u00e4nger. Geflochten aus italienischem Vollrindleder, kombinierbar mit Peanuts Comic Metallanh\u00e4ngern. Kostenlose Gravur, stilvoll und praktisch, zeigt einzigartigen Geschmack.\" \/>\n<meta property=\"og:url\" content=\"https:\/\/crudo-leather.com\/product\/peanuts-customized-leather-keychain-wine-red-rose-gold-edition-2\/\" \/>\n<meta property=\"og:site_name\" content=\"Crudo\" \/>\n<meta property=\"article:modified_time\" content=\"2026-02-03T04:07:08+00:00\" \/>\n<meta property=\"og:image\" content=\"https:\/\/crudo-leather.com\/wp-content\/uploads\/2024\/08\/peanuts_wbg_kec01_re_f-1-1.jpg\" \/>\n\t<meta property=\"og:image:width\" content=\"640\" \/>\n\t<meta property=\"og:image:height\" content=\"640\" \/>\n\t<meta property=\"og:image:type\" content=\"image\/jpeg\" \/>\n<meta name=\"twitter:card\" content=\"summary_large_image\" \/>\n<meta name=\"twitter:label1\" content=\"Est. reading time\" \/>\n\t<meta name=\"twitter:data1\" content=\"1 minute\" \/>\n<script type=\"application\/ld+json\" class=\"yoast-schema-graph\">{\"@context\":\"https:\/\/schema.org\",\"@graph\":[{\"@type\":\"WebPage\",\"@id\":\"https:\/\/crudo-leather.com\/product\/peanuts-customized-leather-keychain-wine-red-rose-gold-edition-2\/\",\"url\":\"https:\/\/crudo-leather.com\/product\/peanuts-customized-leather-keychain-wine-red-rose-gold-edition-2\/\",\"name\":\"Peanuts Customized Leather Keychain - Wine Red Rose Gold Edition\",\"isPartOf\":{\"@id\":\"https:\/\/crudo-leather.com\/#website\"},\"primaryImageOfPage\":{\"@id\":\"https:\/\/crudo-leather.com\/product\/peanuts-customized-leather-keychain-wine-red-rose-gold-edition-2\/#primaryimage\"},\"image\":{\"@id\":\"https:\/\/crudo-leather.com\/product\/peanuts-customized-leather-keychain-wine-red-rose-gold-edition-2\/#primaryimage\"},\"thumbnailUrl\":\"https:\/\/crudo-leather.com\/wp-content\/uploads\/2024\/08\/peanuts_wbg_kec01_re_f-1-1.jpg\",\"datePublished\":\"2024-08-01T06:00:57+00:00\",\"dateModified\":\"2026-02-03T04:07:08+00:00\",\"description\":\"Own the officially licensed Peanuts leather keychain. Wine red with rose gold design. Free engraving service & luxury gift box. Mix & match Snoopy, Charlie Brown charms to show unique style.\",\"breadcrumb\":{\"@id\":\"https:\/\/crudo-leather.com\/product\/peanuts-customized-leather-keychain-wine-red-rose-gold-edition-2\/#breadcrumb\"},\"inLanguage\":\"en-US\",\"potentialAction\":[{\"@type\":\"ReadAction\",\"target\":[\"https:\/\/crudo-leather.com\/product\/peanuts-customized-leather-keychain-wine-red-rose-gold-edition-2\/\"]}]},{\"@type\":\"ImageObject\",\"inLanguage\":\"en-US\",\"@id\":\"https:\/\/crudo-leather.com\/product\/peanuts-customized-leather-keychain-wine-red-rose-gold-edition-2\/#primaryimage\",\"url\":\"https:\/\/crudo-leather.com\/wp-content\/uploads\/2024\/08\/peanuts_wbg_kec01_re_f-1-1.jpg\",\"contentUrl\":\"https:\/\/crudo-leather.com\/wp-content\/uploads\/2024\/08\/peanuts_wbg_kec01_re_f-1-1.jpg\",\"width\":640,\"height\":640},{\"@type\":\"BreadcrumbList\",\"@id\":\"https:\/\/crudo-leather.com\/product\/peanuts-customized-leather-keychain-wine-red-rose-gold-edition-2\/#breadcrumb\",\"itemListElement\":[{\"@type\":\"ListItem\",\"position\":1,\"name\":\"Shop\",\"item\":\"https:\/\/crudo-leather.com\/shop\/\"},{\"@type\":\"ListItem\",\"position\":2,\"name\":\"Snoopy Customized Leather Keychain\"}]},{\"@type\":\"WebSite\",\"@id\":\"https:\/\/crudo-leather.com\/#website\",\"url\":\"https:\/\/crudo-leather.com\/\",\"name\":\"Crudo\",\"description\":\"\",\"potentialAction\":[{\"@type\":\"SearchAction\",\"target\":{\"@type\":\"EntryPoint\",\"urlTemplate\":\"https:\/\/crudo-leather.com\/?s={search_term_string}\"},\"query-input\":{\"@type\":\"PropertyValueSpecification\",\"valueRequired\":true,\"valueName\":\"search_term_string\"}}],\"inLanguage\":\"en-US\"}]}<\/script>\n<!-- \/ Yoast SEO plugin. -->","yoast_head_json":{"title":"Crudo Peanuts personalisiertes Leder Schl\u00fcsselanh\u00e4nger - Weinrot Ros\u00e9gold Edition","description":"Entdecken Sie den Crudo Peanuts Comic Limited Edition Weinrot Ros\u00e9gold Leder-Schl\u00fcsselanh\u00e4nger. Geflochten aus italienischem Vollrindleder, kombinierbar mit Peanuts Comic Metallanh\u00e4ngern. Kostenlose Gravur, stilvoll und praktisch, zeigt einzigartigen Geschmack.","robots":{"index":"index","follow":"follow","max-snippet":"max-snippet:-1","max-image-preview":"max-image-preview:large","max-video-preview":"max-video-preview:-1"},"canonical":"https:\/\/crudo-leather.com\/de\/product\/peanuts-customized-leather-keychain-wine-red-rose-gold-edition-2\/","og_locale":"en_US","og_type":"article","og_title":"Crudo Peanuts personalisiertes Leder Schl\u00fcsselanh\u00e4nger - Weinrot Ros\u00e9gold Edition","og_description":"Entdecken Sie den Crudo Peanuts Comic Limited Edition Weinrot Ros\u00e9gold Leder-Schl\u00fcsselanh\u00e4nger. Geflochten aus italienischem Vollrindleder, kombinierbar mit Peanuts Comic Metallanh\u00e4ngern. Kostenlose Gravur, stilvoll und praktisch, zeigt einzigartigen Geschmack.","og_url":"https:\/\/crudo-leather.com\/product\/peanuts-customized-leather-keychain-wine-red-rose-gold-edition-2\/","og_site_name":"Crudo","article_modified_time":"2026-02-03T04:07:08+00:00","og_image":[{"width":640,"height":640,"url":"https:\/\/crudo-leather.com\/wp-content\/uploads\/2024\/08\/peanuts_wbg_kec01_re_f-1-1.jpg","type":"image\/jpeg"}],"twitter_card":"summary_large_image","twitter_misc":{"Est. reading time":"1 minute"},"schema":{"@context":"https:\/\/schema.org","@graph":[{"@type":"WebPage","@id":"https:\/\/crudo-leather.com\/product\/peanuts-customized-leather-keychain-wine-red-rose-gold-edition-2\/","url":"https:\/\/crudo-leather.com\/product\/peanuts-customized-leather-keychain-wine-red-rose-gold-edition-2\/","name":"Peanuts Customized Leather Keychain - Wine Red Rose Gold Edition","isPartOf":{"@id":"https:\/\/crudo-leather.com\/#website"},"primaryImageOfPage":{"@id":"https:\/\/crudo-leather.com\/product\/peanuts-customized-leather-keychain-wine-red-rose-gold-edition-2\/#primaryimage"},"image":{"@id":"https:\/\/crudo-leather.com\/product\/peanuts-customized-leather-keychain-wine-red-rose-gold-edition-2\/#primaryimage"},"thumbnailUrl":"https:\/\/crudo-leather.com\/wp-content\/uploads\/2024\/08\/peanuts_wbg_kec01_re_f-1-1.jpg","datePublished":"2024-08-01T06:00:57+00:00","dateModified":"2026-02-03T04:07:08+00:00","description":"Own the officially licensed Peanuts leather keychain. Wine red with rose gold design. Free engraving service & luxury gift box. Mix & match Snoopy, Charlie Brown charms to show unique style.","breadcrumb":{"@id":"https:\/\/crudo-leather.com\/product\/peanuts-customized-leather-keychain-wine-red-rose-gold-edition-2\/#breadcrumb"},"inLanguage":"en-US","potentialAction":[{"@type":"ReadAction","target":["https:\/\/crudo-leather.com\/product\/peanuts-customized-leather-keychain-wine-red-rose-gold-edition-2\/"]}]},{"@type":"ImageObject","inLanguage":"en-US","@id":"https:\/\/crudo-leather.com\/product\/peanuts-customized-leather-keychain-wine-red-rose-gold-edition-2\/#primaryimage","url":"https:\/\/crudo-leather.com\/wp-content\/uploads\/2024\/08\/peanuts_wbg_kec01_re_f-1-1.jpg","contentUrl":"https:\/\/crudo-leather.com\/wp-content\/uploads\/2024\/08\/peanuts_wbg_kec01_re_f-1-1.jpg","width":640,"height":640},{"@type":"BreadcrumbList","@id":"https:\/\/crudo-leather.com\/product\/peanuts-customized-leather-keychain-wine-red-rose-gold-edition-2\/#breadcrumb","itemListElement":[{"@type":"ListItem","position":1,"name":"Shop","item":"https:\/\/crudo-leather.com\/shop\/"},{"@type":"ListItem","position":2,"name":"Snoopy Customized Leather Keychain"}]},{"@type":"WebSite","@id":"https:\/\/crudo-leather.com\/#website","url":"https:\/\/crudo-leather.com\/","name":"Crudo","description":"","potentialAction":[{"@type":"SearchAction","target":{"@type":"EntryPoint","urlTemplate":"https:\/\/crudo-leather.com\/?s={search_term_string}"},"query-input":{"@type":"PropertyValueSpecification","valueRequired":true,"valueName":"search_term_string"}}],"inLanguage":"en-US"}]}},"_links":{"self":[{"href":"https:\/\/crudo-leather.com\/de\/wp-json\/wp\/v2\/product\/2159"}],"collection":[{"href":"https:\/\/crudo-leather.com\/de\/wp-json\/wp\/v2\/product"}],"about":[{"href":"https:\/\/crudo-leather.com\/de\/wp-json\/wp\/v2\/types\/product"}],"replies":[{"embeddable":true,"href":"https:\/\/crudo-leather.com\/de\/wp-json\/wp\/v2\/comments?post=2159"}],"wp:featuredmedia":[{"embeddable":true,"href":"https:\/\/crudo-leather.com\/de\/wp-json\/wp\/v2\/media\/3428"}],"wp:attachment":[{"href":"https:\/\/crudo-leather.com\/de\/wp-json\/wp\/v2\/media?parent=2159"}],"wp:term":[{"taxonomy":"collection","embeddable":true,"href":"https:\/\/crudo-leather.com\/de\/wp-json\/wp\/v2\/collection?post=2159"},{"taxonomy":"trending_cat","embeddable":true,"href":"https:\/\/crudo-leather.com\/de\/wp-json\/wp\/v2\/trending_cat?post=2159"},{"taxonomy":"product_cat","embeddable":true,"href":"https:\/\/crudo-leather.com\/de\/wp-json\/wp\/v2\/product_cat?post=2159"},{"taxonomy":"product_tag","embeddable":true,"href":"https:\/\/crudo-leather.com\/de\/wp-json\/wp\/v2\/product_tag?post=2159"}],"curies":[{"name":"wp","href":"https:\/\/api.w.org\/{rel}","templated":true}]}}