{"id":2162,"date":"2024-08-01T14:01:01","date_gmt":"2024-08-01T06:01:01","guid":{"rendered":"https:\/\/crudo-leather.com\/product\/crayon-shinchan-customized-leather-keychain-coral-pink-2\/"},"modified":"2025-08-06T10:03:04","modified_gmt":"2025-08-06T02:03:04","slug":"crayon-shinchan-customized-leather-keychain-coral-pink-2","status":"publish","type":"product","link":"https:\/\/crudo-leather.com\/de\/product\/crayon-shinchan-customized-leather-keychain-coral-pink-2\/","title":{"rendered":"Crayon Shinchan Limited Edition personalisiertes geflochtenes Leder Schl\u00fcsselanh\u00e4nger"},"content":{"rendered":"","protected":false},"excerpt":{"rendered":"**Bitte w\u00e4hlen Sie mindestens ein Crayon Shinchan Metall-Anh\u00e4nger aus, sonst wird das Produkt nur mit dem urspr\u00fcnglichen Crudo runden Anh\u00e4nger geliefert und nicht mit der Crayon Shinchan Special Edition Geschenkbox**\n\n<strong><ins>Crayon Shinchan x Crudo<\/ins><\/strong>\nCrudo kooperiert mit der beliebten japanischen Cartoon-Figur \"Crayon Shinchan\" und pr\u00e4sentiert unter dem Motto \"Time to Play\" eine Reihe von lustigen und niedlichen Lederaccessoires. Kombiniert mit dem exklusiven Crudo Personalisierungsservice verwandeln sich verschiedene Versionen von Shinchan und seinen Freunden und Familienmitgliedern in filigrane Metall-Anh\u00e4nger, die frei mit dem limitierten Leder-Schl\u00fcsselanh\u00e4nger kombiniert werden k\u00f6nnen, um Ihren Alltagsschnickschnack mit viel Spa\u00df zu f\u00fcllen!\n\n<strong>Klicken Sie auf \"Zum Warenkorb hinzuf\u00fcgen und gestalten\", um Ihre Gravur zu entwerfen<\/strong>\n\n- Offiziell lizenzierte Crayon Shinchan Produkte aus Japan\n- Mehrere verschiedene Metall-Anh\u00e4nger mit Shinchan und seinen Freunden\/Familienmitgliedern k\u00f6nnen frei kombiniert und am Leder-Schl\u00fcsselanh\u00e4nger befestigt werden\n- Beim Kauf eines limitierten Crayon Shinchan Leder-Schl\u00fcsselanh\u00e4ngers erhalten Sie eine limitierte Crayon Shinchan Geschenkbox mit abziehbarer Gru\u00dfkarte (inklusive Geschenkkarte und Produktgarantie)\n- Kostenloser Gravurservice, mehrere Schriftarten, Emojis und Gravurvorschl\u00e4ge zur Auswahl\n- Handgefertigt aus italienischem geflochtenem Oberlederriemen, erweiterbar zum Anschlie\u00dfen verschiedener Gegenst\u00e4nde\n- Exklusives achteckiges Metall-Cut-Out-Design\n- Kombiniert Kunst, Mode und Funktionalit\u00e4t im Design\n\n<strong>Herstellungszeit und Versanddetails<\/strong>\n- Jedes Produkt ben\u00f6tigt nur 1-5 Werktage zur Fertigstellung\n- Bei Bestellung heute kann die Lieferung bereits morgen erfolgen\n- Nur in Hongkong, Taiwan und Macau erh\u00e4ltlich","protected":false},"featured_media":3455,"comment_status":"open","ping_status":"closed","template":"","meta":{"inline_featured_image":false},"collection":[2287],"trending_cat":[],"product_cat":[89],"product_tag":[101],"class_list":{"0":"post-2162","1":"product","2":"type-product","3":"status-publish","4":"has-post-thumbnail","6":"product_cat-others-accessories","7":"product_tag-crayon-shinchan","9":"first","10":"instock","11":"sale","12":"shipping-taxable","13":"purchasable","14":"product-type-variable"},"yoast_head":"<!-- This site is optimized with the Yoast SEO plugin v23.4 - https:\/\/yoast.com\/wordpress\/plugins\/seo\/ -->\n<title>Crudo Crayon Shinchan personalisiertes Leder Schl\u00fcsselanh\u00e4nger - Korallenrosa 2<\/title>\n<meta name=\"description\" content=\"Entdecken Sie den Crudo Crayon Shinchan Kooperationsschl\u00fcsselanh\u00e4nger in Korallenleder. Geflochten aus italienischem Vollrindleder, kombinierbar mit einem Crayon Shinchan Metallanh\u00e4nger. Kostenlose Gravur, modisch und praktisch, zeigt einzigartigen Stil.\" \/>\n<meta name=\"robots\" content=\"index, follow, max-snippet:-1, max-image-preview:large, max-video-preview:-1\" \/>\n<link rel=\"canonical\" href=\"https:\/\/crudo-leather.com\/de\/product\/crayon-shinchan-customized-leather-keychain-coral-pink-2\/\" \/>\n<meta property=\"og:locale\" content=\"en_US\" \/>\n<meta property=\"og:type\" content=\"article\" \/>\n<meta property=\"og:title\" content=\"Crudo Crayon Shinchan personalisiertes Leder Schl\u00fcsselanh\u00e4nger - Korallenrosa 2\" \/>\n<meta property=\"og:description\" content=\"Entdecken Sie den Crudo Crayon Shinchan Kooperationsschl\u00fcsselanh\u00e4nger in Korallenleder. Geflochten aus italienischem Vollrindleder, kombinierbar mit einem Crayon Shinchan Metallanh\u00e4nger. Kostenlose Gravur, modisch und praktisch, zeigt einzigartigen Stil.\" \/>\n<meta property=\"og:url\" content=\"https:\/\/crudo-leather.com\/product\/crayon-shinchan-customized-leather-keychain-coral-pink-2\/\" \/>\n<meta property=\"og:site_name\" content=\"Crudo\" \/>\n<meta property=\"article:modified_time\" content=\"2025-08-06T02:03:04+00:00\" \/>\n<meta property=\"og:image\" content=\"https:\/\/crudo-leather.com\/wp-content\/uploads\/2024\/08\/shinchan_wbg_kec01_pi_f-1.jpg\" \/>\n\t<meta property=\"og:image:width\" content=\"2000\" \/>\n\t<meta property=\"og:image:height\" content=\"2000\" \/>\n\t<meta property=\"og:image:type\" content=\"image\/jpeg\" \/>\n<meta name=\"twitter:card\" content=\"summary_large_image\" \/>\n<meta name=\"twitter:label1\" content=\"Est. reading time\" \/>\n\t<meta name=\"twitter:data1\" content=\"1 minute\" \/>\n<script type=\"application\/ld+json\" class=\"yoast-schema-graph\">{\"@context\":\"https:\/\/schema.org\",\"@graph\":[{\"@type\":\"WebPage\",\"@id\":\"https:\/\/crudo-leather.com\/product\/crayon-shinchan-customized-leather-keychain-coral-pink-2\/\",\"url\":\"https:\/\/crudo-leather.com\/product\/crayon-shinchan-customized-leather-keychain-coral-pink-2\/\",\"name\":\"Crayon Shinchan Customized Leather Keychain - Coral Pink\",\"isPartOf\":{\"@id\":\"https:\/\/crudo-leather.com\/#website\"},\"primaryImageOfPage\":{\"@id\":\"https:\/\/crudo-leather.com\/product\/crayon-shinchan-customized-leather-keychain-coral-pink-2\/#primaryimage\"},\"image\":{\"@id\":\"https:\/\/crudo-leather.com\/product\/crayon-shinchan-customized-leather-keychain-coral-pink-2\/#primaryimage\"},\"thumbnailUrl\":\"https:\/\/crudo-leather.com\/wp-content\/uploads\/2024\/08\/shinchan_wbg_kec01_pi_f-1.jpg\",\"datePublished\":\"2024-08-01T06:01:01+00:00\",\"dateModified\":\"2025-08-06T02:03:04+00:00\",\"description\":\"Get the officially licensed Crayon Shinchan leather keychain. Coral pink shade. Free engraving service & luxury gift box. Mix & match character charms to show your unique style. Shop now!\",\"breadcrumb\":{\"@id\":\"https:\/\/crudo-leather.com\/product\/crayon-shinchan-customized-leather-keychain-coral-pink-2\/#breadcrumb\"},\"inLanguage\":\"en-US\",\"potentialAction\":[{\"@type\":\"ReadAction\",\"target\":[\"https:\/\/crudo-leather.com\/product\/crayon-shinchan-customized-leather-keychain-coral-pink-2\/\"]}]},{\"@type\":\"ImageObject\",\"inLanguage\":\"en-US\",\"@id\":\"https:\/\/crudo-leather.com\/product\/crayon-shinchan-customized-leather-keychain-coral-pink-2\/#primaryimage\",\"url\":\"https:\/\/crudo-leather.com\/wp-content\/uploads\/2024\/08\/shinchan_wbg_kec01_pi_f-1.jpg\",\"contentUrl\":\"https:\/\/crudo-leather.com\/wp-content\/uploads\/2024\/08\/shinchan_wbg_kec01_pi_f-1.jpg\",\"width\":2000,\"height\":2000},{\"@type\":\"BreadcrumbList\",\"@id\":\"https:\/\/crudo-leather.com\/product\/crayon-shinchan-customized-leather-keychain-coral-pink-2\/#breadcrumb\",\"itemListElement\":[{\"@type\":\"ListItem\",\"position\":1,\"name\":\"Shop\",\"item\":\"https:\/\/crudo-leather.com\/shop\/\"},{\"@type\":\"ListItem\",\"position\":2,\"name\":\"Crayon Shinchan Customized Leather Keychain\"}]},{\"@type\":\"WebSite\",\"@id\":\"https:\/\/crudo-leather.com\/#website\",\"url\":\"https:\/\/crudo-leather.com\/\",\"name\":\"Crudo\",\"description\":\"\",\"potentialAction\":[{\"@type\":\"SearchAction\",\"target\":{\"@type\":\"EntryPoint\",\"urlTemplate\":\"https:\/\/crudo-leather.com\/?s={search_term_string}\"},\"query-input\":{\"@type\":\"PropertyValueSpecification\",\"valueRequired\":true,\"valueName\":\"search_term_string\"}}],\"inLanguage\":\"en-US\"}]}<\/script>\n<!-- \/ Yoast SEO plugin. -->","yoast_head_json":{"title":"Crudo Crayon Shinchan personalisiertes Leder Schl\u00fcsselanh\u00e4nger - Korallenrosa 2","description":"Entdecken Sie den Crudo Crayon Shinchan Kooperationsschl\u00fcsselanh\u00e4nger in Korallenleder. Geflochten aus italienischem Vollrindleder, kombinierbar mit einem Crayon Shinchan Metallanh\u00e4nger. Kostenlose Gravur, modisch und praktisch, zeigt einzigartigen Stil.","robots":{"index":"index","follow":"follow","max-snippet":"max-snippet:-1","max-image-preview":"max-image-preview:large","max-video-preview":"max-video-preview:-1"},"canonical":"https:\/\/crudo-leather.com\/de\/product\/crayon-shinchan-customized-leather-keychain-coral-pink-2\/","og_locale":"en_US","og_type":"article","og_title":"Crudo Crayon Shinchan personalisiertes Leder Schl\u00fcsselanh\u00e4nger - Korallenrosa 2","og_description":"Entdecken Sie den Crudo Crayon Shinchan Kooperationsschl\u00fcsselanh\u00e4nger in Korallenleder. Geflochten aus italienischem Vollrindleder, kombinierbar mit einem Crayon Shinchan Metallanh\u00e4nger. Kostenlose Gravur, modisch und praktisch, zeigt einzigartigen Stil.","og_url":"https:\/\/crudo-leather.com\/product\/crayon-shinchan-customized-leather-keychain-coral-pink-2\/","og_site_name":"Crudo","article_modified_time":"2025-08-06T02:03:04+00:00","og_image":[{"width":2000,"height":2000,"url":"https:\/\/crudo-leather.com\/wp-content\/uploads\/2024\/08\/shinchan_wbg_kec01_pi_f-1.jpg","type":"image\/jpeg"}],"twitter_card":"summary_large_image","twitter_misc":{"Est. reading time":"1 minute"},"schema":{"@context":"https:\/\/schema.org","@graph":[{"@type":"WebPage","@id":"https:\/\/crudo-leather.com\/product\/crayon-shinchan-customized-leather-keychain-coral-pink-2\/","url":"https:\/\/crudo-leather.com\/product\/crayon-shinchan-customized-leather-keychain-coral-pink-2\/","name":"Crayon Shinchan Customized Leather Keychain - Coral Pink","isPartOf":{"@id":"https:\/\/crudo-leather.com\/#website"},"primaryImageOfPage":{"@id":"https:\/\/crudo-leather.com\/product\/crayon-shinchan-customized-leather-keychain-coral-pink-2\/#primaryimage"},"image":{"@id":"https:\/\/crudo-leather.com\/product\/crayon-shinchan-customized-leather-keychain-coral-pink-2\/#primaryimage"},"thumbnailUrl":"https:\/\/crudo-leather.com\/wp-content\/uploads\/2024\/08\/shinchan_wbg_kec01_pi_f-1.jpg","datePublished":"2024-08-01T06:01:01+00:00","dateModified":"2025-08-06T02:03:04+00:00","description":"Get the officially licensed Crayon Shinchan leather keychain. Coral pink shade. Free engraving service & luxury gift box. Mix & match character charms to show your unique style. Shop now!","breadcrumb":{"@id":"https:\/\/crudo-leather.com\/product\/crayon-shinchan-customized-leather-keychain-coral-pink-2\/#breadcrumb"},"inLanguage":"en-US","potentialAction":[{"@type":"ReadAction","target":["https:\/\/crudo-leather.com\/product\/crayon-shinchan-customized-leather-keychain-coral-pink-2\/"]}]},{"@type":"ImageObject","inLanguage":"en-US","@id":"https:\/\/crudo-leather.com\/product\/crayon-shinchan-customized-leather-keychain-coral-pink-2\/#primaryimage","url":"https:\/\/crudo-leather.com\/wp-content\/uploads\/2024\/08\/shinchan_wbg_kec01_pi_f-1.jpg","contentUrl":"https:\/\/crudo-leather.com\/wp-content\/uploads\/2024\/08\/shinchan_wbg_kec01_pi_f-1.jpg","width":2000,"height":2000},{"@type":"BreadcrumbList","@id":"https:\/\/crudo-leather.com\/product\/crayon-shinchan-customized-leather-keychain-coral-pink-2\/#breadcrumb","itemListElement":[{"@type":"ListItem","position":1,"name":"Shop","item":"https:\/\/crudo-leather.com\/shop\/"},{"@type":"ListItem","position":2,"name":"Crayon Shinchan Customized Leather Keychain"}]},{"@type":"WebSite","@id":"https:\/\/crudo-leather.com\/#website","url":"https:\/\/crudo-leather.com\/","name":"Crudo","description":"","potentialAction":[{"@type":"SearchAction","target":{"@type":"EntryPoint","urlTemplate":"https:\/\/crudo-leather.com\/?s={search_term_string}"},"query-input":{"@type":"PropertyValueSpecification","valueRequired":true,"valueName":"search_term_string"}}],"inLanguage":"en-US"}]}},"_links":{"self":[{"href":"https:\/\/crudo-leather.com\/de\/wp-json\/wp\/v2\/product\/2162"}],"collection":[{"href":"https:\/\/crudo-leather.com\/de\/wp-json\/wp\/v2\/product"}],"about":[{"href":"https:\/\/crudo-leather.com\/de\/wp-json\/wp\/v2\/types\/product"}],"replies":[{"embeddable":true,"href":"https:\/\/crudo-leather.com\/de\/wp-json\/wp\/v2\/comments?post=2162"}],"wp:featuredmedia":[{"embeddable":true,"href":"https:\/\/crudo-leather.com\/de\/wp-json\/wp\/v2\/media\/3455"}],"wp:attachment":[{"href":"https:\/\/crudo-leather.com\/de\/wp-json\/wp\/v2\/media?parent=2162"}],"wp:term":[{"taxonomy":"collection","embeddable":true,"href":"https:\/\/crudo-leather.com\/de\/wp-json\/wp\/v2\/collection?post=2162"},{"taxonomy":"trending_cat","embeddable":true,"href":"https:\/\/crudo-leather.com\/de\/wp-json\/wp\/v2\/trending_cat?post=2162"},{"taxonomy":"product_cat","embeddable":true,"href":"https:\/\/crudo-leather.com\/de\/wp-json\/wp\/v2\/product_cat?post=2162"},{"taxonomy":"product_tag","embeddable":true,"href":"https:\/\/crudo-leather.com\/de\/wp-json\/wp\/v2\/product_tag?post=2162"}],"curies":[{"name":"wp","href":"https:\/\/api.w.org\/{rel}","templated":true}]}}