{"id":2163,"date":"2024-08-01T14:01:02","date_gmt":"2024-08-01T06:01:02","guid":{"rendered":"https:\/\/crudo-leather.com\/product\/crayon-shinchan-customized-box-chain-gemstone-bracelet-twilight-silver-mother-of-pearl\/"},"modified":"2026-01-09T11:55:54","modified_gmt":"2026-01-09T03:55:54","slug":"crayon-shinchan-customized-box-chain-gemstone-bracelet-twilight-silver-mother-of-pearl","status":"publish","type":"product","link":"https:\/\/crudo-leather.com\/de\/product\/crayon-shinchan-customized-box-chain-gemstone-bracelet-twilight-silver-mother-of-pearl\/","title":{"rendered":"Crayon Shinchan Limited Edition ma\u00dfgeschneiderte quadratische Stahlstab-Edelstein-Armband"},"content":{"rendered":"","protected":false},"excerpt":{"rendered":"<p>**Bitte w\u00e4hlen Sie mindestens ein Crayon Shinchan Metall-Anh\u00e4nger aus, sonst wird das Produkt nur mit dem urspr\u00fcnglichen Crudo runden Anh\u00e4nger geliefert und nicht mit der Crayon Shinchan Special Edition Geschenkbox**<\/p>\n\n<p><ins><strong>Crudo x Crayon Shinchan<\/strong><\/ins><\/p>\n\n<p>Crudo kooperiert mit der beliebten japanischen Cartoon-Figur \"Crayon Shinchan\" und pr\u00e4sentiert eine Reihe von lustigen und niedlichen Lederaccessoires. Verschiedene Shinchan-Figuren und seine Freunde und Familie verwandeln sich in filigrane Metall-Anh\u00e4nger, die frei mit dem Bestseller-Lederarmband kombiniert werden k\u00f6nnen. Kombiniert mit dem exklusiven Crudo Personalisierungs-Service f\u00fcr Gravuren k\u00f6nnen Sie sofort Ihr einzigartiges und unterhaltsames Accessoire gestalten!<\/p>\n\n<p><br \/>\n<strong>Klicken Sie auf \"In den Warenkorb legen und gestalten\", um Ihre Gravur zu entwerfen<\/strong><\/p>\n\n<p>- Offiziell lizenzierte Crayon Shinchan Produkte aus Japan<br \/>\n- Mehrere verschiedene Metall-Anh\u00e4nger mit Shinchan und seinen Freunden\/Familie k\u00f6nnen frei kombiniert und an einem Stahlarmband befestigt werden<br \/>\n- Beim Kauf einer Crayon Shinchan Limited Edition Stahlarmband erhalten Sie eine Crayon Shinchan Limited Edition Geschenkbox, deren Deckel als Gru\u00dfkarte abgetrennt werden kann<br \/>\n- Einzigartige, achteckig geschnittene lange Stahlst\u00e4be kombiniert mit speziell entworfenen quadratischen Edelstahlketten<br \/>\n- Perlmuttsteine sind in die Oberfl\u00e4che aus 316L-Edelstahl eingelassen und reflektieren das Licht kristallklar<br \/>\n- Perlmuttsteine symbolisieren sanfte und elegante Ausstrahlung, ihr nat\u00fcrlicher Glanz ist sowohl w\u00fcrdevoll als auch sanft und verleiht dem Tr\u00e4ger Ruhe und Gl\u00fcck<br \/>\n- Handwerker verwenden pr\u00e4zise Edelsteinschneidetechniken, um die wertvollen Steine zum Strahlen zu bringen<br \/>\n- Jeder Edelstein wird nat\u00fcrlich abgebaut und hat ein einzigartiges, nat\u00fcrliches Muster, das unersetzlich ist<br \/>\n- Verblasst und oxidiert nicht leicht, bleibt dauerhaft erhalten<br \/>\n- Geeignet f\u00fcr Menschen mit empfindlicher Haut<br \/>\n- Mit Magnetverschluss<br \/>\n- Mehrere Schriftarten, \u00fcber 100 Emojis und 60 Gravurvorschl\u00e4ge zur Auswahl<\/p>\n\n<p><br \/>\n<strong>Produktionszeit und Versanddetails<\/strong><br \/>\n- Jedes Produkt ben\u00f6tigt nur 1-5 Werktage zur Fertigstellung<br \/>\n- Bestellungen von heute k\u00f6nnen bereits morgen versendet werden<br \/>\n- Nur in Hongkong, Taiwan und Macau erh\u00e4ltlich<\/p>","protected":false},"featured_media":3464,"comment_status":"open","ping_status":"closed","template":"","meta":{"inline_featured_image":false},"collection":[2287],"trending_cat":[2391],"product_cat":[17],"product_tag":[101],"class_list":{"0":"post-2163","1":"product","2":"type-product","3":"status-publish","4":"has-post-thumbnail","6":"trending_cat-miami-love-chain-bracelet","7":"product_cat-bracelets-cuffs","8":"product_tag-crayon-shinchan","10":"first","11":"instock","12":"sale","13":"shipping-taxable","14":"purchasable","15":"product-type-variable"},"yoast_head":"<!-- This site is optimized with the Yoast SEO plugin v23.4 - https:\/\/yoast.com\/wordpress\/plugins\/seo\/ -->\n<title>Crudo Crayon Shinchan personalisiertes Metallarmband mit Edelsteinen - Twilight Silber Perlmutt<\/title>\n<meta name=\"description\" content=\"Entdecken Sie die Crudo Crayon Shinchan Limited Edition Twilight Silber Perlmutt Metallkette Edelstein Armband. 316L Edelstahl mit eingelegtem nat\u00fcrlichem Perlmutt, Magnetverschluss, kostenlose Gravur und optionaler Anh\u00e4nger. Heilende Mode.\" \/>\n<meta name=\"robots\" content=\"index, follow, max-snippet:-1, max-image-preview:large, max-video-preview:-1\" \/>\n<link rel=\"canonical\" href=\"https:\/\/crudo-leather.com\/de\/product\/crayon-shinchan-customized-box-chain-gemstone-bracelet-twilight-silver-mother-of-pearl\/\" \/>\n<meta property=\"og:locale\" content=\"en_US\" \/>\n<meta property=\"og:type\" content=\"article\" \/>\n<meta property=\"og:title\" content=\"Crudo Crayon Shinchan personalisiertes Metallarmband mit Edelsteinen - Twilight Silber Perlmutt\" \/>\n<meta property=\"og:description\" content=\"Entdecken Sie die Crudo Crayon Shinchan Limited Edition Twilight Silber Perlmutt Metallkette Edelstein Armband. 316L Edelstahl mit eingelegtem nat\u00fcrlichem Perlmutt, Magnetverschluss, kostenlose Gravur und optionaler Anh\u00e4nger. Heilende Mode.\" \/>\n<meta property=\"og:url\" content=\"https:\/\/crudo-leather.com\/product\/crayon-shinchan-customized-box-chain-gemstone-bracelet-twilight-silver-mother-of-pearl\/\" \/>\n<meta property=\"og:site_name\" content=\"Crudo\" \/>\n<meta property=\"article:modified_time\" content=\"2026-01-09T03:55:54+00:00\" \/>\n<meta property=\"og:image\" content=\"https:\/\/crudo-leather.com\/wp-content\/uploads\/2024\/08\/sc_zbt26_wbg_whitestone_silver_a.jpg\" \/>\n\t<meta property=\"og:image:width\" content=\"640\" \/>\n\t<meta property=\"og:image:height\" content=\"640\" \/>\n\t<meta property=\"og:image:type\" content=\"image\/jpeg\" \/>\n<meta name=\"twitter:card\" content=\"summary_large_image\" \/>\n<meta name=\"twitter:label1\" content=\"Est. reading time\" \/>\n\t<meta name=\"twitter:data1\" content=\"1 minute\" \/>\n<script type=\"application\/ld+json\" class=\"yoast-schema-graph\">{\"@context\":\"https:\/\/schema.org\",\"@graph\":[{\"@type\":\"WebPage\",\"@id\":\"https:\/\/crudo-leather.com\/product\/crayon-shinchan-customized-box-chain-gemstone-bracelet-twilight-silver-mother-of-pearl\/\",\"url\":\"https:\/\/crudo-leather.com\/product\/crayon-shinchan-customized-box-chain-gemstone-bracelet-twilight-silver-mother-of-pearl\/\",\"name\":\"Crayon Shinchan Box Chain Gemstone Bracelet - Twilight Silver Mother of Pearl\",\"isPartOf\":{\"@id\":\"https:\/\/crudo-leather.com\/#website\"},\"primaryImageOfPage\":{\"@id\":\"https:\/\/crudo-leather.com\/product\/crayon-shinchan-customized-box-chain-gemstone-bracelet-twilight-silver-mother-of-pearl\/#primaryimage\"},\"image\":{\"@id\":\"https:\/\/crudo-leather.com\/product\/crayon-shinchan-customized-box-chain-gemstone-bracelet-twilight-silver-mother-of-pearl\/#primaryimage\"},\"thumbnailUrl\":\"https:\/\/crudo-leather.com\/wp-content\/uploads\/2024\/08\/sc_zbt26_wbg_whitestone_silver_a.jpg\",\"datePublished\":\"2024-08-01T06:01:02+00:00\",\"dateModified\":\"2026-01-09T03:55:54+00:00\",\"description\":\"Get the officially licensed Crayon Shinchan box chain gemstone bracelet. Twilight silver with mother of pearl. Free engraving & luxury gift box. A unique accessory for fans. Shop now!\",\"breadcrumb\":{\"@id\":\"https:\/\/crudo-leather.com\/product\/crayon-shinchan-customized-box-chain-gemstone-bracelet-twilight-silver-mother-of-pearl\/#breadcrumb\"},\"inLanguage\":\"en-US\",\"potentialAction\":[{\"@type\":\"ReadAction\",\"target\":[\"https:\/\/crudo-leather.com\/product\/crayon-shinchan-customized-box-chain-gemstone-bracelet-twilight-silver-mother-of-pearl\/\"]}]},{\"@type\":\"ImageObject\",\"inLanguage\":\"en-US\",\"@id\":\"https:\/\/crudo-leather.com\/product\/crayon-shinchan-customized-box-chain-gemstone-bracelet-twilight-silver-mother-of-pearl\/#primaryimage\",\"url\":\"https:\/\/crudo-leather.com\/wp-content\/uploads\/2024\/08\/sc_zbt26_wbg_whitestone_silver_a.jpg\",\"contentUrl\":\"https:\/\/crudo-leather.com\/wp-content\/uploads\/2024\/08\/sc_zbt26_wbg_whitestone_silver_a.jpg\",\"width\":640,\"height\":640},{\"@type\":\"BreadcrumbList\",\"@id\":\"https:\/\/crudo-leather.com\/product\/crayon-shinchan-customized-box-chain-gemstone-bracelet-twilight-silver-mother-of-pearl\/#breadcrumb\",\"itemListElement\":[{\"@type\":\"ListItem\",\"position\":1,\"name\":\"Shop\",\"item\":\"https:\/\/crudo-leather.com\/shop\/\"},{\"@type\":\"ListItem\",\"position\":2,\"name\":\"Crayon Shinchan Customized Box Chain Gemstone Bracelet\"}]},{\"@type\":\"WebSite\",\"@id\":\"https:\/\/crudo-leather.com\/#website\",\"url\":\"https:\/\/crudo-leather.com\/\",\"name\":\"Crudo\",\"description\":\"\",\"potentialAction\":[{\"@type\":\"SearchAction\",\"target\":{\"@type\":\"EntryPoint\",\"urlTemplate\":\"https:\/\/crudo-leather.com\/?s={search_term_string}\"},\"query-input\":{\"@type\":\"PropertyValueSpecification\",\"valueRequired\":true,\"valueName\":\"search_term_string\"}}],\"inLanguage\":\"en-US\"}]}<\/script>\n<!-- \/ Yoast SEO plugin. -->","yoast_head_json":{"title":"Crudo Crayon Shinchan personalisiertes Metallarmband mit Edelsteinen - Twilight Silber Perlmutt","description":"Entdecken Sie die Crudo Crayon Shinchan Limited Edition Twilight Silber Perlmutt Metallkette Edelstein Armband. 316L Edelstahl mit eingelegtem nat\u00fcrlichem Perlmutt, Magnetverschluss, kostenlose Gravur und optionaler Anh\u00e4nger. Heilende Mode.","robots":{"index":"index","follow":"follow","max-snippet":"max-snippet:-1","max-image-preview":"max-image-preview:large","max-video-preview":"max-video-preview:-1"},"canonical":"https:\/\/crudo-leather.com\/de\/product\/crayon-shinchan-customized-box-chain-gemstone-bracelet-twilight-silver-mother-of-pearl\/","og_locale":"en_US","og_type":"article","og_title":"Crudo Crayon Shinchan personalisiertes Metallarmband mit Edelsteinen - Twilight Silber Perlmutt","og_description":"Entdecken Sie die Crudo Crayon Shinchan Limited Edition Twilight Silber Perlmutt Metallkette Edelstein Armband. 316L Edelstahl mit eingelegtem nat\u00fcrlichem Perlmutt, Magnetverschluss, kostenlose Gravur und optionaler Anh\u00e4nger. Heilende Mode.","og_url":"https:\/\/crudo-leather.com\/product\/crayon-shinchan-customized-box-chain-gemstone-bracelet-twilight-silver-mother-of-pearl\/","og_site_name":"Crudo","article_modified_time":"2026-01-09T03:55:54+00:00","og_image":[{"width":640,"height":640,"url":"https:\/\/crudo-leather.com\/wp-content\/uploads\/2024\/08\/sc_zbt26_wbg_whitestone_silver_a.jpg","type":"image\/jpeg"}],"twitter_card":"summary_large_image","twitter_misc":{"Est. reading time":"1 minute"},"schema":{"@context":"https:\/\/schema.org","@graph":[{"@type":"WebPage","@id":"https:\/\/crudo-leather.com\/product\/crayon-shinchan-customized-box-chain-gemstone-bracelet-twilight-silver-mother-of-pearl\/","url":"https:\/\/crudo-leather.com\/product\/crayon-shinchan-customized-box-chain-gemstone-bracelet-twilight-silver-mother-of-pearl\/","name":"Crayon Shinchan Box Chain Gemstone Bracelet - Twilight Silver Mother of Pearl","isPartOf":{"@id":"https:\/\/crudo-leather.com\/#website"},"primaryImageOfPage":{"@id":"https:\/\/crudo-leather.com\/product\/crayon-shinchan-customized-box-chain-gemstone-bracelet-twilight-silver-mother-of-pearl\/#primaryimage"},"image":{"@id":"https:\/\/crudo-leather.com\/product\/crayon-shinchan-customized-box-chain-gemstone-bracelet-twilight-silver-mother-of-pearl\/#primaryimage"},"thumbnailUrl":"https:\/\/crudo-leather.com\/wp-content\/uploads\/2024\/08\/sc_zbt26_wbg_whitestone_silver_a.jpg","datePublished":"2024-08-01T06:01:02+00:00","dateModified":"2026-01-09T03:55:54+00:00","description":"Get the officially licensed Crayon Shinchan box chain gemstone bracelet. Twilight silver with mother of pearl. Free engraving & luxury gift box. A unique accessory for fans. Shop now!","breadcrumb":{"@id":"https:\/\/crudo-leather.com\/product\/crayon-shinchan-customized-box-chain-gemstone-bracelet-twilight-silver-mother-of-pearl\/#breadcrumb"},"inLanguage":"en-US","potentialAction":[{"@type":"ReadAction","target":["https:\/\/crudo-leather.com\/product\/crayon-shinchan-customized-box-chain-gemstone-bracelet-twilight-silver-mother-of-pearl\/"]}]},{"@type":"ImageObject","inLanguage":"en-US","@id":"https:\/\/crudo-leather.com\/product\/crayon-shinchan-customized-box-chain-gemstone-bracelet-twilight-silver-mother-of-pearl\/#primaryimage","url":"https:\/\/crudo-leather.com\/wp-content\/uploads\/2024\/08\/sc_zbt26_wbg_whitestone_silver_a.jpg","contentUrl":"https:\/\/crudo-leather.com\/wp-content\/uploads\/2024\/08\/sc_zbt26_wbg_whitestone_silver_a.jpg","width":640,"height":640},{"@type":"BreadcrumbList","@id":"https:\/\/crudo-leather.com\/product\/crayon-shinchan-customized-box-chain-gemstone-bracelet-twilight-silver-mother-of-pearl\/#breadcrumb","itemListElement":[{"@type":"ListItem","position":1,"name":"Shop","item":"https:\/\/crudo-leather.com\/shop\/"},{"@type":"ListItem","position":2,"name":"Crayon Shinchan Customized Box Chain Gemstone Bracelet"}]},{"@type":"WebSite","@id":"https:\/\/crudo-leather.com\/#website","url":"https:\/\/crudo-leather.com\/","name":"Crudo","description":"","potentialAction":[{"@type":"SearchAction","target":{"@type":"EntryPoint","urlTemplate":"https:\/\/crudo-leather.com\/?s={search_term_string}"},"query-input":{"@type":"PropertyValueSpecification","valueRequired":true,"valueName":"search_term_string"}}],"inLanguage":"en-US"}]}},"_links":{"self":[{"href":"https:\/\/crudo-leather.com\/de\/wp-json\/wp\/v2\/product\/2163"}],"collection":[{"href":"https:\/\/crudo-leather.com\/de\/wp-json\/wp\/v2\/product"}],"about":[{"href":"https:\/\/crudo-leather.com\/de\/wp-json\/wp\/v2\/types\/product"}],"replies":[{"embeddable":true,"href":"https:\/\/crudo-leather.com\/de\/wp-json\/wp\/v2\/comments?post=2163"}],"wp:featuredmedia":[{"embeddable":true,"href":"https:\/\/crudo-leather.com\/de\/wp-json\/wp\/v2\/media\/3464"}],"wp:attachment":[{"href":"https:\/\/crudo-leather.com\/de\/wp-json\/wp\/v2\/media?parent=2163"}],"wp:term":[{"taxonomy":"collection","embeddable":true,"href":"https:\/\/crudo-leather.com\/de\/wp-json\/wp\/v2\/collection?post=2163"},{"taxonomy":"trending_cat","embeddable":true,"href":"https:\/\/crudo-leather.com\/de\/wp-json\/wp\/v2\/trending_cat?post=2163"},{"taxonomy":"product_cat","embeddable":true,"href":"https:\/\/crudo-leather.com\/de\/wp-json\/wp\/v2\/product_cat?post=2163"},{"taxonomy":"product_tag","embeddable":true,"href":"https:\/\/crudo-leather.com\/de\/wp-json\/wp\/v2\/product_tag?post=2163"}],"curies":[{"name":"wp","href":"https:\/\/api.w.org\/{rel}","templated":true}]}}