{"id":2171,"date":"2024-08-01T14:01:14","date_gmt":"2024-08-01T06:01:14","guid":{"rendered":"https:\/\/crudo-leather.com\/product\/ritmo-di-vita-mechanical-watch-stainless-steel-cufflinks-starry-silver\/"},"modified":"2025-11-17T09:24:59","modified_gmt":"2025-11-17T01:24:59","slug":"ritmo-di-vita-mechanical-watch-stainless-steel-cufflinks-starry-silver","status":"publish","type":"product","link":"https:\/\/crudo-leather.com\/de\/product\/ritmo-di-vita-mechanical-watch-stainless-steel-cufflinks-starry-silver\/","title":{"rendered":"Ritmo di vita mechanisches Uhrwerk Edelstahl Manschettenkn\u00f6pfe"},"content":{"rendered":"","protected":false},"excerpt":{"rendered":"<p style=\"margin-left:0cm;margin-right:0cm;\"><strong>Klicken<\/strong><strong> Sie auf <\/strong><strong>\"<\/strong><strong>In den Warenkorb legen und gestalten<\/strong><strong>\"<\/strong><strong>, um Ihren Gravurtext zu gestalten.<\/strong><\/p>\n\n<p style=\"margin-left:0cm;margin-right:0cm;\">Inspiriert vom Rhythmus des Lebens (the rhythm of life), pr\u00e4sentiert es perfekt das komplexe und raffinierte Uhrwerk und interpretiert eine herausragende Lebenseinstellung f\u00fcr den st\u00e4dtischen Mann, der jeden Rhythmus des Lebens genie\u00dft.<\/p>\n\n<p style=\"margin-left:0cm;margin-right:0cm;\">- Hergestellt aus hochwertigem westdeutschen Stahl<br \/>\n- Verblasst und oxidiert nicht leicht, langlebig und haltbar<br \/>\n- Die Uhrwerksverarbeitung wird von erfahrenen Handwerkern pers\u00f6nlich durchgef\u00fchrt<br \/>\n- Personalisierte S\u00e4tze k\u00f6nnen auf die Metallschlie\u00dfe graviert werden<br \/>\n- \u00dcber 20 Schriftarten, 100 Emojis und 60 Gravurvorschl\u00e4ge zur Auswahl<br \/>\n- Kostenloses Upgrade zum edlen Geschenkset (inklusive Geschenkkarte und Produktgarantie)<\/p>\n\n<p><strong>Herstellungszeit und Versanddetails<\/strong><strong> <\/strong><br \/>\n- Jedes Produkt ben\u00f6tigt nur 1-5 Werktage zur Fertigstellung<br \/>\n- Bei Bestellung heute kann es bereits morgen versendet werden<br \/>\n- Weltweiter Versand<\/p>","protected":false},"featured_media":3525,"comment_status":"open","ping_status":"closed","template":"","meta":{"inline_featured_image":false},"collection":[],"trending_cat":[],"product_cat":[2379],"product_tag":[],"class_list":{"0":"post-2171","1":"product","2":"type-product","3":"status-publish","4":"has-post-thumbnail","6":"product_cat-cufflink","8":"first","9":"instock","10":"sale","11":"shipping-taxable","12":"purchasable","13":"product-type-variable"},"yoast_head":"<!-- This site is optimized with the Yoast SEO plugin v23.4 - https:\/\/yoast.com\/wordpress\/plugins\/seo\/ -->\n<title>Crudo Ritmo di Vita Armbanduhr Edelstahl Manschettenkn\u00f6pfe Sternenhimmel Silber<\/title>\n<meta name=\"description\" content=\"Crudo Ritmo di Vita Serie Sternenhimmel Silber mechanische Uhr Edelstahl Manschettenkn\u00f6pfe. Raffiniertes 316L deutsches Stahl, erfahrene Handwerker behandeln das Uhrwerk, personalisierte Gravur m\u00f6glich, inklusive elegantem Geschenkset und Garantie, weltweiter Versand.\" \/>\n<meta name=\"robots\" content=\"index, follow, max-snippet:-1, max-image-preview:large, max-video-preview:-1\" \/>\n<link rel=\"canonical\" href=\"https:\/\/crudo-leather.com\/de\/product\/ritmo-di-vita-mechanical-watch-stainless-steel-cufflinks-starry-silver\/\" \/>\n<meta property=\"og:locale\" content=\"en_US\" \/>\n<meta property=\"og:type\" content=\"article\" \/>\n<meta property=\"og:title\" content=\"Crudo Ritmo di Vita Armbanduhr Edelstahl Manschettenkn\u00f6pfe Sternenhimmel Silber\" \/>\n<meta property=\"og:description\" content=\"Crudo Ritmo di Vita Serie Sternenhimmel Silber mechanische Uhr Edelstahl Manschettenkn\u00f6pfe. Raffiniertes 316L deutsches Stahl, erfahrene Handwerker behandeln das Uhrwerk, personalisierte Gravur m\u00f6glich, inklusive elegantem Geschenkset und Garantie, weltweiter Versand.\" \/>\n<meta property=\"og:url\" content=\"https:\/\/crudo-leather.com\/product\/ritmo-di-vita-mechanical-watch-stainless-steel-cufflinks-starry-silver\/\" \/>\n<meta property=\"og:site_name\" content=\"Crudo\" \/>\n<meta property=\"article:modified_time\" content=\"2025-11-17T01:24:59+00:00\" \/>\n<meta property=\"og:image\" content=\"https:\/\/crudo-leather.com\/wp-content\/uploads\/2024\/08\/cufflink-5-2.jpg\" \/>\n\t<meta property=\"og:image:width\" content=\"640\" \/>\n\t<meta property=\"og:image:height\" content=\"640\" \/>\n\t<meta property=\"og:image:type\" content=\"image\/jpeg\" \/>\n<meta name=\"twitter:card\" content=\"summary_large_image\" \/>\n<meta name=\"twitter:label1\" content=\"Est. reading time\" \/>\n\t<meta name=\"twitter:data1\" content=\"1 minute\" \/>\n<script type=\"application\/ld+json\" class=\"yoast-schema-graph\">{\"@context\":\"https:\/\/schema.org\",\"@graph\":[{\"@type\":\"WebPage\",\"@id\":\"https:\/\/crudo-leather.com\/product\/ritmo-di-vita-mechanical-watch-stainless-steel-cufflinks-starry-silver\/\",\"url\":\"https:\/\/crudo-leather.com\/product\/ritmo-di-vita-mechanical-watch-stainless-steel-cufflinks-starry-silver\/\",\"name\":\"Ritmo di Vita Starry Silver Cufflinks\",\"isPartOf\":{\"@id\":\"https:\/\/crudo-leather.com\/#website\"},\"primaryImageOfPage\":{\"@id\":\"https:\/\/crudo-leather.com\/product\/ritmo-di-vita-mechanical-watch-stainless-steel-cufflinks-starry-silver\/#primaryimage\"},\"image\":{\"@id\":\"https:\/\/crudo-leather.com\/product\/ritmo-di-vita-mechanical-watch-stainless-steel-cufflinks-starry-silver\/#primaryimage\"},\"thumbnailUrl\":\"https:\/\/crudo-leather.com\/wp-content\/uploads\/2024\/08\/cufflink-5-2.jpg\",\"datePublished\":\"2024-08-01T06:01:14+00:00\",\"dateModified\":\"2025-11-17T01:24:59+00:00\",\"description\":\"Dazzle with the Ritmo di Vita Mechanical Watch Stainless Steel Cufflinks in Starry Silver. A celestial touch for your formal attire.\",\"breadcrumb\":{\"@id\":\"https:\/\/crudo-leather.com\/product\/ritmo-di-vita-mechanical-watch-stainless-steel-cufflinks-starry-silver\/#breadcrumb\"},\"inLanguage\":\"en-US\",\"potentialAction\":[{\"@type\":\"ReadAction\",\"target\":[\"https:\/\/crudo-leather.com\/product\/ritmo-di-vita-mechanical-watch-stainless-steel-cufflinks-starry-silver\/\"]}]},{\"@type\":\"ImageObject\",\"inLanguage\":\"en-US\",\"@id\":\"https:\/\/crudo-leather.com\/product\/ritmo-di-vita-mechanical-watch-stainless-steel-cufflinks-starry-silver\/#primaryimage\",\"url\":\"https:\/\/crudo-leather.com\/wp-content\/uploads\/2024\/08\/cufflink-5-2.jpg\",\"contentUrl\":\"https:\/\/crudo-leather.com\/wp-content\/uploads\/2024\/08\/cufflink-5-2.jpg\",\"width\":640,\"height\":640},{\"@type\":\"BreadcrumbList\",\"@id\":\"https:\/\/crudo-leather.com\/product\/ritmo-di-vita-mechanical-watch-stainless-steel-cufflinks-starry-silver\/#breadcrumb\",\"itemListElement\":[{\"@type\":\"ListItem\",\"position\":1,\"name\":\"Shop\",\"item\":\"https:\/\/crudo-leather.com\/shop\/\"},{\"@type\":\"ListItem\",\"position\":2,\"name\":\"Ritmo di vita Mechanical Watch Stainless Steel Cufflinks\"}]},{\"@type\":\"WebSite\",\"@id\":\"https:\/\/crudo-leather.com\/#website\",\"url\":\"https:\/\/crudo-leather.com\/\",\"name\":\"Crudo\",\"description\":\"\",\"potentialAction\":[{\"@type\":\"SearchAction\",\"target\":{\"@type\":\"EntryPoint\",\"urlTemplate\":\"https:\/\/crudo-leather.com\/?s={search_term_string}\"},\"query-input\":{\"@type\":\"PropertyValueSpecification\",\"valueRequired\":true,\"valueName\":\"search_term_string\"}}],\"inLanguage\":\"en-US\"}]}<\/script>\n<!-- \/ Yoast SEO plugin. -->","yoast_head_json":{"title":"Crudo Ritmo di Vita Armbanduhr Edelstahl Manschettenkn\u00f6pfe Sternenhimmel Silber","description":"Crudo Ritmo di Vita Serie Sternenhimmel Silber mechanische Uhr Edelstahl Manschettenkn\u00f6pfe. Raffiniertes 316L deutsches Stahl, erfahrene Handwerker behandeln das Uhrwerk, personalisierte Gravur m\u00f6glich, inklusive elegantem Geschenkset und Garantie, weltweiter Versand.","robots":{"index":"index","follow":"follow","max-snippet":"max-snippet:-1","max-image-preview":"max-image-preview:large","max-video-preview":"max-video-preview:-1"},"canonical":"https:\/\/crudo-leather.com\/de\/product\/ritmo-di-vita-mechanical-watch-stainless-steel-cufflinks-starry-silver\/","og_locale":"en_US","og_type":"article","og_title":"Crudo Ritmo di Vita Armbanduhr Edelstahl Manschettenkn\u00f6pfe Sternenhimmel Silber","og_description":"Crudo Ritmo di Vita Serie Sternenhimmel Silber mechanische Uhr Edelstahl Manschettenkn\u00f6pfe. Raffiniertes 316L deutsches Stahl, erfahrene Handwerker behandeln das Uhrwerk, personalisierte Gravur m\u00f6glich, inklusive elegantem Geschenkset und Garantie, weltweiter Versand.","og_url":"https:\/\/crudo-leather.com\/product\/ritmo-di-vita-mechanical-watch-stainless-steel-cufflinks-starry-silver\/","og_site_name":"Crudo","article_modified_time":"2025-11-17T01:24:59+00:00","og_image":[{"width":640,"height":640,"url":"https:\/\/crudo-leather.com\/wp-content\/uploads\/2024\/08\/cufflink-5-2.jpg","type":"image\/jpeg"}],"twitter_card":"summary_large_image","twitter_misc":{"Est. reading time":"1 minute"},"schema":{"@context":"https:\/\/schema.org","@graph":[{"@type":"WebPage","@id":"https:\/\/crudo-leather.com\/product\/ritmo-di-vita-mechanical-watch-stainless-steel-cufflinks-starry-silver\/","url":"https:\/\/crudo-leather.com\/product\/ritmo-di-vita-mechanical-watch-stainless-steel-cufflinks-starry-silver\/","name":"Ritmo di Vita Starry Silver Cufflinks","isPartOf":{"@id":"https:\/\/crudo-leather.com\/#website"},"primaryImageOfPage":{"@id":"https:\/\/crudo-leather.com\/product\/ritmo-di-vita-mechanical-watch-stainless-steel-cufflinks-starry-silver\/#primaryimage"},"image":{"@id":"https:\/\/crudo-leather.com\/product\/ritmo-di-vita-mechanical-watch-stainless-steel-cufflinks-starry-silver\/#primaryimage"},"thumbnailUrl":"https:\/\/crudo-leather.com\/wp-content\/uploads\/2024\/08\/cufflink-5-2.jpg","datePublished":"2024-08-01T06:01:14+00:00","dateModified":"2025-11-17T01:24:59+00:00","description":"Dazzle with the Ritmo di Vita Mechanical Watch Stainless Steel Cufflinks in Starry Silver. A celestial touch for your formal attire.","breadcrumb":{"@id":"https:\/\/crudo-leather.com\/product\/ritmo-di-vita-mechanical-watch-stainless-steel-cufflinks-starry-silver\/#breadcrumb"},"inLanguage":"en-US","potentialAction":[{"@type":"ReadAction","target":["https:\/\/crudo-leather.com\/product\/ritmo-di-vita-mechanical-watch-stainless-steel-cufflinks-starry-silver\/"]}]},{"@type":"ImageObject","inLanguage":"en-US","@id":"https:\/\/crudo-leather.com\/product\/ritmo-di-vita-mechanical-watch-stainless-steel-cufflinks-starry-silver\/#primaryimage","url":"https:\/\/crudo-leather.com\/wp-content\/uploads\/2024\/08\/cufflink-5-2.jpg","contentUrl":"https:\/\/crudo-leather.com\/wp-content\/uploads\/2024\/08\/cufflink-5-2.jpg","width":640,"height":640},{"@type":"BreadcrumbList","@id":"https:\/\/crudo-leather.com\/product\/ritmo-di-vita-mechanical-watch-stainless-steel-cufflinks-starry-silver\/#breadcrumb","itemListElement":[{"@type":"ListItem","position":1,"name":"Shop","item":"https:\/\/crudo-leather.com\/shop\/"},{"@type":"ListItem","position":2,"name":"Ritmo di vita Mechanical Watch Stainless Steel Cufflinks"}]},{"@type":"WebSite","@id":"https:\/\/crudo-leather.com\/#website","url":"https:\/\/crudo-leather.com\/","name":"Crudo","description":"","potentialAction":[{"@type":"SearchAction","target":{"@type":"EntryPoint","urlTemplate":"https:\/\/crudo-leather.com\/?s={search_term_string}"},"query-input":{"@type":"PropertyValueSpecification","valueRequired":true,"valueName":"search_term_string"}}],"inLanguage":"en-US"}]}},"_links":{"self":[{"href":"https:\/\/crudo-leather.com\/de\/wp-json\/wp\/v2\/product\/2171"}],"collection":[{"href":"https:\/\/crudo-leather.com\/de\/wp-json\/wp\/v2\/product"}],"about":[{"href":"https:\/\/crudo-leather.com\/de\/wp-json\/wp\/v2\/types\/product"}],"replies":[{"embeddable":true,"href":"https:\/\/crudo-leather.com\/de\/wp-json\/wp\/v2\/comments?post=2171"}],"wp:featuredmedia":[{"embeddable":true,"href":"https:\/\/crudo-leather.com\/de\/wp-json\/wp\/v2\/media\/3525"}],"wp:attachment":[{"href":"https:\/\/crudo-leather.com\/de\/wp-json\/wp\/v2\/media?parent=2171"}],"wp:term":[{"taxonomy":"collection","embeddable":true,"href":"https:\/\/crudo-leather.com\/de\/wp-json\/wp\/v2\/collection?post=2171"},{"taxonomy":"trending_cat","embeddable":true,"href":"https:\/\/crudo-leather.com\/de\/wp-json\/wp\/v2\/trending_cat?post=2171"},{"taxonomy":"product_cat","embeddable":true,"href":"https:\/\/crudo-leather.com\/de\/wp-json\/wp\/v2\/product_cat?post=2171"},{"taxonomy":"product_tag","embeddable":true,"href":"https:\/\/crudo-leather.com\/de\/wp-json\/wp\/v2\/product_tag?post=2171"}],"curies":[{"name":"wp","href":"https:\/\/api.w.org\/{rel}","templated":true}]}}