{"id":2179,"date":"2024-08-01T14:01:25","date_gmt":"2024-08-01T06:01:25","guid":{"rendered":"https:\/\/crudo-leather.com\/product\/il-faro-titanium-gemstone-bar-necklace-rose-gold-blue-sapphire\/"},"modified":"2026-03-12T16:34:29","modified_gmt":"2026-03-12T08:34:29","slug":"il-faro-titanium-gemstone-bar-necklace-rose-gold-blue-sapphire","status":"publish","type":"product","link":"https:\/\/crudo-leather.com\/de\/product\/il-faro-titanium-gemstone-bar-necklace-rose-gold-blue-sapphire\/","title":{"rendered":"Il Faro Titan Schmuck Langkette"},"content":{"rendered":"","protected":false},"excerpt":{"rendered":"<p>Wenn man an Leuchtt\u00fcrme denkt, kommen einem unweigerlich W\u00f6rter wie Liebe, Romantik, Standhaftigkeit und Treue in den Sinn. Ob in Shakespeares \"Sonett 116\", Wong Kar-wais Film \"Happy Together\" oder Virginia Woolfs \"To the Lighthouse\", die Pr\u00e4senz eines Leuchtturms symbolisiert stets ein leuchtendes Licht und eine unver\u00e4nderliche Liebe.<\/p>\n\n<p>Die Il Faro Titan-Edelstein-Langkette ist von romantischen Leuchtt\u00fcrmen inspiriert; Il Faro bedeutet auf Italienisch Leuchtturm. Das Anh\u00e4nger aus Weltraumtitan ist mit funkelnden Saphiren aus Madagaskar besetzt, die die ewige Liebe und ein unersch\u00fctterliches Liebesversprechen symbolisieren. Der Saphir, der f\u00fcr Treue und Gl\u00fcck steht, ist das ewige Feuer des Leuchtturms und sitzt an der Stelle, die dem Herzen am n\u00e4chsten ist, wie der Schutz eines Geliebten, der den Weg zum Licht weist. Das exklusive kleine Achteck-Metallschliffdesign verleiht dem St\u00fcck zus\u00e4tzliche Raffinesse.<\/p>\n\n<p> <\/p>\n\n<p><strong>Details<\/strong><br \/>\n- Hergestellt aus Grad-5 Weltraumtitan<br \/>\n- Titan ist extrem leicht und h\u00e4rter als Edelstahl<br \/>\n- Saphire aus Madagaskar symbolisieren Treue und Gl\u00fcck und sind der Edelstein f\u00fcr den 5. und 45. Hochzeitstag; au\u00dferdem der Geburtsstein f\u00fcr September<br \/>\n- Exklusives kleines Achteck-Metallschliffdesign<br \/>\n- Personalisierter Gravurservice mit verschiedenen Designvorlagen und Schriftarten zur Auswahl<br \/>\n- Gr\u00f6\u00dfe S mit Kette, Gr\u00f6\u00dfe M mit Kordel<br \/>\n- Geeignet f\u00fcr Menschen mit empfindlicher Haut<br \/>\n- Kostenloses Upgrade zum edlen Geschenkset (inkl. Geschenkkarte und Produktgarantie)<\/p>\n\n<p> <\/p>\n\n<p><strong>Produktionszeit und Versanddetails<\/strong><br \/>\n- Jedes Produkt wird in nur 1-5 Arbeitstagen hergestellt<br \/>\n- Bei Bestellung heute kann die Lieferung bereits morgen versendet werden<br \/>\n- Weltweiter Versand<\/p>","protected":false},"featured_media":3586,"comment_status":"open","ping_status":"closed","template":"","meta":{"inline_featured_image":false},"collection":[],"trending_cat":[],"product_cat":[86],"product_tag":[],"class_list":{"0":"post-2179","1":"product","2":"type-product","3":"status-publish","4":"has-post-thumbnail","6":"product_cat-customized","8":"first","9":"instock","10":"sale","11":"shipping-taxable","12":"purchasable","13":"product-type-variable"},"yoast_head":"<!-- This site is optimized with the Yoast SEO plugin v23.4 - https:\/\/yoast.com\/wordpress\/plugins\/seo\/ -->\n<title>Crudo Il Faro Titanstahl Edelstein Bar Halskette - Ros\u00e9gold Saphir<\/title>\n<meta name=\"description\" content=\"Entdecken Sie die Crudo Il Faro Titanstahl-Edelstein-Barrenkette in Ros\u00e9gold mit Saphir. 316L deutscher Stahl mit eingelegtem Saphir, symbolisiert standhafte Liebe. Kostenlose Gravur m\u00f6glich, inklusive elegantem Geschenkbox. Jetzt kaufen und Ihren einzigartigen Stil zeigen.\" \/>\n<meta name=\"robots\" content=\"index, follow, max-snippet:-1, max-image-preview:large, max-video-preview:-1\" \/>\n<link rel=\"canonical\" href=\"https:\/\/crudo-leather.com\/de\/product\/il-faro-titanium-gemstone-bar-necklace-rose-gold-blue-sapphire\/\" \/>\n<meta property=\"og:locale\" content=\"en_US\" \/>\n<meta property=\"og:type\" content=\"article\" \/>\n<meta property=\"og:title\" content=\"Crudo Il Faro Titanstahl Edelstein Bar Halskette - Ros\u00e9gold Saphir\" \/>\n<meta property=\"og:description\" content=\"Entdecken Sie die Crudo Il Faro Titanstahl-Edelstein-Barrenkette in Ros\u00e9gold mit Saphir. 316L deutscher Stahl mit eingelegtem Saphir, symbolisiert standhafte Liebe. Kostenlose Gravur m\u00f6glich, inklusive elegantem Geschenkbox. Jetzt kaufen und Ihren einzigartigen Stil zeigen.\" \/>\n<meta property=\"og:url\" content=\"https:\/\/crudo-leather.com\/product\/il-faro-titanium-gemstone-bar-necklace-rose-gold-blue-sapphire\/\" \/>\n<meta property=\"og:site_name\" content=\"Crudo\" \/>\n<meta property=\"article:modified_time\" content=\"2026-03-12T08:34:29+00:00\" \/>\n<meta property=\"og:image\" content=\"https:\/\/crudo-leather.com\/wp-content\/uploads\/2024\/08\/640x640wbg_0003_layer_12.jpg\" \/>\n\t<meta property=\"og:image:width\" content=\"640\" \/>\n\t<meta property=\"og:image:height\" content=\"640\" \/>\n\t<meta property=\"og:image:type\" content=\"image\/jpeg\" \/>\n<meta name=\"twitter:card\" content=\"summary_large_image\" \/>\n<meta name=\"twitter:label1\" content=\"Est. reading time\" \/>\n\t<meta name=\"twitter:data1\" content=\"1 minute\" \/>\n<script type=\"application\/ld+json\" class=\"yoast-schema-graph\">{\"@context\":\"https:\/\/schema.org\",\"@graph\":[{\"@type\":\"WebPage\",\"@id\":\"https:\/\/crudo-leather.com\/product\/il-faro-titanium-gemstone-bar-necklace-rose-gold-blue-sapphire\/\",\"url\":\"https:\/\/crudo-leather.com\/product\/il-faro-titanium-gemstone-bar-necklace-rose-gold-blue-sapphire\/\",\"name\":\"Il Faro Titanium Gemstone Bar Necklace - Rose Gold Blue Sapphire\",\"isPartOf\":{\"@id\":\"https:\/\/crudo-leather.com\/#website\"},\"primaryImageOfPage\":{\"@id\":\"https:\/\/crudo-leather.com\/product\/il-faro-titanium-gemstone-bar-necklace-rose-gold-blue-sapphire\/#primaryimage\"},\"image\":{\"@id\":\"https:\/\/crudo-leather.com\/product\/il-faro-titanium-gemstone-bar-necklace-rose-gold-blue-sapphire\/#primaryimage\"},\"thumbnailUrl\":\"https:\/\/crudo-leather.com\/wp-content\/uploads\/2024\/08\/640x640wbg_0003_layer_12.jpg\",\"datePublished\":\"2024-08-01T06:01:25+00:00\",\"dateModified\":\"2026-03-12T08:34:29+00:00\",\"description\":\"Discover Il Faro titanium gemstone bar necklace in rose gold with blue sapphire. A luxurious and elegant accessory, perfect for adding a touch of color. Shop now!\",\"breadcrumb\":{\"@id\":\"https:\/\/crudo-leather.com\/product\/il-faro-titanium-gemstone-bar-necklace-rose-gold-blue-sapphire\/#breadcrumb\"},\"inLanguage\":\"en-US\",\"potentialAction\":[{\"@type\":\"ReadAction\",\"target\":[\"https:\/\/crudo-leather.com\/product\/il-faro-titanium-gemstone-bar-necklace-rose-gold-blue-sapphire\/\"]}]},{\"@type\":\"ImageObject\",\"inLanguage\":\"en-US\",\"@id\":\"https:\/\/crudo-leather.com\/product\/il-faro-titanium-gemstone-bar-necklace-rose-gold-blue-sapphire\/#primaryimage\",\"url\":\"https:\/\/crudo-leather.com\/wp-content\/uploads\/2024\/08\/640x640wbg_0003_layer_12.jpg\",\"contentUrl\":\"https:\/\/crudo-leather.com\/wp-content\/uploads\/2024\/08\/640x640wbg_0003_layer_12.jpg\",\"width\":640,\"height\":640},{\"@type\":\"BreadcrumbList\",\"@id\":\"https:\/\/crudo-leather.com\/product\/il-faro-titanium-gemstone-bar-necklace-rose-gold-blue-sapphire\/#breadcrumb\",\"itemListElement\":[{\"@type\":\"ListItem\",\"position\":1,\"name\":\"Shop\",\"item\":\"https:\/\/crudo-leather.com\/shop\/\"},{\"@type\":\"ListItem\",\"position\":2,\"name\":\"Il Faro Titanium Gemstone Bar Necklace\"}]},{\"@type\":\"WebSite\",\"@id\":\"https:\/\/crudo-leather.com\/#website\",\"url\":\"https:\/\/crudo-leather.com\/\",\"name\":\"Crudo\",\"description\":\"\",\"potentialAction\":[{\"@type\":\"SearchAction\",\"target\":{\"@type\":\"EntryPoint\",\"urlTemplate\":\"https:\/\/crudo-leather.com\/?s={search_term_string}\"},\"query-input\":{\"@type\":\"PropertyValueSpecification\",\"valueRequired\":true,\"valueName\":\"search_term_string\"}}],\"inLanguage\":\"en-US\"}]}<\/script>\n<!-- \/ Yoast SEO plugin. -->","yoast_head_json":{"title":"Crudo Il Faro Titanstahl Edelstein Bar Halskette - Ros\u00e9gold Saphir","description":"Entdecken Sie die Crudo Il Faro Titanstahl-Edelstein-Barrenkette in Ros\u00e9gold mit Saphir. 316L deutscher Stahl mit eingelegtem Saphir, symbolisiert standhafte Liebe. Kostenlose Gravur m\u00f6glich, inklusive elegantem Geschenkbox. Jetzt kaufen und Ihren einzigartigen Stil zeigen.","robots":{"index":"index","follow":"follow","max-snippet":"max-snippet:-1","max-image-preview":"max-image-preview:large","max-video-preview":"max-video-preview:-1"},"canonical":"https:\/\/crudo-leather.com\/de\/product\/il-faro-titanium-gemstone-bar-necklace-rose-gold-blue-sapphire\/","og_locale":"en_US","og_type":"article","og_title":"Crudo Il Faro Titanstahl Edelstein Bar Halskette - Ros\u00e9gold Saphir","og_description":"Entdecken Sie die Crudo Il Faro Titanstahl-Edelstein-Barrenkette in Ros\u00e9gold mit Saphir. 316L deutscher Stahl mit eingelegtem Saphir, symbolisiert standhafte Liebe. Kostenlose Gravur m\u00f6glich, inklusive elegantem Geschenkbox. Jetzt kaufen und Ihren einzigartigen Stil zeigen.","og_url":"https:\/\/crudo-leather.com\/product\/il-faro-titanium-gemstone-bar-necklace-rose-gold-blue-sapphire\/","og_site_name":"Crudo","article_modified_time":"2026-03-12T08:34:29+00:00","og_image":[{"width":640,"height":640,"url":"https:\/\/crudo-leather.com\/wp-content\/uploads\/2024\/08\/640x640wbg_0003_layer_12.jpg","type":"image\/jpeg"}],"twitter_card":"summary_large_image","twitter_misc":{"Est. reading time":"1 minute"},"schema":{"@context":"https:\/\/schema.org","@graph":[{"@type":"WebPage","@id":"https:\/\/crudo-leather.com\/product\/il-faro-titanium-gemstone-bar-necklace-rose-gold-blue-sapphire\/","url":"https:\/\/crudo-leather.com\/product\/il-faro-titanium-gemstone-bar-necklace-rose-gold-blue-sapphire\/","name":"Il Faro Titanium Gemstone Bar Necklace - Rose Gold Blue Sapphire","isPartOf":{"@id":"https:\/\/crudo-leather.com\/#website"},"primaryImageOfPage":{"@id":"https:\/\/crudo-leather.com\/product\/il-faro-titanium-gemstone-bar-necklace-rose-gold-blue-sapphire\/#primaryimage"},"image":{"@id":"https:\/\/crudo-leather.com\/product\/il-faro-titanium-gemstone-bar-necklace-rose-gold-blue-sapphire\/#primaryimage"},"thumbnailUrl":"https:\/\/crudo-leather.com\/wp-content\/uploads\/2024\/08\/640x640wbg_0003_layer_12.jpg","datePublished":"2024-08-01T06:01:25+00:00","dateModified":"2026-03-12T08:34:29+00:00","description":"Discover Il Faro titanium gemstone bar necklace in rose gold with blue sapphire. A luxurious and elegant accessory, perfect for adding a touch of color. Shop now!","breadcrumb":{"@id":"https:\/\/crudo-leather.com\/product\/il-faro-titanium-gemstone-bar-necklace-rose-gold-blue-sapphire\/#breadcrumb"},"inLanguage":"en-US","potentialAction":[{"@type":"ReadAction","target":["https:\/\/crudo-leather.com\/product\/il-faro-titanium-gemstone-bar-necklace-rose-gold-blue-sapphire\/"]}]},{"@type":"ImageObject","inLanguage":"en-US","@id":"https:\/\/crudo-leather.com\/product\/il-faro-titanium-gemstone-bar-necklace-rose-gold-blue-sapphire\/#primaryimage","url":"https:\/\/crudo-leather.com\/wp-content\/uploads\/2024\/08\/640x640wbg_0003_layer_12.jpg","contentUrl":"https:\/\/crudo-leather.com\/wp-content\/uploads\/2024\/08\/640x640wbg_0003_layer_12.jpg","width":640,"height":640},{"@type":"BreadcrumbList","@id":"https:\/\/crudo-leather.com\/product\/il-faro-titanium-gemstone-bar-necklace-rose-gold-blue-sapphire\/#breadcrumb","itemListElement":[{"@type":"ListItem","position":1,"name":"Shop","item":"https:\/\/crudo-leather.com\/shop\/"},{"@type":"ListItem","position":2,"name":"Il Faro Titanium Gemstone Bar Necklace"}]},{"@type":"WebSite","@id":"https:\/\/crudo-leather.com\/#website","url":"https:\/\/crudo-leather.com\/","name":"Crudo","description":"","potentialAction":[{"@type":"SearchAction","target":{"@type":"EntryPoint","urlTemplate":"https:\/\/crudo-leather.com\/?s={search_term_string}"},"query-input":{"@type":"PropertyValueSpecification","valueRequired":true,"valueName":"search_term_string"}}],"inLanguage":"en-US"}]}},"_links":{"self":[{"href":"https:\/\/crudo-leather.com\/de\/wp-json\/wp\/v2\/product\/2179"}],"collection":[{"href":"https:\/\/crudo-leather.com\/de\/wp-json\/wp\/v2\/product"}],"about":[{"href":"https:\/\/crudo-leather.com\/de\/wp-json\/wp\/v2\/types\/product"}],"replies":[{"embeddable":true,"href":"https:\/\/crudo-leather.com\/de\/wp-json\/wp\/v2\/comments?post=2179"}],"wp:featuredmedia":[{"embeddable":true,"href":"https:\/\/crudo-leather.com\/de\/wp-json\/wp\/v2\/media\/3586"}],"wp:attachment":[{"href":"https:\/\/crudo-leather.com\/de\/wp-json\/wp\/v2\/media?parent=2179"}],"wp:term":[{"taxonomy":"collection","embeddable":true,"href":"https:\/\/crudo-leather.com\/de\/wp-json\/wp\/v2\/collection?post=2179"},{"taxonomy":"trending_cat","embeddable":true,"href":"https:\/\/crudo-leather.com\/de\/wp-json\/wp\/v2\/trending_cat?post=2179"},{"taxonomy":"product_cat","embeddable":true,"href":"https:\/\/crudo-leather.com\/de\/wp-json\/wp\/v2\/product_cat?post=2179"},{"taxonomy":"product_tag","embeddable":true,"href":"https:\/\/crudo-leather.com\/de\/wp-json\/wp\/v2\/product_tag?post=2179"}],"curies":[{"name":"wp","href":"https:\/\/api.w.org\/{rel}","templated":true}]}}