{"id":2188,"date":"2024-08-01T14:01:39","date_gmt":"2024-08-01T06:01:39","guid":{"rendered":"https:\/\/crudo-leather.com\/product\/asgard-everlasting-necklace-frigga-piano-white-rose-gold-edition\/"},"modified":"2025-11-17T09:26:16","modified_gmt":"2025-11-17T01:26:16","slug":"asgard-everlasting-necklace-frigga-piano-white-rose-gold-edition","status":"publish","type":"product","link":"https:\/\/crudo-leather.com\/de\/product\/asgard-everlasting-necklace-frigga-piano-white-rose-gold-edition\/","title":{"rendered":"Asgard Everlasting Rundhalskette - Frigg"},"content":{"rendered":"","protected":false},"excerpt":{"rendered":"<p><strong>\"Freyja ist die G\u00f6ttin der Liebe in der nordischen Mythologie und symbolisiert Liebe, Zukunft und Wissen.\"<\/strong><\/p>\n\n<p>Beim Kauf erhalten Sie kostenlos eine Halskette, solange der Vorrat reicht.<\/p>\n\n<p><strong>Beschreibung:<\/strong><\/p>\n\n<p><strong>-<\/strong> \u00dcber 20 Schriftarten, 100 Emojis und 60 Gravurvorschl\u00e4ge zur Auswahl<br \/>\n- Kostenloses Upgrade zum exklusiven Geschenkset (inkl. Geschenkkarte und Produktgarantie)<br \/>\n- Hergestellt aus hochwertigem 316L Edelstahl mit Ros\u00e9gold-Beschichtung<br \/>\n- Handgefertigt von Kunsthandwerkern<\/p>\n\n<p><strong>Herstellungszeit und Versanddetails<\/strong><br \/>\n- Jedes Produkt wird in nur 1-5 Werktagen hergestellt<br \/>\n- Bei Bestellung heute kann die Sendung bereits morgen versandt werden<br \/>\n- Weltweiter Versand<\/p>","protected":false},"featured_media":3647,"comment_status":"open","ping_status":"closed","template":"","meta":{"inline_featured_image":false},"collection":[],"trending_cat":[],"product_cat":[86],"product_tag":[],"class_list":{"0":"post-2188","1":"product","2":"type-product","3":"status-publish","4":"has-post-thumbnail","6":"product_cat-customized","8":"first","9":"instock","10":"sale","11":"shipping-taxable","12":"purchasable","13":"product-type-variable"},"yoast_head":"<!-- This site is optimized with the Yoast SEO plugin v23.4 - https:\/\/yoast.com\/wordpress\/plugins\/seo\/ -->\n<title>Asgard Ewigkeit Halskette - Frigga Klavierwei\u00df Ros\u00e9gold Edition<\/title>\n<meta name=\"description\" content=\"Crudo Asgard Ewigkeit Halskette Frigga Klavier Wei\u00df Ros\u00e9gold Edition. Handgefertigt aus 316L deutscher Stahl, symbolisiert Liebe und Wissen. Bietet verschiedene Gravuroptionen, wird mit einer eleganten Geschenkbox geliefert. Bringt Ihnen ewige Segnungen und Weisheit.\" \/>\n<meta name=\"robots\" content=\"index, follow, max-snippet:-1, max-image-preview:large, max-video-preview:-1\" \/>\n<link rel=\"canonical\" href=\"https:\/\/crudo-leather.com\/de\/product\/asgard-everlasting-necklace-frigga-piano-white-rose-gold-edition\/\" \/>\n<meta property=\"og:locale\" content=\"en_US\" \/>\n<meta property=\"og:type\" content=\"article\" \/>\n<meta property=\"og:title\" content=\"Asgard Ewigkeit Halskette - Frigga Klavierwei\u00df Ros\u00e9gold Edition\" \/>\n<meta property=\"og:description\" content=\"Crudo Asgard Ewigkeit Halskette Frigga Klavier Wei\u00df Ros\u00e9gold Edition. Handgefertigt aus 316L deutscher Stahl, symbolisiert Liebe und Wissen. Bietet verschiedene Gravuroptionen, wird mit einer eleganten Geschenkbox geliefert. Bringt Ihnen ewige Segnungen und Weisheit.\" \/>\n<meta property=\"og:url\" content=\"https:\/\/crudo-leather.com\/product\/asgard-everlasting-necklace-frigga-piano-white-rose-gold-edition\/\" \/>\n<meta property=\"og:site_name\" content=\"Crudo\" \/>\n<meta property=\"article:modified_time\" content=\"2025-11-17T01:26:16+00:00\" \/>\n<meta property=\"og:image\" content=\"https:\/\/crudo-leather.com\/wp-content\/uploads\/2024\/08\/rosegold_3.jpg\" \/>\n\t<meta property=\"og:image:width\" content=\"640\" \/>\n\t<meta property=\"og:image:height\" content=\"640\" \/>\n\t<meta property=\"og:image:type\" content=\"image\/jpeg\" \/>\n<meta name=\"twitter:card\" content=\"summary_large_image\" \/>\n<meta name=\"twitter:label1\" content=\"Est. reading time\" \/>\n\t<meta name=\"twitter:data1\" content=\"1 minute\" \/>\n<script type=\"application\/ld+json\" class=\"yoast-schema-graph\">{\"@context\":\"https:\/\/schema.org\",\"@graph\":[{\"@type\":\"WebPage\",\"@id\":\"https:\/\/crudo-leather.com\/product\/asgard-everlasting-necklace-frigga-piano-white-rose-gold-edition\/\",\"url\":\"https:\/\/crudo-leather.com\/product\/asgard-everlasting-necklace-frigga-piano-white-rose-gold-edition\/\",\"name\":\"Asgard Everlasting Necklace Frigga - Piano White Rose Gold Edition\",\"isPartOf\":{\"@id\":\"https:\/\/crudo-leather.com\/#website\"},\"primaryImageOfPage\":{\"@id\":\"https:\/\/crudo-leather.com\/product\/asgard-everlasting-necklace-frigga-piano-white-rose-gold-edition\/#primaryimage\"},\"image\":{\"@id\":\"https:\/\/crudo-leather.com\/product\/asgard-everlasting-necklace-frigga-piano-white-rose-gold-edition\/#primaryimage\"},\"thumbnailUrl\":\"https:\/\/crudo-leather.com\/wp-content\/uploads\/2024\/08\/rosegold_3.jpg\",\"datePublished\":\"2024-08-01T06:01:39+00:00\",\"dateModified\":\"2025-11-17T01:26:16+00:00\",\"description\":\"Discover Asgard Everlasting Necklace Frigga. Piano white with rose gold, an elegant and sophisticated accessory. Perfect for a graceful look. Shop now!\",\"breadcrumb\":{\"@id\":\"https:\/\/crudo-leather.com\/product\/asgard-everlasting-necklace-frigga-piano-white-rose-gold-edition\/#breadcrumb\"},\"inLanguage\":\"en-US\",\"potentialAction\":[{\"@type\":\"ReadAction\",\"target\":[\"https:\/\/crudo-leather.com\/product\/asgard-everlasting-necklace-frigga-piano-white-rose-gold-edition\/\"]}]},{\"@type\":\"ImageObject\",\"inLanguage\":\"en-US\",\"@id\":\"https:\/\/crudo-leather.com\/product\/asgard-everlasting-necklace-frigga-piano-white-rose-gold-edition\/#primaryimage\",\"url\":\"https:\/\/crudo-leather.com\/wp-content\/uploads\/2024\/08\/rosegold_3.jpg\",\"contentUrl\":\"https:\/\/crudo-leather.com\/wp-content\/uploads\/2024\/08\/rosegold_3.jpg\",\"width\":640,\"height\":640},{\"@type\":\"BreadcrumbList\",\"@id\":\"https:\/\/crudo-leather.com\/product\/asgard-everlasting-necklace-frigga-piano-white-rose-gold-edition\/#breadcrumb\",\"itemListElement\":[{\"@type\":\"ListItem\",\"position\":1,\"name\":\"Shop\",\"item\":\"https:\/\/crudo-leather.com\/shop\/\"},{\"@type\":\"ListItem\",\"position\":2,\"name\":\"Asgard Everlasting Necklace Frigga\"}]},{\"@type\":\"WebSite\",\"@id\":\"https:\/\/crudo-leather.com\/#website\",\"url\":\"https:\/\/crudo-leather.com\/\",\"name\":\"Crudo\",\"description\":\"\",\"potentialAction\":[{\"@type\":\"SearchAction\",\"target\":{\"@type\":\"EntryPoint\",\"urlTemplate\":\"https:\/\/crudo-leather.com\/?s={search_term_string}\"},\"query-input\":{\"@type\":\"PropertyValueSpecification\",\"valueRequired\":true,\"valueName\":\"search_term_string\"}}],\"inLanguage\":\"en-US\"}]}<\/script>\n<!-- \/ Yoast SEO plugin. -->","yoast_head_json":{"title":"Asgard Ewigkeit Halskette - Frigga Klavierwei\u00df Ros\u00e9gold Edition","description":"Crudo Asgard Ewigkeit Halskette Frigga Klavier Wei\u00df Ros\u00e9gold Edition. Handgefertigt aus 316L deutscher Stahl, symbolisiert Liebe und Wissen. Bietet verschiedene Gravuroptionen, wird mit einer eleganten Geschenkbox geliefert. Bringt Ihnen ewige Segnungen und Weisheit.","robots":{"index":"index","follow":"follow","max-snippet":"max-snippet:-1","max-image-preview":"max-image-preview:large","max-video-preview":"max-video-preview:-1"},"canonical":"https:\/\/crudo-leather.com\/de\/product\/asgard-everlasting-necklace-frigga-piano-white-rose-gold-edition\/","og_locale":"en_US","og_type":"article","og_title":"Asgard Ewigkeit Halskette - Frigga Klavierwei\u00df Ros\u00e9gold Edition","og_description":"Crudo Asgard Ewigkeit Halskette Frigga Klavier Wei\u00df Ros\u00e9gold Edition. Handgefertigt aus 316L deutscher Stahl, symbolisiert Liebe und Wissen. Bietet verschiedene Gravuroptionen, wird mit einer eleganten Geschenkbox geliefert. Bringt Ihnen ewige Segnungen und Weisheit.","og_url":"https:\/\/crudo-leather.com\/product\/asgard-everlasting-necklace-frigga-piano-white-rose-gold-edition\/","og_site_name":"Crudo","article_modified_time":"2025-11-17T01:26:16+00:00","og_image":[{"width":640,"height":640,"url":"https:\/\/crudo-leather.com\/wp-content\/uploads\/2024\/08\/rosegold_3.jpg","type":"image\/jpeg"}],"twitter_card":"summary_large_image","twitter_misc":{"Est. reading time":"1 minute"},"schema":{"@context":"https:\/\/schema.org","@graph":[{"@type":"WebPage","@id":"https:\/\/crudo-leather.com\/product\/asgard-everlasting-necklace-frigga-piano-white-rose-gold-edition\/","url":"https:\/\/crudo-leather.com\/product\/asgard-everlasting-necklace-frigga-piano-white-rose-gold-edition\/","name":"Asgard Everlasting Necklace Frigga - Piano White Rose Gold Edition","isPartOf":{"@id":"https:\/\/crudo-leather.com\/#website"},"primaryImageOfPage":{"@id":"https:\/\/crudo-leather.com\/product\/asgard-everlasting-necklace-frigga-piano-white-rose-gold-edition\/#primaryimage"},"image":{"@id":"https:\/\/crudo-leather.com\/product\/asgard-everlasting-necklace-frigga-piano-white-rose-gold-edition\/#primaryimage"},"thumbnailUrl":"https:\/\/crudo-leather.com\/wp-content\/uploads\/2024\/08\/rosegold_3.jpg","datePublished":"2024-08-01T06:01:39+00:00","dateModified":"2025-11-17T01:26:16+00:00","description":"Discover Asgard Everlasting Necklace Frigga. Piano white with rose gold, an elegant and sophisticated accessory. Perfect for a graceful look. Shop now!","breadcrumb":{"@id":"https:\/\/crudo-leather.com\/product\/asgard-everlasting-necklace-frigga-piano-white-rose-gold-edition\/#breadcrumb"},"inLanguage":"en-US","potentialAction":[{"@type":"ReadAction","target":["https:\/\/crudo-leather.com\/product\/asgard-everlasting-necklace-frigga-piano-white-rose-gold-edition\/"]}]},{"@type":"ImageObject","inLanguage":"en-US","@id":"https:\/\/crudo-leather.com\/product\/asgard-everlasting-necklace-frigga-piano-white-rose-gold-edition\/#primaryimage","url":"https:\/\/crudo-leather.com\/wp-content\/uploads\/2024\/08\/rosegold_3.jpg","contentUrl":"https:\/\/crudo-leather.com\/wp-content\/uploads\/2024\/08\/rosegold_3.jpg","width":640,"height":640},{"@type":"BreadcrumbList","@id":"https:\/\/crudo-leather.com\/product\/asgard-everlasting-necklace-frigga-piano-white-rose-gold-edition\/#breadcrumb","itemListElement":[{"@type":"ListItem","position":1,"name":"Shop","item":"https:\/\/crudo-leather.com\/shop\/"},{"@type":"ListItem","position":2,"name":"Asgard Everlasting Necklace Frigga"}]},{"@type":"WebSite","@id":"https:\/\/crudo-leather.com\/#website","url":"https:\/\/crudo-leather.com\/","name":"Crudo","description":"","potentialAction":[{"@type":"SearchAction","target":{"@type":"EntryPoint","urlTemplate":"https:\/\/crudo-leather.com\/?s={search_term_string}"},"query-input":{"@type":"PropertyValueSpecification","valueRequired":true,"valueName":"search_term_string"}}],"inLanguage":"en-US"}]}},"_links":{"self":[{"href":"https:\/\/crudo-leather.com\/de\/wp-json\/wp\/v2\/product\/2188"}],"collection":[{"href":"https:\/\/crudo-leather.com\/de\/wp-json\/wp\/v2\/product"}],"about":[{"href":"https:\/\/crudo-leather.com\/de\/wp-json\/wp\/v2\/types\/product"}],"replies":[{"embeddable":true,"href":"https:\/\/crudo-leather.com\/de\/wp-json\/wp\/v2\/comments?post=2188"}],"wp:featuredmedia":[{"embeddable":true,"href":"https:\/\/crudo-leather.com\/de\/wp-json\/wp\/v2\/media\/3647"}],"wp:attachment":[{"href":"https:\/\/crudo-leather.com\/de\/wp-json\/wp\/v2\/media?parent=2188"}],"wp:term":[{"taxonomy":"collection","embeddable":true,"href":"https:\/\/crudo-leather.com\/de\/wp-json\/wp\/v2\/collection?post=2188"},{"taxonomy":"trending_cat","embeddable":true,"href":"https:\/\/crudo-leather.com\/de\/wp-json\/wp\/v2\/trending_cat?post=2188"},{"taxonomy":"product_cat","embeddable":true,"href":"https:\/\/crudo-leather.com\/de\/wp-json\/wp\/v2\/product_cat?post=2188"},{"taxonomy":"product_tag","embeddable":true,"href":"https:\/\/crudo-leather.com\/de\/wp-json\/wp\/v2\/product_tag?post=2188"}],"curies":[{"name":"wp","href":"https:\/\/api.w.org\/{rel}","templated":true}]}}