{"id":2200,"date":"2024-08-01T14:01:58","date_gmt":"2024-08-01T06:01:58","guid":{"rendered":"https:\/\/crudo-leather.com\/product\/miami-love-customized-box-chain-bracelet-gemstone-edition-rose-gold-blue-goldstone\/"},"modified":"2026-01-08T14:17:22","modified_gmt":"2026-01-08T06:17:22","slug":"miami-love-customized-box-chain-bracelet-gemstone-edition-rose-gold-blue-goldstone","status":"publish","type":"product","link":"https:\/\/crudo-leather.com\/de\/product\/miami-love-customized-box-chain-bracelet-gemstone-edition-rose-gold-blue-goldstone\/","title":{"rendered":"Miami Love quadratischer Stahlstab personalisiertes Armband - Edelsteine Limited Edition"},"content":{"rendered":"","protected":false},"excerpt":{"rendered":"Inspiriert von einer Reise nach Miami, kombiniert das hochwertige quadratische Edelstahl-Armband das Sonnenlicht und die Str\u00e4nde von Miami mit der mysteri\u00f6sen Liebesgeschichte des Vizcaya-Gartens. Zusammen mit der heilenden Kraft nat\u00fcrlicher Edelsteine wird die tiefe, s\u00fc\u00dfe Botschaft, die auf den kleinen achteckigen Metallst\u00e4ben eingraviert ist, noch heilender und romantischer.\n\n<strong>Klicken Sie auf \"Zum Warenkorb hinzuf\u00fcgen und gestalten\", um Ihren Gravurinhalt zu gestalten<\/strong>\n\n- M\u00f6chten Sie dem Armband eine pers\u00f6nliche Note verleihen? Kombinieren Sie frei Anh\u00e4nger mit dem Armband, um Ihre pers\u00f6nliche Geschichte zu erz\u00e4hlen.\n- Design inspiriert vom modernen, modischen Stil Miamis.\n- Einzigartige kleine achteckig geschnittene rechteckige Stahlst\u00e4be kombiniert mit speziell gestalteten quadratischen Edelstahlketten, inspiriert von der K\u00fcstenlandschaft Miamis und der mysteri\u00f6sen Liebesgeschichte des Vizcaya-Gartens.\n- Auf der Oberfl\u00e4che von 316L Edelstahl sind Goldsandsteine eingelassen, die unter Lichtbrechung einen glitzernden, sternen\u00e4hnlichen Glanz erzeugen und Energie und Schwung verleihen.\n- Der Mut symbolisierende blaue Goldsandstein, wie funkelnde Sterne am Nachthimmel, ist ein Wunschstein, der die positive Energie des Menschen steigern kann.\n- Handwerker verwenden raffinierte Edelsteinschneidetechniken, um wertvolle Steine in einem bewegenden, glitzernden Glanz erstrahlen zu lassen.\n- Jeder Edelstein wird nat\u00fcrlich abgebaut und hat eine einzigartige, nat\u00fcrliche Textur, die unersetzlich ist.\n- Hergestellt aus 316L Edelstahl.\n- Verblasst und oxidiert nicht leicht, bleibt dauerhaft erhalten.\n- Geeignet f\u00fcr Menschen mit empfindlicher Haut.\n- Kann allein oder gestapelt getragen werden.\n- Magnetverschluss-Design.\n- Mehrere Schriftarten, Emojis und Gravurvorschl\u00e4ge zur Auswahl.\n- Kostenloses Upgrade zum exquisiten Geschenkset (inklusive Geschenkkarte und Produktgarantie).\n\n<strong>Herstellungszeit und Versanddetails<\/strong>\n- Jedes Produkt ben\u00f6tigt nur 1-5 Werktage zur Herstellung.\n- Bei Bestellung heute kann es bereits morgen versendet werden.\n- Weltweiter Versand.","protected":false},"featured_media":3726,"comment_status":"open","ping_status":"closed","template":"","meta":{"inline_featured_image":false},"collection":[2234],"trending_cat":[2401],"product_cat":[17],"product_tag":[],"class_list":{"0":"post-2200","1":"product","2":"type-product","3":"status-publish","4":"has-post-thumbnail","6":"trending_cat-love-stone-collection","7":"product_cat-bracelets-cuffs","9":"first","10":"instock","11":"sale","12":"shipping-taxable","13":"purchasable","14":"product-type-variable"},"yoast_head":"<!-- This site is optimized with the Yoast SEO plugin v23.4 - https:\/\/yoast.com\/wordpress\/plugins\/seo\/ -->\n<title>Crudo Miami Love Rosegold Blauer Sandstein Armband<\/title>\n<meta name=\"description\" content=\"Crudo Miami Love Edelstein Limited Edition personalisiertes Armband. Ros\u00e9gold mit blauem Sandstein, symbolisiert Mut. Feine Gravur, weltweiter Versand, einj\u00e4hrige Garantie. 15\" \/>\n<meta name=\"robots\" content=\"index, follow, max-snippet:-1, max-image-preview:large, max-video-preview:-1\" \/>\n<link rel=\"canonical\" href=\"https:\/\/crudo-leather.com\/de\/product\/miami-love-customized-box-chain-bracelet-gemstone-edition-rose-gold-blue-goldstone\/\" \/>\n<meta property=\"og:locale\" content=\"en_US\" \/>\n<meta property=\"og:type\" content=\"article\" \/>\n<meta property=\"og:title\" content=\"Crudo Miami Love Rosegold Blauer Sandstein Armband\" \/>\n<meta property=\"og:description\" content=\"Crudo Miami Love Edelstein Limited Edition personalisiertes Armband. Ros\u00e9gold mit blauem Sandstein, symbolisiert Mut. Feine Gravur, weltweiter Versand, einj\u00e4hrige Garantie. 15\" \/>\n<meta property=\"og:url\" content=\"https:\/\/crudo-leather.com\/product\/miami-love-customized-box-chain-bracelet-gemstone-edition-rose-gold-blue-goldstone\/\" \/>\n<meta property=\"og:site_name\" content=\"Crudo\" \/>\n<meta property=\"article:modified_time\" content=\"2026-01-08T06:17:22+00:00\" \/>\n<meta property=\"og:image\" content=\"https:\/\/crudo-leather.com\/wp-content\/uploads\/2024\/08\/zbt26_wbg_rgsd_a.jpg\" \/>\n\t<meta property=\"og:image:width\" content=\"640\" \/>\n\t<meta property=\"og:image:height\" content=\"640\" \/>\n\t<meta property=\"og:image:type\" content=\"image\/jpeg\" \/>\n<meta name=\"twitter:card\" content=\"summary_large_image\" \/>\n<meta name=\"twitter:label1\" content=\"Est. reading time\" \/>\n\t<meta name=\"twitter:data1\" content=\"1 minute\" \/>\n<script type=\"application\/ld+json\" class=\"yoast-schema-graph\">{\"@context\":\"https:\/\/schema.org\",\"@graph\":[{\"@type\":\"WebPage\",\"@id\":\"https:\/\/crudo-leather.com\/product\/miami-love-customized-box-chain-bracelet-gemstone-edition-rose-gold-blue-goldstone\/\",\"url\":\"https:\/\/crudo-leather.com\/product\/miami-love-customized-box-chain-bracelet-gemstone-edition-rose-gold-blue-goldstone\/\",\"name\":\"Miami Love Box Chain Gemstone Bracelet - Rose Gold Blue Goldstone\",\"isPartOf\":{\"@id\":\"https:\/\/crudo-leather.com\/#website\"},\"primaryImageOfPage\":{\"@id\":\"https:\/\/crudo-leather.com\/product\/miami-love-customized-box-chain-bracelet-gemstone-edition-rose-gold-blue-goldstone\/#primaryimage\"},\"image\":{\"@id\":\"https:\/\/crudo-leather.com\/product\/miami-love-customized-box-chain-bracelet-gemstone-edition-rose-gold-blue-goldstone\/#primaryimage\"},\"thumbnailUrl\":\"https:\/\/crudo-leather.com\/wp-content\/uploads\/2024\/08\/zbt26_wbg_rgsd_a.jpg\",\"datePublished\":\"2024-08-01T06:01:58+00:00\",\"dateModified\":\"2026-01-08T06:17:22+00:00\",\"description\":\"Discover Miami Love box chain gemstone bracelet in rose gold with blue goldstone. A sleek and modern accessory, perfect for a warm glow. Free engraving available. Shop now!\",\"breadcrumb\":{\"@id\":\"https:\/\/crudo-leather.com\/product\/miami-love-customized-box-chain-bracelet-gemstone-edition-rose-gold-blue-goldstone\/#breadcrumb\"},\"inLanguage\":\"en-US\",\"potentialAction\":[{\"@type\":\"ReadAction\",\"target\":[\"https:\/\/crudo-leather.com\/product\/miami-love-customized-box-chain-bracelet-gemstone-edition-rose-gold-blue-goldstone\/\"]}]},{\"@type\":\"ImageObject\",\"inLanguage\":\"en-US\",\"@id\":\"https:\/\/crudo-leather.com\/product\/miami-love-customized-box-chain-bracelet-gemstone-edition-rose-gold-blue-goldstone\/#primaryimage\",\"url\":\"https:\/\/crudo-leather.com\/wp-content\/uploads\/2024\/08\/zbt26_wbg_rgsd_a.jpg\",\"contentUrl\":\"https:\/\/crudo-leather.com\/wp-content\/uploads\/2024\/08\/zbt26_wbg_rgsd_a.jpg\",\"width\":640,\"height\":640},{\"@type\":\"BreadcrumbList\",\"@id\":\"https:\/\/crudo-leather.com\/product\/miami-love-customized-box-chain-bracelet-gemstone-edition-rose-gold-blue-goldstone\/#breadcrumb\",\"itemListElement\":[{\"@type\":\"ListItem\",\"position\":1,\"name\":\"Shop\",\"item\":\"https:\/\/crudo-leather.com\/shop\/\"},{\"@type\":\"ListItem\",\"position\":2,\"name\":\"Miami Love Customized Box Chain Bracelet Gemstone Edition\"}]},{\"@type\":\"WebSite\",\"@id\":\"https:\/\/crudo-leather.com\/#website\",\"url\":\"https:\/\/crudo-leather.com\/\",\"name\":\"Crudo\",\"description\":\"\",\"potentialAction\":[{\"@type\":\"SearchAction\",\"target\":{\"@type\":\"EntryPoint\",\"urlTemplate\":\"https:\/\/crudo-leather.com\/?s={search_term_string}\"},\"query-input\":{\"@type\":\"PropertyValueSpecification\",\"valueRequired\":true,\"valueName\":\"search_term_string\"}}],\"inLanguage\":\"en-US\"}]}<\/script>\n<!-- \/ Yoast SEO plugin. -->","yoast_head_json":{"title":"Crudo Miami Love Rosegold Blauer Sandstein Armband","description":"Crudo Miami Love Edelstein Limited Edition personalisiertes Armband. Ros\u00e9gold mit blauem Sandstein, symbolisiert Mut. Feine Gravur, weltweiter Versand, einj\u00e4hrige Garantie. 15","robots":{"index":"index","follow":"follow","max-snippet":"max-snippet:-1","max-image-preview":"max-image-preview:large","max-video-preview":"max-video-preview:-1"},"canonical":"https:\/\/crudo-leather.com\/de\/product\/miami-love-customized-box-chain-bracelet-gemstone-edition-rose-gold-blue-goldstone\/","og_locale":"en_US","og_type":"article","og_title":"Crudo Miami Love Rosegold Blauer Sandstein Armband","og_description":"Crudo Miami Love Edelstein Limited Edition personalisiertes Armband. Ros\u00e9gold mit blauem Sandstein, symbolisiert Mut. Feine Gravur, weltweiter Versand, einj\u00e4hrige Garantie. 15","og_url":"https:\/\/crudo-leather.com\/product\/miami-love-customized-box-chain-bracelet-gemstone-edition-rose-gold-blue-goldstone\/","og_site_name":"Crudo","article_modified_time":"2026-01-08T06:17:22+00:00","og_image":[{"width":640,"height":640,"url":"https:\/\/crudo-leather.com\/wp-content\/uploads\/2024\/08\/zbt26_wbg_rgsd_a.jpg","type":"image\/jpeg"}],"twitter_card":"summary_large_image","twitter_misc":{"Est. reading time":"1 minute"},"schema":{"@context":"https:\/\/schema.org","@graph":[{"@type":"WebPage","@id":"https:\/\/crudo-leather.com\/product\/miami-love-customized-box-chain-bracelet-gemstone-edition-rose-gold-blue-goldstone\/","url":"https:\/\/crudo-leather.com\/product\/miami-love-customized-box-chain-bracelet-gemstone-edition-rose-gold-blue-goldstone\/","name":"Miami Love Box Chain Gemstone Bracelet - Rose Gold Blue Goldstone","isPartOf":{"@id":"https:\/\/crudo-leather.com\/#website"},"primaryImageOfPage":{"@id":"https:\/\/crudo-leather.com\/product\/miami-love-customized-box-chain-bracelet-gemstone-edition-rose-gold-blue-goldstone\/#primaryimage"},"image":{"@id":"https:\/\/crudo-leather.com\/product\/miami-love-customized-box-chain-bracelet-gemstone-edition-rose-gold-blue-goldstone\/#primaryimage"},"thumbnailUrl":"https:\/\/crudo-leather.com\/wp-content\/uploads\/2024\/08\/zbt26_wbg_rgsd_a.jpg","datePublished":"2024-08-01T06:01:58+00:00","dateModified":"2026-01-08T06:17:22+00:00","description":"Discover Miami Love box chain gemstone bracelet in rose gold with blue goldstone. A sleek and modern accessory, perfect for a warm glow. Free engraving available. Shop now!","breadcrumb":{"@id":"https:\/\/crudo-leather.com\/product\/miami-love-customized-box-chain-bracelet-gemstone-edition-rose-gold-blue-goldstone\/#breadcrumb"},"inLanguage":"en-US","potentialAction":[{"@type":"ReadAction","target":["https:\/\/crudo-leather.com\/product\/miami-love-customized-box-chain-bracelet-gemstone-edition-rose-gold-blue-goldstone\/"]}]},{"@type":"ImageObject","inLanguage":"en-US","@id":"https:\/\/crudo-leather.com\/product\/miami-love-customized-box-chain-bracelet-gemstone-edition-rose-gold-blue-goldstone\/#primaryimage","url":"https:\/\/crudo-leather.com\/wp-content\/uploads\/2024\/08\/zbt26_wbg_rgsd_a.jpg","contentUrl":"https:\/\/crudo-leather.com\/wp-content\/uploads\/2024\/08\/zbt26_wbg_rgsd_a.jpg","width":640,"height":640},{"@type":"BreadcrumbList","@id":"https:\/\/crudo-leather.com\/product\/miami-love-customized-box-chain-bracelet-gemstone-edition-rose-gold-blue-goldstone\/#breadcrumb","itemListElement":[{"@type":"ListItem","position":1,"name":"Shop","item":"https:\/\/crudo-leather.com\/shop\/"},{"@type":"ListItem","position":2,"name":"Miami Love Customized Box Chain Bracelet Gemstone Edition"}]},{"@type":"WebSite","@id":"https:\/\/crudo-leather.com\/#website","url":"https:\/\/crudo-leather.com\/","name":"Crudo","description":"","potentialAction":[{"@type":"SearchAction","target":{"@type":"EntryPoint","urlTemplate":"https:\/\/crudo-leather.com\/?s={search_term_string}"},"query-input":{"@type":"PropertyValueSpecification","valueRequired":true,"valueName":"search_term_string"}}],"inLanguage":"en-US"}]}},"_links":{"self":[{"href":"https:\/\/crudo-leather.com\/de\/wp-json\/wp\/v2\/product\/2200"}],"collection":[{"href":"https:\/\/crudo-leather.com\/de\/wp-json\/wp\/v2\/product"}],"about":[{"href":"https:\/\/crudo-leather.com\/de\/wp-json\/wp\/v2\/types\/product"}],"replies":[{"embeddable":true,"href":"https:\/\/crudo-leather.com\/de\/wp-json\/wp\/v2\/comments?post=2200"}],"wp:featuredmedia":[{"embeddable":true,"href":"https:\/\/crudo-leather.com\/de\/wp-json\/wp\/v2\/media\/3726"}],"wp:attachment":[{"href":"https:\/\/crudo-leather.com\/de\/wp-json\/wp\/v2\/media?parent=2200"}],"wp:term":[{"taxonomy":"collection","embeddable":true,"href":"https:\/\/crudo-leather.com\/de\/wp-json\/wp\/v2\/collection?post=2200"},{"taxonomy":"trending_cat","embeddable":true,"href":"https:\/\/crudo-leather.com\/de\/wp-json\/wp\/v2\/trending_cat?post=2200"},{"taxonomy":"product_cat","embeddable":true,"href":"https:\/\/crudo-leather.com\/de\/wp-json\/wp\/v2\/product_cat?post=2200"},{"taxonomy":"product_tag","embeddable":true,"href":"https:\/\/crudo-leather.com\/de\/wp-json\/wp\/v2\/product_tag?post=2200"}],"curies":[{"name":"wp","href":"https:\/\/api.w.org\/{rel}","templated":true}]}}