{"id":2221,"date":"2024-08-01T14:02:34","date_gmt":"2024-08-01T06:02:34","guid":{"rendered":"https:\/\/crudo-leather.com\/product\/crayon-shinchan-uv-printed-customized-leather-badge-holder-saffiano-blue\/"},"modified":"2026-01-02T09:49:13","modified_gmt":"2026-01-02T01:49:13","slug":"crayon-shinchan-uv-printed-customized-leather-badge-holder-saffiano-blue","status":"publish","type":"product","link":"https:\/\/crudo-leather.com\/de\/product\/crayon-shinchan-uv-printed-customized-leather-badge-holder-saffiano-blue\/","title":{"rendered":"Crayon Shinchan Limited Edition UV-Druck personalisierter Lederausweishalter"},"content":{"rendered":"","protected":false},"excerpt":{"rendered":"<p>** Nach Auswahl des Produkts und Klicken auf \"Zum Warenkorb hinzuf\u00fcgen und gestalten\" w\u00e4hlen Sie bitte auf der Gestaltungsseite mindestens ein Crayon Shinchan-Spezialmuster aus, um die UV-Druckanpassung abzuschlie\u00dfen und das Crayon Shinchan-Geschenkset zu upgraden. ** <\/p>\n\n<p><ins><strong>Crayon Shinchan x Crudo <\/strong><\/ins><\/p>\n\n<p>Kombinieren Sie Crudos exklusive UV-Drucktechnik f\u00fcr individuelle Anpassungen mit dem verspielten Image von Crayon Shinchan. Shinchan wird mit hoher Pr\u00e4zision und Detailgenauigkeit auf das Leder gedruckt, sodass das Muster farbenfroher und detailreicher wird und Shinchans niedliches Aussehen perfekt zur Geltung kommt. Verleihen Sie Ihren Lederprodukten Leben und lassen Sie sie zu einem Teil Ihres Alltags werden. <\/p>\n\n<p>- Offiziell lizenzierte Crayon Shinchan-Produkte aus Japan <br \/>\n- Bis zu 25 spezielle Crayon Shinchan-Muster zur Auswahl, die zusammen mit Ihrer personalisierten Unterschrift per UV-Druck auf dem Leder-Kartenhalter f\u00fcr Ausweise aufgebracht werden <br \/>\n- Beim Kauf der limitierten Edition des Leder-Kartenhalters f\u00fcr Ausweise von Crayon Shinchan erhalten Sie ein Crayon Shinchan-Geschenkset mit einer abrei\u00dfbaren Gru\u00dfkarte <br \/>\n- Hergestellt aus 100 % italienischem Kreuznarben-Vollrindleder <br \/>\n- Handgen\u00e4hte Ziern\u00e4hte, geschliffen und abgerundet <\/p>\n\n<p><strong>Details<\/strong><strong> :<\/strong><br \/>\n- Ein Ausweisfach, zwei Kartenf\u00e4cher<br \/>\n- Mit Halsband aus Leder<\/p>\n\n<p><strong>Herstellungszeit und Versanddetails<\/strong><strong> <\/strong><br \/>\n- Jedes Produkt ben\u00f6tigt nur 1-5 Werktage zur Fertigstellung<br \/>\n- Bei Bestellung heute kann es bereits morgen versendet werden<br \/>\n- Nur in Hongkong, Taiwan und Macau erh\u00e4ltlich <\/p>","protected":false},"featured_media":3874,"comment_status":"open","ping_status":"closed","template":"","meta":{"inline_featured_image":false},"collection":[2282],"trending_cat":[],"product_cat":[2375],"product_tag":[101],"class_list":{"0":"post-2221","1":"product","2":"type-product","3":"status-publish","4":"has-post-thumbnail","6":"product_cat-badge-holder","7":"product_tag-crayon-shinchan","9":"first","10":"instock","11":"sale","12":"shipping-taxable","13":"purchasable","14":"product-type-variable"},"yoast_head":"<!-- This site is optimized with the Yoast SEO plugin v23.4 - https:\/\/yoast.com\/wordpress\/plugins\/seo\/ -->\n<title>Crudo Kuromi-Kooperation: Lila Iris Punk Leder Geflochtenes Armband<\/title>\n<meta name=\"description\" content=\"Crudo Kuromi Limited Edition personalisiertes geflochtenes Lederarmband, lila Iris Punk-Stil. Sanrio lizenziert, kostenlose Gravur, mit exklusiver Geschenkbox.\" \/>\n<meta name=\"robots\" content=\"index, follow, max-snippet:-1, max-image-preview:large, max-video-preview:-1\" \/>\n<link rel=\"canonical\" href=\"https:\/\/crudo-leather.com\/de\/product\/crayon-shinchan-uv-printed-customized-leather-badge-holder-saffiano-blue\/\" \/>\n<meta property=\"og:locale\" content=\"en_US\" \/>\n<meta property=\"og:type\" content=\"article\" \/>\n<meta property=\"og:title\" content=\"Crudo Kuromi-Kooperation: Lila Iris Punk Leder Geflochtenes Armband\" \/>\n<meta property=\"og:description\" content=\"Crudo Kuromi Limited Edition personalisiertes geflochtenes Lederarmband, lila Iris Punk-Stil. Sanrio lizenziert, kostenlose Gravur, mit exklusiver Geschenkbox.\" \/>\n<meta property=\"og:url\" content=\"https:\/\/crudo-leather.com\/product\/crayon-shinchan-uv-printed-customized-leather-badge-holder-saffiano-blue\/\" \/>\n<meta property=\"og:site_name\" content=\"Crudo\" \/>\n<meta property=\"article:modified_time\" content=\"2026-01-02T01:49:13+00:00\" \/>\n<meta property=\"og:image\" content=\"https:\/\/crudo-leather.com\/wp-content\/uploads\/2024\/08\/csc_uv_wbg_wph13saoble_b.jpg\" \/>\n\t<meta property=\"og:image:width\" content=\"640\" \/>\n\t<meta property=\"og:image:height\" content=\"640\" \/>\n\t<meta property=\"og:image:type\" content=\"image\/jpeg\" \/>\n<meta name=\"twitter:card\" content=\"summary_large_image\" \/>\n<meta name=\"twitter:label1\" content=\"Est. reading time\" \/>\n\t<meta name=\"twitter:data1\" content=\"1 minute\" \/>\n<script type=\"application\/ld+json\" class=\"yoast-schema-graph\">{\"@context\":\"https:\/\/schema.org\",\"@graph\":[{\"@type\":\"WebPage\",\"@id\":\"https:\/\/crudo-leather.com\/product\/crayon-shinchan-uv-printed-customized-leather-badge-holder-saffiano-blue\/\",\"url\":\"https:\/\/crudo-leather.com\/product\/crayon-shinchan-uv-printed-customized-leather-badge-holder-saffiano-blue\/\",\"name\":\"Crayon Shinchan UV Printed Leather Badge Holder - Saffiano Blue\",\"isPartOf\":{\"@id\":\"https:\/\/crudo-leather.com\/#website\"},\"primaryImageOfPage\":{\"@id\":\"https:\/\/crudo-leather.com\/product\/crayon-shinchan-uv-printed-customized-leather-badge-holder-saffiano-blue\/#primaryimage\"},\"image\":{\"@id\":\"https:\/\/crudo-leather.com\/product\/crayon-shinchan-uv-printed-customized-leather-badge-holder-saffiano-blue\/#primaryimage\"},\"thumbnailUrl\":\"https:\/\/crudo-leather.com\/wp-content\/uploads\/2024\/08\/csc_uv_wbg_wph13saoble_b.jpg\",\"datePublished\":\"2024-08-01T06:02:34+00:00\",\"dateModified\":\"2026-01-02T01:49:13+00:00\",\"description\":\"Get the officially licensed Crayon Shinchan UV printed leather badge holder. Saffiano blue, multi-functional design. Free engraving & luxury gift box. Ideal for daily or office use. Shop now!\",\"breadcrumb\":{\"@id\":\"https:\/\/crudo-leather.com\/product\/crayon-shinchan-uv-printed-customized-leather-badge-holder-saffiano-blue\/#breadcrumb\"},\"inLanguage\":\"en-US\",\"potentialAction\":[{\"@type\":\"ReadAction\",\"target\":[\"https:\/\/crudo-leather.com\/product\/crayon-shinchan-uv-printed-customized-leather-badge-holder-saffiano-blue\/\"]}]},{\"@type\":\"ImageObject\",\"inLanguage\":\"en-US\",\"@id\":\"https:\/\/crudo-leather.com\/product\/crayon-shinchan-uv-printed-customized-leather-badge-holder-saffiano-blue\/#primaryimage\",\"url\":\"https:\/\/crudo-leather.com\/wp-content\/uploads\/2024\/08\/csc_uv_wbg_wph13saoble_b.jpg\",\"contentUrl\":\"https:\/\/crudo-leather.com\/wp-content\/uploads\/2024\/08\/csc_uv_wbg_wph13saoble_b.jpg\",\"width\":640,\"height\":640},{\"@type\":\"BreadcrumbList\",\"@id\":\"https:\/\/crudo-leather.com\/product\/crayon-shinchan-uv-printed-customized-leather-badge-holder-saffiano-blue\/#breadcrumb\",\"itemListElement\":[{\"@type\":\"ListItem\",\"position\":1,\"name\":\"Shop\",\"item\":\"https:\/\/crudo-leather.com\/shop\/\"},{\"@type\":\"ListItem\",\"position\":2,\"name\":\"Crayon Shinchan UV Printed Customized Leather Badge Holder\"}]},{\"@type\":\"WebSite\",\"@id\":\"https:\/\/crudo-leather.com\/#website\",\"url\":\"https:\/\/crudo-leather.com\/\",\"name\":\"Crudo\",\"description\":\"\",\"potentialAction\":[{\"@type\":\"SearchAction\",\"target\":{\"@type\":\"EntryPoint\",\"urlTemplate\":\"https:\/\/crudo-leather.com\/?s={search_term_string}\"},\"query-input\":{\"@type\":\"PropertyValueSpecification\",\"valueRequired\":true,\"valueName\":\"search_term_string\"}}],\"inLanguage\":\"en-US\"}]}<\/script>\n<!-- \/ Yoast SEO plugin. -->","yoast_head_json":{"title":"Crudo Kuromi-Kooperation: Lila Iris Punk Leder Geflochtenes Armband","description":"Crudo Kuromi Limited Edition personalisiertes geflochtenes Lederarmband, lila Iris Punk-Stil. Sanrio lizenziert, kostenlose Gravur, mit exklusiver Geschenkbox.","robots":{"index":"index","follow":"follow","max-snippet":"max-snippet:-1","max-image-preview":"max-image-preview:large","max-video-preview":"max-video-preview:-1"},"canonical":"https:\/\/crudo-leather.com\/de\/product\/crayon-shinchan-uv-printed-customized-leather-badge-holder-saffiano-blue\/","og_locale":"en_US","og_type":"article","og_title":"Crudo Kuromi-Kooperation: Lila Iris Punk Leder Geflochtenes Armband","og_description":"Crudo Kuromi Limited Edition personalisiertes geflochtenes Lederarmband, lila Iris Punk-Stil. Sanrio lizenziert, kostenlose Gravur, mit exklusiver Geschenkbox.","og_url":"https:\/\/crudo-leather.com\/product\/crayon-shinchan-uv-printed-customized-leather-badge-holder-saffiano-blue\/","og_site_name":"Crudo","article_modified_time":"2026-01-02T01:49:13+00:00","og_image":[{"width":640,"height":640,"url":"https:\/\/crudo-leather.com\/wp-content\/uploads\/2024\/08\/csc_uv_wbg_wph13saoble_b.jpg","type":"image\/jpeg"}],"twitter_card":"summary_large_image","twitter_misc":{"Est. reading time":"1 minute"},"schema":{"@context":"https:\/\/schema.org","@graph":[{"@type":"WebPage","@id":"https:\/\/crudo-leather.com\/product\/crayon-shinchan-uv-printed-customized-leather-badge-holder-saffiano-blue\/","url":"https:\/\/crudo-leather.com\/product\/crayon-shinchan-uv-printed-customized-leather-badge-holder-saffiano-blue\/","name":"Crayon Shinchan UV Printed Leather Badge Holder - Saffiano Blue","isPartOf":{"@id":"https:\/\/crudo-leather.com\/#website"},"primaryImageOfPage":{"@id":"https:\/\/crudo-leather.com\/product\/crayon-shinchan-uv-printed-customized-leather-badge-holder-saffiano-blue\/#primaryimage"},"image":{"@id":"https:\/\/crudo-leather.com\/product\/crayon-shinchan-uv-printed-customized-leather-badge-holder-saffiano-blue\/#primaryimage"},"thumbnailUrl":"https:\/\/crudo-leather.com\/wp-content\/uploads\/2024\/08\/csc_uv_wbg_wph13saoble_b.jpg","datePublished":"2024-08-01T06:02:34+00:00","dateModified":"2026-01-02T01:49:13+00:00","description":"Get the officially licensed Crayon Shinchan UV printed leather badge holder. Saffiano blue, multi-functional design. Free engraving & luxury gift box. Ideal for daily or office use. Shop now!","breadcrumb":{"@id":"https:\/\/crudo-leather.com\/product\/crayon-shinchan-uv-printed-customized-leather-badge-holder-saffiano-blue\/#breadcrumb"},"inLanguage":"en-US","potentialAction":[{"@type":"ReadAction","target":["https:\/\/crudo-leather.com\/product\/crayon-shinchan-uv-printed-customized-leather-badge-holder-saffiano-blue\/"]}]},{"@type":"ImageObject","inLanguage":"en-US","@id":"https:\/\/crudo-leather.com\/product\/crayon-shinchan-uv-printed-customized-leather-badge-holder-saffiano-blue\/#primaryimage","url":"https:\/\/crudo-leather.com\/wp-content\/uploads\/2024\/08\/csc_uv_wbg_wph13saoble_b.jpg","contentUrl":"https:\/\/crudo-leather.com\/wp-content\/uploads\/2024\/08\/csc_uv_wbg_wph13saoble_b.jpg","width":640,"height":640},{"@type":"BreadcrumbList","@id":"https:\/\/crudo-leather.com\/product\/crayon-shinchan-uv-printed-customized-leather-badge-holder-saffiano-blue\/#breadcrumb","itemListElement":[{"@type":"ListItem","position":1,"name":"Shop","item":"https:\/\/crudo-leather.com\/shop\/"},{"@type":"ListItem","position":2,"name":"Crayon Shinchan UV Printed Customized Leather Badge Holder"}]},{"@type":"WebSite","@id":"https:\/\/crudo-leather.com\/#website","url":"https:\/\/crudo-leather.com\/","name":"Crudo","description":"","potentialAction":[{"@type":"SearchAction","target":{"@type":"EntryPoint","urlTemplate":"https:\/\/crudo-leather.com\/?s={search_term_string}"},"query-input":{"@type":"PropertyValueSpecification","valueRequired":true,"valueName":"search_term_string"}}],"inLanguage":"en-US"}]}},"_links":{"self":[{"href":"https:\/\/crudo-leather.com\/de\/wp-json\/wp\/v2\/product\/2221"}],"collection":[{"href":"https:\/\/crudo-leather.com\/de\/wp-json\/wp\/v2\/product"}],"about":[{"href":"https:\/\/crudo-leather.com\/de\/wp-json\/wp\/v2\/types\/product"}],"replies":[{"embeddable":true,"href":"https:\/\/crudo-leather.com\/de\/wp-json\/wp\/v2\/comments?post=2221"}],"wp:featuredmedia":[{"embeddable":true,"href":"https:\/\/crudo-leather.com\/de\/wp-json\/wp\/v2\/media\/3874"}],"wp:attachment":[{"href":"https:\/\/crudo-leather.com\/de\/wp-json\/wp\/v2\/media?parent=2221"}],"wp:term":[{"taxonomy":"collection","embeddable":true,"href":"https:\/\/crudo-leather.com\/de\/wp-json\/wp\/v2\/collection?post=2221"},{"taxonomy":"trending_cat","embeddable":true,"href":"https:\/\/crudo-leather.com\/de\/wp-json\/wp\/v2\/trending_cat?post=2221"},{"taxonomy":"product_cat","embeddable":true,"href":"https:\/\/crudo-leather.com\/de\/wp-json\/wp\/v2\/product_cat?post=2221"},{"taxonomy":"product_tag","embeddable":true,"href":"https:\/\/crudo-leather.com\/de\/wp-json\/wp\/v2\/product_tag?post=2221"}],"curies":[{"name":"wp","href":"https:\/\/api.w.org\/{rel}","templated":true}]}}