{"id":2222,"date":"2024-08-01T14:02:35","date_gmt":"2024-08-01T06:02:35","guid":{"rendered":"https:\/\/crudo-leather.com\/product\/peanuts-customized-box-chain-gemstone-bracelet-twilight-silver-blue-goldstone-2\/"},"modified":"2026-02-03T12:07:16","modified_gmt":"2026-02-03T04:07:16","slug":"peanuts-customized-box-chain-gemstone-bracelet-twilight-silver-blue-goldstone-2","status":"publish","type":"product","link":"https:\/\/crudo-leather.com\/de\/product\/peanuts-customized-box-chain-gemstone-bracelet-twilight-silver-blue-goldstone-2\/","title":{"rendered":"Snoopy Limited Edition ma\u00dfgeschneiderte quadratische Stahlstab-Edelsteinarmband"},"content":{"rendered":"","protected":false},"excerpt":{"rendered":"<p>**Bitte w\u00e4hlen Sie mindestens ein PEANUTS Metall-Anh\u00e4nger, um kostenlos auf die PEANUTS Special Edition Geschenkbox zu upgraden**<\/p>\n\n<p><strong>Crudo x PEANUTS<\/strong><\/p>\n\n<p>Umarme den zeitlosen Charme und die R\u00fchrung von PEANUTS. Jedes Stahlarmband ist eine Leinwand f\u00fcr Ihre grenzenlose Fantasie, auf der Sie die filigranen Anh\u00e4nger von Snoopy und seinen Freunden nach Belieben kombinieren k\u00f6nnen, um Ihren einzigartigen Stil zu zeigen und gemeinsam die Kindheitserinnerungen zu genie\u00dfen, die uns die Peanuts-Comics geschenkt haben.<\/p>\n\n<p><strong>Klicken Sie auf<\/strong><strong>\"<\/strong><strong>Zum Warenkorb hinzuf\u00fcgen und gestalten<\/strong><strong>\"<\/strong><strong>, um Ihren Gravurtext zu gestalten<\/strong><\/p>\n\n<p>- Offiziell lizenzierte PEANUTS Stahlarmb\u00e4nder<br \/>\n- Kombinierbar mit 12 klassischen Peanuts-Charakteren, darunter Snoopy, Woodstock, Charlie Brown und Olaf, als farbige Emaille-Metallanh\u00e4nger oder 925 Sterlingsilber 3D-Anh\u00e4nger<br \/>\n- Beim Kauf eines PEANUTS Stahlarmbands erhalten Sie eine PEANUTS Limited Edition Geschenkbox mit abziehbarer Gru\u00dfkarte<br \/>\n- Einzigartige lange, achteckig geschliffene Stahlst\u00e4be kombiniert mit speziell gestalteten quadratischen Edelstahlketten<br \/>\n- Die Oberfl\u00e4che aus 316L-Edelstahl ist mit Perlmuttsteinen oder blauen Goldstaubsteinen besetzt, die im Lichtreflex kristallklar und durchscheinend wirken<br \/>\n- Der Perlmuttstein, der f\u00fcr sanfte und elegante Ausstrahlung steht, besitzt einen nat\u00fcrlichen, gl\u00e4nzenden Schimmer, der sowohl w\u00fcrdevoll als auch sanft ist und als Energiestein dem Tr\u00e4ger Ruhe und Gl\u00fcck schenken kann<br \/>\n- Der blaue Goldstaubstein, der Mut symbolisiert, gleicht den funkelnden Sternen am Nachthimmel und ist ein Wunschstein, der die positive Energie des Menschen steigern kann<br \/>\n- Handwerker verwenden raffinierte Edelsteinschleiftechniken, um die wertvollen Steine in bezauberndem Glanz erstrahlen zu lassen<br \/>\n- Jeder Edelstein wird nat\u00fcrlich abgebaut und hat eine einzigartige, nat\u00fcrliche Maserung, die unersetzlich ist<br \/>\n- Verblasst und oxidiert nicht leicht, bleibt dauerhaft erhalten<br \/>\n- Geeignet f\u00fcr Menschen mit empfindlicher Haut<br \/>\n- Mit Magnetverschluss<br \/>\n- Mehrere Schriftarten, \u00fcber 100 Emojis und 60 Gravurvorschl\u00e4ge zur Auswahl<\/p>\n\n<p><strong>Produktionszeit und Versanddetails<\/strong><\/p>\n\n<p>- Jedes Produkt ben\u00f6tigt nur 1-5 Werktage zur Fertigstellung<br \/>\n- Bestellungen von heute k\u00f6nnen bereits morgen versendet werden<br \/>\n- Nur erh\u00e4ltlich in Hongkong, Taiwan, Macau, Singapur, Malaysia und dem chinesischen Festland<\/p>","protected":false},"featured_media":349838,"comment_status":"open","ping_status":"closed","template":"","meta":{"inline_featured_image":false},"collection":[2284],"trending_cat":[2391],"product_cat":[17],"product_tag":[103],"class_list":{"0":"post-2222","1":"product","2":"type-product","3":"status-publish","4":"has-post-thumbnail","6":"trending_cat-miami-love-chain-bracelet","7":"product_cat-bracelets-cuffs","8":"product_tag-peanuts","10":"first","11":"instock","12":"sale","13":"shipping-taxable","14":"purchasable","15":"product-type-variable"},"yoast_head":"<!-- This site is optimized with the Yoast SEO plugin v23.4 - https:\/\/yoast.com\/wordpress\/plugins\/seo\/ -->\n<title>PEANUTS Stahlstab Edelsteinarmband D\u00e4mmerungssilber Blauer Sandstein<\/title>\n<meta name=\"description\" content=\"Crudo x PEANUTS Limited Edition! Personalisierte Stahlstab-Edelsteinarmb\u00e4nder, Twilight Silber Blauer Sandstein. 316L Edelstahl, offiziell lizenziert, bringt Ihnen heilende Energie.\" \/>\n<meta name=\"robots\" content=\"index, follow, max-snippet:-1, max-image-preview:large, max-video-preview:-1\" \/>\n<link rel=\"canonical\" href=\"https:\/\/crudo-leather.com\/de\/product\/peanuts-customized-box-chain-gemstone-bracelet-twilight-silver-blue-goldstone-2\/\" \/>\n<meta property=\"og:locale\" content=\"en_US\" \/>\n<meta property=\"og:type\" content=\"article\" \/>\n<meta property=\"og:title\" content=\"PEANUTS Stahlstab Edelsteinarmband D\u00e4mmerungssilber Blauer Sandstein\" \/>\n<meta property=\"og:description\" content=\"Crudo x PEANUTS Limited Edition! Personalisierte Stahlstab-Edelsteinarmb\u00e4nder, Twilight Silber Blauer Sandstein. 316L Edelstahl, offiziell lizenziert, bringt Ihnen heilende Energie.\" \/>\n<meta property=\"og:url\" content=\"https:\/\/crudo-leather.com\/product\/peanuts-customized-box-chain-gemstone-bracelet-twilight-silver-blue-goldstone-2\/\" \/>\n<meta property=\"og:site_name\" content=\"Crudo\" \/>\n<meta property=\"article:modified_time\" content=\"2026-02-03T04:07:16+00:00\" \/>\n<meta property=\"og:image\" content=\"https:\/\/crudo-leather.com\/wp-content\/uploads\/2024\/08\/PNS_WBG_ZBT26__a.jpg\" \/>\n\t<meta property=\"og:image:width\" content=\"2000\" \/>\n\t<meta property=\"og:image:height\" content=\"2000\" \/>\n\t<meta property=\"og:image:type\" content=\"image\/jpeg\" \/>\n<meta name=\"twitter:card\" content=\"summary_large_image\" \/>\n<meta name=\"twitter:label1\" content=\"Est. reading time\" \/>\n\t<meta name=\"twitter:data1\" content=\"1 minute\" \/>\n<script type=\"application\/ld+json\" class=\"yoast-schema-graph\">{\"@context\":\"https:\/\/schema.org\",\"@graph\":[{\"@type\":\"WebPage\",\"@id\":\"https:\/\/crudo-leather.com\/product\/peanuts-customized-box-chain-gemstone-bracelet-twilight-silver-blue-goldstone-2\/\",\"url\":\"https:\/\/crudo-leather.com\/product\/peanuts-customized-box-chain-gemstone-bracelet-twilight-silver-blue-goldstone-2\/\",\"name\":\"Peanuts Customized Box Chain Gemstone Bracelet - Twilight Silver Blue Goldstone\",\"isPartOf\":{\"@id\":\"https:\/\/crudo-leather.com\/#website\"},\"primaryImageOfPage\":{\"@id\":\"https:\/\/crudo-leather.com\/product\/peanuts-customized-box-chain-gemstone-bracelet-twilight-silver-blue-goldstone-2\/#primaryimage\"},\"image\":{\"@id\":\"https:\/\/crudo-leather.com\/product\/peanuts-customized-box-chain-gemstone-bracelet-twilight-silver-blue-goldstone-2\/#primaryimage\"},\"thumbnailUrl\":\"https:\/\/crudo-leather.com\/wp-content\/uploads\/2024\/08\/PNS_WBG_ZBT26__a.jpg\",\"datePublished\":\"2024-08-01T06:02:35+00:00\",\"dateModified\":\"2026-02-03T04:07:16+00:00\",\"description\":\"Own the officially licensed Peanuts box chain gemstone bracelet. Twilight silver with blue goldstone. Free engraving & luxury gift box. A unique accessory for fans. Shop now!\",\"breadcrumb\":{\"@id\":\"https:\/\/crudo-leather.com\/product\/peanuts-customized-box-chain-gemstone-bracelet-twilight-silver-blue-goldstone-2\/#breadcrumb\"},\"inLanguage\":\"en-US\",\"potentialAction\":[{\"@type\":\"ReadAction\",\"target\":[\"https:\/\/crudo-leather.com\/product\/peanuts-customized-box-chain-gemstone-bracelet-twilight-silver-blue-goldstone-2\/\"]}]},{\"@type\":\"ImageObject\",\"inLanguage\":\"en-US\",\"@id\":\"https:\/\/crudo-leather.com\/product\/peanuts-customized-box-chain-gemstone-bracelet-twilight-silver-blue-goldstone-2\/#primaryimage\",\"url\":\"https:\/\/crudo-leather.com\/wp-content\/uploads\/2024\/08\/PNS_WBG_ZBT26__a.jpg\",\"contentUrl\":\"https:\/\/crudo-leather.com\/wp-content\/uploads\/2024\/08\/PNS_WBG_ZBT26__a.jpg\",\"width\":2000,\"height\":2000},{\"@type\":\"BreadcrumbList\",\"@id\":\"https:\/\/crudo-leather.com\/product\/peanuts-customized-box-chain-gemstone-bracelet-twilight-silver-blue-goldstone-2\/#breadcrumb\",\"itemListElement\":[{\"@type\":\"ListItem\",\"position\":1,\"name\":\"Shop\",\"item\":\"https:\/\/crudo-leather.com\/shop\/\"},{\"@type\":\"ListItem\",\"position\":2,\"name\":\"Snoopy Customized Box Chain Gemstone Bracelet\"}]},{\"@type\":\"WebSite\",\"@id\":\"https:\/\/crudo-leather.com\/#website\",\"url\":\"https:\/\/crudo-leather.com\/\",\"name\":\"Crudo\",\"description\":\"\",\"potentialAction\":[{\"@type\":\"SearchAction\",\"target\":{\"@type\":\"EntryPoint\",\"urlTemplate\":\"https:\/\/crudo-leather.com\/?s={search_term_string}\"},\"query-input\":{\"@type\":\"PropertyValueSpecification\",\"valueRequired\":true,\"valueName\":\"search_term_string\"}}],\"inLanguage\":\"en-US\"}]}<\/script>\n<!-- \/ Yoast SEO plugin. -->","yoast_head_json":{"title":"PEANUTS Stahlstab Edelsteinarmband D\u00e4mmerungssilber Blauer Sandstein","description":"Crudo x PEANUTS Limited Edition! Personalisierte Stahlstab-Edelsteinarmb\u00e4nder, Twilight Silber Blauer Sandstein. 316L Edelstahl, offiziell lizenziert, bringt Ihnen heilende Energie.","robots":{"index":"index","follow":"follow","max-snippet":"max-snippet:-1","max-image-preview":"max-image-preview:large","max-video-preview":"max-video-preview:-1"},"canonical":"https:\/\/crudo-leather.com\/de\/product\/peanuts-customized-box-chain-gemstone-bracelet-twilight-silver-blue-goldstone-2\/","og_locale":"en_US","og_type":"article","og_title":"PEANUTS Stahlstab Edelsteinarmband D\u00e4mmerungssilber Blauer Sandstein","og_description":"Crudo x PEANUTS Limited Edition! Personalisierte Stahlstab-Edelsteinarmb\u00e4nder, Twilight Silber Blauer Sandstein. 316L Edelstahl, offiziell lizenziert, bringt Ihnen heilende Energie.","og_url":"https:\/\/crudo-leather.com\/product\/peanuts-customized-box-chain-gemstone-bracelet-twilight-silver-blue-goldstone-2\/","og_site_name":"Crudo","article_modified_time":"2026-02-03T04:07:16+00:00","og_image":[{"width":2000,"height":2000,"url":"https:\/\/crudo-leather.com\/wp-content\/uploads\/2024\/08\/PNS_WBG_ZBT26__a.jpg","type":"image\/jpeg"}],"twitter_card":"summary_large_image","twitter_misc":{"Est. reading time":"1 minute"},"schema":{"@context":"https:\/\/schema.org","@graph":[{"@type":"WebPage","@id":"https:\/\/crudo-leather.com\/product\/peanuts-customized-box-chain-gemstone-bracelet-twilight-silver-blue-goldstone-2\/","url":"https:\/\/crudo-leather.com\/product\/peanuts-customized-box-chain-gemstone-bracelet-twilight-silver-blue-goldstone-2\/","name":"Peanuts Customized Box Chain Gemstone Bracelet - Twilight Silver Blue Goldstone","isPartOf":{"@id":"https:\/\/crudo-leather.com\/#website"},"primaryImageOfPage":{"@id":"https:\/\/crudo-leather.com\/product\/peanuts-customized-box-chain-gemstone-bracelet-twilight-silver-blue-goldstone-2\/#primaryimage"},"image":{"@id":"https:\/\/crudo-leather.com\/product\/peanuts-customized-box-chain-gemstone-bracelet-twilight-silver-blue-goldstone-2\/#primaryimage"},"thumbnailUrl":"https:\/\/crudo-leather.com\/wp-content\/uploads\/2024\/08\/PNS_WBG_ZBT26__a.jpg","datePublished":"2024-08-01T06:02:35+00:00","dateModified":"2026-02-03T04:07:16+00:00","description":"Own the officially licensed Peanuts box chain gemstone bracelet. Twilight silver with blue goldstone. Free engraving & luxury gift box. A unique accessory for fans. Shop now!","breadcrumb":{"@id":"https:\/\/crudo-leather.com\/product\/peanuts-customized-box-chain-gemstone-bracelet-twilight-silver-blue-goldstone-2\/#breadcrumb"},"inLanguage":"en-US","potentialAction":[{"@type":"ReadAction","target":["https:\/\/crudo-leather.com\/product\/peanuts-customized-box-chain-gemstone-bracelet-twilight-silver-blue-goldstone-2\/"]}]},{"@type":"ImageObject","inLanguage":"en-US","@id":"https:\/\/crudo-leather.com\/product\/peanuts-customized-box-chain-gemstone-bracelet-twilight-silver-blue-goldstone-2\/#primaryimage","url":"https:\/\/crudo-leather.com\/wp-content\/uploads\/2024\/08\/PNS_WBG_ZBT26__a.jpg","contentUrl":"https:\/\/crudo-leather.com\/wp-content\/uploads\/2024\/08\/PNS_WBG_ZBT26__a.jpg","width":2000,"height":2000},{"@type":"BreadcrumbList","@id":"https:\/\/crudo-leather.com\/product\/peanuts-customized-box-chain-gemstone-bracelet-twilight-silver-blue-goldstone-2\/#breadcrumb","itemListElement":[{"@type":"ListItem","position":1,"name":"Shop","item":"https:\/\/crudo-leather.com\/shop\/"},{"@type":"ListItem","position":2,"name":"Snoopy Customized Box Chain Gemstone Bracelet"}]},{"@type":"WebSite","@id":"https:\/\/crudo-leather.com\/#website","url":"https:\/\/crudo-leather.com\/","name":"Crudo","description":"","potentialAction":[{"@type":"SearchAction","target":{"@type":"EntryPoint","urlTemplate":"https:\/\/crudo-leather.com\/?s={search_term_string}"},"query-input":{"@type":"PropertyValueSpecification","valueRequired":true,"valueName":"search_term_string"}}],"inLanguage":"en-US"}]}},"_links":{"self":[{"href":"https:\/\/crudo-leather.com\/de\/wp-json\/wp\/v2\/product\/2222"}],"collection":[{"href":"https:\/\/crudo-leather.com\/de\/wp-json\/wp\/v2\/product"}],"about":[{"href":"https:\/\/crudo-leather.com\/de\/wp-json\/wp\/v2\/types\/product"}],"replies":[{"embeddable":true,"href":"https:\/\/crudo-leather.com\/de\/wp-json\/wp\/v2\/comments?post=2222"}],"wp:featuredmedia":[{"embeddable":true,"href":"https:\/\/crudo-leather.com\/de\/wp-json\/wp\/v2\/media\/349838"}],"wp:attachment":[{"href":"https:\/\/crudo-leather.com\/de\/wp-json\/wp\/v2\/media?parent=2222"}],"wp:term":[{"taxonomy":"collection","embeddable":true,"href":"https:\/\/crudo-leather.com\/de\/wp-json\/wp\/v2\/collection?post=2222"},{"taxonomy":"trending_cat","embeddable":true,"href":"https:\/\/crudo-leather.com\/de\/wp-json\/wp\/v2\/trending_cat?post=2222"},{"taxonomy":"product_cat","embeddable":true,"href":"https:\/\/crudo-leather.com\/de\/wp-json\/wp\/v2\/product_cat?post=2222"},{"taxonomy":"product_tag","embeddable":true,"href":"https:\/\/crudo-leather.com\/de\/wp-json\/wp\/v2\/product_tag?post=2222"}],"curies":[{"name":"wp","href":"https:\/\/api.w.org\/{rel}","templated":true}]}}