{"id":2225,"date":"2024-08-01T14:02:39","date_gmt":"2024-08-01T06:02:39","guid":{"rendered":"https:\/\/crudo-leather.com\/product\/hello-kitty-customized-leather-keychain-jet-black-rose-gold\/"},"modified":"2025-10-15T14:16:33","modified_gmt":"2025-10-15T06:16:33","slug":"hello-kitty-customized-leather-keychain-jet-black-rose-gold","status":"publish","type":"product","link":"https:\/\/crudo-leather.com\/de\/product\/hello-kitty-customized-leather-keychain-jet-black-rose-gold\/","title":{"rendered":"Hello Kitty personalisiertes geflochtenes Leder Schl\u00fcsselanh\u00e4nger"},"content":{"rendered":"","protected":false},"excerpt":{"rendered":"**Bitte w\u00e4hlen Sie mindestens ein Hello Kitty Metall- oder Sterlingsilber-Anh\u00e4nger aus, sonst wird das Produkt nur mit dem urspr\u00fcnglichen Crudo runden Anh\u00e4nger geliefert und nicht mit der Hello Kitty Special Edition Geschenkbox**\n\n<ins><strong>Hello Kitty x Crudo<\/strong><\/ins>\nSay HELLO! Die klassischen Hello Kitty Metall- und Sterlingsilber-Accessoires aus den 70er Jahren sind bei Crudo eingetroffen. Die lebhafte Hello Kitty, ob sie ein Flugzeug fliegt oder Fahrrad f\u00e4hrt, jedes niedliche Design ist einfach liebenswert! Einige Anh\u00e4nger sind mit Strasssteinen besetzt und verleihen der klassischen Hello Kitty einen luxuri\u00f6sen Touch. Kombinieren Sie sie frei mit dem italienischen Leder-Schl\u00fcsselring und gravieren Sie eine pers\u00f6nliche Nachricht oder Unterschrift. Bestellen Sie jetzt Ihr zeitloses, pers\u00f6nliches Alltagsaccessoire!\n\n<strong>Klicken Sie auf \"In den Warenkorb legen und gestalten\", um Ihren Gravurtext zu entwerfen<\/strong>\n\n- Offiziell lizenziertes Sanrio-Produkt\n- Hello Kitty 70er Jahre klassische Metall- und Sterlingsilber-Anh\u00e4nger, frei kombinierbar und am Leder-Schl\u00fcsselring befestigbar\n- Beim Kauf des Hello Kitty Special Edition Leder-Schl\u00fcsselrings erhalten Sie die Hello Kitty Special Edition Geschenkbox mit abl\u00f6sbarer Gru\u00dfkarte (inklusive Geschenkkarte und Produktgarantie)\n- Kostenloser Gravurservice, verschiedene Schriftarten, Emojis und Gravurvorschl\u00e4ge zur Auswahl\n- Handgefertigt aus italienischem geflochtenem Oberleder, erweiterbar f\u00fcr die Verbindung mehrerer Gegenst\u00e4nde\n- Exklusives achteckiges Metall-Cut-Out-Design\n- Kombiniert Kunst, Mode und Funktionalit\u00e4t im Design\n\n<strong>Produktionszeit und Versanddetails<\/strong>\n- Jedes Produkt ben\u00f6tigt nur 1-5 Werktage zur Fertigstellung\n- Bestellungen von heute k\u00f6nnen bereits morgen versendet werden\n- Nur erh\u00e4ltlich in Hongkong, Macau, Festlandchina, Japan, S\u00fcdkorea und S\u00fcdamerika (au\u00dfer Panama)","protected":false},"featured_media":3910,"comment_status":"open","ping_status":"closed","template":"","meta":{"inline_featured_image":false},"collection":[2289],"trending_cat":[],"product_cat":[89],"product_tag":[2405],"class_list":{"0":"post-2225","1":"product","2":"type-product","3":"status-publish","4":"has-post-thumbnail","6":"product_cat-others-accessories","7":"product_tag-hello-kitty-sanrio-characters","9":"first","10":"instock","11":"sale","12":"shipping-taxable","13":"purchasable","14":"product-type-variable"},"yoast_head":"<!-- This site is optimized with the Yoast SEO plugin v23.4 - https:\/\/yoast.com\/wordpress\/plugins\/seo\/ -->\n<title>Crudo Hello Kitty personalisiertes Leder Schl\u00fcsselanh\u00e4nger - Schwarz Rosegold<\/title>\n<meta name=\"description\" content=\"Entdecken Sie den Crudo Hello Kitty Limited Edition Schl\u00fcsselanh\u00e4nger aus schwarzem Ros\u00e9gold-Leder, gewebt aus italienischem Vollrindleder, kombinierbar mit einem Hello Kitty Metallanh\u00e4nger. Kostenlose Gravur, inklusive Hello Kitty Geschenkbox. Stilvoll und praktisch.\" \/>\n<meta name=\"robots\" content=\"index, follow, max-snippet:-1, max-image-preview:large, max-video-preview:-1\" \/>\n<link rel=\"canonical\" href=\"https:\/\/crudo-leather.com\/de\/product\/hello-kitty-customized-leather-keychain-jet-black-rose-gold\/\" \/>\n<meta property=\"og:locale\" content=\"en_US\" \/>\n<meta property=\"og:type\" content=\"article\" \/>\n<meta property=\"og:title\" content=\"Crudo Hello Kitty personalisiertes Leder Schl\u00fcsselanh\u00e4nger - Schwarz Rosegold\" \/>\n<meta property=\"og:description\" content=\"Entdecken Sie den Crudo Hello Kitty Limited Edition Schl\u00fcsselanh\u00e4nger aus schwarzem Ros\u00e9gold-Leder, gewebt aus italienischem Vollrindleder, kombinierbar mit einem Hello Kitty Metallanh\u00e4nger. Kostenlose Gravur, inklusive Hello Kitty Geschenkbox. Stilvoll und praktisch.\" \/>\n<meta property=\"og:url\" content=\"https:\/\/crudo-leather.com\/product\/hello-kitty-customized-leather-keychain-jet-black-rose-gold\/\" \/>\n<meta property=\"og:site_name\" content=\"Crudo\" \/>\n<meta property=\"article:modified_time\" content=\"2025-10-15T06:16:33+00:00\" \/>\n<meta property=\"og:image\" content=\"https:\/\/crudo-leather.com\/wp-content\/uploads\/2024\/08\/kt_wbg_kec01_rgbk_a.jpg\" \/>\n\t<meta property=\"og:image:width\" content=\"2000\" \/>\n\t<meta property=\"og:image:height\" content=\"2000\" \/>\n\t<meta property=\"og:image:type\" content=\"image\/jpeg\" \/>\n<meta name=\"twitter:card\" content=\"summary_large_image\" \/>\n<meta name=\"twitter:label1\" content=\"Est. reading time\" \/>\n\t<meta name=\"twitter:data1\" content=\"1 minute\" \/>\n<script type=\"application\/ld+json\" class=\"yoast-schema-graph\">{\"@context\":\"https:\/\/schema.org\",\"@graph\":[{\"@type\":\"WebPage\",\"@id\":\"https:\/\/crudo-leather.com\/product\/hello-kitty-customized-leather-keychain-jet-black-rose-gold\/\",\"url\":\"https:\/\/crudo-leather.com\/product\/hello-kitty-customized-leather-keychain-jet-black-rose-gold\/\",\"name\":\"Hello Kitty Customized Italian Leather Keychain - Jet Black Rose Gold\",\"isPartOf\":{\"@id\":\"https:\/\/crudo-leather.com\/#website\"},\"primaryImageOfPage\":{\"@id\":\"https:\/\/crudo-leather.com\/product\/hello-kitty-customized-leather-keychain-jet-black-rose-gold\/#primaryimage\"},\"image\":{\"@id\":\"https:\/\/crudo-leather.com\/product\/hello-kitty-customized-leather-keychain-jet-black-rose-gold\/#primaryimage\"},\"thumbnailUrl\":\"https:\/\/crudo-leather.com\/wp-content\/uploads\/2024\/08\/kt_wbg_kec01_rgbk_a.jpg\",\"datePublished\":\"2024-08-01T06:02:39+00:00\",\"dateModified\":\"2025-10-15T06:16:33+00:00\",\"description\":\"Explore Hello Kitty 70s themed leather keychain. Jet black with rose gold design. Italian vegetable-tanned cowhide, free engraving, luxury gift box, mix & match charms at Crudo Leather.\",\"breadcrumb\":{\"@id\":\"https:\/\/crudo-leather.com\/product\/hello-kitty-customized-leather-keychain-jet-black-rose-gold\/#breadcrumb\"},\"inLanguage\":\"en-US\",\"potentialAction\":[{\"@type\":\"ReadAction\",\"target\":[\"https:\/\/crudo-leather.com\/product\/hello-kitty-customized-leather-keychain-jet-black-rose-gold\/\"]}]},{\"@type\":\"ImageObject\",\"inLanguage\":\"en-US\",\"@id\":\"https:\/\/crudo-leather.com\/product\/hello-kitty-customized-leather-keychain-jet-black-rose-gold\/#primaryimage\",\"url\":\"https:\/\/crudo-leather.com\/wp-content\/uploads\/2024\/08\/kt_wbg_kec01_rgbk_a.jpg\",\"contentUrl\":\"https:\/\/crudo-leather.com\/wp-content\/uploads\/2024\/08\/kt_wbg_kec01_rgbk_a.jpg\",\"width\":2000,\"height\":2000},{\"@type\":\"BreadcrumbList\",\"@id\":\"https:\/\/crudo-leather.com\/product\/hello-kitty-customized-leather-keychain-jet-black-rose-gold\/#breadcrumb\",\"itemListElement\":[{\"@type\":\"ListItem\",\"position\":1,\"name\":\"Shop\",\"item\":\"https:\/\/crudo-leather.com\/shop\/\"},{\"@type\":\"ListItem\",\"position\":2,\"name\":\"Hello Kitty Customized Leather Keychain\"}]},{\"@type\":\"WebSite\",\"@id\":\"https:\/\/crudo-leather.com\/#website\",\"url\":\"https:\/\/crudo-leather.com\/\",\"name\":\"Crudo\",\"description\":\"\",\"potentialAction\":[{\"@type\":\"SearchAction\",\"target\":{\"@type\":\"EntryPoint\",\"urlTemplate\":\"https:\/\/crudo-leather.com\/?s={search_term_string}\"},\"query-input\":{\"@type\":\"PropertyValueSpecification\",\"valueRequired\":true,\"valueName\":\"search_term_string\"}}],\"inLanguage\":\"en-US\"}]}<\/script>\n<!-- \/ Yoast SEO plugin. -->","yoast_head_json":{"title":"Crudo Hello Kitty personalisiertes Leder Schl\u00fcsselanh\u00e4nger - Schwarz Rosegold","description":"Entdecken Sie den Crudo Hello Kitty Limited Edition Schl\u00fcsselanh\u00e4nger aus schwarzem Ros\u00e9gold-Leder, gewebt aus italienischem Vollrindleder, kombinierbar mit einem Hello Kitty Metallanh\u00e4nger. Kostenlose Gravur, inklusive Hello Kitty Geschenkbox. Stilvoll und praktisch.","robots":{"index":"index","follow":"follow","max-snippet":"max-snippet:-1","max-image-preview":"max-image-preview:large","max-video-preview":"max-video-preview:-1"},"canonical":"https:\/\/crudo-leather.com\/de\/product\/hello-kitty-customized-leather-keychain-jet-black-rose-gold\/","og_locale":"en_US","og_type":"article","og_title":"Crudo Hello Kitty personalisiertes Leder Schl\u00fcsselanh\u00e4nger - Schwarz Rosegold","og_description":"Entdecken Sie den Crudo Hello Kitty Limited Edition Schl\u00fcsselanh\u00e4nger aus schwarzem Ros\u00e9gold-Leder, gewebt aus italienischem Vollrindleder, kombinierbar mit einem Hello Kitty Metallanh\u00e4nger. Kostenlose Gravur, inklusive Hello Kitty Geschenkbox. Stilvoll und praktisch.","og_url":"https:\/\/crudo-leather.com\/product\/hello-kitty-customized-leather-keychain-jet-black-rose-gold\/","og_site_name":"Crudo","article_modified_time":"2025-10-15T06:16:33+00:00","og_image":[{"width":2000,"height":2000,"url":"https:\/\/crudo-leather.com\/wp-content\/uploads\/2024\/08\/kt_wbg_kec01_rgbk_a.jpg","type":"image\/jpeg"}],"twitter_card":"summary_large_image","twitter_misc":{"Est. reading time":"1 minute"},"schema":{"@context":"https:\/\/schema.org","@graph":[{"@type":"WebPage","@id":"https:\/\/crudo-leather.com\/product\/hello-kitty-customized-leather-keychain-jet-black-rose-gold\/","url":"https:\/\/crudo-leather.com\/product\/hello-kitty-customized-leather-keychain-jet-black-rose-gold\/","name":"Hello Kitty Customized Italian Leather Keychain - Jet Black Rose Gold","isPartOf":{"@id":"https:\/\/crudo-leather.com\/#website"},"primaryImageOfPage":{"@id":"https:\/\/crudo-leather.com\/product\/hello-kitty-customized-leather-keychain-jet-black-rose-gold\/#primaryimage"},"image":{"@id":"https:\/\/crudo-leather.com\/product\/hello-kitty-customized-leather-keychain-jet-black-rose-gold\/#primaryimage"},"thumbnailUrl":"https:\/\/crudo-leather.com\/wp-content\/uploads\/2024\/08\/kt_wbg_kec01_rgbk_a.jpg","datePublished":"2024-08-01T06:02:39+00:00","dateModified":"2025-10-15T06:16:33+00:00","description":"Explore Hello Kitty 70s themed leather keychain. Jet black with rose gold design. Italian vegetable-tanned cowhide, free engraving, luxury gift box, mix & match charms at Crudo Leather.","breadcrumb":{"@id":"https:\/\/crudo-leather.com\/product\/hello-kitty-customized-leather-keychain-jet-black-rose-gold\/#breadcrumb"},"inLanguage":"en-US","potentialAction":[{"@type":"ReadAction","target":["https:\/\/crudo-leather.com\/product\/hello-kitty-customized-leather-keychain-jet-black-rose-gold\/"]}]},{"@type":"ImageObject","inLanguage":"en-US","@id":"https:\/\/crudo-leather.com\/product\/hello-kitty-customized-leather-keychain-jet-black-rose-gold\/#primaryimage","url":"https:\/\/crudo-leather.com\/wp-content\/uploads\/2024\/08\/kt_wbg_kec01_rgbk_a.jpg","contentUrl":"https:\/\/crudo-leather.com\/wp-content\/uploads\/2024\/08\/kt_wbg_kec01_rgbk_a.jpg","width":2000,"height":2000},{"@type":"BreadcrumbList","@id":"https:\/\/crudo-leather.com\/product\/hello-kitty-customized-leather-keychain-jet-black-rose-gold\/#breadcrumb","itemListElement":[{"@type":"ListItem","position":1,"name":"Shop","item":"https:\/\/crudo-leather.com\/shop\/"},{"@type":"ListItem","position":2,"name":"Hello Kitty Customized Leather Keychain"}]},{"@type":"WebSite","@id":"https:\/\/crudo-leather.com\/#website","url":"https:\/\/crudo-leather.com\/","name":"Crudo","description":"","potentialAction":[{"@type":"SearchAction","target":{"@type":"EntryPoint","urlTemplate":"https:\/\/crudo-leather.com\/?s={search_term_string}"},"query-input":{"@type":"PropertyValueSpecification","valueRequired":true,"valueName":"search_term_string"}}],"inLanguage":"en-US"}]}},"_links":{"self":[{"href":"https:\/\/crudo-leather.com\/de\/wp-json\/wp\/v2\/product\/2225"}],"collection":[{"href":"https:\/\/crudo-leather.com\/de\/wp-json\/wp\/v2\/product"}],"about":[{"href":"https:\/\/crudo-leather.com\/de\/wp-json\/wp\/v2\/types\/product"}],"replies":[{"embeddable":true,"href":"https:\/\/crudo-leather.com\/de\/wp-json\/wp\/v2\/comments?post=2225"}],"wp:featuredmedia":[{"embeddable":true,"href":"https:\/\/crudo-leather.com\/de\/wp-json\/wp\/v2\/media\/3910"}],"wp:attachment":[{"href":"https:\/\/crudo-leather.com\/de\/wp-json\/wp\/v2\/media?parent=2225"}],"wp:term":[{"taxonomy":"collection","embeddable":true,"href":"https:\/\/crudo-leather.com\/de\/wp-json\/wp\/v2\/collection?post=2225"},{"taxonomy":"trending_cat","embeddable":true,"href":"https:\/\/crudo-leather.com\/de\/wp-json\/wp\/v2\/trending_cat?post=2225"},{"taxonomy":"product_cat","embeddable":true,"href":"https:\/\/crudo-leather.com\/de\/wp-json\/wp\/v2\/product_cat?post=2225"},{"taxonomy":"product_tag","embeddable":true,"href":"https:\/\/crudo-leather.com\/de\/wp-json\/wp\/v2\/product_tag?post=2225"}],"curies":[{"name":"wp","href":"https:\/\/api.w.org\/{rel}","templated":true}]}}