{"id":2239,"date":"2024-08-01T14:03:02","date_gmt":"2024-08-01T06:03:02","guid":{"rendered":"https:\/\/crudo-leather.com\/product\/peanuts-customized-woven-leather-t-bar-bracelet-navy-blue-rose-gold\/"},"modified":"2026-02-03T12:07:18","modified_gmt":"2026-02-03T04:07:18","slug":"peanuts-customized-woven-leather-t-bar-bracelet-navy-blue-rose-gold","status":"publish","type":"product","link":"https:\/\/crudo-leather.com\/de\/product\/peanuts-customized-woven-leather-t-bar-bracelet-navy-blue-rose-gold\/","title":{"rendered":"Snoopy Limited Edition ma\u00dfgeschneidertes Doppelschnur geflochtenes Leder T-Bar-Armband"},"content":{"rendered":"","protected":false},"excerpt":{"rendered":"<p>**Bitte w\u00e4hlen Sie mindestens ein PEANUTS Charakter Metallanh\u00e4nger oder 925 Sterlingsilber 3D-Anh\u00e4nger aus, sonst wird das Produkt nur mit dem urspr\u00fcnglichen Crudo runden Anh\u00e4nger geliefert und nicht mit der PEANUTS Special Edition Geschenkbox**\u00a0<\/p>\n\n<p><ins><strong>Crudo x PEANUTS\u00a0<\/strong><\/ins><br \/>\nCrudo pr\u00e4sentiert in Zusammenarbeit mit PEANUTS eine offiziell lizenzierte, limitierte Edition von geflochtenen Lederarmb\u00e4ndern. Die klassischen Charaktere der \"Peanuts\"-Comics verwandeln sich in feine, niedliche Metallanh\u00e4nger, die frei kombiniert und an Crudos Bestseller-Lederarmb\u00e4ndern befestigt werden k\u00f6nnen, um auf humorvolle Weise eine positive und optimistische Einstellung zu vermitteln.\u00a0<br \/>\n<br \/>\n<strong>Klicken Sie auf \"Zum Warenkorb hinzuf\u00fcgen und gestalten\", um Ihren Gravurtext zu entwerfen\u00a0<\/strong><\/p>\n\n<p>- Offiziell lizenziertes PEANUTS Kooperations-Lederarmband\u00a0<br \/>\n- Kombinierbar mit 12 klassischen Peanuts-Charakteren, darunter Snoopy, Woodstock, Charlie Brown und Olaf, als bunte Emaille-Metallanh\u00e4nger und 925 Sterlingsilber 3D-Anh\u00e4nger\u00a0<br \/>\n- Anh\u00e4nger k\u00f6nnen frei kombiniert und am Lederarmband befestigt werden<br \/>\n- Beim Kauf eines PEANUTS Lederarmbands erhalten Sie eine limitierte PEANUTS Geschenkbox mit abziehbarer Gru\u00dfkarte (inklusive Geschenkkarte und Produktgarantie)<br \/>\n- Hergestellt aus italienischem, geflochtenem Rindleder erster Wahl und feinstem 316L Edelstahl<br \/>\n- Minimalistisches Einfachschlaufen-Doppelschnur-Design<br \/>\n- Spezielles T-f\u00f6rmiges Verschlussdesign, personalisierbar mit Gravur; verschiedene Designvorlagen und Schriftarten verf\u00fcgbar<br \/>\n- R\u00f6misches Uhrdesign auf dem runden Stahlring eingraviert, um besondere Momente mit Ihren Lieben festzuhalten<br \/>\n- Kostenloser Gravurservice, \u00fcber 20 Schriftarten, 100 Emojis und 60 Gravurvorschl\u00e4ge zur Auswahl<br \/>\n- Verblasst und oxidiert nicht leicht, f\u00fcr dauerhafte Haltbarkeit\u00a0<br \/>\n- Geeignet f\u00fcr Menschen mit empfindlicher Haut\u00a0<br \/>\n- Exklusives kleines Achteck-Metallschliffdesign<\/p>\n\n<p><br \/>\n<strong>Produktionszeit und Versanddetails\u202f\u00a0<\/strong><br \/>\n- Jedes Produkt ben\u00f6tigt nur 1-5 Werktage zur Fertigstellung\u00a0<br \/>\n- Bestellungen von heute k\u00f6nnen bereits morgen versendet werden\u00a0<br \/>\n- Nur erh\u00e4ltlich in Hongkong, Taiwan, Macau, Singapur, Malaysia und dem chinesischen Festland<\/p>","protected":false},"featured_media":4004,"comment_status":"open","ping_status":"closed","template":"","meta":{"inline_featured_image":false},"collection":[2284],"trending_cat":[],"product_cat":[17],"product_tag":[103],"class_list":{"0":"post-2239","1":"product","2":"type-product","3":"status-publish","4":"has-post-thumbnail","6":"product_cat-bracelets-cuffs","7":"product_tag-peanuts","9":"first","10":"instock","11":"sale","12":"shipping-taxable","13":"purchasable","14":"product-type-variable"},"yoast_head":"<!-- This site is optimized with the Yoast SEO plugin v23.4 - https:\/\/yoast.com\/wordpress\/plugins\/seo\/ -->\n<title>Crudo Peanuts personalisiertes geflochtenes Leder T-Schlie\u00dfe Armband - Marineblau Ros\u00e9gold<\/title>\n<meta name=\"description\" content=\"Entdecken Sie den Crudo Peanuts Navyblau Ros\u00e9gold geflochtenes Leder T-Verschluss Armband. Hergestellt aus italienischem Vollrindleder und 316L-Stahl, mit kostenloser Gravur und optionalen Anh\u00e4ngern. Vielseitig und stilvoll, um Ihren einzigartigen Geschmack zu zeigen.\" \/>\n<meta name=\"robots\" content=\"index, follow, max-snippet:-1, max-image-preview:large, max-video-preview:-1\" \/>\n<link rel=\"canonical\" href=\"https:\/\/crudo-leather.com\/de\/product\/peanuts-customized-woven-leather-t-bar-bracelet-navy-blue-rose-gold\/\" \/>\n<meta property=\"og:locale\" content=\"en_US\" \/>\n<meta property=\"og:type\" content=\"article\" \/>\n<meta property=\"og:title\" content=\"Crudo Peanuts personalisiertes geflochtenes Leder T-Schlie\u00dfe Armband - Marineblau Ros\u00e9gold\" \/>\n<meta property=\"og:description\" content=\"Entdecken Sie den Crudo Peanuts Navyblau Ros\u00e9gold geflochtenes Leder T-Verschluss Armband. Hergestellt aus italienischem Vollrindleder und 316L-Stahl, mit kostenloser Gravur und optionalen Anh\u00e4ngern. Vielseitig und stilvoll, um Ihren einzigartigen Geschmack zu zeigen.\" \/>\n<meta property=\"og:url\" content=\"https:\/\/crudo-leather.com\/product\/peanuts-customized-woven-leather-t-bar-bracelet-navy-blue-rose-gold\/\" \/>\n<meta property=\"og:site_name\" content=\"Crudo\" \/>\n<meta property=\"article:modified_time\" content=\"2026-02-03T04:07:18+00:00\" \/>\n<meta property=\"og:image\" content=\"https:\/\/crudo-leather.com\/wp-content\/uploads\/2024\/08\/peanuts_wbg_brt07_gdbe_f-2.jpg\" \/>\n\t<meta property=\"og:image:width\" content=\"640\" \/>\n\t<meta property=\"og:image:height\" content=\"640\" \/>\n\t<meta property=\"og:image:type\" content=\"image\/jpeg\" \/>\n<meta name=\"twitter:card\" content=\"summary_large_image\" \/>\n<meta name=\"twitter:label1\" content=\"Est. reading time\" \/>\n\t<meta name=\"twitter:data1\" content=\"1 minute\" \/>\n<script type=\"application\/ld+json\" class=\"yoast-schema-graph\">{\"@context\":\"https:\/\/schema.org\",\"@graph\":[{\"@type\":\"WebPage\",\"@id\":\"https:\/\/crudo-leather.com\/product\/peanuts-customized-woven-leather-t-bar-bracelet-navy-blue-rose-gold\/\",\"url\":\"https:\/\/crudo-leather.com\/product\/peanuts-customized-woven-leather-t-bar-bracelet-navy-blue-rose-gold\/\",\"name\":\"Peanuts T-Bar Bracelet: Navy Blue Rose Gold\",\"isPartOf\":{\"@id\":\"https:\/\/crudo-leather.com\/#website\"},\"primaryImageOfPage\":{\"@id\":\"https:\/\/crudo-leather.com\/product\/peanuts-customized-woven-leather-t-bar-bracelet-navy-blue-rose-gold\/#primaryimage\"},\"image\":{\"@id\":\"https:\/\/crudo-leather.com\/product\/peanuts-customized-woven-leather-t-bar-bracelet-navy-blue-rose-gold\/#primaryimage\"},\"thumbnailUrl\":\"https:\/\/crudo-leather.com\/wp-content\/uploads\/2024\/08\/peanuts_wbg_brt07_gdbe_f-2.jpg\",\"datePublished\":\"2024-08-01T06:03:02+00:00\",\"dateModified\":\"2026-02-03T04:07:18+00:00\",\"description\":\"Add a touch of charm with the Peanuts Customized Woven Leather T-Bar Bracelet in Navy Blue Rose Gold. A stylish and personal accessory.\",\"breadcrumb\":{\"@id\":\"https:\/\/crudo-leather.com\/product\/peanuts-customized-woven-leather-t-bar-bracelet-navy-blue-rose-gold\/#breadcrumb\"},\"inLanguage\":\"en-US\",\"potentialAction\":[{\"@type\":\"ReadAction\",\"target\":[\"https:\/\/crudo-leather.com\/product\/peanuts-customized-woven-leather-t-bar-bracelet-navy-blue-rose-gold\/\"]}]},{\"@type\":\"ImageObject\",\"inLanguage\":\"en-US\",\"@id\":\"https:\/\/crudo-leather.com\/product\/peanuts-customized-woven-leather-t-bar-bracelet-navy-blue-rose-gold\/#primaryimage\",\"url\":\"https:\/\/crudo-leather.com\/wp-content\/uploads\/2024\/08\/peanuts_wbg_brt07_gdbe_f-2.jpg\",\"contentUrl\":\"https:\/\/crudo-leather.com\/wp-content\/uploads\/2024\/08\/peanuts_wbg_brt07_gdbe_f-2.jpg\",\"width\":640,\"height\":640},{\"@type\":\"BreadcrumbList\",\"@id\":\"https:\/\/crudo-leather.com\/product\/peanuts-customized-woven-leather-t-bar-bracelet-navy-blue-rose-gold\/#breadcrumb\",\"itemListElement\":[{\"@type\":\"ListItem\",\"position\":1,\"name\":\"Shop\",\"item\":\"https:\/\/crudo-leather.com\/shop\/\"},{\"@type\":\"ListItem\",\"position\":2,\"name\":\"Snoopy Customized Woven Leather T-Bar Bracelet\"}]},{\"@type\":\"WebSite\",\"@id\":\"https:\/\/crudo-leather.com\/#website\",\"url\":\"https:\/\/crudo-leather.com\/\",\"name\":\"Crudo\",\"description\":\"\",\"potentialAction\":[{\"@type\":\"SearchAction\",\"target\":{\"@type\":\"EntryPoint\",\"urlTemplate\":\"https:\/\/crudo-leather.com\/?s={search_term_string}\"},\"query-input\":{\"@type\":\"PropertyValueSpecification\",\"valueRequired\":true,\"valueName\":\"search_term_string\"}}],\"inLanguage\":\"en-US\"}]}<\/script>\n<!-- \/ Yoast SEO plugin. -->","yoast_head_json":{"title":"Crudo Peanuts personalisiertes geflochtenes Leder T-Schlie\u00dfe Armband - Marineblau Ros\u00e9gold","description":"Entdecken Sie den Crudo Peanuts Navyblau Ros\u00e9gold geflochtenes Leder T-Verschluss Armband. Hergestellt aus italienischem Vollrindleder und 316L-Stahl, mit kostenloser Gravur und optionalen Anh\u00e4ngern. Vielseitig und stilvoll, um Ihren einzigartigen Geschmack zu zeigen.","robots":{"index":"index","follow":"follow","max-snippet":"max-snippet:-1","max-image-preview":"max-image-preview:large","max-video-preview":"max-video-preview:-1"},"canonical":"https:\/\/crudo-leather.com\/de\/product\/peanuts-customized-woven-leather-t-bar-bracelet-navy-blue-rose-gold\/","og_locale":"en_US","og_type":"article","og_title":"Crudo Peanuts personalisiertes geflochtenes Leder T-Schlie\u00dfe Armband - Marineblau Ros\u00e9gold","og_description":"Entdecken Sie den Crudo Peanuts Navyblau Ros\u00e9gold geflochtenes Leder T-Verschluss Armband. Hergestellt aus italienischem Vollrindleder und 316L-Stahl, mit kostenloser Gravur und optionalen Anh\u00e4ngern. Vielseitig und stilvoll, um Ihren einzigartigen Geschmack zu zeigen.","og_url":"https:\/\/crudo-leather.com\/product\/peanuts-customized-woven-leather-t-bar-bracelet-navy-blue-rose-gold\/","og_site_name":"Crudo","article_modified_time":"2026-02-03T04:07:18+00:00","og_image":[{"width":640,"height":640,"url":"https:\/\/crudo-leather.com\/wp-content\/uploads\/2024\/08\/peanuts_wbg_brt07_gdbe_f-2.jpg","type":"image\/jpeg"}],"twitter_card":"summary_large_image","twitter_misc":{"Est. reading time":"1 minute"},"schema":{"@context":"https:\/\/schema.org","@graph":[{"@type":"WebPage","@id":"https:\/\/crudo-leather.com\/product\/peanuts-customized-woven-leather-t-bar-bracelet-navy-blue-rose-gold\/","url":"https:\/\/crudo-leather.com\/product\/peanuts-customized-woven-leather-t-bar-bracelet-navy-blue-rose-gold\/","name":"Peanuts T-Bar Bracelet: Navy Blue Rose Gold","isPartOf":{"@id":"https:\/\/crudo-leather.com\/#website"},"primaryImageOfPage":{"@id":"https:\/\/crudo-leather.com\/product\/peanuts-customized-woven-leather-t-bar-bracelet-navy-blue-rose-gold\/#primaryimage"},"image":{"@id":"https:\/\/crudo-leather.com\/product\/peanuts-customized-woven-leather-t-bar-bracelet-navy-blue-rose-gold\/#primaryimage"},"thumbnailUrl":"https:\/\/crudo-leather.com\/wp-content\/uploads\/2024\/08\/peanuts_wbg_brt07_gdbe_f-2.jpg","datePublished":"2024-08-01T06:03:02+00:00","dateModified":"2026-02-03T04:07:18+00:00","description":"Add a touch of charm with the Peanuts Customized Woven Leather T-Bar Bracelet in Navy Blue Rose Gold. A stylish and personal accessory.","breadcrumb":{"@id":"https:\/\/crudo-leather.com\/product\/peanuts-customized-woven-leather-t-bar-bracelet-navy-blue-rose-gold\/#breadcrumb"},"inLanguage":"en-US","potentialAction":[{"@type":"ReadAction","target":["https:\/\/crudo-leather.com\/product\/peanuts-customized-woven-leather-t-bar-bracelet-navy-blue-rose-gold\/"]}]},{"@type":"ImageObject","inLanguage":"en-US","@id":"https:\/\/crudo-leather.com\/product\/peanuts-customized-woven-leather-t-bar-bracelet-navy-blue-rose-gold\/#primaryimage","url":"https:\/\/crudo-leather.com\/wp-content\/uploads\/2024\/08\/peanuts_wbg_brt07_gdbe_f-2.jpg","contentUrl":"https:\/\/crudo-leather.com\/wp-content\/uploads\/2024\/08\/peanuts_wbg_brt07_gdbe_f-2.jpg","width":640,"height":640},{"@type":"BreadcrumbList","@id":"https:\/\/crudo-leather.com\/product\/peanuts-customized-woven-leather-t-bar-bracelet-navy-blue-rose-gold\/#breadcrumb","itemListElement":[{"@type":"ListItem","position":1,"name":"Shop","item":"https:\/\/crudo-leather.com\/shop\/"},{"@type":"ListItem","position":2,"name":"Snoopy Customized Woven Leather T-Bar Bracelet"}]},{"@type":"WebSite","@id":"https:\/\/crudo-leather.com\/#website","url":"https:\/\/crudo-leather.com\/","name":"Crudo","description":"","potentialAction":[{"@type":"SearchAction","target":{"@type":"EntryPoint","urlTemplate":"https:\/\/crudo-leather.com\/?s={search_term_string}"},"query-input":{"@type":"PropertyValueSpecification","valueRequired":true,"valueName":"search_term_string"}}],"inLanguage":"en-US"}]}},"_links":{"self":[{"href":"https:\/\/crudo-leather.com\/de\/wp-json\/wp\/v2\/product\/2239"}],"collection":[{"href":"https:\/\/crudo-leather.com\/de\/wp-json\/wp\/v2\/product"}],"about":[{"href":"https:\/\/crudo-leather.com\/de\/wp-json\/wp\/v2\/types\/product"}],"replies":[{"embeddable":true,"href":"https:\/\/crudo-leather.com\/de\/wp-json\/wp\/v2\/comments?post=2239"}],"wp:featuredmedia":[{"embeddable":true,"href":"https:\/\/crudo-leather.com\/de\/wp-json\/wp\/v2\/media\/4004"}],"wp:attachment":[{"href":"https:\/\/crudo-leather.com\/de\/wp-json\/wp\/v2\/media?parent=2239"}],"wp:term":[{"taxonomy":"collection","embeddable":true,"href":"https:\/\/crudo-leather.com\/de\/wp-json\/wp\/v2\/collection?post=2239"},{"taxonomy":"trending_cat","embeddable":true,"href":"https:\/\/crudo-leather.com\/de\/wp-json\/wp\/v2\/trending_cat?post=2239"},{"taxonomy":"product_cat","embeddable":true,"href":"https:\/\/crudo-leather.com\/de\/wp-json\/wp\/v2\/product_cat?post=2239"},{"taxonomy":"product_tag","embeddable":true,"href":"https:\/\/crudo-leather.com\/de\/wp-json\/wp\/v2\/product_tag?post=2239"}],"curies":[{"name":"wp","href":"https:\/\/api.w.org\/{rel}","templated":true}]}}