{"id":2263,"date":"2024-08-01T14:03:37","date_gmt":"2024-08-01T06:03:37","guid":{"rendered":"https:\/\/crudo-leather.com\/product\/peanuts-uv-printed-customized-rfid-slim-wallet-saffiano-palace-blue\/"},"modified":"2026-02-03T12:07:20","modified_gmt":"2026-02-03T04:07:20","slug":"peanuts-uv-printed-customized-rfid-slim-wallet-saffiano-palace-blue","status":"publish","type":"product","link":"https:\/\/crudo-leather.com\/de\/product\/peanuts-uv-printed-customized-rfid-slim-wallet-saffiano-palace-blue\/","title":{"rendered":"Snoopy Limited Edition UV-Druck personalisiertes RFID-D\u00fcnnportemonnaie"},"content":{"rendered":"","protected":false},"excerpt":{"rendered":"** Nach Auswahl des Produkts und Klicken auf \"Zum Warenkorb hinzuf\u00fcgen und gestalten\" w\u00e4hlen Sie bitte auf der Gestaltungsseite ein spezielles Motiv aus der PEANUTS-Kollektion aus, da das Produkt sonst nicht mit einem UV-Druck versehen wird und auch nicht mit der PEANUTS-Geschenkbox geliefert wird.\n\n<ins><strong>Crudo x PEANUTS <\/strong><\/ins>\nCrudo pr\u00e4sentiert in Zusammenarbeit mit PEANUTS eine neue Serie mit UV-Druck auf italienischem Leder, die Sie den klassischen Charakteren aus \"Peanuts\" wie Snoopy und seinen Freunden n\u00e4her bringt! Durch hochwertige UV-Drucktechnologie werden die niedlichen Bilder der PEANUTS Gangs zusammen mit Ihrem pers\u00f6nlichen, stilvollen Signatur auf italienischem Leder in lebendigen und plastischen Motiven dargestellt, was Ihre Lederprodukte noch lebendiger und interessanter macht.\n\n- Offiziell lizenziertes PEANUTS-Lederportemonnaie in Zusammenarbeit\n- Bis zu 28 spezielle Motive aus der PEANUTS-Kollektion zur Auswahl, die zusammen mit Ihrer personalisierten Signatur im UV-Druck auf dem Lederportemonnaie aufgebracht werden\n- Beim Kauf eines limitierten PEANUTS-Lederportemonnaies erhalten Sie eine PEANUTS-Geschenkbox mit abtrennbarer Gru\u00dfkarte (inklusive Geschenkkarte und Produktgarantie)\n- Hergestellt aus italienischem Kreuznarben-Vollrindleder und Aluminium\n- Extrem leichtes und kompaktes Design f\u00fcr einfachen Transport\n- \u00c4u\u00dferst glattes, ausklappbares Kartenfachdesign, mit dem Sie alle Karten mit einer Hand entnehmen k\u00f6nnen\n- Mit RFID-Schutzfunktion zum Schutz wichtiger Daten auf Ihren Karten vor Diebstahl\n- Separates Geldfach zur Aufbewahrung von Banknoten\n- Praktischer und sicherer Magnetverschluss\n\n<strong>Portemonnaie-Aufteilung<\/strong><strong> :<\/strong>\n- 1 Kartenfach (f\u00fcr 4 bis 5 Karten)\n- 2 Innentaschen (jede f\u00fcr 1 Karte)\n- 1 Geldfach\nInsgesamt Platz f\u00fcr 6-8 Karten\n\n<strong>Produktionszeit und Versanddetails<\/strong><strong> :<\/strong>\n- Jedes Produkt ben\u00f6tigt nur 1-5 Werktage zur Fertigstellung\n- Bei Bestellung heute kann die Lieferung bereits morgen erfolgen\n- Nur erh\u00e4ltlich in Hongkong, Taiwan, Macau, Singapur, Malaysia und dem chinesischen Festland","protected":false},"featured_media":4194,"comment_status":"open","ping_status":"closed","template":"","meta":{"inline_featured_image":false},"collection":[2278],"trending_cat":[2393],"product_cat":[2373],"product_tag":[103],"class_list":{"0":"post-2263","1":"product","2":"type-product","3":"status-publish","4":"has-post-thumbnail","6":"trending_cat-perito-rfid-slim-wallet","7":"product_cat-wallets","8":"product_tag-peanuts","10":"first","11":"instock","12":"sale","13":"shipping-taxable","14":"purchasable","15":"product-type-variable"},"yoast_head":"<!-- This site is optimized with the Yoast SEO plugin v23.4 - https:\/\/yoast.com\/wordpress\/plugins\/seo\/ -->\n<title>Crudo Peanuts UV-Druck RFID-Diebstahlschutz schlankes kurzes Portemonnaie - Hofblau<\/title>\n<meta name=\"description\" content=\"Entdecken Sie die Crudo Peanuts Kollektion in k\u00f6nigsblauem Saffiano-Leder, ein schlankes kurzes Portemonnaie. Mit UV-gedruckten Peanuts-Motiven, integriertem RFID-Schutz, einem Knopfdruck-Kartenfach f\u00fcr 6-8 Karten. Leicht und stilvoll, inklusive exklusiver Geschenkbox.\" \/>\n<meta name=\"robots\" content=\"index, follow, max-snippet:-1, max-image-preview:large, max-video-preview:-1\" \/>\n<link rel=\"canonical\" href=\"https:\/\/crudo-leather.com\/de\/product\/peanuts-uv-printed-customized-rfid-slim-wallet-saffiano-palace-blue\/\" \/>\n<meta property=\"og:locale\" content=\"en_US\" \/>\n<meta property=\"og:type\" content=\"article\" \/>\n<meta property=\"og:title\" content=\"Crudo Peanuts UV-Druck RFID-Diebstahlschutz schlankes kurzes Portemonnaie - Hofblau\" \/>\n<meta property=\"og:description\" content=\"Entdecken Sie die Crudo Peanuts Kollektion in k\u00f6nigsblauem Saffiano-Leder, ein schlankes kurzes Portemonnaie. Mit UV-gedruckten Peanuts-Motiven, integriertem RFID-Schutz, einem Knopfdruck-Kartenfach f\u00fcr 6-8 Karten. Leicht und stilvoll, inklusive exklusiver Geschenkbox.\" \/>\n<meta property=\"og:url\" content=\"https:\/\/crudo-leather.com\/product\/peanuts-uv-printed-customized-rfid-slim-wallet-saffiano-palace-blue\/\" \/>\n<meta property=\"og:site_name\" content=\"Crudo\" \/>\n<meta property=\"article:modified_time\" content=\"2026-02-03T04:07:20+00:00\" \/>\n<meta property=\"og:image\" content=\"https:\/\/crudo-leather.com\/wp-content\/uploads\/2024\/08\/slw02_peanuts_black-2.jpg\" \/>\n\t<meta property=\"og:image:width\" content=\"640\" \/>\n\t<meta property=\"og:image:height\" content=\"640\" \/>\n\t<meta property=\"og:image:type\" content=\"image\/jpeg\" \/>\n<meta name=\"twitter:card\" content=\"summary_large_image\" \/>\n<meta name=\"twitter:label1\" content=\"Est. reading time\" \/>\n\t<meta name=\"twitter:data1\" content=\"1 minute\" \/>\n<script type=\"application\/ld+json\" class=\"yoast-schema-graph\">{\"@context\":\"https:\/\/schema.org\",\"@graph\":[{\"@type\":\"WebPage\",\"@id\":\"https:\/\/crudo-leather.com\/product\/peanuts-uv-printed-customized-rfid-slim-wallet-saffiano-palace-blue\/\",\"url\":\"https:\/\/crudo-leather.com\/product\/peanuts-uv-printed-customized-rfid-slim-wallet-saffiano-palace-blue\/\",\"name\":\"Peanuts UV Printed RFID Slim Wallet - Saffiano Palace Blue\",\"isPartOf\":{\"@id\":\"https:\/\/crudo-leather.com\/#website\"},\"primaryImageOfPage\":{\"@id\":\"https:\/\/crudo-leather.com\/product\/peanuts-uv-printed-customized-rfid-slim-wallet-saffiano-palace-blue\/#primaryimage\"},\"image\":{\"@id\":\"https:\/\/crudo-leather.com\/product\/peanuts-uv-printed-customized-rfid-slim-wallet-saffiano-palace-blue\/#primaryimage\"},\"thumbnailUrl\":\"https:\/\/crudo-leather.com\/wp-content\/uploads\/2024\/08\/slw02_peanuts_black-2.jpg\",\"datePublished\":\"2024-08-01T06:03:37+00:00\",\"dateModified\":\"2026-02-03T04:07:20+00:00\",\"description\":\"Own the officially licensed Peanuts UV printed RFID slim wallet. Saffiano palace blue, secure & stylish. Free engraving & luxury gift box. Keep your essentials safe. Shop now!\",\"breadcrumb\":{\"@id\":\"https:\/\/crudo-leather.com\/product\/peanuts-uv-printed-customized-rfid-slim-wallet-saffiano-palace-blue\/#breadcrumb\"},\"inLanguage\":\"en-US\",\"potentialAction\":[{\"@type\":\"ReadAction\",\"target\":[\"https:\/\/crudo-leather.com\/product\/peanuts-uv-printed-customized-rfid-slim-wallet-saffiano-palace-blue\/\"]}]},{\"@type\":\"ImageObject\",\"inLanguage\":\"en-US\",\"@id\":\"https:\/\/crudo-leather.com\/product\/peanuts-uv-printed-customized-rfid-slim-wallet-saffiano-palace-blue\/#primaryimage\",\"url\":\"https:\/\/crudo-leather.com\/wp-content\/uploads\/2024\/08\/slw02_peanuts_black-2.jpg\",\"contentUrl\":\"https:\/\/crudo-leather.com\/wp-content\/uploads\/2024\/08\/slw02_peanuts_black-2.jpg\",\"width\":640,\"height\":640},{\"@type\":\"BreadcrumbList\",\"@id\":\"https:\/\/crudo-leather.com\/product\/peanuts-uv-printed-customized-rfid-slim-wallet-saffiano-palace-blue\/#breadcrumb\",\"itemListElement\":[{\"@type\":\"ListItem\",\"position\":1,\"name\":\"Shop\",\"item\":\"https:\/\/crudo-leather.com\/shop\/\"},{\"@type\":\"ListItem\",\"position\":2,\"name\":\"Snoopy UV Printed Customized RFID Slim Wallet\"}]},{\"@type\":\"WebSite\",\"@id\":\"https:\/\/crudo-leather.com\/#website\",\"url\":\"https:\/\/crudo-leather.com\/\",\"name\":\"Crudo\",\"description\":\"\",\"potentialAction\":[{\"@type\":\"SearchAction\",\"target\":{\"@type\":\"EntryPoint\",\"urlTemplate\":\"https:\/\/crudo-leather.com\/?s={search_term_string}\"},\"query-input\":{\"@type\":\"PropertyValueSpecification\",\"valueRequired\":true,\"valueName\":\"search_term_string\"}}],\"inLanguage\":\"en-US\"}]}<\/script>\n<!-- \/ Yoast SEO plugin. -->","yoast_head_json":{"title":"Crudo Peanuts UV-Druck RFID-Diebstahlschutz schlankes kurzes Portemonnaie - Hofblau","description":"Entdecken Sie die Crudo Peanuts Kollektion in k\u00f6nigsblauem Saffiano-Leder, ein schlankes kurzes Portemonnaie. Mit UV-gedruckten Peanuts-Motiven, integriertem RFID-Schutz, einem Knopfdruck-Kartenfach f\u00fcr 6-8 Karten. Leicht und stilvoll, inklusive exklusiver Geschenkbox.","robots":{"index":"index","follow":"follow","max-snippet":"max-snippet:-1","max-image-preview":"max-image-preview:large","max-video-preview":"max-video-preview:-1"},"canonical":"https:\/\/crudo-leather.com\/de\/product\/peanuts-uv-printed-customized-rfid-slim-wallet-saffiano-palace-blue\/","og_locale":"en_US","og_type":"article","og_title":"Crudo Peanuts UV-Druck RFID-Diebstahlschutz schlankes kurzes Portemonnaie - Hofblau","og_description":"Entdecken Sie die Crudo Peanuts Kollektion in k\u00f6nigsblauem Saffiano-Leder, ein schlankes kurzes Portemonnaie. Mit UV-gedruckten Peanuts-Motiven, integriertem RFID-Schutz, einem Knopfdruck-Kartenfach f\u00fcr 6-8 Karten. Leicht und stilvoll, inklusive exklusiver Geschenkbox.","og_url":"https:\/\/crudo-leather.com\/product\/peanuts-uv-printed-customized-rfid-slim-wallet-saffiano-palace-blue\/","og_site_name":"Crudo","article_modified_time":"2026-02-03T04:07:20+00:00","og_image":[{"width":640,"height":640,"url":"https:\/\/crudo-leather.com\/wp-content\/uploads\/2024\/08\/slw02_peanuts_black-2.jpg","type":"image\/jpeg"}],"twitter_card":"summary_large_image","twitter_misc":{"Est. reading time":"1 minute"},"schema":{"@context":"https:\/\/schema.org","@graph":[{"@type":"WebPage","@id":"https:\/\/crudo-leather.com\/product\/peanuts-uv-printed-customized-rfid-slim-wallet-saffiano-palace-blue\/","url":"https:\/\/crudo-leather.com\/product\/peanuts-uv-printed-customized-rfid-slim-wallet-saffiano-palace-blue\/","name":"Peanuts UV Printed RFID Slim Wallet - Saffiano Palace Blue","isPartOf":{"@id":"https:\/\/crudo-leather.com\/#website"},"primaryImageOfPage":{"@id":"https:\/\/crudo-leather.com\/product\/peanuts-uv-printed-customized-rfid-slim-wallet-saffiano-palace-blue\/#primaryimage"},"image":{"@id":"https:\/\/crudo-leather.com\/product\/peanuts-uv-printed-customized-rfid-slim-wallet-saffiano-palace-blue\/#primaryimage"},"thumbnailUrl":"https:\/\/crudo-leather.com\/wp-content\/uploads\/2024\/08\/slw02_peanuts_black-2.jpg","datePublished":"2024-08-01T06:03:37+00:00","dateModified":"2026-02-03T04:07:20+00:00","description":"Own the officially licensed Peanuts UV printed RFID slim wallet. Saffiano palace blue, secure & stylish. Free engraving & luxury gift box. Keep your essentials safe. Shop now!","breadcrumb":{"@id":"https:\/\/crudo-leather.com\/product\/peanuts-uv-printed-customized-rfid-slim-wallet-saffiano-palace-blue\/#breadcrumb"},"inLanguage":"en-US","potentialAction":[{"@type":"ReadAction","target":["https:\/\/crudo-leather.com\/product\/peanuts-uv-printed-customized-rfid-slim-wallet-saffiano-palace-blue\/"]}]},{"@type":"ImageObject","inLanguage":"en-US","@id":"https:\/\/crudo-leather.com\/product\/peanuts-uv-printed-customized-rfid-slim-wallet-saffiano-palace-blue\/#primaryimage","url":"https:\/\/crudo-leather.com\/wp-content\/uploads\/2024\/08\/slw02_peanuts_black-2.jpg","contentUrl":"https:\/\/crudo-leather.com\/wp-content\/uploads\/2024\/08\/slw02_peanuts_black-2.jpg","width":640,"height":640},{"@type":"BreadcrumbList","@id":"https:\/\/crudo-leather.com\/product\/peanuts-uv-printed-customized-rfid-slim-wallet-saffiano-palace-blue\/#breadcrumb","itemListElement":[{"@type":"ListItem","position":1,"name":"Shop","item":"https:\/\/crudo-leather.com\/shop\/"},{"@type":"ListItem","position":2,"name":"Snoopy UV Printed Customized RFID Slim Wallet"}]},{"@type":"WebSite","@id":"https:\/\/crudo-leather.com\/#website","url":"https:\/\/crudo-leather.com\/","name":"Crudo","description":"","potentialAction":[{"@type":"SearchAction","target":{"@type":"EntryPoint","urlTemplate":"https:\/\/crudo-leather.com\/?s={search_term_string}"},"query-input":{"@type":"PropertyValueSpecification","valueRequired":true,"valueName":"search_term_string"}}],"inLanguage":"en-US"}]}},"_links":{"self":[{"href":"https:\/\/crudo-leather.com\/de\/wp-json\/wp\/v2\/product\/2263"}],"collection":[{"href":"https:\/\/crudo-leather.com\/de\/wp-json\/wp\/v2\/product"}],"about":[{"href":"https:\/\/crudo-leather.com\/de\/wp-json\/wp\/v2\/types\/product"}],"replies":[{"embeddable":true,"href":"https:\/\/crudo-leather.com\/de\/wp-json\/wp\/v2\/comments?post=2263"}],"wp:featuredmedia":[{"embeddable":true,"href":"https:\/\/crudo-leather.com\/de\/wp-json\/wp\/v2\/media\/4194"}],"wp:attachment":[{"href":"https:\/\/crudo-leather.com\/de\/wp-json\/wp\/v2\/media?parent=2263"}],"wp:term":[{"taxonomy":"collection","embeddable":true,"href":"https:\/\/crudo-leather.com\/de\/wp-json\/wp\/v2\/collection?post=2263"},{"taxonomy":"trending_cat","embeddable":true,"href":"https:\/\/crudo-leather.com\/de\/wp-json\/wp\/v2\/trending_cat?post=2263"},{"taxonomy":"product_cat","embeddable":true,"href":"https:\/\/crudo-leather.com\/de\/wp-json\/wp\/v2\/product_cat?post=2263"},{"taxonomy":"product_tag","embeddable":true,"href":"https:\/\/crudo-leather.com\/de\/wp-json\/wp\/v2\/product_tag?post=2263"}],"curies":[{"name":"wp","href":"https:\/\/api.w.org\/{rel}","templated":true}]}}