{"id":2265,"date":"2024-08-01T14:03:40","date_gmt":"2024-08-01T06:03:40","guid":{"rendered":"https:\/\/crudo-leather.com\/product\/crayon-shinchan-customized-leather-gemstone-bracelet-dolphin-gray-mother-of-pearl\/"},"modified":"2026-01-09T11:46:52","modified_gmt":"2026-01-09T03:46:52","slug":"crayon-shinchan-customized-leather-gemstone-bracelet-dolphin-gray-mother-of-pearl","status":"publish","type":"product","link":"https:\/\/crudo-leather.com\/de\/product\/crayon-shinchan-customized-leather-gemstone-bracelet-dolphin-gray-mother-of-pearl\/","title":{"rendered":"Crayon Shinchan Limited Edition ma\u00dfgeschmiedetes gewebtes Leder Edelsteine Armband"},"content":{"rendered":"","protected":false},"excerpt":{"rendered":"<p>**Bitte w\u00e4hlen Sie mindestens ein Crayon Shinchan Metallanh\u00e4nger, sonst wird das Produkt nur mit dem urspr\u00fcnglichen Crudo runden Anh\u00e4nger geliefert und nicht mit der Crayon Shinchan Special Edition Geschenkbox**<\/p>\n\n<p><ins><strong>Crayon Shinchan x Crudo<\/strong><\/ins><\/p>\n\n<p>Crudo kooperiert mit der beliebten japanischen Cartoonfigur \"Crayon Shinchan\" und pr\u00e4sentiert eine Reihe von lustigen und niedlichen Lederaccessoires. Verschiedene Versionen von Shinchan und seinen Freunden und Familienmitgliedern verwandeln sich in exquisite Metallanh\u00e4nger, die frei mit dem preisgekr\u00f6nten Lederarmband kombiniert werden k\u00f6nnen. Kombinieren Sie dies mit dem exklusiven Crudo Personalisierungsdienst f\u00fcr Gravuren und gestalten Sie sofort Ihr einzigartiges, unterhaltsames Accessoire!<\/p>\n\n<p><strong>Klicken Sie auf \"In den Warenkorb legen und gestalten\", um Ihre Gravur zu entwerfen<\/strong><\/p>\n\n<p>- Offiziell lizenzierte Crayon Shinchan Produkte aus Japan<br \/>\n- Mehrere verschiedene Metallanh\u00e4nger mit Shinchan und seinen Freunden\/Familie k\u00f6nnen frei kombiniert und am Lederarmband befestigt werden<br \/>\n- Beim Kauf eines Crayon Shinchan Limited Edition Lederarmbands erhalten Sie eine Crayon Shinchan Limited Edition Geschenkbox mit abziehbarer Gru\u00dfkarte (inklusive Geschenkkarte und Produktgarantie)<br \/>\n- Hergestellt aus italienischem, geflochtenem Rindleder erster Wahl und feinstem 316L Edelstahl<br \/>\n- Perlmuttsteine sind in die Oberfl\u00e4che des 316L Edelstahls eingelegt<br \/>\n- Handwerker verwenden pr\u00e4zise Edelsteinschneidetechniken, damit die wertvollen Steine in bezauberndem Glanz erstrahlen<br \/>\n- Jeder Stein ist nat\u00fcrlich abgebaut und hat eine einzigartige, nat\u00fcrliche Maserung<br \/>\n- Kostenloser Gravurservice, verschiedene Schriftarten, Emojis und Gravurvorschl\u00e4ge zur Auswahl<br \/>\n- Verblasst und oxidiert nicht leicht, bleibt lange erhalten<br \/>\n- Mit Magnetverschluss und exklusivem achteckigem Metallschliff-Design<br \/>\n- Geeignet f\u00fcr Menschen mit empfindlicher Haut<br \/>\n- Hinweis: Das Armband ist nicht f\u00fcr Kinder unter 3 Jahren geeignet<br \/>\n<br \/>\n<strong>Herstellungszeit und Versanddetails<\/strong><br \/>\n- Jedes Produkt ben\u00f6tigt nur 1-5 Werktage zur Fertigstellung<br \/>\n- Bestellungen von heute k\u00f6nnen bereits morgen versendet werden<br \/>\n- Nur in Hongkong, Taiwan und Macau erh\u00e4ltlich<\/p>","protected":false},"featured_media":4203,"comment_status":"open","ping_status":"closed","template":"","meta":{"inline_featured_image":false},"collection":[2287],"trending_cat":[2390],"product_cat":[17],"product_tag":[101],"class_list":{"0":"post-2265","1":"product","2":"type-product","3":"status-publish","4":"has-post-thumbnail","6":"trending_cat-ricordi-leather-bracelet","7":"product_cat-bracelets-cuffs","8":"product_tag-crayon-shinchan","10":"first","11":"instock","12":"sale","13":"shipping-taxable","14":"purchasable","15":"product-type-variable"},"yoast_head":"<!-- This site is optimized with the Yoast SEO plugin v23.4 - https:\/\/yoast.com\/wordpress\/plugins\/seo\/ -->\n<title>Crudo Crayon Shinchan personalisiertes Leder-Edelsteinarmband - Delfingrau Perlmutt<\/title>\n<meta name=\"description\" content=\"Entdecken Sie das Crudo Crayon Shinchan Limited Edition Delfingrau Perlmutt Leder Edelstein Armband. Italienisches Premium-Rindleder und 316L-Stahl mit eingelegtem nat\u00fcrlichem Perlmutt, Magnetverschluss, kostenlose Gravur und optionaler Anh\u00e4nger. Heilende Mode.\" \/>\n<meta name=\"robots\" content=\"index, follow, max-snippet:-1, max-image-preview:large, max-video-preview:-1\" \/>\n<link rel=\"canonical\" href=\"https:\/\/crudo-leather.com\/de\/product\/crayon-shinchan-customized-leather-gemstone-bracelet-dolphin-gray-mother-of-pearl\/\" \/>\n<meta property=\"og:locale\" content=\"en_US\" \/>\n<meta property=\"og:type\" content=\"article\" \/>\n<meta property=\"og:title\" content=\"Crudo Crayon Shinchan personalisiertes Leder-Edelsteinarmband - Delfingrau Perlmutt\" \/>\n<meta property=\"og:description\" content=\"Entdecken Sie das Crudo Crayon Shinchan Limited Edition Delfingrau Perlmutt Leder Edelstein Armband. Italienisches Premium-Rindleder und 316L-Stahl mit eingelegtem nat\u00fcrlichem Perlmutt, Magnetverschluss, kostenlose Gravur und optionaler Anh\u00e4nger. Heilende Mode.\" \/>\n<meta property=\"og:url\" content=\"https:\/\/crudo-leather.com\/product\/crayon-shinchan-customized-leather-gemstone-bracelet-dolphin-gray-mother-of-pearl\/\" \/>\n<meta property=\"og:site_name\" content=\"Crudo\" \/>\n<meta property=\"article:modified_time\" content=\"2026-01-09T03:46:52+00:00\" \/>\n<meta property=\"og:image\" content=\"https:\/\/crudo-leather.com\/wp-content\/uploads\/2024\/08\/640_5-1.jpg\" \/>\n\t<meta property=\"og:image:width\" content=\"640\" \/>\n\t<meta property=\"og:image:height\" content=\"640\" \/>\n\t<meta property=\"og:image:type\" content=\"image\/jpeg\" \/>\n<meta name=\"twitter:card\" content=\"summary_large_image\" \/>\n<meta name=\"twitter:label1\" content=\"Est. reading time\" \/>\n\t<meta name=\"twitter:data1\" content=\"1 minute\" \/>\n<script type=\"application\/ld+json\" class=\"yoast-schema-graph\">{\"@context\":\"https:\/\/schema.org\",\"@graph\":[{\"@type\":\"WebPage\",\"@id\":\"https:\/\/crudo-leather.com\/product\/crayon-shinchan-customized-leather-gemstone-bracelet-dolphin-gray-mother-of-pearl\/\",\"url\":\"https:\/\/crudo-leather.com\/product\/crayon-shinchan-customized-leather-gemstone-bracelet-dolphin-gray-mother-of-pearl\/\",\"name\":\"Crayon Shinchan Customized Leather Gemstone Bracelet - Dolphin Gray Mother of Pearl\",\"isPartOf\":{\"@id\":\"https:\/\/crudo-leather.com\/#website\"},\"primaryImageOfPage\":{\"@id\":\"https:\/\/crudo-leather.com\/product\/crayon-shinchan-customized-leather-gemstone-bracelet-dolphin-gray-mother-of-pearl\/#primaryimage\"},\"image\":{\"@id\":\"https:\/\/crudo-leather.com\/product\/crayon-shinchan-customized-leather-gemstone-bracelet-dolphin-gray-mother-of-pearl\/#primaryimage\"},\"thumbnailUrl\":\"https:\/\/crudo-leather.com\/wp-content\/uploads\/2024\/08\/640_5-1.jpg\",\"datePublished\":\"2024-08-01T06:03:40+00:00\",\"dateModified\":\"2026-01-09T03:46:52+00:00\",\"description\":\"Explore officially licensed Crayon Shinchan customized leather gemstone bracelet. Dolphin gray with mother of pearl. Free engraving & luxury gift box. A unique accessory. Shop now!\",\"breadcrumb\":{\"@id\":\"https:\/\/crudo-leather.com\/product\/crayon-shinchan-customized-leather-gemstone-bracelet-dolphin-gray-mother-of-pearl\/#breadcrumb\"},\"inLanguage\":\"en-US\",\"potentialAction\":[{\"@type\":\"ReadAction\",\"target\":[\"https:\/\/crudo-leather.com\/product\/crayon-shinchan-customized-leather-gemstone-bracelet-dolphin-gray-mother-of-pearl\/\"]}]},{\"@type\":\"ImageObject\",\"inLanguage\":\"en-US\",\"@id\":\"https:\/\/crudo-leather.com\/product\/crayon-shinchan-customized-leather-gemstone-bracelet-dolphin-gray-mother-of-pearl\/#primaryimage\",\"url\":\"https:\/\/crudo-leather.com\/wp-content\/uploads\/2024\/08\/640_5-1.jpg\",\"contentUrl\":\"https:\/\/crudo-leather.com\/wp-content\/uploads\/2024\/08\/640_5-1.jpg\",\"width\":640,\"height\":640},{\"@type\":\"BreadcrumbList\",\"@id\":\"https:\/\/crudo-leather.com\/product\/crayon-shinchan-customized-leather-gemstone-bracelet-dolphin-gray-mother-of-pearl\/#breadcrumb\",\"itemListElement\":[{\"@type\":\"ListItem\",\"position\":1,\"name\":\"Shop\",\"item\":\"https:\/\/crudo-leather.com\/shop\/\"},{\"@type\":\"ListItem\",\"position\":2,\"name\":\"Crayon Shinchan Customized Leather Gemstone Bracelet\"}]},{\"@type\":\"WebSite\",\"@id\":\"https:\/\/crudo-leather.com\/#website\",\"url\":\"https:\/\/crudo-leather.com\/\",\"name\":\"Crudo\",\"description\":\"\",\"potentialAction\":[{\"@type\":\"SearchAction\",\"target\":{\"@type\":\"EntryPoint\",\"urlTemplate\":\"https:\/\/crudo-leather.com\/?s={search_term_string}\"},\"query-input\":{\"@type\":\"PropertyValueSpecification\",\"valueRequired\":true,\"valueName\":\"search_term_string\"}}],\"inLanguage\":\"en-US\"}]}<\/script>\n<!-- \/ Yoast SEO plugin. -->","yoast_head_json":{"title":"Crudo Crayon Shinchan personalisiertes Leder-Edelsteinarmband - Delfingrau Perlmutt","description":"Entdecken Sie das Crudo Crayon Shinchan Limited Edition Delfingrau Perlmutt Leder Edelstein Armband. Italienisches Premium-Rindleder und 316L-Stahl mit eingelegtem nat\u00fcrlichem Perlmutt, Magnetverschluss, kostenlose Gravur und optionaler Anh\u00e4nger. Heilende Mode.","robots":{"index":"index","follow":"follow","max-snippet":"max-snippet:-1","max-image-preview":"max-image-preview:large","max-video-preview":"max-video-preview:-1"},"canonical":"https:\/\/crudo-leather.com\/de\/product\/crayon-shinchan-customized-leather-gemstone-bracelet-dolphin-gray-mother-of-pearl\/","og_locale":"en_US","og_type":"article","og_title":"Crudo Crayon Shinchan personalisiertes Leder-Edelsteinarmband - Delfingrau Perlmutt","og_description":"Entdecken Sie das Crudo Crayon Shinchan Limited Edition Delfingrau Perlmutt Leder Edelstein Armband. Italienisches Premium-Rindleder und 316L-Stahl mit eingelegtem nat\u00fcrlichem Perlmutt, Magnetverschluss, kostenlose Gravur und optionaler Anh\u00e4nger. Heilende Mode.","og_url":"https:\/\/crudo-leather.com\/product\/crayon-shinchan-customized-leather-gemstone-bracelet-dolphin-gray-mother-of-pearl\/","og_site_name":"Crudo","article_modified_time":"2026-01-09T03:46:52+00:00","og_image":[{"width":640,"height":640,"url":"https:\/\/crudo-leather.com\/wp-content\/uploads\/2024\/08\/640_5-1.jpg","type":"image\/jpeg"}],"twitter_card":"summary_large_image","twitter_misc":{"Est. reading time":"1 minute"},"schema":{"@context":"https:\/\/schema.org","@graph":[{"@type":"WebPage","@id":"https:\/\/crudo-leather.com\/product\/crayon-shinchan-customized-leather-gemstone-bracelet-dolphin-gray-mother-of-pearl\/","url":"https:\/\/crudo-leather.com\/product\/crayon-shinchan-customized-leather-gemstone-bracelet-dolphin-gray-mother-of-pearl\/","name":"Crayon Shinchan Customized Leather Gemstone Bracelet - Dolphin Gray Mother of Pearl","isPartOf":{"@id":"https:\/\/crudo-leather.com\/#website"},"primaryImageOfPage":{"@id":"https:\/\/crudo-leather.com\/product\/crayon-shinchan-customized-leather-gemstone-bracelet-dolphin-gray-mother-of-pearl\/#primaryimage"},"image":{"@id":"https:\/\/crudo-leather.com\/product\/crayon-shinchan-customized-leather-gemstone-bracelet-dolphin-gray-mother-of-pearl\/#primaryimage"},"thumbnailUrl":"https:\/\/crudo-leather.com\/wp-content\/uploads\/2024\/08\/640_5-1.jpg","datePublished":"2024-08-01T06:03:40+00:00","dateModified":"2026-01-09T03:46:52+00:00","description":"Explore officially licensed Crayon Shinchan customized leather gemstone bracelet. Dolphin gray with mother of pearl. Free engraving & luxury gift box. A unique accessory. Shop now!","breadcrumb":{"@id":"https:\/\/crudo-leather.com\/product\/crayon-shinchan-customized-leather-gemstone-bracelet-dolphin-gray-mother-of-pearl\/#breadcrumb"},"inLanguage":"en-US","potentialAction":[{"@type":"ReadAction","target":["https:\/\/crudo-leather.com\/product\/crayon-shinchan-customized-leather-gemstone-bracelet-dolphin-gray-mother-of-pearl\/"]}]},{"@type":"ImageObject","inLanguage":"en-US","@id":"https:\/\/crudo-leather.com\/product\/crayon-shinchan-customized-leather-gemstone-bracelet-dolphin-gray-mother-of-pearl\/#primaryimage","url":"https:\/\/crudo-leather.com\/wp-content\/uploads\/2024\/08\/640_5-1.jpg","contentUrl":"https:\/\/crudo-leather.com\/wp-content\/uploads\/2024\/08\/640_5-1.jpg","width":640,"height":640},{"@type":"BreadcrumbList","@id":"https:\/\/crudo-leather.com\/product\/crayon-shinchan-customized-leather-gemstone-bracelet-dolphin-gray-mother-of-pearl\/#breadcrumb","itemListElement":[{"@type":"ListItem","position":1,"name":"Shop","item":"https:\/\/crudo-leather.com\/shop\/"},{"@type":"ListItem","position":2,"name":"Crayon Shinchan Customized Leather Gemstone Bracelet"}]},{"@type":"WebSite","@id":"https:\/\/crudo-leather.com\/#website","url":"https:\/\/crudo-leather.com\/","name":"Crudo","description":"","potentialAction":[{"@type":"SearchAction","target":{"@type":"EntryPoint","urlTemplate":"https:\/\/crudo-leather.com\/?s={search_term_string}"},"query-input":{"@type":"PropertyValueSpecification","valueRequired":true,"valueName":"search_term_string"}}],"inLanguage":"en-US"}]}},"_links":{"self":[{"href":"https:\/\/crudo-leather.com\/de\/wp-json\/wp\/v2\/product\/2265"}],"collection":[{"href":"https:\/\/crudo-leather.com\/de\/wp-json\/wp\/v2\/product"}],"about":[{"href":"https:\/\/crudo-leather.com\/de\/wp-json\/wp\/v2\/types\/product"}],"replies":[{"embeddable":true,"href":"https:\/\/crudo-leather.com\/de\/wp-json\/wp\/v2\/comments?post=2265"}],"wp:featuredmedia":[{"embeddable":true,"href":"https:\/\/crudo-leather.com\/de\/wp-json\/wp\/v2\/media\/4203"}],"wp:attachment":[{"href":"https:\/\/crudo-leather.com\/de\/wp-json\/wp\/v2\/media?parent=2265"}],"wp:term":[{"taxonomy":"collection","embeddable":true,"href":"https:\/\/crudo-leather.com\/de\/wp-json\/wp\/v2\/collection?post=2265"},{"taxonomy":"trending_cat","embeddable":true,"href":"https:\/\/crudo-leather.com\/de\/wp-json\/wp\/v2\/trending_cat?post=2265"},{"taxonomy":"product_cat","embeddable":true,"href":"https:\/\/crudo-leather.com\/de\/wp-json\/wp\/v2\/product_cat?post=2265"},{"taxonomy":"product_tag","embeddable":true,"href":"https:\/\/crudo-leather.com\/de\/wp-json\/wp\/v2\/product_tag?post=2265"}],"curies":[{"name":"wp","href":"https:\/\/api.w.org\/{rel}","templated":true}]}}