{"id":2266,"date":"2024-11-25T12:12:48","date_gmt":"2024-11-25T04:12:48","guid":{"rendered":"https:\/\/crudo-leather.com\/product\/crayon-shinchan-uv-printed-customized-leather-credit-card-holder-saffiano-black\/"},"modified":"2025-09-09T09:56:46","modified_gmt":"2025-09-09T01:56:46","slug":"crayon-shinchan-uv-printed-customized-leather-credit-card-holder-saffiano-black","status":"publish","type":"product","link":"https:\/\/crudo-leather.com\/de\/product\/crayon-shinchan-uv-printed-customized-leather-credit-card-holder-saffiano-black\/","title":{"rendered":"Crayon Shinchan Limited Edition personalisiertes Leder-Kartenhalter"},"content":{"rendered":"","protected":false},"excerpt":{"rendered":"** Nachdem Sie ein Produkt ausgew\u00e4hlt und auf \"In den Warenkorb legen und gestalten\" geklickt haben, w\u00e4hlen Sie bitte auf der Gestaltungsseite mindestens ein spezielles Motiv aus der Crayon Shinchan-Serie aus, um den UV-Druck anzupassen und das Crayon Shinchan-Geschenkset zu verbessern.**\n\n<ins><strong>Crayon Shinchan x Crudo<\/strong><\/ins>\n\nDie Kombination aus Crudos exklusiver UV-Drucktechnik und dem verspielten Image von Crayon Shinchan erm\u00f6glicht es, Shinchan mit hoher Pr\u00e4zision und Detailtreue auf das Leder zu drucken. Dadurch werden die Motive farbenfroher und detailreicher, um Shinchans niedliches Aussehen perfekt darzustellen. Dies verleiht Ihren Lederprodukten Leben und macht sie zu einem Teil Ihres Alltags.\n\n- Offiziell lizenzierte Crayon Shinchan-Produkte aus Japan\n- Bis zu 25 spezielle Motive aus der Crayon Shinchan-Serie zur Auswahl, die zusammen mit Ihrer personalisierten Unterschrift per UV-Druck auf dem Leder-Kartenhalter angebracht werden\n- Beim Kauf einer limitierten Edition des Leder-Kartenhalters von Crayon Shinchan erhalten Sie ein Crayon Shinchan-Geschenkset mit einer abrei\u00dfbaren Gru\u00dfkarte\n- Hergestellt aus 100 % italienischem Rindleder mit Kreuzpr\u00e4gung\n- Handgen\u00e4hte Ziern\u00e4hte, geschliffene und abgerundete Kanten\n\n<strong>Details<\/strong><strong> :<\/strong>\n- Sechs Kartenf\u00e4cher, ein Geldfach\n- Platz f\u00fcr f\u00fcnf bis sieben Karten und Geldscheine\n\n<strong>Produktionszeit und Versanddetails<\/strong><strong> <\/strong>\n- Jedes Produkt wird in nur 1-5 Werktagen hergestellt\n- Bei Bestellung heute kann die Lieferung bereits morgen erfolgen\n- Nur in Hongkong, Taiwan und Macau erh\u00e4ltlich","protected":false},"featured_media":301274,"comment_status":"open","ping_status":"closed","template":"","meta":{"inline_featured_image":false},"collection":[2282],"trending_cat":[2394],"product_cat":[81],"product_tag":[101],"class_list":{"0":"post-2266","1":"product","2":"type-product","3":"status-publish","4":"has-post-thumbnail","6":"trending_cat-prestige-collection-offers","7":"product_cat-card-holder","8":"product_tag-crayon-shinchan","10":"first","11":"instock","12":"sale","13":"shipping-taxable","14":"purchasable","15":"product-type-variable"},"yoast_head":"<!-- This site is optimized with the Yoast SEO plugin v23.4 - https:\/\/yoast.com\/wordpress\/plugins\/seo\/ -->\n<title>Crudo Disney Yululun: Marineblau Ros\u00e9gold Leder geflochtenes Armband<\/title>\n<meta name=\"description\" content=\"Crudo Disney Yululun Limited Edition ma\u00dfgeschneidertes geflochtenes Lederarmband, Marineblau mit Ros\u00e9gold. Offiziell lizenziert, kostenlose Gravur, mit exklusiver Geschenkbox.\" \/>\n<meta name=\"robots\" content=\"index, follow, max-snippet:-1, max-image-preview:large, max-video-preview:-1\" \/>\n<link rel=\"canonical\" href=\"https:\/\/crudo-leather.com\/de\/product\/crayon-shinchan-uv-printed-customized-leather-credit-card-holder-saffiano-black\/\" \/>\n<meta property=\"og:locale\" content=\"en_US\" \/>\n<meta property=\"og:type\" content=\"article\" \/>\n<meta property=\"og:title\" content=\"Crudo Disney Yululun: Marineblau Ros\u00e9gold Leder geflochtenes Armband\" \/>\n<meta property=\"og:description\" content=\"Crudo Disney Yululun Limited Edition ma\u00dfgeschneidertes geflochtenes Lederarmband, Marineblau mit Ros\u00e9gold. Offiziell lizenziert, kostenlose Gravur, mit exklusiver Geschenkbox.\" \/>\n<meta property=\"og:url\" content=\"https:\/\/crudo-leather.com\/product\/crayon-shinchan-uv-printed-customized-leather-credit-card-holder-saffiano-black\/\" \/>\n<meta property=\"og:site_name\" content=\"Crudo\" \/>\n<meta property=\"article:modified_time\" content=\"2025-09-09T01:56:46+00:00\" \/>\n<meta property=\"og:image\" content=\"https:\/\/crudo-leather.com\/wp-content\/uploads\/2024\/11\/CSC_CCH12_WBG_BLK_1.jpg\" \/>\n\t<meta property=\"og:image:width\" content=\"2000\" \/>\n\t<meta property=\"og:image:height\" content=\"2000\" \/>\n\t<meta property=\"og:image:type\" content=\"image\/jpeg\" \/>\n<meta name=\"twitter:card\" content=\"summary_large_image\" \/>\n<meta name=\"twitter:label1\" content=\"Est. reading time\" \/>\n\t<meta name=\"twitter:data1\" content=\"1 minute\" \/>\n<script type=\"application\/ld+json\" class=\"yoast-schema-graph\">{\"@context\":\"https:\/\/schema.org\",\"@graph\":[{\"@type\":\"WebPage\",\"@id\":\"https:\/\/crudo-leather.com\/product\/crayon-shinchan-uv-printed-customized-leather-credit-card-holder-saffiano-black\/\",\"url\":\"https:\/\/crudo-leather.com\/product\/crayon-shinchan-uv-printed-customized-leather-credit-card-holder-saffiano-black\/\",\"name\":\"Shinchan Saffiano Black Card Holder\",\"isPartOf\":{\"@id\":\"https:\/\/crudo-leather.com\/#website\"},\"primaryImageOfPage\":{\"@id\":\"https:\/\/crudo-leather.com\/product\/crayon-shinchan-uv-printed-customized-leather-credit-card-holder-saffiano-black\/#primaryimage\"},\"image\":{\"@id\":\"https:\/\/crudo-leather.com\/product\/crayon-shinchan-uv-printed-customized-leather-credit-card-holder-saffiano-black\/#primaryimage\"},\"thumbnailUrl\":\"https:\/\/crudo-leather.com\/wp-content\/uploads\/2024\/11\/CSC_CCH12_WBG_BLK_1.jpg\",\"datePublished\":\"2024-11-25T04:12:48+00:00\",\"dateModified\":\"2025-09-09T01:56:46+00:00\",\"description\":\"Organize in style with the Crayon Shinchan UV Printed Customized Leather Credit Card Holder in Saffiano Black. A chic and practical accessory.\",\"breadcrumb\":{\"@id\":\"https:\/\/crudo-leather.com\/product\/crayon-shinchan-uv-printed-customized-leather-credit-card-holder-saffiano-black\/#breadcrumb\"},\"inLanguage\":\"en-US\",\"potentialAction\":[{\"@type\":\"ReadAction\",\"target\":[\"https:\/\/crudo-leather.com\/product\/crayon-shinchan-uv-printed-customized-leather-credit-card-holder-saffiano-black\/\"]}]},{\"@type\":\"ImageObject\",\"inLanguage\":\"en-US\",\"@id\":\"https:\/\/crudo-leather.com\/product\/crayon-shinchan-uv-printed-customized-leather-credit-card-holder-saffiano-black\/#primaryimage\",\"url\":\"https:\/\/crudo-leather.com\/wp-content\/uploads\/2024\/11\/CSC_CCH12_WBG_BLK_1.jpg\",\"contentUrl\":\"https:\/\/crudo-leather.com\/wp-content\/uploads\/2024\/11\/CSC_CCH12_WBG_BLK_1.jpg\",\"width\":2000,\"height\":2000},{\"@type\":\"BreadcrumbList\",\"@id\":\"https:\/\/crudo-leather.com\/product\/crayon-shinchan-uv-printed-customized-leather-credit-card-holder-saffiano-black\/#breadcrumb\",\"itemListElement\":[{\"@type\":\"ListItem\",\"position\":1,\"name\":\"Shop\",\"item\":\"https:\/\/crudo-leather.com\/shop\/\"},{\"@type\":\"ListItem\",\"position\":2,\"name\":\"Crayon Shinchan UV Printed Customized Leather Credit Card Holder\"}]},{\"@type\":\"WebSite\",\"@id\":\"https:\/\/crudo-leather.com\/#website\",\"url\":\"https:\/\/crudo-leather.com\/\",\"name\":\"Crudo\",\"description\":\"\",\"potentialAction\":[{\"@type\":\"SearchAction\",\"target\":{\"@type\":\"EntryPoint\",\"urlTemplate\":\"https:\/\/crudo-leather.com\/?s={search_term_string}\"},\"query-input\":{\"@type\":\"PropertyValueSpecification\",\"valueRequired\":true,\"valueName\":\"search_term_string\"}}],\"inLanguage\":\"en-US\"}]}<\/script>\n<!-- \/ Yoast SEO plugin. -->","yoast_head_json":{"title":"Crudo Disney Yululun: Marineblau Ros\u00e9gold Leder geflochtenes Armband","description":"Crudo Disney Yululun Limited Edition ma\u00dfgeschneidertes geflochtenes Lederarmband, Marineblau mit Ros\u00e9gold. Offiziell lizenziert, kostenlose Gravur, mit exklusiver Geschenkbox.","robots":{"index":"index","follow":"follow","max-snippet":"max-snippet:-1","max-image-preview":"max-image-preview:large","max-video-preview":"max-video-preview:-1"},"canonical":"https:\/\/crudo-leather.com\/de\/product\/crayon-shinchan-uv-printed-customized-leather-credit-card-holder-saffiano-black\/","og_locale":"en_US","og_type":"article","og_title":"Crudo Disney Yululun: Marineblau Ros\u00e9gold Leder geflochtenes Armband","og_description":"Crudo Disney Yululun Limited Edition ma\u00dfgeschneidertes geflochtenes Lederarmband, Marineblau mit Ros\u00e9gold. Offiziell lizenziert, kostenlose Gravur, mit exklusiver Geschenkbox.","og_url":"https:\/\/crudo-leather.com\/product\/crayon-shinchan-uv-printed-customized-leather-credit-card-holder-saffiano-black\/","og_site_name":"Crudo","article_modified_time":"2025-09-09T01:56:46+00:00","og_image":[{"width":2000,"height":2000,"url":"https:\/\/crudo-leather.com\/wp-content\/uploads\/2024\/11\/CSC_CCH12_WBG_BLK_1.jpg","type":"image\/jpeg"}],"twitter_card":"summary_large_image","twitter_misc":{"Est. reading time":"1 minute"},"schema":{"@context":"https:\/\/schema.org","@graph":[{"@type":"WebPage","@id":"https:\/\/crudo-leather.com\/product\/crayon-shinchan-uv-printed-customized-leather-credit-card-holder-saffiano-black\/","url":"https:\/\/crudo-leather.com\/product\/crayon-shinchan-uv-printed-customized-leather-credit-card-holder-saffiano-black\/","name":"Shinchan Saffiano Black Card Holder","isPartOf":{"@id":"https:\/\/crudo-leather.com\/#website"},"primaryImageOfPage":{"@id":"https:\/\/crudo-leather.com\/product\/crayon-shinchan-uv-printed-customized-leather-credit-card-holder-saffiano-black\/#primaryimage"},"image":{"@id":"https:\/\/crudo-leather.com\/product\/crayon-shinchan-uv-printed-customized-leather-credit-card-holder-saffiano-black\/#primaryimage"},"thumbnailUrl":"https:\/\/crudo-leather.com\/wp-content\/uploads\/2024\/11\/CSC_CCH12_WBG_BLK_1.jpg","datePublished":"2024-11-25T04:12:48+00:00","dateModified":"2025-09-09T01:56:46+00:00","description":"Organize in style with the Crayon Shinchan UV Printed Customized Leather Credit Card Holder in Saffiano Black. A chic and practical accessory.","breadcrumb":{"@id":"https:\/\/crudo-leather.com\/product\/crayon-shinchan-uv-printed-customized-leather-credit-card-holder-saffiano-black\/#breadcrumb"},"inLanguage":"en-US","potentialAction":[{"@type":"ReadAction","target":["https:\/\/crudo-leather.com\/product\/crayon-shinchan-uv-printed-customized-leather-credit-card-holder-saffiano-black\/"]}]},{"@type":"ImageObject","inLanguage":"en-US","@id":"https:\/\/crudo-leather.com\/product\/crayon-shinchan-uv-printed-customized-leather-credit-card-holder-saffiano-black\/#primaryimage","url":"https:\/\/crudo-leather.com\/wp-content\/uploads\/2024\/11\/CSC_CCH12_WBG_BLK_1.jpg","contentUrl":"https:\/\/crudo-leather.com\/wp-content\/uploads\/2024\/11\/CSC_CCH12_WBG_BLK_1.jpg","width":2000,"height":2000},{"@type":"BreadcrumbList","@id":"https:\/\/crudo-leather.com\/product\/crayon-shinchan-uv-printed-customized-leather-credit-card-holder-saffiano-black\/#breadcrumb","itemListElement":[{"@type":"ListItem","position":1,"name":"Shop","item":"https:\/\/crudo-leather.com\/shop\/"},{"@type":"ListItem","position":2,"name":"Crayon Shinchan UV Printed Customized Leather Credit Card Holder"}]},{"@type":"WebSite","@id":"https:\/\/crudo-leather.com\/#website","url":"https:\/\/crudo-leather.com\/","name":"Crudo","description":"","potentialAction":[{"@type":"SearchAction","target":{"@type":"EntryPoint","urlTemplate":"https:\/\/crudo-leather.com\/?s={search_term_string}"},"query-input":{"@type":"PropertyValueSpecification","valueRequired":true,"valueName":"search_term_string"}}],"inLanguage":"en-US"}]}},"_links":{"self":[{"href":"https:\/\/crudo-leather.com\/de\/wp-json\/wp\/v2\/product\/2266"}],"collection":[{"href":"https:\/\/crudo-leather.com\/de\/wp-json\/wp\/v2\/product"}],"about":[{"href":"https:\/\/crudo-leather.com\/de\/wp-json\/wp\/v2\/types\/product"}],"replies":[{"embeddable":true,"href":"https:\/\/crudo-leather.com\/de\/wp-json\/wp\/v2\/comments?post=2266"}],"wp:featuredmedia":[{"embeddable":true,"href":"https:\/\/crudo-leather.com\/de\/wp-json\/wp\/v2\/media\/301274"}],"wp:attachment":[{"href":"https:\/\/crudo-leather.com\/de\/wp-json\/wp\/v2\/media?parent=2266"}],"wp:term":[{"taxonomy":"collection","embeddable":true,"href":"https:\/\/crudo-leather.com\/de\/wp-json\/wp\/v2\/collection?post=2266"},{"taxonomy":"trending_cat","embeddable":true,"href":"https:\/\/crudo-leather.com\/de\/wp-json\/wp\/v2\/trending_cat?post=2266"},{"taxonomy":"product_cat","embeddable":true,"href":"https:\/\/crudo-leather.com\/de\/wp-json\/wp\/v2\/product_cat?post=2266"},{"taxonomy":"product_tag","embeddable":true,"href":"https:\/\/crudo-leather.com\/de\/wp-json\/wp\/v2\/product_tag?post=2266"}],"curies":[{"name":"wp","href":"https:\/\/api.w.org\/{rel}","templated":true}]}}