{"id":2267,"date":"2024-08-01T14:03:42","date_gmt":"2024-08-01T06:03:42","guid":{"rendered":"https:\/\/crudo-leather.com\/product\/sanrio-characters-customized-italian-leather-wrap-bracelet-scarlet\/"},"modified":"2026-04-02T09:48:20","modified_gmt":"2026-04-02T01:48:20","slug":"sanrio-characters-customized-italian-leather-wrap-bracelet-scarlet","status":"publish","type":"product","link":"https:\/\/crudo-leather.com\/de\/product\/sanrio-characters-customized-italian-leather-wrap-bracelet-scarlet\/","title":{"rendered":"Sanrio Charaktere Limited Edition personalisiertes geflochtenes Lederarmband"},"content":{"rendered":"","protected":false},"excerpt":{"rendered":"**Bitte w\u00e4hlen Sie mindestens ein Sanrio Charakter Metallanh\u00e4nger aus, sonst wird das Produkt nur mit dem urspr\u00fcnglichen Crudo runden Anh\u00e4nger geliefert und nicht mit der Sanrio Special Edition Geschenkbox**\n\n<ins><strong>Sanrio characters x Crudo<\/strong><\/ins>\n\nDie klassischen beliebten japanischen Charaktere Sanrio Charaktere sind da! Die Crudo x Sanrio Kollektion pr\u00e4sentiert die niedlichen Charaktere Hello Kitty, Kuromi, Cinnamoroll und Pompompurin in Shiba Inu-Form. Spezielle Metallanh\u00e4nger mit den Sanrio Charakteren werden mittels UV-Drucktechnik hergestellt und k\u00f6nnen frei mit dem Crudo Premium Lederarmband kombiniert werden, um Ihrem t\u00e4glichen Look einen s\u00fc\u00dfen Touch zu verleihen!\n\n<strong>Klicken Sie auf \"Zum Warenkorb hinzuf\u00fcgen und gestalten\", um Ihren Gravurtext zu gestalten<\/strong>\n- Offiziell lizenziertes Sanrio Produkt\n- Beliebte Sanrio Charaktere \u2013 Hello Kitty, Kuromi, Cinnamoroll und Pompompurin verwandeln sich in niedliche Shiba Inu-Form Metallanh\u00e4nger, die frei kombiniert und am Lederarmband befestigt werden k\u00f6nnen\n- Beim Kauf eines Sanrio Charaktere Limited Edition Lederarmbands erhalten Sie eine Sanrio Charaktere Special Edition Geschenkbox mit abziehbarer Gru\u00dfkarte (inklusive Geschenkkarte und Produktgarantie)\n- Hergestellt aus italienischem geflochtenem Vollrindleder und hochwertigem 316L Edelstahl\n- Kostenloser Gravurservice, verschiedene Schriftarten, Emojis und Gravurvorschl\u00e4ge zur Auswahl\n- Verblasst und oxidiert nicht leicht, dauerhafte Haltbarkeit\n- Mit Magnetverschluss und exklusivem achteckigem Schnittdesign\n- Geeignet f\u00fcr Menschen mit empfindlicher Haut\n- Hinweis: Das Armband ist nicht f\u00fcr Kinder unter 3 Jahren geeignet\n\n<strong>Produktionszeit und Versanddetails<\/strong>\n- Jedes Produkt ben\u00f6tigt nur 1-5 Werktage zur Fertigstellung\n- Bei Bestellung heute kann die Lieferung bereits morgen versendet werden\n- Nur erh\u00e4ltlich in Hongkong, Macau, Festlandchina, Japan, S\u00fcdkorea und S\u00fcdamerika (au\u00dfer Panama)","protected":false},"featured_media":4221,"comment_status":"open","ping_status":"closed","template":"","meta":{"inline_featured_image":false},"collection":[2288],"trending_cat":[2390],"product_cat":[17],"product_tag":[2404],"class_list":{"0":"post-2267","1":"product","2":"type-product","3":"status-publish","4":"has-post-thumbnail","6":"trending_cat-ricordi-leather-bracelet","7":"product_cat-bracelets-cuffs","8":"product_tag-sanrio-shiba-inu","10":"first","11":"instock","12":"sale","13":"shipping-taxable","14":"purchasable","15":"product-type-variable"},"yoast_head":"<!-- This site is optimized with the Yoast SEO plugin v23.4 - https:\/\/yoast.com\/wordpress\/plugins\/seo\/ -->\n<title>Sanrio Characters Webstoff Armband Karmesinrot<\/title>\n<meta name=\"description\" content=\"Crudo x Sanrio Charaktere Limited Edition! Personalisiertes geflochtenes Lederarmband, scharlachrot. Italienisches Vollrindleder und 316L Edelstahl aus Deutschland, offiziell lizenziert, Gravur m\u00f6glich.\" \/>\n<meta name=\"robots\" content=\"index, follow, max-snippet:-1, max-image-preview:large, max-video-preview:-1\" \/>\n<link rel=\"canonical\" href=\"https:\/\/crudo-leather.com\/de\/product\/sanrio-characters-customized-italian-leather-wrap-bracelet-scarlet\/\" \/>\n<meta property=\"og:locale\" content=\"en_US\" \/>\n<meta property=\"og:type\" content=\"article\" \/>\n<meta property=\"og:title\" content=\"Sanrio Characters Webstoff Armband Karmesinrot\" \/>\n<meta property=\"og:description\" content=\"Crudo x Sanrio Charaktere Limited Edition! Personalisiertes geflochtenes Lederarmband, scharlachrot. Italienisches Vollrindleder und 316L Edelstahl aus Deutschland, offiziell lizenziert, Gravur m\u00f6glich.\" \/>\n<meta property=\"og:url\" content=\"https:\/\/crudo-leather.com\/product\/sanrio-characters-customized-italian-leather-wrap-bracelet-scarlet\/\" \/>\n<meta property=\"og:site_name\" content=\"Crudo\" \/>\n<meta property=\"article:modified_time\" content=\"2026-04-02T01:48:20+00:00\" \/>\n<meta property=\"og:image\" content=\"https:\/\/crudo-leather.com\/wp-content\/uploads\/2024\/08\/sanrio_1st_wbg_brt01_sct_a.jpg\" \/>\n\t<meta property=\"og:image:width\" content=\"2000\" \/>\n\t<meta property=\"og:image:height\" content=\"2000\" \/>\n\t<meta property=\"og:image:type\" content=\"image\/jpeg\" \/>\n<meta name=\"twitter:card\" content=\"summary_large_image\" \/>\n<meta name=\"twitter:label1\" content=\"Est. reading time\" \/>\n\t<meta name=\"twitter:data1\" content=\"1 minute\" \/>\n<script type=\"application\/ld+json\" class=\"yoast-schema-graph\">{\"@context\":\"https:\/\/schema.org\",\"@graph\":[{\"@type\":\"WebPage\",\"@id\":\"https:\/\/crudo-leather.com\/product\/sanrio-characters-customized-italian-leather-wrap-bracelet-scarlet\/\",\"url\":\"https:\/\/crudo-leather.com\/product\/sanrio-characters-customized-italian-leather-wrap-bracelet-scarlet\/\",\"name\":\"Sanrio Characters Customized Italian Leather Wrap Bracelet - Scarlet\",\"isPartOf\":{\"@id\":\"https:\/\/crudo-leather.com\/#website\"},\"primaryImageOfPage\":{\"@id\":\"https:\/\/crudo-leather.com\/product\/sanrio-characters-customized-italian-leather-wrap-bracelet-scarlet\/#primaryimage\"},\"image\":{\"@id\":\"https:\/\/crudo-leather.com\/product\/sanrio-characters-customized-italian-leather-wrap-bracelet-scarlet\/#primaryimage\"},\"thumbnailUrl\":\"https:\/\/crudo-leather.com\/wp-content\/uploads\/2024\/08\/sanrio_1st_wbg_brt01_sct_a.jpg\",\"datePublished\":\"2024-08-01T06:03:42+00:00\",\"dateModified\":\"2026-04-02T01:48:20+00:00\",\"description\":\"Explore officially licensed Sanrio Characters customized Italian leather wrap bracelet in scarlet. Free engraving & luxury gift box. A unique accessory. Shop now!\",\"breadcrumb\":{\"@id\":\"https:\/\/crudo-leather.com\/product\/sanrio-characters-customized-italian-leather-wrap-bracelet-scarlet\/#breadcrumb\"},\"inLanguage\":\"en-US\",\"potentialAction\":[{\"@type\":\"ReadAction\",\"target\":[\"https:\/\/crudo-leather.com\/product\/sanrio-characters-customized-italian-leather-wrap-bracelet-scarlet\/\"]}]},{\"@type\":\"ImageObject\",\"inLanguage\":\"en-US\",\"@id\":\"https:\/\/crudo-leather.com\/product\/sanrio-characters-customized-italian-leather-wrap-bracelet-scarlet\/#primaryimage\",\"url\":\"https:\/\/crudo-leather.com\/wp-content\/uploads\/2024\/08\/sanrio_1st_wbg_brt01_sct_a.jpg\",\"contentUrl\":\"https:\/\/crudo-leather.com\/wp-content\/uploads\/2024\/08\/sanrio_1st_wbg_brt01_sct_a.jpg\",\"width\":2000,\"height\":2000},{\"@type\":\"BreadcrumbList\",\"@id\":\"https:\/\/crudo-leather.com\/product\/sanrio-characters-customized-italian-leather-wrap-bracelet-scarlet\/#breadcrumb\",\"itemListElement\":[{\"@type\":\"ListItem\",\"position\":1,\"name\":\"Shop\",\"item\":\"https:\/\/crudo-leather.com\/shop\/\"},{\"@type\":\"ListItem\",\"position\":2,\"name\":\"Sanrio Characters Customized Italian Leather Wrap Bracelet\"}]},{\"@type\":\"WebSite\",\"@id\":\"https:\/\/crudo-leather.com\/#website\",\"url\":\"https:\/\/crudo-leather.com\/\",\"name\":\"Crudo\",\"description\":\"\",\"potentialAction\":[{\"@type\":\"SearchAction\",\"target\":{\"@type\":\"EntryPoint\",\"urlTemplate\":\"https:\/\/crudo-leather.com\/?s={search_term_string}\"},\"query-input\":{\"@type\":\"PropertyValueSpecification\",\"valueRequired\":true,\"valueName\":\"search_term_string\"}}],\"inLanguage\":\"en-US\"}]}<\/script>\n<!-- \/ Yoast SEO plugin. -->","yoast_head_json":{"title":"Sanrio Characters Webstoff Armband Karmesinrot","description":"Crudo x Sanrio Charaktere Limited Edition! Personalisiertes geflochtenes Lederarmband, scharlachrot. Italienisches Vollrindleder und 316L Edelstahl aus Deutschland, offiziell lizenziert, Gravur m\u00f6glich.","robots":{"index":"index","follow":"follow","max-snippet":"max-snippet:-1","max-image-preview":"max-image-preview:large","max-video-preview":"max-video-preview:-1"},"canonical":"https:\/\/crudo-leather.com\/de\/product\/sanrio-characters-customized-italian-leather-wrap-bracelet-scarlet\/","og_locale":"en_US","og_type":"article","og_title":"Sanrio Characters Webstoff Armband Karmesinrot","og_description":"Crudo x Sanrio Charaktere Limited Edition! Personalisiertes geflochtenes Lederarmband, scharlachrot. Italienisches Vollrindleder und 316L Edelstahl aus Deutschland, offiziell lizenziert, Gravur m\u00f6glich.","og_url":"https:\/\/crudo-leather.com\/product\/sanrio-characters-customized-italian-leather-wrap-bracelet-scarlet\/","og_site_name":"Crudo","article_modified_time":"2026-04-02T01:48:20+00:00","og_image":[{"width":2000,"height":2000,"url":"https:\/\/crudo-leather.com\/wp-content\/uploads\/2024\/08\/sanrio_1st_wbg_brt01_sct_a.jpg","type":"image\/jpeg"}],"twitter_card":"summary_large_image","twitter_misc":{"Est. reading time":"1 minute"},"schema":{"@context":"https:\/\/schema.org","@graph":[{"@type":"WebPage","@id":"https:\/\/crudo-leather.com\/product\/sanrio-characters-customized-italian-leather-wrap-bracelet-scarlet\/","url":"https:\/\/crudo-leather.com\/product\/sanrio-characters-customized-italian-leather-wrap-bracelet-scarlet\/","name":"Sanrio Characters Customized Italian Leather Wrap Bracelet - Scarlet","isPartOf":{"@id":"https:\/\/crudo-leather.com\/#website"},"primaryImageOfPage":{"@id":"https:\/\/crudo-leather.com\/product\/sanrio-characters-customized-italian-leather-wrap-bracelet-scarlet\/#primaryimage"},"image":{"@id":"https:\/\/crudo-leather.com\/product\/sanrio-characters-customized-italian-leather-wrap-bracelet-scarlet\/#primaryimage"},"thumbnailUrl":"https:\/\/crudo-leather.com\/wp-content\/uploads\/2024\/08\/sanrio_1st_wbg_brt01_sct_a.jpg","datePublished":"2024-08-01T06:03:42+00:00","dateModified":"2026-04-02T01:48:20+00:00","description":"Explore officially licensed Sanrio Characters customized Italian leather wrap bracelet in scarlet. Free engraving & luxury gift box. A unique accessory. Shop now!","breadcrumb":{"@id":"https:\/\/crudo-leather.com\/product\/sanrio-characters-customized-italian-leather-wrap-bracelet-scarlet\/#breadcrumb"},"inLanguage":"en-US","potentialAction":[{"@type":"ReadAction","target":["https:\/\/crudo-leather.com\/product\/sanrio-characters-customized-italian-leather-wrap-bracelet-scarlet\/"]}]},{"@type":"ImageObject","inLanguage":"en-US","@id":"https:\/\/crudo-leather.com\/product\/sanrio-characters-customized-italian-leather-wrap-bracelet-scarlet\/#primaryimage","url":"https:\/\/crudo-leather.com\/wp-content\/uploads\/2024\/08\/sanrio_1st_wbg_brt01_sct_a.jpg","contentUrl":"https:\/\/crudo-leather.com\/wp-content\/uploads\/2024\/08\/sanrio_1st_wbg_brt01_sct_a.jpg","width":2000,"height":2000},{"@type":"BreadcrumbList","@id":"https:\/\/crudo-leather.com\/product\/sanrio-characters-customized-italian-leather-wrap-bracelet-scarlet\/#breadcrumb","itemListElement":[{"@type":"ListItem","position":1,"name":"Shop","item":"https:\/\/crudo-leather.com\/shop\/"},{"@type":"ListItem","position":2,"name":"Sanrio Characters Customized Italian Leather Wrap Bracelet"}]},{"@type":"WebSite","@id":"https:\/\/crudo-leather.com\/#website","url":"https:\/\/crudo-leather.com\/","name":"Crudo","description":"","potentialAction":[{"@type":"SearchAction","target":{"@type":"EntryPoint","urlTemplate":"https:\/\/crudo-leather.com\/?s={search_term_string}"},"query-input":{"@type":"PropertyValueSpecification","valueRequired":true,"valueName":"search_term_string"}}],"inLanguage":"en-US"}]}},"_links":{"self":[{"href":"https:\/\/crudo-leather.com\/de\/wp-json\/wp\/v2\/product\/2267"}],"collection":[{"href":"https:\/\/crudo-leather.com\/de\/wp-json\/wp\/v2\/product"}],"about":[{"href":"https:\/\/crudo-leather.com\/de\/wp-json\/wp\/v2\/types\/product"}],"replies":[{"embeddable":true,"href":"https:\/\/crudo-leather.com\/de\/wp-json\/wp\/v2\/comments?post=2267"}],"wp:featuredmedia":[{"embeddable":true,"href":"https:\/\/crudo-leather.com\/de\/wp-json\/wp\/v2\/media\/4221"}],"wp:attachment":[{"href":"https:\/\/crudo-leather.com\/de\/wp-json\/wp\/v2\/media?parent=2267"}],"wp:term":[{"taxonomy":"collection","embeddable":true,"href":"https:\/\/crudo-leather.com\/de\/wp-json\/wp\/v2\/collection?post=2267"},{"taxonomy":"trending_cat","embeddable":true,"href":"https:\/\/crudo-leather.com\/de\/wp-json\/wp\/v2\/trending_cat?post=2267"},{"taxonomy":"product_cat","embeddable":true,"href":"https:\/\/crudo-leather.com\/de\/wp-json\/wp\/v2\/product_cat?post=2267"},{"taxonomy":"product_tag","embeddable":true,"href":"https:\/\/crudo-leather.com\/de\/wp-json\/wp\/v2\/product_tag?post=2267"}],"curies":[{"name":"wp","href":"https:\/\/api.w.org\/{rel}","templated":true}]}}