{"id":2283,"date":"2024-08-01T14:04:06","date_gmt":"2024-08-01T06:04:06","guid":{"rendered":"https:\/\/crudo-leather.com\/product\/ricordi-italian-leather-wrap-bracelet-gemstone-edition-palace-blue-blue-goldstone-rose-gold-edition\/"},"modified":"2026-01-08T12:27:00","modified_gmt":"2026-01-08T04:27:00","slug":"ricordi-italian-leather-wrap-bracelet-gemstone-edition-palace-blue-blue-goldstone-rose-gold-edition","status":"publish","type":"product","link":"https:\/\/crudo-leather.com\/de\/product\/ricordi-italian-leather-wrap-bracelet-gemstone-edition-palace-blue-blue-goldstone-rose-gold-edition\/","title":{"rendered":"Ricordi Italienisches geflochtenes Lederarmband \u2013 Edelstein Limited Edition"},"content":{"rendered":"","protected":false},"excerpt":{"rendered":"<strong>Blauer Goldsandstein \u2013 Positive Energie und Handlungsf\u00e4higkeit<\/strong>\n\nBlauer Goldsandstein besitzt eine unglaublich starke motivierende Energie und ist ein Edelstein, der Ehrgeiz, Tatkraft und Selbstvertrauen ausstrahlt. Das schimmernde blaue Licht entfacht die Leidenschaft in Ihrem Inneren, weckt Ihren Ehrgeiz und erf\u00fcllt Sie mit der Kraft, stets nach h\u00f6heren Zielen zu streben. Blauer Goldsandstein symbolisiert Ambition, Vitalit\u00e4t, Mut und Positivit\u00e4t und bef\u00e4higt Sie, mit festem Entschluss Ihren Tr\u00e4umen nachzujagen und Ihre Ziele zu erreichen.\n\nTragen Sie das Ricordi Italienische Geflochtene Lederarmband Marineblau \u2013 Blauer Goldsandstein (Ros\u00e9gold Edition) und gewinnen Sie dadurch Vertrauen, Vitalit\u00e4t und Schwung.\n\n<strong>Klicken Sie auf \"Zum Warenkorb hinzuf\u00fcgen und gestalten\", um Ihren Gravurtext zu gestalten<\/strong>\n\n- M\u00f6chten Sie dem Armband eine pers\u00f6nliche Note verleihen? Kombinieren Sie frei Anh\u00e4nger mit dem Armband und erz\u00e4hlen Sie Ihre pers\u00f6nliche Geschichte.\n- Eingefasst in 316L Edelstahloberfl\u00e4che, zeigt der Goldsandstein unter Lichtbrechung ein sternenreiches, funkelndes Leuchten und steigert Vitalit\u00e4t und Antrieb.\n- Handwerker verwenden raffinierte Edelsteinschneidetechniken, um das wertvolle Gestein in einem bewegenden, strahlenden Glanz erstrahlen zu lassen.\n- Jeder Edelstein wird nat\u00fcrlich abgebaut und hat eine einzigartige, nat\u00fcrliche Textur, die unersetzlich ist.\n- Verwendung von italienischem, geflochtenem Rindleder erster Wahl, einem langlebigen Material, das dauerhaft erhalten bleibt.\n- Ausgestattet mit Magnetverschluss und exklusivem achteckigem Metallschliff-Design.\n- Geeignet f\u00fcr Personen mit empfindlicher Haut.\n- Mehrere Schriftarten, Emojis und Gravurvorschl\u00e4ge zur Auswahl.\n- Kostenloses Upgrade zum exquisiten Geschenkset (inklusive Geschenkkarte und Produktgarantie).\n\n<strong>Produktionszeit und Versanddetails<\/strong>\n- Jedes Produkt ben\u00f6tigt nur 1-5 Werktage zur Fertigstellung.\n- Bei Bestellung heute kann die Lieferung bereits morgen erfolgen.\n- Weltweiter Versand.","protected":false},"featured_media":4325,"comment_status":"open","ping_status":"closed","template":"","meta":{"inline_featured_image":false},"collection":[2270],"trending_cat":[2401,2390],"product_cat":[77],"product_tag":[],"class_list":{"0":"post-2283","1":"product","2":"type-product","3":"status-publish","4":"has-post-thumbnail","6":"trending_cat-love-stone-collection","7":"trending_cat-ricordi-leather-bracelet","8":"product_cat-leather-bracelet","10":"first","11":"instock","12":"sale","13":"shipping-taxable","14":"purchasable","15":"product-type-variable"},"yoast_head":"<!-- This site is optimized with the Yoast SEO plugin v23.4 - https:\/\/yoast.com\/wordpress\/plugins\/seo\/ -->\n<title>Crudo Ricordi Dunkelblau Blau Goldsandstein Lederarmband<\/title>\n<meta name=\"description\" content=\"Crudo Ricordi Italienisches geflochtenes Leder Edelstein Armband. Dunkelblauer Lapislazuli mit Ros\u00e9gold, personalisierte Gravur. Weltweiter Versand, einj\u00e4hrige Pflege.\" \/>\n<meta name=\"robots\" content=\"index, follow, max-snippet:-1, max-image-preview:large, max-video-preview:-1\" \/>\n<link rel=\"canonical\" href=\"https:\/\/crudo-leather.com\/de\/product\/ricordi-italian-leather-wrap-bracelet-gemstone-edition-palace-blue-blue-goldstone-rose-gold-edition\/\" \/>\n<meta property=\"og:locale\" content=\"en_US\" \/>\n<meta property=\"og:type\" content=\"article\" \/>\n<meta property=\"og:title\" content=\"Crudo Ricordi Dunkelblau Blau Goldsandstein Lederarmband\" \/>\n<meta property=\"og:description\" content=\"Crudo Ricordi Italienisches geflochtenes Leder Edelstein Armband. Dunkelblauer Lapislazuli mit Ros\u00e9gold, personalisierte Gravur. Weltweiter Versand, einj\u00e4hrige Pflege.\" \/>\n<meta property=\"og:url\" content=\"https:\/\/crudo-leather.com\/product\/ricordi-italian-leather-wrap-bracelet-gemstone-edition-palace-blue-blue-goldstone-rose-gold-edition\/\" \/>\n<meta property=\"og:site_name\" content=\"Crudo\" \/>\n<meta property=\"article:modified_time\" content=\"2026-01-08T04:27:00+00:00\" \/>\n<meta property=\"og:image\" content=\"https:\/\/crudo-leather.com\/wp-content\/uploads\/2024\/08\/brt01_copy_12-4-2.jpg\" \/>\n\t<meta property=\"og:image:width\" content=\"640\" \/>\n\t<meta property=\"og:image:height\" content=\"640\" \/>\n\t<meta property=\"og:image:type\" content=\"image\/jpeg\" \/>\n<meta name=\"twitter:card\" content=\"summary_large_image\" \/>\n<meta name=\"twitter:label1\" content=\"Est. reading time\" \/>\n\t<meta name=\"twitter:data1\" content=\"1 minute\" \/>\n<script type=\"application\/ld+json\" class=\"yoast-schema-graph\">{\"@context\":\"https:\/\/schema.org\",\"@graph\":[{\"@type\":\"WebPage\",\"@id\":\"https:\/\/crudo-leather.com\/product\/ricordi-italian-leather-wrap-bracelet-gemstone-edition-palace-blue-blue-goldstone-rose-gold-edition\/\",\"url\":\"https:\/\/crudo-leather.com\/product\/ricordi-italian-leather-wrap-bracelet-gemstone-edition-palace-blue-blue-goldstone-rose-gold-edition\/\",\"name\":\"Ricordi Italian Leather Wrap Bracelet Gemstone Edition - Palace Blue Blue Goldstone Rose Gold\",\"isPartOf\":{\"@id\":\"https:\/\/crudo-leather.com\/#website\"},\"primaryImageOfPage\":{\"@id\":\"https:\/\/crudo-leather.com\/product\/ricordi-italian-leather-wrap-bracelet-gemstone-edition-palace-blue-blue-goldstone-rose-gold-edition\/#primaryimage\"},\"image\":{\"@id\":\"https:\/\/crudo-leather.com\/product\/ricordi-italian-leather-wrap-bracelet-gemstone-edition-palace-blue-blue-goldstone-rose-gold-edition\/#primaryimage\"},\"thumbnailUrl\":\"https:\/\/crudo-leather.com\/wp-content\/uploads\/2024\/08\/brt01_copy_12-4-2.jpg\",\"datePublished\":\"2024-08-01T06:04:06+00:00\",\"dateModified\":\"2026-01-08T04:27:00+00:00\",\"description\":\"Discover Ricordi Italian leather wrap bracelet gemstone edition. Palace blue blue goldstone with rose gold. A stylish and versatile accessory. Shop now!\",\"breadcrumb\":{\"@id\":\"https:\/\/crudo-leather.com\/product\/ricordi-italian-leather-wrap-bracelet-gemstone-edition-palace-blue-blue-goldstone-rose-gold-edition\/#breadcrumb\"},\"inLanguage\":\"en-US\",\"potentialAction\":[{\"@type\":\"ReadAction\",\"target\":[\"https:\/\/crudo-leather.com\/product\/ricordi-italian-leather-wrap-bracelet-gemstone-edition-palace-blue-blue-goldstone-rose-gold-edition\/\"]}]},{\"@type\":\"ImageObject\",\"inLanguage\":\"en-US\",\"@id\":\"https:\/\/crudo-leather.com\/product\/ricordi-italian-leather-wrap-bracelet-gemstone-edition-palace-blue-blue-goldstone-rose-gold-edition\/#primaryimage\",\"url\":\"https:\/\/crudo-leather.com\/wp-content\/uploads\/2024\/08\/brt01_copy_12-4-2.jpg\",\"contentUrl\":\"https:\/\/crudo-leather.com\/wp-content\/uploads\/2024\/08\/brt01_copy_12-4-2.jpg\",\"width\":640,\"height\":640},{\"@type\":\"BreadcrumbList\",\"@id\":\"https:\/\/crudo-leather.com\/product\/ricordi-italian-leather-wrap-bracelet-gemstone-edition-palace-blue-blue-goldstone-rose-gold-edition\/#breadcrumb\",\"itemListElement\":[{\"@type\":\"ListItem\",\"position\":1,\"name\":\"Shop\",\"item\":\"https:\/\/crudo-leather.com\/shop\/\"},{\"@type\":\"ListItem\",\"position\":2,\"name\":\"Ricordi Italian Leather Wrap Bracelet Gemstone Edition\"}]},{\"@type\":\"WebSite\",\"@id\":\"https:\/\/crudo-leather.com\/#website\",\"url\":\"https:\/\/crudo-leather.com\/\",\"name\":\"Crudo\",\"description\":\"\",\"potentialAction\":[{\"@type\":\"SearchAction\",\"target\":{\"@type\":\"EntryPoint\",\"urlTemplate\":\"https:\/\/crudo-leather.com\/?s={search_term_string}\"},\"query-input\":{\"@type\":\"PropertyValueSpecification\",\"valueRequired\":true,\"valueName\":\"search_term_string\"}}],\"inLanguage\":\"en-US\"}]}<\/script>\n<!-- \/ Yoast SEO plugin. -->","yoast_head_json":{"title":"Crudo Ricordi Dunkelblau Blau Goldsandstein Lederarmband","description":"Crudo Ricordi Italienisches geflochtenes Leder Edelstein Armband. Dunkelblauer Lapislazuli mit Ros\u00e9gold, personalisierte Gravur. Weltweiter Versand, einj\u00e4hrige Pflege.","robots":{"index":"index","follow":"follow","max-snippet":"max-snippet:-1","max-image-preview":"max-image-preview:large","max-video-preview":"max-video-preview:-1"},"canonical":"https:\/\/crudo-leather.com\/de\/product\/ricordi-italian-leather-wrap-bracelet-gemstone-edition-palace-blue-blue-goldstone-rose-gold-edition\/","og_locale":"en_US","og_type":"article","og_title":"Crudo Ricordi Dunkelblau Blau Goldsandstein Lederarmband","og_description":"Crudo Ricordi Italienisches geflochtenes Leder Edelstein Armband. Dunkelblauer Lapislazuli mit Ros\u00e9gold, personalisierte Gravur. Weltweiter Versand, einj\u00e4hrige Pflege.","og_url":"https:\/\/crudo-leather.com\/product\/ricordi-italian-leather-wrap-bracelet-gemstone-edition-palace-blue-blue-goldstone-rose-gold-edition\/","og_site_name":"Crudo","article_modified_time":"2026-01-08T04:27:00+00:00","og_image":[{"width":640,"height":640,"url":"https:\/\/crudo-leather.com\/wp-content\/uploads\/2024\/08\/brt01_copy_12-4-2.jpg","type":"image\/jpeg"}],"twitter_card":"summary_large_image","twitter_misc":{"Est. reading time":"1 minute"},"schema":{"@context":"https:\/\/schema.org","@graph":[{"@type":"WebPage","@id":"https:\/\/crudo-leather.com\/product\/ricordi-italian-leather-wrap-bracelet-gemstone-edition-palace-blue-blue-goldstone-rose-gold-edition\/","url":"https:\/\/crudo-leather.com\/product\/ricordi-italian-leather-wrap-bracelet-gemstone-edition-palace-blue-blue-goldstone-rose-gold-edition\/","name":"Ricordi Italian Leather Wrap Bracelet Gemstone Edition - Palace Blue Blue Goldstone Rose Gold","isPartOf":{"@id":"https:\/\/crudo-leather.com\/#website"},"primaryImageOfPage":{"@id":"https:\/\/crudo-leather.com\/product\/ricordi-italian-leather-wrap-bracelet-gemstone-edition-palace-blue-blue-goldstone-rose-gold-edition\/#primaryimage"},"image":{"@id":"https:\/\/crudo-leather.com\/product\/ricordi-italian-leather-wrap-bracelet-gemstone-edition-palace-blue-blue-goldstone-rose-gold-edition\/#primaryimage"},"thumbnailUrl":"https:\/\/crudo-leather.com\/wp-content\/uploads\/2024\/08\/brt01_copy_12-4-2.jpg","datePublished":"2024-08-01T06:04:06+00:00","dateModified":"2026-01-08T04:27:00+00:00","description":"Discover Ricordi Italian leather wrap bracelet gemstone edition. Palace blue blue goldstone with rose gold. A stylish and versatile accessory. Shop now!","breadcrumb":{"@id":"https:\/\/crudo-leather.com\/product\/ricordi-italian-leather-wrap-bracelet-gemstone-edition-palace-blue-blue-goldstone-rose-gold-edition\/#breadcrumb"},"inLanguage":"en-US","potentialAction":[{"@type":"ReadAction","target":["https:\/\/crudo-leather.com\/product\/ricordi-italian-leather-wrap-bracelet-gemstone-edition-palace-blue-blue-goldstone-rose-gold-edition\/"]}]},{"@type":"ImageObject","inLanguage":"en-US","@id":"https:\/\/crudo-leather.com\/product\/ricordi-italian-leather-wrap-bracelet-gemstone-edition-palace-blue-blue-goldstone-rose-gold-edition\/#primaryimage","url":"https:\/\/crudo-leather.com\/wp-content\/uploads\/2024\/08\/brt01_copy_12-4-2.jpg","contentUrl":"https:\/\/crudo-leather.com\/wp-content\/uploads\/2024\/08\/brt01_copy_12-4-2.jpg","width":640,"height":640},{"@type":"BreadcrumbList","@id":"https:\/\/crudo-leather.com\/product\/ricordi-italian-leather-wrap-bracelet-gemstone-edition-palace-blue-blue-goldstone-rose-gold-edition\/#breadcrumb","itemListElement":[{"@type":"ListItem","position":1,"name":"Shop","item":"https:\/\/crudo-leather.com\/shop\/"},{"@type":"ListItem","position":2,"name":"Ricordi Italian Leather Wrap Bracelet Gemstone Edition"}]},{"@type":"WebSite","@id":"https:\/\/crudo-leather.com\/#website","url":"https:\/\/crudo-leather.com\/","name":"Crudo","description":"","potentialAction":[{"@type":"SearchAction","target":{"@type":"EntryPoint","urlTemplate":"https:\/\/crudo-leather.com\/?s={search_term_string}"},"query-input":{"@type":"PropertyValueSpecification","valueRequired":true,"valueName":"search_term_string"}}],"inLanguage":"en-US"}]}},"_links":{"self":[{"href":"https:\/\/crudo-leather.com\/de\/wp-json\/wp\/v2\/product\/2283"}],"collection":[{"href":"https:\/\/crudo-leather.com\/de\/wp-json\/wp\/v2\/product"}],"about":[{"href":"https:\/\/crudo-leather.com\/de\/wp-json\/wp\/v2\/types\/product"}],"replies":[{"embeddable":true,"href":"https:\/\/crudo-leather.com\/de\/wp-json\/wp\/v2\/comments?post=2283"}],"wp:featuredmedia":[{"embeddable":true,"href":"https:\/\/crudo-leather.com\/de\/wp-json\/wp\/v2\/media\/4325"}],"wp:attachment":[{"href":"https:\/\/crudo-leather.com\/de\/wp-json\/wp\/v2\/media?parent=2283"}],"wp:term":[{"taxonomy":"collection","embeddable":true,"href":"https:\/\/crudo-leather.com\/de\/wp-json\/wp\/v2\/collection?post=2283"},{"taxonomy":"trending_cat","embeddable":true,"href":"https:\/\/crudo-leather.com\/de\/wp-json\/wp\/v2\/trending_cat?post=2283"},{"taxonomy":"product_cat","embeddable":true,"href":"https:\/\/crudo-leather.com\/de\/wp-json\/wp\/v2\/product_cat?post=2283"},{"taxonomy":"product_tag","embeddable":true,"href":"https:\/\/crudo-leather.com\/de\/wp-json\/wp\/v2\/product_tag?post=2283"}],"curies":[{"name":"wp","href":"https:\/\/api.w.org\/{rel}","templated":true}]}}