{"id":2301,"date":"2024-08-01T14:04:32","date_gmt":"2024-08-01T06:04:32","guid":{"rendered":"https:\/\/crudo-leather.com\/product\/alfa-e-omega-italian-leather-braided-keychain-jet-black-rose-gold-edition\/"},"modified":"2025-05-20T11:13:23","modified_gmt":"2025-05-20T03:13:23","slug":"alfa-e-omega-italian-leather-braided-keychain-jet-black-rose-gold-edition","status":"publish","type":"product","link":"https:\/\/crudo-leather.com\/de\/product\/alfa-e-omega-italian-leather-braided-keychain-jet-black-rose-gold-edition\/","title":{"rendered":"Alfa e Omega Italienisches geflochtenes Leder Schl\u00fcsselanh\u00e4nger"},"content":{"rendered":"","protected":false},"excerpt":{"rendered":"<strong>Klicken Sie auf \"In den Warenkorb legen und gestalten\"<\/strong><strong>, um Ihren Gravurinhalt zu gestalten.<\/strong>\n\n<strong>Beschreibung :<\/strong>\n<strong><strong>- <\/strong><\/strong>\u00dcber 20 Schriftarten, 100 Emojis und 60 Gravurvorschl\u00e4ge zur Auswahl\n- Kostenloses Upgrade zum exklusiven Geschenkset (inkl. Geschenkkarte und Produktgarantie)\n- Personalisierter Gravurservice, Sie k\u00f6nnen S\u00e4tze auf dem Verschlussring gravieren lassen\n- Handgefertigt aus italienischem geflochtenem Oberleder, erweiterbar zum Anschlie\u00dfen verschiedener Gegenst\u00e4nde\n- Exklusives achteckiges Metall-Cut-Out-Design\n- Kombiniert Kunst, Mode und Funktionalit\u00e4t im Design\n\n<strong>Herstellungszeit und Versanddetails <\/strong>\n- Jedes Produkt ben\u00f6tigt nur 1-5 Werktage zur Herstellung\n- Bestellungen von heute k\u00f6nnen bereits morgen versendet werden\n- Weltweiter Versand","protected":false},"featured_media":4448,"comment_status":"open","ping_status":"closed","template":"","meta":{"inline_featured_image":false},"collection":[2236],"trending_cat":[],"product_cat":[89],"product_tag":[],"class_list":{"0":"post-2301","1":"product","2":"type-product","3":"status-publish","4":"has-post-thumbnail","6":"product_cat-others-accessories","8":"first","9":"instock","10":"sale","11":"shipping-taxable","12":"purchasable","13":"product-type-variable"},"yoast_head":"<!-- This site is optimized with the Yoast SEO plugin v23.4 - https:\/\/yoast.com\/wordpress\/plugins\/seo\/ -->\n<title>Crudo Alfa E Omega Italienisches Leder geflochtenes Schl\u00fcsselband - Schwarz Rosen Gold Edition<\/title>\n<meta name=\"description\" content=\"Entdecken Sie den Crudo Alfa E Omega italienischen Leder geflochtenen Schl\u00fcsselanh\u00e4nger in Schwarz Ros\u00e9gold. Hergestellt aus hochwertigem Rindsleder und 316L-Stahl, mit kostenloser Gravur. Stilvoll und praktisch, zeigt einzigartigen Geschmack.\" \/>\n<meta name=\"robots\" content=\"index, follow, max-snippet:-1, max-image-preview:large, max-video-preview:-1\" \/>\n<link rel=\"canonical\" href=\"https:\/\/crudo-leather.com\/de\/product\/alfa-e-omega-italian-leather-braided-keychain-jet-black-rose-gold-edition\/\" \/>\n<meta property=\"og:locale\" content=\"en_US\" \/>\n<meta property=\"og:type\" content=\"article\" \/>\n<meta property=\"og:title\" content=\"Crudo Alfa E Omega Italienisches Leder geflochtenes Schl\u00fcsselband - Schwarz Rosen Gold Edition\" \/>\n<meta property=\"og:description\" content=\"Entdecken Sie den Crudo Alfa E Omega italienischen Leder geflochtenen Schl\u00fcsselanh\u00e4nger in Schwarz Ros\u00e9gold. Hergestellt aus hochwertigem Rindsleder und 316L-Stahl, mit kostenloser Gravur. Stilvoll und praktisch, zeigt einzigartigen Geschmack.\" \/>\n<meta property=\"og:url\" content=\"https:\/\/crudo-leather.com\/product\/alfa-e-omega-italian-leather-braided-keychain-jet-black-rose-gold-edition\/\" \/>\n<meta property=\"og:site_name\" content=\"Crudo\" \/>\n<meta property=\"article:modified_time\" content=\"2025-05-20T03:13:23+00:00\" \/>\n<meta property=\"og:image\" content=\"https:\/\/crudo-leather.com\/wp-content\/uploads\/2024\/08\/rose_black-1-1.jpg\" \/>\n\t<meta property=\"og:image:width\" content=\"640\" \/>\n\t<meta property=\"og:image:height\" content=\"640\" \/>\n\t<meta property=\"og:image:type\" content=\"image\/jpeg\" \/>\n<meta name=\"twitter:card\" content=\"summary_large_image\" \/>\n<meta name=\"twitter:label1\" content=\"Est. reading time\" \/>\n\t<meta name=\"twitter:data1\" content=\"1 minute\" \/>\n<script type=\"application\/ld+json\" class=\"yoast-schema-graph\">{\"@context\":\"https:\/\/schema.org\",\"@graph\":[{\"@type\":\"WebPage\",\"@id\":\"https:\/\/crudo-leather.com\/product\/alfa-e-omega-italian-leather-braided-keychain-jet-black-rose-gold-edition\/\",\"url\":\"https:\/\/crudo-leather.com\/product\/alfa-e-omega-italian-leather-braided-keychain-jet-black-rose-gold-edition\/\",\"name\":\"Alfa e Omega Italian Leather Braided Keychain - Jet Black Rose Gold\",\"isPartOf\":{\"@id\":\"https:\/\/crudo-leather.com\/#website\"},\"primaryImageOfPage\":{\"@id\":\"https:\/\/crudo-leather.com\/product\/alfa-e-omega-italian-leather-braided-keychain-jet-black-rose-gold-edition\/#primaryimage\"},\"image\":{\"@id\":\"https:\/\/crudo-leather.com\/product\/alfa-e-omega-italian-leather-braided-keychain-jet-black-rose-gold-edition\/#primaryimage\"},\"thumbnailUrl\":\"https:\/\/crudo-leather.com\/wp-content\/uploads\/2024\/08\/rose_black-1-1.jpg\",\"datePublished\":\"2024-08-01T06:04:32+00:00\",\"dateModified\":\"2025-05-20T03:13:23+00:00\",\"description\":\"Discover Alfa e Omega Italian leather braided keychain. Jet black & rose gold design, free engraving & luxury gift box. Exquisite craftsmanship, stylish & practical, add a highlight to your daily life.\",\"breadcrumb\":{\"@id\":\"https:\/\/crudo-leather.com\/product\/alfa-e-omega-italian-leather-braided-keychain-jet-black-rose-gold-edition\/#breadcrumb\"},\"inLanguage\":\"en-US\",\"potentialAction\":[{\"@type\":\"ReadAction\",\"target\":[\"https:\/\/crudo-leather.com\/product\/alfa-e-omega-italian-leather-braided-keychain-jet-black-rose-gold-edition\/\"]}]},{\"@type\":\"ImageObject\",\"inLanguage\":\"en-US\",\"@id\":\"https:\/\/crudo-leather.com\/product\/alfa-e-omega-italian-leather-braided-keychain-jet-black-rose-gold-edition\/#primaryimage\",\"url\":\"https:\/\/crudo-leather.com\/wp-content\/uploads\/2024\/08\/rose_black-1-1.jpg\",\"contentUrl\":\"https:\/\/crudo-leather.com\/wp-content\/uploads\/2024\/08\/rose_black-1-1.jpg\",\"width\":640,\"height\":640},{\"@type\":\"BreadcrumbList\",\"@id\":\"https:\/\/crudo-leather.com\/product\/alfa-e-omega-italian-leather-braided-keychain-jet-black-rose-gold-edition\/#breadcrumb\",\"itemListElement\":[{\"@type\":\"ListItem\",\"position\":1,\"name\":\"Shop\",\"item\":\"https:\/\/crudo-leather.com\/shop\/\"},{\"@type\":\"ListItem\",\"position\":2,\"name\":\"Alfa e Omega Italian Leather Braided Keychain\"}]},{\"@type\":\"WebSite\",\"@id\":\"https:\/\/crudo-leather.com\/#website\",\"url\":\"https:\/\/crudo-leather.com\/\",\"name\":\"Crudo\",\"description\":\"\",\"potentialAction\":[{\"@type\":\"SearchAction\",\"target\":{\"@type\":\"EntryPoint\",\"urlTemplate\":\"https:\/\/crudo-leather.com\/?s={search_term_string}\"},\"query-input\":{\"@type\":\"PropertyValueSpecification\",\"valueRequired\":true,\"valueName\":\"search_term_string\"}}],\"inLanguage\":\"en-US\"}]}<\/script>\n<!-- \/ Yoast SEO plugin. -->","yoast_head_json":{"title":"Crudo Alfa E Omega Italienisches Leder geflochtenes Schl\u00fcsselband - Schwarz Rosen Gold Edition","description":"Entdecken Sie den Crudo Alfa E Omega italienischen Leder geflochtenen Schl\u00fcsselanh\u00e4nger in Schwarz Ros\u00e9gold. Hergestellt aus hochwertigem Rindsleder und 316L-Stahl, mit kostenloser Gravur. Stilvoll und praktisch, zeigt einzigartigen Geschmack.","robots":{"index":"index","follow":"follow","max-snippet":"max-snippet:-1","max-image-preview":"max-image-preview:large","max-video-preview":"max-video-preview:-1"},"canonical":"https:\/\/crudo-leather.com\/de\/product\/alfa-e-omega-italian-leather-braided-keychain-jet-black-rose-gold-edition\/","og_locale":"en_US","og_type":"article","og_title":"Crudo Alfa E Omega Italienisches Leder geflochtenes Schl\u00fcsselband - Schwarz Rosen Gold Edition","og_description":"Entdecken Sie den Crudo Alfa E Omega italienischen Leder geflochtenen Schl\u00fcsselanh\u00e4nger in Schwarz Ros\u00e9gold. Hergestellt aus hochwertigem Rindsleder und 316L-Stahl, mit kostenloser Gravur. Stilvoll und praktisch, zeigt einzigartigen Geschmack.","og_url":"https:\/\/crudo-leather.com\/product\/alfa-e-omega-italian-leather-braided-keychain-jet-black-rose-gold-edition\/","og_site_name":"Crudo","article_modified_time":"2025-05-20T03:13:23+00:00","og_image":[{"width":640,"height":640,"url":"https:\/\/crudo-leather.com\/wp-content\/uploads\/2024\/08\/rose_black-1-1.jpg","type":"image\/jpeg"}],"twitter_card":"summary_large_image","twitter_misc":{"Est. reading time":"1 minute"},"schema":{"@context":"https:\/\/schema.org","@graph":[{"@type":"WebPage","@id":"https:\/\/crudo-leather.com\/product\/alfa-e-omega-italian-leather-braided-keychain-jet-black-rose-gold-edition\/","url":"https:\/\/crudo-leather.com\/product\/alfa-e-omega-italian-leather-braided-keychain-jet-black-rose-gold-edition\/","name":"Alfa e Omega Italian Leather Braided Keychain - Jet Black Rose Gold","isPartOf":{"@id":"https:\/\/crudo-leather.com\/#website"},"primaryImageOfPage":{"@id":"https:\/\/crudo-leather.com\/product\/alfa-e-omega-italian-leather-braided-keychain-jet-black-rose-gold-edition\/#primaryimage"},"image":{"@id":"https:\/\/crudo-leather.com\/product\/alfa-e-omega-italian-leather-braided-keychain-jet-black-rose-gold-edition\/#primaryimage"},"thumbnailUrl":"https:\/\/crudo-leather.com\/wp-content\/uploads\/2024\/08\/rose_black-1-1.jpg","datePublished":"2024-08-01T06:04:32+00:00","dateModified":"2025-05-20T03:13:23+00:00","description":"Discover Alfa e Omega Italian leather braided keychain. Jet black & rose gold design, free engraving & luxury gift box. Exquisite craftsmanship, stylish & practical, add a highlight to your daily life.","breadcrumb":{"@id":"https:\/\/crudo-leather.com\/product\/alfa-e-omega-italian-leather-braided-keychain-jet-black-rose-gold-edition\/#breadcrumb"},"inLanguage":"en-US","potentialAction":[{"@type":"ReadAction","target":["https:\/\/crudo-leather.com\/product\/alfa-e-omega-italian-leather-braided-keychain-jet-black-rose-gold-edition\/"]}]},{"@type":"ImageObject","inLanguage":"en-US","@id":"https:\/\/crudo-leather.com\/product\/alfa-e-omega-italian-leather-braided-keychain-jet-black-rose-gold-edition\/#primaryimage","url":"https:\/\/crudo-leather.com\/wp-content\/uploads\/2024\/08\/rose_black-1-1.jpg","contentUrl":"https:\/\/crudo-leather.com\/wp-content\/uploads\/2024\/08\/rose_black-1-1.jpg","width":640,"height":640},{"@type":"BreadcrumbList","@id":"https:\/\/crudo-leather.com\/product\/alfa-e-omega-italian-leather-braided-keychain-jet-black-rose-gold-edition\/#breadcrumb","itemListElement":[{"@type":"ListItem","position":1,"name":"Shop","item":"https:\/\/crudo-leather.com\/shop\/"},{"@type":"ListItem","position":2,"name":"Alfa e Omega Italian Leather Braided Keychain"}]},{"@type":"WebSite","@id":"https:\/\/crudo-leather.com\/#website","url":"https:\/\/crudo-leather.com\/","name":"Crudo","description":"","potentialAction":[{"@type":"SearchAction","target":{"@type":"EntryPoint","urlTemplate":"https:\/\/crudo-leather.com\/?s={search_term_string}"},"query-input":{"@type":"PropertyValueSpecification","valueRequired":true,"valueName":"search_term_string"}}],"inLanguage":"en-US"}]}},"_links":{"self":[{"href":"https:\/\/crudo-leather.com\/de\/wp-json\/wp\/v2\/product\/2301"}],"collection":[{"href":"https:\/\/crudo-leather.com\/de\/wp-json\/wp\/v2\/product"}],"about":[{"href":"https:\/\/crudo-leather.com\/de\/wp-json\/wp\/v2\/types\/product"}],"replies":[{"embeddable":true,"href":"https:\/\/crudo-leather.com\/de\/wp-json\/wp\/v2\/comments?post=2301"}],"wp:featuredmedia":[{"embeddable":true,"href":"https:\/\/crudo-leather.com\/de\/wp-json\/wp\/v2\/media\/4448"}],"wp:attachment":[{"href":"https:\/\/crudo-leather.com\/de\/wp-json\/wp\/v2\/media?parent=2301"}],"wp:term":[{"taxonomy":"collection","embeddable":true,"href":"https:\/\/crudo-leather.com\/de\/wp-json\/wp\/v2\/collection?post=2301"},{"taxonomy":"trending_cat","embeddable":true,"href":"https:\/\/crudo-leather.com\/de\/wp-json\/wp\/v2\/trending_cat?post=2301"},{"taxonomy":"product_cat","embeddable":true,"href":"https:\/\/crudo-leather.com\/de\/wp-json\/wp\/v2\/product_cat?post=2301"},{"taxonomy":"product_tag","embeddable":true,"href":"https:\/\/crudo-leather.com\/de\/wp-json\/wp\/v2\/product_tag?post=2301"}],"curies":[{"name":"wp","href":"https:\/\/api.w.org\/{rel}","templated":true}]}}