{"id":2321,"date":"2024-08-01T14:05:04","date_gmt":"2024-08-01T06:05:04","guid":{"rendered":"https:\/\/crudo-leather.com\/product\/peanuts-uv-printed-customized-rfid-slim-passport-wallet-saffiano-mauve\/"},"modified":"2026-02-03T12:07:25","modified_gmt":"2026-02-03T04:07:25","slug":"peanuts-uv-printed-customized-rfid-slim-passport-wallet-saffiano-mauve","status":"publish","type":"product","link":"https:\/\/crudo-leather.com\/de\/product\/peanuts-uv-printed-customized-rfid-slim-passport-wallet-saffiano-mauve\/","title":{"rendered":"Snoopy Limited Edition UV-Druck personalisiertes RFID d\u00fcnnes Leder Reisepassh\u00fclle Portemonnaie"},"content":{"rendered":"","protected":false},"excerpt":{"rendered":"** Nachdem Sie ein Produkt ausgew\u00e4hlt und auf \"Zum Warenkorb hinzuf\u00fcgen und gestalten\" geklickt haben, w\u00e4hlen Sie bitte auf der Gestaltungsseite ein spezielles Motiv aus der PEANUTS Kollektion aus. Andernfalls wird das Produkt nicht mit einem UV-Druck versehen und auch nicht mit der PEANUTS Geschenkbox geliefert.**\n\n<ins><strong>Crudo x PEANUTS <\/strong><\/ins>\n\nCrudo pr\u00e4sentiert in Zusammenarbeit mit PEANUTS eine brandneue Kollektion aus italienischem Leder mit UV-Druck, die Sie den klassischen Charakteren aus den Peanuts-Comics wie Snoopy und seinen Freunden n\u00e4herbringt! Durch hochwertige UV-Drucktechnologie werden die niedlichen Bilder der PEANUTS Gangs zusammen mit Ihrer Unterschrift auf dem italienischen Leder als lebendigere und deutlichere Muster dargestellt, was Ihre Lederprodukte noch interessanter macht.\n\n- Offiziell lizenziertes PEANUTS Leder-Reisepassetui in Zusammenarbeit\n- Hergestellt aus italienischem Rindleder erster Wahl mit Kreuzpr\u00e4gung\n- Bis zu 28 spezielle Motive aus der PEANUTS Kollektion zur Auswahl, die zusammen mit Ihrer personalisierten Unterschrift per UV-Druck auf dem Lederportemonnaie aufgebracht werden\n- Beim Kauf eines PEANUTS Limited Edition Lederportemonnaies erhalten Sie eine PEANUTS Geschenkbox mit abtrennbarer Gru\u00dfkarte (inklusive Geschenkkarte und Produktgarantie)\n- RFID-Technologie sch\u00fctzt wichtige Daten auf Ihren Karten vor Diebstahl\n- Handgen\u00e4hte Ziern\u00e4hte, geschliffene und vers\u00e4uberte Kanten\n\n<strong>Details<\/strong>\n- Separate Geldscheinfach\n- 5 Kreditkartenf\u00e4cher\n- 1 Reisepassfach\n- 1 Bordkartenfach\n- 1 Innentasche\n\n<strong>Herstellungszeit und Versanddetails<\/strong><strong> <\/strong>\n- Jedes Produkt ben\u00f6tigt nur 1-5 Werktage zur Herstellung\n- Bestellungen von heute k\u00f6nnen bereits morgen versendet werden\n- Nur erh\u00e4ltlich in Hongkong, Taiwan, Macau, Singapur, Malaysia und dem chinesischen Festland","protected":false},"featured_media":5514,"comment_status":"open","ping_status":"closed","template":"","meta":{"inline_featured_image":false},"collection":[2278],"trending_cat":[],"product_cat":[82],"product_tag":[103],"class_list":{"0":"post-2321","1":"product","2":"type-product","3":"status-publish","4":"has-post-thumbnail","6":"product_cat-passport-holder","7":"product_tag-peanuts","9":"first","10":"instock","11":"sale","12":"shipping-taxable","13":"purchasable","14":"product-type-variable"},"yoast_head":"<!-- This site is optimized with the Yoast SEO plugin v23.4 - https:\/\/yoast.com\/wordpress\/plugins\/seo\/ -->\n<title>Crudo Peanuts UV-Druck RFID-Diebstahlschutz schlanke Reisepassh\u00fclle - Violett<\/title>\n<meta name=\"description\" content=\"Entdecken Sie den Crudo Peanuts lizenzierten violetten Saffiano-Leder Reisepassh\u00fclle. Mit UV-gedruckten Peanuts-Motiven, integrierter RFID-Schutztechnologie, mehreren Kartenf\u00e4chern, SIM-Kartensteckplatz und Bordkartenfach. Inklusive exklusiver Geschenkbox.\" \/>\n<meta name=\"robots\" content=\"index, follow, max-snippet:-1, max-image-preview:large, max-video-preview:-1\" \/>\n<link rel=\"canonical\" href=\"https:\/\/crudo-leather.com\/de\/product\/peanuts-uv-printed-customized-rfid-slim-passport-wallet-saffiano-mauve\/\" \/>\n<meta property=\"og:locale\" content=\"en_US\" \/>\n<meta property=\"og:type\" content=\"article\" \/>\n<meta property=\"og:title\" content=\"Crudo Peanuts UV-Druck RFID-Diebstahlschutz schlanke Reisepassh\u00fclle - Violett\" \/>\n<meta property=\"og:description\" content=\"Entdecken Sie den Crudo Peanuts lizenzierten violetten Saffiano-Leder Reisepassh\u00fclle. Mit UV-gedruckten Peanuts-Motiven, integrierter RFID-Schutztechnologie, mehreren Kartenf\u00e4chern, SIM-Kartensteckplatz und Bordkartenfach. Inklusive exklusiver Geschenkbox.\" \/>\n<meta property=\"og:url\" content=\"https:\/\/crudo-leather.com\/product\/peanuts-uv-printed-customized-rfid-slim-passport-wallet-saffiano-mauve\/\" \/>\n<meta property=\"og:site_name\" content=\"Crudo\" \/>\n<meta property=\"article:modified_time\" content=\"2026-02-03T04:07:25+00:00\" \/>\n<meta property=\"og:image\" content=\"https:\/\/crudo-leather.com\/wp-content\/uploads\/2024\/08\/pph13_1_purple_thumbnail-1.jpg\" \/>\n\t<meta property=\"og:image:width\" content=\"640\" \/>\n\t<meta property=\"og:image:height\" content=\"640\" \/>\n\t<meta property=\"og:image:type\" content=\"image\/jpeg\" \/>\n<meta name=\"twitter:card\" content=\"summary_large_image\" \/>\n<meta name=\"twitter:label1\" content=\"Est. reading time\" \/>\n\t<meta name=\"twitter:data1\" content=\"1 minute\" \/>\n<script type=\"application\/ld+json\" class=\"yoast-schema-graph\">{\"@context\":\"https:\/\/schema.org\",\"@graph\":[{\"@type\":\"WebPage\",\"@id\":\"https:\/\/crudo-leather.com\/product\/peanuts-uv-printed-customized-rfid-slim-passport-wallet-saffiano-mauve\/\",\"url\":\"https:\/\/crudo-leather.com\/product\/peanuts-uv-printed-customized-rfid-slim-passport-wallet-saffiano-mauve\/\",\"name\":\"Peanuts UV Printed RFID Slim Passport Wallet - Saffiano Mauve\",\"isPartOf\":{\"@id\":\"https:\/\/crudo-leather.com\/#website\"},\"primaryImageOfPage\":{\"@id\":\"https:\/\/crudo-leather.com\/product\/peanuts-uv-printed-customized-rfid-slim-passport-wallet-saffiano-mauve\/#primaryimage\"},\"image\":{\"@id\":\"https:\/\/crudo-leather.com\/product\/peanuts-uv-printed-customized-rfid-slim-passport-wallet-saffiano-mauve\/#primaryimage\"},\"thumbnailUrl\":\"https:\/\/crudo-leather.com\/wp-content\/uploads\/2024\/08\/pph13_1_purple_thumbnail-1.jpg\",\"datePublished\":\"2024-08-01T06:05:04+00:00\",\"dateModified\":\"2026-02-03T04:07:25+00:00\",\"description\":\"Own the officially licensed Peanuts UV printed RFID slim passport wallet. Saffiano mauve, secure & stylish. Free engraving & luxury gift box. Travel essential. Shop now!\",\"breadcrumb\":{\"@id\":\"https:\/\/crudo-leather.com\/product\/peanuts-uv-printed-customized-rfid-slim-passport-wallet-saffiano-mauve\/#breadcrumb\"},\"inLanguage\":\"en-US\",\"potentialAction\":[{\"@type\":\"ReadAction\",\"target\":[\"https:\/\/crudo-leather.com\/product\/peanuts-uv-printed-customized-rfid-slim-passport-wallet-saffiano-mauve\/\"]}]},{\"@type\":\"ImageObject\",\"inLanguage\":\"en-US\",\"@id\":\"https:\/\/crudo-leather.com\/product\/peanuts-uv-printed-customized-rfid-slim-passport-wallet-saffiano-mauve\/#primaryimage\",\"url\":\"https:\/\/crudo-leather.com\/wp-content\/uploads\/2024\/08\/pph13_1_purple_thumbnail-1.jpg\",\"contentUrl\":\"https:\/\/crudo-leather.com\/wp-content\/uploads\/2024\/08\/pph13_1_purple_thumbnail-1.jpg\",\"width\":640,\"height\":640},{\"@type\":\"BreadcrumbList\",\"@id\":\"https:\/\/crudo-leather.com\/product\/peanuts-uv-printed-customized-rfid-slim-passport-wallet-saffiano-mauve\/#breadcrumb\",\"itemListElement\":[{\"@type\":\"ListItem\",\"position\":1,\"name\":\"Shop\",\"item\":\"https:\/\/crudo-leather.com\/shop\/\"},{\"@type\":\"ListItem\",\"position\":2,\"name\":\"Snoopy UV Printed Customized RFID Slim Passport Wallet\"}]},{\"@type\":\"WebSite\",\"@id\":\"https:\/\/crudo-leather.com\/#website\",\"url\":\"https:\/\/crudo-leather.com\/\",\"name\":\"Crudo\",\"description\":\"\",\"potentialAction\":[{\"@type\":\"SearchAction\",\"target\":{\"@type\":\"EntryPoint\",\"urlTemplate\":\"https:\/\/crudo-leather.com\/?s={search_term_string}\"},\"query-input\":{\"@type\":\"PropertyValueSpecification\",\"valueRequired\":true,\"valueName\":\"search_term_string\"}}],\"inLanguage\":\"en-US\"}]}<\/script>\n<!-- \/ Yoast SEO plugin. -->","yoast_head_json":{"title":"Crudo Peanuts UV-Druck RFID-Diebstahlschutz schlanke Reisepassh\u00fclle - Violett","description":"Entdecken Sie den Crudo Peanuts lizenzierten violetten Saffiano-Leder Reisepassh\u00fclle. Mit UV-gedruckten Peanuts-Motiven, integrierter RFID-Schutztechnologie, mehreren Kartenf\u00e4chern, SIM-Kartensteckplatz und Bordkartenfach. Inklusive exklusiver Geschenkbox.","robots":{"index":"index","follow":"follow","max-snippet":"max-snippet:-1","max-image-preview":"max-image-preview:large","max-video-preview":"max-video-preview:-1"},"canonical":"https:\/\/crudo-leather.com\/de\/product\/peanuts-uv-printed-customized-rfid-slim-passport-wallet-saffiano-mauve\/","og_locale":"en_US","og_type":"article","og_title":"Crudo Peanuts UV-Druck RFID-Diebstahlschutz schlanke Reisepassh\u00fclle - Violett","og_description":"Entdecken Sie den Crudo Peanuts lizenzierten violetten Saffiano-Leder Reisepassh\u00fclle. Mit UV-gedruckten Peanuts-Motiven, integrierter RFID-Schutztechnologie, mehreren Kartenf\u00e4chern, SIM-Kartensteckplatz und Bordkartenfach. Inklusive exklusiver Geschenkbox.","og_url":"https:\/\/crudo-leather.com\/product\/peanuts-uv-printed-customized-rfid-slim-passport-wallet-saffiano-mauve\/","og_site_name":"Crudo","article_modified_time":"2026-02-03T04:07:25+00:00","og_image":[{"width":640,"height":640,"url":"https:\/\/crudo-leather.com\/wp-content\/uploads\/2024\/08\/pph13_1_purple_thumbnail-1.jpg","type":"image\/jpeg"}],"twitter_card":"summary_large_image","twitter_misc":{"Est. reading time":"1 minute"},"schema":{"@context":"https:\/\/schema.org","@graph":[{"@type":"WebPage","@id":"https:\/\/crudo-leather.com\/product\/peanuts-uv-printed-customized-rfid-slim-passport-wallet-saffiano-mauve\/","url":"https:\/\/crudo-leather.com\/product\/peanuts-uv-printed-customized-rfid-slim-passport-wallet-saffiano-mauve\/","name":"Peanuts UV Printed RFID Slim Passport Wallet - Saffiano Mauve","isPartOf":{"@id":"https:\/\/crudo-leather.com\/#website"},"primaryImageOfPage":{"@id":"https:\/\/crudo-leather.com\/product\/peanuts-uv-printed-customized-rfid-slim-passport-wallet-saffiano-mauve\/#primaryimage"},"image":{"@id":"https:\/\/crudo-leather.com\/product\/peanuts-uv-printed-customized-rfid-slim-passport-wallet-saffiano-mauve\/#primaryimage"},"thumbnailUrl":"https:\/\/crudo-leather.com\/wp-content\/uploads\/2024\/08\/pph13_1_purple_thumbnail-1.jpg","datePublished":"2024-08-01T06:05:04+00:00","dateModified":"2026-02-03T04:07:25+00:00","description":"Own the officially licensed Peanuts UV printed RFID slim passport wallet. Saffiano mauve, secure & stylish. Free engraving & luxury gift box. Travel essential. Shop now!","breadcrumb":{"@id":"https:\/\/crudo-leather.com\/product\/peanuts-uv-printed-customized-rfid-slim-passport-wallet-saffiano-mauve\/#breadcrumb"},"inLanguage":"en-US","potentialAction":[{"@type":"ReadAction","target":["https:\/\/crudo-leather.com\/product\/peanuts-uv-printed-customized-rfid-slim-passport-wallet-saffiano-mauve\/"]}]},{"@type":"ImageObject","inLanguage":"en-US","@id":"https:\/\/crudo-leather.com\/product\/peanuts-uv-printed-customized-rfid-slim-passport-wallet-saffiano-mauve\/#primaryimage","url":"https:\/\/crudo-leather.com\/wp-content\/uploads\/2024\/08\/pph13_1_purple_thumbnail-1.jpg","contentUrl":"https:\/\/crudo-leather.com\/wp-content\/uploads\/2024\/08\/pph13_1_purple_thumbnail-1.jpg","width":640,"height":640},{"@type":"BreadcrumbList","@id":"https:\/\/crudo-leather.com\/product\/peanuts-uv-printed-customized-rfid-slim-passport-wallet-saffiano-mauve\/#breadcrumb","itemListElement":[{"@type":"ListItem","position":1,"name":"Shop","item":"https:\/\/crudo-leather.com\/shop\/"},{"@type":"ListItem","position":2,"name":"Snoopy UV Printed Customized RFID Slim Passport Wallet"}]},{"@type":"WebSite","@id":"https:\/\/crudo-leather.com\/#website","url":"https:\/\/crudo-leather.com\/","name":"Crudo","description":"","potentialAction":[{"@type":"SearchAction","target":{"@type":"EntryPoint","urlTemplate":"https:\/\/crudo-leather.com\/?s={search_term_string}"},"query-input":{"@type":"PropertyValueSpecification","valueRequired":true,"valueName":"search_term_string"}}],"inLanguage":"en-US"}]}},"_links":{"self":[{"href":"https:\/\/crudo-leather.com\/de\/wp-json\/wp\/v2\/product\/2321"}],"collection":[{"href":"https:\/\/crudo-leather.com\/de\/wp-json\/wp\/v2\/product"}],"about":[{"href":"https:\/\/crudo-leather.com\/de\/wp-json\/wp\/v2\/types\/product"}],"replies":[{"embeddable":true,"href":"https:\/\/crudo-leather.com\/de\/wp-json\/wp\/v2\/comments?post=2321"}],"wp:featuredmedia":[{"embeddable":true,"href":"https:\/\/crudo-leather.com\/de\/wp-json\/wp\/v2\/media\/5514"}],"wp:attachment":[{"href":"https:\/\/crudo-leather.com\/de\/wp-json\/wp\/v2\/media?parent=2321"}],"wp:term":[{"taxonomy":"collection","embeddable":true,"href":"https:\/\/crudo-leather.com\/de\/wp-json\/wp\/v2\/collection?post=2321"},{"taxonomy":"trending_cat","embeddable":true,"href":"https:\/\/crudo-leather.com\/de\/wp-json\/wp\/v2\/trending_cat?post=2321"},{"taxonomy":"product_cat","embeddable":true,"href":"https:\/\/crudo-leather.com\/de\/wp-json\/wp\/v2\/product_cat?post=2321"},{"taxonomy":"product_tag","embeddable":true,"href":"https:\/\/crudo-leather.com\/de\/wp-json\/wp\/v2\/product_tag?post=2321"}],"curies":[{"name":"wp","href":"https:\/\/api.w.org\/{rel}","templated":true}]}}