{"id":2328,"date":"2024-08-01T14:05:14","date_gmt":"2024-08-01T06:05:14","guid":{"rendered":"https:\/\/crudo-leather.com\/product\/portare-amore-teddy-bear-cufflinks-white-gold\/"},"modified":"2025-05-20T11:08:53","modified_gmt":"2025-05-20T03:08:53","slug":"portare-amore-teddy-bear-cufflinks-white-gold","status":"publish","type":"product","link":"https:\/\/crudo-leather.com\/de\/product\/portare-amore-teddy-bear-cufflinks-white-gold\/","title":{"rendered":"Portare Amore Teddyb\u00e4r Manschettenkn\u00f6pfe"},"content":{"rendered":"","protected":false},"excerpt":{"rendered":"<p style=\"margin-left: 0cm; margin-right: 0cm;\"><strong>Klicken<\/strong><strong> Sie auf <\/strong><strong>\"<\/strong><strong>In den Warenkorb legen und gestalten<\/strong><strong>\"<\/strong><strong>, um Ihren Gravurtext zu gestalten.<\/strong><\/p>\n<strong>Beschreibung :<\/strong>\n\n-  Hergestellt aus vergoldetem Messing\n-  Bleicht nicht leicht aus und oxidiert nicht, langlebig und haltbar\n-  Besetzt mit Zirkonia, beh\u00e4lt seine Farbe unabh\u00e4ngig von der Temperatur\n-  Verwendung von Walflossen-Manschettenkn\u00f6pfen\n-  Pers\u00f6nliche Gravur auf den Metallmanschettenkn\u00f6pfen m\u00f6glich\n-  \u00dcber 20 Schriftarten, 100 Emojis und 60 Gravurvorschl\u00e4ge zur Auswahl\n-  Kostenloses Upgrade auf ein elegantes Geschenkset (inkl. Geschenkkarte und Produktgarantie)\n\n<strong>Herstellungszeit und Versanddetails<\/strong>\n-  Jedes Produkt ben\u00f6tigt nur 1-5 Werktage zur Herstellung\n-  Bei Bestellung heute kann die Sendung bereits morgen versandt werden\n-  Weltweiter Versand","protected":false},"featured_media":5556,"comment_status":"open","ping_status":"closed","template":"","meta":{"inline_featured_image":false},"collection":[],"trending_cat":[],"product_cat":[2379],"product_tag":[],"class_list":{"0":"post-2328","1":"product","2":"type-product","3":"status-publish","4":"has-post-thumbnail","6":"product_cat-cufflink","8":"first","9":"instock","10":"sale","11":"shipping-taxable","12":"purchasable","13":"product-type-variable"},"yoast_head":"<!-- This site is optimized with the Yoast SEO plugin v23.4 - https:\/\/yoast.com\/wordpress\/plugins\/seo\/ -->\n<title>Portare Amore Teddyb\u00e4r Manschettenkn\u00f6pfe Wei\u00dfgold<\/title>\n<meta name=\"description\" content=\"Crudo Portare Amore Teddyb\u00e4r Manschettenkn\u00f6pfe, Platinbeschichtung in Wei\u00dfgold, besetzt mit funkelnden Zirkonias. Personalisierte Gravur m\u00f6glich, ideales Geschenk, symbolisiert ewige Liebe.\" \/>\n<meta name=\"robots\" content=\"index, follow, max-snippet:-1, max-image-preview:large, max-video-preview:-1\" \/>\n<link rel=\"canonical\" href=\"https:\/\/crudo-leather.com\/de\/product\/portare-amore-teddy-bear-cufflinks-white-gold\/\" \/>\n<meta property=\"og:locale\" content=\"en_US\" \/>\n<meta property=\"og:type\" content=\"article\" \/>\n<meta property=\"og:title\" content=\"Portare Amore Teddyb\u00e4r Manschettenkn\u00f6pfe Wei\u00dfgold\" \/>\n<meta property=\"og:description\" content=\"Crudo Portare Amore Teddyb\u00e4r Manschettenkn\u00f6pfe, Platinbeschichtung in Wei\u00dfgold, besetzt mit funkelnden Zirkonias. Personalisierte Gravur m\u00f6glich, ideales Geschenk, symbolisiert ewige Liebe.\" \/>\n<meta property=\"og:url\" content=\"https:\/\/crudo-leather.com\/product\/portare-amore-teddy-bear-cufflinks-white-gold\/\" \/>\n<meta property=\"og:site_name\" content=\"Crudo\" \/>\n<meta property=\"article:modified_time\" content=\"2025-05-20T03:08:53+00:00\" \/>\n<meta property=\"og:image\" content=\"https:\/\/crudo-leather.com\/wp-content\/uploads\/2024\/08\/bear_cuffdone-3.jpg\" \/>\n\t<meta property=\"og:image:width\" content=\"640\" \/>\n\t<meta property=\"og:image:height\" content=\"640\" \/>\n\t<meta property=\"og:image:type\" content=\"image\/jpeg\" \/>\n<meta name=\"twitter:card\" content=\"summary_large_image\" \/>\n<meta name=\"twitter:label1\" content=\"Est. reading time\" \/>\n\t<meta name=\"twitter:data1\" content=\"1 minute\" \/>\n<script type=\"application\/ld+json\" class=\"yoast-schema-graph\">{\"@context\":\"https:\/\/schema.org\",\"@graph\":[{\"@type\":\"WebPage\",\"@id\":\"https:\/\/crudo-leather.com\/product\/portare-amore-teddy-bear-cufflinks-white-gold\/\",\"url\":\"https:\/\/crudo-leather.com\/product\/portare-amore-teddy-bear-cufflinks-white-gold\/\",\"name\":\"Portare Amore Teddy Bear Cufflinks: White Gold\",\"isPartOf\":{\"@id\":\"https:\/\/crudo-leather.com\/#website\"},\"primaryImageOfPage\":{\"@id\":\"https:\/\/crudo-leather.com\/product\/portare-amore-teddy-bear-cufflinks-white-gold\/#primaryimage\"},\"image\":{\"@id\":\"https:\/\/crudo-leather.com\/product\/portare-amore-teddy-bear-cufflinks-white-gold\/#primaryimage\"},\"thumbnailUrl\":\"https:\/\/crudo-leather.com\/wp-content\/uploads\/2024\/08\/bear_cuffdone-3.jpg\",\"datePublished\":\"2024-08-01T06:05:14+00:00\",\"dateModified\":\"2025-05-20T03:08:53+00:00\",\"description\":\"Embrace playful charm with the Portare Amore Teddy Bear Cufflinks in White Gold. A delightful accessory for a unique touch.\",\"breadcrumb\":{\"@id\":\"https:\/\/crudo-leather.com\/product\/portare-amore-teddy-bear-cufflinks-white-gold\/#breadcrumb\"},\"inLanguage\":\"en-US\",\"potentialAction\":[{\"@type\":\"ReadAction\",\"target\":[\"https:\/\/crudo-leather.com\/product\/portare-amore-teddy-bear-cufflinks-white-gold\/\"]}]},{\"@type\":\"ImageObject\",\"inLanguage\":\"en-US\",\"@id\":\"https:\/\/crudo-leather.com\/product\/portare-amore-teddy-bear-cufflinks-white-gold\/#primaryimage\",\"url\":\"https:\/\/crudo-leather.com\/wp-content\/uploads\/2024\/08\/bear_cuffdone-3.jpg\",\"contentUrl\":\"https:\/\/crudo-leather.com\/wp-content\/uploads\/2024\/08\/bear_cuffdone-3.jpg\",\"width\":640,\"height\":640},{\"@type\":\"BreadcrumbList\",\"@id\":\"https:\/\/crudo-leather.com\/product\/portare-amore-teddy-bear-cufflinks-white-gold\/#breadcrumb\",\"itemListElement\":[{\"@type\":\"ListItem\",\"position\":1,\"name\":\"Shop\",\"item\":\"https:\/\/crudo-leather.com\/shop\/\"},{\"@type\":\"ListItem\",\"position\":2,\"name\":\"Portare Amore Teddy Bear Cufflinks\"}]},{\"@type\":\"WebSite\",\"@id\":\"https:\/\/crudo-leather.com\/#website\",\"url\":\"https:\/\/crudo-leather.com\/\",\"name\":\"Crudo\",\"description\":\"\",\"potentialAction\":[{\"@type\":\"SearchAction\",\"target\":{\"@type\":\"EntryPoint\",\"urlTemplate\":\"https:\/\/crudo-leather.com\/?s={search_term_string}\"},\"query-input\":{\"@type\":\"PropertyValueSpecification\",\"valueRequired\":true,\"valueName\":\"search_term_string\"}}],\"inLanguage\":\"en-US\"}]}<\/script>\n<!-- \/ Yoast SEO plugin. -->","yoast_head_json":{"title":"Portare Amore Teddyb\u00e4r Manschettenkn\u00f6pfe Wei\u00dfgold","description":"Crudo Portare Amore Teddyb\u00e4r Manschettenkn\u00f6pfe, Platinbeschichtung in Wei\u00dfgold, besetzt mit funkelnden Zirkonias. Personalisierte Gravur m\u00f6glich, ideales Geschenk, symbolisiert ewige Liebe.","robots":{"index":"index","follow":"follow","max-snippet":"max-snippet:-1","max-image-preview":"max-image-preview:large","max-video-preview":"max-video-preview:-1"},"canonical":"https:\/\/crudo-leather.com\/de\/product\/portare-amore-teddy-bear-cufflinks-white-gold\/","og_locale":"en_US","og_type":"article","og_title":"Portare Amore Teddyb\u00e4r Manschettenkn\u00f6pfe Wei\u00dfgold","og_description":"Crudo Portare Amore Teddyb\u00e4r Manschettenkn\u00f6pfe, Platinbeschichtung in Wei\u00dfgold, besetzt mit funkelnden Zirkonias. Personalisierte Gravur m\u00f6glich, ideales Geschenk, symbolisiert ewige Liebe.","og_url":"https:\/\/crudo-leather.com\/product\/portare-amore-teddy-bear-cufflinks-white-gold\/","og_site_name":"Crudo","article_modified_time":"2025-05-20T03:08:53+00:00","og_image":[{"width":640,"height":640,"url":"https:\/\/crudo-leather.com\/wp-content\/uploads\/2024\/08\/bear_cuffdone-3.jpg","type":"image\/jpeg"}],"twitter_card":"summary_large_image","twitter_misc":{"Est. reading time":"1 minute"},"schema":{"@context":"https:\/\/schema.org","@graph":[{"@type":"WebPage","@id":"https:\/\/crudo-leather.com\/product\/portare-amore-teddy-bear-cufflinks-white-gold\/","url":"https:\/\/crudo-leather.com\/product\/portare-amore-teddy-bear-cufflinks-white-gold\/","name":"Portare Amore Teddy Bear Cufflinks: White Gold","isPartOf":{"@id":"https:\/\/crudo-leather.com\/#website"},"primaryImageOfPage":{"@id":"https:\/\/crudo-leather.com\/product\/portare-amore-teddy-bear-cufflinks-white-gold\/#primaryimage"},"image":{"@id":"https:\/\/crudo-leather.com\/product\/portare-amore-teddy-bear-cufflinks-white-gold\/#primaryimage"},"thumbnailUrl":"https:\/\/crudo-leather.com\/wp-content\/uploads\/2024\/08\/bear_cuffdone-3.jpg","datePublished":"2024-08-01T06:05:14+00:00","dateModified":"2025-05-20T03:08:53+00:00","description":"Embrace playful charm with the Portare Amore Teddy Bear Cufflinks in White Gold. A delightful accessory for a unique touch.","breadcrumb":{"@id":"https:\/\/crudo-leather.com\/product\/portare-amore-teddy-bear-cufflinks-white-gold\/#breadcrumb"},"inLanguage":"en-US","potentialAction":[{"@type":"ReadAction","target":["https:\/\/crudo-leather.com\/product\/portare-amore-teddy-bear-cufflinks-white-gold\/"]}]},{"@type":"ImageObject","inLanguage":"en-US","@id":"https:\/\/crudo-leather.com\/product\/portare-amore-teddy-bear-cufflinks-white-gold\/#primaryimage","url":"https:\/\/crudo-leather.com\/wp-content\/uploads\/2024\/08\/bear_cuffdone-3.jpg","contentUrl":"https:\/\/crudo-leather.com\/wp-content\/uploads\/2024\/08\/bear_cuffdone-3.jpg","width":640,"height":640},{"@type":"BreadcrumbList","@id":"https:\/\/crudo-leather.com\/product\/portare-amore-teddy-bear-cufflinks-white-gold\/#breadcrumb","itemListElement":[{"@type":"ListItem","position":1,"name":"Shop","item":"https:\/\/crudo-leather.com\/shop\/"},{"@type":"ListItem","position":2,"name":"Portare Amore Teddy Bear Cufflinks"}]},{"@type":"WebSite","@id":"https:\/\/crudo-leather.com\/#website","url":"https:\/\/crudo-leather.com\/","name":"Crudo","description":"","potentialAction":[{"@type":"SearchAction","target":{"@type":"EntryPoint","urlTemplate":"https:\/\/crudo-leather.com\/?s={search_term_string}"},"query-input":{"@type":"PropertyValueSpecification","valueRequired":true,"valueName":"search_term_string"}}],"inLanguage":"en-US"}]}},"_links":{"self":[{"href":"https:\/\/crudo-leather.com\/de\/wp-json\/wp\/v2\/product\/2328"}],"collection":[{"href":"https:\/\/crudo-leather.com\/de\/wp-json\/wp\/v2\/product"}],"about":[{"href":"https:\/\/crudo-leather.com\/de\/wp-json\/wp\/v2\/types\/product"}],"replies":[{"embeddable":true,"href":"https:\/\/crudo-leather.com\/de\/wp-json\/wp\/v2\/comments?post=2328"}],"wp:featuredmedia":[{"embeddable":true,"href":"https:\/\/crudo-leather.com\/de\/wp-json\/wp\/v2\/media\/5556"}],"wp:attachment":[{"href":"https:\/\/crudo-leather.com\/de\/wp-json\/wp\/v2\/media?parent=2328"}],"wp:term":[{"taxonomy":"collection","embeddable":true,"href":"https:\/\/crudo-leather.com\/de\/wp-json\/wp\/v2\/collection?post=2328"},{"taxonomy":"trending_cat","embeddable":true,"href":"https:\/\/crudo-leather.com\/de\/wp-json\/wp\/v2\/trending_cat?post=2328"},{"taxonomy":"product_cat","embeddable":true,"href":"https:\/\/crudo-leather.com\/de\/wp-json\/wp\/v2\/product_cat?post=2328"},{"taxonomy":"product_tag","embeddable":true,"href":"https:\/\/crudo-leather.com\/de\/wp-json\/wp\/v2\/product_tag?post=2328"}],"curies":[{"name":"wp","href":"https:\/\/api.w.org\/{rel}","templated":true}]}}