{"id":2364,"date":"2024-08-01T14:06:07","date_gmt":"2024-08-01T06:06:07","guid":{"rendered":"https:\/\/crudo-leather.com\/product\/manhattan-love-bar-chain-bracelet-ultra-slim-version-snowflakes\/"},"modified":"2026-02-23T15:44:03","modified_gmt":"2026-02-23T07:44:03","slug":"manhattan-love-bar-chain-bracelet-ultra-slim-version-snowflakes","status":"publish","type":"product","link":"https:\/\/crudo-leather.com\/de\/product\/manhattan-love-bar-chain-bracelet-ultra-slim-version-snowflakes\/","title":{"rendered":"Manhattan Love Rechteckiger Stahlstab Armband (schlanke Version)"},"content":{"rendered":"","protected":false},"excerpt":{"rendered":"<strong>Manhattan Love Story<\/strong>\n\"She wants to meet me at the top of the Empire State Building\", sagte der m\u00e4nnliche Hauptdarsteller Sam Baldwin im Film \"Sleepless in Seattle\".\nInspiriert von einer Liebesgeschichte, die sich im Empire State Building in Manhattan ereignete. Das Manhattan Love Rechteckige Stahlarmband symbolisiert die enge Verbindung zwischen Liebenden, die sie schlie\u00dflich zusammenf\u00fchrt.\n\n<strong>Klicken Sie auf \"In den Warenkorb legen und gestalten\"<\/strong><strong>\"<\/strong><strong>, um Ihren Gravurtext zu gestalten<\/strong>\n\n<strong>Beschreibung :<\/strong>\n\n- Design inspiriert vom modernen und modischen Stil Manhattans\n- Einzigartiger kleiner achteckiger rechteckiger Stahlstab und elegante Perlenquadratkette, inspiriert vom Empire State Building in Manhattan\n- Hergestellt aus 316L Edelstahl\n- Verriegelbare Metallschlaufe symbolisiert eine untrennbare Beziehung\n- Einfarbige oder zweifarbige Armbandvarianten erh\u00e4ltlich\n- Kann einzeln oder gestapelt getragen werden\n- Auf beiden Seiten des rechteckigen Metallanh\u00e4ngers k\u00f6nnen personalisierte S\u00e4tze graviert werden\n- \u00dcber 20 Schriftarten, 100 Emojis und 60 Gravurvorschl\u00e4ge zur Auswahl\n- Kostenloses Upgrade zum exklusiven Geschenkset (inklusive Geschenkkarte und Produktgarantie)\n\n<strong>Produktionszeit und Versanddetails<\/strong><strong> <\/strong>\n- Jedes Produkt ben\u00f6tigt nur 1-5 Werktage zur Fertigstellung\n- Bei Bestellung heute kann es bereits morgen versendet werden\n- Weltweiter Versand","protected":false},"featured_media":5761,"comment_status":"open","ping_status":"closed","template":"","meta":{"inline_featured_image":false},"collection":[],"trending_cat":[2394],"product_cat":[17],"product_tag":[],"class_list":{"0":"post-2364","1":"product","2":"type-product","3":"status-publish","4":"has-post-thumbnail","6":"trending_cat-prestige-collection-offers","7":"product_cat-bracelets-cuffs","9":"first","10":"instock","11":"sale","12":"shipping-taxable","13":"purchasable","14":"product-type-variable"},"yoast_head":"<!-- This site is optimized with the Yoast SEO plugin v23.4 - https:\/\/yoast.com\/wordpress\/plugins\/seo\/ -->\n<title>Manhattan Love Rechteckiger Stahlstab Armband Schlanke Version Schneeflocke Silber<\/title>\n<meta name=\"description\" content=\"Crudo Manhattan Love schlanke Stahlarmband, aus 316L deutschem Stahl gefertigt, Schneesilber klassisch vielseitig. Personalisierte Gravur m\u00f6glich, symbolisiert die Manhattan Love Story, leicht und bequem.\" \/>\n<meta name=\"robots\" content=\"index, follow, max-snippet:-1, max-image-preview:large, max-video-preview:-1\" \/>\n<link rel=\"canonical\" href=\"https:\/\/crudo-leather.com\/de\/product\/manhattan-love-bar-chain-bracelet-ultra-slim-version-snowflakes\/\" \/>\n<meta property=\"og:locale\" content=\"en_US\" \/>\n<meta property=\"og:type\" content=\"article\" \/>\n<meta property=\"og:title\" content=\"Manhattan Love Rechteckiger Stahlstab Armband Schlanke Version Schneeflocke Silber\" \/>\n<meta property=\"og:description\" content=\"Crudo Manhattan Love schlanke Stahlarmband, aus 316L deutschem Stahl gefertigt, Schneesilber klassisch vielseitig. Personalisierte Gravur m\u00f6glich, symbolisiert die Manhattan Love Story, leicht und bequem.\" \/>\n<meta property=\"og:url\" content=\"https:\/\/crudo-leather.com\/product\/manhattan-love-bar-chain-bracelet-ultra-slim-version-snowflakes\/\" \/>\n<meta property=\"og:site_name\" content=\"Crudo\" \/>\n<meta property=\"article:modified_time\" content=\"2026-02-23T07:44:03+00:00\" \/>\n<meta property=\"og:image\" content=\"https:\/\/crudo-leather.com\/wp-content\/uploads\/2024\/08\/zbt09_sir_wbg_a-1.jpg\" \/>\n\t<meta property=\"og:image:width\" content=\"640\" \/>\n\t<meta property=\"og:image:height\" content=\"640\" \/>\n\t<meta property=\"og:image:type\" content=\"image\/jpeg\" \/>\n<meta name=\"twitter:card\" content=\"summary_large_image\" \/>\n<meta name=\"twitter:label1\" content=\"Est. reading time\" \/>\n\t<meta name=\"twitter:data1\" content=\"1 minute\" \/>\n<script type=\"application\/ld+json\" class=\"yoast-schema-graph\">{\"@context\":\"https:\/\/schema.org\",\"@graph\":[{\"@type\":\"WebPage\",\"@id\":\"https:\/\/crudo-leather.com\/product\/manhattan-love-bar-chain-bracelet-ultra-slim-version-snowflakes\/\",\"url\":\"https:\/\/crudo-leather.com\/product\/manhattan-love-bar-chain-bracelet-ultra-slim-version-snowflakes\/\",\"name\":\"Manhattan Love Bar Chain Bracelet - Ultra Slim Snowflakes\",\"isPartOf\":{\"@id\":\"https:\/\/crudo-leather.com\/#website\"},\"primaryImageOfPage\":{\"@id\":\"https:\/\/crudo-leather.com\/product\/manhattan-love-bar-chain-bracelet-ultra-slim-version-snowflakes\/#primaryimage\"},\"image\":{\"@id\":\"https:\/\/crudo-leather.com\/product\/manhattan-love-bar-chain-bracelet-ultra-slim-version-snowflakes\/#primaryimage\"},\"thumbnailUrl\":\"https:\/\/crudo-leather.com\/wp-content\/uploads\/2024\/08\/zbt09_sir_wbg_a-1.jpg\",\"datePublished\":\"2024-08-01T06:06:07+00:00\",\"dateModified\":\"2026-02-23T07:44:03+00:00\",\"description\":\"Discover Manhattan Love bar chain bracelet in ultra slim snowflakes. Delicate design, perfect for a subtle sparkle. A modern and chic accessory. Shop now!\",\"breadcrumb\":{\"@id\":\"https:\/\/crudo-leather.com\/product\/manhattan-love-bar-chain-bracelet-ultra-slim-version-snowflakes\/#breadcrumb\"},\"inLanguage\":\"en-US\",\"potentialAction\":[{\"@type\":\"ReadAction\",\"target\":[\"https:\/\/crudo-leather.com\/product\/manhattan-love-bar-chain-bracelet-ultra-slim-version-snowflakes\/\"]}]},{\"@type\":\"ImageObject\",\"inLanguage\":\"en-US\",\"@id\":\"https:\/\/crudo-leather.com\/product\/manhattan-love-bar-chain-bracelet-ultra-slim-version-snowflakes\/#primaryimage\",\"url\":\"https:\/\/crudo-leather.com\/wp-content\/uploads\/2024\/08\/zbt09_sir_wbg_a-1.jpg\",\"contentUrl\":\"https:\/\/crudo-leather.com\/wp-content\/uploads\/2024\/08\/zbt09_sir_wbg_a-1.jpg\",\"width\":640,\"height\":640},{\"@type\":\"BreadcrumbList\",\"@id\":\"https:\/\/crudo-leather.com\/product\/manhattan-love-bar-chain-bracelet-ultra-slim-version-snowflakes\/#breadcrumb\",\"itemListElement\":[{\"@type\":\"ListItem\",\"position\":1,\"name\":\"Shop\",\"item\":\"https:\/\/crudo-leather.com\/shop\/\"},{\"@type\":\"ListItem\",\"position\":2,\"name\":\"Manhattan Love Bar Chain Bracelet (Ultra Slim Version)\"}]},{\"@type\":\"WebSite\",\"@id\":\"https:\/\/crudo-leather.com\/#website\",\"url\":\"https:\/\/crudo-leather.com\/\",\"name\":\"Crudo\",\"description\":\"\",\"potentialAction\":[{\"@type\":\"SearchAction\",\"target\":{\"@type\":\"EntryPoint\",\"urlTemplate\":\"https:\/\/crudo-leather.com\/?s={search_term_string}\"},\"query-input\":{\"@type\":\"PropertyValueSpecification\",\"valueRequired\":true,\"valueName\":\"search_term_string\"}}],\"inLanguage\":\"en-US\"}]}<\/script>\n<!-- \/ Yoast SEO plugin. -->","yoast_head_json":{"title":"Manhattan Love Rechteckiger Stahlstab Armband Schlanke Version Schneeflocke Silber","description":"Crudo Manhattan Love schlanke Stahlarmband, aus 316L deutschem Stahl gefertigt, Schneesilber klassisch vielseitig. Personalisierte Gravur m\u00f6glich, symbolisiert die Manhattan Love Story, leicht und bequem.","robots":{"index":"index","follow":"follow","max-snippet":"max-snippet:-1","max-image-preview":"max-image-preview:large","max-video-preview":"max-video-preview:-1"},"canonical":"https:\/\/crudo-leather.com\/de\/product\/manhattan-love-bar-chain-bracelet-ultra-slim-version-snowflakes\/","og_locale":"en_US","og_type":"article","og_title":"Manhattan Love Rechteckiger Stahlstab Armband Schlanke Version Schneeflocke Silber","og_description":"Crudo Manhattan Love schlanke Stahlarmband, aus 316L deutschem Stahl gefertigt, Schneesilber klassisch vielseitig. Personalisierte Gravur m\u00f6glich, symbolisiert die Manhattan Love Story, leicht und bequem.","og_url":"https:\/\/crudo-leather.com\/product\/manhattan-love-bar-chain-bracelet-ultra-slim-version-snowflakes\/","og_site_name":"Crudo","article_modified_time":"2026-02-23T07:44:03+00:00","og_image":[{"width":640,"height":640,"url":"https:\/\/crudo-leather.com\/wp-content\/uploads\/2024\/08\/zbt09_sir_wbg_a-1.jpg","type":"image\/jpeg"}],"twitter_card":"summary_large_image","twitter_misc":{"Est. reading time":"1 minute"},"schema":{"@context":"https:\/\/schema.org","@graph":[{"@type":"WebPage","@id":"https:\/\/crudo-leather.com\/product\/manhattan-love-bar-chain-bracelet-ultra-slim-version-snowflakes\/","url":"https:\/\/crudo-leather.com\/product\/manhattan-love-bar-chain-bracelet-ultra-slim-version-snowflakes\/","name":"Manhattan Love Bar Chain Bracelet - Ultra Slim Snowflakes","isPartOf":{"@id":"https:\/\/crudo-leather.com\/#website"},"primaryImageOfPage":{"@id":"https:\/\/crudo-leather.com\/product\/manhattan-love-bar-chain-bracelet-ultra-slim-version-snowflakes\/#primaryimage"},"image":{"@id":"https:\/\/crudo-leather.com\/product\/manhattan-love-bar-chain-bracelet-ultra-slim-version-snowflakes\/#primaryimage"},"thumbnailUrl":"https:\/\/crudo-leather.com\/wp-content\/uploads\/2024\/08\/zbt09_sir_wbg_a-1.jpg","datePublished":"2024-08-01T06:06:07+00:00","dateModified":"2026-02-23T07:44:03+00:00","description":"Discover Manhattan Love bar chain bracelet in ultra slim snowflakes. Delicate design, perfect for a subtle sparkle. A modern and chic accessory. Shop now!","breadcrumb":{"@id":"https:\/\/crudo-leather.com\/product\/manhattan-love-bar-chain-bracelet-ultra-slim-version-snowflakes\/#breadcrumb"},"inLanguage":"en-US","potentialAction":[{"@type":"ReadAction","target":["https:\/\/crudo-leather.com\/product\/manhattan-love-bar-chain-bracelet-ultra-slim-version-snowflakes\/"]}]},{"@type":"ImageObject","inLanguage":"en-US","@id":"https:\/\/crudo-leather.com\/product\/manhattan-love-bar-chain-bracelet-ultra-slim-version-snowflakes\/#primaryimage","url":"https:\/\/crudo-leather.com\/wp-content\/uploads\/2024\/08\/zbt09_sir_wbg_a-1.jpg","contentUrl":"https:\/\/crudo-leather.com\/wp-content\/uploads\/2024\/08\/zbt09_sir_wbg_a-1.jpg","width":640,"height":640},{"@type":"BreadcrumbList","@id":"https:\/\/crudo-leather.com\/product\/manhattan-love-bar-chain-bracelet-ultra-slim-version-snowflakes\/#breadcrumb","itemListElement":[{"@type":"ListItem","position":1,"name":"Shop","item":"https:\/\/crudo-leather.com\/shop\/"},{"@type":"ListItem","position":2,"name":"Manhattan Love Bar Chain Bracelet (Ultra Slim Version)"}]},{"@type":"WebSite","@id":"https:\/\/crudo-leather.com\/#website","url":"https:\/\/crudo-leather.com\/","name":"Crudo","description":"","potentialAction":[{"@type":"SearchAction","target":{"@type":"EntryPoint","urlTemplate":"https:\/\/crudo-leather.com\/?s={search_term_string}"},"query-input":{"@type":"PropertyValueSpecification","valueRequired":true,"valueName":"search_term_string"}}],"inLanguage":"en-US"}]}},"_links":{"self":[{"href":"https:\/\/crudo-leather.com\/de\/wp-json\/wp\/v2\/product\/2364"}],"collection":[{"href":"https:\/\/crudo-leather.com\/de\/wp-json\/wp\/v2\/product"}],"about":[{"href":"https:\/\/crudo-leather.com\/de\/wp-json\/wp\/v2\/types\/product"}],"replies":[{"embeddable":true,"href":"https:\/\/crudo-leather.com\/de\/wp-json\/wp\/v2\/comments?post=2364"}],"wp:featuredmedia":[{"embeddable":true,"href":"https:\/\/crudo-leather.com\/de\/wp-json\/wp\/v2\/media\/5761"}],"wp:attachment":[{"href":"https:\/\/crudo-leather.com\/de\/wp-json\/wp\/v2\/media?parent=2364"}],"wp:term":[{"taxonomy":"collection","embeddable":true,"href":"https:\/\/crudo-leather.com\/de\/wp-json\/wp\/v2\/collection?post=2364"},{"taxonomy":"trending_cat","embeddable":true,"href":"https:\/\/crudo-leather.com\/de\/wp-json\/wp\/v2\/trending_cat?post=2364"},{"taxonomy":"product_cat","embeddable":true,"href":"https:\/\/crudo-leather.com\/de\/wp-json\/wp\/v2\/product_cat?post=2364"},{"taxonomy":"product_tag","embeddable":true,"href":"https:\/\/crudo-leather.com\/de\/wp-json\/wp\/v2\/product_tag?post=2364"}],"curies":[{"name":"wp","href":"https:\/\/api.w.org\/{rel}","templated":true}]}}