{"id":2394,"date":"2024-08-01T14:06:52","date_gmt":"2024-08-01T06:06:52","guid":{"rendered":"https:\/\/crudo-leather.com\/product\/crayon-shinchan-uv-printed-customized-leather-short-wallet-saffiano-black\/"},"modified":"2025-10-03T12:09:50","modified_gmt":"2025-10-03T04:09:50","slug":"crayon-shinchan-uv-printed-customized-leather-short-wallet-saffiano-black","status":"publish","type":"product","link":"https:\/\/crudo-leather.com\/de\/product\/crayon-shinchan-uv-printed-customized-leather-short-wallet-saffiano-black\/","title":{"rendered":"Crayon Shinchan Limited Edition UV-Druck personalisierte kurze Leder-Portemonnaie"},"content":{"rendered":"","protected":false},"excerpt":{"rendered":"<p>** Nach Auswahl des Produkts und Klicken auf \"Zum Warenkorb hinzuf\u00fcgen und gestalten\" w\u00e4hlen Sie bitte auf der Gestaltungsseite mindestens ein spezielles Crayon Shinchan-Motiv aus, um die UV-Druckanpassung abzuschlie\u00dfen und das Crayon Shinchan-Geschenkset zu verbessern. ** <\/p>\n\n<p><ins><strong>Crayon Shinchan x Crudo <\/strong><\/ins><\/p>\n\n<p>Die Kombination aus Crudos exklusiver UV-Drucktechnik f\u00fcr individuelle Anpassungen und dem verspielten Image von Crayon Shinchan erm\u00f6glicht es, Shinchan mit hoher Pr\u00e4zision und Detailgenauigkeit auf Leder zu drucken. Dadurch werden die Motive farbenfroher und die Details klarer, wodurch Shinchans niedliches Aussehen perfekt zur Geltung kommt. Dies verleiht Ihren Lederprodukten Leben und macht sie zu einem Teil Ihres Alltags. <\/p>\n\n<p>- Offiziell lizenzierte Crayon Shinchan-Produkte aus Japan <br \/>\n- Bis zu 25 spezielle Crayon Shinchan-Motive zur Auswahl, die zusammen mit Ihrer personalisierten Unterschrift per UV-Druck auf das Lederportemonnaie aufgebracht werden <br \/>\n- Beim Kauf eines limitierten Crayon Shinchan-Lederportemonnaies erhalten Sie ein Crayon Shinchan-Geschenkset mit abtrennbarer Gru\u00dfkarte <br \/>\n- Hergestellt aus 100 % italienischem Vollrindleder (Oberleder) <br \/>\n- Handgeschliffen und -abgerundet <\/p>\n\n<p><strong>Fachaufteilung mit Foto<\/strong><strong>(5CC)<\/strong><br \/>\n- 1 Fotofach & 5 Kreditkartenf\u00e4cher<br \/>\n- 2 Innere Kartenf\u00e4cher (jedes fasst 4 bis 5 Karten)<br \/>\n- 2 Geldscheinf\u00e4cher<br \/>\n- Insgesamt Platz f\u00fcr ca. 13 bis 15 Karten<\/p>\n\n<p><strong>Kartenfachaufteilung<\/strong><strong>(8CC)<\/strong><br \/>\n- 8 Kreditkartenf\u00e4cher<br \/>\n- 2 Innere Kartenf\u00e4cher (jedes fasst 4 bis 5 Karten)<br \/>\n- 2 Geldscheinf\u00e4cher<br \/>\n- Insgesamt Platz f\u00fcr ca. 16 bis 18 Karten<\/p>\n\n<p><strong>Klappfach f\u00fcr M\u00fcnzen<\/strong><br \/>\n- 4 Kreditkartenf\u00e4cher<br \/>\n- 2 Innere Kartenf\u00e4cher (jedes fasst 1 bis 2 Karten)<br \/>\n- 2 Geldscheinf\u00e4cher<br \/>\n- 1 Klappfach f\u00fcr M\u00fcnzen<br \/>\n<strong>- <\/strong>Insgesamt Platz f\u00fcr ca. 6 bis 8 Karten<\/p>\n\n<p><strong>Herstellungszeit und Versanddetails<\/strong><br \/>\n- Jedes Produkt ben\u00f6tigt nur 1-5 Werktage zur Herstellung<br \/>\n- Bei Bestellung heute kann die Sendung bereits morgen verschickt werden<br \/>\n- Ausschlie\u00dflich f\u00fcr Hongkong, Taiwan und Macau erh\u00e4ltlich <\/p>","protected":false},"featured_media":5912,"comment_status":"open","ping_status":"closed","template":"","meta":{"inline_featured_image":false},"collection":[2282],"trending_cat":[],"product_cat":[2373],"product_tag":[101],"class_list":{"0":"post-2394","1":"product","2":"type-product","3":"status-publish","4":"has-post-thumbnail","6":"product_cat-wallets","7":"product_tag-crayon-shinchan","9":"first","10":"instock","11":"sale","12":"shipping-taxable","13":"purchasable","14":"product-type-variable"},"yoast_head":"<!-- This site is optimized with the Yoast SEO plugin v23.4 - https:\/\/yoast.com\/wordpress\/plugins\/seo\/ -->\n<title>Crudo Kuromi Kollektion: Y2K Metallanh\u00e4nger f\u00fcr Dating-Outfits<\/title>\n<meta name=\"description\" content=\"Crudo Kuromi Limited Edition Y2K Dating Outfit Metallanh\u00e4nger. Sanrio lizenziert, hochwertiger UV-Druck, frei kombinierbar mit Schmuck.\" \/>\n<meta name=\"robots\" content=\"index, follow, max-snippet:-1, max-image-preview:large, max-video-preview:-1\" \/>\n<link rel=\"canonical\" href=\"https:\/\/crudo-leather.com\/de\/product\/crayon-shinchan-uv-printed-customized-leather-short-wallet-saffiano-black\/\" \/>\n<meta property=\"og:locale\" content=\"en_US\" \/>\n<meta property=\"og:type\" content=\"article\" \/>\n<meta property=\"og:title\" content=\"Crudo Kuromi Kollektion: Y2K Metallanh\u00e4nger f\u00fcr Dating-Outfits\" \/>\n<meta property=\"og:description\" content=\"Crudo Kuromi Limited Edition Y2K Dating Outfit Metallanh\u00e4nger. Sanrio lizenziert, hochwertiger UV-Druck, frei kombinierbar mit Schmuck.\" \/>\n<meta property=\"og:url\" content=\"https:\/\/crudo-leather.com\/product\/crayon-shinchan-uv-printed-customized-leather-short-wallet-saffiano-black\/\" \/>\n<meta property=\"og:site_name\" content=\"Crudo\" \/>\n<meta property=\"article:modified_time\" content=\"2025-10-03T04:09:50+00:00\" \/>\n<meta property=\"og:image\" content=\"https:\/\/crudo-leather.com\/wp-content\/uploads\/2024\/08\/csc_uv_wbg_swx13blk_a.jpg\" \/>\n\t<meta property=\"og:image:width\" content=\"640\" \/>\n\t<meta property=\"og:image:height\" content=\"640\" \/>\n\t<meta property=\"og:image:type\" content=\"image\/jpeg\" \/>\n<meta name=\"twitter:card\" content=\"summary_large_image\" \/>\n<meta name=\"twitter:label1\" content=\"Est. reading time\" \/>\n\t<meta name=\"twitter:data1\" content=\"1 minute\" \/>\n<script type=\"application\/ld+json\" class=\"yoast-schema-graph\">{\"@context\":\"https:\/\/schema.org\",\"@graph\":[{\"@type\":\"WebPage\",\"@id\":\"https:\/\/crudo-leather.com\/product\/crayon-shinchan-uv-printed-customized-leather-short-wallet-saffiano-black\/\",\"url\":\"https:\/\/crudo-leather.com\/product\/crayon-shinchan-uv-printed-customized-leather-short-wallet-saffiano-black\/\",\"name\":\"Crudo Leather Prestige Collection Offers\",\"isPartOf\":{\"@id\":\"https:\/\/crudo-leather.com\/#website\"},\"primaryImageOfPage\":{\"@id\":\"https:\/\/crudo-leather.com\/product\/crayon-shinchan-uv-printed-customized-leather-short-wallet-saffiano-black\/#primaryimage\"},\"image\":{\"@id\":\"https:\/\/crudo-leather.com\/product\/crayon-shinchan-uv-printed-customized-leather-short-wallet-saffiano-black\/#primaryimage\"},\"thumbnailUrl\":\"https:\/\/crudo-leather.com\/wp-content\/uploads\/2024\/08\/csc_uv_wbg_swx13blk_a.jpg\",\"datePublished\":\"2024-08-01T06:06:52+00:00\",\"dateModified\":\"2025-10-03T04:09:50+00:00\",\"description\":\"Enjoy exclusive offers on Crudo Leather's Prestige Collection. Explore premium Italian leather and exquisite jewelry, limited-time discounts, don't miss out. Shop now!\",\"breadcrumb\":{\"@id\":\"https:\/\/crudo-leather.com\/product\/crayon-shinchan-uv-printed-customized-leather-short-wallet-saffiano-black\/#breadcrumb\"},\"inLanguage\":\"en-US\",\"potentialAction\":[{\"@type\":\"ReadAction\",\"target\":[\"https:\/\/crudo-leather.com\/product\/crayon-shinchan-uv-printed-customized-leather-short-wallet-saffiano-black\/\"]}]},{\"@type\":\"ImageObject\",\"inLanguage\":\"en-US\",\"@id\":\"https:\/\/crudo-leather.com\/product\/crayon-shinchan-uv-printed-customized-leather-short-wallet-saffiano-black\/#primaryimage\",\"url\":\"https:\/\/crudo-leather.com\/wp-content\/uploads\/2024\/08\/csc_uv_wbg_swx13blk_a.jpg\",\"contentUrl\":\"https:\/\/crudo-leather.com\/wp-content\/uploads\/2024\/08\/csc_uv_wbg_swx13blk_a.jpg\",\"width\":640,\"height\":640},{\"@type\":\"BreadcrumbList\",\"@id\":\"https:\/\/crudo-leather.com\/product\/crayon-shinchan-uv-printed-customized-leather-short-wallet-saffiano-black\/#breadcrumb\",\"itemListElement\":[{\"@type\":\"ListItem\",\"position\":1,\"name\":\"Shop\",\"item\":\"https:\/\/crudo-leather.com\/shop\/\"},{\"@type\":\"ListItem\",\"position\":2,\"name\":\"Crayon Shinchan UV Printed Customized Leather Short Wallet\"}]},{\"@type\":\"WebSite\",\"@id\":\"https:\/\/crudo-leather.com\/#website\",\"url\":\"https:\/\/crudo-leather.com\/\",\"name\":\"Crudo\",\"description\":\"\",\"potentialAction\":[{\"@type\":\"SearchAction\",\"target\":{\"@type\":\"EntryPoint\",\"urlTemplate\":\"https:\/\/crudo-leather.com\/?s={search_term_string}\"},\"query-input\":{\"@type\":\"PropertyValueSpecification\",\"valueRequired\":true,\"valueName\":\"search_term_string\"}}],\"inLanguage\":\"en-US\"}]}<\/script>\n<!-- \/ Yoast SEO plugin. -->","yoast_head_json":{"title":"Crudo Kuromi Kollektion: Y2K Metallanh\u00e4nger f\u00fcr Dating-Outfits","description":"Crudo Kuromi Limited Edition Y2K Dating Outfit Metallanh\u00e4nger. Sanrio lizenziert, hochwertiger UV-Druck, frei kombinierbar mit Schmuck.","robots":{"index":"index","follow":"follow","max-snippet":"max-snippet:-1","max-image-preview":"max-image-preview:large","max-video-preview":"max-video-preview:-1"},"canonical":"https:\/\/crudo-leather.com\/de\/product\/crayon-shinchan-uv-printed-customized-leather-short-wallet-saffiano-black\/","og_locale":"en_US","og_type":"article","og_title":"Crudo Kuromi Kollektion: Y2K Metallanh\u00e4nger f\u00fcr Dating-Outfits","og_description":"Crudo Kuromi Limited Edition Y2K Dating Outfit Metallanh\u00e4nger. Sanrio lizenziert, hochwertiger UV-Druck, frei kombinierbar mit Schmuck.","og_url":"https:\/\/crudo-leather.com\/product\/crayon-shinchan-uv-printed-customized-leather-short-wallet-saffiano-black\/","og_site_name":"Crudo","article_modified_time":"2025-10-03T04:09:50+00:00","og_image":[{"width":640,"height":640,"url":"https:\/\/crudo-leather.com\/wp-content\/uploads\/2024\/08\/csc_uv_wbg_swx13blk_a.jpg","type":"image\/jpeg"}],"twitter_card":"summary_large_image","twitter_misc":{"Est. reading time":"1 minute"},"schema":{"@context":"https:\/\/schema.org","@graph":[{"@type":"WebPage","@id":"https:\/\/crudo-leather.com\/product\/crayon-shinchan-uv-printed-customized-leather-short-wallet-saffiano-black\/","url":"https:\/\/crudo-leather.com\/product\/crayon-shinchan-uv-printed-customized-leather-short-wallet-saffiano-black\/","name":"Crudo Leather Prestige Collection Offers","isPartOf":{"@id":"https:\/\/crudo-leather.com\/#website"},"primaryImageOfPage":{"@id":"https:\/\/crudo-leather.com\/product\/crayon-shinchan-uv-printed-customized-leather-short-wallet-saffiano-black\/#primaryimage"},"image":{"@id":"https:\/\/crudo-leather.com\/product\/crayon-shinchan-uv-printed-customized-leather-short-wallet-saffiano-black\/#primaryimage"},"thumbnailUrl":"https:\/\/crudo-leather.com\/wp-content\/uploads\/2024\/08\/csc_uv_wbg_swx13blk_a.jpg","datePublished":"2024-08-01T06:06:52+00:00","dateModified":"2025-10-03T04:09:50+00:00","description":"Enjoy exclusive offers on Crudo Leather's Prestige Collection. Explore premium Italian leather and exquisite jewelry, limited-time discounts, don't miss out. Shop now!","breadcrumb":{"@id":"https:\/\/crudo-leather.com\/product\/crayon-shinchan-uv-printed-customized-leather-short-wallet-saffiano-black\/#breadcrumb"},"inLanguage":"en-US","potentialAction":[{"@type":"ReadAction","target":["https:\/\/crudo-leather.com\/product\/crayon-shinchan-uv-printed-customized-leather-short-wallet-saffiano-black\/"]}]},{"@type":"ImageObject","inLanguage":"en-US","@id":"https:\/\/crudo-leather.com\/product\/crayon-shinchan-uv-printed-customized-leather-short-wallet-saffiano-black\/#primaryimage","url":"https:\/\/crudo-leather.com\/wp-content\/uploads\/2024\/08\/csc_uv_wbg_swx13blk_a.jpg","contentUrl":"https:\/\/crudo-leather.com\/wp-content\/uploads\/2024\/08\/csc_uv_wbg_swx13blk_a.jpg","width":640,"height":640},{"@type":"BreadcrumbList","@id":"https:\/\/crudo-leather.com\/product\/crayon-shinchan-uv-printed-customized-leather-short-wallet-saffiano-black\/#breadcrumb","itemListElement":[{"@type":"ListItem","position":1,"name":"Shop","item":"https:\/\/crudo-leather.com\/shop\/"},{"@type":"ListItem","position":2,"name":"Crayon Shinchan UV Printed Customized Leather Short Wallet"}]},{"@type":"WebSite","@id":"https:\/\/crudo-leather.com\/#website","url":"https:\/\/crudo-leather.com\/","name":"Crudo","description":"","potentialAction":[{"@type":"SearchAction","target":{"@type":"EntryPoint","urlTemplate":"https:\/\/crudo-leather.com\/?s={search_term_string}"},"query-input":{"@type":"PropertyValueSpecification","valueRequired":true,"valueName":"search_term_string"}}],"inLanguage":"en-US"}]}},"_links":{"self":[{"href":"https:\/\/crudo-leather.com\/de\/wp-json\/wp\/v2\/product\/2394"}],"collection":[{"href":"https:\/\/crudo-leather.com\/de\/wp-json\/wp\/v2\/product"}],"about":[{"href":"https:\/\/crudo-leather.com\/de\/wp-json\/wp\/v2\/types\/product"}],"replies":[{"embeddable":true,"href":"https:\/\/crudo-leather.com\/de\/wp-json\/wp\/v2\/comments?post=2394"}],"wp:featuredmedia":[{"embeddable":true,"href":"https:\/\/crudo-leather.com\/de\/wp-json\/wp\/v2\/media\/5912"}],"wp:attachment":[{"href":"https:\/\/crudo-leather.com\/de\/wp-json\/wp\/v2\/media?parent=2394"}],"wp:term":[{"taxonomy":"collection","embeddable":true,"href":"https:\/\/crudo-leather.com\/de\/wp-json\/wp\/v2\/collection?post=2394"},{"taxonomy":"trending_cat","embeddable":true,"href":"https:\/\/crudo-leather.com\/de\/wp-json\/wp\/v2\/trending_cat?post=2394"},{"taxonomy":"product_cat","embeddable":true,"href":"https:\/\/crudo-leather.com\/de\/wp-json\/wp\/v2\/product_cat?post=2394"},{"taxonomy":"product_tag","embeddable":true,"href":"https:\/\/crudo-leather.com\/de\/wp-json\/wp\/v2\/product_tag?post=2394"}],"curies":[{"name":"wp","href":"https:\/\/api.w.org\/{rel}","templated":true}]}}