{"id":2395,"date":"2024-08-01T14:06:54","date_gmt":"2024-08-01T06:06:54","guid":{"rendered":"https:\/\/crudo-leather.com\/product\/crayon-shinchan-uv-printed-customized-leather-short-wallet-saffiano-blue\/"},"modified":"2026-01-05T17:54:24","modified_gmt":"2026-01-05T09:54:24","slug":"crayon-shinchan-uv-printed-customized-leather-short-wallet-saffiano-blue","status":"publish","type":"product","link":"https:\/\/crudo-leather.com\/de\/product\/crayon-shinchan-uv-printed-customized-leather-short-wallet-saffiano-blue\/","title":{"rendered":"Crayon Shinchan Limited Edition UV-Druck personalisiertes kurzes Lederportemonnaie"},"content":{"rendered":"","protected":false},"excerpt":{"rendered":"<p>** Nach Auswahl des Produkts und Klicken auf \"Zum Warenkorb hinzuf\u00fcgen und gestalten\" w\u00e4hlen Sie bitte auf der Gestaltungsseite mindestens ein spezielles Muster aus der Crayon Shinchan-Serie aus, um die UV-Druckanpassung abzuschlie\u00dfen und das Crayon Shinchan-Geschenkset zu verbessern. **\u00a0<\/p>\n\n<p><ins><strong>Crayon Shinchan x Crudo\u00a0<\/strong><\/ins><\/p>\n\n<p>Kombinieren Sie Crudos exklusive UV-Drucktechnik f\u00fcr individuelle Anpassungen mit dem verspielten Image von Crayon Shinchan. Shinchan wird mit hoher Pr\u00e4zision und Detailgenauigkeit auf das Leder gedruckt, sodass das Muster lebendiger und die Details klarer werden. So wird Shinchans niedliches Aussehen perfekt pr\u00e4sentiert und verleiht Ihren Lederprodukten Leben, sodass sie Teil Ihres Alltags werden.\u00a0<\/p>\n\n<p>- Offiziell lizenzierte Crayon Shinchan-Produkte aus Japan\u00a0<br \/>\n-\u00a0Bis zu 25 spezielle Muster der Crayon Shinchan-Serie zur Auswahl, die zusammen mit Ihrer personalisierten Unterschrift per UV-Druck auf das Lederportemonnaie aufgebracht werden \u00a0<br \/>\n-\u00a0Beim Kauf einer limitierten Edition des Crayon Shinchan-Lederportemonnaies erhalten Sie ein Crayon Shinchan-Geschenkset mit einer abziehbaren Gru\u00dfkarte\u00a0\u00a0<br \/>\n-\u00a0Hergestellt aus 100 % italienischem Vollrindleder\u00a0<br \/>\n-\u00a0Handgeschliffen und -abgerundet\u00a0<\/p>\n\n<p><strong>Fachaufteilung<\/strong><strong>(5CC)<\/strong><br \/>\n- 1 Foto-Fach &amp; 5 Kreditkarten-F\u00e4cher<br \/>\n- 2 Innentaschen (jede kann 4 bis 5 Karten aufnehmen)<br \/>\n- 2 Geldschein-F\u00e4cher<br \/>\n- Insgesamt Platz f\u00fcr ca. 13 bis 15 Karten<\/p>\n\n<p><strong>Kartenfachaufteilung<\/strong><strong>(8CC)<\/strong><br \/>\n- 8 Kreditkarten-F\u00e4cher<br \/>\n- 2 Innentaschen (jede kann 4 bis 5 Karten aufnehmen)<br \/>\n- 2 Geldschein-F\u00e4cher<br \/>\n- Insgesamt Platz f\u00fcr ca. 16 bis 18 Karten<\/p>\n\n<p><strong>Klapp-M\u00fcnzfach<\/strong><br \/>\n- 4 Kreditkarten-F\u00e4cher<br \/>\n- 2 Innentaschen (jede kann 1 bis 2 Karten aufnehmen)<br \/>\n- 2 Geldschein-F\u00e4cher<br \/>\n- 1 Klapp-M\u00fcnzbeutel<br \/>\n<strong>- <\/strong>Insgesamt Platz f\u00fcr ca. 6 bis 8 Karten<\/p>\n\n<p><strong>Herstellungszeit und Versanddetails<\/strong><br \/>\n-\u00a0Jedes Produkt ben\u00f6tigt nur 1-5 Werktage zur Fertigstellung<br \/>\n-\u00a0Bei Bestellung heute kann es bereits morgen versendet werden<br \/>\n-\u00a0Nur in Hongkong, Taiwan und Macau erh\u00e4ltlich\u00a0<\/p>","protected":false},"featured_media":5921,"comment_status":"open","ping_status":"closed","template":"","meta":{"inline_featured_image":false},"collection":[2282],"trending_cat":[2392],"product_cat":[2373],"product_tag":[101],"class_list":{"0":"post-2395","1":"product","2":"type-product","3":"status-publish","4":"has-post-thumbnail","6":"trending_cat-senzaltro-leahter-wallet","7":"product_cat-wallets","8":"product_tag-crayon-shinchan","10":"first","11":"instock","12":"sale","13":"shipping-taxable","14":"purchasable","15":"product-type-variable"},"yoast_head":"<!-- This site is optimized with the Yoast SEO plugin v23.4 - https:\/\/yoast.com\/wordpress\/plugins\/seo\/ -->\n<title>Crudo Kuromi-Kooperation: Metalldogtag der Raserbande<\/title>\n<meta name=\"description\" content=\"Crudo Kuromi Limited Edition B\u014ds\u014dzoku Metallanh\u00e4nger. Sanrio-lizenziert, mit hochwertigem UV-Druck, frei kombinierbar mit Schmuck.\" \/>\n<meta name=\"robots\" content=\"index, follow, max-snippet:-1, max-image-preview:large, max-video-preview:-1\" \/>\n<link rel=\"canonical\" href=\"https:\/\/crudo-leather.com\/de\/product\/crayon-shinchan-uv-printed-customized-leather-short-wallet-saffiano-blue\/\" \/>\n<meta property=\"og:locale\" content=\"en_US\" \/>\n<meta property=\"og:type\" content=\"article\" \/>\n<meta property=\"og:title\" content=\"Crudo Kuromi-Kooperation: Metalldogtag der Raserbande\" \/>\n<meta property=\"og:description\" content=\"Crudo Kuromi Limited Edition B\u014ds\u014dzoku Metallanh\u00e4nger. Sanrio-lizenziert, mit hochwertigem UV-Druck, frei kombinierbar mit Schmuck.\" \/>\n<meta property=\"og:url\" content=\"https:\/\/crudo-leather.com\/product\/crayon-shinchan-uv-printed-customized-leather-short-wallet-saffiano-blue\/\" \/>\n<meta property=\"og:site_name\" content=\"Crudo\" \/>\n<meta property=\"article:modified_time\" content=\"2026-01-05T09:54:24+00:00\" \/>\n<meta property=\"og:image\" content=\"https:\/\/crudo-leather.com\/wp-content\/uploads\/2024\/08\/csc_uv_wbg_swx13ble_a.jpg\" \/>\n\t<meta property=\"og:image:width\" content=\"640\" \/>\n\t<meta property=\"og:image:height\" content=\"640\" \/>\n\t<meta property=\"og:image:type\" content=\"image\/jpeg\" \/>\n<meta name=\"twitter:card\" content=\"summary_large_image\" \/>\n<meta name=\"twitter:label1\" content=\"Est. reading time\" \/>\n\t<meta name=\"twitter:data1\" content=\"1 minute\" \/>\n<script type=\"application\/ld+json\" class=\"yoast-schema-graph\">{\"@context\":\"https:\/\/schema.org\",\"@graph\":[{\"@type\":\"WebPage\",\"@id\":\"https:\/\/crudo-leather.com\/product\/crayon-shinchan-uv-printed-customized-leather-short-wallet-saffiano-blue\/\",\"url\":\"https:\/\/crudo-leather.com\/product\/crayon-shinchan-uv-printed-customized-leather-short-wallet-saffiano-blue\/\",\"name\":\"Crudo Leather Featured Collections\",\"isPartOf\":{\"@id\":\"https:\/\/crudo-leather.com\/#website\"},\"primaryImageOfPage\":{\"@id\":\"https:\/\/crudo-leather.com\/product\/crayon-shinchan-uv-printed-customized-leather-short-wallet-saffiano-blue\/#primaryimage\"},\"image\":{\"@id\":\"https:\/\/crudo-leather.com\/product\/crayon-shinchan-uv-printed-customized-leather-short-wallet-saffiano-blue\/#primaryimage\"},\"thumbnailUrl\":\"https:\/\/crudo-leather.com\/wp-content\/uploads\/2024\/08\/csc_uv_wbg_swx13ble_a.jpg\",\"datePublished\":\"2024-08-01T06:06:54+00:00\",\"dateModified\":\"2026-01-05T09:54:24+00:00\",\"description\":\"Explore Crudo Leather's exclusive featured collections. From classic designs to collaborative works, find your perfect Italian leather and jewelry accessories.\",\"breadcrumb\":{\"@id\":\"https:\/\/crudo-leather.com\/product\/crayon-shinchan-uv-printed-customized-leather-short-wallet-saffiano-blue\/#breadcrumb\"},\"inLanguage\":\"en-US\",\"potentialAction\":[{\"@type\":\"ReadAction\",\"target\":[\"https:\/\/crudo-leather.com\/product\/crayon-shinchan-uv-printed-customized-leather-short-wallet-saffiano-blue\/\"]}]},{\"@type\":\"ImageObject\",\"inLanguage\":\"en-US\",\"@id\":\"https:\/\/crudo-leather.com\/product\/crayon-shinchan-uv-printed-customized-leather-short-wallet-saffiano-blue\/#primaryimage\",\"url\":\"https:\/\/crudo-leather.com\/wp-content\/uploads\/2024\/08\/csc_uv_wbg_swx13ble_a.jpg\",\"contentUrl\":\"https:\/\/crudo-leather.com\/wp-content\/uploads\/2024\/08\/csc_uv_wbg_swx13ble_a.jpg\",\"width\":640,\"height\":640},{\"@type\":\"BreadcrumbList\",\"@id\":\"https:\/\/crudo-leather.com\/product\/crayon-shinchan-uv-printed-customized-leather-short-wallet-saffiano-blue\/#breadcrumb\",\"itemListElement\":[{\"@type\":\"ListItem\",\"position\":1,\"name\":\"Shop\",\"item\":\"https:\/\/crudo-leather.com\/shop\/\"},{\"@type\":\"ListItem\",\"position\":2,\"name\":\"Crayon Shinchan UV Printed Customized Leather Short Wallet\"}]},{\"@type\":\"WebSite\",\"@id\":\"https:\/\/crudo-leather.com\/#website\",\"url\":\"https:\/\/crudo-leather.com\/\",\"name\":\"Crudo\",\"description\":\"\",\"potentialAction\":[{\"@type\":\"SearchAction\",\"target\":{\"@type\":\"EntryPoint\",\"urlTemplate\":\"https:\/\/crudo-leather.com\/?s={search_term_string}\"},\"query-input\":{\"@type\":\"PropertyValueSpecification\",\"valueRequired\":true,\"valueName\":\"search_term_string\"}}],\"inLanguage\":\"en-US\"}]}<\/script>\n<!-- \/ Yoast SEO plugin. -->","yoast_head_json":{"title":"Crudo Kuromi-Kooperation: Metalldogtag der Raserbande","description":"Crudo Kuromi Limited Edition B\u014ds\u014dzoku Metallanh\u00e4nger. Sanrio-lizenziert, mit hochwertigem UV-Druck, frei kombinierbar mit Schmuck.","robots":{"index":"index","follow":"follow","max-snippet":"max-snippet:-1","max-image-preview":"max-image-preview:large","max-video-preview":"max-video-preview:-1"},"canonical":"https:\/\/crudo-leather.com\/de\/product\/crayon-shinchan-uv-printed-customized-leather-short-wallet-saffiano-blue\/","og_locale":"en_US","og_type":"article","og_title":"Crudo Kuromi-Kooperation: Metalldogtag der Raserbande","og_description":"Crudo Kuromi Limited Edition B\u014ds\u014dzoku Metallanh\u00e4nger. Sanrio-lizenziert, mit hochwertigem UV-Druck, frei kombinierbar mit Schmuck.","og_url":"https:\/\/crudo-leather.com\/product\/crayon-shinchan-uv-printed-customized-leather-short-wallet-saffiano-blue\/","og_site_name":"Crudo","article_modified_time":"2026-01-05T09:54:24+00:00","og_image":[{"width":640,"height":640,"url":"https:\/\/crudo-leather.com\/wp-content\/uploads\/2024\/08\/csc_uv_wbg_swx13ble_a.jpg","type":"image\/jpeg"}],"twitter_card":"summary_large_image","twitter_misc":{"Est. reading time":"1 minute"},"schema":{"@context":"https:\/\/schema.org","@graph":[{"@type":"WebPage","@id":"https:\/\/crudo-leather.com\/product\/crayon-shinchan-uv-printed-customized-leather-short-wallet-saffiano-blue\/","url":"https:\/\/crudo-leather.com\/product\/crayon-shinchan-uv-printed-customized-leather-short-wallet-saffiano-blue\/","name":"Crudo Leather Featured Collections","isPartOf":{"@id":"https:\/\/crudo-leather.com\/#website"},"primaryImageOfPage":{"@id":"https:\/\/crudo-leather.com\/product\/crayon-shinchan-uv-printed-customized-leather-short-wallet-saffiano-blue\/#primaryimage"},"image":{"@id":"https:\/\/crudo-leather.com\/product\/crayon-shinchan-uv-printed-customized-leather-short-wallet-saffiano-blue\/#primaryimage"},"thumbnailUrl":"https:\/\/crudo-leather.com\/wp-content\/uploads\/2024\/08\/csc_uv_wbg_swx13ble_a.jpg","datePublished":"2024-08-01T06:06:54+00:00","dateModified":"2026-01-05T09:54:24+00:00","description":"Explore Crudo Leather's exclusive featured collections. From classic designs to collaborative works, find your perfect Italian leather and jewelry accessories.","breadcrumb":{"@id":"https:\/\/crudo-leather.com\/product\/crayon-shinchan-uv-printed-customized-leather-short-wallet-saffiano-blue\/#breadcrumb"},"inLanguage":"en-US","potentialAction":[{"@type":"ReadAction","target":["https:\/\/crudo-leather.com\/product\/crayon-shinchan-uv-printed-customized-leather-short-wallet-saffiano-blue\/"]}]},{"@type":"ImageObject","inLanguage":"en-US","@id":"https:\/\/crudo-leather.com\/product\/crayon-shinchan-uv-printed-customized-leather-short-wallet-saffiano-blue\/#primaryimage","url":"https:\/\/crudo-leather.com\/wp-content\/uploads\/2024\/08\/csc_uv_wbg_swx13ble_a.jpg","contentUrl":"https:\/\/crudo-leather.com\/wp-content\/uploads\/2024\/08\/csc_uv_wbg_swx13ble_a.jpg","width":640,"height":640},{"@type":"BreadcrumbList","@id":"https:\/\/crudo-leather.com\/product\/crayon-shinchan-uv-printed-customized-leather-short-wallet-saffiano-blue\/#breadcrumb","itemListElement":[{"@type":"ListItem","position":1,"name":"Shop","item":"https:\/\/crudo-leather.com\/shop\/"},{"@type":"ListItem","position":2,"name":"Crayon Shinchan UV Printed Customized Leather Short Wallet"}]},{"@type":"WebSite","@id":"https:\/\/crudo-leather.com\/#website","url":"https:\/\/crudo-leather.com\/","name":"Crudo","description":"","potentialAction":[{"@type":"SearchAction","target":{"@type":"EntryPoint","urlTemplate":"https:\/\/crudo-leather.com\/?s={search_term_string}"},"query-input":{"@type":"PropertyValueSpecification","valueRequired":true,"valueName":"search_term_string"}}],"inLanguage":"en-US"}]}},"_links":{"self":[{"href":"https:\/\/crudo-leather.com\/de\/wp-json\/wp\/v2\/product\/2395"}],"collection":[{"href":"https:\/\/crudo-leather.com\/de\/wp-json\/wp\/v2\/product"}],"about":[{"href":"https:\/\/crudo-leather.com\/de\/wp-json\/wp\/v2\/types\/product"}],"replies":[{"embeddable":true,"href":"https:\/\/crudo-leather.com\/de\/wp-json\/wp\/v2\/comments?post=2395"}],"wp:featuredmedia":[{"embeddable":true,"href":"https:\/\/crudo-leather.com\/de\/wp-json\/wp\/v2\/media\/5921"}],"wp:attachment":[{"href":"https:\/\/crudo-leather.com\/de\/wp-json\/wp\/v2\/media?parent=2395"}],"wp:term":[{"taxonomy":"collection","embeddable":true,"href":"https:\/\/crudo-leather.com\/de\/wp-json\/wp\/v2\/collection?post=2395"},{"taxonomy":"trending_cat","embeddable":true,"href":"https:\/\/crudo-leather.com\/de\/wp-json\/wp\/v2\/trending_cat?post=2395"},{"taxonomy":"product_cat","embeddable":true,"href":"https:\/\/crudo-leather.com\/de\/wp-json\/wp\/v2\/product_cat?post=2395"},{"taxonomy":"product_tag","embeddable":true,"href":"https:\/\/crudo-leather.com\/de\/wp-json\/wp\/v2\/product_tag?post=2395"}],"curies":[{"name":"wp","href":"https:\/\/api.w.org\/{rel}","templated":true}]}}