{"id":2396,"date":"2024-08-01T14:06:55","date_gmt":"2024-08-01T06:06:55","guid":{"rendered":"https:\/\/crudo-leather.com\/product\/sanrio-characters-uv-prinited-customized-leather-badge-holder-saffiano-black\/"},"modified":"2026-01-05T18:05:17","modified_gmt":"2026-01-05T10:05:17","slug":"sanrio-characters-uv-prinited-customized-leather-badge-holder-saffiano-black","status":"publish","type":"product","link":"https:\/\/crudo-leather.com\/de\/product\/sanrio-characters-uv-prinited-customized-leather-badge-holder-saffiano-black\/","title":{"rendered":"Sanrio Charaktere Limited Edition UV-Druck personalisierter Lederausweishalter"},"content":{"rendered":"","protected":false},"excerpt":{"rendered":"** Nachdem Sie ein Produkt ausgew\u00e4hlt und auf \"Zum Warenkorb hinzuf\u00fcgen und gestalten\" geklickt haben, w\u00e4hlen Sie bitte auf der Gestaltungsseite mindestens ein spezielles Motiv aus der Sanrio Charaktere Kollektion aus, um die UV-Druckanpassung abzuschlie\u00dfen und das Sanrio Charaktere Geschenkset zu verbessern.**\n\n<ins><strong>Sanrio Charaktere x Crudo<\/strong><\/ins>\nDie klassischen beliebten japanischen Charaktere Sanrio Charaktere sind da! In der Crudo x Sanrio Kollektion treten die niedlichen Charaktere Hello Kitty, Kuromi, Cinnamoroll und Pompompurin in Shiba Inu-Form auf. Durch das exklusive Crudo-Anpassungsverfahren mit UV-Druck werden die niedlichen Sanrio Charaktere mit hoher Pr\u00e4zision und Detailgenauigkeit auf das Leder gedruckt, sodass Ihre Lederaccessoires sowohl stilvoll als auch niedlich sind.\n\n-   Offiziell lizenzierte Sanrio-Produkte\n-   Bis zu 17 spezielle Motive der Sanrio Charaktere Kollektion zur Auswahl, die zusammen mit Ihrer personalisierten Unterschrift per UV-Druck auf dem Leder-Kartenhalter gedruckt werden\n-   Beim Kauf einer limitierten Edition des Leder-Kartenhalters mit Sanrio Charakteren erhalten Sie ein Sanrio Charaktere Geschenkset mit abl\u00f6sbarer Gru\u00dfkarte\n-   Hergestellt aus 100 % italienischem Kreuznarben-Vollrindleder\n-   Handgen\u00e4hte Ziern\u00e4hte, geschliffen und abgerundet\n\n<strong>F\u00e4cher : <\/strong>\n-   Sechs Kartenf\u00e4cher, ein Geldscheinfach\n-   Platz f\u00fcr f\u00fcnf bis sieben Karten und Geldscheine\n\n<strong>Produktionszeit und Versanddetails<\/strong>\n- Jedes Produkt ben\u00f6tigt nur 1-5 Werktage zur Fertigstellung\n- Bei Bestellung heute kann es bereits morgen versendet werden\n- Nur in Hongkong, Macau, Festlandchina, Japan, S\u00fcdkorea und S\u00fcdamerika (au\u00dfer Panama) erh\u00e4ltlich","protected":false},"featured_media":5930,"comment_status":"open","ping_status":"closed","template":"","meta":{"inline_featured_image":false},"collection":[2273],"trending_cat":[],"product_cat":[21],"product_tag":[2404],"class_list":{"0":"post-2396","1":"product","2":"type-product","3":"status-publish","4":"has-post-thumbnail","6":"product_cat-small-leather-goods","7":"product_tag-sanrio-shiba-inu","9":"first","10":"instock","11":"sale","12":"shipping-taxable","13":"purchasable","14":"product-type-variable"},"yoast_head":"<!-- This site is optimized with the Yoast SEO plugin v23.4 - https:\/\/yoast.com\/wordpress\/plugins\/seo\/ -->\n<title>Sanrio Charaktere UV-bedruckte Lederausweish\u00fclle Saffiano Schwarz<\/title>\n<meta name=\"description\" content=\"Crudo x Sanrio Charaktere Limited Edition! UV-gedruckte personalisierte Lederausweish\u00fclle, Saffiano Schwarz. Offiziell lizenziert, mehrere Charaktere zur Auswahl, handgefertigt.\" \/>\n<meta name=\"robots\" content=\"index, follow, max-snippet:-1, max-image-preview:large, max-video-preview:-1\" \/>\n<link rel=\"canonical\" href=\"https:\/\/crudo-leather.com\/de\/product\/sanrio-characters-uv-prinited-customized-leather-badge-holder-saffiano-black\/\" \/>\n<meta property=\"og:locale\" content=\"en_US\" \/>\n<meta property=\"og:type\" content=\"article\" \/>\n<meta property=\"og:title\" content=\"Sanrio Charaktere UV-bedruckte Lederausweish\u00fclle Saffiano Schwarz\" \/>\n<meta property=\"og:description\" content=\"Crudo x Sanrio Charaktere Limited Edition! UV-gedruckte personalisierte Lederausweish\u00fclle, Saffiano Schwarz. Offiziell lizenziert, mehrere Charaktere zur Auswahl, handgefertigt.\" \/>\n<meta property=\"og:url\" content=\"https:\/\/crudo-leather.com\/product\/sanrio-characters-uv-prinited-customized-leather-badge-holder-saffiano-black\/\" \/>\n<meta property=\"og:site_name\" content=\"Crudo\" \/>\n<meta property=\"article:modified_time\" content=\"2026-01-05T10:05:17+00:00\" \/>\n<meta property=\"og:image\" content=\"https:\/\/crudo-leather.com\/wp-content\/uploads\/2024\/08\/shiba_uv_wbg_wph13saoblk_b-1.jpg\" \/>\n\t<meta property=\"og:image:width\" content=\"2000\" \/>\n\t<meta property=\"og:image:height\" content=\"2000\" \/>\n\t<meta property=\"og:image:type\" content=\"image\/jpeg\" \/>\n<meta name=\"twitter:card\" content=\"summary_large_image\" \/>\n<meta name=\"twitter:label1\" content=\"Est. reading time\" \/>\n\t<meta name=\"twitter:data1\" content=\"1 minute\" \/>\n<script type=\"application\/ld+json\" class=\"yoast-schema-graph\">{\"@context\":\"https:\/\/schema.org\",\"@graph\":[{\"@type\":\"WebPage\",\"@id\":\"https:\/\/crudo-leather.com\/product\/sanrio-characters-uv-prinited-customized-leather-badge-holder-saffiano-black\/\",\"url\":\"https:\/\/crudo-leather.com\/product\/sanrio-characters-uv-prinited-customized-leather-badge-holder-saffiano-black\/\",\"name\":\"Sanrio Characters UV Printed Leather Badge Holder - Saffiano Black\",\"isPartOf\":{\"@id\":\"https:\/\/crudo-leather.com\/#website\"},\"primaryImageOfPage\":{\"@id\":\"https:\/\/crudo-leather.com\/product\/sanrio-characters-uv-prinited-customized-leather-badge-holder-saffiano-black\/#primaryimage\"},\"image\":{\"@id\":\"https:\/\/crudo-leather.com\/product\/sanrio-characters-uv-prinited-customized-leather-badge-holder-saffiano-black\/#primaryimage\"},\"thumbnailUrl\":\"https:\/\/crudo-leather.com\/wp-content\/uploads\/2024\/08\/shiba_uv_wbg_wph13saoblk_b-1.jpg\",\"datePublished\":\"2024-08-01T06:06:55+00:00\",\"dateModified\":\"2026-01-05T10:05:17+00:00\",\"description\":\"Explore officially licensed Sanrio Characters UV printed leather badge holder. Saffiano black, multi-functional design. Free engraving & luxury gift box. Ideal for daily or office use. Shop now!\",\"breadcrumb\":{\"@id\":\"https:\/\/crudo-leather.com\/product\/sanrio-characters-uv-prinited-customized-leather-badge-holder-saffiano-black\/#breadcrumb\"},\"inLanguage\":\"en-US\",\"potentialAction\":[{\"@type\":\"ReadAction\",\"target\":[\"https:\/\/crudo-leather.com\/product\/sanrio-characters-uv-prinited-customized-leather-badge-holder-saffiano-black\/\"]}]},{\"@type\":\"ImageObject\",\"inLanguage\":\"en-US\",\"@id\":\"https:\/\/crudo-leather.com\/product\/sanrio-characters-uv-prinited-customized-leather-badge-holder-saffiano-black\/#primaryimage\",\"url\":\"https:\/\/crudo-leather.com\/wp-content\/uploads\/2024\/08\/shiba_uv_wbg_wph13saoblk_b-1.jpg\",\"contentUrl\":\"https:\/\/crudo-leather.com\/wp-content\/uploads\/2024\/08\/shiba_uv_wbg_wph13saoblk_b-1.jpg\",\"width\":2000,\"height\":2000},{\"@type\":\"BreadcrumbList\",\"@id\":\"https:\/\/crudo-leather.com\/product\/sanrio-characters-uv-prinited-customized-leather-badge-holder-saffiano-black\/#breadcrumb\",\"itemListElement\":[{\"@type\":\"ListItem\",\"position\":1,\"name\":\"Shop\",\"item\":\"https:\/\/crudo-leather.com\/shop\/\"},{\"@type\":\"ListItem\",\"position\":2,\"name\":\"Sanrio Characters UV Prinited Customized Leather Badge Holder\"}]},{\"@type\":\"WebSite\",\"@id\":\"https:\/\/crudo-leather.com\/#website\",\"url\":\"https:\/\/crudo-leather.com\/\",\"name\":\"Crudo\",\"description\":\"\",\"potentialAction\":[{\"@type\":\"SearchAction\",\"target\":{\"@type\":\"EntryPoint\",\"urlTemplate\":\"https:\/\/crudo-leather.com\/?s={search_term_string}\"},\"query-input\":{\"@type\":\"PropertyValueSpecification\",\"valueRequired\":true,\"valueName\":\"search_term_string\"}}],\"inLanguage\":\"en-US\"}]}<\/script>\n<!-- \/ Yoast SEO plugin. -->","yoast_head_json":{"title":"Sanrio Charaktere UV-bedruckte Lederausweish\u00fclle Saffiano Schwarz","description":"Crudo x Sanrio Charaktere Limited Edition! UV-gedruckte personalisierte Lederausweish\u00fclle, Saffiano Schwarz. Offiziell lizenziert, mehrere Charaktere zur Auswahl, handgefertigt.","robots":{"index":"index","follow":"follow","max-snippet":"max-snippet:-1","max-image-preview":"max-image-preview:large","max-video-preview":"max-video-preview:-1"},"canonical":"https:\/\/crudo-leather.com\/de\/product\/sanrio-characters-uv-prinited-customized-leather-badge-holder-saffiano-black\/","og_locale":"en_US","og_type":"article","og_title":"Sanrio Charaktere UV-bedruckte Lederausweish\u00fclle Saffiano Schwarz","og_description":"Crudo x Sanrio Charaktere Limited Edition! UV-gedruckte personalisierte Lederausweish\u00fclle, Saffiano Schwarz. Offiziell lizenziert, mehrere Charaktere zur Auswahl, handgefertigt.","og_url":"https:\/\/crudo-leather.com\/product\/sanrio-characters-uv-prinited-customized-leather-badge-holder-saffiano-black\/","og_site_name":"Crudo","article_modified_time":"2026-01-05T10:05:17+00:00","og_image":[{"width":2000,"height":2000,"url":"https:\/\/crudo-leather.com\/wp-content\/uploads\/2024\/08\/shiba_uv_wbg_wph13saoblk_b-1.jpg","type":"image\/jpeg"}],"twitter_card":"summary_large_image","twitter_misc":{"Est. reading time":"1 minute"},"schema":{"@context":"https:\/\/schema.org","@graph":[{"@type":"WebPage","@id":"https:\/\/crudo-leather.com\/product\/sanrio-characters-uv-prinited-customized-leather-badge-holder-saffiano-black\/","url":"https:\/\/crudo-leather.com\/product\/sanrio-characters-uv-prinited-customized-leather-badge-holder-saffiano-black\/","name":"Sanrio Characters UV Printed Leather Badge Holder - Saffiano Black","isPartOf":{"@id":"https:\/\/crudo-leather.com\/#website"},"primaryImageOfPage":{"@id":"https:\/\/crudo-leather.com\/product\/sanrio-characters-uv-prinited-customized-leather-badge-holder-saffiano-black\/#primaryimage"},"image":{"@id":"https:\/\/crudo-leather.com\/product\/sanrio-characters-uv-prinited-customized-leather-badge-holder-saffiano-black\/#primaryimage"},"thumbnailUrl":"https:\/\/crudo-leather.com\/wp-content\/uploads\/2024\/08\/shiba_uv_wbg_wph13saoblk_b-1.jpg","datePublished":"2024-08-01T06:06:55+00:00","dateModified":"2026-01-05T10:05:17+00:00","description":"Explore officially licensed Sanrio Characters UV printed leather badge holder. Saffiano black, multi-functional design. Free engraving & luxury gift box. Ideal for daily or office use. Shop now!","breadcrumb":{"@id":"https:\/\/crudo-leather.com\/product\/sanrio-characters-uv-prinited-customized-leather-badge-holder-saffiano-black\/#breadcrumb"},"inLanguage":"en-US","potentialAction":[{"@type":"ReadAction","target":["https:\/\/crudo-leather.com\/product\/sanrio-characters-uv-prinited-customized-leather-badge-holder-saffiano-black\/"]}]},{"@type":"ImageObject","inLanguage":"en-US","@id":"https:\/\/crudo-leather.com\/product\/sanrio-characters-uv-prinited-customized-leather-badge-holder-saffiano-black\/#primaryimage","url":"https:\/\/crudo-leather.com\/wp-content\/uploads\/2024\/08\/shiba_uv_wbg_wph13saoblk_b-1.jpg","contentUrl":"https:\/\/crudo-leather.com\/wp-content\/uploads\/2024\/08\/shiba_uv_wbg_wph13saoblk_b-1.jpg","width":2000,"height":2000},{"@type":"BreadcrumbList","@id":"https:\/\/crudo-leather.com\/product\/sanrio-characters-uv-prinited-customized-leather-badge-holder-saffiano-black\/#breadcrumb","itemListElement":[{"@type":"ListItem","position":1,"name":"Shop","item":"https:\/\/crudo-leather.com\/shop\/"},{"@type":"ListItem","position":2,"name":"Sanrio Characters UV Prinited Customized Leather Badge Holder"}]},{"@type":"WebSite","@id":"https:\/\/crudo-leather.com\/#website","url":"https:\/\/crudo-leather.com\/","name":"Crudo","description":"","potentialAction":[{"@type":"SearchAction","target":{"@type":"EntryPoint","urlTemplate":"https:\/\/crudo-leather.com\/?s={search_term_string}"},"query-input":{"@type":"PropertyValueSpecification","valueRequired":true,"valueName":"search_term_string"}}],"inLanguage":"en-US"}]}},"_links":{"self":[{"href":"https:\/\/crudo-leather.com\/de\/wp-json\/wp\/v2\/product\/2396"}],"collection":[{"href":"https:\/\/crudo-leather.com\/de\/wp-json\/wp\/v2\/product"}],"about":[{"href":"https:\/\/crudo-leather.com\/de\/wp-json\/wp\/v2\/types\/product"}],"replies":[{"embeddable":true,"href":"https:\/\/crudo-leather.com\/de\/wp-json\/wp\/v2\/comments?post=2396"}],"wp:featuredmedia":[{"embeddable":true,"href":"https:\/\/crudo-leather.com\/de\/wp-json\/wp\/v2\/media\/5930"}],"wp:attachment":[{"href":"https:\/\/crudo-leather.com\/de\/wp-json\/wp\/v2\/media?parent=2396"}],"wp:term":[{"taxonomy":"collection","embeddable":true,"href":"https:\/\/crudo-leather.com\/de\/wp-json\/wp\/v2\/collection?post=2396"},{"taxonomy":"trending_cat","embeddable":true,"href":"https:\/\/crudo-leather.com\/de\/wp-json\/wp\/v2\/trending_cat?post=2396"},{"taxonomy":"product_cat","embeddable":true,"href":"https:\/\/crudo-leather.com\/de\/wp-json\/wp\/v2\/product_cat?post=2396"},{"taxonomy":"product_tag","embeddable":true,"href":"https:\/\/crudo-leather.com\/de\/wp-json\/wp\/v2\/product_tag?post=2396"}],"curies":[{"name":"wp","href":"https:\/\/api.w.org\/{rel}","templated":true}]}}