{"id":2398,"date":"2024-08-01T14:06:58","date_gmt":"2024-08-01T06:06:58","guid":{"rendered":"https:\/\/crudo-leather.com\/product\/hello-kitty-customized-metal-box-chain-bracelet-twilight-silver\/"},"modified":"2026-03-18T17:47:59","modified_gmt":"2026-03-18T09:47:59","slug":"hello-kitty-customized-metal-box-chain-bracelet-twilight-silver","status":"publish","type":"product","link":"https:\/\/crudo-leather.com\/de\/product\/hello-kitty-customized-metal-box-chain-bracelet-twilight-silver\/","title":{"rendered":"Hello Kitty Special Edition ma\u00dfgeschmiedeter Stahlarmband"},"content":{"rendered":"","protected":false},"excerpt":{"rendered":"**Bitte w\u00e4hlen Sie mindestens ein Hello Kitty Metall- oder Sterlingsilber-Anh\u00e4nger aus, sonst wird das Produkt nur mit dem urspr\u00fcnglichen Crudo runden Anh\u00e4nger geliefert und nicht mit der Hello Kitty Special Edition Geschenkbox**\n\n<ins><strong>Hello Kitty x Crudo <\/strong><\/ins>\n\nSay HELLO! Die klassischen Hello Kitty Metall- und Sterlingsilber-Accessoires aus den 70er Jahren sind bei Crudo eingetroffen. Die lebhafte Hello Kitty, ob sie ein Flugzeug fliegt oder Fahrrad f\u00e4hrt, jedes niedliche Design ist einfach bezaubernd! Einige Anh\u00e4nger sind mit Strasssteinen besetzt und verleihen der klassischen Hello Kitty einen luxuri\u00f6sen Touch. Gestalten Sie jetzt Ihr zeitloses, pers\u00f6nliches Alltagsaccessoire!\n\n<strong>Klicken Sie auf<\/strong><strong>\"<\/strong><strong>In den Warenkorb legen und gestalten<\/strong><strong>\"<\/strong><strong>, um Ihren Gravurtext zu entwerfen<\/strong>\n\n- Offiziell lizenziertes Sanrio-Produkt\n- Hello Kitty 70er Jahre klassische Metall- oder Sterlingsilber-Anh\u00e4nger, frei kombinierbar und an einem Stahlarmband befestigbar\n- Beim Kauf eines Hello Kitty Special Edition Stahlarmbands erhalten Sie eine Hello Kitty Special Edition Geschenkbox mit abl\u00f6sbarer Gru\u00dfkarte (inklusive Geschenkkarte und Produktgarantie)\n- Einzigartige lange, achteckig geschliffene Stahlglieder kombiniert mit speziell designten quadratischen Edelstahlkettengliedern\n- Hergestellt aus 316L Edelstahl\n- Verblasst und oxidiert nicht leicht, bleibt lange erhalten\n- Geeignet f\u00fcr Menschen mit empfindlicher Haut\n- Kann einzeln oder gestapelt getragen werden\n- Magnetverschluss\n- Mehrere Schriftarten, \u00fcber 100 Emojis und 60 Gravurvorschl\u00e4ge zur Auswahl\n\n<strong>Produktionszeit und Versanddetails<\/strong>\n- Jedes Produkt ben\u00f6tigt nur 1-5 Werktage zur Fertigstellung\n- Bei Bestellung heute kann es bereits morgen versendet werden\n- Nur erh\u00e4ltlich in Hongkong, Macau, Festlandchina, Japan, S\u00fcdkorea und S\u00fcdamerika (au\u00dfer Panama)","protected":false},"featured_media":5939,"comment_status":"open","ping_status":"closed","template":"","meta":{"inline_featured_image":false},"collection":[2289],"trending_cat":[2391],"product_cat":[17],"product_tag":[2405],"class_list":{"0":"post-2398","1":"product","2":"type-product","3":"status-publish","4":"has-post-thumbnail","6":"trending_cat-miami-love-chain-bracelet","7":"product_cat-bracelets-cuffs","8":"product_tag-hello-kitty-sanrio-characters","10":"first","11":"instock","12":"sale","13":"shipping-taxable","14":"purchasable","15":"product-type-variable"},"yoast_head":"<!-- This site is optimized with the Yoast SEO plugin v23.4 - https:\/\/yoast.com\/wordpress\/plugins\/seo\/ -->\n<title>Crudo Hello Kitty personalisiertes Metallkettenarmband - Twilight Silber<\/title>\n<meta name=\"description\" content=\"Entdecken Sie das Crudo Hello Kitty Limited Edition Twilight Silver Metallarmband. Hergestellt aus 316L deutscher Stahl, mit Magnetverschluss, kostenloser Gravur und optionalem Hello Kitty Anh\u00e4nger. Vielseitig und modisch, um Ihren einzigartigen Stil zu zeigen.\" \/>\n<meta name=\"robots\" content=\"index, follow, max-snippet:-1, max-image-preview:large, max-video-preview:-1\" \/>\n<link rel=\"canonical\" href=\"https:\/\/crudo-leather.com\/de\/product\/hello-kitty-customized-metal-box-chain-bracelet-twilight-silver\/\" \/>\n<meta property=\"og:locale\" content=\"en_US\" \/>\n<meta property=\"og:type\" content=\"article\" \/>\n<meta property=\"og:title\" content=\"Crudo Hello Kitty personalisiertes Metallkettenarmband - Twilight Silber\" \/>\n<meta property=\"og:description\" content=\"Entdecken Sie das Crudo Hello Kitty Limited Edition Twilight Silver Metallarmband. Hergestellt aus 316L deutscher Stahl, mit Magnetverschluss, kostenloser Gravur und optionalem Hello Kitty Anh\u00e4nger. Vielseitig und modisch, um Ihren einzigartigen Stil zu zeigen.\" \/>\n<meta property=\"og:url\" content=\"https:\/\/crudo-leather.com\/product\/hello-kitty-customized-metal-box-chain-bracelet-twilight-silver\/\" \/>\n<meta property=\"og:site_name\" content=\"Crudo\" \/>\n<meta property=\"article:modified_time\" content=\"2026-03-18T09:47:59+00:00\" \/>\n<meta property=\"og:image\" content=\"https:\/\/crudo-leather.com\/wp-content\/uploads\/2024\/08\/kt_wbg_zbt26_wg_a.jpg\" \/>\n\t<meta property=\"og:image:width\" content=\"2000\" \/>\n\t<meta property=\"og:image:height\" content=\"2000\" \/>\n\t<meta property=\"og:image:type\" content=\"image\/jpeg\" \/>\n<meta name=\"twitter:card\" content=\"summary_large_image\" \/>\n<meta name=\"twitter:label1\" content=\"Est. reading time\" \/>\n\t<meta name=\"twitter:data1\" content=\"1 minute\" \/>\n<script type=\"application\/ld+json\" class=\"yoast-schema-graph\">{\"@context\":\"https:\/\/schema.org\",\"@graph\":[{\"@type\":\"WebPage\",\"@id\":\"https:\/\/crudo-leather.com\/product\/hello-kitty-customized-metal-box-chain-bracelet-twilight-silver\/\",\"url\":\"https:\/\/crudo-leather.com\/product\/hello-kitty-customized-metal-box-chain-bracelet-twilight-silver\/\",\"name\":\"Crudo Leather Gifts for Him\",\"isPartOf\":{\"@id\":\"https:\/\/crudo-leather.com\/#website\"},\"primaryImageOfPage\":{\"@id\":\"https:\/\/crudo-leather.com\/product\/hello-kitty-customized-metal-box-chain-bracelet-twilight-silver\/#primaryimage\"},\"image\":{\"@id\":\"https:\/\/crudo-leather.com\/product\/hello-kitty-customized-metal-box-chain-bracelet-twilight-silver\/#primaryimage\"},\"thumbnailUrl\":\"https:\/\/crudo-leather.com\/wp-content\/uploads\/2024\/08\/kt_wbg_zbt26_wg_a.jpg\",\"datePublished\":\"2024-08-01T06:06:58+00:00\",\"dateModified\":\"2026-03-18T09:47:59+00:00\",\"description\":\"Looking for gifts for men? Explore Crudo Leather's selection of men's accessories, from practical wallets to stylish bracelets, for a personalized gift. Shop now!\",\"breadcrumb\":{\"@id\":\"https:\/\/crudo-leather.com\/product\/hello-kitty-customized-metal-box-chain-bracelet-twilight-silver\/#breadcrumb\"},\"inLanguage\":\"en-US\",\"potentialAction\":[{\"@type\":\"ReadAction\",\"target\":[\"https:\/\/crudo-leather.com\/product\/hello-kitty-customized-metal-box-chain-bracelet-twilight-silver\/\"]}]},{\"@type\":\"ImageObject\",\"inLanguage\":\"en-US\",\"@id\":\"https:\/\/crudo-leather.com\/product\/hello-kitty-customized-metal-box-chain-bracelet-twilight-silver\/#primaryimage\",\"url\":\"https:\/\/crudo-leather.com\/wp-content\/uploads\/2024\/08\/kt_wbg_zbt26_wg_a.jpg\",\"contentUrl\":\"https:\/\/crudo-leather.com\/wp-content\/uploads\/2024\/08\/kt_wbg_zbt26_wg_a.jpg\",\"width\":2000,\"height\":2000},{\"@type\":\"BreadcrumbList\",\"@id\":\"https:\/\/crudo-leather.com\/product\/hello-kitty-customized-metal-box-chain-bracelet-twilight-silver\/#breadcrumb\",\"itemListElement\":[{\"@type\":\"ListItem\",\"position\":1,\"name\":\"Shop\",\"item\":\"https:\/\/crudo-leather.com\/shop\/\"},{\"@type\":\"ListItem\",\"position\":2,\"name\":\"Hello Kitty Customized Metal Box Chain Bracelet\"}]},{\"@type\":\"WebSite\",\"@id\":\"https:\/\/crudo-leather.com\/#website\",\"url\":\"https:\/\/crudo-leather.com\/\",\"name\":\"Crudo\",\"description\":\"\",\"potentialAction\":[{\"@type\":\"SearchAction\",\"target\":{\"@type\":\"EntryPoint\",\"urlTemplate\":\"https:\/\/crudo-leather.com\/?s={search_term_string}\"},\"query-input\":{\"@type\":\"PropertyValueSpecification\",\"valueRequired\":true,\"valueName\":\"search_term_string\"}}],\"inLanguage\":\"en-US\"}]}<\/script>\n<!-- \/ Yoast SEO plugin. -->","yoast_head_json":{"title":"Crudo Hello Kitty personalisiertes Metallkettenarmband - Twilight Silber","description":"Entdecken Sie das Crudo Hello Kitty Limited Edition Twilight Silver Metallarmband. Hergestellt aus 316L deutscher Stahl, mit Magnetverschluss, kostenloser Gravur und optionalem Hello Kitty Anh\u00e4nger. Vielseitig und modisch, um Ihren einzigartigen Stil zu zeigen.","robots":{"index":"index","follow":"follow","max-snippet":"max-snippet:-1","max-image-preview":"max-image-preview:large","max-video-preview":"max-video-preview:-1"},"canonical":"https:\/\/crudo-leather.com\/de\/product\/hello-kitty-customized-metal-box-chain-bracelet-twilight-silver\/","og_locale":"en_US","og_type":"article","og_title":"Crudo Hello Kitty personalisiertes Metallkettenarmband - Twilight Silber","og_description":"Entdecken Sie das Crudo Hello Kitty Limited Edition Twilight Silver Metallarmband. Hergestellt aus 316L deutscher Stahl, mit Magnetverschluss, kostenloser Gravur und optionalem Hello Kitty Anh\u00e4nger. Vielseitig und modisch, um Ihren einzigartigen Stil zu zeigen.","og_url":"https:\/\/crudo-leather.com\/product\/hello-kitty-customized-metal-box-chain-bracelet-twilight-silver\/","og_site_name":"Crudo","article_modified_time":"2026-03-18T09:47:59+00:00","og_image":[{"width":2000,"height":2000,"url":"https:\/\/crudo-leather.com\/wp-content\/uploads\/2024\/08\/kt_wbg_zbt26_wg_a.jpg","type":"image\/jpeg"}],"twitter_card":"summary_large_image","twitter_misc":{"Est. reading time":"1 minute"},"schema":{"@context":"https:\/\/schema.org","@graph":[{"@type":"WebPage","@id":"https:\/\/crudo-leather.com\/product\/hello-kitty-customized-metal-box-chain-bracelet-twilight-silver\/","url":"https:\/\/crudo-leather.com\/product\/hello-kitty-customized-metal-box-chain-bracelet-twilight-silver\/","name":"Crudo Leather Gifts for Him","isPartOf":{"@id":"https:\/\/crudo-leather.com\/#website"},"primaryImageOfPage":{"@id":"https:\/\/crudo-leather.com\/product\/hello-kitty-customized-metal-box-chain-bracelet-twilight-silver\/#primaryimage"},"image":{"@id":"https:\/\/crudo-leather.com\/product\/hello-kitty-customized-metal-box-chain-bracelet-twilight-silver\/#primaryimage"},"thumbnailUrl":"https:\/\/crudo-leather.com\/wp-content\/uploads\/2024\/08\/kt_wbg_zbt26_wg_a.jpg","datePublished":"2024-08-01T06:06:58+00:00","dateModified":"2026-03-18T09:47:59+00:00","description":"Looking for gifts for men? Explore Crudo Leather's selection of men's accessories, from practical wallets to stylish bracelets, for a personalized gift. Shop now!","breadcrumb":{"@id":"https:\/\/crudo-leather.com\/product\/hello-kitty-customized-metal-box-chain-bracelet-twilight-silver\/#breadcrumb"},"inLanguage":"en-US","potentialAction":[{"@type":"ReadAction","target":["https:\/\/crudo-leather.com\/product\/hello-kitty-customized-metal-box-chain-bracelet-twilight-silver\/"]}]},{"@type":"ImageObject","inLanguage":"en-US","@id":"https:\/\/crudo-leather.com\/product\/hello-kitty-customized-metal-box-chain-bracelet-twilight-silver\/#primaryimage","url":"https:\/\/crudo-leather.com\/wp-content\/uploads\/2024\/08\/kt_wbg_zbt26_wg_a.jpg","contentUrl":"https:\/\/crudo-leather.com\/wp-content\/uploads\/2024\/08\/kt_wbg_zbt26_wg_a.jpg","width":2000,"height":2000},{"@type":"BreadcrumbList","@id":"https:\/\/crudo-leather.com\/product\/hello-kitty-customized-metal-box-chain-bracelet-twilight-silver\/#breadcrumb","itemListElement":[{"@type":"ListItem","position":1,"name":"Shop","item":"https:\/\/crudo-leather.com\/shop\/"},{"@type":"ListItem","position":2,"name":"Hello Kitty Customized Metal Box Chain Bracelet"}]},{"@type":"WebSite","@id":"https:\/\/crudo-leather.com\/#website","url":"https:\/\/crudo-leather.com\/","name":"Crudo","description":"","potentialAction":[{"@type":"SearchAction","target":{"@type":"EntryPoint","urlTemplate":"https:\/\/crudo-leather.com\/?s={search_term_string}"},"query-input":{"@type":"PropertyValueSpecification","valueRequired":true,"valueName":"search_term_string"}}],"inLanguage":"en-US"}]}},"_links":{"self":[{"href":"https:\/\/crudo-leather.com\/de\/wp-json\/wp\/v2\/product\/2398"}],"collection":[{"href":"https:\/\/crudo-leather.com\/de\/wp-json\/wp\/v2\/product"}],"about":[{"href":"https:\/\/crudo-leather.com\/de\/wp-json\/wp\/v2\/types\/product"}],"replies":[{"embeddable":true,"href":"https:\/\/crudo-leather.com\/de\/wp-json\/wp\/v2\/comments?post=2398"}],"wp:featuredmedia":[{"embeddable":true,"href":"https:\/\/crudo-leather.com\/de\/wp-json\/wp\/v2\/media\/5939"}],"wp:attachment":[{"href":"https:\/\/crudo-leather.com\/de\/wp-json\/wp\/v2\/media?parent=2398"}],"wp:term":[{"taxonomy":"collection","embeddable":true,"href":"https:\/\/crudo-leather.com\/de\/wp-json\/wp\/v2\/collection?post=2398"},{"taxonomy":"trending_cat","embeddable":true,"href":"https:\/\/crudo-leather.com\/de\/wp-json\/wp\/v2\/trending_cat?post=2398"},{"taxonomy":"product_cat","embeddable":true,"href":"https:\/\/crudo-leather.com\/de\/wp-json\/wp\/v2\/product_cat?post=2398"},{"taxonomy":"product_tag","embeddable":true,"href":"https:\/\/crudo-leather.com\/de\/wp-json\/wp\/v2\/product_tag?post=2398"}],"curies":[{"name":"wp","href":"https:\/\/api.w.org\/{rel}","templated":true}]}}