{"id":2421,"date":"2024-08-01T14:07:33","date_gmt":"2024-08-01T06:07:33","guid":{"rendered":"https:\/\/crudo-leather.com\/product\/crayon-shinchan-uv-printed-customized-rfid-slim-wallet-saffiano-jet-black\/"},"modified":"2025-12-15T15:42:53","modified_gmt":"2025-12-15T07:42:53","slug":"crayon-shinchan-uv-printed-customized-rfid-slim-wallet-saffiano-jet-black","status":"publish","type":"product","link":"https:\/\/crudo-leather.com\/de\/product\/crayon-shinchan-uv-printed-customized-rfid-slim-wallet-saffiano-jet-black\/","title":{"rendered":"Crayon Shinchan Limited Edition UV-Druck personalisiertes RFID-D\u00fcnnportemonnaie"},"content":{"rendered":"","protected":false},"excerpt":{"rendered":"** W\u00e4hlen Sie ein Produkt aus und klicken Sie auf \"Zum Warenkorb hinzuf\u00fcgen und gestalten\". Bitte w\u00e4hlen Sie auf der Gestaltungsseite mindestens ein spezielles Crayon Shinchan-Motiv aus, um den UV-Druck anzupassen und das Crayon Shinchan-Geschenkset zu verbessern.**\n\n<ins><strong>Crayon Shinchan x Crudo<\/strong><\/ins>\n\nIn Kombination mit der exklusiven Crudo-Technologie f\u00fcr personalisierten UV-Druck und dem verspielten Image von Crayon Shinchan wird Shinchan mit hoher Pr\u00e4zision und Detailgenauigkeit auf das Leder gedruckt. Dadurch sind die Motive farbenfroher und die Details klarer, um Shinchans niedliches Aussehen perfekt darzustellen. Dies verleiht Ihren Lederprodukten Leben und macht sie zu einem Teil Ihres Alltags.\n\n- Offiziell lizenzierte Crayon Shinchan-Produkte aus Japan\n- Bis zu 25 spezielle Crayon Shinchan-Motive zur Auswahl, die zusammen mit Ihrer personalisierten Unterschrift per UV-Druck auf das Lederportemonnaie aufgebracht werden\n- Beim Kauf eines limitierten Crayon Shinchan-Lederportemonnaies erhalten Sie ein Crayon Shinchan-Geschenkset mit einer abrei\u00dfbaren Gru\u00dfkarte\n- Hergestellt aus italienischem Rindleder mit Kreuzpr\u00e4gung und Aluminium\n- Extrem leicht und kompakt f\u00fcr einfachen Transport\n- \u00c4u\u00dferst glattes, ausklappbares Kartenfachdesign, das den einh\u00e4ndigen Zugriff auf alle Karten erm\u00f6glicht\n- Mit RFID-Blockerfunktion zum Schutz wichtiger Daten auf Ihren Karten vor Diebstahl\n- Separate Geldfachkonstruktion zur Aufbewahrung von Banknoten\n- Praktischer und sicherer Magnetverschluss\n\n<strong>Portemonnaie-Aufteilung<\/strong><strong> :<\/strong>\n- 1 Kartenfach (f\u00fcr 4 bis 5 Karten)\n- 2 Innentaschen (jede f\u00fcr 1 Karte)\n- 1 Geldfach\nInsgesamt Platz f\u00fcr 6-8 Karten\n\n<strong>Produktionszeit und Versanddetails<\/strong><strong> :<\/strong>\n- Jedes Produkt ben\u00f6tigt nur 1-5 Werktage zur Fertigstellung\n- Bei Bestellung heute kann die Lieferung bereits morgen erfolgen\n- Ausschlie\u00dflich f\u00fcr Hongkong, Taiwan und Macau erh\u00e4ltlich","protected":false},"featured_media":6078,"comment_status":"open","ping_status":"closed","template":"","meta":{"inline_featured_image":false},"collection":[2282],"trending_cat":[2393],"product_cat":[2373],"product_tag":[101],"class_list":{"0":"post-2421","1":"product","2":"type-product","3":"status-publish","4":"has-post-thumbnail","6":"trending_cat-perito-rfid-slim-wallet","7":"product_cat-wallets","8":"product_tag-crayon-shinchan","10":"first","11":"instock","12":"sale","13":"shipping-taxable","14":"purchasable","15":"product-type-variable"},"yoast_head":"<!-- This site is optimized with the Yoast SEO plugin v23.4 - https:\/\/yoast.com\/wordpress\/plugins\/seo\/ -->\n<title>Crudo Kuromi-Kooperation: Elegantes Lolita 925 Silber 3D-Anh\u00e4nger<\/title>\n<meta name=\"description\" content=\"Crudo Kuromi Limited Edition elegantes Lolita 925 Sterlingsilber 3D-Anh\u00e4nger. Sanrio lizenziert, raffiniertes 3D-Design, kann mit Schmuck personalisiert werden.\" \/>\n<meta name=\"robots\" content=\"index, follow, max-snippet:-1, max-image-preview:large, max-video-preview:-1\" \/>\n<link rel=\"canonical\" href=\"https:\/\/crudo-leather.com\/de\/product\/crayon-shinchan-uv-printed-customized-rfid-slim-wallet-saffiano-jet-black\/\" \/>\n<meta property=\"og:locale\" content=\"en_US\" \/>\n<meta property=\"og:type\" content=\"article\" \/>\n<meta property=\"og:title\" content=\"Crudo Kuromi-Kooperation: Elegantes Lolita 925 Silber 3D-Anh\u00e4nger\" \/>\n<meta property=\"og:description\" content=\"Crudo Kuromi Limited Edition elegantes Lolita 925 Sterlingsilber 3D-Anh\u00e4nger. Sanrio lizenziert, raffiniertes 3D-Design, kann mit Schmuck personalisiert werden.\" \/>\n<meta property=\"og:url\" content=\"https:\/\/crudo-leather.com\/product\/crayon-shinchan-uv-printed-customized-rfid-slim-wallet-saffiano-jet-black\/\" \/>\n<meta property=\"og:site_name\" content=\"Crudo\" \/>\n<meta property=\"article:modified_time\" content=\"2025-12-15T07:42:53+00:00\" \/>\n<meta property=\"og:image\" content=\"https:\/\/crudo-leather.com\/wp-content\/uploads\/2024\/08\/slw02_csc_black-2.jpg\" \/>\n\t<meta property=\"og:image:width\" content=\"640\" \/>\n\t<meta property=\"og:image:height\" content=\"640\" \/>\n\t<meta property=\"og:image:type\" content=\"image\/jpeg\" \/>\n<meta name=\"twitter:card\" content=\"summary_large_image\" \/>\n<meta name=\"twitter:label1\" content=\"Est. reading time\" \/>\n\t<meta name=\"twitter:data1\" content=\"1 minute\" \/>\n<script type=\"application\/ld+json\" class=\"yoast-schema-graph\">{\"@context\":\"https:\/\/schema.org\",\"@graph\":[{\"@type\":\"WebPage\",\"@id\":\"https:\/\/crudo-leather.com\/product\/crayon-shinchan-uv-printed-customized-rfid-slim-wallet-saffiano-jet-black\/\",\"url\":\"https:\/\/crudo-leather.com\/product\/crayon-shinchan-uv-printed-customized-rfid-slim-wallet-saffiano-jet-black\/\",\"name\":\"Crayon Shinchan UV Printed RFID Slim Wallet - Saffiano Jet Black\",\"isPartOf\":{\"@id\":\"https:\/\/crudo-leather.com\/#website\"},\"primaryImageOfPage\":{\"@id\":\"https:\/\/crudo-leather.com\/product\/crayon-shinchan-uv-printed-customized-rfid-slim-wallet-saffiano-jet-black\/#primaryimage\"},\"image\":{\"@id\":\"https:\/\/crudo-leather.com\/product\/crayon-shinchan-uv-printed-customized-rfid-slim-wallet-saffiano-jet-black\/#primaryimage\"},\"thumbnailUrl\":\"https:\/\/crudo-leather.com\/wp-content\/uploads\/2024\/08\/slw02_csc_black-2.jpg\",\"datePublished\":\"2024-08-01T06:07:33+00:00\",\"dateModified\":\"2025-12-15T07:42:53+00:00\",\"description\":\"Get the officially licensed Crayon Shinchan UV printed RFID slim wallet. Saffiano jet black, secure & stylish. Free engraving & luxury gift box. Keep your essentials safe. Shop now!\",\"breadcrumb\":{\"@id\":\"https:\/\/crudo-leather.com\/product\/crayon-shinchan-uv-printed-customized-rfid-slim-wallet-saffiano-jet-black\/#breadcrumb\"},\"inLanguage\":\"en-US\",\"potentialAction\":[{\"@type\":\"ReadAction\",\"target\":[\"https:\/\/crudo-leather.com\/product\/crayon-shinchan-uv-printed-customized-rfid-slim-wallet-saffiano-jet-black\/\"]}]},{\"@type\":\"ImageObject\",\"inLanguage\":\"en-US\",\"@id\":\"https:\/\/crudo-leather.com\/product\/crayon-shinchan-uv-printed-customized-rfid-slim-wallet-saffiano-jet-black\/#primaryimage\",\"url\":\"https:\/\/crudo-leather.com\/wp-content\/uploads\/2024\/08\/slw02_csc_black-2.jpg\",\"contentUrl\":\"https:\/\/crudo-leather.com\/wp-content\/uploads\/2024\/08\/slw02_csc_black-2.jpg\",\"width\":640,\"height\":640},{\"@type\":\"BreadcrumbList\",\"@id\":\"https:\/\/crudo-leather.com\/product\/crayon-shinchan-uv-printed-customized-rfid-slim-wallet-saffiano-jet-black\/#breadcrumb\",\"itemListElement\":[{\"@type\":\"ListItem\",\"position\":1,\"name\":\"Shop\",\"item\":\"https:\/\/crudo-leather.com\/shop\/\"},{\"@type\":\"ListItem\",\"position\":2,\"name\":\"Crayon Shinchan UV Printed Customized RFID Slim Wallet\"}]},{\"@type\":\"WebSite\",\"@id\":\"https:\/\/crudo-leather.com\/#website\",\"url\":\"https:\/\/crudo-leather.com\/\",\"name\":\"Crudo\",\"description\":\"\",\"potentialAction\":[{\"@type\":\"SearchAction\",\"target\":{\"@type\":\"EntryPoint\",\"urlTemplate\":\"https:\/\/crudo-leather.com\/?s={search_term_string}\"},\"query-input\":{\"@type\":\"PropertyValueSpecification\",\"valueRequired\":true,\"valueName\":\"search_term_string\"}}],\"inLanguage\":\"en-US\"}]}<\/script>\n<!-- \/ Yoast SEO plugin. -->","yoast_head_json":{"title":"Crudo Kuromi-Kooperation: Elegantes Lolita 925 Silber 3D-Anh\u00e4nger","description":"Crudo Kuromi Limited Edition elegantes Lolita 925 Sterlingsilber 3D-Anh\u00e4nger. Sanrio lizenziert, raffiniertes 3D-Design, kann mit Schmuck personalisiert werden.","robots":{"index":"index","follow":"follow","max-snippet":"max-snippet:-1","max-image-preview":"max-image-preview:large","max-video-preview":"max-video-preview:-1"},"canonical":"https:\/\/crudo-leather.com\/de\/product\/crayon-shinchan-uv-printed-customized-rfid-slim-wallet-saffiano-jet-black\/","og_locale":"en_US","og_type":"article","og_title":"Crudo Kuromi-Kooperation: Elegantes Lolita 925 Silber 3D-Anh\u00e4nger","og_description":"Crudo Kuromi Limited Edition elegantes Lolita 925 Sterlingsilber 3D-Anh\u00e4nger. Sanrio lizenziert, raffiniertes 3D-Design, kann mit Schmuck personalisiert werden.","og_url":"https:\/\/crudo-leather.com\/product\/crayon-shinchan-uv-printed-customized-rfid-slim-wallet-saffiano-jet-black\/","og_site_name":"Crudo","article_modified_time":"2025-12-15T07:42:53+00:00","og_image":[{"width":640,"height":640,"url":"https:\/\/crudo-leather.com\/wp-content\/uploads\/2024\/08\/slw02_csc_black-2.jpg","type":"image\/jpeg"}],"twitter_card":"summary_large_image","twitter_misc":{"Est. reading time":"1 minute"},"schema":{"@context":"https:\/\/schema.org","@graph":[{"@type":"WebPage","@id":"https:\/\/crudo-leather.com\/product\/crayon-shinchan-uv-printed-customized-rfid-slim-wallet-saffiano-jet-black\/","url":"https:\/\/crudo-leather.com\/product\/crayon-shinchan-uv-printed-customized-rfid-slim-wallet-saffiano-jet-black\/","name":"Crayon Shinchan UV Printed RFID Slim Wallet - Saffiano Jet Black","isPartOf":{"@id":"https:\/\/crudo-leather.com\/#website"},"primaryImageOfPage":{"@id":"https:\/\/crudo-leather.com\/product\/crayon-shinchan-uv-printed-customized-rfid-slim-wallet-saffiano-jet-black\/#primaryimage"},"image":{"@id":"https:\/\/crudo-leather.com\/product\/crayon-shinchan-uv-printed-customized-rfid-slim-wallet-saffiano-jet-black\/#primaryimage"},"thumbnailUrl":"https:\/\/crudo-leather.com\/wp-content\/uploads\/2024\/08\/slw02_csc_black-2.jpg","datePublished":"2024-08-01T06:07:33+00:00","dateModified":"2025-12-15T07:42:53+00:00","description":"Get the officially licensed Crayon Shinchan UV printed RFID slim wallet. Saffiano jet black, secure & stylish. Free engraving & luxury gift box. Keep your essentials safe. Shop now!","breadcrumb":{"@id":"https:\/\/crudo-leather.com\/product\/crayon-shinchan-uv-printed-customized-rfid-slim-wallet-saffiano-jet-black\/#breadcrumb"},"inLanguage":"en-US","potentialAction":[{"@type":"ReadAction","target":["https:\/\/crudo-leather.com\/product\/crayon-shinchan-uv-printed-customized-rfid-slim-wallet-saffiano-jet-black\/"]}]},{"@type":"ImageObject","inLanguage":"en-US","@id":"https:\/\/crudo-leather.com\/product\/crayon-shinchan-uv-printed-customized-rfid-slim-wallet-saffiano-jet-black\/#primaryimage","url":"https:\/\/crudo-leather.com\/wp-content\/uploads\/2024\/08\/slw02_csc_black-2.jpg","contentUrl":"https:\/\/crudo-leather.com\/wp-content\/uploads\/2024\/08\/slw02_csc_black-2.jpg","width":640,"height":640},{"@type":"BreadcrumbList","@id":"https:\/\/crudo-leather.com\/product\/crayon-shinchan-uv-printed-customized-rfid-slim-wallet-saffiano-jet-black\/#breadcrumb","itemListElement":[{"@type":"ListItem","position":1,"name":"Shop","item":"https:\/\/crudo-leather.com\/shop\/"},{"@type":"ListItem","position":2,"name":"Crayon Shinchan UV Printed Customized RFID Slim Wallet"}]},{"@type":"WebSite","@id":"https:\/\/crudo-leather.com\/#website","url":"https:\/\/crudo-leather.com\/","name":"Crudo","description":"","potentialAction":[{"@type":"SearchAction","target":{"@type":"EntryPoint","urlTemplate":"https:\/\/crudo-leather.com\/?s={search_term_string}"},"query-input":{"@type":"PropertyValueSpecification","valueRequired":true,"valueName":"search_term_string"}}],"inLanguage":"en-US"}]}},"_links":{"self":[{"href":"https:\/\/crudo-leather.com\/de\/wp-json\/wp\/v2\/product\/2421"}],"collection":[{"href":"https:\/\/crudo-leather.com\/de\/wp-json\/wp\/v2\/product"}],"about":[{"href":"https:\/\/crudo-leather.com\/de\/wp-json\/wp\/v2\/types\/product"}],"replies":[{"embeddable":true,"href":"https:\/\/crudo-leather.com\/de\/wp-json\/wp\/v2\/comments?post=2421"}],"wp:featuredmedia":[{"embeddable":true,"href":"https:\/\/crudo-leather.com\/de\/wp-json\/wp\/v2\/media\/6078"}],"wp:attachment":[{"href":"https:\/\/crudo-leather.com\/de\/wp-json\/wp\/v2\/media?parent=2421"}],"wp:term":[{"taxonomy":"collection","embeddable":true,"href":"https:\/\/crudo-leather.com\/de\/wp-json\/wp\/v2\/collection?post=2421"},{"taxonomy":"trending_cat","embeddable":true,"href":"https:\/\/crudo-leather.com\/de\/wp-json\/wp\/v2\/trending_cat?post=2421"},{"taxonomy":"product_cat","embeddable":true,"href":"https:\/\/crudo-leather.com\/de\/wp-json\/wp\/v2\/product_cat?post=2421"},{"taxonomy":"product_tag","embeddable":true,"href":"https:\/\/crudo-leather.com\/de\/wp-json\/wp\/v2\/product_tag?post=2421"}],"curies":[{"name":"wp","href":"https:\/\/api.w.org\/{rel}","templated":true}]}}