{"id":2454,"date":"2024-08-01T14:08:25","date_gmt":"2024-08-01T06:08:25","guid":{"rendered":"https:\/\/crudo-leather.com\/product\/crayon-shinchan-customized-box-chain-gemstone-bracelet-twilight-silver-blue-goldstone-2\/"},"modified":"2026-01-09T11:55:35","modified_gmt":"2026-01-09T03:55:35","slug":"crayon-shinchan-customized-box-chain-gemstone-bracelet-twilight-silver-blue-goldstone-2","status":"publish","type":"product","link":"https:\/\/crudo-leather.com\/de\/product\/crayon-shinchan-customized-box-chain-gemstone-bracelet-twilight-silver-blue-goldstone-2\/","title":{"rendered":"Crayon Shinchan Limited Edition ma\u00dfgeschneiderte quadratische Stahlstab-Edelstein-Armband"},"content":{"rendered":"","protected":false},"excerpt":{"rendered":"<p>**Bitte w\u00e4hlen Sie mindestens ein Crayon Shinchan Metall-Anh\u00e4nger aus, sonst wird das Produkt nur mit dem urspr\u00fcnglichen Crudo runden Anh\u00e4nger geliefert und nicht mit der Crayon Shinchan Special Edition Geschenkbox** <\/p>\n\n<p><ins><strong>Crudo x Crayon Shinchan   <\/strong><\/ins><\/p>\n\n<p>Crudo kooperiert mit der beliebten japanischen Cartoon-Figur \"Crayon Shinchan\" und pr\u00e4sentiert eine Reihe von lustigen und niedlichen Lederaccessoires. Verschiedene Shinchan-Figuren und seine Freunde und Familie verwandeln sich in filigrane Metall-Anh\u00e4nger, die frei mit dem preisgekr\u00f6nten Lederarmband kombiniert werden k\u00f6nnen. Kombinieren Sie dies mit dem exklusiven Crudo Personalisierungs-Service f\u00fcr Gravuren und gestalten Sie sofort Ihr einzigartiges, unterhaltsames Schmuckst\u00fcck!<br \/>\n<br \/>\n<strong>Klicken Sie auf \"In den Warenkorb legen und gestalten\", um Ihre Gravur zu entwerfen<\/strong><\/p>\n\n<p>- Offiziell lizenzierte Crayon Shinchan Produkte aus Japan <br \/>\n-  Mehrere verschiedene Metall-Anh\u00e4nger mit Shinchan und seinen Freunden\/Familie k\u00f6nnen frei kombiniert und an der Stahlarmbandkette befestigt werden <br \/>\n-  Beim Kauf einer Crayon Shinchan Limited Edition Stahlarmbandkette erhalten Sie die Crayon Shinchan Limited Edition Geschenkbox, deren Deckel als Gru\u00dfkarte abgetrennt werden kann <br \/>\n-  Einzigartige, langrechteckige Stahlleiste mit achteckigem Schliff kombiniert mit speziell designten quadratischen Edelstahl-Kettengliedern <br \/>\n-  Blaue Sandstein-Einlagen auf der Oberfl\u00e4che von 316L Edelstahl, die im Licht reflektieren und kristallklar wirken <br \/>\n-  Der blaue Sandstein, der Mut symbolisiert, gleicht funkelnden Sternen am Nachthimmel und ist ein Wunschstein, der die positive Energie des K\u00f6rpers steigern kann<br \/>\n-  Handwerker verwenden pr\u00e4zise Edelsteinschleiftechniken, um die wertvollen Steine in bezauberndem Glanz erstrahlen zu lassen <br \/>\n-  Jeder Edelstein wird nat\u00fcrlich abgebaut und hat eine einzigartige, nat\u00fcrliche Textur, die unersetzlich ist <br \/>\n-  Verblasst und oxidiert nicht leicht, bleibt dauerhaft erhalten <br \/>\n-  Geeignet f\u00fcr Menschen mit empfindlicher Haut<br \/>\n-  Mit Magnetverschluss-Design <br \/>\n-  Mehrere Schriftarten, \u00fcber 100 Emojis und 60 Gravurvorschl\u00e4ge zur Auswahl   <\/p>\n\n<p><br \/>\n<strong>Produktionszeit und Versanddetails<\/strong><br \/>\n- Jedes Produkt ben\u00f6tigt nur 1-5 Werktage zur Fertigstellung<br \/>\n-  Bestellungen von heute k\u00f6nnen bereits morgen versendet werden<br \/>\n-  Ausschlie\u00dflich f\u00fcr Hongkong, Taiwan und Macau erh\u00e4ltlich <\/p>","protected":false},"featured_media":346406,"comment_status":"open","ping_status":"closed","template":"","meta":{"inline_featured_image":false},"collection":[2287],"trending_cat":[2391],"product_cat":[17],"product_tag":[101],"class_list":{"0":"post-2454","1":"product","2":"type-product","3":"status-publish","4":"has-post-thumbnail","6":"trending_cat-miami-love-chain-bracelet","7":"product_cat-bracelets-cuffs","8":"product_tag-crayon-shinchan","10":"first","11":"instock","12":"sale","13":"shipping-taxable","14":"purchasable","15":"product-type-variable"},"yoast_head":"<!-- This site is optimized with the Yoast SEO plugin v23.4 - https:\/\/yoast.com\/wordpress\/plugins\/seo\/ -->\n<title>Crudo Crayon Shinchan personalisiertes Metallarmband mit Edelsteinen - Twilight Silber Blauer Sandstein 2<\/title>\n<meta name=\"description\" content=\"Entdecken Sie die Crudo Crayon Shinchan Limited Edition Twilight Silberblau Sandstein Metallkette Edelstein Armband. 316L deutscher Stahl mit eingelegtem Blau Sandstein, Magnetverschluss Design, kostenlose Gravur und Zubeh\u00f6r zum Nachkauf. Heilende Mode.\" \/>\n<meta name=\"robots\" content=\"index, follow, max-snippet:-1, max-image-preview:large, max-video-preview:-1\" \/>\n<link rel=\"canonical\" href=\"https:\/\/crudo-leather.com\/de\/product\/crayon-shinchan-customized-box-chain-gemstone-bracelet-twilight-silver-blue-goldstone-2\/\" \/>\n<meta property=\"og:locale\" content=\"en_US\" \/>\n<meta property=\"og:type\" content=\"article\" \/>\n<meta property=\"og:title\" content=\"Crudo Crayon Shinchan personalisiertes Metallarmband mit Edelsteinen - Twilight Silber Blauer Sandstein 2\" \/>\n<meta property=\"og:description\" content=\"Entdecken Sie die Crudo Crayon Shinchan Limited Edition Twilight Silberblau Sandstein Metallkette Edelstein Armband. 316L deutscher Stahl mit eingelegtem Blau Sandstein, Magnetverschluss Design, kostenlose Gravur und Zubeh\u00f6r zum Nachkauf. Heilende Mode.\" \/>\n<meta property=\"og:url\" content=\"https:\/\/crudo-leather.com\/product\/crayon-shinchan-customized-box-chain-gemstone-bracelet-twilight-silver-blue-goldstone-2\/\" \/>\n<meta property=\"og:site_name\" content=\"Crudo\" \/>\n<meta property=\"article:modified_time\" content=\"2026-01-09T03:55:35+00:00\" \/>\n<meta property=\"og:image\" content=\"https:\/\/crudo-leather.com\/wp-content\/uploads\/2024\/08\/SC_ZBT26_WBG__bluestone_silver_a.jpg\" \/>\n\t<meta property=\"og:image:width\" content=\"640\" \/>\n\t<meta property=\"og:image:height\" content=\"640\" \/>\n\t<meta property=\"og:image:type\" content=\"image\/jpeg\" \/>\n<meta name=\"twitter:card\" content=\"summary_large_image\" \/>\n<meta name=\"twitter:label1\" content=\"Est. reading time\" \/>\n\t<meta name=\"twitter:data1\" content=\"1 minute\" \/>\n<script type=\"application\/ld+json\" class=\"yoast-schema-graph\">{\"@context\":\"https:\/\/schema.org\",\"@graph\":[{\"@type\":\"WebPage\",\"@id\":\"https:\/\/crudo-leather.com\/product\/crayon-shinchan-customized-box-chain-gemstone-bracelet-twilight-silver-blue-goldstone-2\/\",\"url\":\"https:\/\/crudo-leather.com\/product\/crayon-shinchan-customized-box-chain-gemstone-bracelet-twilight-silver-blue-goldstone-2\/\",\"name\":\"\u540a\u589c\u8207\u91d1\u5c6c\u724c\uff5cCrudo \u5ba2\u88fd\u5316\u7cbe\u54c1\",\"isPartOf\":{\"@id\":\"https:\/\/crudo-leather.com\/#website\"},\"primaryImageOfPage\":{\"@id\":\"https:\/\/crudo-leather.com\/product\/crayon-shinchan-customized-box-chain-gemstone-bracelet-twilight-silver-blue-goldstone-2\/#primaryimage\"},\"image\":{\"@id\":\"https:\/\/crudo-leather.com\/product\/crayon-shinchan-customized-box-chain-gemstone-bracelet-twilight-silver-blue-goldstone-2\/#primaryimage\"},\"thumbnailUrl\":\"https:\/\/crudo-leather.com\/wp-content\/uploads\/2024\/08\/SC_ZBT26_WBG__bluestone_silver_a.jpg\",\"datePublished\":\"2024-08-01T06:08:25+00:00\",\"dateModified\":\"2026-01-09T03:55:35+00:00\",\"description\":\"\u63a2\u7d22Crudo\u7cbe\u9078\u540a\u589c\u91d1\u5c6c\u724c\uff0c\u591a\u6b3e\u8a2d\u8a08\u8207\u6750\u8cea\u53ef\u4f9b\u9078\u64c7\u3002\u63d0\u4f9b\u514d\u8cbb\u523b\u5b57\u670d\u52d9\uff0c\u6253\u9020\u7368\u4e00\u7121\u4e8c\u7684\u500b\u4eba\u98a8\u683c\u3002\u7acb\u5373\u9078\u8cfc\uff0c\u5c55\u73fe\u60a8\u7684\u54c1\u5473\u3002\",\"breadcrumb\":{\"@id\":\"https:\/\/crudo-leather.com\/product\/crayon-shinchan-customized-box-chain-gemstone-bracelet-twilight-silver-blue-goldstone-2\/#breadcrumb\"},\"inLanguage\":\"en-US\",\"potentialAction\":[{\"@type\":\"ReadAction\",\"target\":[\"https:\/\/crudo-leather.com\/product\/crayon-shinchan-customized-box-chain-gemstone-bracelet-twilight-silver-blue-goldstone-2\/\"]}]},{\"@type\":\"ImageObject\",\"inLanguage\":\"en-US\",\"@id\":\"https:\/\/crudo-leather.com\/product\/crayon-shinchan-customized-box-chain-gemstone-bracelet-twilight-silver-blue-goldstone-2\/#primaryimage\",\"url\":\"https:\/\/crudo-leather.com\/wp-content\/uploads\/2024\/08\/SC_ZBT26_WBG__bluestone_silver_a.jpg\",\"contentUrl\":\"https:\/\/crudo-leather.com\/wp-content\/uploads\/2024\/08\/SC_ZBT26_WBG__bluestone_silver_a.jpg\",\"width\":640,\"height\":640},{\"@type\":\"BreadcrumbList\",\"@id\":\"https:\/\/crudo-leather.com\/product\/crayon-shinchan-customized-box-chain-gemstone-bracelet-twilight-silver-blue-goldstone-2\/#breadcrumb\",\"itemListElement\":[{\"@type\":\"ListItem\",\"position\":1,\"name\":\"Shop\",\"item\":\"https:\/\/crudo-leather.com\/shop\/\"},{\"@type\":\"ListItem\",\"position\":2,\"name\":\"Crayon Shinchan Customized Box Chain Gemstone Bracelet\"}]},{\"@type\":\"WebSite\",\"@id\":\"https:\/\/crudo-leather.com\/#website\",\"url\":\"https:\/\/crudo-leather.com\/\",\"name\":\"Crudo\",\"description\":\"\",\"potentialAction\":[{\"@type\":\"SearchAction\",\"target\":{\"@type\":\"EntryPoint\",\"urlTemplate\":\"https:\/\/crudo-leather.com\/?s={search_term_string}\"},\"query-input\":{\"@type\":\"PropertyValueSpecification\",\"valueRequired\":true,\"valueName\":\"search_term_string\"}}],\"inLanguage\":\"en-US\"}]}<\/script>\n<!-- \/ Yoast SEO plugin. -->","yoast_head_json":{"title":"Crudo Crayon Shinchan personalisiertes Metallarmband mit Edelsteinen - Twilight Silber Blauer Sandstein 2","description":"Entdecken Sie die Crudo Crayon Shinchan Limited Edition Twilight Silberblau Sandstein Metallkette Edelstein Armband. 316L deutscher Stahl mit eingelegtem Blau Sandstein, Magnetverschluss Design, kostenlose Gravur und Zubeh\u00f6r zum Nachkauf. Heilende Mode.","robots":{"index":"index","follow":"follow","max-snippet":"max-snippet:-1","max-image-preview":"max-image-preview:large","max-video-preview":"max-video-preview:-1"},"canonical":"https:\/\/crudo-leather.com\/de\/product\/crayon-shinchan-customized-box-chain-gemstone-bracelet-twilight-silver-blue-goldstone-2\/","og_locale":"en_US","og_type":"article","og_title":"Crudo Crayon Shinchan personalisiertes Metallarmband mit Edelsteinen - Twilight Silber Blauer Sandstein 2","og_description":"Entdecken Sie die Crudo Crayon Shinchan Limited Edition Twilight Silberblau Sandstein Metallkette Edelstein Armband. 316L deutscher Stahl mit eingelegtem Blau Sandstein, Magnetverschluss Design, kostenlose Gravur und Zubeh\u00f6r zum Nachkauf. Heilende Mode.","og_url":"https:\/\/crudo-leather.com\/product\/crayon-shinchan-customized-box-chain-gemstone-bracelet-twilight-silver-blue-goldstone-2\/","og_site_name":"Crudo","article_modified_time":"2026-01-09T03:55:35+00:00","og_image":[{"width":640,"height":640,"url":"https:\/\/crudo-leather.com\/wp-content\/uploads\/2024\/08\/SC_ZBT26_WBG__bluestone_silver_a.jpg","type":"image\/jpeg"}],"twitter_card":"summary_large_image","twitter_misc":{"Est. reading time":"1 minute"},"schema":{"@context":"https:\/\/schema.org","@graph":[{"@type":"WebPage","@id":"https:\/\/crudo-leather.com\/product\/crayon-shinchan-customized-box-chain-gemstone-bracelet-twilight-silver-blue-goldstone-2\/","url":"https:\/\/crudo-leather.com\/product\/crayon-shinchan-customized-box-chain-gemstone-bracelet-twilight-silver-blue-goldstone-2\/","name":"\u540a\u589c\u8207\u91d1\u5c6c\u724c\uff5cCrudo \u5ba2\u88fd\u5316\u7cbe\u54c1","isPartOf":{"@id":"https:\/\/crudo-leather.com\/#website"},"primaryImageOfPage":{"@id":"https:\/\/crudo-leather.com\/product\/crayon-shinchan-customized-box-chain-gemstone-bracelet-twilight-silver-blue-goldstone-2\/#primaryimage"},"image":{"@id":"https:\/\/crudo-leather.com\/product\/crayon-shinchan-customized-box-chain-gemstone-bracelet-twilight-silver-blue-goldstone-2\/#primaryimage"},"thumbnailUrl":"https:\/\/crudo-leather.com\/wp-content\/uploads\/2024\/08\/SC_ZBT26_WBG__bluestone_silver_a.jpg","datePublished":"2024-08-01T06:08:25+00:00","dateModified":"2026-01-09T03:55:35+00:00","description":"\u63a2\u7d22Crudo\u7cbe\u9078\u540a\u589c\u91d1\u5c6c\u724c\uff0c\u591a\u6b3e\u8a2d\u8a08\u8207\u6750\u8cea\u53ef\u4f9b\u9078\u64c7\u3002\u63d0\u4f9b\u514d\u8cbb\u523b\u5b57\u670d\u52d9\uff0c\u6253\u9020\u7368\u4e00\u7121\u4e8c\u7684\u500b\u4eba\u98a8\u683c\u3002\u7acb\u5373\u9078\u8cfc\uff0c\u5c55\u73fe\u60a8\u7684\u54c1\u5473\u3002","breadcrumb":{"@id":"https:\/\/crudo-leather.com\/product\/crayon-shinchan-customized-box-chain-gemstone-bracelet-twilight-silver-blue-goldstone-2\/#breadcrumb"},"inLanguage":"en-US","potentialAction":[{"@type":"ReadAction","target":["https:\/\/crudo-leather.com\/product\/crayon-shinchan-customized-box-chain-gemstone-bracelet-twilight-silver-blue-goldstone-2\/"]}]},{"@type":"ImageObject","inLanguage":"en-US","@id":"https:\/\/crudo-leather.com\/product\/crayon-shinchan-customized-box-chain-gemstone-bracelet-twilight-silver-blue-goldstone-2\/#primaryimage","url":"https:\/\/crudo-leather.com\/wp-content\/uploads\/2024\/08\/SC_ZBT26_WBG__bluestone_silver_a.jpg","contentUrl":"https:\/\/crudo-leather.com\/wp-content\/uploads\/2024\/08\/SC_ZBT26_WBG__bluestone_silver_a.jpg","width":640,"height":640},{"@type":"BreadcrumbList","@id":"https:\/\/crudo-leather.com\/product\/crayon-shinchan-customized-box-chain-gemstone-bracelet-twilight-silver-blue-goldstone-2\/#breadcrumb","itemListElement":[{"@type":"ListItem","position":1,"name":"Shop","item":"https:\/\/crudo-leather.com\/shop\/"},{"@type":"ListItem","position":2,"name":"Crayon Shinchan Customized Box Chain Gemstone Bracelet"}]},{"@type":"WebSite","@id":"https:\/\/crudo-leather.com\/#website","url":"https:\/\/crudo-leather.com\/","name":"Crudo","description":"","potentialAction":[{"@type":"SearchAction","target":{"@type":"EntryPoint","urlTemplate":"https:\/\/crudo-leather.com\/?s={search_term_string}"},"query-input":{"@type":"PropertyValueSpecification","valueRequired":true,"valueName":"search_term_string"}}],"inLanguage":"en-US"}]}},"_links":{"self":[{"href":"https:\/\/crudo-leather.com\/de\/wp-json\/wp\/v2\/product\/2454"}],"collection":[{"href":"https:\/\/crudo-leather.com\/de\/wp-json\/wp\/v2\/product"}],"about":[{"href":"https:\/\/crudo-leather.com\/de\/wp-json\/wp\/v2\/types\/product"}],"replies":[{"embeddable":true,"href":"https:\/\/crudo-leather.com\/de\/wp-json\/wp\/v2\/comments?post=2454"}],"wp:featuredmedia":[{"embeddable":true,"href":"https:\/\/crudo-leather.com\/de\/wp-json\/wp\/v2\/media\/346406"}],"wp:attachment":[{"href":"https:\/\/crudo-leather.com\/de\/wp-json\/wp\/v2\/media?parent=2454"}],"wp:term":[{"taxonomy":"collection","embeddable":true,"href":"https:\/\/crudo-leather.com\/de\/wp-json\/wp\/v2\/collection?post=2454"},{"taxonomy":"trending_cat","embeddable":true,"href":"https:\/\/crudo-leather.com\/de\/wp-json\/wp\/v2\/trending_cat?post=2454"},{"taxonomy":"product_cat","embeddable":true,"href":"https:\/\/crudo-leather.com\/de\/wp-json\/wp\/v2\/product_cat?post=2454"},{"taxonomy":"product_tag","embeddable":true,"href":"https:\/\/crudo-leather.com\/de\/wp-json\/wp\/v2\/product_tag?post=2454"}],"curies":[{"name":"wp","href":"https:\/\/api.w.org\/{rel}","templated":true}]}}