{"id":2463,"date":"2024-08-01T14:08:39","date_gmt":"2024-08-01T06:08:39","guid":{"rendered":"https:\/\/crudo-leather.com\/product\/hello-kitty-customized-silver-beaded-heart-tag-bracelet-white-gold\/"},"modified":"2026-03-18T17:20:31","modified_gmt":"2026-03-18T09:20:31","slug":"hello-kitty-customized-silver-beaded-heart-tag-bracelet-white-gold","status":"publish","type":"product","link":"https:\/\/crudo-leather.com\/de\/product\/hello-kitty-customized-silver-beaded-heart-tag-bracelet-white-gold\/","title":{"rendered":"Hello Kitty Limited Edition ma\u00dfgeschmiedete reine Silberperlenarmband"},"content":{"rendered":"","protected":false},"excerpt":{"rendered":"<strong>**Bitte w\u00e4hlen Sie mindestens ein Hello Kitty Metall- oder Sterlingsilber-Anh\u00e4nger aus, sonst wird das Produkt nur mit dem urspr\u00fcnglichen Crudo runden Anh\u00e4nger geliefert und nicht mit der Hello Kitty Special Edition Geschenkbox**\u00a0<\/strong>\n\n<ins><strong>Hello Kitty x Crudo<\/strong><\/ins>\nSay HELLO! Die klassischen Hello Kitty Metall- und Sterlingsilber-Accessoires der 70er Jahre sind bei Crudo angekommen. Die lebhafte Hello Kitty, ob sie ein Flugzeug fliegt oder Fahrrad f\u00e4hrt, jedes niedliche Design ist einfach liebenswert! Einige Anh\u00e4nger sind mit Strasssteinen besetzt, die klassische Hello Kitty erh\u00e4lt einen Hauch von leichtem Luxus. Gestalten Sie jetzt Ihr zeitloses, pers\u00f6nliches Alltagsaccessoire!\n\n<strong>Klicken Sie auf \"In den Warenkorb legen und gestalten\", um Ihren Gravurtext zu entwerfen<\/strong>\n- Offiziell lizenziertes Sanrio Produkt\n- Hello Kitty 70er Jahre klassisches Design Metall- oder Sterlingsilber-Anh\u00e4nger, frei kombinierbar und an einem Sterlingsilber-Perlenarmband befestigbar\n- Beim Kauf des Hello Kitty Special Edition Sterlingsilber-Edelstein-Perlenarmbands erhalten Sie die Hello Kitty Special Edition Geschenkbox mit abl\u00f6sbarer Gru\u00dfkarte (inklusive Geschenkkarte und Produktgarantie)\n- Hergestellt aus 925 Sterlingsilber-Perlen, eleganter und luxuri\u00f6ser Look\n- H\u00fcbsches herzf\u00f6rmiges Anh\u00e4ngersymbol, eine Seite mit funkelnden Edelsteinen besetzt, die andere Seite kann personalisiert mit Lasergravur versehen werden\n- Mit verstellbarem Verschluss, passt sich perfekt dem Handgelenk an\n- Kostenloser Gravurservice, verschiedene Schriftarten, Emojis und Gravurvorschl\u00e4ge zur Auswahl\n- Verblasst und oxidiert nicht leicht, dauerhafte Haltbarkeit\n- Sterlingsilberschmuck ist f\u00fcr Menschen mit empfindlicher Haut geeignet\n\n<strong>Produktionszeit und Versanddetails<\/strong>\n- Jedes Produkt ben\u00f6tigt nur 1-5 Werktage zur Fertigstellung\n- Bestellungen von heute k\u00f6nnen bereits morgen versendet werden\n- Nur erh\u00e4ltlich in Hongkong, Macau, Festlandchina, Japan, S\u00fcdkorea und S\u00fcdamerika (au\u00dfer Panama)","protected":false},"featured_media":6290,"comment_status":"open","ping_status":"closed","template":"","meta":{"inline_featured_image":false},"collection":[2289],"trending_cat":[],"product_cat":[17],"product_tag":[2405],"class_list":{"0":"post-2463","1":"product","2":"type-product","3":"status-publish","4":"has-post-thumbnail","6":"product_cat-bracelets-cuffs","7":"product_tag-hello-kitty-sanrio-characters","9":"first","10":"instock","11":"sale","12":"shipping-taxable","13":"purchasable","14":"product-type-variable"},"yoast_head":"<!-- This site is optimized with the Yoast SEO plugin v23.4 - https:\/\/yoast.com\/wordpress\/plugins\/seo\/ -->\n<title>Crudo Hello Kitty personalisiertes Perlenherzanh\u00e4ngerarmband - Platin<\/title>\n<meta name=\"description\" content=\"Entdecken Sie die Crudo Hello Kitty Limited Edition Platin-Silberperlen-Armkette mit einem raffinierten Herz-Anh\u00e4nger, die kostenlos mit Lasergravur personalisiert werden kann. 925er Silberperlen und ein verstellbarer Verschluss, geeignet f\u00fcr empfindliche Haut. Inklusive Hello Kitty-Geschenkbox, um einzigartige Liebe zu schenken.\" \/>\n<meta name=\"robots\" content=\"index, follow, max-snippet:-1, max-image-preview:large, max-video-preview:-1\" \/>\n<link rel=\"canonical\" href=\"https:\/\/crudo-leather.com\/de\/product\/hello-kitty-customized-silver-beaded-heart-tag-bracelet-white-gold\/\" \/>\n<meta property=\"og:locale\" content=\"en_US\" \/>\n<meta property=\"og:type\" content=\"article\" \/>\n<meta property=\"og:title\" content=\"Crudo Hello Kitty personalisiertes Perlenherzanh\u00e4ngerarmband - Platin\" \/>\n<meta property=\"og:description\" content=\"Entdecken Sie die Crudo Hello Kitty Limited Edition Platin-Silberperlen-Armkette mit einem raffinierten Herz-Anh\u00e4nger, die kostenlos mit Lasergravur personalisiert werden kann. 925er Silberperlen und ein verstellbarer Verschluss, geeignet f\u00fcr empfindliche Haut. Inklusive Hello Kitty-Geschenkbox, um einzigartige Liebe zu schenken.\" \/>\n<meta property=\"og:url\" content=\"https:\/\/crudo-leather.com\/product\/hello-kitty-customized-silver-beaded-heart-tag-bracelet-white-gold\/\" \/>\n<meta property=\"og:site_name\" content=\"Crudo\" \/>\n<meta property=\"article:modified_time\" content=\"2026-03-18T09:20:31+00:00\" \/>\n<meta property=\"og:image\" content=\"https:\/\/crudo-leather.com\/wp-content\/uploads\/2024\/08\/beadwomen-silver_kt01.jpg\" \/>\n\t<meta property=\"og:image:width\" content=\"2000\" \/>\n\t<meta property=\"og:image:height\" content=\"2000\" \/>\n\t<meta property=\"og:image:type\" content=\"image\/jpeg\" \/>\n<meta name=\"twitter:card\" content=\"summary_large_image\" \/>\n<meta name=\"twitter:label1\" content=\"Est. reading time\" \/>\n\t<meta name=\"twitter:data1\" content=\"1 minute\" \/>\n<script type=\"application\/ld+json\" class=\"yoast-schema-graph\">{\"@context\":\"https:\/\/schema.org\",\"@graph\":[{\"@type\":\"WebPage\",\"@id\":\"https:\/\/crudo-leather.com\/product\/hello-kitty-customized-silver-beaded-heart-tag-bracelet-white-gold\/\",\"url\":\"https:\/\/crudo-leather.com\/product\/hello-kitty-customized-silver-beaded-heart-tag-bracelet-white-gold\/\",\"name\":\"Hello Kitty White Gold Heart Tag Beaded Bracelet\",\"isPartOf\":{\"@id\":\"https:\/\/crudo-leather.com\/#website\"},\"primaryImageOfPage\":{\"@id\":\"https:\/\/crudo-leather.com\/product\/hello-kitty-customized-silver-beaded-heart-tag-bracelet-white-gold\/#primaryimage\"},\"image\":{\"@id\":\"https:\/\/crudo-leather.com\/product\/hello-kitty-customized-silver-beaded-heart-tag-bracelet-white-gold\/#primaryimage\"},\"thumbnailUrl\":\"https:\/\/crudo-leather.com\/wp-content\/uploads\/2024\/08\/beadwomen-silver_kt01.jpg\",\"datePublished\":\"2024-08-01T06:08:39+00:00\",\"dateModified\":\"2026-03-18T09:20:31+00:00\",\"description\":\"Adorn your wrist with the Hello Kitty Customized Silver Beaded Heart Tag Bracelet in White Gold. A charming and personal accessory.\",\"breadcrumb\":{\"@id\":\"https:\/\/crudo-leather.com\/product\/hello-kitty-customized-silver-beaded-heart-tag-bracelet-white-gold\/#breadcrumb\"},\"inLanguage\":\"en-US\",\"potentialAction\":[{\"@type\":\"ReadAction\",\"target\":[\"https:\/\/crudo-leather.com\/product\/hello-kitty-customized-silver-beaded-heart-tag-bracelet-white-gold\/\"]}]},{\"@type\":\"ImageObject\",\"inLanguage\":\"en-US\",\"@id\":\"https:\/\/crudo-leather.com\/product\/hello-kitty-customized-silver-beaded-heart-tag-bracelet-white-gold\/#primaryimage\",\"url\":\"https:\/\/crudo-leather.com\/wp-content\/uploads\/2024\/08\/beadwomen-silver_kt01.jpg\",\"contentUrl\":\"https:\/\/crudo-leather.com\/wp-content\/uploads\/2024\/08\/beadwomen-silver_kt01.jpg\",\"width\":2000,\"height\":2000},{\"@type\":\"BreadcrumbList\",\"@id\":\"https:\/\/crudo-leather.com\/product\/hello-kitty-customized-silver-beaded-heart-tag-bracelet-white-gold\/#breadcrumb\",\"itemListElement\":[{\"@type\":\"ListItem\",\"position\":1,\"name\":\"Shop\",\"item\":\"https:\/\/crudo-leather.com\/shop\/\"},{\"@type\":\"ListItem\",\"position\":2,\"name\":\"Hello Kitty Customized Silver Beaded Heart Tag Bracelet\"}]},{\"@type\":\"WebSite\",\"@id\":\"https:\/\/crudo-leather.com\/#website\",\"url\":\"https:\/\/crudo-leather.com\/\",\"name\":\"Crudo\",\"description\":\"\",\"potentialAction\":[{\"@type\":\"SearchAction\",\"target\":{\"@type\":\"EntryPoint\",\"urlTemplate\":\"https:\/\/crudo-leather.com\/?s={search_term_string}\"},\"query-input\":{\"@type\":\"PropertyValueSpecification\",\"valueRequired\":true,\"valueName\":\"search_term_string\"}}],\"inLanguage\":\"en-US\"}]}<\/script>\n<!-- \/ Yoast SEO plugin. -->","yoast_head_json":{"title":"Crudo Hello Kitty personalisiertes Perlenherzanh\u00e4ngerarmband - Platin","description":"Entdecken Sie die Crudo Hello Kitty Limited Edition Platin-Silberperlen-Armkette mit einem raffinierten Herz-Anh\u00e4nger, die kostenlos mit Lasergravur personalisiert werden kann. 925er Silberperlen und ein verstellbarer Verschluss, geeignet f\u00fcr empfindliche Haut. Inklusive Hello Kitty-Geschenkbox, um einzigartige Liebe zu schenken.","robots":{"index":"index","follow":"follow","max-snippet":"max-snippet:-1","max-image-preview":"max-image-preview:large","max-video-preview":"max-video-preview:-1"},"canonical":"https:\/\/crudo-leather.com\/de\/product\/hello-kitty-customized-silver-beaded-heart-tag-bracelet-white-gold\/","og_locale":"en_US","og_type":"article","og_title":"Crudo Hello Kitty personalisiertes Perlenherzanh\u00e4ngerarmband - Platin","og_description":"Entdecken Sie die Crudo Hello Kitty Limited Edition Platin-Silberperlen-Armkette mit einem raffinierten Herz-Anh\u00e4nger, die kostenlos mit Lasergravur personalisiert werden kann. 925er Silberperlen und ein verstellbarer Verschluss, geeignet f\u00fcr empfindliche Haut. Inklusive Hello Kitty-Geschenkbox, um einzigartige Liebe zu schenken.","og_url":"https:\/\/crudo-leather.com\/product\/hello-kitty-customized-silver-beaded-heart-tag-bracelet-white-gold\/","og_site_name":"Crudo","article_modified_time":"2026-03-18T09:20:31+00:00","og_image":[{"width":2000,"height":2000,"url":"https:\/\/crudo-leather.com\/wp-content\/uploads\/2024\/08\/beadwomen-silver_kt01.jpg","type":"image\/jpeg"}],"twitter_card":"summary_large_image","twitter_misc":{"Est. reading time":"1 minute"},"schema":{"@context":"https:\/\/schema.org","@graph":[{"@type":"WebPage","@id":"https:\/\/crudo-leather.com\/product\/hello-kitty-customized-silver-beaded-heart-tag-bracelet-white-gold\/","url":"https:\/\/crudo-leather.com\/product\/hello-kitty-customized-silver-beaded-heart-tag-bracelet-white-gold\/","name":"Hello Kitty White Gold Heart Tag Beaded Bracelet","isPartOf":{"@id":"https:\/\/crudo-leather.com\/#website"},"primaryImageOfPage":{"@id":"https:\/\/crudo-leather.com\/product\/hello-kitty-customized-silver-beaded-heart-tag-bracelet-white-gold\/#primaryimage"},"image":{"@id":"https:\/\/crudo-leather.com\/product\/hello-kitty-customized-silver-beaded-heart-tag-bracelet-white-gold\/#primaryimage"},"thumbnailUrl":"https:\/\/crudo-leather.com\/wp-content\/uploads\/2024\/08\/beadwomen-silver_kt01.jpg","datePublished":"2024-08-01T06:08:39+00:00","dateModified":"2026-03-18T09:20:31+00:00","description":"Adorn your wrist with the Hello Kitty Customized Silver Beaded Heart Tag Bracelet in White Gold. A charming and personal accessory.","breadcrumb":{"@id":"https:\/\/crudo-leather.com\/product\/hello-kitty-customized-silver-beaded-heart-tag-bracelet-white-gold\/#breadcrumb"},"inLanguage":"en-US","potentialAction":[{"@type":"ReadAction","target":["https:\/\/crudo-leather.com\/product\/hello-kitty-customized-silver-beaded-heart-tag-bracelet-white-gold\/"]}]},{"@type":"ImageObject","inLanguage":"en-US","@id":"https:\/\/crudo-leather.com\/product\/hello-kitty-customized-silver-beaded-heart-tag-bracelet-white-gold\/#primaryimage","url":"https:\/\/crudo-leather.com\/wp-content\/uploads\/2024\/08\/beadwomen-silver_kt01.jpg","contentUrl":"https:\/\/crudo-leather.com\/wp-content\/uploads\/2024\/08\/beadwomen-silver_kt01.jpg","width":2000,"height":2000},{"@type":"BreadcrumbList","@id":"https:\/\/crudo-leather.com\/product\/hello-kitty-customized-silver-beaded-heart-tag-bracelet-white-gold\/#breadcrumb","itemListElement":[{"@type":"ListItem","position":1,"name":"Shop","item":"https:\/\/crudo-leather.com\/shop\/"},{"@type":"ListItem","position":2,"name":"Hello Kitty Customized Silver Beaded Heart Tag Bracelet"}]},{"@type":"WebSite","@id":"https:\/\/crudo-leather.com\/#website","url":"https:\/\/crudo-leather.com\/","name":"Crudo","description":"","potentialAction":[{"@type":"SearchAction","target":{"@type":"EntryPoint","urlTemplate":"https:\/\/crudo-leather.com\/?s={search_term_string}"},"query-input":{"@type":"PropertyValueSpecification","valueRequired":true,"valueName":"search_term_string"}}],"inLanguage":"en-US"}]}},"_links":{"self":[{"href":"https:\/\/crudo-leather.com\/de\/wp-json\/wp\/v2\/product\/2463"}],"collection":[{"href":"https:\/\/crudo-leather.com\/de\/wp-json\/wp\/v2\/product"}],"about":[{"href":"https:\/\/crudo-leather.com\/de\/wp-json\/wp\/v2\/types\/product"}],"replies":[{"embeddable":true,"href":"https:\/\/crudo-leather.com\/de\/wp-json\/wp\/v2\/comments?post=2463"}],"wp:featuredmedia":[{"embeddable":true,"href":"https:\/\/crudo-leather.com\/de\/wp-json\/wp\/v2\/media\/6290"}],"wp:attachment":[{"href":"https:\/\/crudo-leather.com\/de\/wp-json\/wp\/v2\/media?parent=2463"}],"wp:term":[{"taxonomy":"collection","embeddable":true,"href":"https:\/\/crudo-leather.com\/de\/wp-json\/wp\/v2\/collection?post=2463"},{"taxonomy":"trending_cat","embeddable":true,"href":"https:\/\/crudo-leather.com\/de\/wp-json\/wp\/v2\/trending_cat?post=2463"},{"taxonomy":"product_cat","embeddable":true,"href":"https:\/\/crudo-leather.com\/de\/wp-json\/wp\/v2\/product_cat?post=2463"},{"taxonomy":"product_tag","embeddable":true,"href":"https:\/\/crudo-leather.com\/de\/wp-json\/wp\/v2\/product_tag?post=2463"}],"curies":[{"name":"wp","href":"https:\/\/api.w.org\/{rel}","templated":true}]}}