{"id":2504,"date":"2024-08-01T14:09:41","date_gmt":"2024-08-01T06:09:41","guid":{"rendered":"https:\/\/crudo-leather.com\/product\/la-memoria-double-woven-leather-bracelet-olive-green-rose-gold-edition\/"},"modified":"2025-12-09T17:07:41","modified_gmt":"2025-12-09T09:07:41","slug":"la-memoria-double-woven-leather-bracelet-olive-green-rose-gold-edition","status":"publish","type":"product","link":"https:\/\/crudo-leather.com\/de\/product\/la-memoria-double-woven-leather-bracelet-olive-green-rose-gold-edition\/","title":{"rendered":"La Memoria Doppelt geflochtenes Lederarmband"},"content":{"rendered":"","protected":false},"excerpt":{"rendered":"<strong>Klicken Sie auf \"In den Warenkorb legen und gestalten\"<\/strong><strong>\"<\/strong><strong>, um Ihren Gravurtext zu gestalten<\/strong>\n\n<strong>Beschreibung :<\/strong>\n\n- Hergestellt aus italienischem Vollrindleder\n- Minimalistisches Einzelstrang-Doppelschnur-Design\n- Spezielles T-f\u00f6rmiges Verschlussdesign, auf dem personalisierte S\u00e4tze graviert werden k\u00f6nnen\n- R\u00f6misches Uhrdesign auf einem runden Stahlring graviert, um die Zeit mit Ihren Lieben festzuhalten\n- Verblasst und oxidiert nicht leicht, dauerhafte Aufbewahrung\n- Geeignet f\u00fcr Menschen mit empfindlicher Haut\n- \u00dcber 20 Schriftarten, 100 Emojis und 60 Gravurvorschl\u00e4ge zur Auswahl\n- Kostenloses Upgrade zum exquisiten Geschenkset (inklusive Geschenkkarte und Produktgarantie)\n\n<strong>Produktionszeit und Versanddetails<\/strong><strong> <\/strong>\n- Jedes Produkt ben\u00f6tigt nur 1-5 Werktage zur Fertigstellung\n- Bei Bestellung heute kann es bereits morgen versendet werden\n- Weltweiter Versand","protected":false},"featured_media":6489,"comment_status":"open","ping_status":"closed","template":"","meta":{"inline_featured_image":false},"collection":[2263],"trending_cat":[],"product_cat":[17],"product_tag":[],"class_list":{"0":"post-2504","1":"product","2":"type-product","3":"status-publish","4":"has-post-thumbnail","6":"product_cat-bracelets-cuffs","8":"first","9":"instock","10":"sale","11":"shipping-taxable","12":"purchasable","13":"product-type-variable"},"yoast_head":"<!-- This site is optimized with the Yoast SEO plugin v23.4 - https:\/\/yoast.com\/wordpress\/plugins\/seo\/ -->\n<title>La Memoria Doppelt geflochtenes Lederarmband Olivgr\u00fcn Ros\u00e9gold Edition<\/title>\n<meta name=\"description\" content=\"Crudo La Memoria Doppelt geflochtenes Lederarmband, hergestellt aus italienischem Vollrindleder und 316L deutschem Stahl, personalisierbare Gravur. Olivgr\u00fcn Ros\u00e9gold, minimalistisches Design, symbolisiert ewige Erinnerung, geeignet f\u00fcr empfindliche Haut.\" \/>\n<meta name=\"robots\" content=\"index, follow, max-snippet:-1, max-image-preview:large, max-video-preview:-1\" \/>\n<link rel=\"canonical\" href=\"https:\/\/crudo-leather.com\/de\/product\/la-memoria-double-woven-leather-bracelet-olive-green-rose-gold-edition\/\" \/>\n<meta property=\"og:locale\" content=\"en_US\" \/>\n<meta property=\"og:type\" content=\"article\" \/>\n<meta property=\"og:title\" content=\"La Memoria Doppelt geflochtenes Lederarmband Olivgr\u00fcn Ros\u00e9gold Edition\" \/>\n<meta property=\"og:description\" content=\"Crudo La Memoria Doppelt geflochtenes Lederarmband, hergestellt aus italienischem Vollrindleder und 316L deutschem Stahl, personalisierbare Gravur. Olivgr\u00fcn Ros\u00e9gold, minimalistisches Design, symbolisiert ewige Erinnerung, geeignet f\u00fcr empfindliche Haut.\" \/>\n<meta property=\"og:url\" content=\"https:\/\/crudo-leather.com\/product\/la-memoria-double-woven-leather-bracelet-olive-green-rose-gold-edition\/\" \/>\n<meta property=\"og:site_name\" content=\"Crudo\" \/>\n<meta property=\"article:modified_time\" content=\"2025-12-09T09:07:41+00:00\" \/>\n<meta property=\"og:image\" content=\"https:\/\/crudo-leather.com\/wp-content\/uploads\/2024\/08\/brt07_4mm_green.jpg\" \/>\n\t<meta property=\"og:image:width\" content=\"640\" \/>\n\t<meta property=\"og:image:height\" content=\"640\" \/>\n\t<meta property=\"og:image:type\" content=\"image\/jpeg\" \/>\n<meta name=\"twitter:card\" content=\"summary_large_image\" \/>\n<meta name=\"twitter:label1\" content=\"Est. reading time\" \/>\n\t<meta name=\"twitter:data1\" content=\"1 minute\" \/>\n<script type=\"application\/ld+json\" class=\"yoast-schema-graph\">{\"@context\":\"https:\/\/schema.org\",\"@graph\":[{\"@type\":\"WebPage\",\"@id\":\"https:\/\/crudo-leather.com\/product\/la-memoria-double-woven-leather-bracelet-olive-green-rose-gold-edition\/\",\"url\":\"https:\/\/crudo-leather.com\/product\/la-memoria-double-woven-leather-bracelet-olive-green-rose-gold-edition\/\",\"name\":\"La Memoria Double Woven Bracelet: Olive Green Rose Gold\",\"isPartOf\":{\"@id\":\"https:\/\/crudo-leather.com\/#website\"},\"primaryImageOfPage\":{\"@id\":\"https:\/\/crudo-leather.com\/product\/la-memoria-double-woven-leather-bracelet-olive-green-rose-gold-edition\/#primaryimage\"},\"image\":{\"@id\":\"https:\/\/crudo-leather.com\/product\/la-memoria-double-woven-leather-bracelet-olive-green-rose-gold-edition\/#primaryimage\"},\"thumbnailUrl\":\"https:\/\/crudo-leather.com\/wp-content\/uploads\/2024\/08\/brt07_4mm_green.jpg\",\"datePublished\":\"2024-08-01T06:09:41+00:00\",\"dateModified\":\"2025-12-09T09:07:41+00:00\",\"description\":\"Earthy elegance with the La Memoria Double Woven Leather Bracelet in Olive Green Rose Gold. A stylish and unique accessory.\",\"breadcrumb\":{\"@id\":\"https:\/\/crudo-leather.com\/product\/la-memoria-double-woven-leather-bracelet-olive-green-rose-gold-edition\/#breadcrumb\"},\"inLanguage\":\"en-US\",\"potentialAction\":[{\"@type\":\"ReadAction\",\"target\":[\"https:\/\/crudo-leather.com\/product\/la-memoria-double-woven-leather-bracelet-olive-green-rose-gold-edition\/\"]}]},{\"@type\":\"ImageObject\",\"inLanguage\":\"en-US\",\"@id\":\"https:\/\/crudo-leather.com\/product\/la-memoria-double-woven-leather-bracelet-olive-green-rose-gold-edition\/#primaryimage\",\"url\":\"https:\/\/crudo-leather.com\/wp-content\/uploads\/2024\/08\/brt07_4mm_green.jpg\",\"contentUrl\":\"https:\/\/crudo-leather.com\/wp-content\/uploads\/2024\/08\/brt07_4mm_green.jpg\",\"width\":640,\"height\":640},{\"@type\":\"BreadcrumbList\",\"@id\":\"https:\/\/crudo-leather.com\/product\/la-memoria-double-woven-leather-bracelet-olive-green-rose-gold-edition\/#breadcrumb\",\"itemListElement\":[{\"@type\":\"ListItem\",\"position\":1,\"name\":\"Shop\",\"item\":\"https:\/\/crudo-leather.com\/shop\/\"},{\"@type\":\"ListItem\",\"position\":2,\"name\":\"La Memoria Double Woven Leather Bracelet\"}]},{\"@type\":\"WebSite\",\"@id\":\"https:\/\/crudo-leather.com\/#website\",\"url\":\"https:\/\/crudo-leather.com\/\",\"name\":\"Crudo\",\"description\":\"\",\"potentialAction\":[{\"@type\":\"SearchAction\",\"target\":{\"@type\":\"EntryPoint\",\"urlTemplate\":\"https:\/\/crudo-leather.com\/?s={search_term_string}\"},\"query-input\":{\"@type\":\"PropertyValueSpecification\",\"valueRequired\":true,\"valueName\":\"search_term_string\"}}],\"inLanguage\":\"en-US\"}]}<\/script>\n<!-- \/ Yoast SEO plugin. -->","yoast_head_json":{"title":"La Memoria Doppelt geflochtenes Lederarmband Olivgr\u00fcn Ros\u00e9gold Edition","description":"Crudo La Memoria Doppelt geflochtenes Lederarmband, hergestellt aus italienischem Vollrindleder und 316L deutschem Stahl, personalisierbare Gravur. Olivgr\u00fcn Ros\u00e9gold, minimalistisches Design, symbolisiert ewige Erinnerung, geeignet f\u00fcr empfindliche Haut.","robots":{"index":"index","follow":"follow","max-snippet":"max-snippet:-1","max-image-preview":"max-image-preview:large","max-video-preview":"max-video-preview:-1"},"canonical":"https:\/\/crudo-leather.com\/de\/product\/la-memoria-double-woven-leather-bracelet-olive-green-rose-gold-edition\/","og_locale":"en_US","og_type":"article","og_title":"La Memoria Doppelt geflochtenes Lederarmband Olivgr\u00fcn Ros\u00e9gold Edition","og_description":"Crudo La Memoria Doppelt geflochtenes Lederarmband, hergestellt aus italienischem Vollrindleder und 316L deutschem Stahl, personalisierbare Gravur. Olivgr\u00fcn Ros\u00e9gold, minimalistisches Design, symbolisiert ewige Erinnerung, geeignet f\u00fcr empfindliche Haut.","og_url":"https:\/\/crudo-leather.com\/product\/la-memoria-double-woven-leather-bracelet-olive-green-rose-gold-edition\/","og_site_name":"Crudo","article_modified_time":"2025-12-09T09:07:41+00:00","og_image":[{"width":640,"height":640,"url":"https:\/\/crudo-leather.com\/wp-content\/uploads\/2024\/08\/brt07_4mm_green.jpg","type":"image\/jpeg"}],"twitter_card":"summary_large_image","twitter_misc":{"Est. reading time":"1 minute"},"schema":{"@context":"https:\/\/schema.org","@graph":[{"@type":"WebPage","@id":"https:\/\/crudo-leather.com\/product\/la-memoria-double-woven-leather-bracelet-olive-green-rose-gold-edition\/","url":"https:\/\/crudo-leather.com\/product\/la-memoria-double-woven-leather-bracelet-olive-green-rose-gold-edition\/","name":"La Memoria Double Woven Bracelet: Olive Green Rose Gold","isPartOf":{"@id":"https:\/\/crudo-leather.com\/#website"},"primaryImageOfPage":{"@id":"https:\/\/crudo-leather.com\/product\/la-memoria-double-woven-leather-bracelet-olive-green-rose-gold-edition\/#primaryimage"},"image":{"@id":"https:\/\/crudo-leather.com\/product\/la-memoria-double-woven-leather-bracelet-olive-green-rose-gold-edition\/#primaryimage"},"thumbnailUrl":"https:\/\/crudo-leather.com\/wp-content\/uploads\/2024\/08\/brt07_4mm_green.jpg","datePublished":"2024-08-01T06:09:41+00:00","dateModified":"2025-12-09T09:07:41+00:00","description":"Earthy elegance with the La Memoria Double Woven Leather Bracelet in Olive Green Rose Gold. A stylish and unique accessory.","breadcrumb":{"@id":"https:\/\/crudo-leather.com\/product\/la-memoria-double-woven-leather-bracelet-olive-green-rose-gold-edition\/#breadcrumb"},"inLanguage":"en-US","potentialAction":[{"@type":"ReadAction","target":["https:\/\/crudo-leather.com\/product\/la-memoria-double-woven-leather-bracelet-olive-green-rose-gold-edition\/"]}]},{"@type":"ImageObject","inLanguage":"en-US","@id":"https:\/\/crudo-leather.com\/product\/la-memoria-double-woven-leather-bracelet-olive-green-rose-gold-edition\/#primaryimage","url":"https:\/\/crudo-leather.com\/wp-content\/uploads\/2024\/08\/brt07_4mm_green.jpg","contentUrl":"https:\/\/crudo-leather.com\/wp-content\/uploads\/2024\/08\/brt07_4mm_green.jpg","width":640,"height":640},{"@type":"BreadcrumbList","@id":"https:\/\/crudo-leather.com\/product\/la-memoria-double-woven-leather-bracelet-olive-green-rose-gold-edition\/#breadcrumb","itemListElement":[{"@type":"ListItem","position":1,"name":"Shop","item":"https:\/\/crudo-leather.com\/shop\/"},{"@type":"ListItem","position":2,"name":"La Memoria Double Woven Leather Bracelet"}]},{"@type":"WebSite","@id":"https:\/\/crudo-leather.com\/#website","url":"https:\/\/crudo-leather.com\/","name":"Crudo","description":"","potentialAction":[{"@type":"SearchAction","target":{"@type":"EntryPoint","urlTemplate":"https:\/\/crudo-leather.com\/?s={search_term_string}"},"query-input":{"@type":"PropertyValueSpecification","valueRequired":true,"valueName":"search_term_string"}}],"inLanguage":"en-US"}]}},"_links":{"self":[{"href":"https:\/\/crudo-leather.com\/de\/wp-json\/wp\/v2\/product\/2504"}],"collection":[{"href":"https:\/\/crudo-leather.com\/de\/wp-json\/wp\/v2\/product"}],"about":[{"href":"https:\/\/crudo-leather.com\/de\/wp-json\/wp\/v2\/types\/product"}],"replies":[{"embeddable":true,"href":"https:\/\/crudo-leather.com\/de\/wp-json\/wp\/v2\/comments?post=2504"}],"wp:featuredmedia":[{"embeddable":true,"href":"https:\/\/crudo-leather.com\/de\/wp-json\/wp\/v2\/media\/6489"}],"wp:attachment":[{"href":"https:\/\/crudo-leather.com\/de\/wp-json\/wp\/v2\/media?parent=2504"}],"wp:term":[{"taxonomy":"collection","embeddable":true,"href":"https:\/\/crudo-leather.com\/de\/wp-json\/wp\/v2\/collection?post=2504"},{"taxonomy":"trending_cat","embeddable":true,"href":"https:\/\/crudo-leather.com\/de\/wp-json\/wp\/v2\/trending_cat?post=2504"},{"taxonomy":"product_cat","embeddable":true,"href":"https:\/\/crudo-leather.com\/de\/wp-json\/wp\/v2\/product_cat?post=2504"},{"taxonomy":"product_tag","embeddable":true,"href":"https:\/\/crudo-leather.com\/de\/wp-json\/wp\/v2\/product_tag?post=2504"}],"curies":[{"name":"wp","href":"https:\/\/api.w.org\/{rel}","templated":true}]}}