{"id":2512,"date":"2024-08-01T14:09:54","date_gmt":"2024-08-01T06:09:54","guid":{"rendered":"https:\/\/crudo-leather.com\/product\/manhattan-love-bar-chain-bracelet-ultra-slim-version-sunset-rose-gold\/"},"modified":"2026-02-16T16:03:13","modified_gmt":"2026-02-16T08:03:13","slug":"manhattan-love-bar-chain-bracelet-ultra-slim-version-sunset-rose-gold","status":"publish","type":"product","link":"https:\/\/crudo-leather.com\/de\/product\/manhattan-love-bar-chain-bracelet-ultra-slim-version-sunset-rose-gold\/","title":{"rendered":"Manhattan Love Rechteckiger Stahlstab Armband (schlanke Version)"},"content":{"rendered":"","protected":false},"excerpt":{"rendered":"<strong>Manhattan Liebesgeschichte<\/strong>\n\"She wants to meet me at the top of the Empire State Building\", sagte der Hauptdarsteller Sam Baldwin im Film Sleepless in Seattle.\nInspiriert von einer Liebesgeschichte, die sich im Empire State Building in Manhattan ereignete. Das Manhattan Love rechteckige Stahlarmband symbolisiert die enge Verbindung zwischen Liebenden, die sie schlie\u00dflich zusammenf\u00fchrt.\n\n<strong>Klicken Sie auf \"In den Warenkorb legen und gestalten\"<\/strong><strong>\"<\/strong><strong>, um Ihren Gravurtext zu gestalten<\/strong>\n\n<strong>Beschreibung :<\/strong>\n\n- Design inspiriert vom modernen und modischen Stijl Manhattans\n- Einzigartiger kleiner achteckiger rechteckiger Stahlstab und elegante Perlenquadratkette, inspiriert vom Empire State Building in Manhattan\n- Hergestellt aus 316L Edelstahl\n- Verriegelbare Metallschlaufe symbolisiert eine untrennbare Beziehung\n- Einfarbige oder zweifarbige Armbandstile verf\u00fcgbar\n- Kann allein oder gestapelt getragen werden\n- Beide Seiten der rechteckigen Metallplatte k\u00f6nnen mit personalisierten S\u00e4tzen graviert werden\n- \u00dcber 20 Schriftarten, 100 Emojis und 60 Gravurvorschl\u00e4ge zur Auswahl\n- Kostenloses Upgrade zum eleganten Geschenkset (inklusive Geschenkkarte und Produktgarantie)\n\n<strong>Produktionszeit und Versanddetails<\/strong><strong> <\/strong>\n- Jedes Produkt ben\u00f6tigt nur 1-5 Werktage zur Fertigstellung\n- Bei Bestellung heute kann es bereits morgen versendet werden\n- Weltweiter Versand","protected":false},"featured_media":6540,"comment_status":"open","ping_status":"closed","template":"","meta":{"inline_featured_image":false},"collection":[],"trending_cat":[2400],"product_cat":[17],"product_tag":[],"class_list":{"0":"post-2512","1":"product","2":"type-product","3":"status-publish","4":"has-post-thumbnail","6":"trending_cat-urban-love-collection","7":"product_cat-bracelets-cuffs","9":"first","10":"instock","11":"sale","12":"shipping-taxable","13":"purchasable","14":"product-type-variable"},"yoast_head":"<!-- This site is optimized with the Yoast SEO plugin v23.4 - https:\/\/yoast.com\/wordpress\/plugins\/seo\/ -->\n<title>Manhattan Love Rechteckiger Stahlstab Armband Schlanke Version Sonnenuntergang Ros\u00e9gold<\/title>\n<meta name=\"description\" content=\"Crudo Manhattan Love schmale Stahlarmband, aus 316L deutschem Stahl gefertigt, Sonnenuntergang Ros\u00e9gold romantisch und bezaubernd. Personalisierte Gravur m\u00f6glich, symbolisiert die Manhattan Liebesgeschichte, leicht und bequem.\" \/>\n<meta name=\"robots\" content=\"index, follow, max-snippet:-1, max-image-preview:large, max-video-preview:-1\" \/>\n<link rel=\"canonical\" href=\"https:\/\/crudo-leather.com\/de\/product\/manhattan-love-bar-chain-bracelet-ultra-slim-version-sunset-rose-gold\/\" \/>\n<meta property=\"og:locale\" content=\"en_US\" \/>\n<meta property=\"og:type\" content=\"article\" \/>\n<meta property=\"og:title\" content=\"Manhattan Love Rechteckiger Stahlstab Armband Schlanke Version Sonnenuntergang Ros\u00e9gold\" \/>\n<meta property=\"og:description\" content=\"Crudo Manhattan Love schmale Stahlarmband, aus 316L deutschem Stahl gefertigt, Sonnenuntergang Ros\u00e9gold romantisch und bezaubernd. Personalisierte Gravur m\u00f6glich, symbolisiert die Manhattan Liebesgeschichte, leicht und bequem.\" \/>\n<meta property=\"og:url\" content=\"https:\/\/crudo-leather.com\/product\/manhattan-love-bar-chain-bracelet-ultra-slim-version-sunset-rose-gold\/\" \/>\n<meta property=\"og:site_name\" content=\"Crudo\" \/>\n<meta property=\"article:modified_time\" content=\"2026-02-16T08:03:13+00:00\" \/>\n<meta property=\"og:image\" content=\"https:\/\/crudo-leather.com\/wp-content\/uploads\/2024\/08\/zbt09_rgd_wbg_a.jpg\" \/>\n\t<meta property=\"og:image:width\" content=\"640\" \/>\n\t<meta property=\"og:image:height\" content=\"640\" \/>\n\t<meta property=\"og:image:type\" content=\"image\/jpeg\" \/>\n<meta name=\"twitter:card\" content=\"summary_large_image\" \/>\n<meta name=\"twitter:label1\" content=\"Est. reading time\" \/>\n\t<meta name=\"twitter:data1\" content=\"1 minute\" \/>\n<script type=\"application\/ld+json\" class=\"yoast-schema-graph\">{\"@context\":\"https:\/\/schema.org\",\"@graph\":[{\"@type\":\"WebPage\",\"@id\":\"https:\/\/crudo-leather.com\/product\/manhattan-love-bar-chain-bracelet-ultra-slim-version-sunset-rose-gold\/\",\"url\":\"https:\/\/crudo-leather.com\/product\/manhattan-love-bar-chain-bracelet-ultra-slim-version-sunset-rose-gold\/\",\"name\":\"Manhattan Love Bar Chain Bracelet - Ultra Slim Sunset Rose Gold\",\"isPartOf\":{\"@id\":\"https:\/\/crudo-leather.com\/#website\"},\"primaryImageOfPage\":{\"@id\":\"https:\/\/crudo-leather.com\/product\/manhattan-love-bar-chain-bracelet-ultra-slim-version-sunset-rose-gold\/#primaryimage\"},\"image\":{\"@id\":\"https:\/\/crudo-leather.com\/product\/manhattan-love-bar-chain-bracelet-ultra-slim-version-sunset-rose-gold\/#primaryimage\"},\"thumbnailUrl\":\"https:\/\/crudo-leather.com\/wp-content\/uploads\/2024\/08\/zbt09_rgd_wbg_a.jpg\",\"datePublished\":\"2024-08-01T06:09:54+00:00\",\"dateModified\":\"2026-02-16T08:03:13+00:00\",\"description\":\"Discover Manhattan Love bar chain bracelet in ultra slim sunset rose gold. Delicate design, perfect for a warm glow. A modern and chic accessory. Shop now!\",\"breadcrumb\":{\"@id\":\"https:\/\/crudo-leather.com\/product\/manhattan-love-bar-chain-bracelet-ultra-slim-version-sunset-rose-gold\/#breadcrumb\"},\"inLanguage\":\"en-US\",\"potentialAction\":[{\"@type\":\"ReadAction\",\"target\":[\"https:\/\/crudo-leather.com\/product\/manhattan-love-bar-chain-bracelet-ultra-slim-version-sunset-rose-gold\/\"]}]},{\"@type\":\"ImageObject\",\"inLanguage\":\"en-US\",\"@id\":\"https:\/\/crudo-leather.com\/product\/manhattan-love-bar-chain-bracelet-ultra-slim-version-sunset-rose-gold\/#primaryimage\",\"url\":\"https:\/\/crudo-leather.com\/wp-content\/uploads\/2024\/08\/zbt09_rgd_wbg_a.jpg\",\"contentUrl\":\"https:\/\/crudo-leather.com\/wp-content\/uploads\/2024\/08\/zbt09_rgd_wbg_a.jpg\",\"width\":640,\"height\":640},{\"@type\":\"BreadcrumbList\",\"@id\":\"https:\/\/crudo-leather.com\/product\/manhattan-love-bar-chain-bracelet-ultra-slim-version-sunset-rose-gold\/#breadcrumb\",\"itemListElement\":[{\"@type\":\"ListItem\",\"position\":1,\"name\":\"Shop\",\"item\":\"https:\/\/crudo-leather.com\/shop\/\"},{\"@type\":\"ListItem\",\"position\":2,\"name\":\"Manhattan Love Bar Chain Bracelet (Ultra Slim Version)\"}]},{\"@type\":\"WebSite\",\"@id\":\"https:\/\/crudo-leather.com\/#website\",\"url\":\"https:\/\/crudo-leather.com\/\",\"name\":\"Crudo\",\"description\":\"\",\"potentialAction\":[{\"@type\":\"SearchAction\",\"target\":{\"@type\":\"EntryPoint\",\"urlTemplate\":\"https:\/\/crudo-leather.com\/?s={search_term_string}\"},\"query-input\":{\"@type\":\"PropertyValueSpecification\",\"valueRequired\":true,\"valueName\":\"search_term_string\"}}],\"inLanguage\":\"en-US\"}]}<\/script>\n<!-- \/ Yoast SEO plugin. -->","yoast_head_json":{"title":"Manhattan Love Rechteckiger Stahlstab Armband Schlanke Version Sonnenuntergang Ros\u00e9gold","description":"Crudo Manhattan Love schmale Stahlarmband, aus 316L deutschem Stahl gefertigt, Sonnenuntergang Ros\u00e9gold romantisch und bezaubernd. Personalisierte Gravur m\u00f6glich, symbolisiert die Manhattan Liebesgeschichte, leicht und bequem.","robots":{"index":"index","follow":"follow","max-snippet":"max-snippet:-1","max-image-preview":"max-image-preview:large","max-video-preview":"max-video-preview:-1"},"canonical":"https:\/\/crudo-leather.com\/de\/product\/manhattan-love-bar-chain-bracelet-ultra-slim-version-sunset-rose-gold\/","og_locale":"en_US","og_type":"article","og_title":"Manhattan Love Rechteckiger Stahlstab Armband Schlanke Version Sonnenuntergang Ros\u00e9gold","og_description":"Crudo Manhattan Love schmale Stahlarmband, aus 316L deutschem Stahl gefertigt, Sonnenuntergang Ros\u00e9gold romantisch und bezaubernd. Personalisierte Gravur m\u00f6glich, symbolisiert die Manhattan Liebesgeschichte, leicht und bequem.","og_url":"https:\/\/crudo-leather.com\/product\/manhattan-love-bar-chain-bracelet-ultra-slim-version-sunset-rose-gold\/","og_site_name":"Crudo","article_modified_time":"2026-02-16T08:03:13+00:00","og_image":[{"width":640,"height":640,"url":"https:\/\/crudo-leather.com\/wp-content\/uploads\/2024\/08\/zbt09_rgd_wbg_a.jpg","type":"image\/jpeg"}],"twitter_card":"summary_large_image","twitter_misc":{"Est. reading time":"1 minute"},"schema":{"@context":"https:\/\/schema.org","@graph":[{"@type":"WebPage","@id":"https:\/\/crudo-leather.com\/product\/manhattan-love-bar-chain-bracelet-ultra-slim-version-sunset-rose-gold\/","url":"https:\/\/crudo-leather.com\/product\/manhattan-love-bar-chain-bracelet-ultra-slim-version-sunset-rose-gold\/","name":"Manhattan Love Bar Chain Bracelet - Ultra Slim Sunset Rose Gold","isPartOf":{"@id":"https:\/\/crudo-leather.com\/#website"},"primaryImageOfPage":{"@id":"https:\/\/crudo-leather.com\/product\/manhattan-love-bar-chain-bracelet-ultra-slim-version-sunset-rose-gold\/#primaryimage"},"image":{"@id":"https:\/\/crudo-leather.com\/product\/manhattan-love-bar-chain-bracelet-ultra-slim-version-sunset-rose-gold\/#primaryimage"},"thumbnailUrl":"https:\/\/crudo-leather.com\/wp-content\/uploads\/2024\/08\/zbt09_rgd_wbg_a.jpg","datePublished":"2024-08-01T06:09:54+00:00","dateModified":"2026-02-16T08:03:13+00:00","description":"Discover Manhattan Love bar chain bracelet in ultra slim sunset rose gold. Delicate design, perfect for a warm glow. A modern and chic accessory. Shop now!","breadcrumb":{"@id":"https:\/\/crudo-leather.com\/product\/manhattan-love-bar-chain-bracelet-ultra-slim-version-sunset-rose-gold\/#breadcrumb"},"inLanguage":"en-US","potentialAction":[{"@type":"ReadAction","target":["https:\/\/crudo-leather.com\/product\/manhattan-love-bar-chain-bracelet-ultra-slim-version-sunset-rose-gold\/"]}]},{"@type":"ImageObject","inLanguage":"en-US","@id":"https:\/\/crudo-leather.com\/product\/manhattan-love-bar-chain-bracelet-ultra-slim-version-sunset-rose-gold\/#primaryimage","url":"https:\/\/crudo-leather.com\/wp-content\/uploads\/2024\/08\/zbt09_rgd_wbg_a.jpg","contentUrl":"https:\/\/crudo-leather.com\/wp-content\/uploads\/2024\/08\/zbt09_rgd_wbg_a.jpg","width":640,"height":640},{"@type":"BreadcrumbList","@id":"https:\/\/crudo-leather.com\/product\/manhattan-love-bar-chain-bracelet-ultra-slim-version-sunset-rose-gold\/#breadcrumb","itemListElement":[{"@type":"ListItem","position":1,"name":"Shop","item":"https:\/\/crudo-leather.com\/shop\/"},{"@type":"ListItem","position":2,"name":"Manhattan Love Bar Chain Bracelet (Ultra Slim Version)"}]},{"@type":"WebSite","@id":"https:\/\/crudo-leather.com\/#website","url":"https:\/\/crudo-leather.com\/","name":"Crudo","description":"","potentialAction":[{"@type":"SearchAction","target":{"@type":"EntryPoint","urlTemplate":"https:\/\/crudo-leather.com\/?s={search_term_string}"},"query-input":{"@type":"PropertyValueSpecification","valueRequired":true,"valueName":"search_term_string"}}],"inLanguage":"en-US"}]}},"_links":{"self":[{"href":"https:\/\/crudo-leather.com\/de\/wp-json\/wp\/v2\/product\/2512"}],"collection":[{"href":"https:\/\/crudo-leather.com\/de\/wp-json\/wp\/v2\/product"}],"about":[{"href":"https:\/\/crudo-leather.com\/de\/wp-json\/wp\/v2\/types\/product"}],"replies":[{"embeddable":true,"href":"https:\/\/crudo-leather.com\/de\/wp-json\/wp\/v2\/comments?post=2512"}],"wp:featuredmedia":[{"embeddable":true,"href":"https:\/\/crudo-leather.com\/de\/wp-json\/wp\/v2\/media\/6540"}],"wp:attachment":[{"href":"https:\/\/crudo-leather.com\/de\/wp-json\/wp\/v2\/media?parent=2512"}],"wp:term":[{"taxonomy":"collection","embeddable":true,"href":"https:\/\/crudo-leather.com\/de\/wp-json\/wp\/v2\/collection?post=2512"},{"taxonomy":"trending_cat","embeddable":true,"href":"https:\/\/crudo-leather.com\/de\/wp-json\/wp\/v2\/trending_cat?post=2512"},{"taxonomy":"product_cat","embeddable":true,"href":"https:\/\/crudo-leather.com\/de\/wp-json\/wp\/v2\/product_cat?post=2512"},{"taxonomy":"product_tag","embeddable":true,"href":"https:\/\/crudo-leather.com\/de\/wp-json\/wp\/v2\/product_tag?post=2512"}],"curies":[{"name":"wp","href":"https:\/\/api.w.org\/{rel}","templated":true}]}}