{"id":2554,"date":"2024-08-01T14:10:59","date_gmt":"2024-08-01T06:10:59","guid":{"rendered":"https:\/\/crudo-leather.com\/product\/le-ondata-stainless-steel-customized-bangle-rose-gold\/"},"modified":"2025-05-20T12:04:49","modified_gmt":"2025-05-20T04:04:49","slug":"le-ondata-stainless-steel-customized-bangle-rose-gold","status":"publish","type":"product","link":"https:\/\/crudo-leather.com\/de\/product\/le-ondata-stainless-steel-customized-bangle-rose-gold\/","title":{"rendered":"Le Ondata personalisiertes Armband aus Edelstahl"},"content":{"rendered":"","protected":false},"excerpt":{"rendered":"<p>Liebe ist wie eine Welle, die niemals aufh\u00f6rt. Lass diese tiefe Zuneigung auf dem Le Ondata Edelstahl personalisierten Armreif erbl\u00fchen, wie eine Welle, die sich ausbreitet und zu einem ewigen Zeugnis wird.<\/p>\n\n<p><strong>Klicken Sie auf \"Zum Warenkorb hinzuf\u00fcgen und gestalten\"<\/strong><strong>\"<\/strong><strong>, um Ihren Gravurinhalt zu gestalten<\/strong><\/p>\n\n<p><strong>Beschreibung :<\/strong><br \/>\n- Hergestellt aus feinstem 316L Edelstahl<br \/>\n- Handgefertigt von Kunsthandwerkern<br \/>\n- Flexibel biegbar und in der Gr\u00f6\u00dfe anpassbar<br \/>\n- Einzigartiges Twisted-Design verleiht dem Armreif einen besonderen Wassermuster-Glanz im Licht<br \/>\n- Kostenloses Upgrade auf ein elegantes Geschenkset (inklusive Geschenkkarte und Produktgarantie)<br \/>\n- Kostenloser Lasergravur-Service<br \/>\n- \u00dcber 20 Schriftarten, 100 Emojis und 60 Gravurvorschl\u00e4ge zur Auswahl<\/p>\n\n<p><strong>Herstellungszeit und Versanddetails<\/strong><strong> <\/strong><br \/>\n- Jedes Produkt ben\u00f6tigt nur 1-5 Werktage zur Herstellung<br \/>\n- Bestellungen von heute k\u00f6nnen bereits morgen versendet werden<br \/>\n- Weltweiter Versand<\/p>","protected":false},"featured_media":6794,"comment_status":"open","ping_status":"closed","template":"","meta":{"inline_featured_image":false},"collection":[],"trending_cat":[],"product_cat":[2371],"product_tag":[],"class_list":{"0":"post-2554","1":"product","2":"type-product","3":"status-publish","4":"has-post-thumbnail","6":"product_cat-cuff","8":"first","9":"instock","10":"sale","11":"shipping-taxable","12":"purchasable","13":"product-type-variable"},"yoast_head":"<!-- This site is optimized with the Yoast SEO plugin v23.4 - https:\/\/yoast.com\/wordpress\/plugins\/seo\/ -->\n<title>Le Ondata Edelstahl personalisiertes Armband Ros\u00e9gold<\/title>\n<meta name=\"description\" content=\"Crudo Le Ondata Edelstahl personalisiertes Armband, 316L deutscher Edelstahl, Ros\u00e9gold elegant und bezaubernd. Einzigartiges Wellenmuster-Design, Gr\u00f6\u00dfe und Gravur frei anpassbar.\" \/>\n<meta name=\"robots\" content=\"index, follow, max-snippet:-1, max-image-preview:large, max-video-preview:-1\" \/>\n<link rel=\"canonical\" href=\"https:\/\/crudo-leather.com\/de\/product\/le-ondata-stainless-steel-customized-bangle-rose-gold\/\" \/>\n<meta property=\"og:locale\" content=\"en_US\" \/>\n<meta property=\"og:type\" content=\"article\" \/>\n<meta property=\"og:title\" content=\"Le Ondata Edelstahl personalisiertes Armband Ros\u00e9gold\" \/>\n<meta property=\"og:description\" content=\"Crudo Le Ondata Edelstahl personalisiertes Armband, 316L deutscher Edelstahl, Ros\u00e9gold elegant und bezaubernd. Einzigartiges Wellenmuster-Design, Gr\u00f6\u00dfe und Gravur frei anpassbar.\" \/>\n<meta property=\"og:url\" content=\"https:\/\/crudo-leather.com\/product\/le-ondata-stainless-steel-customized-bangle-rose-gold\/\" \/>\n<meta property=\"og:site_name\" content=\"Crudo\" \/>\n<meta property=\"article:modified_time\" content=\"2025-05-20T04:04:49+00:00\" \/>\n<meta property=\"og:image\" content=\"https:\/\/crudo-leather.com\/wp-content\/uploads\/2024\/08\/men_steelsm2_1_0001_steels_w2_1.jpg\" \/>\n\t<meta property=\"og:image:width\" content=\"2000\" \/>\n\t<meta property=\"og:image:height\" content=\"2000\" \/>\n\t<meta property=\"og:image:type\" content=\"image\/jpeg\" \/>\n<meta name=\"twitter:card\" content=\"summary_large_image\" \/>\n<script type=\"application\/ld+json\" class=\"yoast-schema-graph\">{\"@context\":\"https:\/\/schema.org\",\"@graph\":[{\"@type\":\"WebPage\",\"@id\":\"https:\/\/crudo-leather.com\/product\/le-ondata-stainless-steel-customized-bangle-rose-gold\/\",\"url\":\"https:\/\/crudo-leather.com\/product\/le-ondata-stainless-steel-customized-bangle-rose-gold\/\",\"name\":\"Le Ondata Stainless Steel Customized Bangle - Rose Gold\",\"isPartOf\":{\"@id\":\"https:\/\/crudo-leather.com\/#website\"},\"primaryImageOfPage\":{\"@id\":\"https:\/\/crudo-leather.com\/product\/le-ondata-stainless-steel-customized-bangle-rose-gold\/#primaryimage\"},\"image\":{\"@id\":\"https:\/\/crudo-leather.com\/product\/le-ondata-stainless-steel-customized-bangle-rose-gold\/#primaryimage\"},\"thumbnailUrl\":\"https:\/\/crudo-leather.com\/wp-content\/uploads\/2024\/08\/men_steelsm2_1_0001_steels_w2_1.jpg\",\"datePublished\":\"2024-08-01T06:10:59+00:00\",\"dateModified\":\"2025-05-20T04:04:49+00:00\",\"description\":\"Discover Le Ondata stainless steel customized bangle in rose gold. Sleek design, durable material, and customizable engraving. A modern and personal accessory. Shop now!\",\"breadcrumb\":{\"@id\":\"https:\/\/crudo-leather.com\/product\/le-ondata-stainless-steel-customized-bangle-rose-gold\/#breadcrumb\"},\"inLanguage\":\"en-US\",\"potentialAction\":[{\"@type\":\"ReadAction\",\"target\":[\"https:\/\/crudo-leather.com\/product\/le-ondata-stainless-steel-customized-bangle-rose-gold\/\"]}]},{\"@type\":\"ImageObject\",\"inLanguage\":\"en-US\",\"@id\":\"https:\/\/crudo-leather.com\/product\/le-ondata-stainless-steel-customized-bangle-rose-gold\/#primaryimage\",\"url\":\"https:\/\/crudo-leather.com\/wp-content\/uploads\/2024\/08\/men_steelsm2_1_0001_steels_w2_1.jpg\",\"contentUrl\":\"https:\/\/crudo-leather.com\/wp-content\/uploads\/2024\/08\/men_steelsm2_1_0001_steels_w2_1.jpg\",\"width\":2000,\"height\":2000},{\"@type\":\"BreadcrumbList\",\"@id\":\"https:\/\/crudo-leather.com\/product\/le-ondata-stainless-steel-customized-bangle-rose-gold\/#breadcrumb\",\"itemListElement\":[{\"@type\":\"ListItem\",\"position\":1,\"name\":\"Shop\",\"item\":\"https:\/\/crudo-leather.com\/shop\/\"},{\"@type\":\"ListItem\",\"position\":2,\"name\":\"Le Ondata Stainless Steel Customized Bangle\"}]},{\"@type\":\"WebSite\",\"@id\":\"https:\/\/crudo-leather.com\/#website\",\"url\":\"https:\/\/crudo-leather.com\/\",\"name\":\"Crudo\",\"description\":\"\",\"potentialAction\":[{\"@type\":\"SearchAction\",\"target\":{\"@type\":\"EntryPoint\",\"urlTemplate\":\"https:\/\/crudo-leather.com\/?s={search_term_string}\"},\"query-input\":{\"@type\":\"PropertyValueSpecification\",\"valueRequired\":true,\"valueName\":\"search_term_string\"}}],\"inLanguage\":\"en-US\"}]}<\/script>\n<!-- \/ Yoast SEO plugin. -->","yoast_head_json":{"title":"Le Ondata Edelstahl personalisiertes Armband Ros\u00e9gold","description":"Crudo Le Ondata Edelstahl personalisiertes Armband, 316L deutscher Edelstahl, Ros\u00e9gold elegant und bezaubernd. Einzigartiges Wellenmuster-Design, Gr\u00f6\u00dfe und Gravur frei anpassbar.","robots":{"index":"index","follow":"follow","max-snippet":"max-snippet:-1","max-image-preview":"max-image-preview:large","max-video-preview":"max-video-preview:-1"},"canonical":"https:\/\/crudo-leather.com\/de\/product\/le-ondata-stainless-steel-customized-bangle-rose-gold\/","og_locale":"en_US","og_type":"article","og_title":"Le Ondata Edelstahl personalisiertes Armband Ros\u00e9gold","og_description":"Crudo Le Ondata Edelstahl personalisiertes Armband, 316L deutscher Edelstahl, Ros\u00e9gold elegant und bezaubernd. Einzigartiges Wellenmuster-Design, Gr\u00f6\u00dfe und Gravur frei anpassbar.","og_url":"https:\/\/crudo-leather.com\/product\/le-ondata-stainless-steel-customized-bangle-rose-gold\/","og_site_name":"Crudo","article_modified_time":"2025-05-20T04:04:49+00:00","og_image":[{"width":2000,"height":2000,"url":"https:\/\/crudo-leather.com\/wp-content\/uploads\/2024\/08\/men_steelsm2_1_0001_steels_w2_1.jpg","type":"image\/jpeg"}],"twitter_card":"summary_large_image","schema":{"@context":"https:\/\/schema.org","@graph":[{"@type":"WebPage","@id":"https:\/\/crudo-leather.com\/product\/le-ondata-stainless-steel-customized-bangle-rose-gold\/","url":"https:\/\/crudo-leather.com\/product\/le-ondata-stainless-steel-customized-bangle-rose-gold\/","name":"Le Ondata Stainless Steel Customized Bangle - Rose Gold","isPartOf":{"@id":"https:\/\/crudo-leather.com\/#website"},"primaryImageOfPage":{"@id":"https:\/\/crudo-leather.com\/product\/le-ondata-stainless-steel-customized-bangle-rose-gold\/#primaryimage"},"image":{"@id":"https:\/\/crudo-leather.com\/product\/le-ondata-stainless-steel-customized-bangle-rose-gold\/#primaryimage"},"thumbnailUrl":"https:\/\/crudo-leather.com\/wp-content\/uploads\/2024\/08\/men_steelsm2_1_0001_steels_w2_1.jpg","datePublished":"2024-08-01T06:10:59+00:00","dateModified":"2025-05-20T04:04:49+00:00","description":"Discover Le Ondata stainless steel customized bangle in rose gold. Sleek design, durable material, and customizable engraving. A modern and personal accessory. Shop now!","breadcrumb":{"@id":"https:\/\/crudo-leather.com\/product\/le-ondata-stainless-steel-customized-bangle-rose-gold\/#breadcrumb"},"inLanguage":"en-US","potentialAction":[{"@type":"ReadAction","target":["https:\/\/crudo-leather.com\/product\/le-ondata-stainless-steel-customized-bangle-rose-gold\/"]}]},{"@type":"ImageObject","inLanguage":"en-US","@id":"https:\/\/crudo-leather.com\/product\/le-ondata-stainless-steel-customized-bangle-rose-gold\/#primaryimage","url":"https:\/\/crudo-leather.com\/wp-content\/uploads\/2024\/08\/men_steelsm2_1_0001_steels_w2_1.jpg","contentUrl":"https:\/\/crudo-leather.com\/wp-content\/uploads\/2024\/08\/men_steelsm2_1_0001_steels_w2_1.jpg","width":2000,"height":2000},{"@type":"BreadcrumbList","@id":"https:\/\/crudo-leather.com\/product\/le-ondata-stainless-steel-customized-bangle-rose-gold\/#breadcrumb","itemListElement":[{"@type":"ListItem","position":1,"name":"Shop","item":"https:\/\/crudo-leather.com\/shop\/"},{"@type":"ListItem","position":2,"name":"Le Ondata Stainless Steel Customized Bangle"}]},{"@type":"WebSite","@id":"https:\/\/crudo-leather.com\/#website","url":"https:\/\/crudo-leather.com\/","name":"Crudo","description":"","potentialAction":[{"@type":"SearchAction","target":{"@type":"EntryPoint","urlTemplate":"https:\/\/crudo-leather.com\/?s={search_term_string}"},"query-input":{"@type":"PropertyValueSpecification","valueRequired":true,"valueName":"search_term_string"}}],"inLanguage":"en-US"}]}},"_links":{"self":[{"href":"https:\/\/crudo-leather.com\/de\/wp-json\/wp\/v2\/product\/2554"}],"collection":[{"href":"https:\/\/crudo-leather.com\/de\/wp-json\/wp\/v2\/product"}],"about":[{"href":"https:\/\/crudo-leather.com\/de\/wp-json\/wp\/v2\/types\/product"}],"replies":[{"embeddable":true,"href":"https:\/\/crudo-leather.com\/de\/wp-json\/wp\/v2\/comments?post=2554"}],"wp:featuredmedia":[{"embeddable":true,"href":"https:\/\/crudo-leather.com\/de\/wp-json\/wp\/v2\/media\/6794"}],"wp:attachment":[{"href":"https:\/\/crudo-leather.com\/de\/wp-json\/wp\/v2\/media?parent=2554"}],"wp:term":[{"taxonomy":"collection","embeddable":true,"href":"https:\/\/crudo-leather.com\/de\/wp-json\/wp\/v2\/collection?post=2554"},{"taxonomy":"trending_cat","embeddable":true,"href":"https:\/\/crudo-leather.com\/de\/wp-json\/wp\/v2\/trending_cat?post=2554"},{"taxonomy":"product_cat","embeddable":true,"href":"https:\/\/crudo-leather.com\/de\/wp-json\/wp\/v2\/product_cat?post=2554"},{"taxonomy":"product_tag","embeddable":true,"href":"https:\/\/crudo-leather.com\/de\/wp-json\/wp\/v2\/product_tag?post=2554"}],"curies":[{"name":"wp","href":"https:\/\/api.w.org\/{rel}","templated":true}]}}