{"id":2568,"date":"2024-08-01T14:11:22","date_gmt":"2024-08-01T06:11:22","guid":{"rendered":"https:\/\/crudo-leather.com\/product\/peanuts-customized-leather-gemstone-bracelet-swan-white-mother-of-pearl\/"},"modified":"2026-02-03T12:07:37","modified_gmt":"2026-02-03T04:07:37","slug":"peanuts-customized-leather-gemstone-bracelet-swan-white-mother-of-pearl","status":"publish","type":"product","link":"https:\/\/crudo-leather.com\/de\/product\/peanuts-customized-leather-gemstone-bracelet-swan-white-mother-of-pearl\/","title":{"rendered":"Snoopy Limited Edition ma\u00dfgeschneidertes geflochtenes Leder Edelsteinarmband"},"content":{"rendered":"","protected":false},"excerpt":{"rendered":"<p>**Bitte w\u00e4hlen Sie mindestens ein PEANUTS Charakter Metallanh\u00e4nger oder 925 Sterling Silber 3D-Anh\u00e4nger aus, sonst wird das Produkt nur mit dem urspr\u00fcnglichen Crudo runden Anh\u00e4nger geliefert und nicht mit der PEANUTS Special Edition Geschenkbox**\u00a0<br \/><br \/><ins><strong>Crudo x PEANUTS<\/strong><\/ins><br \/>Crudo pr\u00e4sentiert in Zusammenarbeit mit PEANUTS eine offiziell lizenzierte, limitierte Edition geflochtener Lederarmb\u00e4nder. Die klassischen Charaktere aus \"Peanuts\" verwandeln sich in filigrane, niedliche Metallanh\u00e4nger, die frei kombiniert und an Crudos Premium-Lederarmb\u00e4ndern befestigt werden k\u00f6nnen, um auf humorvolle Weise eine positive und optimistische Einstellung zu vermitteln.\u00a0<br \/><br \/><strong>Klicken Sie auf \"Zum Warenkorb hinzuf\u00fcgen und gestalten\", um Ihren Gravurtext zu entwerfen<\/strong><\/p><p>- Offiziell lizenzierte PEANUTS Kooperations-Lederarmb\u00e4nder<br \/>- Kombinierbar mit 12 klassischen Peanuts-Charakteren, darunter Snoopy, Woodstock, Charlie Brown und Olaf, als bunte Emaille-Metallanh\u00e4nger und 925 Sterling Silber 3D-Anh\u00e4nger\u00a0<br \/>- Beim Kauf eines PEANUTS Lederarmbands erhalten Sie eine PEANUTS limitierte Geschenkbox mit abziehbarer Gru\u00dfkarte (inklusive Geschenkkarte und Produktgarantie)<br \/>- Hergestellt aus italienischem, geflochtenem Rindleder erster Wahl, einem langlebigen Material f\u00fcr dauerhaften Gebrauch<br \/>- Die Oberfl\u00e4che aus 316L Edelstahl ist mit Perlmuttsteinen besetzt<br \/>- Handwerker verwenden pr\u00e4zise Edelsteinschneidetechniken, um das wertvolle Material in einem bezaubernden, funkelnden Glanz erstrahlen zu lassen<br \/>- Jeder Stein ist nat\u00fcrlichen Ursprungs und besitzt eine einzigartige, nat\u00fcrliche Maserung<br \/>- Kostenloser Gravurservice mit verschiedenen Schriftarten, \u00fcber 100 Emojis und 60 Gravurvorschl\u00e4gen zur Auswahl\u00a0<br \/>- Magnetverschluss und exklusives, kleines achteckiges Metall-Design\u00a0<br \/>- Geeignet f\u00fcr Menschen mit empfindlicher Haut\u00a0<br \/>- Hinweis: Das Armband ist nicht f\u00fcr Kinder unter 3 Jahren geeignet<br \/><br \/><strong>Herstellungszeit und Versanddetails<\/strong><br \/>- Jedes Produkt ben\u00f6tigt nur 1-5 Werktage zur Fertigstellung<br \/>- Bestellungen von heute k\u00f6nnen bereits morgen versendet werden<br \/>- Ausschlie\u00dflich erh\u00e4ltlich f\u00fcr Hongkong, Taiwan, Macau, Singapur, Malaysia und das chinesische Festland<\/p>","protected":false},"featured_media":6875,"comment_status":"open","ping_status":"closed","template":"","meta":{"inline_featured_image":false},"collection":[2284],"trending_cat":[2390],"product_cat":[17],"product_tag":[103],"class_list":{"0":"post-2568","1":"product","2":"type-product","3":"status-publish","4":"has-post-thumbnail","6":"trending_cat-ricordi-leather-bracelet","7":"product_cat-bracelets-cuffs","8":"product_tag-peanuts","10":"first","11":"instock","12":"sale","13":"shipping-taxable","14":"purchasable","15":"product-type-variable"},"yoast_head":"<!-- This site is optimized with the Yoast SEO plugin v23.4 - https:\/\/yoast.com\/wordpress\/plugins\/seo\/ -->\n<title>Crudo Peanuts personalisiertes Leder Edelstein Armband - Wei\u00dfer Perlmutt<\/title>\n<meta name=\"description\" content=\"Entdecken Sie das Crudo Peanuts Kollektion Schwanenwei\u00df Perlmutt Leder Edelstein Armband. Italienisches Premium-Rindleder und 316L-Stahl mit eingelegtem nat\u00fcrlichem Perlmutt, Magnetverschluss, kostenlose Gravur und Zubeh\u00f6ranh\u00e4nger erh\u00e4ltlich. Heilende Mode.\" \/>\n<meta name=\"robots\" content=\"index, follow, max-snippet:-1, max-image-preview:large, max-video-preview:-1\" \/>\n<link rel=\"canonical\" href=\"https:\/\/crudo-leather.com\/de\/product\/peanuts-customized-leather-gemstone-bracelet-swan-white-mother-of-pearl\/\" \/>\n<meta property=\"og:locale\" content=\"en_US\" \/>\n<meta property=\"og:type\" content=\"article\" \/>\n<meta property=\"og:title\" content=\"Crudo Peanuts personalisiertes Leder Edelstein Armband - Wei\u00dfer Perlmutt\" \/>\n<meta property=\"og:description\" content=\"Entdecken Sie das Crudo Peanuts Kollektion Schwanenwei\u00df Perlmutt Leder Edelstein Armband. Italienisches Premium-Rindleder und 316L-Stahl mit eingelegtem nat\u00fcrlichem Perlmutt, Magnetverschluss, kostenlose Gravur und Zubeh\u00f6ranh\u00e4nger erh\u00e4ltlich. Heilende Mode.\" \/>\n<meta property=\"og:url\" content=\"https:\/\/crudo-leather.com\/product\/peanuts-customized-leather-gemstone-bracelet-swan-white-mother-of-pearl\/\" \/>\n<meta property=\"og:site_name\" content=\"Crudo\" \/>\n<meta property=\"article:modified_time\" content=\"2026-02-03T04:07:37+00:00\" \/>\n<meta property=\"og:image\" content=\"https:\/\/crudo-leather.com\/wp-content\/uploads\/2024\/08\/sanrio_1st_wbg_brt01stone_white_notag.jpg\" \/>\n\t<meta property=\"og:image:width\" content=\"2000\" \/>\n\t<meta property=\"og:image:height\" content=\"2000\" \/>\n\t<meta property=\"og:image:type\" content=\"image\/jpeg\" \/>\n<meta name=\"twitter:card\" content=\"summary_large_image\" \/>\n<meta name=\"twitter:label1\" content=\"Est. reading time\" \/>\n\t<meta name=\"twitter:data1\" content=\"1 minute\" \/>\n<script type=\"application\/ld+json\" class=\"yoast-schema-graph\">{\"@context\":\"https:\/\/schema.org\",\"@graph\":[{\"@type\":\"WebPage\",\"@id\":\"https:\/\/crudo-leather.com\/product\/peanuts-customized-leather-gemstone-bracelet-swan-white-mother-of-pearl\/\",\"url\":\"https:\/\/crudo-leather.com\/product\/peanuts-customized-leather-gemstone-bracelet-swan-white-mother-of-pearl\/\",\"name\":\"Peanuts Customized Leather Gemstone Bracelet - Swan White Mother of Pearl\",\"isPartOf\":{\"@id\":\"https:\/\/crudo-leather.com\/#website\"},\"primaryImageOfPage\":{\"@id\":\"https:\/\/crudo-leather.com\/product\/peanuts-customized-leather-gemstone-bracelet-swan-white-mother-of-pearl\/#primaryimage\"},\"image\":{\"@id\":\"https:\/\/crudo-leather.com\/product\/peanuts-customized-leather-gemstone-bracelet-swan-white-mother-of-pearl\/#primaryimage\"},\"thumbnailUrl\":\"https:\/\/crudo-leather.com\/wp-content\/uploads\/2024\/08\/sanrio_1st_wbg_brt01stone_white_notag.jpg\",\"datePublished\":\"2024-08-01T06:11:22+00:00\",\"dateModified\":\"2026-02-03T04:07:37+00:00\",\"description\":\"Explore officially licensed Peanuts customized leather gemstone bracelet. Swan white with mother of pearl. Free engraving & luxury gift box. A unique accessory. Shop now!\",\"breadcrumb\":{\"@id\":\"https:\/\/crudo-leather.com\/product\/peanuts-customized-leather-gemstone-bracelet-swan-white-mother-of-pearl\/#breadcrumb\"},\"inLanguage\":\"en-US\",\"potentialAction\":[{\"@type\":\"ReadAction\",\"target\":[\"https:\/\/crudo-leather.com\/product\/peanuts-customized-leather-gemstone-bracelet-swan-white-mother-of-pearl\/\"]}]},{\"@type\":\"ImageObject\",\"inLanguage\":\"en-US\",\"@id\":\"https:\/\/crudo-leather.com\/product\/peanuts-customized-leather-gemstone-bracelet-swan-white-mother-of-pearl\/#primaryimage\",\"url\":\"https:\/\/crudo-leather.com\/wp-content\/uploads\/2024\/08\/sanrio_1st_wbg_brt01stone_white_notag.jpg\",\"contentUrl\":\"https:\/\/crudo-leather.com\/wp-content\/uploads\/2024\/08\/sanrio_1st_wbg_brt01stone_white_notag.jpg\",\"width\":2000,\"height\":2000},{\"@type\":\"BreadcrumbList\",\"@id\":\"https:\/\/crudo-leather.com\/product\/peanuts-customized-leather-gemstone-bracelet-swan-white-mother-of-pearl\/#breadcrumb\",\"itemListElement\":[{\"@type\":\"ListItem\",\"position\":1,\"name\":\"Shop\",\"item\":\"https:\/\/crudo-leather.com\/shop\/\"},{\"@type\":\"ListItem\",\"position\":2,\"name\":\"Snoopy Customized Leather Gemstone Bracelet\"}]},{\"@type\":\"WebSite\",\"@id\":\"https:\/\/crudo-leather.com\/#website\",\"url\":\"https:\/\/crudo-leather.com\/\",\"name\":\"Crudo\",\"description\":\"\",\"potentialAction\":[{\"@type\":\"SearchAction\",\"target\":{\"@type\":\"EntryPoint\",\"urlTemplate\":\"https:\/\/crudo-leather.com\/?s={search_term_string}\"},\"query-input\":{\"@type\":\"PropertyValueSpecification\",\"valueRequired\":true,\"valueName\":\"search_term_string\"}}],\"inLanguage\":\"en-US\"}]}<\/script>\n<!-- \/ Yoast SEO plugin. -->","yoast_head_json":{"title":"Crudo Peanuts personalisiertes Leder Edelstein Armband - Wei\u00dfer Perlmutt","description":"Entdecken Sie das Crudo Peanuts Kollektion Schwanenwei\u00df Perlmutt Leder Edelstein Armband. Italienisches Premium-Rindleder und 316L-Stahl mit eingelegtem nat\u00fcrlichem Perlmutt, Magnetverschluss, kostenlose Gravur und Zubeh\u00f6ranh\u00e4nger erh\u00e4ltlich. Heilende Mode.","robots":{"index":"index","follow":"follow","max-snippet":"max-snippet:-1","max-image-preview":"max-image-preview:large","max-video-preview":"max-video-preview:-1"},"canonical":"https:\/\/crudo-leather.com\/de\/product\/peanuts-customized-leather-gemstone-bracelet-swan-white-mother-of-pearl\/","og_locale":"en_US","og_type":"article","og_title":"Crudo Peanuts personalisiertes Leder Edelstein Armband - Wei\u00dfer Perlmutt","og_description":"Entdecken Sie das Crudo Peanuts Kollektion Schwanenwei\u00df Perlmutt Leder Edelstein Armband. Italienisches Premium-Rindleder und 316L-Stahl mit eingelegtem nat\u00fcrlichem Perlmutt, Magnetverschluss, kostenlose Gravur und Zubeh\u00f6ranh\u00e4nger erh\u00e4ltlich. Heilende Mode.","og_url":"https:\/\/crudo-leather.com\/product\/peanuts-customized-leather-gemstone-bracelet-swan-white-mother-of-pearl\/","og_site_name":"Crudo","article_modified_time":"2026-02-03T04:07:37+00:00","og_image":[{"width":2000,"height":2000,"url":"https:\/\/crudo-leather.com\/wp-content\/uploads\/2024\/08\/sanrio_1st_wbg_brt01stone_white_notag.jpg","type":"image\/jpeg"}],"twitter_card":"summary_large_image","twitter_misc":{"Est. reading time":"1 minute"},"schema":{"@context":"https:\/\/schema.org","@graph":[{"@type":"WebPage","@id":"https:\/\/crudo-leather.com\/product\/peanuts-customized-leather-gemstone-bracelet-swan-white-mother-of-pearl\/","url":"https:\/\/crudo-leather.com\/product\/peanuts-customized-leather-gemstone-bracelet-swan-white-mother-of-pearl\/","name":"Peanuts Customized Leather Gemstone Bracelet - Swan White Mother of Pearl","isPartOf":{"@id":"https:\/\/crudo-leather.com\/#website"},"primaryImageOfPage":{"@id":"https:\/\/crudo-leather.com\/product\/peanuts-customized-leather-gemstone-bracelet-swan-white-mother-of-pearl\/#primaryimage"},"image":{"@id":"https:\/\/crudo-leather.com\/product\/peanuts-customized-leather-gemstone-bracelet-swan-white-mother-of-pearl\/#primaryimage"},"thumbnailUrl":"https:\/\/crudo-leather.com\/wp-content\/uploads\/2024\/08\/sanrio_1st_wbg_brt01stone_white_notag.jpg","datePublished":"2024-08-01T06:11:22+00:00","dateModified":"2026-02-03T04:07:37+00:00","description":"Explore officially licensed Peanuts customized leather gemstone bracelet. Swan white with mother of pearl. Free engraving & luxury gift box. A unique accessory. Shop now!","breadcrumb":{"@id":"https:\/\/crudo-leather.com\/product\/peanuts-customized-leather-gemstone-bracelet-swan-white-mother-of-pearl\/#breadcrumb"},"inLanguage":"en-US","potentialAction":[{"@type":"ReadAction","target":["https:\/\/crudo-leather.com\/product\/peanuts-customized-leather-gemstone-bracelet-swan-white-mother-of-pearl\/"]}]},{"@type":"ImageObject","inLanguage":"en-US","@id":"https:\/\/crudo-leather.com\/product\/peanuts-customized-leather-gemstone-bracelet-swan-white-mother-of-pearl\/#primaryimage","url":"https:\/\/crudo-leather.com\/wp-content\/uploads\/2024\/08\/sanrio_1st_wbg_brt01stone_white_notag.jpg","contentUrl":"https:\/\/crudo-leather.com\/wp-content\/uploads\/2024\/08\/sanrio_1st_wbg_brt01stone_white_notag.jpg","width":2000,"height":2000},{"@type":"BreadcrumbList","@id":"https:\/\/crudo-leather.com\/product\/peanuts-customized-leather-gemstone-bracelet-swan-white-mother-of-pearl\/#breadcrumb","itemListElement":[{"@type":"ListItem","position":1,"name":"Shop","item":"https:\/\/crudo-leather.com\/shop\/"},{"@type":"ListItem","position":2,"name":"Snoopy Customized Leather Gemstone Bracelet"}]},{"@type":"WebSite","@id":"https:\/\/crudo-leather.com\/#website","url":"https:\/\/crudo-leather.com\/","name":"Crudo","description":"","potentialAction":[{"@type":"SearchAction","target":{"@type":"EntryPoint","urlTemplate":"https:\/\/crudo-leather.com\/?s={search_term_string}"},"query-input":{"@type":"PropertyValueSpecification","valueRequired":true,"valueName":"search_term_string"}}],"inLanguage":"en-US"}]}},"_links":{"self":[{"href":"https:\/\/crudo-leather.com\/de\/wp-json\/wp\/v2\/product\/2568"}],"collection":[{"href":"https:\/\/crudo-leather.com\/de\/wp-json\/wp\/v2\/product"}],"about":[{"href":"https:\/\/crudo-leather.com\/de\/wp-json\/wp\/v2\/types\/product"}],"replies":[{"embeddable":true,"href":"https:\/\/crudo-leather.com\/de\/wp-json\/wp\/v2\/comments?post=2568"}],"wp:featuredmedia":[{"embeddable":true,"href":"https:\/\/crudo-leather.com\/de\/wp-json\/wp\/v2\/media\/6875"}],"wp:attachment":[{"href":"https:\/\/crudo-leather.com\/de\/wp-json\/wp\/v2\/media?parent=2568"}],"wp:term":[{"taxonomy":"collection","embeddable":true,"href":"https:\/\/crudo-leather.com\/de\/wp-json\/wp\/v2\/collection?post=2568"},{"taxonomy":"trending_cat","embeddable":true,"href":"https:\/\/crudo-leather.com\/de\/wp-json\/wp\/v2\/trending_cat?post=2568"},{"taxonomy":"product_cat","embeddable":true,"href":"https:\/\/crudo-leather.com\/de\/wp-json\/wp\/v2\/product_cat?post=2568"},{"taxonomy":"product_tag","embeddable":true,"href":"https:\/\/crudo-leather.com\/de\/wp-json\/wp\/v2\/product_tag?post=2568"}],"curies":[{"name":"wp","href":"https:\/\/api.w.org\/{rel}","templated":true}]}}