{"id":2606,"date":"2024-08-01T14:12:20","date_gmt":"2024-08-01T06:12:20","guid":{"rendered":"https:\/\/crudo-leather.com\/product\/crayon-shinchan-customized-metal-box-chain-bracelet-twilight-silver\/"},"modified":"2026-03-18T17:47:41","modified_gmt":"2026-03-18T09:47:41","slug":"crayon-shinchan-customized-metal-box-chain-bracelet-twilight-silver","status":"publish","type":"product","link":"https:\/\/crudo-leather.com\/de\/product\/crayon-shinchan-customized-metal-box-chain-bracelet-twilight-silver\/","title":{"rendered":"Crayon Shinchan Limited Edition ma\u00dfgeschmiedetes quadratisches Stahlarmband"},"content":{"rendered":"","protected":false},"excerpt":{"rendered":"<p>**Bitte w\u00e4hlen Sie mindestens ein Crayon Shinchan Metall-Anh\u00e4nger aus, sonst wird das Produkt nur mit dem urspr\u00fcnglichen Crudo runden Anh\u00e4nger geliefert und nicht mit der Crayon Shinchan Special Edition Geschenkbox**<\/p>\n\n<p><ins><strong>Crudo x Crayon Shinchan<\/strong><\/ins><\/p>\n\n<p>Crudo kooperiert mit der beliebten japanischen Cartoon-Figur \"Crayon Shinchan\" und pr\u00e4sentiert eine Reihe von lustigen und niedlichen Lederaccessoires. Verschiedene Versionen von Shinchan und seinen Freunden und Familienmitgliedern verwandeln sich in filigrane Metall-Anh\u00e4nger, die frei mit dem preisgekr\u00f6nten Lederarmband kombiniert werden k\u00f6nnen. Kombiniert mit dem exklusiven Crudo Personalisierungs-Service f\u00fcr Gravuren, erstellen Sie sofort Ihr einzigartiges und unterhaltsames Accessoire!<\/p>\n\n<p><br \/>\n<strong>Klicken Sie auf \"In den Warenkorb legen und gestalten\", um Ihre Gravur zu entwerfen<\/strong><\/p>\n\n<p>- Offiziell lizenzierte Crayon Shinchan Produkte aus Japan<br \/>\n- Mehrere verschiedene Metall-Anh\u00e4nger mit Shinchan und seinen Freunden\/Familie, die frei kombiniert und an einem Stahlarmband befestigt werden k\u00f6nnen<br \/>\n- Beim Kauf einer Crayon Shinchan Limited Edition Stahlarmband-Kette erhalten Sie die Crayon Shinchan Limited Edition Geschenkbox, deren Deckel als Gru\u00dfkarte abgetrennt werden kann<br \/>\n- Einzigartige, achteckig geschliffene rechteckige Stahlst\u00e4be kombiniert mit speziell entworfenen quadratischen Edelstahlketten<br \/>\n- Hergestellt aus 316L Westdeutschem Edelstahl<br \/>\n- Verblasst und oxidiert nicht leicht, bleibt dauerhaft erhalten<br \/>\n- Geeignet f\u00fcr Menschen mit empfindlicher Haut<br \/>\n- Kann einzeln oder gestapelt getragen werden<br \/>\n- Magnetverschluss-Design<br \/>\n- Mehrere Schriftarten, \u00fcber 100 Emojis und 60 Gravurvorschl\u00e4ge zur Auswahl<\/p>\n\n<p><br \/>\n<strong>Produktionszeit und Versanddetails<\/strong><br \/>\n- Jedes Produkt ben\u00f6tigt nur 1-5 Werktage zur Fertigstellung<br \/>\n- Bestellungen von heute k\u00f6nnen bereits morgen versendet werden<br \/>\n- Nur in Hongkong, Taiwan und Macau erh\u00e4ltlich<\/p>","protected":false},"featured_media":7040,"comment_status":"open","ping_status":"closed","template":"","meta":{"inline_featured_image":false},"collection":[2287],"trending_cat":[2391],"product_cat":[17],"product_tag":[101],"class_list":{"0":"post-2606","1":"product","2":"type-product","3":"status-publish","4":"has-post-thumbnail","6":"trending_cat-miami-love-chain-bracelet","7":"product_cat-bracelets-cuffs","8":"product_tag-crayon-shinchan","10":"first","11":"instock","12":"sale","13":"shipping-taxable","14":"purchasable","15":"product-type-variable"},"yoast_head":"<!-- This site is optimized with the Yoast SEO plugin v23.4 - https:\/\/yoast.com\/wordpress\/plugins\/seo\/ -->\n<title>Crudo Crayon Shinchan personalisiertes Metallarmband - Twilight Silber<\/title>\n<meta name=\"description\" content=\"Entdecken Sie das Crudo Crayon Shinchan Limited Edition Twilight Silver Metallarmband. Hergestellt aus 316L Edelstahl, mit Magnetverschluss, kostenloser Gravur und optionalem Crayon Shinchan Anh\u00e4nger. Vielseitig und stilvoll, um Ihren einzigartigen Geschmack zu zeigen.\" \/>\n<meta name=\"robots\" content=\"index, follow, max-snippet:-1, max-image-preview:large, max-video-preview:-1\" \/>\n<link rel=\"canonical\" href=\"https:\/\/crudo-leather.com\/de\/product\/crayon-shinchan-customized-metal-box-chain-bracelet-twilight-silver\/\" \/>\n<meta property=\"og:locale\" content=\"en_US\" \/>\n<meta property=\"og:type\" content=\"article\" \/>\n<meta property=\"og:title\" content=\"Crudo Crayon Shinchan personalisiertes Metallarmband - Twilight Silber\" \/>\n<meta property=\"og:description\" content=\"Entdecken Sie das Crudo Crayon Shinchan Limited Edition Twilight Silver Metallarmband. Hergestellt aus 316L Edelstahl, mit Magnetverschluss, kostenloser Gravur und optionalem Crayon Shinchan Anh\u00e4nger. Vielseitig und stilvoll, um Ihren einzigartigen Geschmack zu zeigen.\" \/>\n<meta property=\"og:url\" content=\"https:\/\/crudo-leather.com\/product\/crayon-shinchan-customized-metal-box-chain-bracelet-twilight-silver\/\" \/>\n<meta property=\"og:site_name\" content=\"Crudo\" \/>\n<meta property=\"article:modified_time\" content=\"2026-03-18T09:47:41+00:00\" \/>\n<meta property=\"og:image\" content=\"https:\/\/crudo-leather.com\/wp-content\/uploads\/2024\/08\/csc_wbg_zbt26silver_a-1.jpg\" \/>\n\t<meta property=\"og:image:width\" content=\"2000\" \/>\n\t<meta property=\"og:image:height\" content=\"2000\" \/>\n\t<meta property=\"og:image:type\" content=\"image\/jpeg\" \/>\n<meta name=\"twitter:card\" content=\"summary_large_image\" \/>\n<meta name=\"twitter:label1\" content=\"Est. reading time\" \/>\n\t<meta name=\"twitter:data1\" content=\"1 minute\" \/>\n<script type=\"application\/ld+json\" class=\"yoast-schema-graph\">{\"@context\":\"https:\/\/schema.org\",\"@graph\":[{\"@type\":\"WebPage\",\"@id\":\"https:\/\/crudo-leather.com\/product\/crayon-shinchan-customized-metal-box-chain-bracelet-twilight-silver\/\",\"url\":\"https:\/\/crudo-leather.com\/product\/crayon-shinchan-customized-metal-box-chain-bracelet-twilight-silver\/\",\"name\":\"Crayon Shinchan Customized Metal Box Chain Bracelet - Twilight Silver\",\"isPartOf\":{\"@id\":\"https:\/\/crudo-leather.com\/#website\"},\"primaryImageOfPage\":{\"@id\":\"https:\/\/crudo-leather.com\/product\/crayon-shinchan-customized-metal-box-chain-bracelet-twilight-silver\/#primaryimage\"},\"image\":{\"@id\":\"https:\/\/crudo-leather.com\/product\/crayon-shinchan-customized-metal-box-chain-bracelet-twilight-silver\/#primaryimage\"},\"thumbnailUrl\":\"https:\/\/crudo-leather.com\/wp-content\/uploads\/2024\/08\/csc_wbg_zbt26silver_a-1.jpg\",\"datePublished\":\"2024-08-01T06:12:20+00:00\",\"dateModified\":\"2026-03-18T09:47:41+00:00\",\"description\":\"Explore officially licensed Crayon Shinchan metal box chain bracelet. Twilight silver color. Free engraving & luxury gift box. A unique accessory. Shop now!\",\"breadcrumb\":{\"@id\":\"https:\/\/crudo-leather.com\/product\/crayon-shinchan-customized-metal-box-chain-bracelet-twilight-silver\/#breadcrumb\"},\"inLanguage\":\"en-US\",\"potentialAction\":[{\"@type\":\"ReadAction\",\"target\":[\"https:\/\/crudo-leather.com\/product\/crayon-shinchan-customized-metal-box-chain-bracelet-twilight-silver\/\"]}]},{\"@type\":\"ImageObject\",\"inLanguage\":\"en-US\",\"@id\":\"https:\/\/crudo-leather.com\/product\/crayon-shinchan-customized-metal-box-chain-bracelet-twilight-silver\/#primaryimage\",\"url\":\"https:\/\/crudo-leather.com\/wp-content\/uploads\/2024\/08\/csc_wbg_zbt26silver_a-1.jpg\",\"contentUrl\":\"https:\/\/crudo-leather.com\/wp-content\/uploads\/2024\/08\/csc_wbg_zbt26silver_a-1.jpg\",\"width\":2000,\"height\":2000},{\"@type\":\"BreadcrumbList\",\"@id\":\"https:\/\/crudo-leather.com\/product\/crayon-shinchan-customized-metal-box-chain-bracelet-twilight-silver\/#breadcrumb\",\"itemListElement\":[{\"@type\":\"ListItem\",\"position\":1,\"name\":\"Shop\",\"item\":\"https:\/\/crudo-leather.com\/shop\/\"},{\"@type\":\"ListItem\",\"position\":2,\"name\":\"Crayon Shinchan Customized Metal Box Chain Bracelet\"}]},{\"@type\":\"WebSite\",\"@id\":\"https:\/\/crudo-leather.com\/#website\",\"url\":\"https:\/\/crudo-leather.com\/\",\"name\":\"Crudo\",\"description\":\"\",\"potentialAction\":[{\"@type\":\"SearchAction\",\"target\":{\"@type\":\"EntryPoint\",\"urlTemplate\":\"https:\/\/crudo-leather.com\/?s={search_term_string}\"},\"query-input\":{\"@type\":\"PropertyValueSpecification\",\"valueRequired\":true,\"valueName\":\"search_term_string\"}}],\"inLanguage\":\"en-US\"}]}<\/script>\n<!-- \/ Yoast SEO plugin. -->","yoast_head_json":{"title":"Crudo Crayon Shinchan personalisiertes Metallarmband - Twilight Silber","description":"Entdecken Sie das Crudo Crayon Shinchan Limited Edition Twilight Silver Metallarmband. Hergestellt aus 316L Edelstahl, mit Magnetverschluss, kostenloser Gravur und optionalem Crayon Shinchan Anh\u00e4nger. Vielseitig und stilvoll, um Ihren einzigartigen Geschmack zu zeigen.","robots":{"index":"index","follow":"follow","max-snippet":"max-snippet:-1","max-image-preview":"max-image-preview:large","max-video-preview":"max-video-preview:-1"},"canonical":"https:\/\/crudo-leather.com\/de\/product\/crayon-shinchan-customized-metal-box-chain-bracelet-twilight-silver\/","og_locale":"en_US","og_type":"article","og_title":"Crudo Crayon Shinchan personalisiertes Metallarmband - Twilight Silber","og_description":"Entdecken Sie das Crudo Crayon Shinchan Limited Edition Twilight Silver Metallarmband. Hergestellt aus 316L Edelstahl, mit Magnetverschluss, kostenloser Gravur und optionalem Crayon Shinchan Anh\u00e4nger. Vielseitig und stilvoll, um Ihren einzigartigen Geschmack zu zeigen.","og_url":"https:\/\/crudo-leather.com\/product\/crayon-shinchan-customized-metal-box-chain-bracelet-twilight-silver\/","og_site_name":"Crudo","article_modified_time":"2026-03-18T09:47:41+00:00","og_image":[{"width":2000,"height":2000,"url":"https:\/\/crudo-leather.com\/wp-content\/uploads\/2024\/08\/csc_wbg_zbt26silver_a-1.jpg","type":"image\/jpeg"}],"twitter_card":"summary_large_image","twitter_misc":{"Est. reading time":"1 minute"},"schema":{"@context":"https:\/\/schema.org","@graph":[{"@type":"WebPage","@id":"https:\/\/crudo-leather.com\/product\/crayon-shinchan-customized-metal-box-chain-bracelet-twilight-silver\/","url":"https:\/\/crudo-leather.com\/product\/crayon-shinchan-customized-metal-box-chain-bracelet-twilight-silver\/","name":"Crayon Shinchan Customized Metal Box Chain Bracelet - Twilight Silver","isPartOf":{"@id":"https:\/\/crudo-leather.com\/#website"},"primaryImageOfPage":{"@id":"https:\/\/crudo-leather.com\/product\/crayon-shinchan-customized-metal-box-chain-bracelet-twilight-silver\/#primaryimage"},"image":{"@id":"https:\/\/crudo-leather.com\/product\/crayon-shinchan-customized-metal-box-chain-bracelet-twilight-silver\/#primaryimage"},"thumbnailUrl":"https:\/\/crudo-leather.com\/wp-content\/uploads\/2024\/08\/csc_wbg_zbt26silver_a-1.jpg","datePublished":"2024-08-01T06:12:20+00:00","dateModified":"2026-03-18T09:47:41+00:00","description":"Explore officially licensed Crayon Shinchan metal box chain bracelet. Twilight silver color. Free engraving & luxury gift box. A unique accessory. Shop now!","breadcrumb":{"@id":"https:\/\/crudo-leather.com\/product\/crayon-shinchan-customized-metal-box-chain-bracelet-twilight-silver\/#breadcrumb"},"inLanguage":"en-US","potentialAction":[{"@type":"ReadAction","target":["https:\/\/crudo-leather.com\/product\/crayon-shinchan-customized-metal-box-chain-bracelet-twilight-silver\/"]}]},{"@type":"ImageObject","inLanguage":"en-US","@id":"https:\/\/crudo-leather.com\/product\/crayon-shinchan-customized-metal-box-chain-bracelet-twilight-silver\/#primaryimage","url":"https:\/\/crudo-leather.com\/wp-content\/uploads\/2024\/08\/csc_wbg_zbt26silver_a-1.jpg","contentUrl":"https:\/\/crudo-leather.com\/wp-content\/uploads\/2024\/08\/csc_wbg_zbt26silver_a-1.jpg","width":2000,"height":2000},{"@type":"BreadcrumbList","@id":"https:\/\/crudo-leather.com\/product\/crayon-shinchan-customized-metal-box-chain-bracelet-twilight-silver\/#breadcrumb","itemListElement":[{"@type":"ListItem","position":1,"name":"Shop","item":"https:\/\/crudo-leather.com\/shop\/"},{"@type":"ListItem","position":2,"name":"Crayon Shinchan Customized Metal Box Chain Bracelet"}]},{"@type":"WebSite","@id":"https:\/\/crudo-leather.com\/#website","url":"https:\/\/crudo-leather.com\/","name":"Crudo","description":"","potentialAction":[{"@type":"SearchAction","target":{"@type":"EntryPoint","urlTemplate":"https:\/\/crudo-leather.com\/?s={search_term_string}"},"query-input":{"@type":"PropertyValueSpecification","valueRequired":true,"valueName":"search_term_string"}}],"inLanguage":"en-US"}]}},"_links":{"self":[{"href":"https:\/\/crudo-leather.com\/de\/wp-json\/wp\/v2\/product\/2606"}],"collection":[{"href":"https:\/\/crudo-leather.com\/de\/wp-json\/wp\/v2\/product"}],"about":[{"href":"https:\/\/crudo-leather.com\/de\/wp-json\/wp\/v2\/types\/product"}],"replies":[{"embeddable":true,"href":"https:\/\/crudo-leather.com\/de\/wp-json\/wp\/v2\/comments?post=2606"}],"wp:featuredmedia":[{"embeddable":true,"href":"https:\/\/crudo-leather.com\/de\/wp-json\/wp\/v2\/media\/7040"}],"wp:attachment":[{"href":"https:\/\/crudo-leather.com\/de\/wp-json\/wp\/v2\/media?parent=2606"}],"wp:term":[{"taxonomy":"collection","embeddable":true,"href":"https:\/\/crudo-leather.com\/de\/wp-json\/wp\/v2\/collection?post=2606"},{"taxonomy":"trending_cat","embeddable":true,"href":"https:\/\/crudo-leather.com\/de\/wp-json\/wp\/v2\/trending_cat?post=2606"},{"taxonomy":"product_cat","embeddable":true,"href":"https:\/\/crudo-leather.com\/de\/wp-json\/wp\/v2\/product_cat?post=2606"},{"taxonomy":"product_tag","embeddable":true,"href":"https:\/\/crudo-leather.com\/de\/wp-json\/wp\/v2\/product_tag?post=2606"}],"curies":[{"name":"wp","href":"https:\/\/api.w.org\/{rel}","templated":true}]}}