{"id":2637,"date":"2024-08-01T14:13:09","date_gmt":"2024-08-01T06:13:09","guid":{"rendered":"https:\/\/crudo-leather.com\/product\/crayon-shinchan-customized-leather-keychain-palace-blue-rose-gold\/"},"modified":"2025-08-06T10:01:53","modified_gmt":"2025-08-06T02:01:53","slug":"crayon-shinchan-customized-leather-keychain-palace-blue-rose-gold","status":"publish","type":"product","link":"https:\/\/crudo-leather.com\/de\/product\/crayon-shinchan-customized-leather-keychain-palace-blue-rose-gold\/","title":{"rendered":"Crayon Shinchan Limited Edition personalisiertes geflochtenes Leder Schl\u00fcsselanh\u00e4nger"},"content":{"rendered":"","protected":false},"excerpt":{"rendered":"**Bitte w\u00e4hlen Sie mindestens ein Crayon Shinchan Metallanh\u00e4nger aus, sonst wird das Produkt nur mit dem urspr\u00fcnglichen Crudo runden Anh\u00e4nger geliefert und nicht mit der Crayon Shinchan Special Edition Geschenkbox**\n\n<strong><ins>Crayon Shinchan x Crudo<\/ins><\/strong>\nCrudo kooperiert mit der beliebten japanischen Cartoonfigur \"Crayon Shinchan\" und pr\u00e4sentiert eine Reihe von lustigen und niedlichen Lederaccessoires. Verschiedene Versionen von Shinchan und seinen Freunden und Familienmitgliedern verwandeln sich in exquisite Metallanh\u00e4nger, die frei mit dem preisgekr\u00f6nten Lederarmband kombiniert werden k\u00f6nnen. Kombinieren Sie dies mit dem exklusiven Crudo Personalisierungsdienst f\u00fcr Gravuren und gestalten Sie sofort Ihr einzigartiges, unterhaltsames Accessoire!\n\n<strong>Klicken Sie auf \"In den Warenkorb legen und gestalten\", um Ihren Gravurtext zu entwerfen<\/strong>\n\n- Offiziell lizenzierte Crayon Shinchan Produkte aus Japan\n- Mehrere verschiedene Metallanh\u00e4nger mit Shinchan und seinen Freunden\/Familie k\u00f6nnen frei kombiniert und am Lederschl\u00fcsselring befestigt werden\n- Beim Kauf eines Crayon Shinchan Limited Edition Lederschl\u00fcsselrings erhalten Sie eine Crayon Shinchan Limited Edition Geschenkbox mit abziehbarer Gru\u00dfkarte (inklusive Geschenkkarte und Produktgarantie)\n- Kostenloser Gravurservice, verschiedene Schriftarten, Emojis und Gravurvorschl\u00e4ge zur Auswahl\n- Handgefertigt aus italienischem geflochtenem Vollrindsleder, erweiterbar zum Anschlie\u00dfen verschiedener Gegenst\u00e4nde\n- Exklusives achteckiges Metall-Cut-Out-Design\n- Kombiniert k\u00fcnstlerische, modische und praktische Elemente im Design\n\n<strong>Produktionszeit und Versanddetails<\/strong>\n- Jedes Produkt ben\u00f6tigt nur 1-5 Werktage zur Fertigstellung\n- Bei Bestellung heute kann der Versand bereits morgen erfolgen\n- Nur in Hongkong, Taiwan und Macau erh\u00e4ltlich","protected":false},"featured_media":18985,"comment_status":"open","ping_status":"closed","template":"","meta":{"inline_featured_image":false},"collection":[2287],"trending_cat":[],"product_cat":[89],"product_tag":[101],"class_list":{"0":"post-2637","1":"product","2":"type-product","3":"status-publish","4":"has-post-thumbnail","6":"product_cat-others-accessories","7":"product_tag-crayon-shinchan","9":"first","10":"instock","11":"sale","12":"shipping-taxable","13":"purchasable","14":"product-type-variable"},"yoast_head":"<!-- This site is optimized with the Yoast SEO plugin v23.4 - https:\/\/yoast.com\/wordpress\/plugins\/seo\/ -->\n<title>Crudo Crayon Shinchan personalisiertes Leder Schl\u00fcsselanh\u00e4nger - Hofblau Ros\u00e9gold<\/title>\n<meta name=\"description\" content=\"Entdecken Sie den Crudo Crayon Shinchan Limited Edition k\u00f6nigsblauen Ros\u00e9gold-Leder-Schl\u00fcsselanh\u00e4nger. Geflochten aus italienischem Vollrindleder, kombinierbar mit Crayon Shinchan Metallanh\u00e4ngern. Kostenlose Gravur, stilvoll und praktisch, um Ihren einzigartigen Geschmack zu zeigen.\" \/>\n<meta name=\"robots\" content=\"index, follow, max-snippet:-1, max-image-preview:large, max-video-preview:-1\" \/>\n<link rel=\"canonical\" href=\"https:\/\/crudo-leather.com\/de\/product\/crayon-shinchan-customized-leather-keychain-palace-blue-rose-gold\/\" \/>\n<meta property=\"og:locale\" content=\"en_US\" \/>\n<meta property=\"og:type\" content=\"article\" \/>\n<meta property=\"og:title\" content=\"Crudo Crayon Shinchan personalisiertes Leder Schl\u00fcsselanh\u00e4nger - Hofblau Ros\u00e9gold\" \/>\n<meta property=\"og:description\" content=\"Entdecken Sie den Crudo Crayon Shinchan Limited Edition k\u00f6nigsblauen Ros\u00e9gold-Leder-Schl\u00fcsselanh\u00e4nger. Geflochten aus italienischem Vollrindleder, kombinierbar mit Crayon Shinchan Metallanh\u00e4ngern. Kostenlose Gravur, stilvoll und praktisch, um Ihren einzigartigen Geschmack zu zeigen.\" \/>\n<meta property=\"og:url\" content=\"https:\/\/crudo-leather.com\/product\/crayon-shinchan-customized-leather-keychain-palace-blue-rose-gold\/\" \/>\n<meta property=\"og:site_name\" content=\"Crudo\" \/>\n<meta property=\"article:modified_time\" content=\"2025-08-06T02:01:53+00:00\" \/>\n<meta property=\"og:image\" content=\"https:\/\/crudo-leather.com\/wp-content\/uploads\/2024\/08\/shinchan_wbg_kec01_be_f-5.jpg\" \/>\n\t<meta property=\"og:image:width\" content=\"2000\" \/>\n\t<meta property=\"og:image:height\" content=\"2000\" \/>\n\t<meta property=\"og:image:type\" content=\"image\/jpeg\" \/>\n<meta name=\"twitter:card\" content=\"summary_large_image\" \/>\n<meta name=\"twitter:label1\" content=\"Est. reading time\" \/>\n\t<meta name=\"twitter:data1\" content=\"1 minute\" \/>\n<script type=\"application\/ld+json\" class=\"yoast-schema-graph\">{\"@context\":\"https:\/\/schema.org\",\"@graph\":[{\"@type\":\"WebPage\",\"@id\":\"https:\/\/crudo-leather.com\/product\/crayon-shinchan-customized-leather-keychain-palace-blue-rose-gold\/\",\"url\":\"https:\/\/crudo-leather.com\/product\/crayon-shinchan-customized-leather-keychain-palace-blue-rose-gold\/\",\"name\":\"Crayon Shinchan Customized Leather Keychain - Blue Rose Gold\",\"isPartOf\":{\"@id\":\"https:\/\/crudo-leather.com\/#website\"},\"primaryImageOfPage\":{\"@id\":\"https:\/\/crudo-leather.com\/product\/crayon-shinchan-customized-leather-keychain-palace-blue-rose-gold\/#primaryimage\"},\"image\":{\"@id\":\"https:\/\/crudo-leather.com\/product\/crayon-shinchan-customized-leather-keychain-palace-blue-rose-gold\/#primaryimage\"},\"thumbnailUrl\":\"https:\/\/crudo-leather.com\/wp-content\/uploads\/2024\/08\/shinchan_wbg_kec01_be_f-5.jpg\",\"datePublished\":\"2024-08-01T06:13:09+00:00\",\"dateModified\":\"2025-08-06T02:01:53+00:00\",\"description\":\"Get the officially licensed Crayon Shinchan leather keychain. Palace blue with rose gold. Free engraving service & luxury gift box. Mix & match character charms to show your unique style. Shop now!\",\"breadcrumb\":{\"@id\":\"https:\/\/crudo-leather.com\/product\/crayon-shinchan-customized-leather-keychain-palace-blue-rose-gold\/#breadcrumb\"},\"inLanguage\":\"en-US\",\"potentialAction\":[{\"@type\":\"ReadAction\",\"target\":[\"https:\/\/crudo-leather.com\/product\/crayon-shinchan-customized-leather-keychain-palace-blue-rose-gold\/\"]}]},{\"@type\":\"ImageObject\",\"inLanguage\":\"en-US\",\"@id\":\"https:\/\/crudo-leather.com\/product\/crayon-shinchan-customized-leather-keychain-palace-blue-rose-gold\/#primaryimage\",\"url\":\"https:\/\/crudo-leather.com\/wp-content\/uploads\/2024\/08\/shinchan_wbg_kec01_be_f-5.jpg\",\"contentUrl\":\"https:\/\/crudo-leather.com\/wp-content\/uploads\/2024\/08\/shinchan_wbg_kec01_be_f-5.jpg\",\"width\":2000,\"height\":2000},{\"@type\":\"BreadcrumbList\",\"@id\":\"https:\/\/crudo-leather.com\/product\/crayon-shinchan-customized-leather-keychain-palace-blue-rose-gold\/#breadcrumb\",\"itemListElement\":[{\"@type\":\"ListItem\",\"position\":1,\"name\":\"Shop\",\"item\":\"https:\/\/crudo-leather.com\/shop\/\"},{\"@type\":\"ListItem\",\"position\":2,\"name\":\"Crayon Shinchan Customized Leather Keychain\"}]},{\"@type\":\"WebSite\",\"@id\":\"https:\/\/crudo-leather.com\/#website\",\"url\":\"https:\/\/crudo-leather.com\/\",\"name\":\"Crudo\",\"description\":\"\",\"potentialAction\":[{\"@type\":\"SearchAction\",\"target\":{\"@type\":\"EntryPoint\",\"urlTemplate\":\"https:\/\/crudo-leather.com\/?s={search_term_string}\"},\"query-input\":{\"@type\":\"PropertyValueSpecification\",\"valueRequired\":true,\"valueName\":\"search_term_string\"}}],\"inLanguage\":\"en-US\"}]}<\/script>\n<!-- \/ Yoast SEO plugin. -->","yoast_head_json":{"title":"Crudo Crayon Shinchan personalisiertes Leder Schl\u00fcsselanh\u00e4nger - Hofblau Ros\u00e9gold","description":"Entdecken Sie den Crudo Crayon Shinchan Limited Edition k\u00f6nigsblauen Ros\u00e9gold-Leder-Schl\u00fcsselanh\u00e4nger. Geflochten aus italienischem Vollrindleder, kombinierbar mit Crayon Shinchan Metallanh\u00e4ngern. Kostenlose Gravur, stilvoll und praktisch, um Ihren einzigartigen Geschmack zu zeigen.","robots":{"index":"index","follow":"follow","max-snippet":"max-snippet:-1","max-image-preview":"max-image-preview:large","max-video-preview":"max-video-preview:-1"},"canonical":"https:\/\/crudo-leather.com\/de\/product\/crayon-shinchan-customized-leather-keychain-palace-blue-rose-gold\/","og_locale":"en_US","og_type":"article","og_title":"Crudo Crayon Shinchan personalisiertes Leder Schl\u00fcsselanh\u00e4nger - Hofblau Ros\u00e9gold","og_description":"Entdecken Sie den Crudo Crayon Shinchan Limited Edition k\u00f6nigsblauen Ros\u00e9gold-Leder-Schl\u00fcsselanh\u00e4nger. Geflochten aus italienischem Vollrindleder, kombinierbar mit Crayon Shinchan Metallanh\u00e4ngern. Kostenlose Gravur, stilvoll und praktisch, um Ihren einzigartigen Geschmack zu zeigen.","og_url":"https:\/\/crudo-leather.com\/product\/crayon-shinchan-customized-leather-keychain-palace-blue-rose-gold\/","og_site_name":"Crudo","article_modified_time":"2025-08-06T02:01:53+00:00","og_image":[{"width":2000,"height":2000,"url":"https:\/\/crudo-leather.com\/wp-content\/uploads\/2024\/08\/shinchan_wbg_kec01_be_f-5.jpg","type":"image\/jpeg"}],"twitter_card":"summary_large_image","twitter_misc":{"Est. reading time":"1 minute"},"schema":{"@context":"https:\/\/schema.org","@graph":[{"@type":"WebPage","@id":"https:\/\/crudo-leather.com\/product\/crayon-shinchan-customized-leather-keychain-palace-blue-rose-gold\/","url":"https:\/\/crudo-leather.com\/product\/crayon-shinchan-customized-leather-keychain-palace-blue-rose-gold\/","name":"Crayon Shinchan Customized Leather Keychain - Blue Rose Gold","isPartOf":{"@id":"https:\/\/crudo-leather.com\/#website"},"primaryImageOfPage":{"@id":"https:\/\/crudo-leather.com\/product\/crayon-shinchan-customized-leather-keychain-palace-blue-rose-gold\/#primaryimage"},"image":{"@id":"https:\/\/crudo-leather.com\/product\/crayon-shinchan-customized-leather-keychain-palace-blue-rose-gold\/#primaryimage"},"thumbnailUrl":"https:\/\/crudo-leather.com\/wp-content\/uploads\/2024\/08\/shinchan_wbg_kec01_be_f-5.jpg","datePublished":"2024-08-01T06:13:09+00:00","dateModified":"2025-08-06T02:01:53+00:00","description":"Get the officially licensed Crayon Shinchan leather keychain. Palace blue with rose gold. Free engraving service & luxury gift box. Mix & match character charms to show your unique style. Shop now!","breadcrumb":{"@id":"https:\/\/crudo-leather.com\/product\/crayon-shinchan-customized-leather-keychain-palace-blue-rose-gold\/#breadcrumb"},"inLanguage":"en-US","potentialAction":[{"@type":"ReadAction","target":["https:\/\/crudo-leather.com\/product\/crayon-shinchan-customized-leather-keychain-palace-blue-rose-gold\/"]}]},{"@type":"ImageObject","inLanguage":"en-US","@id":"https:\/\/crudo-leather.com\/product\/crayon-shinchan-customized-leather-keychain-palace-blue-rose-gold\/#primaryimage","url":"https:\/\/crudo-leather.com\/wp-content\/uploads\/2024\/08\/shinchan_wbg_kec01_be_f-5.jpg","contentUrl":"https:\/\/crudo-leather.com\/wp-content\/uploads\/2024\/08\/shinchan_wbg_kec01_be_f-5.jpg","width":2000,"height":2000},{"@type":"BreadcrumbList","@id":"https:\/\/crudo-leather.com\/product\/crayon-shinchan-customized-leather-keychain-palace-blue-rose-gold\/#breadcrumb","itemListElement":[{"@type":"ListItem","position":1,"name":"Shop","item":"https:\/\/crudo-leather.com\/shop\/"},{"@type":"ListItem","position":2,"name":"Crayon Shinchan Customized Leather Keychain"}]},{"@type":"WebSite","@id":"https:\/\/crudo-leather.com\/#website","url":"https:\/\/crudo-leather.com\/","name":"Crudo","description":"","potentialAction":[{"@type":"SearchAction","target":{"@type":"EntryPoint","urlTemplate":"https:\/\/crudo-leather.com\/?s={search_term_string}"},"query-input":{"@type":"PropertyValueSpecification","valueRequired":true,"valueName":"search_term_string"}}],"inLanguage":"en-US"}]}},"_links":{"self":[{"href":"https:\/\/crudo-leather.com\/de\/wp-json\/wp\/v2\/product\/2637"}],"collection":[{"href":"https:\/\/crudo-leather.com\/de\/wp-json\/wp\/v2\/product"}],"about":[{"href":"https:\/\/crudo-leather.com\/de\/wp-json\/wp\/v2\/types\/product"}],"replies":[{"embeddable":true,"href":"https:\/\/crudo-leather.com\/de\/wp-json\/wp\/v2\/comments?post=2637"}],"wp:featuredmedia":[{"embeddable":true,"href":"https:\/\/crudo-leather.com\/de\/wp-json\/wp\/v2\/media\/18985"}],"wp:attachment":[{"href":"https:\/\/crudo-leather.com\/de\/wp-json\/wp\/v2\/media?parent=2637"}],"wp:term":[{"taxonomy":"collection","embeddable":true,"href":"https:\/\/crudo-leather.com\/de\/wp-json\/wp\/v2\/collection?post=2637"},{"taxonomy":"trending_cat","embeddable":true,"href":"https:\/\/crudo-leather.com\/de\/wp-json\/wp\/v2\/trending_cat?post=2637"},{"taxonomy":"product_cat","embeddable":true,"href":"https:\/\/crudo-leather.com\/de\/wp-json\/wp\/v2\/product_cat?post=2637"},{"taxonomy":"product_tag","embeddable":true,"href":"https:\/\/crudo-leather.com\/de\/wp-json\/wp\/v2\/product_tag?post=2637"}],"curies":[{"name":"wp","href":"https:\/\/api.w.org\/{rel}","templated":true}]}}