{"id":2645,"date":"2024-08-01T14:13:21","date_gmt":"2024-08-01T06:13:21","guid":{"rendered":"https:\/\/crudo-leather.com\/product\/peanuts-uv-printed-customized-leather-luggage-tag-saffiano-grey\/"},"modified":"2026-02-03T12:07:39","modified_gmt":"2026-02-03T04:07:39","slug":"peanuts-uv-printed-customized-leather-luggage-tag-saffiano-grey","status":"publish","type":"product","link":"https:\/\/crudo-leather.com\/de\/product\/peanuts-uv-printed-customized-leather-luggage-tag-saffiano-grey\/","title":{"rendered":"Snoopy Limited Edition UV-Druck personalisiertes Leder Gep\u00e4ckanh\u00e4nger"},"content":{"rendered":"","protected":false},"excerpt":{"rendered":"** Nach Auswahl des Produkts und Klicken auf \"Zum Warenkorb hinzuf\u00fcgen und gestalten\" w\u00e4hlen Sie bitte auf der Gestaltungsseite ein spezielles Motiv aus der PEANUTS-Kollektion, andernfalls wird das Produkt nicht mit UV-Druck personalisiert und auch nicht mit der PEANUTS-Geschenkbox geliefert. **\n\n<ins><strong>Crudo x PEANUTS <\/strong><\/ins>\n\nCrudo pr\u00e4sentiert in Zusammenarbeit mit PEANUTS eine neue UV-Druck-Kollektion aus italienischem Leder, die Sie den klassischen Charakteren aus \"Peanuts\" wie Snoopy und seinen Freunden n\u00e4herbringt! Durch hochwertige UV-Drucktechnologie werden die niedlichen Bilder der PEANUTS-Gang und Ihr stylischer Name auf dem italienischen Leder als lebendigere und deutlichere Muster dargestellt, was Ihre Lederprodukte noch interessanter macht.\n\n- Offiziell lizenzierte PEANUTS-Leder-Gep\u00e4ckanh\u00e4nger in Zusammenarbeit\n- Hergestellt aus italienischem Kreuznarben-Vollrindleder\n- Bis zu 28 spezielle Motive aus der PEANUTS-Kollektion zur Auswahl, die zusammen mit Ihrem personalisierten Namen per UV-Druck auf den Gep\u00e4ckanh\u00e4nger aufgebracht werden\n- Beim Kauf eines limitierten PEANUTS-Leder-Gep\u00e4ckanh\u00e4ngers erhalten Sie eine PEANUTS-Geschenkbox mit abrei\u00dfbarer Gru\u00dfkarte (inklusive Geschenkkarte und Produktgarantie)\n- Hergestellt aus italienischem Kreuznarben-Vollrindleder\n- Lederklappendesign, die durchsichtige Kartenhalterung sch\u00fctzt die Privatsph\u00e4re effektiv und erm\u00f6glicht den einfachen Zugriff auf Informationen bei Bedarf.\n- Handgen\u00e4hte Zugschnur, geschliffen und abgerundet\n\n<strong>Details:<\/strong>\n- 1 durchsichtiger Kartenhalter\n\n<strong>Herstellungszeit und Versanddetails<\/strong><strong> <\/strong>\n- Jedes Produkt ben\u00f6tigt nur 1-5 Werktage zur Herstellung\n- Bei Bestellung heute kann die Lieferung bereits morgen erfolgen\n- Nur erh\u00e4ltlich in Hongkong, Taiwan, Macau, Singapur, Malaysia und dem chinesischen Festland","protected":false},"featured_media":18989,"comment_status":"open","ping_status":"closed","template":"","meta":{"inline_featured_image":false},"collection":[2278],"trending_cat":[],"product_cat":[2376],"product_tag":[103],"class_list":{"0":"post-2645","1":"product","2":"type-product","3":"status-publish","4":"has-post-thumbnail","6":"product_cat-luggage-tag","7":"product_tag-peanuts","9":"first","10":"instock","11":"sale","12":"shipping-taxable","13":"purchasable","14":"product-type-variable"},"yoast_head":"<!-- This site is optimized with the Yoast SEO plugin v23.4 - https:\/\/yoast.com\/wordpress\/plugins\/seo\/ -->\n<title>Crudo Peanuts UV-bedrucktes personalisiertes Ledergep\u00e4ckanh\u00e4nger - Grau<\/title>\n<meta name=\"description\" content=\"Entdecken Sie das Crudo Peanuts Comic-Kooperations-Grau Saffiano Leder Gep\u00e4ckanh\u00e4nger. UV-bedruckbar mit Peanuts Comic-Motiven und Unterschrift, handgefertigt aus italienischem Vollrindleder, mit verdeckter Klappe f\u00fcr Privatsph\u00e4re. Inklusive exklusiver Geschenkbox.\" \/>\n<meta name=\"robots\" content=\"index, follow, max-snippet:-1, max-image-preview:large, max-video-preview:-1\" \/>\n<link rel=\"canonical\" href=\"https:\/\/crudo-leather.com\/de\/product\/peanuts-uv-printed-customized-leather-luggage-tag-saffiano-grey\/\" \/>\n<meta property=\"og:locale\" content=\"en_US\" \/>\n<meta property=\"og:type\" content=\"article\" \/>\n<meta property=\"og:title\" content=\"Crudo Peanuts UV-bedrucktes personalisiertes Ledergep\u00e4ckanh\u00e4nger - Grau\" \/>\n<meta property=\"og:description\" content=\"Entdecken Sie das Crudo Peanuts Comic-Kooperations-Grau Saffiano Leder Gep\u00e4ckanh\u00e4nger. UV-bedruckbar mit Peanuts Comic-Motiven und Unterschrift, handgefertigt aus italienischem Vollrindleder, mit verdeckter Klappe f\u00fcr Privatsph\u00e4re. Inklusive exklusiver Geschenkbox.\" \/>\n<meta property=\"og:url\" content=\"https:\/\/crudo-leather.com\/product\/peanuts-uv-printed-customized-leather-luggage-tag-saffiano-grey\/\" \/>\n<meta property=\"og:site_name\" content=\"Crudo\" \/>\n<meta property=\"article:modified_time\" content=\"2026-02-03T04:07:39+00:00\" \/>\n<meta property=\"og:image\" content=\"https:\/\/crudo-leather.com\/wp-content\/uploads\/2024\/08\/tag01_1_grey_thumbnail.jpg\" \/>\n\t<meta property=\"og:image:width\" content=\"640\" \/>\n\t<meta property=\"og:image:height\" content=\"640\" \/>\n\t<meta property=\"og:image:type\" content=\"image\/jpeg\" \/>\n<meta name=\"twitter:card\" content=\"summary_large_image\" \/>\n<meta name=\"twitter:label1\" content=\"Est. reading time\" \/>\n\t<meta name=\"twitter:data1\" content=\"1 minute\" \/>\n<script type=\"application\/ld+json\" class=\"yoast-schema-graph\">{\"@context\":\"https:\/\/schema.org\",\"@graph\":[{\"@type\":\"WebPage\",\"@id\":\"https:\/\/crudo-leather.com\/product\/peanuts-uv-printed-customized-leather-luggage-tag-saffiano-grey\/\",\"url\":\"https:\/\/crudo-leather.com\/product\/peanuts-uv-printed-customized-leather-luggage-tag-saffiano-grey\/\",\"name\":\"Crudo Cinnamoroll \u7cfb\u5217\",\"isPartOf\":{\"@id\":\"https:\/\/crudo-leather.com\/#website\"},\"primaryImageOfPage\":{\"@id\":\"https:\/\/crudo-leather.com\/product\/peanuts-uv-printed-customized-leather-luggage-tag-saffiano-grey\/#primaryimage\"},\"image\":{\"@id\":\"https:\/\/crudo-leather.com\/product\/peanuts-uv-printed-customized-leather-luggage-tag-saffiano-grey\/#primaryimage\"},\"thumbnailUrl\":\"https:\/\/crudo-leather.com\/wp-content\/uploads\/2024\/08\/tag01_1_grey_thumbnail.jpg\",\"datePublished\":\"2024-08-01T06:13:21+00:00\",\"dateModified\":\"2026-02-03T04:07:39+00:00\",\"description\":\"\u700f\u89bdCrudo Cinnamoroll\u806f\u4e58\u7cfb\u5217\u7cbe\u9078\u5546\u54c1\u3002\u5f9e\u5ba2\u88fd\u5316\u9470\u5319\u5708\u5230\u76ae\u9769\u624b\u74b0\uff0c\u63a2\u7d22\u7389\u6842\u72d7\u7684\u53ef\u611b\u9b45\u529b\u3002\u7acb\u5373\u9078\u8cfc\uff0c\u6253\u9020\u7368\u7279\u98a8\u683c\u3002\",\"breadcrumb\":{\"@id\":\"https:\/\/crudo-leather.com\/product\/peanuts-uv-printed-customized-leather-luggage-tag-saffiano-grey\/#breadcrumb\"},\"inLanguage\":\"en-US\",\"potentialAction\":[{\"@type\":\"ReadAction\",\"target\":[\"https:\/\/crudo-leather.com\/product\/peanuts-uv-printed-customized-leather-luggage-tag-saffiano-grey\/\"]}]},{\"@type\":\"ImageObject\",\"inLanguage\":\"en-US\",\"@id\":\"https:\/\/crudo-leather.com\/product\/peanuts-uv-printed-customized-leather-luggage-tag-saffiano-grey\/#primaryimage\",\"url\":\"https:\/\/crudo-leather.com\/wp-content\/uploads\/2024\/08\/tag01_1_grey_thumbnail.jpg\",\"contentUrl\":\"https:\/\/crudo-leather.com\/wp-content\/uploads\/2024\/08\/tag01_1_grey_thumbnail.jpg\",\"width\":640,\"height\":640},{\"@type\":\"BreadcrumbList\",\"@id\":\"https:\/\/crudo-leather.com\/product\/peanuts-uv-printed-customized-leather-luggage-tag-saffiano-grey\/#breadcrumb\",\"itemListElement\":[{\"@type\":\"ListItem\",\"position\":1,\"name\":\"Shop\",\"item\":\"https:\/\/crudo-leather.com\/shop\/\"},{\"@type\":\"ListItem\",\"position\":2,\"name\":\"Snoopy UV Printed Customized Leather Luggage Tag\"}]},{\"@type\":\"WebSite\",\"@id\":\"https:\/\/crudo-leather.com\/#website\",\"url\":\"https:\/\/crudo-leather.com\/\",\"name\":\"Crudo\",\"description\":\"\",\"potentialAction\":[{\"@type\":\"SearchAction\",\"target\":{\"@type\":\"EntryPoint\",\"urlTemplate\":\"https:\/\/crudo-leather.com\/?s={search_term_string}\"},\"query-input\":{\"@type\":\"PropertyValueSpecification\",\"valueRequired\":true,\"valueName\":\"search_term_string\"}}],\"inLanguage\":\"en-US\"}]}<\/script>\n<!-- \/ Yoast SEO plugin. -->","yoast_head_json":{"title":"Crudo Peanuts UV-bedrucktes personalisiertes Ledergep\u00e4ckanh\u00e4nger - Grau","description":"Entdecken Sie das Crudo Peanuts Comic-Kooperations-Grau Saffiano Leder Gep\u00e4ckanh\u00e4nger. UV-bedruckbar mit Peanuts Comic-Motiven und Unterschrift, handgefertigt aus italienischem Vollrindleder, mit verdeckter Klappe f\u00fcr Privatsph\u00e4re. Inklusive exklusiver Geschenkbox.","robots":{"index":"index","follow":"follow","max-snippet":"max-snippet:-1","max-image-preview":"max-image-preview:large","max-video-preview":"max-video-preview:-1"},"canonical":"https:\/\/crudo-leather.com\/de\/product\/peanuts-uv-printed-customized-leather-luggage-tag-saffiano-grey\/","og_locale":"en_US","og_type":"article","og_title":"Crudo Peanuts UV-bedrucktes personalisiertes Ledergep\u00e4ckanh\u00e4nger - Grau","og_description":"Entdecken Sie das Crudo Peanuts Comic-Kooperations-Grau Saffiano Leder Gep\u00e4ckanh\u00e4nger. UV-bedruckbar mit Peanuts Comic-Motiven und Unterschrift, handgefertigt aus italienischem Vollrindleder, mit verdeckter Klappe f\u00fcr Privatsph\u00e4re. Inklusive exklusiver Geschenkbox.","og_url":"https:\/\/crudo-leather.com\/product\/peanuts-uv-printed-customized-leather-luggage-tag-saffiano-grey\/","og_site_name":"Crudo","article_modified_time":"2026-02-03T04:07:39+00:00","og_image":[{"width":640,"height":640,"url":"https:\/\/crudo-leather.com\/wp-content\/uploads\/2024\/08\/tag01_1_grey_thumbnail.jpg","type":"image\/jpeg"}],"twitter_card":"summary_large_image","twitter_misc":{"Est. reading time":"1 minute"},"schema":{"@context":"https:\/\/schema.org","@graph":[{"@type":"WebPage","@id":"https:\/\/crudo-leather.com\/product\/peanuts-uv-printed-customized-leather-luggage-tag-saffiano-grey\/","url":"https:\/\/crudo-leather.com\/product\/peanuts-uv-printed-customized-leather-luggage-tag-saffiano-grey\/","name":"Crudo Cinnamoroll \u7cfb\u5217","isPartOf":{"@id":"https:\/\/crudo-leather.com\/#website"},"primaryImageOfPage":{"@id":"https:\/\/crudo-leather.com\/product\/peanuts-uv-printed-customized-leather-luggage-tag-saffiano-grey\/#primaryimage"},"image":{"@id":"https:\/\/crudo-leather.com\/product\/peanuts-uv-printed-customized-leather-luggage-tag-saffiano-grey\/#primaryimage"},"thumbnailUrl":"https:\/\/crudo-leather.com\/wp-content\/uploads\/2024\/08\/tag01_1_grey_thumbnail.jpg","datePublished":"2024-08-01T06:13:21+00:00","dateModified":"2026-02-03T04:07:39+00:00","description":"\u700f\u89bdCrudo Cinnamoroll\u806f\u4e58\u7cfb\u5217\u7cbe\u9078\u5546\u54c1\u3002\u5f9e\u5ba2\u88fd\u5316\u9470\u5319\u5708\u5230\u76ae\u9769\u624b\u74b0\uff0c\u63a2\u7d22\u7389\u6842\u72d7\u7684\u53ef\u611b\u9b45\u529b\u3002\u7acb\u5373\u9078\u8cfc\uff0c\u6253\u9020\u7368\u7279\u98a8\u683c\u3002","breadcrumb":{"@id":"https:\/\/crudo-leather.com\/product\/peanuts-uv-printed-customized-leather-luggage-tag-saffiano-grey\/#breadcrumb"},"inLanguage":"en-US","potentialAction":[{"@type":"ReadAction","target":["https:\/\/crudo-leather.com\/product\/peanuts-uv-printed-customized-leather-luggage-tag-saffiano-grey\/"]}]},{"@type":"ImageObject","inLanguage":"en-US","@id":"https:\/\/crudo-leather.com\/product\/peanuts-uv-printed-customized-leather-luggage-tag-saffiano-grey\/#primaryimage","url":"https:\/\/crudo-leather.com\/wp-content\/uploads\/2024\/08\/tag01_1_grey_thumbnail.jpg","contentUrl":"https:\/\/crudo-leather.com\/wp-content\/uploads\/2024\/08\/tag01_1_grey_thumbnail.jpg","width":640,"height":640},{"@type":"BreadcrumbList","@id":"https:\/\/crudo-leather.com\/product\/peanuts-uv-printed-customized-leather-luggage-tag-saffiano-grey\/#breadcrumb","itemListElement":[{"@type":"ListItem","position":1,"name":"Shop","item":"https:\/\/crudo-leather.com\/shop\/"},{"@type":"ListItem","position":2,"name":"Snoopy UV Printed Customized Leather Luggage Tag"}]},{"@type":"WebSite","@id":"https:\/\/crudo-leather.com\/#website","url":"https:\/\/crudo-leather.com\/","name":"Crudo","description":"","potentialAction":[{"@type":"SearchAction","target":{"@type":"EntryPoint","urlTemplate":"https:\/\/crudo-leather.com\/?s={search_term_string}"},"query-input":{"@type":"PropertyValueSpecification","valueRequired":true,"valueName":"search_term_string"}}],"inLanguage":"en-US"}]}},"_links":{"self":[{"href":"https:\/\/crudo-leather.com\/de\/wp-json\/wp\/v2\/product\/2645"}],"collection":[{"href":"https:\/\/crudo-leather.com\/de\/wp-json\/wp\/v2\/product"}],"about":[{"href":"https:\/\/crudo-leather.com\/de\/wp-json\/wp\/v2\/types\/product"}],"replies":[{"embeddable":true,"href":"https:\/\/crudo-leather.com\/de\/wp-json\/wp\/v2\/comments?post=2645"}],"wp:featuredmedia":[{"embeddable":true,"href":"https:\/\/crudo-leather.com\/de\/wp-json\/wp\/v2\/media\/18989"}],"wp:attachment":[{"href":"https:\/\/crudo-leather.com\/de\/wp-json\/wp\/v2\/media?parent=2645"}],"wp:term":[{"taxonomy":"collection","embeddable":true,"href":"https:\/\/crudo-leather.com\/de\/wp-json\/wp\/v2\/collection?post=2645"},{"taxonomy":"trending_cat","embeddable":true,"href":"https:\/\/crudo-leather.com\/de\/wp-json\/wp\/v2\/trending_cat?post=2645"},{"taxonomy":"product_cat","embeddable":true,"href":"https:\/\/crudo-leather.com\/de\/wp-json\/wp\/v2\/product_cat?post=2645"},{"taxonomy":"product_tag","embeddable":true,"href":"https:\/\/crudo-leather.com\/de\/wp-json\/wp\/v2\/product_tag?post=2645"}],"curies":[{"name":"wp","href":"https:\/\/api.w.org\/{rel}","templated":true}]}}