{"id":2687,"date":"2024-08-01T14:14:24","date_gmt":"2024-08-01T06:14:24","guid":{"rendered":"https:\/\/crudo-leather.com\/product\/stellare-customized-silver-beaded-heart-tag-bracelet-white-gold\/"},"modified":"2026-03-18T17:19:22","modified_gmt":"2026-03-18T09:19:22","slug":"stellare-customized-silver-beaded-heart-tag-bracelet-white-gold","status":"publish","type":"product","link":"https:\/\/crudo-leather.com\/de\/product\/stellare-customized-silver-beaded-heart-tag-bracelet-white-gold\/","title":{"rendered":"Stellare personalisiertes Herz-Anh\u00e4nger Sterling Silber Perlen Armband"},"content":{"rendered":"","protected":false},"excerpt":{"rendered":"Erleben Sie die s\u00fc\u00dfe Melodie der Liebe, romantisch wie das Meer, und den bezaubernden Charme von Edelsteinen. Die Stellare ma\u00dfgeschneiderte 925 Sterlingsilber Perlenarmband zeigt ein Paar, das an der K\u00fcste der Golden Coast spaziert, mit einer Brise, die \u00fcber das Meer weht und Wellen, die leise von Liebe fl\u00fcstern.\n\nJedes Armband ist mit nat\u00fcrlichem Erdbeerquarzstein kombiniert, um Ihre \u00c4ngste und Unsicherheiten zu heilen und gl\u00fcckliche, erf\u00fcllte Liebe zu bringen. Der Edelstein hat eine hohe Transparenz und ein sanftes Lichtgef\u00fchl, das unter Sonneneinstrahlung einen gl\u00e4nzenden Glanz zeigt und \u00e4u\u00dferst auff\u00e4llig ist.\n\n<strong>Klicken Sie auf \"Zum Warenkorb hinzuf\u00fcgen und gestalten\", um Ihren Gravurinhalt zu gestalten<\/strong>\n\n- M\u00f6chten Sie Ihrem Armband Einzigartigkeit verleihen? Kombinieren Sie frei Anh\u00e4nger mit dem Armband, um Ihre pers\u00f6nliche Geschichte zu erz\u00e4hlen\n- Hergestellt aus 925 Sterlingsilber Perlen\n- Geeignet f\u00fcr Menschen mit empfindlicher Haut\n- Exquisiter herzf\u00f6rmiger Anh\u00e4nger, eine Seite mit hellen Edelsteinen besetzt, die andere Seite kann personalisiert mit Lasergravur versehen werden\n- Ausgestattet mit verstellbarer Verschlussschlie\u00dfe, um das Handgelenk perfekt zu umschlie\u00dfen\n- Personalisierter Gravurservice, Buchstaben oder Emojis k\u00f6nnen graviert werden\n- Mehrere Designvorlagen und Schriftarten zur Auswahl\n- Kostenloses Upgrade zum exquisiten Geschenkset (inklusive Geschenkkarte und Produktgarantie)\n\n<strong>Produktionszeit und Versanddetails<\/strong>\n- Jedes Produkt ben\u00f6tigt nur 1-5 Werktage zur Fertigstellung\n- Bei Bestellung heute kann es bereits morgen versendet werden\n- Weltweiter Versand","protected":false},"featured_media":19006,"comment_status":"open","ping_status":"closed","template":"","meta":{"inline_featured_image":false},"collection":[2238],"trending_cat":[],"product_cat":[17],"product_tag":[],"class_list":{"0":"post-2687","1":"product","2":"type-product","3":"status-publish","4":"has-post-thumbnail","6":"product_cat-bracelets-cuffs","8":"first","9":"instock","10":"sale","11":"shipping-taxable","12":"purchasable","13":"product-type-variable"},"yoast_head":"<!-- This site is optimized with the Yoast SEO plugin v23.4 - https:\/\/yoast.com\/wordpress\/plugins\/seo\/ -->\n<title>Stellare Sterling Silber Perlen Armband Platinfarben<\/title>\n<meta name=\"description\" content=\"Crudo Stellare personalisiertes Herz-Anh\u00e4nger Armband mit Sterling Silber Perlen, Wei\u00dfgold 925 Sterling Silber Perlen, filigraner Herz-Anh\u00e4nger. Personalisierte Gravur m\u00f6glich, geeignet f\u00fcr empfindliche Haut.\" \/>\n<meta name=\"robots\" content=\"index, follow, max-snippet:-1, max-image-preview:large, max-video-preview:-1\" \/>\n<link rel=\"canonical\" href=\"https:\/\/crudo-leather.com\/de\/product\/stellare-customized-silver-beaded-heart-tag-bracelet-white-gold\/\" \/>\n<meta property=\"og:locale\" content=\"en_US\" \/>\n<meta property=\"og:type\" content=\"article\" \/>\n<meta property=\"og:title\" content=\"Stellare Sterling Silber Perlen Armband Platinfarben\" \/>\n<meta property=\"og:description\" content=\"Crudo Stellare personalisiertes Herz-Anh\u00e4nger Armband mit Sterling Silber Perlen, Wei\u00dfgold 925 Sterling Silber Perlen, filigraner Herz-Anh\u00e4nger. Personalisierte Gravur m\u00f6glich, geeignet f\u00fcr empfindliche Haut.\" \/>\n<meta property=\"og:url\" content=\"https:\/\/crudo-leather.com\/product\/stellare-customized-silver-beaded-heart-tag-bracelet-white-gold\/\" \/>\n<meta property=\"og:site_name\" content=\"Crudo\" \/>\n<meta property=\"article:modified_time\" content=\"2026-03-18T09:19:22+00:00\" \/>\n<meta property=\"og:image\" content=\"https:\/\/crudo-leather.com\/wp-content\/uploads\/2024\/08\/beadwomen-silver_01-1.jpg\" \/>\n\t<meta property=\"og:image:width\" content=\"2000\" \/>\n\t<meta property=\"og:image:height\" content=\"2000\" \/>\n\t<meta property=\"og:image:type\" content=\"image\/jpeg\" \/>\n<meta name=\"twitter:card\" content=\"summary_large_image\" \/>\n<meta name=\"twitter:label1\" content=\"Est. reading time\" \/>\n\t<meta name=\"twitter:data1\" content=\"1 minute\" \/>\n<script type=\"application\/ld+json\" class=\"yoast-schema-graph\">{\"@context\":\"https:\/\/schema.org\",\"@graph\":[{\"@type\":\"WebPage\",\"@id\":\"https:\/\/crudo-leather.com\/product\/stellare-customized-silver-beaded-heart-tag-bracelet-white-gold\/\",\"url\":\"https:\/\/crudo-leather.com\/product\/stellare-customized-silver-beaded-heart-tag-bracelet-white-gold\/\",\"name\":\"Stellare White Gold Heart Tag Beaded Bracelet\",\"isPartOf\":{\"@id\":\"https:\/\/crudo-leather.com\/#website\"},\"primaryImageOfPage\":{\"@id\":\"https:\/\/crudo-leather.com\/product\/stellare-customized-silver-beaded-heart-tag-bracelet-white-gold\/#primaryimage\"},\"image\":{\"@id\":\"https:\/\/crudo-leather.com\/product\/stellare-customized-silver-beaded-heart-tag-bracelet-white-gold\/#primaryimage\"},\"thumbnailUrl\":\"https:\/\/crudo-leather.com\/wp-content\/uploads\/2024\/08\/beadwomen-silver_01-1.jpg\",\"datePublished\":\"2024-08-01T06:14:24+00:00\",\"dateModified\":\"2026-03-18T09:19:22+00:00\",\"description\":\"Discover sleek elegance with the Stellare Customized Silver Beaded Heart Tag Bracelet in White Gold. A sophisticated and personal accessory.\",\"breadcrumb\":{\"@id\":\"https:\/\/crudo-leather.com\/product\/stellare-customized-silver-beaded-heart-tag-bracelet-white-gold\/#breadcrumb\"},\"inLanguage\":\"en-US\",\"potentialAction\":[{\"@type\":\"ReadAction\",\"target\":[\"https:\/\/crudo-leather.com\/product\/stellare-customized-silver-beaded-heart-tag-bracelet-white-gold\/\"]}]},{\"@type\":\"ImageObject\",\"inLanguage\":\"en-US\",\"@id\":\"https:\/\/crudo-leather.com\/product\/stellare-customized-silver-beaded-heart-tag-bracelet-white-gold\/#primaryimage\",\"url\":\"https:\/\/crudo-leather.com\/wp-content\/uploads\/2024\/08\/beadwomen-silver_01-1.jpg\",\"contentUrl\":\"https:\/\/crudo-leather.com\/wp-content\/uploads\/2024\/08\/beadwomen-silver_01-1.jpg\",\"width\":2000,\"height\":2000},{\"@type\":\"BreadcrumbList\",\"@id\":\"https:\/\/crudo-leather.com\/product\/stellare-customized-silver-beaded-heart-tag-bracelet-white-gold\/#breadcrumb\",\"itemListElement\":[{\"@type\":\"ListItem\",\"position\":1,\"name\":\"Shop\",\"item\":\"https:\/\/crudo-leather.com\/shop\/\"},{\"@type\":\"ListItem\",\"position\":2,\"name\":\"Stellare Customized Silver Beaded Heart Tag Bracelet\"}]},{\"@type\":\"WebSite\",\"@id\":\"https:\/\/crudo-leather.com\/#website\",\"url\":\"https:\/\/crudo-leather.com\/\",\"name\":\"Crudo\",\"description\":\"\",\"potentialAction\":[{\"@type\":\"SearchAction\",\"target\":{\"@type\":\"EntryPoint\",\"urlTemplate\":\"https:\/\/crudo-leather.com\/?s={search_term_string}\"},\"query-input\":{\"@type\":\"PropertyValueSpecification\",\"valueRequired\":true,\"valueName\":\"search_term_string\"}}],\"inLanguage\":\"en-US\"}]}<\/script>\n<!-- \/ Yoast SEO plugin. -->","yoast_head_json":{"title":"Stellare Sterling Silber Perlen Armband Platinfarben","description":"Crudo Stellare personalisiertes Herz-Anh\u00e4nger Armband mit Sterling Silber Perlen, Wei\u00dfgold 925 Sterling Silber Perlen, filigraner Herz-Anh\u00e4nger. Personalisierte Gravur m\u00f6glich, geeignet f\u00fcr empfindliche Haut.","robots":{"index":"index","follow":"follow","max-snippet":"max-snippet:-1","max-image-preview":"max-image-preview:large","max-video-preview":"max-video-preview:-1"},"canonical":"https:\/\/crudo-leather.com\/de\/product\/stellare-customized-silver-beaded-heart-tag-bracelet-white-gold\/","og_locale":"en_US","og_type":"article","og_title":"Stellare Sterling Silber Perlen Armband Platinfarben","og_description":"Crudo Stellare personalisiertes Herz-Anh\u00e4nger Armband mit Sterling Silber Perlen, Wei\u00dfgold 925 Sterling Silber Perlen, filigraner Herz-Anh\u00e4nger. Personalisierte Gravur m\u00f6glich, geeignet f\u00fcr empfindliche Haut.","og_url":"https:\/\/crudo-leather.com\/product\/stellare-customized-silver-beaded-heart-tag-bracelet-white-gold\/","og_site_name":"Crudo","article_modified_time":"2026-03-18T09:19:22+00:00","og_image":[{"width":2000,"height":2000,"url":"https:\/\/crudo-leather.com\/wp-content\/uploads\/2024\/08\/beadwomen-silver_01-1.jpg","type":"image\/jpeg"}],"twitter_card":"summary_large_image","twitter_misc":{"Est. reading time":"1 minute"},"schema":{"@context":"https:\/\/schema.org","@graph":[{"@type":"WebPage","@id":"https:\/\/crudo-leather.com\/product\/stellare-customized-silver-beaded-heart-tag-bracelet-white-gold\/","url":"https:\/\/crudo-leather.com\/product\/stellare-customized-silver-beaded-heart-tag-bracelet-white-gold\/","name":"Stellare White Gold Heart Tag Beaded Bracelet","isPartOf":{"@id":"https:\/\/crudo-leather.com\/#website"},"primaryImageOfPage":{"@id":"https:\/\/crudo-leather.com\/product\/stellare-customized-silver-beaded-heart-tag-bracelet-white-gold\/#primaryimage"},"image":{"@id":"https:\/\/crudo-leather.com\/product\/stellare-customized-silver-beaded-heart-tag-bracelet-white-gold\/#primaryimage"},"thumbnailUrl":"https:\/\/crudo-leather.com\/wp-content\/uploads\/2024\/08\/beadwomen-silver_01-1.jpg","datePublished":"2024-08-01T06:14:24+00:00","dateModified":"2026-03-18T09:19:22+00:00","description":"Discover sleek elegance with the Stellare Customized Silver Beaded Heart Tag Bracelet in White Gold. A sophisticated and personal accessory.","breadcrumb":{"@id":"https:\/\/crudo-leather.com\/product\/stellare-customized-silver-beaded-heart-tag-bracelet-white-gold\/#breadcrumb"},"inLanguage":"en-US","potentialAction":[{"@type":"ReadAction","target":["https:\/\/crudo-leather.com\/product\/stellare-customized-silver-beaded-heart-tag-bracelet-white-gold\/"]}]},{"@type":"ImageObject","inLanguage":"en-US","@id":"https:\/\/crudo-leather.com\/product\/stellare-customized-silver-beaded-heart-tag-bracelet-white-gold\/#primaryimage","url":"https:\/\/crudo-leather.com\/wp-content\/uploads\/2024\/08\/beadwomen-silver_01-1.jpg","contentUrl":"https:\/\/crudo-leather.com\/wp-content\/uploads\/2024\/08\/beadwomen-silver_01-1.jpg","width":2000,"height":2000},{"@type":"BreadcrumbList","@id":"https:\/\/crudo-leather.com\/product\/stellare-customized-silver-beaded-heart-tag-bracelet-white-gold\/#breadcrumb","itemListElement":[{"@type":"ListItem","position":1,"name":"Shop","item":"https:\/\/crudo-leather.com\/shop\/"},{"@type":"ListItem","position":2,"name":"Stellare Customized Silver Beaded Heart Tag Bracelet"}]},{"@type":"WebSite","@id":"https:\/\/crudo-leather.com\/#website","url":"https:\/\/crudo-leather.com\/","name":"Crudo","description":"","potentialAction":[{"@type":"SearchAction","target":{"@type":"EntryPoint","urlTemplate":"https:\/\/crudo-leather.com\/?s={search_term_string}"},"query-input":{"@type":"PropertyValueSpecification","valueRequired":true,"valueName":"search_term_string"}}],"inLanguage":"en-US"}]}},"_links":{"self":[{"href":"https:\/\/crudo-leather.com\/de\/wp-json\/wp\/v2\/product\/2687"}],"collection":[{"href":"https:\/\/crudo-leather.com\/de\/wp-json\/wp\/v2\/product"}],"about":[{"href":"https:\/\/crudo-leather.com\/de\/wp-json\/wp\/v2\/types\/product"}],"replies":[{"embeddable":true,"href":"https:\/\/crudo-leather.com\/de\/wp-json\/wp\/v2\/comments?post=2687"}],"wp:featuredmedia":[{"embeddable":true,"href":"https:\/\/crudo-leather.com\/de\/wp-json\/wp\/v2\/media\/19006"}],"wp:attachment":[{"href":"https:\/\/crudo-leather.com\/de\/wp-json\/wp\/v2\/media?parent=2687"}],"wp:term":[{"taxonomy":"collection","embeddable":true,"href":"https:\/\/crudo-leather.com\/de\/wp-json\/wp\/v2\/collection?post=2687"},{"taxonomy":"trending_cat","embeddable":true,"href":"https:\/\/crudo-leather.com\/de\/wp-json\/wp\/v2\/trending_cat?post=2687"},{"taxonomy":"product_cat","embeddable":true,"href":"https:\/\/crudo-leather.com\/de\/wp-json\/wp\/v2\/product_cat?post=2687"},{"taxonomy":"product_tag","embeddable":true,"href":"https:\/\/crudo-leather.com\/de\/wp-json\/wp\/v2\/product_tag?post=2687"}],"curies":[{"name":"wp","href":"https:\/\/api.w.org\/{rel}","templated":true}]}}