{"id":2716,"date":"2024-08-01T14:15:11","date_gmt":"2024-08-01T06:15:11","guid":{"rendered":"https:\/\/crudo-leather.com\/product\/miami-love-customized-box-chain-bracelet-midnight-black\/"},"modified":"2026-03-18T17:42:14","modified_gmt":"2026-03-18T09:42:14","slug":"miami-love-customized-box-chain-bracelet-midnight-black","status":"publish","type":"product","link":"https:\/\/crudo-leather.com\/de\/product\/miami-love-customized-box-chain-bracelet-midnight-black\/","title":{"rendered":"Miami Love quadratischer Stahlstab personalisiertes Armband"},"content":{"rendered":"","protected":false},"excerpt":{"rendered":"Inspiriert von einer Reise nach Miami, vereint das hochwertige quadratische Edelstahl-Armband das Sonnenlicht und die Str\u00e4nde von Miami mit der mysteri\u00f6sen Liebesgeschichte des Vizcaya Gardens. Auf dem ikonischen kleinen achteckigen Metallstreifen sind tiefgr\u00fcndige Liebesbotschaften eingraviert, um Ihren Liebsten eine \u00dcberraschung zu bereiten.\n\n<strong>Klicken Sie auf \"Zum Warenkorb hinzuf\u00fcgen und gestalten\", um Ihren Gravurinhalt zu gestalten<\/strong>\n\n- M\u00f6chten Sie dem Armband eine pers\u00f6nliche Note verleihen? Kombinieren Sie frei Anh\u00e4nger mit dem Armband, um Ihre pers\u00f6nliche Geschichte zu erz\u00e4hlen\n- Design inspiriert vom modernen, modischen Stil Miamis\n- Einzigartiger kleiner achteckig geschnittener rechteckiger Stahlstreifen kombiniert mit speziell gestalteten quadratischen Edelstahlketten, inspiriert von der K\u00fcstenlandschaft Miamis und der mysteri\u00f6sen Liebesgeschichte des Vizcaya Gardens\n- Hergestellt aus 316L Edelstahl\n- Bleicht nicht leicht aus und oxidiert nicht, dauerhafte Aufbewahrung\n- Geeignet f\u00fcr Menschen mit empfindlicher Haut\n- Mit Magnetverschluss\n- Mehrere Schriftarten, Emojis und Gravurvorschl\u00e4ge zur Auswahl\n- Kostenloses Upgrade zum exquisiten Geschenkset (inklusive Geschenkkarte und Produktgarantie)\n\n<strong>Herstellungszeit und Versanddetails<\/strong>\n- Jedes Produkt ben\u00f6tigt nur 1-5 Werktage zur Fertigstellung\n- Bei Bestellung heute kann es bereits morgen versendet werden\n- Weltweiter Versand","protected":false},"featured_media":19011,"comment_status":"open","ping_status":"closed","template":"","meta":{"inline_featured_image":false},"collection":[2234],"trending_cat":[2391],"product_cat":[17],"product_tag":[],"class_list":{"0":"post-2716","1":"product","2":"type-product","3":"status-publish","4":"has-post-thumbnail","6":"trending_cat-miami-love-chain-bracelet","7":"product_cat-bracelets-cuffs","9":"first","10":"instock","11":"sale","12":"shipping-taxable","13":"purchasable","14":"product-type-variable"},"yoast_head":"<!-- This site is optimized with the Yoast SEO plugin v23.4 - https:\/\/yoast.com\/wordpress\/plugins\/seo\/ -->\n<title>Crudo Miami Love Midnight Hacker Custom Armband<\/title>\n<meta name=\"description\" content=\"Entdecken Sie das Crudo Miami Love Mitternachtsschwarz rechteckige Stahlstab-Armband. Einzigartige personalisierte Gravur, weltweiter Versand, einj\u00e4hrige Garantie. Gestalten Sie jetzt Ihr exklusives Modeaccessoire! Zeitlich begrenztes Angebot. 1\" \/>\n<meta name=\"robots\" content=\"index, follow, max-snippet:-1, max-image-preview:large, max-video-preview:-1\" \/>\n<link rel=\"canonical\" href=\"https:\/\/crudo-leather.com\/de\/product\/miami-love-customized-box-chain-bracelet-midnight-black\/\" \/>\n<meta property=\"og:locale\" content=\"en_US\" \/>\n<meta property=\"og:type\" content=\"article\" \/>\n<meta property=\"og:title\" content=\"Crudo Miami Love Midnight Hacker Custom Armband\" \/>\n<meta property=\"og:description\" content=\"Entdecken Sie das Crudo Miami Love Mitternachtsschwarz rechteckige Stahlstab-Armband. Einzigartige personalisierte Gravur, weltweiter Versand, einj\u00e4hrige Garantie. Gestalten Sie jetzt Ihr exklusives Modeaccessoire! Zeitlich begrenztes Angebot. 1\" \/>\n<meta property=\"og:url\" content=\"https:\/\/crudo-leather.com\/product\/miami-love-customized-box-chain-bracelet-midnight-black\/\" \/>\n<meta property=\"og:site_name\" content=\"Crudo\" \/>\n<meta property=\"article:modified_time\" content=\"2026-03-18T09:42:14+00:00\" \/>\n<meta property=\"og:image\" content=\"https:\/\/crudo-leather.com\/wp-content\/uploads\/2024\/08\/zbt26_wbg_blk_a.jpg\" \/>\n\t<meta property=\"og:image:width\" content=\"640\" \/>\n\t<meta property=\"og:image:height\" content=\"640\" \/>\n\t<meta property=\"og:image:type\" content=\"image\/jpeg\" \/>\n<meta name=\"twitter:card\" content=\"summary_large_image\" \/>\n<meta name=\"twitter:label1\" content=\"Est. reading time\" \/>\n\t<meta name=\"twitter:data1\" content=\"1 minute\" \/>\n<script type=\"application\/ld+json\" class=\"yoast-schema-graph\">{\"@context\":\"https:\/\/schema.org\",\"@graph\":[{\"@type\":\"WebPage\",\"@id\":\"https:\/\/crudo-leather.com\/product\/miami-love-customized-box-chain-bracelet-midnight-black\/\",\"url\":\"https:\/\/crudo-leather.com\/product\/miami-love-customized-box-chain-bracelet-midnight-black\/\",\"name\":\"Miami Love Customized Box Chain Bracelet - Midnight Black\",\"isPartOf\":{\"@id\":\"https:\/\/crudo-leather.com\/#website\"},\"primaryImageOfPage\":{\"@id\":\"https:\/\/crudo-leather.com\/product\/miami-love-customized-box-chain-bracelet-midnight-black\/#primaryimage\"},\"image\":{\"@id\":\"https:\/\/crudo-leather.com\/product\/miami-love-customized-box-chain-bracelet-midnight-black\/#primaryimage\"},\"thumbnailUrl\":\"https:\/\/crudo-leather.com\/wp-content\/uploads\/2024\/08\/zbt26_wbg_blk_a.jpg\",\"datePublished\":\"2024-08-01T06:15:11+00:00\",\"dateModified\":\"2026-03-18T09:42:14+00:00\",\"description\":\"Discover Miami Love customized box chain bracelet in midnight black. A sleek and modern accessory, perfect for a bold statement. Free engraving available. Shop now!\",\"breadcrumb\":{\"@id\":\"https:\/\/crudo-leather.com\/product\/miami-love-customized-box-chain-bracelet-midnight-black\/#breadcrumb\"},\"inLanguage\":\"en-US\",\"potentialAction\":[{\"@type\":\"ReadAction\",\"target\":[\"https:\/\/crudo-leather.com\/product\/miami-love-customized-box-chain-bracelet-midnight-black\/\"]}]},{\"@type\":\"ImageObject\",\"inLanguage\":\"en-US\",\"@id\":\"https:\/\/crudo-leather.com\/product\/miami-love-customized-box-chain-bracelet-midnight-black\/#primaryimage\",\"url\":\"https:\/\/crudo-leather.com\/wp-content\/uploads\/2024\/08\/zbt26_wbg_blk_a.jpg\",\"contentUrl\":\"https:\/\/crudo-leather.com\/wp-content\/uploads\/2024\/08\/zbt26_wbg_blk_a.jpg\",\"width\":640,\"height\":640},{\"@type\":\"BreadcrumbList\",\"@id\":\"https:\/\/crudo-leather.com\/product\/miami-love-customized-box-chain-bracelet-midnight-black\/#breadcrumb\",\"itemListElement\":[{\"@type\":\"ListItem\",\"position\":1,\"name\":\"Shop\",\"item\":\"https:\/\/crudo-leather.com\/shop\/\"},{\"@type\":\"ListItem\",\"position\":2,\"name\":\"Miami Love Customized Box Chain Bracelet\"}]},{\"@type\":\"WebSite\",\"@id\":\"https:\/\/crudo-leather.com\/#website\",\"url\":\"https:\/\/crudo-leather.com\/\",\"name\":\"Crudo\",\"description\":\"\",\"potentialAction\":[{\"@type\":\"SearchAction\",\"target\":{\"@type\":\"EntryPoint\",\"urlTemplate\":\"https:\/\/crudo-leather.com\/?s={search_term_string}\"},\"query-input\":{\"@type\":\"PropertyValueSpecification\",\"valueRequired\":true,\"valueName\":\"search_term_string\"}}],\"inLanguage\":\"en-US\"}]}<\/script>\n<!-- \/ Yoast SEO plugin. -->","yoast_head_json":{"title":"Crudo Miami Love Midnight Hacker Custom Armband","description":"Entdecken Sie das Crudo Miami Love Mitternachtsschwarz rechteckige Stahlstab-Armband. Einzigartige personalisierte Gravur, weltweiter Versand, einj\u00e4hrige Garantie. Gestalten Sie jetzt Ihr exklusives Modeaccessoire! Zeitlich begrenztes Angebot. 1","robots":{"index":"index","follow":"follow","max-snippet":"max-snippet:-1","max-image-preview":"max-image-preview:large","max-video-preview":"max-video-preview:-1"},"canonical":"https:\/\/crudo-leather.com\/de\/product\/miami-love-customized-box-chain-bracelet-midnight-black\/","og_locale":"en_US","og_type":"article","og_title":"Crudo Miami Love Midnight Hacker Custom Armband","og_description":"Entdecken Sie das Crudo Miami Love Mitternachtsschwarz rechteckige Stahlstab-Armband. Einzigartige personalisierte Gravur, weltweiter Versand, einj\u00e4hrige Garantie. Gestalten Sie jetzt Ihr exklusives Modeaccessoire! Zeitlich begrenztes Angebot. 1","og_url":"https:\/\/crudo-leather.com\/product\/miami-love-customized-box-chain-bracelet-midnight-black\/","og_site_name":"Crudo","article_modified_time":"2026-03-18T09:42:14+00:00","og_image":[{"width":640,"height":640,"url":"https:\/\/crudo-leather.com\/wp-content\/uploads\/2024\/08\/zbt26_wbg_blk_a.jpg","type":"image\/jpeg"}],"twitter_card":"summary_large_image","twitter_misc":{"Est. reading time":"1 minute"},"schema":{"@context":"https:\/\/schema.org","@graph":[{"@type":"WebPage","@id":"https:\/\/crudo-leather.com\/product\/miami-love-customized-box-chain-bracelet-midnight-black\/","url":"https:\/\/crudo-leather.com\/product\/miami-love-customized-box-chain-bracelet-midnight-black\/","name":"Miami Love Customized Box Chain Bracelet - Midnight Black","isPartOf":{"@id":"https:\/\/crudo-leather.com\/#website"},"primaryImageOfPage":{"@id":"https:\/\/crudo-leather.com\/product\/miami-love-customized-box-chain-bracelet-midnight-black\/#primaryimage"},"image":{"@id":"https:\/\/crudo-leather.com\/product\/miami-love-customized-box-chain-bracelet-midnight-black\/#primaryimage"},"thumbnailUrl":"https:\/\/crudo-leather.com\/wp-content\/uploads\/2024\/08\/zbt26_wbg_blk_a.jpg","datePublished":"2024-08-01T06:15:11+00:00","dateModified":"2026-03-18T09:42:14+00:00","description":"Discover Miami Love customized box chain bracelet in midnight black. A sleek and modern accessory, perfect for a bold statement. Free engraving available. Shop now!","breadcrumb":{"@id":"https:\/\/crudo-leather.com\/product\/miami-love-customized-box-chain-bracelet-midnight-black\/#breadcrumb"},"inLanguage":"en-US","potentialAction":[{"@type":"ReadAction","target":["https:\/\/crudo-leather.com\/product\/miami-love-customized-box-chain-bracelet-midnight-black\/"]}]},{"@type":"ImageObject","inLanguage":"en-US","@id":"https:\/\/crudo-leather.com\/product\/miami-love-customized-box-chain-bracelet-midnight-black\/#primaryimage","url":"https:\/\/crudo-leather.com\/wp-content\/uploads\/2024\/08\/zbt26_wbg_blk_a.jpg","contentUrl":"https:\/\/crudo-leather.com\/wp-content\/uploads\/2024\/08\/zbt26_wbg_blk_a.jpg","width":640,"height":640},{"@type":"BreadcrumbList","@id":"https:\/\/crudo-leather.com\/product\/miami-love-customized-box-chain-bracelet-midnight-black\/#breadcrumb","itemListElement":[{"@type":"ListItem","position":1,"name":"Shop","item":"https:\/\/crudo-leather.com\/shop\/"},{"@type":"ListItem","position":2,"name":"Miami Love Customized Box Chain Bracelet"}]},{"@type":"WebSite","@id":"https:\/\/crudo-leather.com\/#website","url":"https:\/\/crudo-leather.com\/","name":"Crudo","description":"","potentialAction":[{"@type":"SearchAction","target":{"@type":"EntryPoint","urlTemplate":"https:\/\/crudo-leather.com\/?s={search_term_string}"},"query-input":{"@type":"PropertyValueSpecification","valueRequired":true,"valueName":"search_term_string"}}],"inLanguage":"en-US"}]}},"_links":{"self":[{"href":"https:\/\/crudo-leather.com\/de\/wp-json\/wp\/v2\/product\/2716"}],"collection":[{"href":"https:\/\/crudo-leather.com\/de\/wp-json\/wp\/v2\/product"}],"about":[{"href":"https:\/\/crudo-leather.com\/de\/wp-json\/wp\/v2\/types\/product"}],"replies":[{"embeddable":true,"href":"https:\/\/crudo-leather.com\/de\/wp-json\/wp\/v2\/comments?post=2716"}],"wp:featuredmedia":[{"embeddable":true,"href":"https:\/\/crudo-leather.com\/de\/wp-json\/wp\/v2\/media\/19011"}],"wp:attachment":[{"href":"https:\/\/crudo-leather.com\/de\/wp-json\/wp\/v2\/media?parent=2716"}],"wp:term":[{"taxonomy":"collection","embeddable":true,"href":"https:\/\/crudo-leather.com\/de\/wp-json\/wp\/v2\/collection?post=2716"},{"taxonomy":"trending_cat","embeddable":true,"href":"https:\/\/crudo-leather.com\/de\/wp-json\/wp\/v2\/trending_cat?post=2716"},{"taxonomy":"product_cat","embeddable":true,"href":"https:\/\/crudo-leather.com\/de\/wp-json\/wp\/v2\/product_cat?post=2716"},{"taxonomy":"product_tag","embeddable":true,"href":"https:\/\/crudo-leather.com\/de\/wp-json\/wp\/v2\/product_tag?post=2716"}],"curies":[{"name":"wp","href":"https:\/\/api.w.org\/{rel}","templated":true}]}}