{"id":2719,"date":"2024-08-01T14:15:17","date_gmt":"2024-08-01T06:15:17","guid":{"rendered":"https:\/\/crudo-leather.com\/product\/crayon-shinchan-customized-woven-leather-t-bar-bracelet-navy-blue-rose-gold\/"},"modified":"2025-11-17T09:22:39","modified_gmt":"2025-11-17T01:22:39","slug":"crayon-shinchan-customized-woven-leather-t-bar-bracelet-navy-blue-rose-gold","status":"publish","type":"product","link":"https:\/\/crudo-leather.com\/de\/product\/crayon-shinchan-customized-woven-leather-t-bar-bracelet-navy-blue-rose-gold\/","title":{"rendered":"Crayon Shinchan Limited Edition ma\u00dfgeschneidertes doppeltes Seil geflochtenes Leder T-Bar Armband"},"content":{"rendered":"","protected":false},"excerpt":{"rendered":"<p>**Bitte w\u00e4hlen Sie mindestens ein Crayon Shinchan Metallanh\u00e4nger aus, sonst wird das Produkt nur mit dem urspr\u00fcnglichen Crudo runden Anh\u00e4nger geliefert und nicht mit der Crayon Shinchan Special Edition Geschenkbox**<\/p>\n\n<p><strong><ins>Crayon Shinchan x Crudo<\/ins><\/strong><br \/>\nCrudo kooperiert mit der beliebten japanischen Cartoonfigur \"Crayon Shinchan\" und pr\u00e4sentiert unter dem Motto \"Time to Play\" eine Reihe von lustigen und niedlichen Lederaccessoires. Kombiniert mit dem exklusiven Crudo Customization Service verwandeln sich verschiedene Shinchan-Figuren und seine Freunde und Familie in filigrane Metallanh\u00e4nger, die frei mit dem preisgekr\u00f6nten Lederarmband kombiniert werden k\u00f6nnen, um Ihren t\u00e4glichen Schmuck mit Spa\u00df zu bereichern!<br \/>\n<br \/>\n<strong>Klicken Sie auf \"Zum Warenkorb hinzuf\u00fcgen und gestalten\", um Ihren Gravurtext zu entwerfen<\/strong><\/p>\n\n<p>- Offiziell lizenzierte Crayon Shinchan Produkte aus Japan<br \/>\n- Mehrere verschiedene Metallanh\u00e4nger mit Shinchan und seinen Freunden und Familie k\u00f6nnen frei kombiniert und am Lederarmband befestigt werden<br \/>\n- Beim Kauf eines Crayon Shinchan Limited Edition Lederarmbands erhalten Sie eine Crayon Shinchan Limited Edition Geschenkbox mit abziehbarer Gru\u00dfkarte (inklusive Geschenkkarte und Produktgarantie)<br \/>\n- Hergestellt aus italienischem Flechtleder erster Wahl und hochwertigem 316L Edelstahl<br \/>\n- Minimalistisches Einfachband-Design mit doppelter Schnur<br \/>\n- Spezielles T-f\u00f6rmiges Verschlussdesign f\u00fcr personalisierte Gravuren<br \/>\n- R\u00f6misches Uhrdesign auf dem runden Stahlring, um die Zeit mit Ihren Lieben festzuhalten<br \/>\n- Kostenloser Gravurservice mit einer Auswahl an Schriftarten, Emojis und Gravurvorschl\u00e4gen<br \/>\n- Verblasst und oxidiert nicht leicht, f\u00fcr dauerhafte Haltbarkeit<br \/>\n- Exklusives Achteck-Schliffdesign<br \/>\n- Geeignet f\u00fcr Menschen mit empfindlicher Haut<\/p>\n\n<p><br \/>\n<strong>Produktionszeit und Versanddetails<\/strong><br \/>\n- Jedes Produkt ben\u00f6tigt nur 1-5 Werktage zur Fertigstellung<br \/>\n- Bestellungen von heute k\u00f6nnen bereits morgen versendet werden<br \/>\n- Nur in Hongkong, Taiwan und Macau erh\u00e4ltlich<\/p>","protected":false},"featured_media":19012,"comment_status":"open","ping_status":"closed","template":"","meta":{"inline_featured_image":false},"collection":[2287],"trending_cat":[2397,2398],"product_cat":[15],"product_tag":[101],"class_list":{"0":"post-2719","1":"product","2":"type-product","3":"status-publish","4":"has-post-thumbnail","6":"trending_cat-couple-gift","7":"trending_cat-gift-for-him","8":"product_cat-uncategorized","9":"product_tag-crayon-shinchan","11":"first","12":"instock","13":"sale","14":"shipping-taxable","15":"purchasable","16":"product-type-variable"},"yoast_head":"<!-- This site is optimized with the Yoast SEO plugin v23.4 - https:\/\/yoast.com\/wordpress\/plugins\/seo\/ -->\n<title>Crudo Crayon Shinchan personalisiertes geflochtenes Leder T-Band - Marineblau Ros\u00e9gold<\/title>\n<meta name=\"description\" content=\"Entdecken Sie das Crudo Crayon Shinchan Limited Edition Marineblau Ros\u00e9gold geflochtenes Leder T-Verschluss Armband. Hergestellt aus italienischem Vollrindleder und 316L-Stahl, mit kostenloser Gravur und optionalen Anh\u00e4ngern. Vielseitig und modisch, um Ihren einzigartigen Stil zu zeigen.\" \/>\n<meta name=\"robots\" content=\"index, follow, max-snippet:-1, max-image-preview:large, max-video-preview:-1\" \/>\n<link rel=\"canonical\" href=\"https:\/\/crudo-leather.com\/de\/product\/crayon-shinchan-customized-woven-leather-t-bar-bracelet-navy-blue-rose-gold\/\" \/>\n<meta property=\"og:locale\" content=\"en_US\" \/>\n<meta property=\"og:type\" content=\"article\" \/>\n<meta property=\"og:title\" content=\"Crudo Crayon Shinchan personalisiertes geflochtenes Leder T-Band - Marineblau Ros\u00e9gold\" \/>\n<meta property=\"og:description\" content=\"Entdecken Sie das Crudo Crayon Shinchan Limited Edition Marineblau Ros\u00e9gold geflochtenes Leder T-Verschluss Armband. Hergestellt aus italienischem Vollrindleder und 316L-Stahl, mit kostenloser Gravur und optionalen Anh\u00e4ngern. Vielseitig und modisch, um Ihren einzigartigen Stil zu zeigen.\" \/>\n<meta property=\"og:url\" content=\"https:\/\/crudo-leather.com\/product\/crayon-shinchan-customized-woven-leather-t-bar-bracelet-navy-blue-rose-gold\/\" \/>\n<meta property=\"og:site_name\" content=\"Crudo\" \/>\n<meta property=\"article:modified_time\" content=\"2025-11-17T01:22:39+00:00\" \/>\n<meta property=\"og:image\" content=\"https:\/\/crudo-leather.com\/wp-content\/uploads\/2024\/08\/blue-1-1.jpg\" \/>\n\t<meta property=\"og:image:width\" content=\"640\" \/>\n\t<meta property=\"og:image:height\" content=\"640\" \/>\n\t<meta property=\"og:image:type\" content=\"image\/jpeg\" \/>\n<meta name=\"twitter:card\" content=\"summary_large_image\" \/>\n<meta name=\"twitter:label1\" content=\"Est. reading time\" \/>\n\t<meta name=\"twitter:data1\" content=\"1 minute\" \/>\n<script type=\"application\/ld+json\" class=\"yoast-schema-graph\">{\"@context\":\"https:\/\/schema.org\",\"@graph\":[{\"@type\":\"WebPage\",\"@id\":\"https:\/\/crudo-leather.com\/product\/crayon-shinchan-customized-woven-leather-t-bar-bracelet-navy-blue-rose-gold\/\",\"url\":\"https:\/\/crudo-leather.com\/product\/crayon-shinchan-customized-woven-leather-t-bar-bracelet-navy-blue-rose-gold\/\",\"name\":\"Shinchan T-Bar Bracelet: Navy Blue Rose Gold\",\"isPartOf\":{\"@id\":\"https:\/\/crudo-leather.com\/#website\"},\"primaryImageOfPage\":{\"@id\":\"https:\/\/crudo-leather.com\/product\/crayon-shinchan-customized-woven-leather-t-bar-bracelet-navy-blue-rose-gold\/#primaryimage\"},\"image\":{\"@id\":\"https:\/\/crudo-leather.com\/product\/crayon-shinchan-customized-woven-leather-t-bar-bracelet-navy-blue-rose-gold\/#primaryimage\"},\"thumbnailUrl\":\"https:\/\/crudo-leather.com\/wp-content\/uploads\/2024\/08\/blue-1-1.jpg\",\"datePublished\":\"2024-08-01T06:15:17+00:00\",\"dateModified\":\"2025-11-17T01:22:39+00:00\",\"description\":\"Add charm with the Crayon Shinchan Customized Woven Leather T-Bar Bracelet in Navy Blue Rose Gold. A stylish and personal accessory.\",\"breadcrumb\":{\"@id\":\"https:\/\/crudo-leather.com\/product\/crayon-shinchan-customized-woven-leather-t-bar-bracelet-navy-blue-rose-gold\/#breadcrumb\"},\"inLanguage\":\"en-US\",\"potentialAction\":[{\"@type\":\"ReadAction\",\"target\":[\"https:\/\/crudo-leather.com\/product\/crayon-shinchan-customized-woven-leather-t-bar-bracelet-navy-blue-rose-gold\/\"]}]},{\"@type\":\"ImageObject\",\"inLanguage\":\"en-US\",\"@id\":\"https:\/\/crudo-leather.com\/product\/crayon-shinchan-customized-woven-leather-t-bar-bracelet-navy-blue-rose-gold\/#primaryimage\",\"url\":\"https:\/\/crudo-leather.com\/wp-content\/uploads\/2024\/08\/blue-1-1.jpg\",\"contentUrl\":\"https:\/\/crudo-leather.com\/wp-content\/uploads\/2024\/08\/blue-1-1.jpg\",\"width\":640,\"height\":640},{\"@type\":\"BreadcrumbList\",\"@id\":\"https:\/\/crudo-leather.com\/product\/crayon-shinchan-customized-woven-leather-t-bar-bracelet-navy-blue-rose-gold\/#breadcrumb\",\"itemListElement\":[{\"@type\":\"ListItem\",\"position\":1,\"name\":\"Shop\",\"item\":\"https:\/\/crudo-leather.com\/shop\/\"},{\"@type\":\"ListItem\",\"position\":2,\"name\":\"Crayon Shinchan Customized Woven Leather T-Bar Bracelet\"}]},{\"@type\":\"WebSite\",\"@id\":\"https:\/\/crudo-leather.com\/#website\",\"url\":\"https:\/\/crudo-leather.com\/\",\"name\":\"Crudo\",\"description\":\"\",\"potentialAction\":[{\"@type\":\"SearchAction\",\"target\":{\"@type\":\"EntryPoint\",\"urlTemplate\":\"https:\/\/crudo-leather.com\/?s={search_term_string}\"},\"query-input\":{\"@type\":\"PropertyValueSpecification\",\"valueRequired\":true,\"valueName\":\"search_term_string\"}}],\"inLanguage\":\"en-US\"}]}<\/script>\n<!-- \/ Yoast SEO plugin. -->","yoast_head_json":{"title":"Crudo Crayon Shinchan personalisiertes geflochtenes Leder T-Band - Marineblau Ros\u00e9gold","description":"Entdecken Sie das Crudo Crayon Shinchan Limited Edition Marineblau Ros\u00e9gold geflochtenes Leder T-Verschluss Armband. Hergestellt aus italienischem Vollrindleder und 316L-Stahl, mit kostenloser Gravur und optionalen Anh\u00e4ngern. Vielseitig und modisch, um Ihren einzigartigen Stil zu zeigen.","robots":{"index":"index","follow":"follow","max-snippet":"max-snippet:-1","max-image-preview":"max-image-preview:large","max-video-preview":"max-video-preview:-1"},"canonical":"https:\/\/crudo-leather.com\/de\/product\/crayon-shinchan-customized-woven-leather-t-bar-bracelet-navy-blue-rose-gold\/","og_locale":"en_US","og_type":"article","og_title":"Crudo Crayon Shinchan personalisiertes geflochtenes Leder T-Band - Marineblau Ros\u00e9gold","og_description":"Entdecken Sie das Crudo Crayon Shinchan Limited Edition Marineblau Ros\u00e9gold geflochtenes Leder T-Verschluss Armband. Hergestellt aus italienischem Vollrindleder und 316L-Stahl, mit kostenloser Gravur und optionalen Anh\u00e4ngern. Vielseitig und modisch, um Ihren einzigartigen Stil zu zeigen.","og_url":"https:\/\/crudo-leather.com\/product\/crayon-shinchan-customized-woven-leather-t-bar-bracelet-navy-blue-rose-gold\/","og_site_name":"Crudo","article_modified_time":"2025-11-17T01:22:39+00:00","og_image":[{"width":640,"height":640,"url":"https:\/\/crudo-leather.com\/wp-content\/uploads\/2024\/08\/blue-1-1.jpg","type":"image\/jpeg"}],"twitter_card":"summary_large_image","twitter_misc":{"Est. reading time":"1 minute"},"schema":{"@context":"https:\/\/schema.org","@graph":[{"@type":"WebPage","@id":"https:\/\/crudo-leather.com\/product\/crayon-shinchan-customized-woven-leather-t-bar-bracelet-navy-blue-rose-gold\/","url":"https:\/\/crudo-leather.com\/product\/crayon-shinchan-customized-woven-leather-t-bar-bracelet-navy-blue-rose-gold\/","name":"Shinchan T-Bar Bracelet: Navy Blue Rose Gold","isPartOf":{"@id":"https:\/\/crudo-leather.com\/#website"},"primaryImageOfPage":{"@id":"https:\/\/crudo-leather.com\/product\/crayon-shinchan-customized-woven-leather-t-bar-bracelet-navy-blue-rose-gold\/#primaryimage"},"image":{"@id":"https:\/\/crudo-leather.com\/product\/crayon-shinchan-customized-woven-leather-t-bar-bracelet-navy-blue-rose-gold\/#primaryimage"},"thumbnailUrl":"https:\/\/crudo-leather.com\/wp-content\/uploads\/2024\/08\/blue-1-1.jpg","datePublished":"2024-08-01T06:15:17+00:00","dateModified":"2025-11-17T01:22:39+00:00","description":"Add charm with the Crayon Shinchan Customized Woven Leather T-Bar Bracelet in Navy Blue Rose Gold. A stylish and personal accessory.","breadcrumb":{"@id":"https:\/\/crudo-leather.com\/product\/crayon-shinchan-customized-woven-leather-t-bar-bracelet-navy-blue-rose-gold\/#breadcrumb"},"inLanguage":"en-US","potentialAction":[{"@type":"ReadAction","target":["https:\/\/crudo-leather.com\/product\/crayon-shinchan-customized-woven-leather-t-bar-bracelet-navy-blue-rose-gold\/"]}]},{"@type":"ImageObject","inLanguage":"en-US","@id":"https:\/\/crudo-leather.com\/product\/crayon-shinchan-customized-woven-leather-t-bar-bracelet-navy-blue-rose-gold\/#primaryimage","url":"https:\/\/crudo-leather.com\/wp-content\/uploads\/2024\/08\/blue-1-1.jpg","contentUrl":"https:\/\/crudo-leather.com\/wp-content\/uploads\/2024\/08\/blue-1-1.jpg","width":640,"height":640},{"@type":"BreadcrumbList","@id":"https:\/\/crudo-leather.com\/product\/crayon-shinchan-customized-woven-leather-t-bar-bracelet-navy-blue-rose-gold\/#breadcrumb","itemListElement":[{"@type":"ListItem","position":1,"name":"Shop","item":"https:\/\/crudo-leather.com\/shop\/"},{"@type":"ListItem","position":2,"name":"Crayon Shinchan Customized Woven Leather T-Bar Bracelet"}]},{"@type":"WebSite","@id":"https:\/\/crudo-leather.com\/#website","url":"https:\/\/crudo-leather.com\/","name":"Crudo","description":"","potentialAction":[{"@type":"SearchAction","target":{"@type":"EntryPoint","urlTemplate":"https:\/\/crudo-leather.com\/?s={search_term_string}"},"query-input":{"@type":"PropertyValueSpecification","valueRequired":true,"valueName":"search_term_string"}}],"inLanguage":"en-US"}]}},"_links":{"self":[{"href":"https:\/\/crudo-leather.com\/de\/wp-json\/wp\/v2\/product\/2719"}],"collection":[{"href":"https:\/\/crudo-leather.com\/de\/wp-json\/wp\/v2\/product"}],"about":[{"href":"https:\/\/crudo-leather.com\/de\/wp-json\/wp\/v2\/types\/product"}],"replies":[{"embeddable":true,"href":"https:\/\/crudo-leather.com\/de\/wp-json\/wp\/v2\/comments?post=2719"}],"wp:featuredmedia":[{"embeddable":true,"href":"https:\/\/crudo-leather.com\/de\/wp-json\/wp\/v2\/media\/19012"}],"wp:attachment":[{"href":"https:\/\/crudo-leather.com\/de\/wp-json\/wp\/v2\/media?parent=2719"}],"wp:term":[{"taxonomy":"collection","embeddable":true,"href":"https:\/\/crudo-leather.com\/de\/wp-json\/wp\/v2\/collection?post=2719"},{"taxonomy":"trending_cat","embeddable":true,"href":"https:\/\/crudo-leather.com\/de\/wp-json\/wp\/v2\/trending_cat?post=2719"},{"taxonomy":"product_cat","embeddable":true,"href":"https:\/\/crudo-leather.com\/de\/wp-json\/wp\/v2\/product_cat?post=2719"},{"taxonomy":"product_tag","embeddable":true,"href":"https:\/\/crudo-leather.com\/de\/wp-json\/wp\/v2\/product_tag?post=2719"}],"curies":[{"name":"wp","href":"https:\/\/api.w.org\/{rel}","templated":true}]}}