{"id":2742,"date":"2024-08-01T14:15:53","date_gmt":"2024-08-01T06:15:53","guid":{"rendered":"https:\/\/crudo-leather.com\/product\/eclipse-cuff-piano-black\/"},"modified":"2026-02-05T14:44:37","modified_gmt":"2026-02-05T06:44:37","slug":"eclipse-cuff-piano-black","status":"publish","type":"product","link":"https:\/\/crudo-leather.com\/de\/product\/eclipse-cuff-piano-black\/","title":{"rendered":"Eclipse Stahlarmreif"},"content":{"rendered":"","protected":false},"excerpt":{"rendered":"<strong>Klicken Sie auf \"<\/strong><strong>In den Warenkorb legen und gestalten<\/strong><strong>\"<\/strong><strong>, um Ihren Gravurtext zu gestalten<\/strong>\n\n<strong>Beschreibung<\/strong><strong> :<\/strong>\n<strong>- <\/strong>\u00dcber 20 Schriftarten, 100 Emojis und 60 Gravurvorschl\u00e4ge zur Auswahl\n- Kostenloses Upgrade auf elegantes Geschenkset (inkl. Geschenkkarte und Produktgarantie)\n- Die vertikalen und horizontalen Schnittfl\u00e4chen des Metalls behalten die urspr\u00fcngliche Farbe des Armreifs, verblassen nicht\n- Personalisierter Gravierservice f\u00fcr S\u00e4tze oder Emojis\n- Kratzfest und abriebbest\u00e4ndig\n- Flexibel biegbar und in der Gr\u00f6\u00dfe anpassbar, minimalistisches Design mit unregelm\u00e4\u00dfigem Schliff f\u00fcr zus\u00e4tzlichen Glanz\n\n<strong>Produktionszeit und Versanddetails<\/strong><strong> <\/strong>\n- Jedes Produkt ben\u00f6tigt nur 1-5 Werktage zur Fertigstellung\n- Bei Bestellung heute kann die Sendung bereits morgen verschickt werden\n- Weltweiter Versand","protected":false},"featured_media":19914,"comment_status":"open","ping_status":"closed","template":"","meta":{"inline_featured_image":false},"collection":[],"trending_cat":[2398],"product_cat":[2371],"product_tag":[],"class_list":{"0":"post-2742","1":"product","2":"type-product","3":"status-publish","4":"has-post-thumbnail","6":"trending_cat-gift-for-him","7":"product_cat-cuff","9":"first","10":"instock","11":"sale","12":"shipping-taxable","13":"purchasable","14":"product-type-variable"},"yoast_head":"<!-- This site is optimized with the Yoast SEO plugin v23.4 - https:\/\/yoast.com\/wordpress\/plugins\/seo\/ -->\n<title>Eclipse Stahlarmreif Klavierschwarz Edition<\/title>\n<meta name=\"description\" content=\"Crudo Eclipse Stahlarmreif, aus 316L Westdeutschem Edelstahl gefertigt, in elegantem Klavierlack-Schwarz, vielseitig kombinierbar. Personalisierbar mit Gravur, kratzfest, langlebig, verblasst nicht, geeignet f\u00fcr empfindliche Haut.\" \/>\n<meta name=\"robots\" content=\"index, follow, max-snippet:-1, max-image-preview:large, max-video-preview:-1\" \/>\n<link rel=\"canonical\" href=\"https:\/\/crudo-leather.com\/de\/product\/eclipse-cuff-piano-black\/\" \/>\n<meta property=\"og:locale\" content=\"en_US\" \/>\n<meta property=\"og:type\" content=\"article\" \/>\n<meta property=\"og:title\" content=\"Eclipse Stahlarmreif Klavierschwarz Edition\" \/>\n<meta property=\"og:description\" content=\"Crudo Eclipse Stahlarmreif, aus 316L Westdeutschem Edelstahl gefertigt, in elegantem Klavierlack-Schwarz, vielseitig kombinierbar. Personalisierbar mit Gravur, kratzfest, langlebig, verblasst nicht, geeignet f\u00fcr empfindliche Haut.\" \/>\n<meta property=\"og:url\" content=\"https:\/\/crudo-leather.com\/product\/eclipse-cuff-piano-black\/\" \/>\n<meta property=\"og:site_name\" content=\"Crudo\" \/>\n<meta property=\"article:modified_time\" content=\"2026-02-05T06:44:37+00:00\" \/>\n<meta property=\"og:image\" content=\"https:\/\/crudo-leather.com\/wp-content\/uploads\/2024\/08\/zbn02_copy_2-2.jpg\" \/>\n\t<meta property=\"og:image:width\" content=\"640\" \/>\n\t<meta property=\"og:image:height\" content=\"640\" \/>\n\t<meta property=\"og:image:type\" content=\"image\/jpeg\" \/>\n<meta name=\"twitter:card\" content=\"summary_large_image\" \/>\n<meta name=\"twitter:label1\" content=\"Est. reading time\" \/>\n\t<meta name=\"twitter:data1\" content=\"1 minute\" \/>\n<script type=\"application\/ld+json\" class=\"yoast-schema-graph\">{\"@context\":\"https:\/\/schema.org\",\"@graph\":[{\"@type\":\"WebPage\",\"@id\":\"https:\/\/crudo-leather.com\/product\/eclipse-cuff-piano-black\/\",\"url\":\"https:\/\/crudo-leather.com\/product\/eclipse-cuff-piano-black\/\",\"name\":\"Eclipse Cuff - Piano Black\",\"isPartOf\":{\"@id\":\"https:\/\/crudo-leather.com\/#website\"},\"primaryImageOfPage\":{\"@id\":\"https:\/\/crudo-leather.com\/product\/eclipse-cuff-piano-black\/#primaryimage\"},\"image\":{\"@id\":\"https:\/\/crudo-leather.com\/product\/eclipse-cuff-piano-black\/#primaryimage\"},\"thumbnailUrl\":\"https:\/\/crudo-leather.com\/wp-content\/uploads\/2024\/08\/zbn02_copy_2-2.jpg\",\"datePublished\":\"2024-08-01T06:15:53+00:00\",\"dateModified\":\"2026-02-05T06:44:37+00:00\",\"description\":\"Discover Eclipse cuff in piano black. A sleek and modern accessory, perfect for adding a touch of sophistication to your look. Shop now!\",\"breadcrumb\":{\"@id\":\"https:\/\/crudo-leather.com\/product\/eclipse-cuff-piano-black\/#breadcrumb\"},\"inLanguage\":\"en-US\",\"potentialAction\":[{\"@type\":\"ReadAction\",\"target\":[\"https:\/\/crudo-leather.com\/product\/eclipse-cuff-piano-black\/\"]}]},{\"@type\":\"ImageObject\",\"inLanguage\":\"en-US\",\"@id\":\"https:\/\/crudo-leather.com\/product\/eclipse-cuff-piano-black\/#primaryimage\",\"url\":\"https:\/\/crudo-leather.com\/wp-content\/uploads\/2024\/08\/zbn02_copy_2-2.jpg\",\"contentUrl\":\"https:\/\/crudo-leather.com\/wp-content\/uploads\/2024\/08\/zbn02_copy_2-2.jpg\",\"width\":640,\"height\":640},{\"@type\":\"BreadcrumbList\",\"@id\":\"https:\/\/crudo-leather.com\/product\/eclipse-cuff-piano-black\/#breadcrumb\",\"itemListElement\":[{\"@type\":\"ListItem\",\"position\":1,\"name\":\"Shop\",\"item\":\"https:\/\/crudo-leather.com\/shop\/\"},{\"@type\":\"ListItem\",\"position\":2,\"name\":\"Eclipse Cuff\"}]},{\"@type\":\"WebSite\",\"@id\":\"https:\/\/crudo-leather.com\/#website\",\"url\":\"https:\/\/crudo-leather.com\/\",\"name\":\"Crudo\",\"description\":\"\",\"potentialAction\":[{\"@type\":\"SearchAction\",\"target\":{\"@type\":\"EntryPoint\",\"urlTemplate\":\"https:\/\/crudo-leather.com\/?s={search_term_string}\"},\"query-input\":{\"@type\":\"PropertyValueSpecification\",\"valueRequired\":true,\"valueName\":\"search_term_string\"}}],\"inLanguage\":\"en-US\"}]}<\/script>\n<!-- \/ Yoast SEO plugin. -->","yoast_head_json":{"title":"Eclipse Stahlarmreif Klavierschwarz Edition","description":"Crudo Eclipse Stahlarmreif, aus 316L Westdeutschem Edelstahl gefertigt, in elegantem Klavierlack-Schwarz, vielseitig kombinierbar. Personalisierbar mit Gravur, kratzfest, langlebig, verblasst nicht, geeignet f\u00fcr empfindliche Haut.","robots":{"index":"index","follow":"follow","max-snippet":"max-snippet:-1","max-image-preview":"max-image-preview:large","max-video-preview":"max-video-preview:-1"},"canonical":"https:\/\/crudo-leather.com\/de\/product\/eclipse-cuff-piano-black\/","og_locale":"en_US","og_type":"article","og_title":"Eclipse Stahlarmreif Klavierschwarz Edition","og_description":"Crudo Eclipse Stahlarmreif, aus 316L Westdeutschem Edelstahl gefertigt, in elegantem Klavierlack-Schwarz, vielseitig kombinierbar. Personalisierbar mit Gravur, kratzfest, langlebig, verblasst nicht, geeignet f\u00fcr empfindliche Haut.","og_url":"https:\/\/crudo-leather.com\/product\/eclipse-cuff-piano-black\/","og_site_name":"Crudo","article_modified_time":"2026-02-05T06:44:37+00:00","og_image":[{"width":640,"height":640,"url":"https:\/\/crudo-leather.com\/wp-content\/uploads\/2024\/08\/zbn02_copy_2-2.jpg","type":"image\/jpeg"}],"twitter_card":"summary_large_image","twitter_misc":{"Est. reading time":"1 minute"},"schema":{"@context":"https:\/\/schema.org","@graph":[{"@type":"WebPage","@id":"https:\/\/crudo-leather.com\/product\/eclipse-cuff-piano-black\/","url":"https:\/\/crudo-leather.com\/product\/eclipse-cuff-piano-black\/","name":"Eclipse Cuff - Piano Black","isPartOf":{"@id":"https:\/\/crudo-leather.com\/#website"},"primaryImageOfPage":{"@id":"https:\/\/crudo-leather.com\/product\/eclipse-cuff-piano-black\/#primaryimage"},"image":{"@id":"https:\/\/crudo-leather.com\/product\/eclipse-cuff-piano-black\/#primaryimage"},"thumbnailUrl":"https:\/\/crudo-leather.com\/wp-content\/uploads\/2024\/08\/zbn02_copy_2-2.jpg","datePublished":"2024-08-01T06:15:53+00:00","dateModified":"2026-02-05T06:44:37+00:00","description":"Discover Eclipse cuff in piano black. A sleek and modern accessory, perfect for adding a touch of sophistication to your look. Shop now!","breadcrumb":{"@id":"https:\/\/crudo-leather.com\/product\/eclipse-cuff-piano-black\/#breadcrumb"},"inLanguage":"en-US","potentialAction":[{"@type":"ReadAction","target":["https:\/\/crudo-leather.com\/product\/eclipse-cuff-piano-black\/"]}]},{"@type":"ImageObject","inLanguage":"en-US","@id":"https:\/\/crudo-leather.com\/product\/eclipse-cuff-piano-black\/#primaryimage","url":"https:\/\/crudo-leather.com\/wp-content\/uploads\/2024\/08\/zbn02_copy_2-2.jpg","contentUrl":"https:\/\/crudo-leather.com\/wp-content\/uploads\/2024\/08\/zbn02_copy_2-2.jpg","width":640,"height":640},{"@type":"BreadcrumbList","@id":"https:\/\/crudo-leather.com\/product\/eclipse-cuff-piano-black\/#breadcrumb","itemListElement":[{"@type":"ListItem","position":1,"name":"Shop","item":"https:\/\/crudo-leather.com\/shop\/"},{"@type":"ListItem","position":2,"name":"Eclipse Cuff"}]},{"@type":"WebSite","@id":"https:\/\/crudo-leather.com\/#website","url":"https:\/\/crudo-leather.com\/","name":"Crudo","description":"","potentialAction":[{"@type":"SearchAction","target":{"@type":"EntryPoint","urlTemplate":"https:\/\/crudo-leather.com\/?s={search_term_string}"},"query-input":{"@type":"PropertyValueSpecification","valueRequired":true,"valueName":"search_term_string"}}],"inLanguage":"en-US"}]}},"_links":{"self":[{"href":"https:\/\/crudo-leather.com\/de\/wp-json\/wp\/v2\/product\/2742"}],"collection":[{"href":"https:\/\/crudo-leather.com\/de\/wp-json\/wp\/v2\/product"}],"about":[{"href":"https:\/\/crudo-leather.com\/de\/wp-json\/wp\/v2\/types\/product"}],"replies":[{"embeddable":true,"href":"https:\/\/crudo-leather.com\/de\/wp-json\/wp\/v2\/comments?post=2742"}],"wp:featuredmedia":[{"embeddable":true,"href":"https:\/\/crudo-leather.com\/de\/wp-json\/wp\/v2\/media\/19914"}],"wp:attachment":[{"href":"https:\/\/crudo-leather.com\/de\/wp-json\/wp\/v2\/media?parent=2742"}],"wp:term":[{"taxonomy":"collection","embeddable":true,"href":"https:\/\/crudo-leather.com\/de\/wp-json\/wp\/v2\/collection?post=2742"},{"taxonomy":"trending_cat","embeddable":true,"href":"https:\/\/crudo-leather.com\/de\/wp-json\/wp\/v2\/trending_cat?post=2742"},{"taxonomy":"product_cat","embeddable":true,"href":"https:\/\/crudo-leather.com\/de\/wp-json\/wp\/v2\/product_cat?post=2742"},{"taxonomy":"product_tag","embeddable":true,"href":"https:\/\/crudo-leather.com\/de\/wp-json\/wp\/v2\/product_tag?post=2742"}],"curies":[{"name":"wp","href":"https:\/\/api.w.org\/{rel}","templated":true}]}}