{"id":2803,"date":"2024-08-01T14:17:26","date_gmt":"2024-08-01T06:17:26","guid":{"rendered":"https:\/\/crudo-leather.com\/product\/senzaltro-short-wallet-elephant-gray-taurillon-clemence-leather\/"},"modified":"2025-10-03T12:09:55","modified_gmt":"2025-10-03T04:09:55","slug":"senzaltro-short-wallet-elephant-gray-taurillon-clemence-leather","status":"publish","type":"product","link":"https:\/\/crudo-leather.com\/de\/product\/senzaltro-short-wallet-elephant-gray-taurillon-clemence-leather\/","title":{"rendered":"Senzaltro Leder Kurzportemonnaie"},"content":{"rendered":"","protected":false},"excerpt":{"rendered":"<p><strong>Meisterwerk in exzellenter Lederverarbeitung - Personalisierte Taurillon Clemence Leder Portemonnaie<\/strong><\/p>\n\n<p>Mit seinem raffinierten Design und herausragender Handwerkskunst verk\u00f6rpert das Senzaltro Kurz Portemonnaie zeitlose Eleganz und Raffinesse. Durch einen speziellen Gerbprozess erh\u00e4lt das Taurillon Clemence Leder eine feine, kieselsteinartige Textur und einen nat\u00fcrlichen Mattglanz, der unvergesslich ist. Die weiche Lederqualit\u00e4t bietet ein unvergleichliches haptisches Erlebnis, dem man nicht widerstehen kann. Das Portemonnaie ist sorgf\u00e4ltig gefertigt und das Leder zeichnet sich durch gute Abriebfestigkeit aus, die t\u00e4glicher Beanspruchung standh\u00e4lt. Mit der Zeit entwickelt es eine sch\u00f6ne Patina, die Ihrem Leder Portemonnaie einen einzigartigen Charakter und Charme verleiht.<\/p>\n\n<p><strong>Klicken Sie auf \"Zum Warenkorb hinzuf\u00fcgen und gestalten\", um Ihren Gravurinhalt zu gestalten<\/strong><\/p>\n\n<p><strong>Beschreibung :<\/strong><br \/>\n-  Kostenloses Upgrade auf elegantes Geschenkset (inkl. Geschenkkarte und Produktgarantie)<br \/>\n-  Personalisierte Ledergravur<br \/>\n-  Handgeschliffene und -gekantete Kanten<br \/>\n-  Hergestellt aus 100% italienischem Taurillon Clemence Leder<\/p>\n\n<p><strong>Fachaufteilung<\/strong><strong>(5CC)<\/strong><br \/>\n- 1 Fotofach &amp; 5 Kreditkartenf\u00e4cher<br \/>\n- 2 Innere Kartenf\u00e4cher (jedes fasst 4 bis 5 Karten)<br \/>\n- 2 Geldscheinf\u00e4cher<br \/>\n-  Insgesamt Platz f\u00fcr ca. 13 bis 15 Karten<\/p>\n\n<p><strong>Kartenfachaufteilung<\/strong><strong>(8CC)<\/strong><br \/>\n- 8 Kreditkartenf\u00e4cher<br \/>\n- 2 Innere Kartenf\u00e4cher (jedes fasst 4 bis 5 Karten)<br \/>\n- 2 Geldscheinf\u00e4cher<br \/>\n-  Insgesamt Platz f\u00fcr ca. 16 bis 18 Karten<\/p>\n\n<p><strong>Klappfach f\u00fcr M\u00fcnzen<\/strong><br \/>\n- 4 Kreditkartenf\u00e4cher<br \/>\n- 2 Innere Kartenf\u00e4cher (jedes fasst 1 bis 2 Karten)<br \/>\n- 2 Geldscheinf\u00e4cher<br \/>\n- 1 Klappfach f\u00fcr M\u00fcnzen<br \/>\n<strong>- <\/strong>Insgesamt Platz f\u00fcr ca. 6 bis 8 Karten<\/p>\n\n<p><strong>Herstellungszeit und Versanddetails<\/strong><br \/>\n-  Jedes Produkt ben\u00f6tigt nur 1-5 Werktage zur Fertigstellung<br \/>\n-  Bei Bestellung heute kann der Versand bereits morgen erfolgen<br \/>\n-  Weltweiter Versand<\/p>","protected":false},"featured_media":355417,"comment_status":"open","ping_status":"closed","template":"","meta":{"inline_featured_image":false},"collection":[],"trending_cat":[2392],"product_cat":[80],"product_tag":[],"class_list":{"0":"post-2803","1":"product","2":"type-product","3":"status-publish","4":"has-post-thumbnail","6":"trending_cat-senzaltro-leahter-wallet","7":"product_cat-men-wallet","9":"first","10":"instock","11":"sale","12":"shipping-taxable","13":"purchasable","14":"product-type-variable"},"yoast_head":"<!-- This site is optimized with the Yoast SEO plugin v23.4 - https:\/\/yoast.com\/wordpress\/plugins\/seo\/ -->\n<title>Crudo Senzaltro Kurzes Portemonnaie<\/title>\n<meta name=\"description\" content=\"Entdecken Sie die Crudo Senzaltro Kurzportemonnaie in Elefantengrau aus Taurillon Clemence Leder. Schlichtes Design, praktische Funktionen. Verleihen Sie Ihrem Alltag mehr Stil. Jetzt einkaufen.\" \/>\n<meta name=\"robots\" content=\"index, follow, max-snippet:-1, max-image-preview:large, max-video-preview:-1\" \/>\n<link rel=\"canonical\" href=\"https:\/\/crudo-leather.com\/de\/product\/senzaltro-short-wallet-elephant-gray-taurillon-clemence-leather\/\" \/>\n<meta property=\"og:locale\" content=\"en_US\" \/>\n<meta property=\"og:type\" content=\"article\" \/>\n<meta property=\"og:title\" content=\"Crudo Senzaltro Kurzes Portemonnaie\" \/>\n<meta property=\"og:description\" content=\"Entdecken Sie die Crudo Senzaltro Kurzportemonnaie in Elefantengrau aus Taurillon Clemence Leder. Schlichtes Design, praktische Funktionen. Verleihen Sie Ihrem Alltag mehr Stil. Jetzt einkaufen.\" \/>\n<meta property=\"og:url\" content=\"https:\/\/crudo-leather.com\/product\/senzaltro-short-wallet-elephant-gray-taurillon-clemence-leather\/\" \/>\n<meta property=\"og:site_name\" content=\"Crudo\" \/>\n<meta property=\"article:modified_time\" content=\"2025-10-03T04:09:55+00:00\" \/>\n<meta property=\"og:image\" content=\"https:\/\/crudo-leather.com\/wp-content\/uploads\/2024\/08\/SWX13_GrayH1-2.jpg\" \/>\n\t<meta property=\"og:image:width\" content=\"2000\" \/>\n\t<meta property=\"og:image:height\" content=\"2000\" \/>\n\t<meta property=\"og:image:type\" content=\"image\/jpeg\" \/>\n<meta name=\"twitter:card\" content=\"summary_large_image\" \/>\n<meta name=\"twitter:label1\" content=\"Est. reading time\" \/>\n\t<meta name=\"twitter:data1\" content=\"1 minute\" \/>\n<script type=\"application\/ld+json\" class=\"yoast-schema-graph\">{\"@context\":\"https:\/\/schema.org\",\"@graph\":[{\"@type\":\"WebPage\",\"@id\":\"https:\/\/crudo-leather.com\/product\/senzaltro-short-wallet-elephant-gray-taurillon-clemence-leather\/\",\"url\":\"https:\/\/crudo-leather.com\/product\/senzaltro-short-wallet-elephant-gray-taurillon-clemence-leather\/\",\"name\":\"Senzaltro Short Wallet - Elephant Gray Taurillon Clemence Leather\",\"isPartOf\":{\"@id\":\"https:\/\/crudo-leather.com\/#website\"},\"primaryImageOfPage\":{\"@id\":\"https:\/\/crudo-leather.com\/product\/senzaltro-short-wallet-elephant-gray-taurillon-clemence-leather\/#primaryimage\"},\"image\":{\"@id\":\"https:\/\/crudo-leather.com\/product\/senzaltro-short-wallet-elephant-gray-taurillon-clemence-leather\/#primaryimage\"},\"thumbnailUrl\":\"https:\/\/crudo-leather.com\/wp-content\/uploads\/2024\/08\/SWX13_GrayH1-2.jpg\",\"datePublished\":\"2024-08-01T06:17:26+00:00\",\"dateModified\":\"2025-10-03T04:09:55+00:00\",\"description\":\"Discover Senzaltro short wallet in elephant gray Taurillon Clemence leather. Crafted with premium leather, compact & stylish. A practical and elegant accessory. Shop now!\",\"breadcrumb\":{\"@id\":\"https:\/\/crudo-leather.com\/product\/senzaltro-short-wallet-elephant-gray-taurillon-clemence-leather\/#breadcrumb\"},\"inLanguage\":\"en-US\",\"potentialAction\":[{\"@type\":\"ReadAction\",\"target\":[\"https:\/\/crudo-leather.com\/product\/senzaltro-short-wallet-elephant-gray-taurillon-clemence-leather\/\"]}]},{\"@type\":\"ImageObject\",\"inLanguage\":\"en-US\",\"@id\":\"https:\/\/crudo-leather.com\/product\/senzaltro-short-wallet-elephant-gray-taurillon-clemence-leather\/#primaryimage\",\"url\":\"https:\/\/crudo-leather.com\/wp-content\/uploads\/2024\/08\/SWX13_GrayH1-2.jpg\",\"contentUrl\":\"https:\/\/crudo-leather.com\/wp-content\/uploads\/2024\/08\/SWX13_GrayH1-2.jpg\",\"width\":2000,\"height\":2000},{\"@type\":\"BreadcrumbList\",\"@id\":\"https:\/\/crudo-leather.com\/product\/senzaltro-short-wallet-elephant-gray-taurillon-clemence-leather\/#breadcrumb\",\"itemListElement\":[{\"@type\":\"ListItem\",\"position\":1,\"name\":\"Shop\",\"item\":\"https:\/\/crudo-leather.com\/shop\/\"},{\"@type\":\"ListItem\",\"position\":2,\"name\":\"Senzaltro Short Wallet\"}]},{\"@type\":\"WebSite\",\"@id\":\"https:\/\/crudo-leather.com\/#website\",\"url\":\"https:\/\/crudo-leather.com\/\",\"name\":\"Crudo\",\"description\":\"\",\"potentialAction\":[{\"@type\":\"SearchAction\",\"target\":{\"@type\":\"EntryPoint\",\"urlTemplate\":\"https:\/\/crudo-leather.com\/?s={search_term_string}\"},\"query-input\":{\"@type\":\"PropertyValueSpecification\",\"valueRequired\":true,\"valueName\":\"search_term_string\"}}],\"inLanguage\":\"en-US\"}]}<\/script>\n<!-- \/ Yoast SEO plugin. -->","yoast_head_json":{"title":"Crudo Senzaltro Kurzes Portemonnaie","description":"Entdecken Sie die Crudo Senzaltro Kurzportemonnaie in Elefantengrau aus Taurillon Clemence Leder. Schlichtes Design, praktische Funktionen. Verleihen Sie Ihrem Alltag mehr Stil. Jetzt einkaufen.","robots":{"index":"index","follow":"follow","max-snippet":"max-snippet:-1","max-image-preview":"max-image-preview:large","max-video-preview":"max-video-preview:-1"},"canonical":"https:\/\/crudo-leather.com\/de\/product\/senzaltro-short-wallet-elephant-gray-taurillon-clemence-leather\/","og_locale":"en_US","og_type":"article","og_title":"Crudo Senzaltro Kurzes Portemonnaie","og_description":"Entdecken Sie die Crudo Senzaltro Kurzportemonnaie in Elefantengrau aus Taurillon Clemence Leder. Schlichtes Design, praktische Funktionen. Verleihen Sie Ihrem Alltag mehr Stil. Jetzt einkaufen.","og_url":"https:\/\/crudo-leather.com\/product\/senzaltro-short-wallet-elephant-gray-taurillon-clemence-leather\/","og_site_name":"Crudo","article_modified_time":"2025-10-03T04:09:55+00:00","og_image":[{"width":2000,"height":2000,"url":"https:\/\/crudo-leather.com\/wp-content\/uploads\/2024\/08\/SWX13_GrayH1-2.jpg","type":"image\/jpeg"}],"twitter_card":"summary_large_image","twitter_misc":{"Est. reading time":"1 minute"},"schema":{"@context":"https:\/\/schema.org","@graph":[{"@type":"WebPage","@id":"https:\/\/crudo-leather.com\/product\/senzaltro-short-wallet-elephant-gray-taurillon-clemence-leather\/","url":"https:\/\/crudo-leather.com\/product\/senzaltro-short-wallet-elephant-gray-taurillon-clemence-leather\/","name":"Senzaltro Short Wallet - Elephant Gray Taurillon Clemence Leather","isPartOf":{"@id":"https:\/\/crudo-leather.com\/#website"},"primaryImageOfPage":{"@id":"https:\/\/crudo-leather.com\/product\/senzaltro-short-wallet-elephant-gray-taurillon-clemence-leather\/#primaryimage"},"image":{"@id":"https:\/\/crudo-leather.com\/product\/senzaltro-short-wallet-elephant-gray-taurillon-clemence-leather\/#primaryimage"},"thumbnailUrl":"https:\/\/crudo-leather.com\/wp-content\/uploads\/2024\/08\/SWX13_GrayH1-2.jpg","datePublished":"2024-08-01T06:17:26+00:00","dateModified":"2025-10-03T04:09:55+00:00","description":"Discover Senzaltro short wallet in elephant gray Taurillon Clemence leather. Crafted with premium leather, compact & stylish. A practical and elegant accessory. Shop now!","breadcrumb":{"@id":"https:\/\/crudo-leather.com\/product\/senzaltro-short-wallet-elephant-gray-taurillon-clemence-leather\/#breadcrumb"},"inLanguage":"en-US","potentialAction":[{"@type":"ReadAction","target":["https:\/\/crudo-leather.com\/product\/senzaltro-short-wallet-elephant-gray-taurillon-clemence-leather\/"]}]},{"@type":"ImageObject","inLanguage":"en-US","@id":"https:\/\/crudo-leather.com\/product\/senzaltro-short-wallet-elephant-gray-taurillon-clemence-leather\/#primaryimage","url":"https:\/\/crudo-leather.com\/wp-content\/uploads\/2024\/08\/SWX13_GrayH1-2.jpg","contentUrl":"https:\/\/crudo-leather.com\/wp-content\/uploads\/2024\/08\/SWX13_GrayH1-2.jpg","width":2000,"height":2000},{"@type":"BreadcrumbList","@id":"https:\/\/crudo-leather.com\/product\/senzaltro-short-wallet-elephant-gray-taurillon-clemence-leather\/#breadcrumb","itemListElement":[{"@type":"ListItem","position":1,"name":"Shop","item":"https:\/\/crudo-leather.com\/shop\/"},{"@type":"ListItem","position":2,"name":"Senzaltro Short Wallet"}]},{"@type":"WebSite","@id":"https:\/\/crudo-leather.com\/#website","url":"https:\/\/crudo-leather.com\/","name":"Crudo","description":"","potentialAction":[{"@type":"SearchAction","target":{"@type":"EntryPoint","urlTemplate":"https:\/\/crudo-leather.com\/?s={search_term_string}"},"query-input":{"@type":"PropertyValueSpecification","valueRequired":true,"valueName":"search_term_string"}}],"inLanguage":"en-US"}]}},"_links":{"self":[{"href":"https:\/\/crudo-leather.com\/de\/wp-json\/wp\/v2\/product\/2803"}],"collection":[{"href":"https:\/\/crudo-leather.com\/de\/wp-json\/wp\/v2\/product"}],"about":[{"href":"https:\/\/crudo-leather.com\/de\/wp-json\/wp\/v2\/types\/product"}],"replies":[{"embeddable":true,"href":"https:\/\/crudo-leather.com\/de\/wp-json\/wp\/v2\/comments?post=2803"}],"wp:featuredmedia":[{"embeddable":true,"href":"https:\/\/crudo-leather.com\/de\/wp-json\/wp\/v2\/media\/355417"}],"wp:attachment":[{"href":"https:\/\/crudo-leather.com\/de\/wp-json\/wp\/v2\/media?parent=2803"}],"wp:term":[{"taxonomy":"collection","embeddable":true,"href":"https:\/\/crudo-leather.com\/de\/wp-json\/wp\/v2\/collection?post=2803"},{"taxonomy":"trending_cat","embeddable":true,"href":"https:\/\/crudo-leather.com\/de\/wp-json\/wp\/v2\/trending_cat?post=2803"},{"taxonomy":"product_cat","embeddable":true,"href":"https:\/\/crudo-leather.com\/de\/wp-json\/wp\/v2\/product_cat?post=2803"},{"taxonomy":"product_tag","embeddable":true,"href":"https:\/\/crudo-leather.com\/de\/wp-json\/wp\/v2\/product_tag?post=2803"}],"curies":[{"name":"wp","href":"https:\/\/api.w.org\/{rel}","templated":true}]}}