{"id":2805,"date":"2024-08-01T14:17:30","date_gmt":"2024-08-01T06:17:30","guid":{"rendered":"https:\/\/crudo-leather.com\/product\/kuromi-customized-metal-box-chain-gemstone-bracelet-rose-gold-blue-goldstone\/"},"modified":"2026-01-08T16:02:21","modified_gmt":"2026-01-08T08:02:21","slug":"kuromi-customized-metal-box-chain-gemstone-bracelet-rose-gold-blue-goldstone","status":"publish","type":"product","link":"https:\/\/crudo-leather.com\/de\/product\/kuromi-customized-metal-box-chain-gemstone-bracelet-rose-gold-blue-goldstone\/","title":{"rendered":"Kuromi Special Edition ma\u00dfgeschneiderte ma\u00dfgeschneiderte Stahl Edelsteine Armband"},"content":{"rendered":"","protected":false},"excerpt":{"rendered":"<strong>**Bitte w\u00e4hlen Sie mindestens ein Kuromi Metall- oder Sterlingsilber-Anh\u00e4nger aus, sonst wird das Produkt nur mit dem urspr\u00fcnglichen Crudo runden Anh\u00e4nger geliefert und nicht mit der Kuromi Special Edition Geschenkbox**<\/strong>\n\n<ins><strong>Kuromi x Crudo<\/strong><\/ins>\nVerstr\u00f6men Sie mit Kuromi einen schwarzen, faszinierenden Charme! Die neueste Kuromi in Style Kollektion von Crudo umfasst 7 niedliche und modische Kuromi farbige Metall-Anh\u00e4nger und 3 Upgraded Kuromi 925 Sterlingsilber-Anh\u00e4nger. Kombinieren Sie diese frei mit Crudo Leder- oder Stahlaccessoires, um Ihrem Look eine einzigartige pers\u00f6nliche Note zu verleihen!\n\n<strong>Klicken Sie auf \"Zum Warenkorb hinzuf\u00fcgen und gestalten\", um Ihre Gravur zu entwerfen<\/strong>\n- Offiziell lizenziertes Sanrio Produkt\n- Kuromi modische Metall- oder Sterlingsilber-Anh\u00e4nger, die frei kombiniert und an einem Stahlarmband befestigt werden k\u00f6nnen\n- Beim Kauf eines Kuromi Special Edition Stahlarmbands erhalten Sie eine Kuromi Special Edition Geschenkbox mit abziehbarer Gru\u00dfkarte (inklusive Geschenkkarte und Produktgarantie)\n- Einzigartige lange, achteckig geschnittene Stahlglieder kombiniert mit speziell entworfenen quadratischen Edelstahlketten\n- Auf der Oberfl\u00e4che aus 316L German Steel sind Perlmuttsteine \/ Blue Sandstone \/ Amethyst eingefasst, die im Lichtreflex einen kristallklaren Glanz erzeugen und einen sanften Charme verleihen\n- Handwerker verwenden pr\u00e4zise Edelsteinschneidetechniken, um die wertvollen Steine in einem bezaubernden, funkelnden Glanz erstrahlen zu lassen\n- Jeder Edelstein wird nat\u00fcrlich abgebaut und hat eine einzigartige, nat\u00fcrliche Textur, die unersetzlich ist\n- Hergestellt aus 316L German Steel\n- Verblasst und oxidiert nicht leicht, bleibt dauerhaft erhalten\n- Geeignet f\u00fcr Menschen mit empfindlicher Haut\n- Kann einzeln oder gestapelt getragen werden\n- Mit Magnetverschluss\n- Mehrere Schriftarten, \u00fcber 100 Emojis und 60 Gravurvorschl\u00e4ge zur Auswahl\n\n<strong>Produktionszeit und Versanddetails<\/strong>\n- Jedes Produkt ben\u00f6tigt nur 1-5 Werktage zur Fertigstellung\n- Bestellungen von heute k\u00f6nnen bereits morgen versendet werden\n- Nur erh\u00e4ltlich in Hongkong, Macau, Festlandchina, Japan, S\u00fcdkorea und S\u00fcdamerika (au\u00dfer Panama)","protected":false},"featured_media":19039,"comment_status":"open","ping_status":"closed","template":"","meta":{"inline_featured_image":false},"collection":[2290],"trending_cat":[2391],"product_cat":[17],"product_tag":[2406],"class_list":{"0":"post-2805","1":"product","2":"type-product","3":"status-publish","4":"has-post-thumbnail","6":"trending_cat-miami-love-chain-bracelet","7":"product_cat-bracelets-cuffs","8":"product_tag-kuromi-sanrio-characters","10":"first","11":"instock","12":"sale","13":"shipping-taxable","14":"purchasable","15":"product-type-variable"},"yoast_head":"<!-- This site is optimized with the Yoast SEO plugin v23.4 - https:\/\/yoast.com\/wordpress\/plugins\/seo\/ -->\n<title>Crudo Kuromi Ros\u00e9gold Blau Sandstein Armband<\/title>\n<meta name=\"description\" content=\"Crudo Kuromi Special Edition ma\u00dfgeschmiedeter Edelsteinarmband aus Stahl. Ros\u00e9gold Blau Goldsandstein, offiziell lizenziert, feine Gravur. Weltweiter Versand, einj\u00e4hrige Garantie. 8\" \/>\n<meta name=\"robots\" content=\"index, follow, max-snippet:-1, max-image-preview:large, max-video-preview:-1\" \/>\n<link rel=\"canonical\" href=\"https:\/\/crudo-leather.com\/de\/product\/kuromi-customized-metal-box-chain-gemstone-bracelet-rose-gold-blue-goldstone\/\" \/>\n<meta property=\"og:locale\" content=\"en_US\" \/>\n<meta property=\"og:type\" content=\"article\" \/>\n<meta property=\"og:title\" content=\"Crudo Kuromi Ros\u00e9gold Blau Sandstein Armband\" \/>\n<meta property=\"og:description\" content=\"Crudo Kuromi Special Edition ma\u00dfgeschmiedeter Edelsteinarmband aus Stahl. Ros\u00e9gold Blau Goldsandstein, offiziell lizenziert, feine Gravur. Weltweiter Versand, einj\u00e4hrige Garantie. 8\" \/>\n<meta property=\"og:url\" content=\"https:\/\/crudo-leather.com\/product\/kuromi-customized-metal-box-chain-gemstone-bracelet-rose-gold-blue-goldstone\/\" \/>\n<meta property=\"og:site_name\" content=\"Crudo\" \/>\n<meta property=\"article:modified_time\" content=\"2026-01-08T08:02:21+00:00\" \/>\n<meta property=\"og:image\" content=\"https:\/\/crudo-leather.com\/wp-content\/uploads\/2024\/08\/ku_wbg_zbt26rgblue_a.jpg\" \/>\n\t<meta property=\"og:image:width\" content=\"2000\" \/>\n\t<meta property=\"og:image:height\" content=\"2000\" \/>\n\t<meta property=\"og:image:type\" content=\"image\/jpeg\" \/>\n<meta name=\"twitter:card\" content=\"summary_large_image\" \/>\n<meta name=\"twitter:label1\" content=\"Est. reading time\" \/>\n\t<meta name=\"twitter:data1\" content=\"1 minute\" \/>\n<script type=\"application\/ld+json\" class=\"yoast-schema-graph\">{\"@context\":\"https:\/\/schema.org\",\"@graph\":[{\"@type\":\"WebPage\",\"@id\":\"https:\/\/crudo-leather.com\/product\/kuromi-customized-metal-box-chain-gemstone-bracelet-rose-gold-blue-goldstone\/\",\"url\":\"https:\/\/crudo-leather.com\/product\/kuromi-customized-metal-box-chain-gemstone-bracelet-rose-gold-blue-goldstone\/\",\"name\":\"Kuromi Customized Metal Box Chain Gemstone Bracelet - Rose Gold Blue Goldstone\",\"isPartOf\":{\"@id\":\"https:\/\/crudo-leather.com\/#website\"},\"primaryImageOfPage\":{\"@id\":\"https:\/\/crudo-leather.com\/product\/kuromi-customized-metal-box-chain-gemstone-bracelet-rose-gold-blue-goldstone\/#primaryimage\"},\"image\":{\"@id\":\"https:\/\/crudo-leather.com\/product\/kuromi-customized-metal-box-chain-gemstone-bracelet-rose-gold-blue-goldstone\/#primaryimage\"},\"thumbnailUrl\":\"https:\/\/crudo-leather.com\/wp-content\/uploads\/2024\/08\/ku_wbg_zbt26rgblue_a.jpg\",\"datePublished\":\"2024-08-01T06:17:30+00:00\",\"dateModified\":\"2026-01-08T08:02:21+00:00\",\"description\":\"Explore officially licensed Kuromi customized metal box chain gemstone bracelet. Rose gold with blue goldstone. Free engraving & luxury gift box. A unique accessory. Shop now!\",\"breadcrumb\":{\"@id\":\"https:\/\/crudo-leather.com\/product\/kuromi-customized-metal-box-chain-gemstone-bracelet-rose-gold-blue-goldstone\/#breadcrumb\"},\"inLanguage\":\"en-US\",\"potentialAction\":[{\"@type\":\"ReadAction\",\"target\":[\"https:\/\/crudo-leather.com\/product\/kuromi-customized-metal-box-chain-gemstone-bracelet-rose-gold-blue-goldstone\/\"]}]},{\"@type\":\"ImageObject\",\"inLanguage\":\"en-US\",\"@id\":\"https:\/\/crudo-leather.com\/product\/kuromi-customized-metal-box-chain-gemstone-bracelet-rose-gold-blue-goldstone\/#primaryimage\",\"url\":\"https:\/\/crudo-leather.com\/wp-content\/uploads\/2024\/08\/ku_wbg_zbt26rgblue_a.jpg\",\"contentUrl\":\"https:\/\/crudo-leather.com\/wp-content\/uploads\/2024\/08\/ku_wbg_zbt26rgblue_a.jpg\",\"width\":2000,\"height\":2000},{\"@type\":\"BreadcrumbList\",\"@id\":\"https:\/\/crudo-leather.com\/product\/kuromi-customized-metal-box-chain-gemstone-bracelet-rose-gold-blue-goldstone\/#breadcrumb\",\"itemListElement\":[{\"@type\":\"ListItem\",\"position\":1,\"name\":\"Shop\",\"item\":\"https:\/\/crudo-leather.com\/shop\/\"},{\"@type\":\"ListItem\",\"position\":2,\"name\":\"Kuromi Customized Metal Box Chain Gemstone Bracelet\"}]},{\"@type\":\"WebSite\",\"@id\":\"https:\/\/crudo-leather.com\/#website\",\"url\":\"https:\/\/crudo-leather.com\/\",\"name\":\"Crudo\",\"description\":\"\",\"potentialAction\":[{\"@type\":\"SearchAction\",\"target\":{\"@type\":\"EntryPoint\",\"urlTemplate\":\"https:\/\/crudo-leather.com\/?s={search_term_string}\"},\"query-input\":{\"@type\":\"PropertyValueSpecification\",\"valueRequired\":true,\"valueName\":\"search_term_string\"}}],\"inLanguage\":\"en-US\"}]}<\/script>\n<!-- \/ Yoast SEO plugin. -->","yoast_head_json":{"title":"Crudo Kuromi Ros\u00e9gold Blau Sandstein Armband","description":"Crudo Kuromi Special Edition ma\u00dfgeschmiedeter Edelsteinarmband aus Stahl. Ros\u00e9gold Blau Goldsandstein, offiziell lizenziert, feine Gravur. Weltweiter Versand, einj\u00e4hrige Garantie. 8","robots":{"index":"index","follow":"follow","max-snippet":"max-snippet:-1","max-image-preview":"max-image-preview:large","max-video-preview":"max-video-preview:-1"},"canonical":"https:\/\/crudo-leather.com\/de\/product\/kuromi-customized-metal-box-chain-gemstone-bracelet-rose-gold-blue-goldstone\/","og_locale":"en_US","og_type":"article","og_title":"Crudo Kuromi Ros\u00e9gold Blau Sandstein Armband","og_description":"Crudo Kuromi Special Edition ma\u00dfgeschmiedeter Edelsteinarmband aus Stahl. Ros\u00e9gold Blau Goldsandstein, offiziell lizenziert, feine Gravur. Weltweiter Versand, einj\u00e4hrige Garantie. 8","og_url":"https:\/\/crudo-leather.com\/product\/kuromi-customized-metal-box-chain-gemstone-bracelet-rose-gold-blue-goldstone\/","og_site_name":"Crudo","article_modified_time":"2026-01-08T08:02:21+00:00","og_image":[{"width":2000,"height":2000,"url":"https:\/\/crudo-leather.com\/wp-content\/uploads\/2024\/08\/ku_wbg_zbt26rgblue_a.jpg","type":"image\/jpeg"}],"twitter_card":"summary_large_image","twitter_misc":{"Est. reading time":"1 minute"},"schema":{"@context":"https:\/\/schema.org","@graph":[{"@type":"WebPage","@id":"https:\/\/crudo-leather.com\/product\/kuromi-customized-metal-box-chain-gemstone-bracelet-rose-gold-blue-goldstone\/","url":"https:\/\/crudo-leather.com\/product\/kuromi-customized-metal-box-chain-gemstone-bracelet-rose-gold-blue-goldstone\/","name":"Kuromi Customized Metal Box Chain Gemstone Bracelet - Rose Gold Blue Goldstone","isPartOf":{"@id":"https:\/\/crudo-leather.com\/#website"},"primaryImageOfPage":{"@id":"https:\/\/crudo-leather.com\/product\/kuromi-customized-metal-box-chain-gemstone-bracelet-rose-gold-blue-goldstone\/#primaryimage"},"image":{"@id":"https:\/\/crudo-leather.com\/product\/kuromi-customized-metal-box-chain-gemstone-bracelet-rose-gold-blue-goldstone\/#primaryimage"},"thumbnailUrl":"https:\/\/crudo-leather.com\/wp-content\/uploads\/2024\/08\/ku_wbg_zbt26rgblue_a.jpg","datePublished":"2024-08-01T06:17:30+00:00","dateModified":"2026-01-08T08:02:21+00:00","description":"Explore officially licensed Kuromi customized metal box chain gemstone bracelet. Rose gold with blue goldstone. Free engraving & luxury gift box. A unique accessory. Shop now!","breadcrumb":{"@id":"https:\/\/crudo-leather.com\/product\/kuromi-customized-metal-box-chain-gemstone-bracelet-rose-gold-blue-goldstone\/#breadcrumb"},"inLanguage":"en-US","potentialAction":[{"@type":"ReadAction","target":["https:\/\/crudo-leather.com\/product\/kuromi-customized-metal-box-chain-gemstone-bracelet-rose-gold-blue-goldstone\/"]}]},{"@type":"ImageObject","inLanguage":"en-US","@id":"https:\/\/crudo-leather.com\/product\/kuromi-customized-metal-box-chain-gemstone-bracelet-rose-gold-blue-goldstone\/#primaryimage","url":"https:\/\/crudo-leather.com\/wp-content\/uploads\/2024\/08\/ku_wbg_zbt26rgblue_a.jpg","contentUrl":"https:\/\/crudo-leather.com\/wp-content\/uploads\/2024\/08\/ku_wbg_zbt26rgblue_a.jpg","width":2000,"height":2000},{"@type":"BreadcrumbList","@id":"https:\/\/crudo-leather.com\/product\/kuromi-customized-metal-box-chain-gemstone-bracelet-rose-gold-blue-goldstone\/#breadcrumb","itemListElement":[{"@type":"ListItem","position":1,"name":"Shop","item":"https:\/\/crudo-leather.com\/shop\/"},{"@type":"ListItem","position":2,"name":"Kuromi Customized Metal Box Chain Gemstone Bracelet"}]},{"@type":"WebSite","@id":"https:\/\/crudo-leather.com\/#website","url":"https:\/\/crudo-leather.com\/","name":"Crudo","description":"","potentialAction":[{"@type":"SearchAction","target":{"@type":"EntryPoint","urlTemplate":"https:\/\/crudo-leather.com\/?s={search_term_string}"},"query-input":{"@type":"PropertyValueSpecification","valueRequired":true,"valueName":"search_term_string"}}],"inLanguage":"en-US"}]}},"_links":{"self":[{"href":"https:\/\/crudo-leather.com\/de\/wp-json\/wp\/v2\/product\/2805"}],"collection":[{"href":"https:\/\/crudo-leather.com\/de\/wp-json\/wp\/v2\/product"}],"about":[{"href":"https:\/\/crudo-leather.com\/de\/wp-json\/wp\/v2\/types\/product"}],"replies":[{"embeddable":true,"href":"https:\/\/crudo-leather.com\/de\/wp-json\/wp\/v2\/comments?post=2805"}],"wp:featuredmedia":[{"embeddable":true,"href":"https:\/\/crudo-leather.com\/de\/wp-json\/wp\/v2\/media\/19039"}],"wp:attachment":[{"href":"https:\/\/crudo-leather.com\/de\/wp-json\/wp\/v2\/media?parent=2805"}],"wp:term":[{"taxonomy":"collection","embeddable":true,"href":"https:\/\/crudo-leather.com\/de\/wp-json\/wp\/v2\/collection?post=2805"},{"taxonomy":"trending_cat","embeddable":true,"href":"https:\/\/crudo-leather.com\/de\/wp-json\/wp\/v2\/trending_cat?post=2805"},{"taxonomy":"product_cat","embeddable":true,"href":"https:\/\/crudo-leather.com\/de\/wp-json\/wp\/v2\/product_cat?post=2805"},{"taxonomy":"product_tag","embeddable":true,"href":"https:\/\/crudo-leather.com\/de\/wp-json\/wp\/v2\/product_tag?post=2805"}],"curies":[{"name":"wp","href":"https:\/\/api.w.org\/{rel}","templated":true}]}}