{"id":2838,"date":"2024-08-01T14:18:19","date_gmt":"2024-08-01T06:18:19","guid":{"rendered":"https:\/\/crudo-leather.com\/product\/ricordi-italian-leather-wrap-bracelet-gemstone-edition-palace-blue-lapis-lazuli-rose-gold-edition\/"},"modified":"2026-01-08T12:21:55","modified_gmt":"2026-01-08T04:21:55","slug":"ricordi-italian-leather-wrap-bracelet-gemstone-edition-palace-blue-lapis-lazuli-rose-gold-edition","status":"publish","type":"product","link":"https:\/\/crudo-leather.com\/de\/product\/ricordi-italian-leather-wrap-bracelet-gemstone-edition-palace-blue-lapis-lazuli-rose-gold-edition\/","title":{"rendered":"Ricordi Italienisches geflochtenes Lederarmband \u2013 Edelstein Limited Edition"},"content":{"rendered":"","protected":false},"excerpt":{"rendered":"<strong>Lapislazuli \u2013 Spiritualit\u00e4t und Wahrheitserleuchtung<\/strong>\nLassen Sie Lapislazuli Ihre Seele erwecken und die Reise des spirituellen Wachstums erleuchten. Durchsetzt mit goldenen Fragmenten und unregelm\u00e4\u00dfigen wei\u00dfen Streifen, die wie eine Galaxie funkeln, hilft Lapislazuli dabei, geistige und spirituelle Energie zu steigern, Unruhe und Angst vor Unsicherheit zu bes\u00e4nftigen und symbolisiert Wahrheit, Erleuchtung, Klarheit und spirituelles Wachstum. Lapislazuli leitet Ihre innere Weisheit an, sich st\u00e4ndig zu erweitern, und f\u00f6rdert kontinuierliches Lernen und Wachstum in jedem Lebensprozess.\n\nTragen Sie das Ricordi italienische geflochtene Lederarmband Dunkelblau \u2013 Lapislazuli (Ros\u00e9gold-Version), um Ihren Geist zu kl\u00e4ren und aufgew\u00fchlte Gef\u00fchle zu vertreiben.\n\n<strong>Klicken Sie auf \"Zum Warenkorb hinzuf\u00fcgen und gestalten\", um Ihren Gravurinhalt zu gestalten<\/strong>\n\n- M\u00f6chten Sie dem Armband eine pers\u00f6nliche Note verleihen? Kombinieren Sie frei Anh\u00e4nger mit dem Armband, um Ihre pers\u00f6nliche Geschichte zu erz\u00e4hlen\n- Lapislazuli ist in die Oberfl\u00e4che aus 316L Edelstahl eingelassen, das tiefe, faszinierende Blau funkelt wie eine Galaxie und vermittelt ein Gef\u00fchl von Ruhe und Stabilit\u00e4t\n- Handwerker verwenden pr\u00e4zise Edelsteinschneidetechniken, um wertvolle Steine in funkelndem Glanz erstrahlen zu lassen\n- Jeder Edelstein wird nat\u00fcrlich abgebaut und hat eine einzigartige, nat\u00fcrliche Textur, die unersetzlich ist\n- Hergestellt aus italienischem, geflochtenem Rindleder erster Wahl, ist das Material langlebig und kann dauerhaft aufbewahrt werden\n- Ausgestattet mit Magnetverschluss und exklusivem achteckigem Metallschliffdesign\n- Geeignet f\u00fcr Menschen mit empfindlicher Haut\n- Mehrere Schriftarten, Emojis und Gravurvorschl\u00e4ge zur Auswahl\n- Kostenloses Upgrade zum eleganten Geschenkset (inklusive Geschenkkarte und Produktgarantie)\n\n<strong>Herstellungszeit und Versanddetails<\/strong>\n- Jedes Produkt ben\u00f6tigt nur 1-5 Werktage zur Herstellung\n- Bestellungen von heute k\u00f6nnen bereits morgen versendet werden\n- Weltweiter Versand","protected":false},"featured_media":19931,"comment_status":"open","ping_status":"closed","template":"","meta":{"inline_featured_image":false},"collection":[2270],"trending_cat":[2401,2390],"product_cat":[17],"product_tag":[],"class_list":{"0":"post-2838","1":"product","2":"type-product","3":"status-publish","4":"has-post-thumbnail","6":"trending_cat-love-stone-collection","7":"trending_cat-ricordi-leather-bracelet","8":"product_cat-bracelets-cuffs","10":"first","11":"instock","12":"sale","13":"shipping-taxable","14":"purchasable","15":"product-type-variable"},"yoast_head":"<!-- This site is optimized with the Yoast SEO plugin v23.4 - https:\/\/yoast.com\/wordpress\/plugins\/seo\/ -->\n<title>Crudo Ricordi Dunkelblauer Lapislazuli Lederarmband<\/title>\n<meta name=\"description\" content=\"Crudo Ricordi Italienisches geflochtenes Lederarmband mit Edelsteinen. Marineblauer Lapislazuli und Ros\u00e9gold, personalisierte Gravur. Weltweiter Versand, einj\u00e4hrige Pflege.\" \/>\n<meta name=\"robots\" content=\"index, follow, max-snippet:-1, max-image-preview:large, max-video-preview:-1\" \/>\n<link rel=\"canonical\" href=\"https:\/\/crudo-leather.com\/de\/product\/ricordi-italian-leather-wrap-bracelet-gemstone-edition-palace-blue-lapis-lazuli-rose-gold-edition\/\" \/>\n<meta property=\"og:locale\" content=\"en_US\" \/>\n<meta property=\"og:type\" content=\"article\" \/>\n<meta property=\"og:title\" content=\"Crudo Ricordi Dunkelblauer Lapislazuli Lederarmband\" \/>\n<meta property=\"og:description\" content=\"Crudo Ricordi Italienisches geflochtenes Lederarmband mit Edelsteinen. Marineblauer Lapislazuli und Ros\u00e9gold, personalisierte Gravur. Weltweiter Versand, einj\u00e4hrige Pflege.\" \/>\n<meta property=\"og:url\" content=\"https:\/\/crudo-leather.com\/product\/ricordi-italian-leather-wrap-bracelet-gemstone-edition-palace-blue-lapis-lazuli-rose-gold-edition\/\" \/>\n<meta property=\"og:site_name\" content=\"Crudo\" \/>\n<meta property=\"article:modified_time\" content=\"2026-01-08T04:21:55+00:00\" \/>\n<meta property=\"og:image\" content=\"https:\/\/crudo-leather.com\/wp-content\/uploads\/2024\/08\/brt01_copy_12-2-2.jpg\" \/>\n\t<meta property=\"og:image:width\" content=\"640\" \/>\n\t<meta property=\"og:image:height\" content=\"640\" \/>\n\t<meta property=\"og:image:type\" content=\"image\/jpeg\" \/>\n<meta name=\"twitter:card\" content=\"summary_large_image\" \/>\n<meta name=\"twitter:label1\" content=\"Est. reading time\" \/>\n\t<meta name=\"twitter:data1\" content=\"1 minute\" \/>\n<script type=\"application\/ld+json\" class=\"yoast-schema-graph\">{\"@context\":\"https:\/\/schema.org\",\"@graph\":[{\"@type\":\"WebPage\",\"@id\":\"https:\/\/crudo-leather.com\/product\/ricordi-italian-leather-wrap-bracelet-gemstone-edition-palace-blue-lapis-lazuli-rose-gold-edition\/\",\"url\":\"https:\/\/crudo-leather.com\/product\/ricordi-italian-leather-wrap-bracelet-gemstone-edition-palace-blue-lapis-lazuli-rose-gold-edition\/\",\"name\":\"Ricordi Italian Leather Wrap Bracelet Gemstone Edition - Palace Blue Lapis Lazuli Rose Gold\",\"isPartOf\":{\"@id\":\"https:\/\/crudo-leather.com\/#website\"},\"primaryImageOfPage\":{\"@id\":\"https:\/\/crudo-leather.com\/product\/ricordi-italian-leather-wrap-bracelet-gemstone-edition-palace-blue-lapis-lazuli-rose-gold-edition\/#primaryimage\"},\"image\":{\"@id\":\"https:\/\/crudo-leather.com\/product\/ricordi-italian-leather-wrap-bracelet-gemstone-edition-palace-blue-lapis-lazuli-rose-gold-edition\/#primaryimage\"},\"thumbnailUrl\":\"https:\/\/crudo-leather.com\/wp-content\/uploads\/2024\/08\/brt01_copy_12-2-2.jpg\",\"datePublished\":\"2024-08-01T06:18:19+00:00\",\"dateModified\":\"2026-01-08T04:21:55+00:00\",\"description\":\"Discover Ricordi Italian leather wrap bracelet gemstone edition. Palace blue lapis lazuli with rose gold. A stylish and versatile accessory. Shop now!\",\"breadcrumb\":{\"@id\":\"https:\/\/crudo-leather.com\/product\/ricordi-italian-leather-wrap-bracelet-gemstone-edition-palace-blue-lapis-lazuli-rose-gold-edition\/#breadcrumb\"},\"inLanguage\":\"en-US\",\"potentialAction\":[{\"@type\":\"ReadAction\",\"target\":[\"https:\/\/crudo-leather.com\/product\/ricordi-italian-leather-wrap-bracelet-gemstone-edition-palace-blue-lapis-lazuli-rose-gold-edition\/\"]}]},{\"@type\":\"ImageObject\",\"inLanguage\":\"en-US\",\"@id\":\"https:\/\/crudo-leather.com\/product\/ricordi-italian-leather-wrap-bracelet-gemstone-edition-palace-blue-lapis-lazuli-rose-gold-edition\/#primaryimage\",\"url\":\"https:\/\/crudo-leather.com\/wp-content\/uploads\/2024\/08\/brt01_copy_12-2-2.jpg\",\"contentUrl\":\"https:\/\/crudo-leather.com\/wp-content\/uploads\/2024\/08\/brt01_copy_12-2-2.jpg\",\"width\":640,\"height\":640},{\"@type\":\"BreadcrumbList\",\"@id\":\"https:\/\/crudo-leather.com\/product\/ricordi-italian-leather-wrap-bracelet-gemstone-edition-palace-blue-lapis-lazuli-rose-gold-edition\/#breadcrumb\",\"itemListElement\":[{\"@type\":\"ListItem\",\"position\":1,\"name\":\"Shop\",\"item\":\"https:\/\/crudo-leather.com\/shop\/\"},{\"@type\":\"ListItem\",\"position\":2,\"name\":\"Ricordi Italian Leather Wrap Bracelet Gemstone Edition\"}]},{\"@type\":\"WebSite\",\"@id\":\"https:\/\/crudo-leather.com\/#website\",\"url\":\"https:\/\/crudo-leather.com\/\",\"name\":\"Crudo\",\"description\":\"\",\"potentialAction\":[{\"@type\":\"SearchAction\",\"target\":{\"@type\":\"EntryPoint\",\"urlTemplate\":\"https:\/\/crudo-leather.com\/?s={search_term_string}\"},\"query-input\":{\"@type\":\"PropertyValueSpecification\",\"valueRequired\":true,\"valueName\":\"search_term_string\"}}],\"inLanguage\":\"en-US\"}]}<\/script>\n<!-- \/ Yoast SEO plugin. -->","yoast_head_json":{"title":"Crudo Ricordi Dunkelblauer Lapislazuli Lederarmband","description":"Crudo Ricordi Italienisches geflochtenes Lederarmband mit Edelsteinen. Marineblauer Lapislazuli und Ros\u00e9gold, personalisierte Gravur. Weltweiter Versand, einj\u00e4hrige Pflege.","robots":{"index":"index","follow":"follow","max-snippet":"max-snippet:-1","max-image-preview":"max-image-preview:large","max-video-preview":"max-video-preview:-1"},"canonical":"https:\/\/crudo-leather.com\/de\/product\/ricordi-italian-leather-wrap-bracelet-gemstone-edition-palace-blue-lapis-lazuli-rose-gold-edition\/","og_locale":"en_US","og_type":"article","og_title":"Crudo Ricordi Dunkelblauer Lapislazuli Lederarmband","og_description":"Crudo Ricordi Italienisches geflochtenes Lederarmband mit Edelsteinen. Marineblauer Lapislazuli und Ros\u00e9gold, personalisierte Gravur. Weltweiter Versand, einj\u00e4hrige Pflege.","og_url":"https:\/\/crudo-leather.com\/product\/ricordi-italian-leather-wrap-bracelet-gemstone-edition-palace-blue-lapis-lazuli-rose-gold-edition\/","og_site_name":"Crudo","article_modified_time":"2026-01-08T04:21:55+00:00","og_image":[{"width":640,"height":640,"url":"https:\/\/crudo-leather.com\/wp-content\/uploads\/2024\/08\/brt01_copy_12-2-2.jpg","type":"image\/jpeg"}],"twitter_card":"summary_large_image","twitter_misc":{"Est. reading time":"1 minute"},"schema":{"@context":"https:\/\/schema.org","@graph":[{"@type":"WebPage","@id":"https:\/\/crudo-leather.com\/product\/ricordi-italian-leather-wrap-bracelet-gemstone-edition-palace-blue-lapis-lazuli-rose-gold-edition\/","url":"https:\/\/crudo-leather.com\/product\/ricordi-italian-leather-wrap-bracelet-gemstone-edition-palace-blue-lapis-lazuli-rose-gold-edition\/","name":"Ricordi Italian Leather Wrap Bracelet Gemstone Edition - Palace Blue Lapis Lazuli Rose Gold","isPartOf":{"@id":"https:\/\/crudo-leather.com\/#website"},"primaryImageOfPage":{"@id":"https:\/\/crudo-leather.com\/product\/ricordi-italian-leather-wrap-bracelet-gemstone-edition-palace-blue-lapis-lazuli-rose-gold-edition\/#primaryimage"},"image":{"@id":"https:\/\/crudo-leather.com\/product\/ricordi-italian-leather-wrap-bracelet-gemstone-edition-palace-blue-lapis-lazuli-rose-gold-edition\/#primaryimage"},"thumbnailUrl":"https:\/\/crudo-leather.com\/wp-content\/uploads\/2024\/08\/brt01_copy_12-2-2.jpg","datePublished":"2024-08-01T06:18:19+00:00","dateModified":"2026-01-08T04:21:55+00:00","description":"Discover Ricordi Italian leather wrap bracelet gemstone edition. Palace blue lapis lazuli with rose gold. A stylish and versatile accessory. Shop now!","breadcrumb":{"@id":"https:\/\/crudo-leather.com\/product\/ricordi-italian-leather-wrap-bracelet-gemstone-edition-palace-blue-lapis-lazuli-rose-gold-edition\/#breadcrumb"},"inLanguage":"en-US","potentialAction":[{"@type":"ReadAction","target":["https:\/\/crudo-leather.com\/product\/ricordi-italian-leather-wrap-bracelet-gemstone-edition-palace-blue-lapis-lazuli-rose-gold-edition\/"]}]},{"@type":"ImageObject","inLanguage":"en-US","@id":"https:\/\/crudo-leather.com\/product\/ricordi-italian-leather-wrap-bracelet-gemstone-edition-palace-blue-lapis-lazuli-rose-gold-edition\/#primaryimage","url":"https:\/\/crudo-leather.com\/wp-content\/uploads\/2024\/08\/brt01_copy_12-2-2.jpg","contentUrl":"https:\/\/crudo-leather.com\/wp-content\/uploads\/2024\/08\/brt01_copy_12-2-2.jpg","width":640,"height":640},{"@type":"BreadcrumbList","@id":"https:\/\/crudo-leather.com\/product\/ricordi-italian-leather-wrap-bracelet-gemstone-edition-palace-blue-lapis-lazuli-rose-gold-edition\/#breadcrumb","itemListElement":[{"@type":"ListItem","position":1,"name":"Shop","item":"https:\/\/crudo-leather.com\/shop\/"},{"@type":"ListItem","position":2,"name":"Ricordi Italian Leather Wrap Bracelet Gemstone Edition"}]},{"@type":"WebSite","@id":"https:\/\/crudo-leather.com\/#website","url":"https:\/\/crudo-leather.com\/","name":"Crudo","description":"","potentialAction":[{"@type":"SearchAction","target":{"@type":"EntryPoint","urlTemplate":"https:\/\/crudo-leather.com\/?s={search_term_string}"},"query-input":{"@type":"PropertyValueSpecification","valueRequired":true,"valueName":"search_term_string"}}],"inLanguage":"en-US"}]}},"_links":{"self":[{"href":"https:\/\/crudo-leather.com\/de\/wp-json\/wp\/v2\/product\/2838"}],"collection":[{"href":"https:\/\/crudo-leather.com\/de\/wp-json\/wp\/v2\/product"}],"about":[{"href":"https:\/\/crudo-leather.com\/de\/wp-json\/wp\/v2\/types\/product"}],"replies":[{"embeddable":true,"href":"https:\/\/crudo-leather.com\/de\/wp-json\/wp\/v2\/comments?post=2838"}],"wp:featuredmedia":[{"embeddable":true,"href":"https:\/\/crudo-leather.com\/de\/wp-json\/wp\/v2\/media\/19931"}],"wp:attachment":[{"href":"https:\/\/crudo-leather.com\/de\/wp-json\/wp\/v2\/media?parent=2838"}],"wp:term":[{"taxonomy":"collection","embeddable":true,"href":"https:\/\/crudo-leather.com\/de\/wp-json\/wp\/v2\/collection?post=2838"},{"taxonomy":"trending_cat","embeddable":true,"href":"https:\/\/crudo-leather.com\/de\/wp-json\/wp\/v2\/trending_cat?post=2838"},{"taxonomy":"product_cat","embeddable":true,"href":"https:\/\/crudo-leather.com\/de\/wp-json\/wp\/v2\/product_cat?post=2838"},{"taxonomy":"product_tag","embeddable":true,"href":"https:\/\/crudo-leather.com\/de\/wp-json\/wp\/v2\/product_tag?post=2838"}],"curies":[{"name":"wp","href":"https:\/\/api.w.org\/{rel}","templated":true}]}}