{"id":2854,"date":"2024-08-01T14:18:46","date_gmt":"2024-08-01T06:18:46","guid":{"rendered":"https:\/\/crudo-leather.com\/product\/valore-personalized-tag-gemstone-beaded-bracelet-grey-jasper\/"},"modified":"2025-11-17T09:23:33","modified_gmt":"2025-11-17T01:23:33","slug":"valore-personalized-tag-gemstone-beaded-bracelet-grey-jasper","status":"publish","type":"product","link":"https:\/\/crudo-leather.com\/de\/product\/valore-personalized-tag-gemstone-beaded-bracelet-grey-jasper\/","title":{"rendered":"Valore personalisiertes Stahlanh\u00e4nger Edelsteinperlen Armband"},"content":{"rendered":"","protected":false},"excerpt":{"rendered":"Beginnen Sie eine stilvolle Reise mit britischem Flair, mit einem Armband aus nat\u00fcrlichen Edelsteinperlen, das speziell f\u00fcr Herren entworfen wurde. Hergestellt aus sorgf\u00e4ltig ausgew\u00e4hlten nat\u00fcrlichen Edelsteinen und verziert mit einem kleinen Metallanh\u00e4nger im klassischen Crudo-Geflechtlederdesign, symbolisiert es die Aufmerksamkeit f\u00fcr Details und einen eleganten Geschmack.\n\nJedes Armband enth\u00e4lt nat\u00fcrlichen grauen Jaspis, der Sie vor negativer Energie sch\u00fctzt und Ihre Emotionen und Gedanken stabil h\u00e4lt.\n\n<strong>Klicken Sie auf \"Zum Warenkorb hinzuf\u00fcgen und gestalten\", um Ihren Gravurtext zu entwerfen\n<\/strong>\n- Hergestellt aus nat\u00fcrlichen Kristallen und 316L-Edelstahl\n- Jeder Kristall hat seine einzigartige heilende Energie: Blauer Achat reinigt Energie und verbessert Kommunikation und Selbstausdruck.\n- Geeignet f\u00fcr Menschen mit empfindlicher Haut\n- Personalisierter Gravurservice, mit dem Sie S\u00e4tze oder Emojis gravieren lassen k\u00f6nnen\n- Mehrere Designvorlagen und Schriftarten zur Auswahl\n- Kostenloses Upgrade zum exquisiten Geschenkset (inklusive Geschenkkarte und Produktgarantie)\n\n<strong>Herstellungszeit und Versanddetails<\/strong>\n- Jedes Produkt ben\u00f6tigt nur 1-5 Werktage zur Herstellung\n- Bei Bestellung heute kann es bereits morgen versendet werden\n- Weltweiter Versand","protected":false},"featured_media":19052,"comment_status":"open","ping_status":"closed","template":"","meta":{"inline_featured_image":false},"collection":[],"trending_cat":[],"product_cat":[17],"product_tag":[],"class_list":{"0":"post-2854","1":"product","2":"type-product","3":"status-publish","4":"has-post-thumbnail","6":"product_cat-bracelets-cuffs","8":"first","9":"instock","10":"sale","11":"shipping-taxable","12":"purchasable","13":"product-type-variable"},"yoast_head":"<!-- This site is optimized with the Yoast SEO plugin v23.4 - https:\/\/yoast.com\/wordpress\/plugins\/seo\/ -->\n<title>Crudo Valore Grauer Jaspis personalisiertes Perlenarmband<\/title>\n<meta name=\"description\" content=\"Entdecken Sie die Crudo Valore Kollektion mit grauem Jaspis-Edelsteinperlen-Armband. Personalisierbare Gravurplakette, um Ihren pers\u00f6nlichen Stil zu zeigen. Hochwertige Materialien, weltweiter Versand.\" \/>\n<meta name=\"robots\" content=\"index, follow, max-snippet:-1, max-image-preview:large, max-video-preview:-1\" \/>\n<link rel=\"canonical\" href=\"https:\/\/crudo-leather.com\/de\/product\/valore-personalized-tag-gemstone-beaded-bracelet-grey-jasper\/\" \/>\n<meta property=\"og:locale\" content=\"en_US\" \/>\n<meta property=\"og:type\" content=\"article\" \/>\n<meta property=\"og:title\" content=\"Crudo Valore Grauer Jaspis personalisiertes Perlenarmband\" \/>\n<meta property=\"og:description\" content=\"Entdecken Sie die Crudo Valore Kollektion mit grauem Jaspis-Edelsteinperlen-Armband. Personalisierbare Gravurplakette, um Ihren pers\u00f6nlichen Stil zu zeigen. Hochwertige Materialien, weltweiter Versand.\" \/>\n<meta property=\"og:url\" content=\"https:\/\/crudo-leather.com\/product\/valore-personalized-tag-gemstone-beaded-bracelet-grey-jasper\/\" \/>\n<meta property=\"og:site_name\" content=\"Crudo\" \/>\n<meta property=\"article:modified_time\" content=\"2025-11-17T01:23:33+00:00\" \/>\n<meta property=\"og:image\" content=\"https:\/\/crudo-leather.com\/wp-content\/uploads\/2024\/08\/bead-gray_01-1.jpg\" \/>\n\t<meta property=\"og:image:width\" content=\"2000\" \/>\n\t<meta property=\"og:image:height\" content=\"2000\" \/>\n\t<meta property=\"og:image:type\" content=\"image\/jpeg\" \/>\n<meta name=\"twitter:card\" content=\"summary_large_image\" \/>\n<meta name=\"twitter:label1\" content=\"Est. reading time\" \/>\n\t<meta name=\"twitter:data1\" content=\"1 minute\" \/>\n<script type=\"application\/ld+json\" class=\"yoast-schema-graph\">{\"@context\":\"https:\/\/schema.org\",\"@graph\":[{\"@type\":\"WebPage\",\"@id\":\"https:\/\/crudo-leather.com\/product\/valore-personalized-tag-gemstone-beaded-bracelet-grey-jasper\/\",\"url\":\"https:\/\/crudo-leather.com\/product\/valore-personalized-tag-gemstone-beaded-bracelet-grey-jasper\/\",\"name\":\"My Melody & Kuromi Special Edition\",\"isPartOf\":{\"@id\":\"https:\/\/crudo-leather.com\/#website\"},\"primaryImageOfPage\":{\"@id\":\"https:\/\/crudo-leather.com\/product\/valore-personalized-tag-gemstone-beaded-bracelet-grey-jasper\/#primaryimage\"},\"image\":{\"@id\":\"https:\/\/crudo-leather.com\/product\/valore-personalized-tag-gemstone-beaded-bracelet-grey-jasper\/#primaryimage\"},\"thumbnailUrl\":\"https:\/\/crudo-leather.com\/wp-content\/uploads\/2024\/08\/bead-gray_01-1.jpg\",\"datePublished\":\"2024-08-01T06:18:46+00:00\",\"dateModified\":\"2025-11-17T01:23:33+00:00\",\"description\":\"Explore Crudo Leather's My Melody & Kuromi Special Edition. Officially licensed products, double cuteness, customized leather and jewelry accessories. Shop now!\",\"breadcrumb\":{\"@id\":\"https:\/\/crudo-leather.com\/product\/valore-personalized-tag-gemstone-beaded-bracelet-grey-jasper\/#breadcrumb\"},\"inLanguage\":\"en-US\",\"potentialAction\":[{\"@type\":\"ReadAction\",\"target\":[\"https:\/\/crudo-leather.com\/product\/valore-personalized-tag-gemstone-beaded-bracelet-grey-jasper\/\"]}]},{\"@type\":\"ImageObject\",\"inLanguage\":\"en-US\",\"@id\":\"https:\/\/crudo-leather.com\/product\/valore-personalized-tag-gemstone-beaded-bracelet-grey-jasper\/#primaryimage\",\"url\":\"https:\/\/crudo-leather.com\/wp-content\/uploads\/2024\/08\/bead-gray_01-1.jpg\",\"contentUrl\":\"https:\/\/crudo-leather.com\/wp-content\/uploads\/2024\/08\/bead-gray_01-1.jpg\",\"width\":2000,\"height\":2000},{\"@type\":\"BreadcrumbList\",\"@id\":\"https:\/\/crudo-leather.com\/product\/valore-personalized-tag-gemstone-beaded-bracelet-grey-jasper\/#breadcrumb\",\"itemListElement\":[{\"@type\":\"ListItem\",\"position\":1,\"name\":\"Shop\",\"item\":\"https:\/\/crudo-leather.com\/shop\/\"},{\"@type\":\"ListItem\",\"position\":2,\"name\":\"Valore Personalized Tag Gemstone Beaded Bracelet\"}]},{\"@type\":\"WebSite\",\"@id\":\"https:\/\/crudo-leather.com\/#website\",\"url\":\"https:\/\/crudo-leather.com\/\",\"name\":\"Crudo\",\"description\":\"\",\"potentialAction\":[{\"@type\":\"SearchAction\",\"target\":{\"@type\":\"EntryPoint\",\"urlTemplate\":\"https:\/\/crudo-leather.com\/?s={search_term_string}\"},\"query-input\":{\"@type\":\"PropertyValueSpecification\",\"valueRequired\":true,\"valueName\":\"search_term_string\"}}],\"inLanguage\":\"en-US\"}]}<\/script>\n<!-- \/ Yoast SEO plugin. -->","yoast_head_json":{"title":"Crudo Valore Grauer Jaspis personalisiertes Perlenarmband","description":"Entdecken Sie die Crudo Valore Kollektion mit grauem Jaspis-Edelsteinperlen-Armband. Personalisierbare Gravurplakette, um Ihren pers\u00f6nlichen Stil zu zeigen. Hochwertige Materialien, weltweiter Versand.","robots":{"index":"index","follow":"follow","max-snippet":"max-snippet:-1","max-image-preview":"max-image-preview:large","max-video-preview":"max-video-preview:-1"},"canonical":"https:\/\/crudo-leather.com\/de\/product\/valore-personalized-tag-gemstone-beaded-bracelet-grey-jasper\/","og_locale":"en_US","og_type":"article","og_title":"Crudo Valore Grauer Jaspis personalisiertes Perlenarmband","og_description":"Entdecken Sie die Crudo Valore Kollektion mit grauem Jaspis-Edelsteinperlen-Armband. Personalisierbare Gravurplakette, um Ihren pers\u00f6nlichen Stil zu zeigen. Hochwertige Materialien, weltweiter Versand.","og_url":"https:\/\/crudo-leather.com\/product\/valore-personalized-tag-gemstone-beaded-bracelet-grey-jasper\/","og_site_name":"Crudo","article_modified_time":"2025-11-17T01:23:33+00:00","og_image":[{"width":2000,"height":2000,"url":"https:\/\/crudo-leather.com\/wp-content\/uploads\/2024\/08\/bead-gray_01-1.jpg","type":"image\/jpeg"}],"twitter_card":"summary_large_image","twitter_misc":{"Est. reading time":"1 minute"},"schema":{"@context":"https:\/\/schema.org","@graph":[{"@type":"WebPage","@id":"https:\/\/crudo-leather.com\/product\/valore-personalized-tag-gemstone-beaded-bracelet-grey-jasper\/","url":"https:\/\/crudo-leather.com\/product\/valore-personalized-tag-gemstone-beaded-bracelet-grey-jasper\/","name":"My Melody & Kuromi Special Edition","isPartOf":{"@id":"https:\/\/crudo-leather.com\/#website"},"primaryImageOfPage":{"@id":"https:\/\/crudo-leather.com\/product\/valore-personalized-tag-gemstone-beaded-bracelet-grey-jasper\/#primaryimage"},"image":{"@id":"https:\/\/crudo-leather.com\/product\/valore-personalized-tag-gemstone-beaded-bracelet-grey-jasper\/#primaryimage"},"thumbnailUrl":"https:\/\/crudo-leather.com\/wp-content\/uploads\/2024\/08\/bead-gray_01-1.jpg","datePublished":"2024-08-01T06:18:46+00:00","dateModified":"2025-11-17T01:23:33+00:00","description":"Explore Crudo Leather's My Melody & Kuromi Special Edition. Officially licensed products, double cuteness, customized leather and jewelry accessories. Shop now!","breadcrumb":{"@id":"https:\/\/crudo-leather.com\/product\/valore-personalized-tag-gemstone-beaded-bracelet-grey-jasper\/#breadcrumb"},"inLanguage":"en-US","potentialAction":[{"@type":"ReadAction","target":["https:\/\/crudo-leather.com\/product\/valore-personalized-tag-gemstone-beaded-bracelet-grey-jasper\/"]}]},{"@type":"ImageObject","inLanguage":"en-US","@id":"https:\/\/crudo-leather.com\/product\/valore-personalized-tag-gemstone-beaded-bracelet-grey-jasper\/#primaryimage","url":"https:\/\/crudo-leather.com\/wp-content\/uploads\/2024\/08\/bead-gray_01-1.jpg","contentUrl":"https:\/\/crudo-leather.com\/wp-content\/uploads\/2024\/08\/bead-gray_01-1.jpg","width":2000,"height":2000},{"@type":"BreadcrumbList","@id":"https:\/\/crudo-leather.com\/product\/valore-personalized-tag-gemstone-beaded-bracelet-grey-jasper\/#breadcrumb","itemListElement":[{"@type":"ListItem","position":1,"name":"Shop","item":"https:\/\/crudo-leather.com\/shop\/"},{"@type":"ListItem","position":2,"name":"Valore Personalized Tag Gemstone Beaded Bracelet"}]},{"@type":"WebSite","@id":"https:\/\/crudo-leather.com\/#website","url":"https:\/\/crudo-leather.com\/","name":"Crudo","description":"","potentialAction":[{"@type":"SearchAction","target":{"@type":"EntryPoint","urlTemplate":"https:\/\/crudo-leather.com\/?s={search_term_string}"},"query-input":{"@type":"PropertyValueSpecification","valueRequired":true,"valueName":"search_term_string"}}],"inLanguage":"en-US"}]}},"_links":{"self":[{"href":"https:\/\/crudo-leather.com\/de\/wp-json\/wp\/v2\/product\/2854"}],"collection":[{"href":"https:\/\/crudo-leather.com\/de\/wp-json\/wp\/v2\/product"}],"about":[{"href":"https:\/\/crudo-leather.com\/de\/wp-json\/wp\/v2\/types\/product"}],"replies":[{"embeddable":true,"href":"https:\/\/crudo-leather.com\/de\/wp-json\/wp\/v2\/comments?post=2854"}],"wp:featuredmedia":[{"embeddable":true,"href":"https:\/\/crudo-leather.com\/de\/wp-json\/wp\/v2\/media\/19052"}],"wp:attachment":[{"href":"https:\/\/crudo-leather.com\/de\/wp-json\/wp\/v2\/media?parent=2854"}],"wp:term":[{"taxonomy":"collection","embeddable":true,"href":"https:\/\/crudo-leather.com\/de\/wp-json\/wp\/v2\/collection?post=2854"},{"taxonomy":"trending_cat","embeddable":true,"href":"https:\/\/crudo-leather.com\/de\/wp-json\/wp\/v2\/trending_cat?post=2854"},{"taxonomy":"product_cat","embeddable":true,"href":"https:\/\/crudo-leather.com\/de\/wp-json\/wp\/v2\/product_cat?post=2854"},{"taxonomy":"product_tag","embeddable":true,"href":"https:\/\/crudo-leather.com\/de\/wp-json\/wp\/v2\/product_tag?post=2854"}],"curies":[{"name":"wp","href":"https:\/\/api.w.org\/{rel}","templated":true}]}}