{"id":2867,"date":"2024-08-01T14:19:05","date_gmt":"2024-08-01T06:19:05","guid":{"rendered":"https:\/\/crudo-leather.com\/product\/the-leather-artisan-italian-patina-short-wallet-indigo-blue-2\/"},"modified":"2025-12-22T17:20:33","modified_gmt":"2025-12-22T09:20:33","slug":"the-leather-artisan-italian-patina-short-wallet-indigo-blue-2","status":"publish","type":"product","link":"https:\/\/crudo-leather.com\/de\/product\/the-leather-artisan-italian-patina-short-wallet-indigo-blue-2\/","title":{"rendered":"The Leather Artisan Italienisches Antikleder Kurzportemonnaie"},"content":{"rendered":"","protected":false},"excerpt":{"rendered":"<p><strong>Beschreibung<\/strong><strong> :<\/strong><\/p>\n\n<p><strong>- <\/strong>Hergestellt aus 100% venezianischem, italienischem Vollrindleder in Naturfarbe. Das Leder enth\u00e4lt reichhaltige nat\u00fcrliche Mineralien, die ihm eine charakteristische transparente Textur verleihen.<br \/>\n-  Gef\u00e4rbt mit der traditionellen Patina-F\u00e4rbetechnik. Sechs verschiedene Meister tragen in \u00fcber 100 Arbeitsschritten per Hand unterschiedliche Farbt\u00f6ne auf, um einen nat\u00fcrlichen, abgestuften Vintage-Effekt zu erzielen.<br \/>\n-  Die Herstellung dauert f\u00fcnfzig Stunden.<br \/>\n-<strong> <\/strong>Handgeschliffen und -abgerundete Kanten, die eine exquisite handwerkliche Qualit\u00e4t pr\u00e4sentieren.<br \/>\n-  Schlank und langlebig.<br \/>\n-  Personalisierte Gravur auf der Vorder- oder Innenseite des Portemonnaies m\u00f6glich.<br \/>\n-  \u00dcber 20 Schriftarten, 100 Emojis und 60 Gravurvorschl\u00e4ge zur Auswahl.<br \/>\n-  Kostenloses Upgrade auf ein elegantes Geschenkset (inkl. Geschenkkarte und Produktgarantie)<\/p>\n\n<p><strong>Fachaufteilung (5CC)<\/strong><br \/>\n- 1 Fotofach &amp; 5 Kreditkartenf\u00e4cher<br \/>\n- 2 Innere Kartenf\u00e4cher (jedes fasst 4 bis 5 Karten)<br \/>\n- 2 Geldscheinf\u00e4cher<br \/>\n-  Insgesamt Platz f\u00fcr ca. 13 bis 15 Karten<\/p>\n\n<p><strong>Kartenfachaufteilung (8CC)<\/strong><br \/>\n- 8 Kreditkartenf\u00e4cher<br \/>\n- 2 Innere Kartenf\u00e4cher (jedes fasst 4 bis 5 Karten)<br \/>\n- 2 Geldscheinf\u00e4cher<br \/>\n-  Insgesamt Platz f\u00fcr ca. 16 bis 18 Karten<\/p>\n\n<p><strong>Herstellungszeit und Versanddetails<\/strong><br \/>\n-  Jedes Produkt wird in nur 1-5 Arbeitstagen hergestellt.<br \/>\n-  Bei Bestellung heute kann die Ware bereits morgen versendet werden.<br \/>\n-  Weltweiter Versand<\/p>","protected":false},"featured_media":19053,"comment_status":"open","ping_status":"closed","template":"","meta":{"inline_featured_image":false},"collection":[2555],"trending_cat":[],"product_cat":[2373],"product_tag":[],"class_list":{"0":"post-2867","1":"product","2":"type-product","3":"status-publish","4":"has-post-thumbnail","6":"product_cat-wallets","8":"first","9":"instock","10":"sale","11":"shipping-taxable","12":"purchasable","13":"product-type-variable"},"yoast_head":"<!-- This site is optimized with the Yoast SEO plugin v23.4 - https:\/\/yoast.com\/wordpress\/plugins\/seo\/ -->\n<title>The Leather Artisan Italienische Antikleder-Kurzportemonnaie Nachthimmelblau<\/title>\n<meta name=\"description\" content=\"Crudo The Leather Artisan Italienisches patiniertes kurzes Portemonnaie, 100 % handgefertigt aus pflanzlich gegerbtem Rindsleder, mit nachtblauem Farbverlauf. Personalisierte Gravur m\u00f6glich, einzigartige Patina-Technik, au\u00dfergew\u00f6hnlicher Geschmack.\" \/>\n<meta name=\"robots\" content=\"index, follow, max-snippet:-1, max-image-preview:large, max-video-preview:-1\" \/>\n<link rel=\"canonical\" href=\"https:\/\/crudo-leather.com\/de\/product\/the-leather-artisan-italian-patina-short-wallet-indigo-blue-2\/\" \/>\n<meta property=\"og:locale\" content=\"en_US\" \/>\n<meta property=\"og:type\" content=\"article\" \/>\n<meta property=\"og:title\" content=\"The Leather Artisan Italienische Antikleder-Kurzportemonnaie Nachthimmelblau\" \/>\n<meta property=\"og:description\" content=\"Crudo The Leather Artisan Italienisches patiniertes kurzes Portemonnaie, 100 % handgefertigt aus pflanzlich gegerbtem Rindsleder, mit nachtblauem Farbverlauf. Personalisierte Gravur m\u00f6glich, einzigartige Patina-Technik, au\u00dfergew\u00f6hnlicher Geschmack.\" \/>\n<meta property=\"og:url\" content=\"https:\/\/crudo-leather.com\/product\/the-leather-artisan-italian-patina-short-wallet-indigo-blue-2\/\" \/>\n<meta property=\"og:site_name\" content=\"Crudo\" \/>\n<meta property=\"article:modified_time\" content=\"2025-12-22T09:20:33+00:00\" \/>\n<meta property=\"og:image\" content=\"https:\/\/crudo-leather.com\/wp-content\/uploads\/2024\/08\/swx16_ble_a-1.jpg\" \/>\n\t<meta property=\"og:image:width\" content=\"640\" \/>\n\t<meta property=\"og:image:height\" content=\"640\" \/>\n\t<meta property=\"og:image:type\" content=\"image\/jpeg\" \/>\n<meta name=\"twitter:card\" content=\"summary_large_image\" \/>\n<meta name=\"twitter:label1\" content=\"Est. reading time\" \/>\n\t<meta name=\"twitter:data1\" content=\"1 minute\" \/>\n<script type=\"application\/ld+json\" class=\"yoast-schema-graph\">{\"@context\":\"https:\/\/schema.org\",\"@graph\":[{\"@type\":\"WebPage\",\"@id\":\"https:\/\/crudo-leather.com\/product\/the-leather-artisan-italian-patina-short-wallet-indigo-blue-2\/\",\"url\":\"https:\/\/crudo-leather.com\/product\/the-leather-artisan-italian-patina-short-wallet-indigo-blue-2\/\",\"name\":\"The Leather Artisan Italian Patina Short Wallet - Indigo Blue\",\"isPartOf\":{\"@id\":\"https:\/\/crudo-leather.com\/#website\"},\"primaryImageOfPage\":{\"@id\":\"https:\/\/crudo-leather.com\/product\/the-leather-artisan-italian-patina-short-wallet-indigo-blue-2\/#primaryimage\"},\"image\":{\"@id\":\"https:\/\/crudo-leather.com\/product\/the-leather-artisan-italian-patina-short-wallet-indigo-blue-2\/#primaryimage\"},\"thumbnailUrl\":\"https:\/\/crudo-leather.com\/wp-content\/uploads\/2024\/08\/swx16_ble_a-1.jpg\",\"datePublished\":\"2024-08-01T06:19:05+00:00\",\"dateModified\":\"2025-12-22T09:20:33+00:00\",\"description\":\"Discover The Leather Artisan Italian patina short wallet in indigo blue. Hand-finished with unique patina effect, compact & stylish. A timeless accessory. Shop now!\",\"breadcrumb\":{\"@id\":\"https:\/\/crudo-leather.com\/product\/the-leather-artisan-italian-patina-short-wallet-indigo-blue-2\/#breadcrumb\"},\"inLanguage\":\"en-US\",\"potentialAction\":[{\"@type\":\"ReadAction\",\"target\":[\"https:\/\/crudo-leather.com\/product\/the-leather-artisan-italian-patina-short-wallet-indigo-blue-2\/\"]}]},{\"@type\":\"ImageObject\",\"inLanguage\":\"en-US\",\"@id\":\"https:\/\/crudo-leather.com\/product\/the-leather-artisan-italian-patina-short-wallet-indigo-blue-2\/#primaryimage\",\"url\":\"https:\/\/crudo-leather.com\/wp-content\/uploads\/2024\/08\/swx16_ble_a-1.jpg\",\"contentUrl\":\"https:\/\/crudo-leather.com\/wp-content\/uploads\/2024\/08\/swx16_ble_a-1.jpg\",\"width\":640,\"height\":640},{\"@type\":\"BreadcrumbList\",\"@id\":\"https:\/\/crudo-leather.com\/product\/the-leather-artisan-italian-patina-short-wallet-indigo-blue-2\/#breadcrumb\",\"itemListElement\":[{\"@type\":\"ListItem\",\"position\":1,\"name\":\"Shop\",\"item\":\"https:\/\/crudo-leather.com\/shop\/\"},{\"@type\":\"ListItem\",\"position\":2,\"name\":\"The Leather Artisan Italian Patina Short Wallet\"}]},{\"@type\":\"WebSite\",\"@id\":\"https:\/\/crudo-leather.com\/#website\",\"url\":\"https:\/\/crudo-leather.com\/\",\"name\":\"Crudo\",\"description\":\"\",\"potentialAction\":[{\"@type\":\"SearchAction\",\"target\":{\"@type\":\"EntryPoint\",\"urlTemplate\":\"https:\/\/crudo-leather.com\/?s={search_term_string}\"},\"query-input\":{\"@type\":\"PropertyValueSpecification\",\"valueRequired\":true,\"valueName\":\"search_term_string\"}}],\"inLanguage\":\"en-US\"}]}<\/script>\n<!-- \/ Yoast SEO plugin. -->","yoast_head_json":{"title":"The Leather Artisan Italienische Antikleder-Kurzportemonnaie Nachthimmelblau","description":"Crudo The Leather Artisan Italienisches patiniertes kurzes Portemonnaie, 100 % handgefertigt aus pflanzlich gegerbtem Rindsleder, mit nachtblauem Farbverlauf. Personalisierte Gravur m\u00f6glich, einzigartige Patina-Technik, au\u00dfergew\u00f6hnlicher Geschmack.","robots":{"index":"index","follow":"follow","max-snippet":"max-snippet:-1","max-image-preview":"max-image-preview:large","max-video-preview":"max-video-preview:-1"},"canonical":"https:\/\/crudo-leather.com\/de\/product\/the-leather-artisan-italian-patina-short-wallet-indigo-blue-2\/","og_locale":"en_US","og_type":"article","og_title":"The Leather Artisan Italienische Antikleder-Kurzportemonnaie Nachthimmelblau","og_description":"Crudo The Leather Artisan Italienisches patiniertes kurzes Portemonnaie, 100 % handgefertigt aus pflanzlich gegerbtem Rindsleder, mit nachtblauem Farbverlauf. Personalisierte Gravur m\u00f6glich, einzigartige Patina-Technik, au\u00dfergew\u00f6hnlicher Geschmack.","og_url":"https:\/\/crudo-leather.com\/product\/the-leather-artisan-italian-patina-short-wallet-indigo-blue-2\/","og_site_name":"Crudo","article_modified_time":"2025-12-22T09:20:33+00:00","og_image":[{"width":640,"height":640,"url":"https:\/\/crudo-leather.com\/wp-content\/uploads\/2024\/08\/swx16_ble_a-1.jpg","type":"image\/jpeg"}],"twitter_card":"summary_large_image","twitter_misc":{"Est. reading time":"1 minute"},"schema":{"@context":"https:\/\/schema.org","@graph":[{"@type":"WebPage","@id":"https:\/\/crudo-leather.com\/product\/the-leather-artisan-italian-patina-short-wallet-indigo-blue-2\/","url":"https:\/\/crudo-leather.com\/product\/the-leather-artisan-italian-patina-short-wallet-indigo-blue-2\/","name":"The Leather Artisan Italian Patina Short Wallet - Indigo Blue","isPartOf":{"@id":"https:\/\/crudo-leather.com\/#website"},"primaryImageOfPage":{"@id":"https:\/\/crudo-leather.com\/product\/the-leather-artisan-italian-patina-short-wallet-indigo-blue-2\/#primaryimage"},"image":{"@id":"https:\/\/crudo-leather.com\/product\/the-leather-artisan-italian-patina-short-wallet-indigo-blue-2\/#primaryimage"},"thumbnailUrl":"https:\/\/crudo-leather.com\/wp-content\/uploads\/2024\/08\/swx16_ble_a-1.jpg","datePublished":"2024-08-01T06:19:05+00:00","dateModified":"2025-12-22T09:20:33+00:00","description":"Discover The Leather Artisan Italian patina short wallet in indigo blue. Hand-finished with unique patina effect, compact & stylish. A timeless accessory. Shop now!","breadcrumb":{"@id":"https:\/\/crudo-leather.com\/product\/the-leather-artisan-italian-patina-short-wallet-indigo-blue-2\/#breadcrumb"},"inLanguage":"en-US","potentialAction":[{"@type":"ReadAction","target":["https:\/\/crudo-leather.com\/product\/the-leather-artisan-italian-patina-short-wallet-indigo-blue-2\/"]}]},{"@type":"ImageObject","inLanguage":"en-US","@id":"https:\/\/crudo-leather.com\/product\/the-leather-artisan-italian-patina-short-wallet-indigo-blue-2\/#primaryimage","url":"https:\/\/crudo-leather.com\/wp-content\/uploads\/2024\/08\/swx16_ble_a-1.jpg","contentUrl":"https:\/\/crudo-leather.com\/wp-content\/uploads\/2024\/08\/swx16_ble_a-1.jpg","width":640,"height":640},{"@type":"BreadcrumbList","@id":"https:\/\/crudo-leather.com\/product\/the-leather-artisan-italian-patina-short-wallet-indigo-blue-2\/#breadcrumb","itemListElement":[{"@type":"ListItem","position":1,"name":"Shop","item":"https:\/\/crudo-leather.com\/shop\/"},{"@type":"ListItem","position":2,"name":"The Leather Artisan Italian Patina Short Wallet"}]},{"@type":"WebSite","@id":"https:\/\/crudo-leather.com\/#website","url":"https:\/\/crudo-leather.com\/","name":"Crudo","description":"","potentialAction":[{"@type":"SearchAction","target":{"@type":"EntryPoint","urlTemplate":"https:\/\/crudo-leather.com\/?s={search_term_string}"},"query-input":{"@type":"PropertyValueSpecification","valueRequired":true,"valueName":"search_term_string"}}],"inLanguage":"en-US"}]}},"_links":{"self":[{"href":"https:\/\/crudo-leather.com\/de\/wp-json\/wp\/v2\/product\/2867"}],"collection":[{"href":"https:\/\/crudo-leather.com\/de\/wp-json\/wp\/v2\/product"}],"about":[{"href":"https:\/\/crudo-leather.com\/de\/wp-json\/wp\/v2\/types\/product"}],"replies":[{"embeddable":true,"href":"https:\/\/crudo-leather.com\/de\/wp-json\/wp\/v2\/comments?post=2867"}],"wp:featuredmedia":[{"embeddable":true,"href":"https:\/\/crudo-leather.com\/de\/wp-json\/wp\/v2\/media\/19053"}],"wp:attachment":[{"href":"https:\/\/crudo-leather.com\/de\/wp-json\/wp\/v2\/media?parent=2867"}],"wp:term":[{"taxonomy":"collection","embeddable":true,"href":"https:\/\/crudo-leather.com\/de\/wp-json\/wp\/v2\/collection?post=2867"},{"taxonomy":"trending_cat","embeddable":true,"href":"https:\/\/crudo-leather.com\/de\/wp-json\/wp\/v2\/trending_cat?post=2867"},{"taxonomy":"product_cat","embeddable":true,"href":"https:\/\/crudo-leather.com\/de\/wp-json\/wp\/v2\/product_cat?post=2867"},{"taxonomy":"product_tag","embeddable":true,"href":"https:\/\/crudo-leather.com\/de\/wp-json\/wp\/v2\/product_tag?post=2867"}],"curies":[{"name":"wp","href":"https:\/\/api.w.org\/{rel}","templated":true}]}}