{"id":2876,"date":"2024-08-01T14:19:20","date_gmt":"2024-08-01T06:19:20","guid":{"rendered":"https:\/\/crudo-leather.com\/product\/ricordi-italian-leather-wrap-bracelet-gemstone-edition-sky-blue-turquoise-white-gold-edition\/"},"modified":"2026-01-08T12:21:13","modified_gmt":"2026-01-08T04:21:13","slug":"ricordi-italian-leather-wrap-bracelet-gemstone-edition-sky-blue-turquoise-white-gold-edition","status":"publish","type":"product","link":"https:\/\/crudo-leather.com\/de\/product\/ricordi-italian-leather-wrap-bracelet-gemstone-edition-sky-blue-turquoise-white-gold-edition\/","title":{"rendered":"Ricordi Italienisches geflochtenes Lederarmband \u2013 Edelsteine Limited Edition"},"content":{"rendered":"","protected":false},"excerpt":{"rendered":"<strong>T\u00fcrkis \u2013 Weisheit und Kreativit\u00e4t<\/strong>\n\nDas lebhafte und friedliche Blaugr\u00fcn des T\u00fcrkis entfacht Ihre erstaunliche Kreativit\u00e4t und Weisheit! T\u00fcrkis vereint Kommunikationskraft, Kreativit\u00e4t, Weisheit und Spiritualit\u00e4t und besitzt gleichzeitig heilende Eigenschaften, die f\u00fcr Ruhe und emotionales Gleichgewicht sorgen. T\u00fcrkis verleiht Ihnen harmonische Energie, die es Ihnen erm\u00f6glicht, aufrichtige Verbindungen zu anderen aufzubauen, kreativen Ausdruck zu inspirieren und die Verbindung zu Ihrer inneren Weisheit zu vertiefen.\n\nDas Tragen des Ricordi Italienischen Geflochtenen Lederarmbands Himmelblau \u2013 T\u00fcrkis (Wei\u00dfgold Edition) kann Ihre Emotionen und Ihren Geist ausgleichen und zu innerer und \u00e4u\u00dferer Harmonie f\u00fchren.\n\n<strong>Klicken Sie auf \"In den Warenkorb legen und gestalten\", um Ihren Gravurtext zu entwerfen<\/strong>\n\n- M\u00f6chten Sie Ihrem Armband eine pers\u00f6nliche Note verleihen? Kombinieren Sie frei Anh\u00e4nger mit dem Armband, um Ihre pers\u00f6nliche Geschichte zu erz\u00e4hlen.\n- Auf der Oberfl\u00e4che aus 316L Edelstahl (Westdeutschland) ist T\u00fcrkis eingefasst, dieser elegante und edle Edelstein ist ein Juwel, das Ihre Emotionen ausgleicht.\n- Handwerker verwenden pr\u00e4zise Edelsteinschneidetechniken, um das wertvolle Material zum Leuchten und Funkeln zu bringen.\n- Jeder Edelstein wird nat\u00fcrlich abgebaut und hat eine einzigartige, nat\u00fcrliche Textur, die unersetzlich ist.\n- Hergestellt aus italienischem, geflochtenem Rindleder erster Wahl, ist das Material langlebig und kann dauerhaft aufbewahrt werden.\n- Ausgestattet mit Magnetverschluss und exklusivem achteckigem Metallschliff-Design.\n- Geeignet f\u00fcr Menschen mit empfindlicher Haut.\n- Verschiedene Schriftarten, Emojis und Gravurvorschl\u00e4ge stehen zur Auswahl.\n- Kostenloses Upgrade zum exquisiten Geschenkset (inklusive Geschenkkarte und Produktgarantie).\n- Hinweis: Das Armband ist nicht f\u00fcr Kinder unter 3 Jahren geeignet.\n\n<strong>Produktionszeit und Versanddetails<\/strong>\n- Jedes Produkt ben\u00f6tigt nur 1-5 Werktage zur Fertigstellung.\n- Bei Bestellung heute kann der Versand bereits morgen erfolgen.\n- Weltweiter Versand.","protected":false},"featured_media":19937,"comment_status":"open","ping_status":"closed","template":"","meta":{"inline_featured_image":false},"collection":[2270],"trending_cat":[2401,2390],"product_cat":[17],"product_tag":[],"class_list":{"0":"post-2876","1":"product","2":"type-product","3":"status-publish","4":"has-post-thumbnail","6":"trending_cat-love-stone-collection","7":"trending_cat-ricordi-leather-bracelet","8":"product_cat-bracelets-cuffs","10":"first","11":"instock","12":"sale","13":"shipping-taxable","14":"purchasable","15":"product-type-variable"},"yoast_head":"<!-- This site is optimized with the Yoast SEO plugin v23.4 - https:\/\/yoast.com\/wordpress\/plugins\/seo\/ -->\n<title>Crudo Ricordi T\u00fcrkislederarmband<\/title>\n<meta name=\"description\" content=\"Crudo Ricordi Italienisches geflochtenes Lederarmband mit Edelsteinen. Himmelblauer T\u00fcrkis und Wei\u00dfgold, personalisierte Gravur. Weltweiter Versand, einj\u00e4hrige Pflege.\" \/>\n<meta name=\"robots\" content=\"index, follow, max-snippet:-1, max-image-preview:large, max-video-preview:-1\" \/>\n<link rel=\"canonical\" href=\"https:\/\/crudo-leather.com\/de\/product\/ricordi-italian-leather-wrap-bracelet-gemstone-edition-sky-blue-turquoise-white-gold-edition\/\" \/>\n<meta property=\"og:locale\" content=\"en_US\" \/>\n<meta property=\"og:type\" content=\"article\" \/>\n<meta property=\"og:title\" content=\"Crudo Ricordi T\u00fcrkislederarmband\" \/>\n<meta property=\"og:description\" content=\"Crudo Ricordi Italienisches geflochtenes Lederarmband mit Edelsteinen. Himmelblauer T\u00fcrkis und Wei\u00dfgold, personalisierte Gravur. Weltweiter Versand, einj\u00e4hrige Pflege.\" \/>\n<meta property=\"og:url\" content=\"https:\/\/crudo-leather.com\/product\/ricordi-italian-leather-wrap-bracelet-gemstone-edition-sky-blue-turquoise-white-gold-edition\/\" \/>\n<meta property=\"og:site_name\" content=\"Crudo\" \/>\n<meta property=\"article:modified_time\" content=\"2026-01-08T04:21:13+00:00\" \/>\n<meta property=\"og:image\" content=\"https:\/\/crudo-leather.com\/wp-content\/uploads\/2024\/08\/brt01_copy_13-2.jpg\" \/>\n\t<meta property=\"og:image:width\" content=\"640\" \/>\n\t<meta property=\"og:image:height\" content=\"640\" \/>\n\t<meta property=\"og:image:type\" content=\"image\/jpeg\" \/>\n<meta name=\"twitter:card\" content=\"summary_large_image\" \/>\n<meta name=\"twitter:label1\" content=\"Est. reading time\" \/>\n\t<meta name=\"twitter:data1\" content=\"1 minute\" \/>\n<script type=\"application\/ld+json\" class=\"yoast-schema-graph\">{\"@context\":\"https:\/\/schema.org\",\"@graph\":[{\"@type\":\"WebPage\",\"@id\":\"https:\/\/crudo-leather.com\/product\/ricordi-italian-leather-wrap-bracelet-gemstone-edition-sky-blue-turquoise-white-gold-edition\/\",\"url\":\"https:\/\/crudo-leather.com\/product\/ricordi-italian-leather-wrap-bracelet-gemstone-edition-sky-blue-turquoise-white-gold-edition\/\",\"name\":\"Ricordi Italian Leather Wrap Bracelet Gemstone Edition - Sky Blue Turquoise White Gold\",\"isPartOf\":{\"@id\":\"https:\/\/crudo-leather.com\/#website\"},\"primaryImageOfPage\":{\"@id\":\"https:\/\/crudo-leather.com\/product\/ricordi-italian-leather-wrap-bracelet-gemstone-edition-sky-blue-turquoise-white-gold-edition\/#primaryimage\"},\"image\":{\"@id\":\"https:\/\/crudo-leather.com\/product\/ricordi-italian-leather-wrap-bracelet-gemstone-edition-sky-blue-turquoise-white-gold-edition\/#primaryimage\"},\"thumbnailUrl\":\"https:\/\/crudo-leather.com\/wp-content\/uploads\/2024\/08\/brt01_copy_13-2.jpg\",\"datePublished\":\"2024-08-01T06:19:20+00:00\",\"dateModified\":\"2026-01-08T04:21:13+00:00\",\"description\":\"Discover Ricordi Italian leather wrap bracelet gemstone edition. Sky blue turquoise with white gold. A stylish and versatile accessory. Shop now!\",\"breadcrumb\":{\"@id\":\"https:\/\/crudo-leather.com\/product\/ricordi-italian-leather-wrap-bracelet-gemstone-edition-sky-blue-turquoise-white-gold-edition\/#breadcrumb\"},\"inLanguage\":\"en-US\",\"potentialAction\":[{\"@type\":\"ReadAction\",\"target\":[\"https:\/\/crudo-leather.com\/product\/ricordi-italian-leather-wrap-bracelet-gemstone-edition-sky-blue-turquoise-white-gold-edition\/\"]}]},{\"@type\":\"ImageObject\",\"inLanguage\":\"en-US\",\"@id\":\"https:\/\/crudo-leather.com\/product\/ricordi-italian-leather-wrap-bracelet-gemstone-edition-sky-blue-turquoise-white-gold-edition\/#primaryimage\",\"url\":\"https:\/\/crudo-leather.com\/wp-content\/uploads\/2024\/08\/brt01_copy_13-2.jpg\",\"contentUrl\":\"https:\/\/crudo-leather.com\/wp-content\/uploads\/2024\/08\/brt01_copy_13-2.jpg\",\"width\":640,\"height\":640},{\"@type\":\"BreadcrumbList\",\"@id\":\"https:\/\/crudo-leather.com\/product\/ricordi-italian-leather-wrap-bracelet-gemstone-edition-sky-blue-turquoise-white-gold-edition\/#breadcrumb\",\"itemListElement\":[{\"@type\":\"ListItem\",\"position\":1,\"name\":\"Shop\",\"item\":\"https:\/\/crudo-leather.com\/shop\/\"},{\"@type\":\"ListItem\",\"position\":2,\"name\":\"Ricordi Italian Leather Wrap Bracelet Gemstone Edition\"}]},{\"@type\":\"WebSite\",\"@id\":\"https:\/\/crudo-leather.com\/#website\",\"url\":\"https:\/\/crudo-leather.com\/\",\"name\":\"Crudo\",\"description\":\"\",\"potentialAction\":[{\"@type\":\"SearchAction\",\"target\":{\"@type\":\"EntryPoint\",\"urlTemplate\":\"https:\/\/crudo-leather.com\/?s={search_term_string}\"},\"query-input\":{\"@type\":\"PropertyValueSpecification\",\"valueRequired\":true,\"valueName\":\"search_term_string\"}}],\"inLanguage\":\"en-US\"}]}<\/script>\n<!-- \/ Yoast SEO plugin. -->","yoast_head_json":{"title":"Crudo Ricordi T\u00fcrkislederarmband","description":"Crudo Ricordi Italienisches geflochtenes Lederarmband mit Edelsteinen. Himmelblauer T\u00fcrkis und Wei\u00dfgold, personalisierte Gravur. Weltweiter Versand, einj\u00e4hrige Pflege.","robots":{"index":"index","follow":"follow","max-snippet":"max-snippet:-1","max-image-preview":"max-image-preview:large","max-video-preview":"max-video-preview:-1"},"canonical":"https:\/\/crudo-leather.com\/de\/product\/ricordi-italian-leather-wrap-bracelet-gemstone-edition-sky-blue-turquoise-white-gold-edition\/","og_locale":"en_US","og_type":"article","og_title":"Crudo Ricordi T\u00fcrkislederarmband","og_description":"Crudo Ricordi Italienisches geflochtenes Lederarmband mit Edelsteinen. Himmelblauer T\u00fcrkis und Wei\u00dfgold, personalisierte Gravur. Weltweiter Versand, einj\u00e4hrige Pflege.","og_url":"https:\/\/crudo-leather.com\/product\/ricordi-italian-leather-wrap-bracelet-gemstone-edition-sky-blue-turquoise-white-gold-edition\/","og_site_name":"Crudo","article_modified_time":"2026-01-08T04:21:13+00:00","og_image":[{"width":640,"height":640,"url":"https:\/\/crudo-leather.com\/wp-content\/uploads\/2024\/08\/brt01_copy_13-2.jpg","type":"image\/jpeg"}],"twitter_card":"summary_large_image","twitter_misc":{"Est. reading time":"1 minute"},"schema":{"@context":"https:\/\/schema.org","@graph":[{"@type":"WebPage","@id":"https:\/\/crudo-leather.com\/product\/ricordi-italian-leather-wrap-bracelet-gemstone-edition-sky-blue-turquoise-white-gold-edition\/","url":"https:\/\/crudo-leather.com\/product\/ricordi-italian-leather-wrap-bracelet-gemstone-edition-sky-blue-turquoise-white-gold-edition\/","name":"Ricordi Italian Leather Wrap Bracelet Gemstone Edition - Sky Blue Turquoise White Gold","isPartOf":{"@id":"https:\/\/crudo-leather.com\/#website"},"primaryImageOfPage":{"@id":"https:\/\/crudo-leather.com\/product\/ricordi-italian-leather-wrap-bracelet-gemstone-edition-sky-blue-turquoise-white-gold-edition\/#primaryimage"},"image":{"@id":"https:\/\/crudo-leather.com\/product\/ricordi-italian-leather-wrap-bracelet-gemstone-edition-sky-blue-turquoise-white-gold-edition\/#primaryimage"},"thumbnailUrl":"https:\/\/crudo-leather.com\/wp-content\/uploads\/2024\/08\/brt01_copy_13-2.jpg","datePublished":"2024-08-01T06:19:20+00:00","dateModified":"2026-01-08T04:21:13+00:00","description":"Discover Ricordi Italian leather wrap bracelet gemstone edition. Sky blue turquoise with white gold. A stylish and versatile accessory. Shop now!","breadcrumb":{"@id":"https:\/\/crudo-leather.com\/product\/ricordi-italian-leather-wrap-bracelet-gemstone-edition-sky-blue-turquoise-white-gold-edition\/#breadcrumb"},"inLanguage":"en-US","potentialAction":[{"@type":"ReadAction","target":["https:\/\/crudo-leather.com\/product\/ricordi-italian-leather-wrap-bracelet-gemstone-edition-sky-blue-turquoise-white-gold-edition\/"]}]},{"@type":"ImageObject","inLanguage":"en-US","@id":"https:\/\/crudo-leather.com\/product\/ricordi-italian-leather-wrap-bracelet-gemstone-edition-sky-blue-turquoise-white-gold-edition\/#primaryimage","url":"https:\/\/crudo-leather.com\/wp-content\/uploads\/2024\/08\/brt01_copy_13-2.jpg","contentUrl":"https:\/\/crudo-leather.com\/wp-content\/uploads\/2024\/08\/brt01_copy_13-2.jpg","width":640,"height":640},{"@type":"BreadcrumbList","@id":"https:\/\/crudo-leather.com\/product\/ricordi-italian-leather-wrap-bracelet-gemstone-edition-sky-blue-turquoise-white-gold-edition\/#breadcrumb","itemListElement":[{"@type":"ListItem","position":1,"name":"Shop","item":"https:\/\/crudo-leather.com\/shop\/"},{"@type":"ListItem","position":2,"name":"Ricordi Italian Leather Wrap Bracelet Gemstone Edition"}]},{"@type":"WebSite","@id":"https:\/\/crudo-leather.com\/#website","url":"https:\/\/crudo-leather.com\/","name":"Crudo","description":"","potentialAction":[{"@type":"SearchAction","target":{"@type":"EntryPoint","urlTemplate":"https:\/\/crudo-leather.com\/?s={search_term_string}"},"query-input":{"@type":"PropertyValueSpecification","valueRequired":true,"valueName":"search_term_string"}}],"inLanguage":"en-US"}]}},"_links":{"self":[{"href":"https:\/\/crudo-leather.com\/de\/wp-json\/wp\/v2\/product\/2876"}],"collection":[{"href":"https:\/\/crudo-leather.com\/de\/wp-json\/wp\/v2\/product"}],"about":[{"href":"https:\/\/crudo-leather.com\/de\/wp-json\/wp\/v2\/types\/product"}],"replies":[{"embeddable":true,"href":"https:\/\/crudo-leather.com\/de\/wp-json\/wp\/v2\/comments?post=2876"}],"wp:featuredmedia":[{"embeddable":true,"href":"https:\/\/crudo-leather.com\/de\/wp-json\/wp\/v2\/media\/19937"}],"wp:attachment":[{"href":"https:\/\/crudo-leather.com\/de\/wp-json\/wp\/v2\/media?parent=2876"}],"wp:term":[{"taxonomy":"collection","embeddable":true,"href":"https:\/\/crudo-leather.com\/de\/wp-json\/wp\/v2\/collection?post=2876"},{"taxonomy":"trending_cat","embeddable":true,"href":"https:\/\/crudo-leather.com\/de\/wp-json\/wp\/v2\/trending_cat?post=2876"},{"taxonomy":"product_cat","embeddable":true,"href":"https:\/\/crudo-leather.com\/de\/wp-json\/wp\/v2\/product_cat?post=2876"},{"taxonomy":"product_tag","embeddable":true,"href":"https:\/\/crudo-leather.com\/de\/wp-json\/wp\/v2\/product_tag?post=2876"}],"curies":[{"name":"wp","href":"https:\/\/api.w.org\/{rel}","templated":true}]}}