{"id":289394,"date":"2024-08-16T12:24:49","date_gmt":"2024-08-16T04:24:49","guid":{"rendered":"https:\/\/crudo-leather.com\/product\/disney-yululun-customized-metal-box-chain-gemstone-bracelet-copy\/"},"modified":"2026-01-09T15:15:01","modified_gmt":"2026-01-09T07:15:01","slug":"disney-yululun-customized-metal-box-chain-gemstone-bracelet-rose-gold-mother-of-pearl","status":"publish","type":"product","link":"https:\/\/crudo-leather.com\/de\/product\/disney-yululun-customized-metal-box-chain-gemstone-bracelet-rose-gold-mother-of-pearl\/","title":{"rendered":"Disney Yululun Limited Edition ma\u00dfgeschmiedeter Stahl-Edelstein-Armband"},"content":{"rendered":"","protected":false},"excerpt":{"rendered":"<strong>**Bitte w\u00e4hlen Sie mindestens ein Disney Yululun Charakter Metallanh\u00e4nger oder 925 Silber Anh\u00e4nger, sonst wird das Produkt nur mit dem urspr\u00fcnglichen Crudo runden Anh\u00e4nger geliefert und nicht mit der Disney Yululun Special Edition Geschenkbox**<\/strong>\n\n<ins><strong>Disney Special Edition<\/strong><\/ins>\nYululun l\u00e4sst die Herzen aller entspannen, sie lassen sich von nichts st\u00f6ren. Bestellen Sie jetzt Ihr personalisiertes Disney Yululun Special Edition Armband und tauchen Sie ein in die magische Welt der Disney Charaktere.\n\n<strong>Klicken Sie auf \"Zum Warenkorb hinzuf\u00fcgen und gestalten\", um Ihren Gravurtext zu gestalten<\/strong>\n\n- Offiziell lizenziertes Disney Produkt\n- Verschiedene Disney Charakter Yululun Thema Metallanh\u00e4nger und Silberanh\u00e4nger, frei kombinierbar und am Lederarmband befestigbar\n- Beim Kauf eines Disney Yululun Limited Edition Lederarmbands erhalten Sie die Disney Yululun Special Edition Geschenkbox mit abl\u00f6sbarer Gru\u00dfkarte (inklusive Geschenkkarte und Produktgarantie)\n- Einzigartige Kombination aus langem, achteckig geschnittenem Stahlrechteck und speziell gestaltetem quadratischem Edelstahlkettenglied\n- 316L Edelstahloberfl\u00e4che mit eingelegtem Perlmuttstein, der im Licht reflektiert und einen kristallklaren, durchscheinenden Look verleiht, der sanften Charme hinzuf\u00fcgt\n- Handwerker verwenden pr\u00e4zise Edelsteinschneidetechniken, um wertvolle Steine zum Strahlen und Funkeln zu bringen\n- Jeder Edelstein wird nat\u00fcrlich abgebaut und hat eine einzigartige, nat\u00fcrliche Textur, die unersetzlich ist\n- Hergestellt aus 316L Edelstahl\n- Verblasst und oxidiert nicht leicht, bleibt dauerhaft erhalten\n- Geeignet f\u00fcr Menschen mit empfindlicher Haut\n- Kann einzeln oder gestapelt getragen werden\n- Magnetverschluss-Design\n- Mehrere Schriftarten und Gravurvorschl\u00e4ge zur Auswahl\n\n<strong>Produktionszeit und Versanddetails<\/strong>\n- Jedes Produkt ben\u00f6tigt nur 1-5 Werktage zur Fertigstellung\n- Bei Bestellung heute kann es bereits morgen versendet werden\n- Direktversand nach Hongkong und Macau","protected":false},"featured_media":289400,"comment_status":"open","ping_status":"closed","template":"","meta":{"inline_featured_image":false},"collection":[2291],"trending_cat":[2391],"product_cat":[17],"product_tag":[2403],"class_list":{"0":"post-289394","1":"product","2":"type-product","3":"status-publish","4":"has-post-thumbnail","6":"trending_cat-miami-love-chain-bracelet","7":"product_cat-bracelets-cuffs","8":"product_tag-disney-yululun","10":"first","11":"instock","12":"sale","13":"shipping-taxable","14":"purchasable","15":"product-type-variable"},"yoast_head":"<!-- This site is optimized with the Yoast SEO plugin v23.4 - https:\/\/yoast.com\/wordpress\/plugins\/seo\/ -->\n<title>Crudo Disney Yululun Metallarmband<\/title>\n<meta name=\"description\" content=\"Crudo Disney Yululun personalisiertes Metall-Quadratkett-Edelsteinarmband, Ros\u00e9gold-Mutterperlmutt-Stil. Kostenlose Gravur, elegante Geschenkbox. Erstellen Sie einzigartigen Schmuck f\u00fcr Sie.\" \/>\n<meta name=\"robots\" content=\"index, follow, max-snippet:-1, max-image-preview:large, max-video-preview:-1\" \/>\n<link rel=\"canonical\" href=\"https:\/\/crudo-leather.com\/de\/product\/disney-yululun-customized-metal-box-chain-gemstone-bracelet-rose-gold-mother-of-pearl\/\" \/>\n<meta property=\"og:locale\" content=\"en_US\" \/>\n<meta property=\"og:type\" content=\"article\" \/>\n<meta property=\"og:title\" content=\"Crudo Disney Yululun Metallarmband\" \/>\n<meta property=\"og:description\" content=\"Crudo Disney Yululun personalisiertes Metall-Quadratkett-Edelsteinarmband, Ros\u00e9gold-Mutterperlmutt-Stil. Kostenlose Gravur, elegante Geschenkbox. Erstellen Sie einzigartigen Schmuck f\u00fcr Sie.\" \/>\n<meta property=\"og:url\" content=\"https:\/\/crudo-leather.com\/product\/disney-yululun-customized-metal-box-chain-gemstone-bracelet-rose-gold-mother-of-pearl\/\" \/>\n<meta property=\"og:site_name\" content=\"Crudo\" \/>\n<meta property=\"article:modified_time\" content=\"2026-01-09T07:15:01+00:00\" \/>\n<meta property=\"og:image\" content=\"https:\/\/crudo-leather.com\/wp-content\/uploads\/2024\/08\/ZBT26_WBG__a.jpg\" \/>\n\t<meta property=\"og:image:width\" content=\"2000\" \/>\n\t<meta property=\"og:image:height\" content=\"2000\" \/>\n\t<meta property=\"og:image:type\" content=\"image\/jpeg\" \/>\n<meta name=\"twitter:card\" content=\"summary_large_image\" \/>\n<meta name=\"twitter:label1\" content=\"Est. reading time\" \/>\n\t<meta name=\"twitter:data1\" content=\"1 minute\" \/>\n<script type=\"application\/ld+json\" class=\"yoast-schema-graph\">{\"@context\":\"https:\/\/schema.org\",\"@graph\":[{\"@type\":\"WebPage\",\"@id\":\"https:\/\/crudo-leather.com\/product\/disney-yululun-customized-metal-box-chain-gemstone-bracelet-rose-gold-mother-of-pearl\/\",\"url\":\"https:\/\/crudo-leather.com\/product\/disney-yululun-customized-metal-box-chain-gemstone-bracelet-rose-gold-mother-of-pearl\/\",\"name\":\"Disney Yululun Metal Box Chain Gemstone Bracelet - Rose Gold Mother of Pearl\",\"isPartOf\":{\"@id\":\"https:\/\/crudo-leather.com\/#website\"},\"primaryImageOfPage\":{\"@id\":\"https:\/\/crudo-leather.com\/product\/disney-yululun-customized-metal-box-chain-gemstone-bracelet-rose-gold-mother-of-pearl\/#primaryimage\"},\"image\":{\"@id\":\"https:\/\/crudo-leather.com\/product\/disney-yululun-customized-metal-box-chain-gemstone-bracelet-rose-gold-mother-of-pearl\/#primaryimage\"},\"thumbnailUrl\":\"https:\/\/crudo-leather.com\/wp-content\/uploads\/2024\/08\/ZBT26_WBG__a.jpg\",\"datePublished\":\"2024-08-16T04:24:49+00:00\",\"dateModified\":\"2026-01-09T07:15:01+00:00\",\"description\":\"Explore officially licensed Disney Yululun metal box chain gemstone bracelet. Rose gold with mother of pearl. Free engraving & luxury gift box. A unique accessory. Shop now!\",\"breadcrumb\":{\"@id\":\"https:\/\/crudo-leather.com\/product\/disney-yululun-customized-metal-box-chain-gemstone-bracelet-rose-gold-mother-of-pearl\/#breadcrumb\"},\"inLanguage\":\"en-US\",\"potentialAction\":[{\"@type\":\"ReadAction\",\"target\":[\"https:\/\/crudo-leather.com\/product\/disney-yululun-customized-metal-box-chain-gemstone-bracelet-rose-gold-mother-of-pearl\/\"]}]},{\"@type\":\"ImageObject\",\"inLanguage\":\"en-US\",\"@id\":\"https:\/\/crudo-leather.com\/product\/disney-yululun-customized-metal-box-chain-gemstone-bracelet-rose-gold-mother-of-pearl\/#primaryimage\",\"url\":\"https:\/\/crudo-leather.com\/wp-content\/uploads\/2024\/08\/ZBT26_WBG__a.jpg\",\"contentUrl\":\"https:\/\/crudo-leather.com\/wp-content\/uploads\/2024\/08\/ZBT26_WBG__a.jpg\",\"width\":2000,\"height\":2000},{\"@type\":\"BreadcrumbList\",\"@id\":\"https:\/\/crudo-leather.com\/product\/disney-yululun-customized-metal-box-chain-gemstone-bracelet-rose-gold-mother-of-pearl\/#breadcrumb\",\"itemListElement\":[{\"@type\":\"ListItem\",\"position\":1,\"name\":\"Shop\",\"item\":\"https:\/\/crudo-leather.com\/shop\/\"},{\"@type\":\"ListItem\",\"position\":2,\"name\":\"Disney Yululun Customized Metal Box Chain Gemstone Bracelet\"}]},{\"@type\":\"WebSite\",\"@id\":\"https:\/\/crudo-leather.com\/#website\",\"url\":\"https:\/\/crudo-leather.com\/\",\"name\":\"Crudo\",\"description\":\"\",\"potentialAction\":[{\"@type\":\"SearchAction\",\"target\":{\"@type\":\"EntryPoint\",\"urlTemplate\":\"https:\/\/crudo-leather.com\/?s={search_term_string}\"},\"query-input\":{\"@type\":\"PropertyValueSpecification\",\"valueRequired\":true,\"valueName\":\"search_term_string\"}}],\"inLanguage\":\"en-US\"}]}<\/script>\n<!-- \/ Yoast SEO plugin. -->","yoast_head_json":{"title":"Crudo Disney Yululun Metallarmband","description":"Crudo Disney Yululun personalisiertes Metall-Quadratkett-Edelsteinarmband, Ros\u00e9gold-Mutterperlmutt-Stil. Kostenlose Gravur, elegante Geschenkbox. Erstellen Sie einzigartigen Schmuck f\u00fcr Sie.","robots":{"index":"index","follow":"follow","max-snippet":"max-snippet:-1","max-image-preview":"max-image-preview:large","max-video-preview":"max-video-preview:-1"},"canonical":"https:\/\/crudo-leather.com\/de\/product\/disney-yululun-customized-metal-box-chain-gemstone-bracelet-rose-gold-mother-of-pearl\/","og_locale":"en_US","og_type":"article","og_title":"Crudo Disney Yululun Metallarmband","og_description":"Crudo Disney Yululun personalisiertes Metall-Quadratkett-Edelsteinarmband, Ros\u00e9gold-Mutterperlmutt-Stil. Kostenlose Gravur, elegante Geschenkbox. Erstellen Sie einzigartigen Schmuck f\u00fcr Sie.","og_url":"https:\/\/crudo-leather.com\/product\/disney-yululun-customized-metal-box-chain-gemstone-bracelet-rose-gold-mother-of-pearl\/","og_site_name":"Crudo","article_modified_time":"2026-01-09T07:15:01+00:00","og_image":[{"width":2000,"height":2000,"url":"https:\/\/crudo-leather.com\/wp-content\/uploads\/2024\/08\/ZBT26_WBG__a.jpg","type":"image\/jpeg"}],"twitter_card":"summary_large_image","twitter_misc":{"Est. reading time":"1 minute"},"schema":{"@context":"https:\/\/schema.org","@graph":[{"@type":"WebPage","@id":"https:\/\/crudo-leather.com\/product\/disney-yululun-customized-metal-box-chain-gemstone-bracelet-rose-gold-mother-of-pearl\/","url":"https:\/\/crudo-leather.com\/product\/disney-yululun-customized-metal-box-chain-gemstone-bracelet-rose-gold-mother-of-pearl\/","name":"Disney Yululun Metal Box Chain Gemstone Bracelet - Rose Gold Mother of Pearl","isPartOf":{"@id":"https:\/\/crudo-leather.com\/#website"},"primaryImageOfPage":{"@id":"https:\/\/crudo-leather.com\/product\/disney-yululun-customized-metal-box-chain-gemstone-bracelet-rose-gold-mother-of-pearl\/#primaryimage"},"image":{"@id":"https:\/\/crudo-leather.com\/product\/disney-yululun-customized-metal-box-chain-gemstone-bracelet-rose-gold-mother-of-pearl\/#primaryimage"},"thumbnailUrl":"https:\/\/crudo-leather.com\/wp-content\/uploads\/2024\/08\/ZBT26_WBG__a.jpg","datePublished":"2024-08-16T04:24:49+00:00","dateModified":"2026-01-09T07:15:01+00:00","description":"Explore officially licensed Disney Yululun metal box chain gemstone bracelet. Rose gold with mother of pearl. Free engraving & luxury gift box. A unique accessory. Shop now!","breadcrumb":{"@id":"https:\/\/crudo-leather.com\/product\/disney-yululun-customized-metal-box-chain-gemstone-bracelet-rose-gold-mother-of-pearl\/#breadcrumb"},"inLanguage":"en-US","potentialAction":[{"@type":"ReadAction","target":["https:\/\/crudo-leather.com\/product\/disney-yululun-customized-metal-box-chain-gemstone-bracelet-rose-gold-mother-of-pearl\/"]}]},{"@type":"ImageObject","inLanguage":"en-US","@id":"https:\/\/crudo-leather.com\/product\/disney-yululun-customized-metal-box-chain-gemstone-bracelet-rose-gold-mother-of-pearl\/#primaryimage","url":"https:\/\/crudo-leather.com\/wp-content\/uploads\/2024\/08\/ZBT26_WBG__a.jpg","contentUrl":"https:\/\/crudo-leather.com\/wp-content\/uploads\/2024\/08\/ZBT26_WBG__a.jpg","width":2000,"height":2000},{"@type":"BreadcrumbList","@id":"https:\/\/crudo-leather.com\/product\/disney-yululun-customized-metal-box-chain-gemstone-bracelet-rose-gold-mother-of-pearl\/#breadcrumb","itemListElement":[{"@type":"ListItem","position":1,"name":"Shop","item":"https:\/\/crudo-leather.com\/shop\/"},{"@type":"ListItem","position":2,"name":"Disney Yululun Customized Metal Box Chain Gemstone Bracelet"}]},{"@type":"WebSite","@id":"https:\/\/crudo-leather.com\/#website","url":"https:\/\/crudo-leather.com\/","name":"Crudo","description":"","potentialAction":[{"@type":"SearchAction","target":{"@type":"EntryPoint","urlTemplate":"https:\/\/crudo-leather.com\/?s={search_term_string}"},"query-input":{"@type":"PropertyValueSpecification","valueRequired":true,"valueName":"search_term_string"}}],"inLanguage":"en-US"}]}},"_links":{"self":[{"href":"https:\/\/crudo-leather.com\/de\/wp-json\/wp\/v2\/product\/289394"}],"collection":[{"href":"https:\/\/crudo-leather.com\/de\/wp-json\/wp\/v2\/product"}],"about":[{"href":"https:\/\/crudo-leather.com\/de\/wp-json\/wp\/v2\/types\/product"}],"replies":[{"embeddable":true,"href":"https:\/\/crudo-leather.com\/de\/wp-json\/wp\/v2\/comments?post=289394"}],"wp:featuredmedia":[{"embeddable":true,"href":"https:\/\/crudo-leather.com\/de\/wp-json\/wp\/v2\/media\/289400"}],"wp:attachment":[{"href":"https:\/\/crudo-leather.com\/de\/wp-json\/wp\/v2\/media?parent=289394"}],"wp:term":[{"taxonomy":"collection","embeddable":true,"href":"https:\/\/crudo-leather.com\/de\/wp-json\/wp\/v2\/collection?post=289394"},{"taxonomy":"trending_cat","embeddable":true,"href":"https:\/\/crudo-leather.com\/de\/wp-json\/wp\/v2\/trending_cat?post=289394"},{"taxonomy":"product_cat","embeddable":true,"href":"https:\/\/crudo-leather.com\/de\/wp-json\/wp\/v2\/product_cat?post=289394"},{"taxonomy":"product_tag","embeddable":true,"href":"https:\/\/crudo-leather.com\/de\/wp-json\/wp\/v2\/product_tag?post=289394"}],"curies":[{"name":"wp","href":"https:\/\/api.w.org\/{rel}","templated":true}]}}